{"id":35799,"date":"2024-10-15T08:31:35","date_gmt":"2024-10-15T07:31:35","guid":{"rendered":"https:\/\/inti.hr\/product\/kupaonski-ormaric-s-kosarom-za-rublje-40-x-40-x-802-cm\/"},"modified":"2024-10-15T08:31:35","modified_gmt":"2024-10-15T07:31:35","slug":"kupaonski-ormaric-s-kosarom-za-rublje-40-x-40-x-802-cm","status":"publish","type":"product","link":"https:\/\/inti.hr\/bs\/proizvod\/kupaonski-ormaric-s-kosarom-za-rublje-40-x-40-x-802-cm\/","title":{"rendered":"Kupaonski ormari\u0107 s ko\u0161arom za rublje"},"content":{"rendered":"<p>Detalji proizvoda:<br \/>\nBoja: oblak bijela<br \/>\nMaterijal: MDF (vlaknasta plo\u010da srednje gusto\u0107e), poliesterska tkanina<br \/>\nVeli\u010dina: 40 x 40 x 80,2 cm (D x \u0160 x V)<br \/>\nTe\u017eina: 12,4 kg<br \/>\nMaksimalna stati\u010dka nosivost pokrovne plo\u010de: 20 kg<br \/>\nMaksimalna stati\u010dka nosivost ladice: 10 kg<br \/>\nMaksimalna stati\u010dka nosivost ko\u0161are za rublje: 20 kg<\/p>\n","protected":false},"excerpt":{"rendered":"<p>Gornja plo\u010da i ladica omogu\u0107uju lak pristup va\u0161im predmetima; U ovaj &#8230; <\/p>\n","protected":false},"featured_media":35800,"template":"","meta":[],"product_cat":[2392],"product_tag":[2520,4602],"yoast_head":"<!-- This site is optimized with the Yoast SEO plugin v23.7 - https:\/\/yoast.com\/wordpress\/plugins\/seo\/ -->\n<title>Kupaonski ormari\u0107 s ko\u0161arom za rublje - Inti<\/title>\n<meta name=\"description\" content=\"Gornja plo\u010da i ladica omogu\u0107uju lak pristup va\u0161im predmetima; U ovaj kupaonski ormari\u0107 tako\u0111er mo\u017eete pohraniti svoje rublje. Vre\u0107a za rublje ima vodoodbojni premaz s unutarnje strane i lako se \u010disti. A povr\u0161ina ormari\u0107a? Jednostavno ih prebri\u0161ite krpom. Pokrovna plo\u010da s podignutim rubovima sprje\u010dava pad predmeta; Prilo\u017eeni ure\u0111aj protiv prevrtanja poma\u017ee pri\u010dvrstiti kupaonski ormari\u0107 na zid i pobolj\u0161ati stabilnost i sigurnost. Kada do\u0111e dan za pranje rublja, mo\u017eete lako izvaditi vre\u0107icu za rublje iz ormara i lako je prenijeti u perilicu zahvaljuju\u0107i dvostrukim ru\u010dkama. Ko\u0161ara za rublje je oja\u010dana trapezoidnim plo\u010dama i opremljena metalnim \u0161arkama, pru\u017eaju\u0107i \u010dvrstu potporu za rublje i dug vijek trajanja.\" \/>\n<meta name=\"robots\" content=\"index, follow, max-snippet:-1, max-image-preview:large, max-video-preview:-1\" \/>\n<link rel=\"canonical\" href=\"https:\/\/inti.hr\/bs\/proizvod\/kupaonski-ormaric-s-kosarom-za-rublje-40-x-40-x-802-cm\/\" \/>\n<meta property=\"og:locale\" content=\"bs_BA\" \/>\n<meta property=\"og:type\" content=\"article\" \/>\n<meta property=\"og:title\" content=\"Kupaonski ormari\u0107 s ko\u0161arom za rublje - Inti\" \/>\n<meta property=\"og:description\" content=\"Gornja plo\u010da i ladica omogu\u0107uju lak pristup va\u0161im predmetima; U ovaj kupaonski ormari\u0107 tako\u0111er mo\u017eete pohraniti svoje rublje. Vre\u0107a za rublje ima vodoodbojni premaz s unutarnje strane i lako se \u010disti. A povr\u0161ina ormari\u0107a? Jednostavno ih prebri\u0161ite krpom. Pokrovna plo\u010da s podignutim rubovima sprje\u010dava pad predmeta; Prilo\u017eeni ure\u0111aj protiv prevrtanja poma\u017ee pri\u010dvrstiti kupaonski ormari\u0107 na zid i pobolj\u0161ati stabilnost i sigurnost. Kada do\u0111e dan za pranje rublja, mo\u017eete lako izvaditi vre\u0107icu za rublje iz ormara i lako je prenijeti u perilicu zahvaljuju\u0107i dvostrukim ru\u010dkama. Ko\u0161ara za rublje je oja\u010dana trapezoidnim plo\u010dama i opremljena metalnim \u0161arkama, pru\u017eaju\u0107i \u010dvrstu potporu za rublje i dug vijek trajanja.\" \/>\n<meta property=\"og:url\" content=\"https:\/\/inti.hr\/bs\/proizvod\/kupaonski-ormaric-s-kosarom-za-rublje-40-x-40-x-802-cm\/\" \/>\n<meta property=\"og:site_name\" content=\"Inti\" \/>\n<meta property=\"og:image\" content=\"https:\/\/i0.wp.com\/inti.hr\/wp-content\/uploads\/2024\/10\/BBC741W01-1.jpg?fit=1000%2C1000&ssl=1\" \/>\n\t<meta property=\"og:image:width\" content=\"1000\" \/>\n\t<meta property=\"og:image:height\" content=\"1000\" \/>\n\t<meta property=\"og:image:type\" content=\"image\/jpeg\" \/>\n<meta name=\"twitter:card\" content=\"summary_large_image\" \/>\n<script type=\"application\/ld+json\" class=\"yoast-schema-graph\">{\"@context\":\"https:\/\/schema.org\",\"@graph\":[{\"@type\":\"WebPage\",\"@id\":\"https:\/\/inti.hr\/bs\/proizvod\/kupaonski-ormaric-s-kosarom-za-rublje-40-x-40-x-802-cm\/\",\"url\":\"https:\/\/inti.hr\/bs\/proizvod\/kupaonski-ormaric-s-kosarom-za-rublje-40-x-40-x-802-cm\/\",\"name\":\"Kupaonski ormari\u0107 s ko\u0161arom za rublje - Inti\",\"isPartOf\":{\"@id\":\"https:\/\/inti.hr\/bs\/#website\"},\"primaryImageOfPage\":{\"@id\":\"https:\/\/inti.hr\/bs\/proizvod\/kupaonski-ormaric-s-kosarom-za-rublje-40-x-40-x-802-cm\/#primaryimage\"},\"image\":{\"@id\":\"https:\/\/inti.hr\/bs\/proizvod\/kupaonski-ormaric-s-kosarom-za-rublje-40-x-40-x-802-cm\/#primaryimage\"},\"thumbnailUrl\":\"https:\/\/i0.wp.com\/inti.hr\/wp-content\/uploads\/2024\/10\/BBC741W01-1.jpg?fit=1000%2C1000&ssl=1\",\"datePublished\":\"2024-10-15T07:31:35+00:00\",\"dateModified\":\"2024-10-15T07:31:35+00:00\",\"description\":\"Gornja plo\u010da i ladica omogu\u0107uju lak pristup va\u0161im predmetima; U ovaj kupaonski ormari\u0107 tako\u0111er mo\u017eete pohraniti svoje rublje. Vre\u0107a za rublje ima vodoodbojni premaz s unutarnje strane i lako se \u010disti. A povr\u0161ina ormari\u0107a? Jednostavno ih prebri\u0161ite krpom. Pokrovna plo\u010da s podignutim rubovima sprje\u010dava pad predmeta; Prilo\u017eeni ure\u0111aj protiv prevrtanja poma\u017ee pri\u010dvrstiti kupaonski ormari\u0107 na zid i pobolj\u0161ati stabilnost i sigurnost. Kada do\u0111e dan za pranje rublja, mo\u017eete lako izvaditi vre\u0107icu za rublje iz ormara i lako je prenijeti u perilicu zahvaljuju\u0107i dvostrukim ru\u010dkama. Ko\u0161ara za rublje je oja\u010dana trapezoidnim plo\u010dama i opremljena metalnim \u0161arkama, pru\u017eaju\u0107i \u010dvrstu potporu za rublje i dug vijek trajanja.\",\"breadcrumb\":{\"@id\":\"https:\/\/inti.hr\/bs\/proizvod\/kupaonski-ormaric-s-kosarom-za-rublje-40-x-40-x-802-cm\/#breadcrumb\"},\"inLanguage\":\"bs-BA\",\"potentialAction\":[{\"@type\":\"ReadAction\",\"target\":[\"https:\/\/inti.hr\/bs\/proizvod\/kupaonski-ormaric-s-kosarom-za-rublje-40-x-40-x-802-cm\/\"]}]},{\"@type\":\"ImageObject\",\"inLanguage\":\"bs-BA\",\"@id\":\"https:\/\/inti.hr\/bs\/proizvod\/kupaonski-ormaric-s-kosarom-za-rublje-40-x-40-x-802-cm\/#primaryimage\",\"url\":\"https:\/\/i0.wp.com\/inti.hr\/wp-content\/uploads\/2024\/10\/BBC741W01-1.jpg?fit=1000%2C1000&ssl=1\",\"contentUrl\":\"https:\/\/i0.wp.com\/inti.hr\/wp-content\/uploads\/2024\/10\/BBC741W01-1.jpg?fit=1000%2C1000&ssl=1\",\"width\":1000,\"height\":1000,\"caption\":\"VASAGLE kupaonski ormari\u0107 s ko\u0161arom za rublje 40 x 40 x 80,2 cm\"},{\"@type\":\"BreadcrumbList\",\"@id\":\"https:\/\/inti.hr\/bs\/proizvod\/kupaonski-ormaric-s-kosarom-za-rublje-40-x-40-x-802-cm\/#breadcrumb\",\"itemListElement\":[{\"@type\":\"ListItem\",\"position\":1,\"name\":\"Po\u010detna stranica\",\"item\":\"https:\/\/inti.hr\/bs\/\"},{\"@type\":\"ListItem\",\"position\":2,\"name\":\"Trgovina\",\"item\":\"https:\/\/inti.hr\/bs\/trgovina\/\"},{\"@type\":\"ListItem\",\"position\":3,\"name\":\"Kupaonski ormari\u0107 s ko\u0161arom za rublje\"}]},{\"@type\":\"WebSite\",\"@id\":\"https:\/\/inti.hr\/bs\/#website\",\"url\":\"https:\/\/inti.hr\/bs\/\",\"name\":\"Inti\",\"description\":\"trgovina\",\"potentialAction\":[{\"@type\":\"SearchAction\",\"target\":{\"@type\":\"EntryPoint\",\"urlTemplate\":\"https:\/\/inti.hr\/bs\/?s={search_term_string}\"},\"query-input\":{\"@type\":\"PropertyValueSpecification\",\"valueRequired\":true,\"valueName\":\"search_term_string\"}}],\"inLanguage\":\"bs-BA\"}]}<\/script>\n<!-- \/ Yoast SEO plugin. -->","yoast_head_json":{"title":"Kupaonski ormari\u0107 s ko\u0161arom za rublje - Inti","description":"Gornja plo\u010da i ladica omogu\u0107uju lak pristup va\u0161im predmetima; U ovaj kupaonski ormari\u0107 tako\u0111er mo\u017eete pohraniti svoje rublje. Vre\u0107a za rublje ima vodoodbojni premaz s unutarnje strane i lako se \u010disti. A povr\u0161ina ormari\u0107a? Jednostavno ih prebri\u0161ite krpom. Pokrovna plo\u010da s podignutim rubovima sprje\u010dava pad predmeta; Prilo\u017eeni ure\u0111aj protiv prevrtanja poma\u017ee pri\u010dvrstiti kupaonski ormari\u0107 na zid i pobolj\u0161ati stabilnost i sigurnost. Kada do\u0111e dan za pranje rublja, mo\u017eete lako izvaditi vre\u0107icu za rublje iz ormara i lako je prenijeti u perilicu zahvaljuju\u0107i dvostrukim ru\u010dkama. Ko\u0161ara za rublje je oja\u010dana trapezoidnim plo\u010dama i opremljena metalnim \u0161arkama, pru\u017eaju\u0107i \u010dvrstu potporu za rublje i dug vijek trajanja.","robots":{"index":"index","follow":"follow","max-snippet":"max-snippet:-1","max-image-preview":"max-image-preview:large","max-video-preview":"max-video-preview:-1"},"canonical":"https:\/\/inti.hr\/bs\/proizvod\/kupaonski-ormaric-s-kosarom-za-rublje-40-x-40-x-802-cm\/","og_locale":"bs_BA","og_type":"article","og_title":"Kupaonski ormari\u0107 s ko\u0161arom za rublje - Inti","og_description":"Gornja plo\u010da i ladica omogu\u0107uju lak pristup va\u0161im predmetima; U ovaj kupaonski ormari\u0107 tako\u0111er mo\u017eete pohraniti svoje rublje. Vre\u0107a za rublje ima vodoodbojni premaz s unutarnje strane i lako se \u010disti. A povr\u0161ina ormari\u0107a? Jednostavno ih prebri\u0161ite krpom. Pokrovna plo\u010da s podignutim rubovima sprje\u010dava pad predmeta; Prilo\u017eeni ure\u0111aj protiv prevrtanja poma\u017ee pri\u010dvrstiti kupaonski ormari\u0107 na zid i pobolj\u0161ati stabilnost i sigurnost. Kada do\u0111e dan za pranje rublja, mo\u017eete lako izvaditi vre\u0107icu za rublje iz ormara i lako je prenijeti u perilicu zahvaljuju\u0107i dvostrukim ru\u010dkama. Ko\u0161ara za rublje je oja\u010dana trapezoidnim plo\u010dama i opremljena metalnim \u0161arkama, pru\u017eaju\u0107i \u010dvrstu potporu za rublje i dug vijek trajanja.","og_url":"https:\/\/inti.hr\/bs\/proizvod\/kupaonski-ormaric-s-kosarom-za-rublje-40-x-40-x-802-cm\/","og_site_name":"Inti","og_image":[{"width":1000,"height":1000,"url":"https:\/\/i0.wp.com\/inti.hr\/wp-content\/uploads\/2024\/10\/BBC741W01-1.jpg?fit=1000%2C1000&ssl=1","type":"image\/jpeg"}],"twitter_card":"summary_large_image","schema":{"@context":"https:\/\/schema.org","@graph":[{"@type":"WebPage","@id":"https:\/\/inti.hr\/bs\/proizvod\/kupaonski-ormaric-s-kosarom-za-rublje-40-x-40-x-802-cm\/","url":"https:\/\/inti.hr\/bs\/proizvod\/kupaonski-ormaric-s-kosarom-za-rublje-40-x-40-x-802-cm\/","name":"Kupaonski ormari\u0107 s ko\u0161arom za rublje - Inti","isPartOf":{"@id":"https:\/\/inti.hr\/bs\/#website"},"primaryImageOfPage":{"@id":"https:\/\/inti.hr\/bs\/proizvod\/kupaonski-ormaric-s-kosarom-za-rublje-40-x-40-x-802-cm\/#primaryimage"},"image":{"@id":"https:\/\/inti.hr\/bs\/proizvod\/kupaonski-ormaric-s-kosarom-za-rublje-40-x-40-x-802-cm\/#primaryimage"},"thumbnailUrl":"https:\/\/i0.wp.com\/inti.hr\/wp-content\/uploads\/2024\/10\/BBC741W01-1.jpg?fit=1000%2C1000&ssl=1","datePublished":"2024-10-15T07:31:35+00:00","dateModified":"2024-10-15T07:31:35+00:00","description":"Gornja plo\u010da i ladica omogu\u0107uju lak pristup va\u0161im predmetima; U ovaj kupaonski ormari\u0107 tako\u0111er mo\u017eete pohraniti svoje rublje. Vre\u0107a za rublje ima vodoodbojni premaz s unutarnje strane i lako se \u010disti. A povr\u0161ina ormari\u0107a? Jednostavno ih prebri\u0161ite krpom. Pokrovna plo\u010da s podignutim rubovima sprje\u010dava pad predmeta; Prilo\u017eeni ure\u0111aj protiv prevrtanja poma\u017ee pri\u010dvrstiti kupaonski ormari\u0107 na zid i pobolj\u0161ati stabilnost i sigurnost. Kada do\u0111e dan za pranje rublja, mo\u017eete lako izvaditi vre\u0107icu za rublje iz ormara i lako je prenijeti u perilicu zahvaljuju\u0107i dvostrukim ru\u010dkama. Ko\u0161ara za rublje je oja\u010dana trapezoidnim plo\u010dama i opremljena metalnim \u0161arkama, pru\u017eaju\u0107i \u010dvrstu potporu za rublje i dug vijek trajanja.","breadcrumb":{"@id":"https:\/\/inti.hr\/bs\/proizvod\/kupaonski-ormaric-s-kosarom-za-rublje-40-x-40-x-802-cm\/#breadcrumb"},"inLanguage":"bs-BA","potentialAction":[{"@type":"ReadAction","target":["https:\/\/inti.hr\/bs\/proizvod\/kupaonski-ormaric-s-kosarom-za-rublje-40-x-40-x-802-cm\/"]}]},{"@type":"ImageObject","inLanguage":"bs-BA","@id":"https:\/\/inti.hr\/bs\/proizvod\/kupaonski-ormaric-s-kosarom-za-rublje-40-x-40-x-802-cm\/#primaryimage","url":"https:\/\/i0.wp.com\/inti.hr\/wp-content\/uploads\/2024\/10\/BBC741W01-1.jpg?fit=1000%2C1000&ssl=1","contentUrl":"https:\/\/i0.wp.com\/inti.hr\/wp-content\/uploads\/2024\/10\/BBC741W01-1.jpg?fit=1000%2C1000&ssl=1","width":1000,"height":1000,"caption":"VASAGLE kupaonski ormari\u0107 s ko\u0161arom za rublje 40 x 40 x 80,2 cm"},{"@type":"BreadcrumbList","@id":"https:\/\/inti.hr\/bs\/proizvod\/kupaonski-ormaric-s-kosarom-za-rublje-40-x-40-x-802-cm\/#breadcrumb","itemListElement":[{"@type":"ListItem","position":1,"name":"Po\u010detna stranica","item":"https:\/\/inti.hr\/bs\/"},{"@type":"ListItem","position":2,"name":"Trgovina","item":"https:\/\/inti.hr\/bs\/trgovina\/"},{"@type":"ListItem","position":3,"name":"Kupaonski ormari\u0107 s ko\u0161arom za rublje"}]},{"@type":"WebSite","@id":"https:\/\/inti.hr\/bs\/#website","url":"https:\/\/inti.hr\/bs\/","name":"Inti","description":"trgovina","potentialAction":[{"@type":"SearchAction","target":{"@type":"EntryPoint","urlTemplate":"https:\/\/inti.hr\/bs\/?s={search_term_string}"},"query-input":{"@type":"PropertyValueSpecification","valueRequired":true,"valueName":"search_term_string"}}],"inLanguage":"bs-BA"}]}},"jetpack_sharing_enabled":true,"jetpack-related-posts":[],"_links":{"self":[{"href":"https:\/\/inti.hr\/bs\/wp-json\/wp\/v2\/product\/35799"}],"collection":[{"href":"https:\/\/inti.hr\/bs\/wp-json\/wp\/v2\/product"}],"about":[{"href":"https:\/\/inti.hr\/bs\/wp-json\/wp\/v2\/types\/product"}],"wp:featuredmedia":[{"embeddable":true,"href":"https:\/\/inti.hr\/bs\/wp-json\/wp\/v2\/media\/35800"}],"wp:attachment":[{"href":"https:\/\/inti.hr\/bs\/wp-json\/wp\/v2\/media?parent=35799"}],"wp:term":[{"taxonomy":"product_cat","embeddable":true,"href":"https:\/\/inti.hr\/bs\/wp-json\/wp\/v2\/product_cat?post=35799"},{"taxonomy":"product_tag","embeddable":true,"href":"https:\/\/inti.hr\/bs\/wp-json\/wp\/v2\/product_tag?post=35799"}],"curies":[{"name":"wp","href":"https:\/\/api.w.org\/{rel}","templated":true}]}}