{"id":35807,"date":"2024-10-14T14:56:42","date_gmt":"2024-10-14T13:56:42","guid":{"rendered":"https:\/\/inti.hr\/product\/kupaonski-ormaric-s-kosarom-za-rublje-40-x-40-x-170-cm\/"},"modified":"2024-10-14T14:56:42","modified_gmt":"2024-10-14T13:56:42","slug":"kupaonski-ormaric-s-kosarom-za-rublje-40-x-40-x-170-cm","status":"publish","type":"product","link":"https:\/\/inti.hr\/bs\/proizvod\/kupaonski-ormaric-s-kosarom-za-rublje-40-x-40-x-170-cm\/","title":{"rendered":"Kupaonski ormari\u0107 s ko\u0161arom za rublje 40 x 40 x 170 cm"},"content":{"rendered":"<p>Detalji proizvoda:<br \/>\nBoja: oblak bijela, siva<br \/>\nMaterijal: MDF (vlaknasta plo\u010da srednje gusto\u0107e), poliesterska tkanina<br \/>\nVeli\u010dina: 40 x 40 x 170 cm (D x \u0160 x V)<br \/>\nTe\u017eina: 24 kg<br \/>\nStati\u010dka nosivost police: 20 kg<br \/>\nStati\u010dka nosivost ladice: 20 kg<br \/>\nStati\u010dka nosivost ko\u0161are za rublje: 20 kg<\/p>\n","protected":false},"excerpt":{"rendered":"<p>Ormari\u0107 sadr\u017ei policu s podignutim rubovima, ormari\u0107 za skrivanje predmeta, otvorenu &#8230; <\/p>\n","protected":false},"featured_media":35808,"template":"","meta":[],"product_cat":[2392],"product_tag":[2520,4608],"yoast_head":"<!-- This site is optimized with the Yoast SEO plugin v23.7 - https:\/\/yoast.com\/wordpress\/plugins\/seo\/ -->\n<title>Kupaonski ormari\u0107 s ko\u0161arom za rublje 40 x 40 x 170 cm - Inti<\/title>\n<meta name=\"description\" content=\"Ormari\u0107 sadr\u017ei policu s podignutim rubovima, ormari\u0107 za skrivanje predmeta, otvorenu policu za \u010desto kori\u0161tene predmete i ko\u0161aru za rublje. Vre\u0107a za rublje ima vodoodbojni premaz s unutarnje strane i lako se \u010disti. A povr\u0161ina ormari\u0107a? Jednostavno ih obri\u0161ite krpom. Polica iza vrata mo\u017ee se podesiti na 5 visina i sprema predmete razli\u010ditih veli\u010dina; Vrata se mogu montirati na lijevu ili desnu stranu prema va\u0161em prostoru. Kada do\u0111e dan za pranje rublja, mo\u017eete lako izvaditi vre\u0107icu za rublje iz ormara i lako je prenijeti u perilicu zahvaljuju\u0107i dvostrukim ru\u010dkama. S trapezoidnim plo\u010dama i metalnim \u0161arkama, ko\u0161ara za rublje je \u010dvrsta i izdr\u017eljiva; Prilo\u017eeni ure\u0111aj protiv prevrtanja poma\u017ee pri\u010dvrstiti ormari\u0107 na zid i pove\u0107ava sigurnost.\u00a0\" \/>\n<meta name=\"robots\" content=\"index, follow, max-snippet:-1, max-image-preview:large, max-video-preview:-1\" \/>\n<link rel=\"canonical\" href=\"https:\/\/inti.hr\/bs\/proizvod\/kupaonski-ormaric-s-kosarom-za-rublje-40-x-40-x-170-cm\/\" \/>\n<meta property=\"og:locale\" content=\"bs_BA\" \/>\n<meta property=\"og:type\" content=\"article\" \/>\n<meta property=\"og:title\" content=\"Kupaonski ormari\u0107 s ko\u0161arom za rublje 40 x 40 x 170 cm - Inti\" \/>\n<meta property=\"og:description\" content=\"Ormari\u0107 sadr\u017ei policu s podignutim rubovima, ormari\u0107 za skrivanje predmeta, otvorenu policu za \u010desto kori\u0161tene predmete i ko\u0161aru za rublje. Vre\u0107a za rublje ima vodoodbojni premaz s unutarnje strane i lako se \u010disti. A povr\u0161ina ormari\u0107a? Jednostavno ih obri\u0161ite krpom. Polica iza vrata mo\u017ee se podesiti na 5 visina i sprema predmete razli\u010ditih veli\u010dina; Vrata se mogu montirati na lijevu ili desnu stranu prema va\u0161em prostoru. Kada do\u0111e dan za pranje rublja, mo\u017eete lako izvaditi vre\u0107icu za rublje iz ormara i lako je prenijeti u perilicu zahvaljuju\u0107i dvostrukim ru\u010dkama. S trapezoidnim plo\u010dama i metalnim \u0161arkama, ko\u0161ara za rublje je \u010dvrsta i izdr\u017eljiva; Prilo\u017eeni ure\u0111aj protiv prevrtanja poma\u017ee pri\u010dvrstiti ormari\u0107 na zid i pove\u0107ava sigurnost.\u00a0\" \/>\n<meta property=\"og:url\" content=\"https:\/\/inti.hr\/bs\/proizvod\/kupaonski-ormaric-s-kosarom-za-rublje-40-x-40-x-170-cm\/\" \/>\n<meta property=\"og:site_name\" content=\"Inti\" \/>\n<meta property=\"og:image\" content=\"https:\/\/i0.wp.com\/inti.hr\/wp-content\/uploads\/2024\/10\/BBC761W01-2.jpg?fit=800%2C1000&ssl=1\" \/>\n\t<meta property=\"og:image:width\" content=\"800\" \/>\n\t<meta property=\"og:image:height\" content=\"1000\" \/>\n\t<meta property=\"og:image:type\" content=\"image\/jpeg\" \/>\n<meta name=\"twitter:card\" content=\"summary_large_image\" \/>\n<script type=\"application\/ld+json\" class=\"yoast-schema-graph\">{\"@context\":\"https:\/\/schema.org\",\"@graph\":[{\"@type\":\"WebPage\",\"@id\":\"https:\/\/inti.hr\/bs\/proizvod\/kupaonski-ormaric-s-kosarom-za-rublje-40-x-40-x-170-cm\/\",\"url\":\"https:\/\/inti.hr\/bs\/proizvod\/kupaonski-ormaric-s-kosarom-za-rublje-40-x-40-x-170-cm\/\",\"name\":\"Kupaonski ormari\u0107 s ko\u0161arom za rublje 40 x 40 x 170 cm - Inti\",\"isPartOf\":{\"@id\":\"https:\/\/inti.hr\/bs\/#website\"},\"primaryImageOfPage\":{\"@id\":\"https:\/\/inti.hr\/bs\/proizvod\/kupaonski-ormaric-s-kosarom-za-rublje-40-x-40-x-170-cm\/#primaryimage\"},\"image\":{\"@id\":\"https:\/\/inti.hr\/bs\/proizvod\/kupaonski-ormaric-s-kosarom-za-rublje-40-x-40-x-170-cm\/#primaryimage\"},\"thumbnailUrl\":\"https:\/\/i0.wp.com\/inti.hr\/wp-content\/uploads\/2024\/10\/BBC761W01-2.jpg?fit=800%2C1000&ssl=1\",\"datePublished\":\"2024-10-14T13:56:42+00:00\",\"dateModified\":\"2024-10-14T13:56:42+00:00\",\"description\":\"Ormari\u0107 sadr\u017ei policu s podignutim rubovima, ormari\u0107 za skrivanje predmeta, otvorenu policu za \u010desto kori\u0161tene predmete i ko\u0161aru za rublje. Vre\u0107a za rublje ima vodoodbojni premaz s unutarnje strane i lako se \u010disti. A povr\u0161ina ormari\u0107a? Jednostavno ih obri\u0161ite krpom. Polica iza vrata mo\u017ee se podesiti na 5 visina i sprema predmete razli\u010ditih veli\u010dina; Vrata se mogu montirati na lijevu ili desnu stranu prema va\u0161em prostoru. Kada do\u0111e dan za pranje rublja, mo\u017eete lako izvaditi vre\u0107icu za rublje iz ormara i lako je prenijeti u perilicu zahvaljuju\u0107i dvostrukim ru\u010dkama. S trapezoidnim plo\u010dama i metalnim \u0161arkama, ko\u0161ara za rublje je \u010dvrsta i izdr\u017eljiva; Prilo\u017eeni ure\u0111aj protiv prevrtanja poma\u017ee pri\u010dvrstiti ormari\u0107 na zid i pove\u0107ava sigurnost.\u00a0\",\"breadcrumb\":{\"@id\":\"https:\/\/inti.hr\/bs\/proizvod\/kupaonski-ormaric-s-kosarom-za-rublje-40-x-40-x-170-cm\/#breadcrumb\"},\"inLanguage\":\"bs-BA\",\"potentialAction\":[{\"@type\":\"ReadAction\",\"target\":[\"https:\/\/inti.hr\/bs\/proizvod\/kupaonski-ormaric-s-kosarom-za-rublje-40-x-40-x-170-cm\/\"]}]},{\"@type\":\"ImageObject\",\"inLanguage\":\"bs-BA\",\"@id\":\"https:\/\/inti.hr\/bs\/proizvod\/kupaonski-ormaric-s-kosarom-za-rublje-40-x-40-x-170-cm\/#primaryimage\",\"url\":\"https:\/\/i0.wp.com\/inti.hr\/wp-content\/uploads\/2024\/10\/BBC761W01-2.jpg?fit=800%2C1000&ssl=1\",\"contentUrl\":\"https:\/\/i0.wp.com\/inti.hr\/wp-content\/uploads\/2024\/10\/BBC761W01-2.jpg?fit=800%2C1000&ssl=1\",\"width\":800,\"height\":1000,\"caption\":\"VASAGLE kupaonski ormari\u0107 s ko\u0161arom za rublje 40 x 40 x 170 cm\"},{\"@type\":\"BreadcrumbList\",\"@id\":\"https:\/\/inti.hr\/bs\/proizvod\/kupaonski-ormaric-s-kosarom-za-rublje-40-x-40-x-170-cm\/#breadcrumb\",\"itemListElement\":[{\"@type\":\"ListItem\",\"position\":1,\"name\":\"Po\u010detna stranica\",\"item\":\"https:\/\/inti.hr\/bs\/\"},{\"@type\":\"ListItem\",\"position\":2,\"name\":\"Trgovina\",\"item\":\"https:\/\/inti.hr\/bs\/trgovina\/\"},{\"@type\":\"ListItem\",\"position\":3,\"name\":\"Kupaonski ormari\u0107 s ko\u0161arom za rublje 40 x 40 x 170 cm\"}]},{\"@type\":\"WebSite\",\"@id\":\"https:\/\/inti.hr\/bs\/#website\",\"url\":\"https:\/\/inti.hr\/bs\/\",\"name\":\"Inti\",\"description\":\"trgovina\",\"potentialAction\":[{\"@type\":\"SearchAction\",\"target\":{\"@type\":\"EntryPoint\",\"urlTemplate\":\"https:\/\/inti.hr\/bs\/?s={search_term_string}\"},\"query-input\":{\"@type\":\"PropertyValueSpecification\",\"valueRequired\":true,\"valueName\":\"search_term_string\"}}],\"inLanguage\":\"bs-BA\"}]}<\/script>\n<!-- \/ Yoast SEO plugin. -->","yoast_head_json":{"title":"Kupaonski ormari\u0107 s ko\u0161arom za rublje 40 x 40 x 170 cm - Inti","description":"Ormari\u0107 sadr\u017ei policu s podignutim rubovima, ormari\u0107 za skrivanje predmeta, otvorenu policu za \u010desto kori\u0161tene predmete i ko\u0161aru za rublje. Vre\u0107a za rublje ima vodoodbojni premaz s unutarnje strane i lako se \u010disti. A povr\u0161ina ormari\u0107a? Jednostavno ih obri\u0161ite krpom. Polica iza vrata mo\u017ee se podesiti na 5 visina i sprema predmete razli\u010ditih veli\u010dina; Vrata se mogu montirati na lijevu ili desnu stranu prema va\u0161em prostoru. Kada do\u0111e dan za pranje rublja, mo\u017eete lako izvaditi vre\u0107icu za rublje iz ormara i lako je prenijeti u perilicu zahvaljuju\u0107i dvostrukim ru\u010dkama. S trapezoidnim plo\u010dama i metalnim \u0161arkama, ko\u0161ara za rublje je \u010dvrsta i izdr\u017eljiva; Prilo\u017eeni ure\u0111aj protiv prevrtanja poma\u017ee pri\u010dvrstiti ormari\u0107 na zid i pove\u0107ava sigurnost.\u00a0","robots":{"index":"index","follow":"follow","max-snippet":"max-snippet:-1","max-image-preview":"max-image-preview:large","max-video-preview":"max-video-preview:-1"},"canonical":"https:\/\/inti.hr\/bs\/proizvod\/kupaonski-ormaric-s-kosarom-za-rublje-40-x-40-x-170-cm\/","og_locale":"bs_BA","og_type":"article","og_title":"Kupaonski ormari\u0107 s ko\u0161arom za rublje 40 x 40 x 170 cm - Inti","og_description":"Ormari\u0107 sadr\u017ei policu s podignutim rubovima, ormari\u0107 za skrivanje predmeta, otvorenu policu za \u010desto kori\u0161tene predmete i ko\u0161aru za rublje. Vre\u0107a za rublje ima vodoodbojni premaz s unutarnje strane i lako se \u010disti. A povr\u0161ina ormari\u0107a? Jednostavno ih obri\u0161ite krpom. Polica iza vrata mo\u017ee se podesiti na 5 visina i sprema predmete razli\u010ditih veli\u010dina; Vrata se mogu montirati na lijevu ili desnu stranu prema va\u0161em prostoru. Kada do\u0111e dan za pranje rublja, mo\u017eete lako izvaditi vre\u0107icu za rublje iz ormara i lako je prenijeti u perilicu zahvaljuju\u0107i dvostrukim ru\u010dkama. S trapezoidnim plo\u010dama i metalnim \u0161arkama, ko\u0161ara za rublje je \u010dvrsta i izdr\u017eljiva; Prilo\u017eeni ure\u0111aj protiv prevrtanja poma\u017ee pri\u010dvrstiti ormari\u0107 na zid i pove\u0107ava sigurnost.\u00a0","og_url":"https:\/\/inti.hr\/bs\/proizvod\/kupaonski-ormaric-s-kosarom-za-rublje-40-x-40-x-170-cm\/","og_site_name":"Inti","og_image":[{"width":800,"height":1000,"url":"https:\/\/i0.wp.com\/inti.hr\/wp-content\/uploads\/2024\/10\/BBC761W01-2.jpg?fit=800%2C1000&ssl=1","type":"image\/jpeg"}],"twitter_card":"summary_large_image","schema":{"@context":"https:\/\/schema.org","@graph":[{"@type":"WebPage","@id":"https:\/\/inti.hr\/bs\/proizvod\/kupaonski-ormaric-s-kosarom-za-rublje-40-x-40-x-170-cm\/","url":"https:\/\/inti.hr\/bs\/proizvod\/kupaonski-ormaric-s-kosarom-za-rublje-40-x-40-x-170-cm\/","name":"Kupaonski ormari\u0107 s ko\u0161arom za rublje 40 x 40 x 170 cm - Inti","isPartOf":{"@id":"https:\/\/inti.hr\/bs\/#website"},"primaryImageOfPage":{"@id":"https:\/\/inti.hr\/bs\/proizvod\/kupaonski-ormaric-s-kosarom-za-rublje-40-x-40-x-170-cm\/#primaryimage"},"image":{"@id":"https:\/\/inti.hr\/bs\/proizvod\/kupaonski-ormaric-s-kosarom-za-rublje-40-x-40-x-170-cm\/#primaryimage"},"thumbnailUrl":"https:\/\/i0.wp.com\/inti.hr\/wp-content\/uploads\/2024\/10\/BBC761W01-2.jpg?fit=800%2C1000&ssl=1","datePublished":"2024-10-14T13:56:42+00:00","dateModified":"2024-10-14T13:56:42+00:00","description":"Ormari\u0107 sadr\u017ei policu s podignutim rubovima, ormari\u0107 za skrivanje predmeta, otvorenu policu za \u010desto kori\u0161tene predmete i ko\u0161aru za rublje. Vre\u0107a za rublje ima vodoodbojni premaz s unutarnje strane i lako se \u010disti. A povr\u0161ina ormari\u0107a? Jednostavno ih obri\u0161ite krpom. Polica iza vrata mo\u017ee se podesiti na 5 visina i sprema predmete razli\u010ditih veli\u010dina; Vrata se mogu montirati na lijevu ili desnu stranu prema va\u0161em prostoru. Kada do\u0111e dan za pranje rublja, mo\u017eete lako izvaditi vre\u0107icu za rublje iz ormara i lako je prenijeti u perilicu zahvaljuju\u0107i dvostrukim ru\u010dkama. S trapezoidnim plo\u010dama i metalnim \u0161arkama, ko\u0161ara za rublje je \u010dvrsta i izdr\u017eljiva; Prilo\u017eeni ure\u0111aj protiv prevrtanja poma\u017ee pri\u010dvrstiti ormari\u0107 na zid i pove\u0107ava sigurnost.\u00a0","breadcrumb":{"@id":"https:\/\/inti.hr\/bs\/proizvod\/kupaonski-ormaric-s-kosarom-za-rublje-40-x-40-x-170-cm\/#breadcrumb"},"inLanguage":"bs-BA","potentialAction":[{"@type":"ReadAction","target":["https:\/\/inti.hr\/bs\/proizvod\/kupaonski-ormaric-s-kosarom-za-rublje-40-x-40-x-170-cm\/"]}]},{"@type":"ImageObject","inLanguage":"bs-BA","@id":"https:\/\/inti.hr\/bs\/proizvod\/kupaonski-ormaric-s-kosarom-za-rublje-40-x-40-x-170-cm\/#primaryimage","url":"https:\/\/i0.wp.com\/inti.hr\/wp-content\/uploads\/2024\/10\/BBC761W01-2.jpg?fit=800%2C1000&ssl=1","contentUrl":"https:\/\/i0.wp.com\/inti.hr\/wp-content\/uploads\/2024\/10\/BBC761W01-2.jpg?fit=800%2C1000&ssl=1","width":800,"height":1000,"caption":"VASAGLE kupaonski ormari\u0107 s ko\u0161arom za rublje 40 x 40 x 170 cm"},{"@type":"BreadcrumbList","@id":"https:\/\/inti.hr\/bs\/proizvod\/kupaonski-ormaric-s-kosarom-za-rublje-40-x-40-x-170-cm\/#breadcrumb","itemListElement":[{"@type":"ListItem","position":1,"name":"Po\u010detna stranica","item":"https:\/\/inti.hr\/bs\/"},{"@type":"ListItem","position":2,"name":"Trgovina","item":"https:\/\/inti.hr\/bs\/trgovina\/"},{"@type":"ListItem","position":3,"name":"Kupaonski ormari\u0107 s ko\u0161arom za rublje 40 x 40 x 170 cm"}]},{"@type":"WebSite","@id":"https:\/\/inti.hr\/bs\/#website","url":"https:\/\/inti.hr\/bs\/","name":"Inti","description":"trgovina","potentialAction":[{"@type":"SearchAction","target":{"@type":"EntryPoint","urlTemplate":"https:\/\/inti.hr\/bs\/?s={search_term_string}"},"query-input":{"@type":"PropertyValueSpecification","valueRequired":true,"valueName":"search_term_string"}}],"inLanguage":"bs-BA"}]}},"jetpack_sharing_enabled":true,"jetpack-related-posts":[],"_links":{"self":[{"href":"https:\/\/inti.hr\/bs\/wp-json\/wp\/v2\/product\/35807"}],"collection":[{"href":"https:\/\/inti.hr\/bs\/wp-json\/wp\/v2\/product"}],"about":[{"href":"https:\/\/inti.hr\/bs\/wp-json\/wp\/v2\/types\/product"}],"wp:featuredmedia":[{"embeddable":true,"href":"https:\/\/inti.hr\/bs\/wp-json\/wp\/v2\/media\/35808"}],"wp:attachment":[{"href":"https:\/\/inti.hr\/bs\/wp-json\/wp\/v2\/media?parent=35807"}],"wp:term":[{"taxonomy":"product_cat","embeddable":true,"href":"https:\/\/inti.hr\/bs\/wp-json\/wp\/v2\/product_cat?post=35807"},{"taxonomy":"product_tag","embeddable":true,"href":"https:\/\/inti.hr\/bs\/wp-json\/wp\/v2\/product_tag?post=35807"}],"curies":[{"name":"wp","href":"https:\/\/api.w.org\/{rel}","templated":true}]}}