{"id":35893,"date":"2024-10-08T09:35:48","date_gmt":"2024-10-08T08:35:48","guid":{"rendered":"https:\/\/inti.hr\/product\/kucica-za-macke-s-dvostrukim-vratima-i-ruckama\/"},"modified":"2024-10-08T09:35:48","modified_gmt":"2024-10-08T08:35:48","slug":"kucica-za-macke-s-dvostrukim-vratima-i-ruckama","status":"publish","type":"product","link":"https:\/\/inti.hr\/bs\/proizvod\/kucica-za-macke-s-dvostrukim-vratima-i-ruckama\/","title":{"rendered":"Ku\u0107ica za ma\u010dke s dvostrukim vratima i ru\u010dkama"},"content":{"rendered":"<p>Detalji proizvoda:<br \/>\nBoja: oblak bijela<br \/>\nMaterijal: iverica<br \/>\nVeli\u010dina: 85 x 48,5 x 50 cm (D x \u0160 x V)<br \/>\nTe\u017eina: 16,3 kg<br \/>\nMaksimalna stati\u010dka nosivost gornje plo\u010de: 75 kg<\/p>\n","protected":false},"excerpt":{"rendered":"<p>S povr\u0161inom bijele poput oblaka, ovaj ormari\u0107 s pijeskom za ma\u010dke &#8230; <\/p>\n","protected":false},"featured_media":35894,"template":"","meta":[],"product_cat":[2400],"product_tag":[4632,2644],"yoast_head":"<!-- This site is optimized with the Yoast SEO plugin v23.7 - https:\/\/yoast.com\/wordpress\/plugins\/seo\/ -->\n<title>Ku\u0107ica za ma\u010dke s dvostrukim vratima i ru\u010dkama - Inti<\/title>\n<meta name=\"description\" content=\"S povr\u0161inom bijele poput oblaka, ovaj ormari\u0107 s pijeskom za ma\u010dke lako se uklapa u ve\u0107inu \u017eivotnih stilova i pretvara mirno mjesto va\u0161e ma\u010dke u pravi privla\u010dan pogled. S dimenzijama 59 x 45 x 47 cm, unutra\u0161njost stane u ve\u0107inu kutija s pijeskom i savr\u0161ena je za velike pasmine ma\u010daka kao \u0161to su Maine Coon ma\u010dke. Izra\u0111ena od vrhunske iverice, gornja plo\u010da ormari\u0107a nosi do 75 kg. Ne brinite o sastavljanju. Uz jasne upute i ozna\u010dene dijelove, mo\u017eete ga postaviti u samo 20 minuta kako bi se va\u0161a ma\u010dka odmah uselila u svoj novi dom. Zatvoreni prostor va\u0161oj ma\u010dki nudi privatnost, dok dvostruka vrata dr\u017ee podalje znati\u017eeljne pse\u0107e prijatelje i smanjuju ispadanje ma\u010djeg pijeska. Stavite kutiju s pijeskom unutra da sakrijete nered, stavite krevet za ma\u010dku unutra da napravite udobnu ku\u0107icu za ma\u010dke, postavite na nju prekrasne biljke da uljep\u0161ate svoj dom - nudi vam beskrajne mogu\u0107nosti.\" \/>\n<meta name=\"robots\" content=\"index, follow, max-snippet:-1, max-image-preview:large, max-video-preview:-1\" \/>\n<link rel=\"canonical\" href=\"https:\/\/inti.hr\/bs\/proizvod\/kucica-za-macke-s-dvostrukim-vratima-i-ruckama\/\" \/>\n<meta property=\"og:locale\" content=\"bs_BA\" \/>\n<meta property=\"og:type\" content=\"article\" \/>\n<meta property=\"og:title\" content=\"Ku\u0107ica za ma\u010dke s dvostrukim vratima i ru\u010dkama - Inti\" \/>\n<meta property=\"og:description\" content=\"S povr\u0161inom bijele poput oblaka, ovaj ormari\u0107 s pijeskom za ma\u010dke lako se uklapa u ve\u0107inu \u017eivotnih stilova i pretvara mirno mjesto va\u0161e ma\u010dke u pravi privla\u010dan pogled. S dimenzijama 59 x 45 x 47 cm, unutra\u0161njost stane u ve\u0107inu kutija s pijeskom i savr\u0161ena je za velike pasmine ma\u010daka kao \u0161to su Maine Coon ma\u010dke. Izra\u0111ena od vrhunske iverice, gornja plo\u010da ormari\u0107a nosi do 75 kg. Ne brinite o sastavljanju. Uz jasne upute i ozna\u010dene dijelove, mo\u017eete ga postaviti u samo 20 minuta kako bi se va\u0161a ma\u010dka odmah uselila u svoj novi dom. Zatvoreni prostor va\u0161oj ma\u010dki nudi privatnost, dok dvostruka vrata dr\u017ee podalje znati\u017eeljne pse\u0107e prijatelje i smanjuju ispadanje ma\u010djeg pijeska. Stavite kutiju s pijeskom unutra da sakrijete nered, stavite krevet za ma\u010dku unutra da napravite udobnu ku\u0107icu za ma\u010dke, postavite na nju prekrasne biljke da uljep\u0161ate svoj dom - nudi vam beskrajne mogu\u0107nosti.\" \/>\n<meta property=\"og:url\" content=\"https:\/\/inti.hr\/bs\/proizvod\/kucica-za-macke-s-dvostrukim-vratima-i-ruckama\/\" \/>\n<meta property=\"og:site_name\" content=\"Inti\" \/>\n<meta property=\"og:image\" content=\"https:\/\/i0.wp.com\/inti.hr\/wp-content\/uploads\/2024\/10\/PCL012W01-1-1.jpg?fit=1000%2C1000&ssl=1\" \/>\n\t<meta property=\"og:image:width\" content=\"1000\" \/>\n\t<meta property=\"og:image:height\" content=\"1000\" \/>\n\t<meta property=\"og:image:type\" content=\"image\/jpeg\" \/>\n<meta name=\"twitter:card\" content=\"summary_large_image\" \/>\n<script type=\"application\/ld+json\" class=\"yoast-schema-graph\">{\"@context\":\"https:\/\/schema.org\",\"@graph\":[{\"@type\":\"WebPage\",\"@id\":\"https:\/\/inti.hr\/bs\/proizvod\/kucica-za-macke-s-dvostrukim-vratima-i-ruckama\/\",\"url\":\"https:\/\/inti.hr\/bs\/proizvod\/kucica-za-macke-s-dvostrukim-vratima-i-ruckama\/\",\"name\":\"Ku\u0107ica za ma\u010dke s dvostrukim vratima i ru\u010dkama - Inti\",\"isPartOf\":{\"@id\":\"https:\/\/inti.hr\/bs\/#website\"},\"primaryImageOfPage\":{\"@id\":\"https:\/\/inti.hr\/bs\/proizvod\/kucica-za-macke-s-dvostrukim-vratima-i-ruckama\/#primaryimage\"},\"image\":{\"@id\":\"https:\/\/inti.hr\/bs\/proizvod\/kucica-za-macke-s-dvostrukim-vratima-i-ruckama\/#primaryimage\"},\"thumbnailUrl\":\"https:\/\/i0.wp.com\/inti.hr\/wp-content\/uploads\/2024\/10\/PCL012W01-1-1.jpg?fit=1000%2C1000&ssl=1\",\"datePublished\":\"2024-10-08T08:35:48+00:00\",\"dateModified\":\"2024-10-08T08:35:48+00:00\",\"description\":\"S povr\u0161inom bijele poput oblaka, ovaj ormari\u0107 s pijeskom za ma\u010dke lako se uklapa u ve\u0107inu \u017eivotnih stilova i pretvara mirno mjesto va\u0161e ma\u010dke u pravi privla\u010dan pogled. S dimenzijama 59 x 45 x 47 cm, unutra\u0161njost stane u ve\u0107inu kutija s pijeskom i savr\u0161ena je za velike pasmine ma\u010daka kao \u0161to su Maine Coon ma\u010dke. Izra\u0111ena od vrhunske iverice, gornja plo\u010da ormari\u0107a nosi do 75 kg. Ne brinite o sastavljanju. Uz jasne upute i ozna\u010dene dijelove, mo\u017eete ga postaviti u samo 20 minuta kako bi se va\u0161a ma\u010dka odmah uselila u svoj novi dom. Zatvoreni prostor va\u0161oj ma\u010dki nudi privatnost, dok dvostruka vrata dr\u017ee podalje znati\u017eeljne pse\u0107e prijatelje i smanjuju ispadanje ma\u010djeg pijeska. Stavite kutiju s pijeskom unutra da sakrijete nered, stavite krevet za ma\u010dku unutra da napravite udobnu ku\u0107icu za ma\u010dke, postavite na nju prekrasne biljke da uljep\u0161ate svoj dom - nudi vam beskrajne mogu\u0107nosti.\",\"breadcrumb\":{\"@id\":\"https:\/\/inti.hr\/bs\/proizvod\/kucica-za-macke-s-dvostrukim-vratima-i-ruckama\/#breadcrumb\"},\"inLanguage\":\"bs-BA\",\"potentialAction\":[{\"@type\":\"ReadAction\",\"target\":[\"https:\/\/inti.hr\/bs\/proizvod\/kucica-za-macke-s-dvostrukim-vratima-i-ruckama\/\"]}]},{\"@type\":\"ImageObject\",\"inLanguage\":\"bs-BA\",\"@id\":\"https:\/\/inti.hr\/bs\/proizvod\/kucica-za-macke-s-dvostrukim-vratima-i-ruckama\/#primaryimage\",\"url\":\"https:\/\/i0.wp.com\/inti.hr\/wp-content\/uploads\/2024\/10\/PCL012W01-1-1.jpg?fit=1000%2C1000&ssl=1\",\"contentUrl\":\"https:\/\/i0.wp.com\/inti.hr\/wp-content\/uploads\/2024\/10\/PCL012W01-1-1.jpg?fit=1000%2C1000&ssl=1\",\"width\":1000,\"height\":1000,\"caption\":\"Feandrea ku\u0107ica za ma\u010dke s dvostrukim vratima i ru\u010dkama u bijeloj boji\"},{\"@type\":\"BreadcrumbList\",\"@id\":\"https:\/\/inti.hr\/bs\/proizvod\/kucica-za-macke-s-dvostrukim-vratima-i-ruckama\/#breadcrumb\",\"itemListElement\":[{\"@type\":\"ListItem\",\"position\":1,\"name\":\"Po\u010detna stranica\",\"item\":\"https:\/\/inti.hr\/bs\/\"},{\"@type\":\"ListItem\",\"position\":2,\"name\":\"Trgovina\",\"item\":\"https:\/\/inti.hr\/bs\/trgovina\/\"},{\"@type\":\"ListItem\",\"position\":3,\"name\":\"Ku\u0107ica za ma\u010dke s dvostrukim vratima i ru\u010dkama\"}]},{\"@type\":\"WebSite\",\"@id\":\"https:\/\/inti.hr\/bs\/#website\",\"url\":\"https:\/\/inti.hr\/bs\/\",\"name\":\"Inti\",\"description\":\"trgovina\",\"potentialAction\":[{\"@type\":\"SearchAction\",\"target\":{\"@type\":\"EntryPoint\",\"urlTemplate\":\"https:\/\/inti.hr\/bs\/?s={search_term_string}\"},\"query-input\":{\"@type\":\"PropertyValueSpecification\",\"valueRequired\":true,\"valueName\":\"search_term_string\"}}],\"inLanguage\":\"bs-BA\"}]}<\/script>\n<!-- \/ Yoast SEO plugin. -->","yoast_head_json":{"title":"Ku\u0107ica za ma\u010dke s dvostrukim vratima i ru\u010dkama - Inti","description":"S povr\u0161inom bijele poput oblaka, ovaj ormari\u0107 s pijeskom za ma\u010dke lako se uklapa u ve\u0107inu \u017eivotnih stilova i pretvara mirno mjesto va\u0161e ma\u010dke u pravi privla\u010dan pogled. S dimenzijama 59 x 45 x 47 cm, unutra\u0161njost stane u ve\u0107inu kutija s pijeskom i savr\u0161ena je za velike pasmine ma\u010daka kao \u0161to su Maine Coon ma\u010dke. Izra\u0111ena od vrhunske iverice, gornja plo\u010da ormari\u0107a nosi do 75 kg. Ne brinite o sastavljanju. Uz jasne upute i ozna\u010dene dijelove, mo\u017eete ga postaviti u samo 20 minuta kako bi se va\u0161a ma\u010dka odmah uselila u svoj novi dom. Zatvoreni prostor va\u0161oj ma\u010dki nudi privatnost, dok dvostruka vrata dr\u017ee podalje znati\u017eeljne pse\u0107e prijatelje i smanjuju ispadanje ma\u010djeg pijeska. Stavite kutiju s pijeskom unutra da sakrijete nered, stavite krevet za ma\u010dku unutra da napravite udobnu ku\u0107icu za ma\u010dke, postavite na nju prekrasne biljke da uljep\u0161ate svoj dom - nudi vam beskrajne mogu\u0107nosti.","robots":{"index":"index","follow":"follow","max-snippet":"max-snippet:-1","max-image-preview":"max-image-preview:large","max-video-preview":"max-video-preview:-1"},"canonical":"https:\/\/inti.hr\/bs\/proizvod\/kucica-za-macke-s-dvostrukim-vratima-i-ruckama\/","og_locale":"bs_BA","og_type":"article","og_title":"Ku\u0107ica za ma\u010dke s dvostrukim vratima i ru\u010dkama - Inti","og_description":"S povr\u0161inom bijele poput oblaka, ovaj ormari\u0107 s pijeskom za ma\u010dke lako se uklapa u ve\u0107inu \u017eivotnih stilova i pretvara mirno mjesto va\u0161e ma\u010dke u pravi privla\u010dan pogled. S dimenzijama 59 x 45 x 47 cm, unutra\u0161njost stane u ve\u0107inu kutija s pijeskom i savr\u0161ena je za velike pasmine ma\u010daka kao \u0161to su Maine Coon ma\u010dke. Izra\u0111ena od vrhunske iverice, gornja plo\u010da ormari\u0107a nosi do 75 kg. Ne brinite o sastavljanju. Uz jasne upute i ozna\u010dene dijelove, mo\u017eete ga postaviti u samo 20 minuta kako bi se va\u0161a ma\u010dka odmah uselila u svoj novi dom. Zatvoreni prostor va\u0161oj ma\u010dki nudi privatnost, dok dvostruka vrata dr\u017ee podalje znati\u017eeljne pse\u0107e prijatelje i smanjuju ispadanje ma\u010djeg pijeska. Stavite kutiju s pijeskom unutra da sakrijete nered, stavite krevet za ma\u010dku unutra da napravite udobnu ku\u0107icu za ma\u010dke, postavite na nju prekrasne biljke da uljep\u0161ate svoj dom - nudi vam beskrajne mogu\u0107nosti.","og_url":"https:\/\/inti.hr\/bs\/proizvod\/kucica-za-macke-s-dvostrukim-vratima-i-ruckama\/","og_site_name":"Inti","og_image":[{"width":1000,"height":1000,"url":"https:\/\/i0.wp.com\/inti.hr\/wp-content\/uploads\/2024\/10\/PCL012W01-1-1.jpg?fit=1000%2C1000&ssl=1","type":"image\/jpeg"}],"twitter_card":"summary_large_image","schema":{"@context":"https:\/\/schema.org","@graph":[{"@type":"WebPage","@id":"https:\/\/inti.hr\/bs\/proizvod\/kucica-za-macke-s-dvostrukim-vratima-i-ruckama\/","url":"https:\/\/inti.hr\/bs\/proizvod\/kucica-za-macke-s-dvostrukim-vratima-i-ruckama\/","name":"Ku\u0107ica za ma\u010dke s dvostrukim vratima i ru\u010dkama - Inti","isPartOf":{"@id":"https:\/\/inti.hr\/bs\/#website"},"primaryImageOfPage":{"@id":"https:\/\/inti.hr\/bs\/proizvod\/kucica-za-macke-s-dvostrukim-vratima-i-ruckama\/#primaryimage"},"image":{"@id":"https:\/\/inti.hr\/bs\/proizvod\/kucica-za-macke-s-dvostrukim-vratima-i-ruckama\/#primaryimage"},"thumbnailUrl":"https:\/\/i0.wp.com\/inti.hr\/wp-content\/uploads\/2024\/10\/PCL012W01-1-1.jpg?fit=1000%2C1000&ssl=1","datePublished":"2024-10-08T08:35:48+00:00","dateModified":"2024-10-08T08:35:48+00:00","description":"S povr\u0161inom bijele poput oblaka, ovaj ormari\u0107 s pijeskom za ma\u010dke lako se uklapa u ve\u0107inu \u017eivotnih stilova i pretvara mirno mjesto va\u0161e ma\u010dke u pravi privla\u010dan pogled. S dimenzijama 59 x 45 x 47 cm, unutra\u0161njost stane u ve\u0107inu kutija s pijeskom i savr\u0161ena je za velike pasmine ma\u010daka kao \u0161to su Maine Coon ma\u010dke. Izra\u0111ena od vrhunske iverice, gornja plo\u010da ormari\u0107a nosi do 75 kg. Ne brinite o sastavljanju. Uz jasne upute i ozna\u010dene dijelove, mo\u017eete ga postaviti u samo 20 minuta kako bi se va\u0161a ma\u010dka odmah uselila u svoj novi dom. Zatvoreni prostor va\u0161oj ma\u010dki nudi privatnost, dok dvostruka vrata dr\u017ee podalje znati\u017eeljne pse\u0107e prijatelje i smanjuju ispadanje ma\u010djeg pijeska. Stavite kutiju s pijeskom unutra da sakrijete nered, stavite krevet za ma\u010dku unutra da napravite udobnu ku\u0107icu za ma\u010dke, postavite na nju prekrasne biljke da uljep\u0161ate svoj dom - nudi vam beskrajne mogu\u0107nosti.","breadcrumb":{"@id":"https:\/\/inti.hr\/bs\/proizvod\/kucica-za-macke-s-dvostrukim-vratima-i-ruckama\/#breadcrumb"},"inLanguage":"bs-BA","potentialAction":[{"@type":"ReadAction","target":["https:\/\/inti.hr\/bs\/proizvod\/kucica-za-macke-s-dvostrukim-vratima-i-ruckama\/"]}]},{"@type":"ImageObject","inLanguage":"bs-BA","@id":"https:\/\/inti.hr\/bs\/proizvod\/kucica-za-macke-s-dvostrukim-vratima-i-ruckama\/#primaryimage","url":"https:\/\/i0.wp.com\/inti.hr\/wp-content\/uploads\/2024\/10\/PCL012W01-1-1.jpg?fit=1000%2C1000&ssl=1","contentUrl":"https:\/\/i0.wp.com\/inti.hr\/wp-content\/uploads\/2024\/10\/PCL012W01-1-1.jpg?fit=1000%2C1000&ssl=1","width":1000,"height":1000,"caption":"Feandrea ku\u0107ica za ma\u010dke s dvostrukim vratima i ru\u010dkama u bijeloj boji"},{"@type":"BreadcrumbList","@id":"https:\/\/inti.hr\/bs\/proizvod\/kucica-za-macke-s-dvostrukim-vratima-i-ruckama\/#breadcrumb","itemListElement":[{"@type":"ListItem","position":1,"name":"Po\u010detna stranica","item":"https:\/\/inti.hr\/bs\/"},{"@type":"ListItem","position":2,"name":"Trgovina","item":"https:\/\/inti.hr\/bs\/trgovina\/"},{"@type":"ListItem","position":3,"name":"Ku\u0107ica za ma\u010dke s dvostrukim vratima i ru\u010dkama"}]},{"@type":"WebSite","@id":"https:\/\/inti.hr\/bs\/#website","url":"https:\/\/inti.hr\/bs\/","name":"Inti","description":"trgovina","potentialAction":[{"@type":"SearchAction","target":{"@type":"EntryPoint","urlTemplate":"https:\/\/inti.hr\/bs\/?s={search_term_string}"},"query-input":{"@type":"PropertyValueSpecification","valueRequired":true,"valueName":"search_term_string"}}],"inLanguage":"bs-BA"}]}},"jetpack_sharing_enabled":true,"jetpack-related-posts":[],"_links":{"self":[{"href":"https:\/\/inti.hr\/bs\/wp-json\/wp\/v2\/product\/35893"}],"collection":[{"href":"https:\/\/inti.hr\/bs\/wp-json\/wp\/v2\/product"}],"about":[{"href":"https:\/\/inti.hr\/bs\/wp-json\/wp\/v2\/types\/product"}],"wp:featuredmedia":[{"embeddable":true,"href":"https:\/\/inti.hr\/bs\/wp-json\/wp\/v2\/media\/35894"}],"wp:attachment":[{"href":"https:\/\/inti.hr\/bs\/wp-json\/wp\/v2\/media?parent=35893"}],"wp:term":[{"taxonomy":"product_cat","embeddable":true,"href":"https:\/\/inti.hr\/bs\/wp-json\/wp\/v2\/product_cat?post=35893"},{"taxonomy":"product_tag","embeddable":true,"href":"https:\/\/inti.hr\/bs\/wp-json\/wp\/v2\/product_tag?post=35893"}],"curies":[{"name":"wp","href":"https:\/\/api.w.org\/{rel}","templated":true}]}}