{"id":35909,"date":"2024-10-07T09:18:48","date_gmt":"2024-10-07T08:18:48","guid":{"rendered":"https:\/\/inti.hr\/product\/toaletni-stol-s-osvjetljenjem-i-uticnicom\/"},"modified":"2024-10-07T09:18:48","modified_gmt":"2024-10-07T08:18:48","slug":"toaletni-stol-s-osvjetljenjem-i-uticnicom","status":"publish","type":"product","link":"https:\/\/inti.hr\/bs\/proizvod\/toaletni-stol-s-osvjetljenjem-i-uticnicom\/","title":{"rendered":"Toaletni stol s osvjetljenjem i uti\u010dnicom"},"content":{"rendered":"<h4><strong><span>Tehni\u010dki detalji<\/span><\/strong><\/h4>\n<ul>\n<li><span>Materijal: drvo klase E1 + staklo<\/span><\/li>\n<li><span>Boja: Bijela<\/span><\/li>\n<li><span>Dimenzije toaletnog stoli\u0107a: 110 x 140 x 40 cm (\u0160 x V x D)<\/span><\/li>\n<li><span>Dimenzije okvira ogledala: 51 x 48 cm (\u0160 x V)<\/span><\/li>\n<li><span>Veli\u010dina: Za vi\u0161e detalja o veli\u010dini pogledajte sliku<\/span><\/li>\n<li><span>Nosivost: Plo\u010da stola &#8211; 50 kg Plo\u010da stola &#8211; 50 kg Svaka polica &#8211; 5 kg<\/span><\/li>\n<li><span>Te\u017eina cca 41,3 kgV<\/span><\/li>\n<\/ul>\n","protected":false},"excerpt":{"rendered":"<p>Ovaj toaletni stoli\u0107 dimenzija 110x140x40cm ima plo\u010du stola dimenzija 110x40cm, 4 &#8230; <\/p>\n","protected":false},"featured_media":35910,"template":"","meta":[],"product_cat":[2414],"product_tag":[2673,4640],"yoast_head":"<!-- This site is optimized with the Yoast SEO plugin v23.7 - https:\/\/yoast.com\/wordpress\/plugins\/seo\/ -->\n<title>Toaletni stol s osvjetljenjem i uti\u010dnicom - Inti<\/title>\n<meta name=\"description\" content=\"Ovaj toaletni stoli\u0107 dimenzija 110x140x40cm ima plo\u010du stola dimenzija 110x40cm, 4 otvorene police, 5 ladica bez ru\u010dki i ormari\u0107 s vratima, pru\u017eaju\u0107i podijeljeni prostor za pohranu toaletnih potrep\u0161tina, kozmetike, nakita, dnevnih potrep\u0161tina itd., kako bi se stvorila dobro organizirana soba okru\u017eenje \u0161minke za postizanje. Svjetlosna traka od 10 \u017earulja s USB priklju\u010dkom mo\u017ee se odabrati izme\u0111u 3 temperature boje i 10 razina svjetline prema potrebi i pri\u010dvrstiti na rub zrcala (51x48 cm), stvaraju\u0107i moderan stoli\u0107 za \u0161minkanje u holivudskom stilu pojavit \u0107e se pred vama. Kozmeti\u010dki stol s LED svjetlima je i radni stol kada svjetla nisu upaljena. Ispred toaletnog stoli\u0107a, s va\u0161e desne strane, nalazi se vi\u0161estruka uti\u010dnica s kabelom za napajanje duljine cca 2 m za jednostavno spajanje na struju. Ima 2 uti\u010dnice i 2 USB priklju\u010dka, \u0161to je zgodno za punjenje laptopa, iPada, mobitela, be\u017ei\u010dnih slu\u0161alica, lampe itd. Naravno, tako\u0111er mo\u017eete koristiti svoje kovr\u010de, peglu, su\u0161ilo za kosu itd. ispred stola. Ovaj toaletni stoli\u0107 s ogledalom izra\u0111en je od E1 drvenog materijala debljine 15 mm. S melaminskim furnirom je gladak, vodoodbojan, otporan na habanje i jednostavan za \u010di\u0161\u0107enje. Ovaj robusni i stabilni toaletni stol mo\u017ee izdr\u017eati do 50 kg. Njegova donja popre\u010dna spona pobolj\u0161ava ukupnu stabilnost. Osim toga, neklizaju\u0107i jastu\u010di\u0107i za noge i za\u0161tita od prevrtanja pove\u0107avaju sigurnost tijekom kori\u0161tenja. Ovaj toaletni stoli\u0107 s ogledalom i ladicama dobro je upakiran za sigurnu dostavu. Zahvaljuju\u0107i jasnim uputama za sastavljanje i prilo\u017eenim alatima, sastavljanje ovog stola postaje zadovoljavaju\u0107e DIY iskustvo.\" \/>\n<meta name=\"robots\" content=\"index, follow, max-snippet:-1, max-image-preview:large, max-video-preview:-1\" \/>\n<link rel=\"canonical\" href=\"https:\/\/inti.hr\/bs\/proizvod\/toaletni-stol-s-osvjetljenjem-i-uticnicom\/\" \/>\n<meta property=\"og:locale\" content=\"bs_BA\" \/>\n<meta property=\"og:type\" content=\"article\" \/>\n<meta property=\"og:title\" content=\"Toaletni stol s osvjetljenjem i uti\u010dnicom - Inti\" \/>\n<meta property=\"og:description\" content=\"Ovaj toaletni stoli\u0107 dimenzija 110x140x40cm ima plo\u010du stola dimenzija 110x40cm, 4 otvorene police, 5 ladica bez ru\u010dki i ormari\u0107 s vratima, pru\u017eaju\u0107i podijeljeni prostor za pohranu toaletnih potrep\u0161tina, kozmetike, nakita, dnevnih potrep\u0161tina itd., kako bi se stvorila dobro organizirana soba okru\u017eenje \u0161minke za postizanje. Svjetlosna traka od 10 \u017earulja s USB priklju\u010dkom mo\u017ee se odabrati izme\u0111u 3 temperature boje i 10 razina svjetline prema potrebi i pri\u010dvrstiti na rub zrcala (51x48 cm), stvaraju\u0107i moderan stoli\u0107 za \u0161minkanje u holivudskom stilu pojavit \u0107e se pred vama. Kozmeti\u010dki stol s LED svjetlima je i radni stol kada svjetla nisu upaljena. Ispred toaletnog stoli\u0107a, s va\u0161e desne strane, nalazi se vi\u0161estruka uti\u010dnica s kabelom za napajanje duljine cca 2 m za jednostavno spajanje na struju. Ima 2 uti\u010dnice i 2 USB priklju\u010dka, \u0161to je zgodno za punjenje laptopa, iPada, mobitela, be\u017ei\u010dnih slu\u0161alica, lampe itd. Naravno, tako\u0111er mo\u017eete koristiti svoje kovr\u010de, peglu, su\u0161ilo za kosu itd. ispred stola. Ovaj toaletni stoli\u0107 s ogledalom izra\u0111en je od E1 drvenog materijala debljine 15 mm. S melaminskim furnirom je gladak, vodoodbojan, otporan na habanje i jednostavan za \u010di\u0161\u0107enje. Ovaj robusni i stabilni toaletni stol mo\u017ee izdr\u017eati do 50 kg. Njegova donja popre\u010dna spona pobolj\u0161ava ukupnu stabilnost. Osim toga, neklizaju\u0107i jastu\u010di\u0107i za noge i za\u0161tita od prevrtanja pove\u0107avaju sigurnost tijekom kori\u0161tenja. Ovaj toaletni stoli\u0107 s ogledalom i ladicama dobro je upakiran za sigurnu dostavu. Zahvaljuju\u0107i jasnim uputama za sastavljanje i prilo\u017eenim alatima, sastavljanje ovog stola postaje zadovoljavaju\u0107e DIY iskustvo.\" \/>\n<meta property=\"og:url\" content=\"https:\/\/inti.hr\/bs\/proizvod\/toaletni-stol-s-osvjetljenjem-i-uticnicom\/\" \/>\n<meta property=\"og:site_name\" content=\"Inti\" \/>\n<meta property=\"og:image\" content=\"https:\/\/i0.wp.com\/inti.hr\/wp-content\/uploads\/2024\/10\/Schminktisch-mit-Beleuchtung-und-Steckdose-Einstellbarer-Helligkeit-W0ETT0257-Weiss2_600x600.jpg?fit=600%2C600&ssl=1\" \/>\n\t<meta property=\"og:image:width\" content=\"600\" \/>\n\t<meta property=\"og:image:height\" content=\"600\" \/>\n\t<meta property=\"og:image:type\" content=\"image\/jpeg\" \/>\n<meta name=\"twitter:card\" content=\"summary_large_image\" \/>\n<script type=\"application\/ld+json\" class=\"yoast-schema-graph\">{\"@context\":\"https:\/\/schema.org\",\"@graph\":[{\"@type\":\"WebPage\",\"@id\":\"https:\/\/inti.hr\/bs\/proizvod\/toaletni-stol-s-osvjetljenjem-i-uticnicom\/\",\"url\":\"https:\/\/inti.hr\/bs\/proizvod\/toaletni-stol-s-osvjetljenjem-i-uticnicom\/\",\"name\":\"Toaletni stol s osvjetljenjem i uti\u010dnicom - Inti\",\"isPartOf\":{\"@id\":\"https:\/\/inti.hr\/bs\/#website\"},\"primaryImageOfPage\":{\"@id\":\"https:\/\/inti.hr\/bs\/proizvod\/toaletni-stol-s-osvjetljenjem-i-uticnicom\/#primaryimage\"},\"image\":{\"@id\":\"https:\/\/inti.hr\/bs\/proizvod\/toaletni-stol-s-osvjetljenjem-i-uticnicom\/#primaryimage\"},\"thumbnailUrl\":\"https:\/\/i0.wp.com\/inti.hr\/wp-content\/uploads\/2024\/10\/Schminktisch-mit-Beleuchtung-und-Steckdose-Einstellbarer-Helligkeit-W0ETT0257-Weiss2_600x600.jpg?fit=600%2C600&ssl=1\",\"datePublished\":\"2024-10-07T08:18:48+00:00\",\"dateModified\":\"2024-10-07T08:18:48+00:00\",\"description\":\"Ovaj toaletni stoli\u0107 dimenzija 110x140x40cm ima plo\u010du stola dimenzija 110x40cm, 4 otvorene police, 5 ladica bez ru\u010dki i ormari\u0107 s vratima, pru\u017eaju\u0107i podijeljeni prostor za pohranu toaletnih potrep\u0161tina, kozmetike, nakita, dnevnih potrep\u0161tina itd., kako bi se stvorila dobro organizirana soba okru\u017eenje \u0161minke za postizanje. Svjetlosna traka od 10 \u017earulja s USB priklju\u010dkom mo\u017ee se odabrati izme\u0111u 3 temperature boje i 10 razina svjetline prema potrebi i pri\u010dvrstiti na rub zrcala (51x48 cm), stvaraju\u0107i moderan stoli\u0107 za \u0161minkanje u holivudskom stilu pojavit \u0107e se pred vama. Kozmeti\u010dki stol s LED svjetlima je i radni stol kada svjetla nisu upaljena. Ispred toaletnog stoli\u0107a, s va\u0161e desne strane, nalazi se vi\u0161estruka uti\u010dnica s kabelom za napajanje duljine cca 2 m za jednostavno spajanje na struju. Ima 2 uti\u010dnice i 2 USB priklju\u010dka, \u0161to je zgodno za punjenje laptopa, iPada, mobitela, be\u017ei\u010dnih slu\u0161alica, lampe itd. Naravno, tako\u0111er mo\u017eete koristiti svoje kovr\u010de, peglu, su\u0161ilo za kosu itd. ispred stola. Ovaj toaletni stoli\u0107 s ogledalom izra\u0111en je od E1 drvenog materijala debljine 15 mm. S melaminskim furnirom je gladak, vodoodbojan, otporan na habanje i jednostavan za \u010di\u0161\u0107enje. Ovaj robusni i stabilni toaletni stol mo\u017ee izdr\u017eati do 50 kg. Njegova donja popre\u010dna spona pobolj\u0161ava ukupnu stabilnost. Osim toga, neklizaju\u0107i jastu\u010di\u0107i za noge i za\u0161tita od prevrtanja pove\u0107avaju sigurnost tijekom kori\u0161tenja. Ovaj toaletni stoli\u0107 s ogledalom i ladicama dobro je upakiran za sigurnu dostavu. Zahvaljuju\u0107i jasnim uputama za sastavljanje i prilo\u017eenim alatima, sastavljanje ovog stola postaje zadovoljavaju\u0107e DIY iskustvo.\",\"breadcrumb\":{\"@id\":\"https:\/\/inti.hr\/bs\/proizvod\/toaletni-stol-s-osvjetljenjem-i-uticnicom\/#breadcrumb\"},\"inLanguage\":\"bs-BA\",\"potentialAction\":[{\"@type\":\"ReadAction\",\"target\":[\"https:\/\/inti.hr\/bs\/proizvod\/toaletni-stol-s-osvjetljenjem-i-uticnicom\/\"]}]},{\"@type\":\"ImageObject\",\"inLanguage\":\"bs-BA\",\"@id\":\"https:\/\/inti.hr\/bs\/proizvod\/toaletni-stol-s-osvjetljenjem-i-uticnicom\/#primaryimage\",\"url\":\"https:\/\/i0.wp.com\/inti.hr\/wp-content\/uploads\/2024\/10\/Schminktisch-mit-Beleuchtung-und-Steckdose-Einstellbarer-Helligkeit-W0ETT0257-Weiss2_600x600.jpg?fit=600%2C600&ssl=1\",\"contentUrl\":\"https:\/\/i0.wp.com\/inti.hr\/wp-content\/uploads\/2024\/10\/Schminktisch-mit-Beleuchtung-und-Steckdose-Einstellbarer-Helligkeit-W0ETT0257-Weiss2_600x600.jpg?fit=600%2C600&ssl=1\",\"width\":600,\"height\":600,\"caption\":\"toaletni stol s osvjetljenjem i uti\u010dnicom, podesiva svjetlina, bijela\"},{\"@type\":\"BreadcrumbList\",\"@id\":\"https:\/\/inti.hr\/bs\/proizvod\/toaletni-stol-s-osvjetljenjem-i-uticnicom\/#breadcrumb\",\"itemListElement\":[{\"@type\":\"ListItem\",\"position\":1,\"name\":\"Po\u010detna stranica\",\"item\":\"https:\/\/inti.hr\/bs\/\"},{\"@type\":\"ListItem\",\"position\":2,\"name\":\"Trgovina\",\"item\":\"https:\/\/inti.hr\/bs\/trgovina\/\"},{\"@type\":\"ListItem\",\"position\":3,\"name\":\"Toaletni stol s osvjetljenjem i uti\u010dnicom\"}]},{\"@type\":\"WebSite\",\"@id\":\"https:\/\/inti.hr\/bs\/#website\",\"url\":\"https:\/\/inti.hr\/bs\/\",\"name\":\"Inti\",\"description\":\"trgovina\",\"potentialAction\":[{\"@type\":\"SearchAction\",\"target\":{\"@type\":\"EntryPoint\",\"urlTemplate\":\"https:\/\/inti.hr\/bs\/?s={search_term_string}\"},\"query-input\":{\"@type\":\"PropertyValueSpecification\",\"valueRequired\":true,\"valueName\":\"search_term_string\"}}],\"inLanguage\":\"bs-BA\"}]}<\/script>\n<!-- \/ Yoast SEO plugin. -->","yoast_head_json":{"title":"Toaletni stol s osvjetljenjem i uti\u010dnicom - Inti","description":"Ovaj toaletni stoli\u0107 dimenzija 110x140x40cm ima plo\u010du stola dimenzija 110x40cm, 4 otvorene police, 5 ladica bez ru\u010dki i ormari\u0107 s vratima, pru\u017eaju\u0107i podijeljeni prostor za pohranu toaletnih potrep\u0161tina, kozmetike, nakita, dnevnih potrep\u0161tina itd., kako bi se stvorila dobro organizirana soba okru\u017eenje \u0161minke za postizanje. Svjetlosna traka od 10 \u017earulja s USB priklju\u010dkom mo\u017ee se odabrati izme\u0111u 3 temperature boje i 10 razina svjetline prema potrebi i pri\u010dvrstiti na rub zrcala (51x48 cm), stvaraju\u0107i moderan stoli\u0107 za \u0161minkanje u holivudskom stilu pojavit \u0107e se pred vama. Kozmeti\u010dki stol s LED svjetlima je i radni stol kada svjetla nisu upaljena. Ispred toaletnog stoli\u0107a, s va\u0161e desne strane, nalazi se vi\u0161estruka uti\u010dnica s kabelom za napajanje duljine cca 2 m za jednostavno spajanje na struju. Ima 2 uti\u010dnice i 2 USB priklju\u010dka, \u0161to je zgodno za punjenje laptopa, iPada, mobitela, be\u017ei\u010dnih slu\u0161alica, lampe itd. Naravno, tako\u0111er mo\u017eete koristiti svoje kovr\u010de, peglu, su\u0161ilo za kosu itd. ispred stola. Ovaj toaletni stoli\u0107 s ogledalom izra\u0111en je od E1 drvenog materijala debljine 15 mm. S melaminskim furnirom je gladak, vodoodbojan, otporan na habanje i jednostavan za \u010di\u0161\u0107enje. Ovaj robusni i stabilni toaletni stol mo\u017ee izdr\u017eati do 50 kg. Njegova donja popre\u010dna spona pobolj\u0161ava ukupnu stabilnost. Osim toga, neklizaju\u0107i jastu\u010di\u0107i za noge i za\u0161tita od prevrtanja pove\u0107avaju sigurnost tijekom kori\u0161tenja. Ovaj toaletni stoli\u0107 s ogledalom i ladicama dobro je upakiran za sigurnu dostavu. Zahvaljuju\u0107i jasnim uputama za sastavljanje i prilo\u017eenim alatima, sastavljanje ovog stola postaje zadovoljavaju\u0107e DIY iskustvo.","robots":{"index":"index","follow":"follow","max-snippet":"max-snippet:-1","max-image-preview":"max-image-preview:large","max-video-preview":"max-video-preview:-1"},"canonical":"https:\/\/inti.hr\/bs\/proizvod\/toaletni-stol-s-osvjetljenjem-i-uticnicom\/","og_locale":"bs_BA","og_type":"article","og_title":"Toaletni stol s osvjetljenjem i uti\u010dnicom - Inti","og_description":"Ovaj toaletni stoli\u0107 dimenzija 110x140x40cm ima plo\u010du stola dimenzija 110x40cm, 4 otvorene police, 5 ladica bez ru\u010dki i ormari\u0107 s vratima, pru\u017eaju\u0107i podijeljeni prostor za pohranu toaletnih potrep\u0161tina, kozmetike, nakita, dnevnih potrep\u0161tina itd., kako bi se stvorila dobro organizirana soba okru\u017eenje \u0161minke za postizanje. Svjetlosna traka od 10 \u017earulja s USB priklju\u010dkom mo\u017ee se odabrati izme\u0111u 3 temperature boje i 10 razina svjetline prema potrebi i pri\u010dvrstiti na rub zrcala (51x48 cm), stvaraju\u0107i moderan stoli\u0107 za \u0161minkanje u holivudskom stilu pojavit \u0107e se pred vama. Kozmeti\u010dki stol s LED svjetlima je i radni stol kada svjetla nisu upaljena. Ispred toaletnog stoli\u0107a, s va\u0161e desne strane, nalazi se vi\u0161estruka uti\u010dnica s kabelom za napajanje duljine cca 2 m za jednostavno spajanje na struju. Ima 2 uti\u010dnice i 2 USB priklju\u010dka, \u0161to je zgodno za punjenje laptopa, iPada, mobitela, be\u017ei\u010dnih slu\u0161alica, lampe itd. Naravno, tako\u0111er mo\u017eete koristiti svoje kovr\u010de, peglu, su\u0161ilo za kosu itd. ispred stola. Ovaj toaletni stoli\u0107 s ogledalom izra\u0111en je od E1 drvenog materijala debljine 15 mm. S melaminskim furnirom je gladak, vodoodbojan, otporan na habanje i jednostavan za \u010di\u0161\u0107enje. Ovaj robusni i stabilni toaletni stol mo\u017ee izdr\u017eati do 50 kg. Njegova donja popre\u010dna spona pobolj\u0161ava ukupnu stabilnost. Osim toga, neklizaju\u0107i jastu\u010di\u0107i za noge i za\u0161tita od prevrtanja pove\u0107avaju sigurnost tijekom kori\u0161tenja. Ovaj toaletni stoli\u0107 s ogledalom i ladicama dobro je upakiran za sigurnu dostavu. Zahvaljuju\u0107i jasnim uputama za sastavljanje i prilo\u017eenim alatima, sastavljanje ovog stola postaje zadovoljavaju\u0107e DIY iskustvo.","og_url":"https:\/\/inti.hr\/bs\/proizvod\/toaletni-stol-s-osvjetljenjem-i-uticnicom\/","og_site_name":"Inti","og_image":[{"width":600,"height":600,"url":"https:\/\/i0.wp.com\/inti.hr\/wp-content\/uploads\/2024\/10\/Schminktisch-mit-Beleuchtung-und-Steckdose-Einstellbarer-Helligkeit-W0ETT0257-Weiss2_600x600.jpg?fit=600%2C600&ssl=1","type":"image\/jpeg"}],"twitter_card":"summary_large_image","schema":{"@context":"https:\/\/schema.org","@graph":[{"@type":"WebPage","@id":"https:\/\/inti.hr\/bs\/proizvod\/toaletni-stol-s-osvjetljenjem-i-uticnicom\/","url":"https:\/\/inti.hr\/bs\/proizvod\/toaletni-stol-s-osvjetljenjem-i-uticnicom\/","name":"Toaletni stol s osvjetljenjem i uti\u010dnicom - Inti","isPartOf":{"@id":"https:\/\/inti.hr\/bs\/#website"},"primaryImageOfPage":{"@id":"https:\/\/inti.hr\/bs\/proizvod\/toaletni-stol-s-osvjetljenjem-i-uticnicom\/#primaryimage"},"image":{"@id":"https:\/\/inti.hr\/bs\/proizvod\/toaletni-stol-s-osvjetljenjem-i-uticnicom\/#primaryimage"},"thumbnailUrl":"https:\/\/i0.wp.com\/inti.hr\/wp-content\/uploads\/2024\/10\/Schminktisch-mit-Beleuchtung-und-Steckdose-Einstellbarer-Helligkeit-W0ETT0257-Weiss2_600x600.jpg?fit=600%2C600&ssl=1","datePublished":"2024-10-07T08:18:48+00:00","dateModified":"2024-10-07T08:18:48+00:00","description":"Ovaj toaletni stoli\u0107 dimenzija 110x140x40cm ima plo\u010du stola dimenzija 110x40cm, 4 otvorene police, 5 ladica bez ru\u010dki i ormari\u0107 s vratima, pru\u017eaju\u0107i podijeljeni prostor za pohranu toaletnih potrep\u0161tina, kozmetike, nakita, dnevnih potrep\u0161tina itd., kako bi se stvorila dobro organizirana soba okru\u017eenje \u0161minke za postizanje. Svjetlosna traka od 10 \u017earulja s USB priklju\u010dkom mo\u017ee se odabrati izme\u0111u 3 temperature boje i 10 razina svjetline prema potrebi i pri\u010dvrstiti na rub zrcala (51x48 cm), stvaraju\u0107i moderan stoli\u0107 za \u0161minkanje u holivudskom stilu pojavit \u0107e se pred vama. Kozmeti\u010dki stol s LED svjetlima je i radni stol kada svjetla nisu upaljena. Ispred toaletnog stoli\u0107a, s va\u0161e desne strane, nalazi se vi\u0161estruka uti\u010dnica s kabelom za napajanje duljine cca 2 m za jednostavno spajanje na struju. Ima 2 uti\u010dnice i 2 USB priklju\u010dka, \u0161to je zgodno za punjenje laptopa, iPada, mobitela, be\u017ei\u010dnih slu\u0161alica, lampe itd. Naravno, tako\u0111er mo\u017eete koristiti svoje kovr\u010de, peglu, su\u0161ilo za kosu itd. ispred stola. Ovaj toaletni stoli\u0107 s ogledalom izra\u0111en je od E1 drvenog materijala debljine 15 mm. S melaminskim furnirom je gladak, vodoodbojan, otporan na habanje i jednostavan za \u010di\u0161\u0107enje. Ovaj robusni i stabilni toaletni stol mo\u017ee izdr\u017eati do 50 kg. Njegova donja popre\u010dna spona pobolj\u0161ava ukupnu stabilnost. Osim toga, neklizaju\u0107i jastu\u010di\u0107i za noge i za\u0161tita od prevrtanja pove\u0107avaju sigurnost tijekom kori\u0161tenja. Ovaj toaletni stoli\u0107 s ogledalom i ladicama dobro je upakiran za sigurnu dostavu. Zahvaljuju\u0107i jasnim uputama za sastavljanje i prilo\u017eenim alatima, sastavljanje ovog stola postaje zadovoljavaju\u0107e DIY iskustvo.","breadcrumb":{"@id":"https:\/\/inti.hr\/bs\/proizvod\/toaletni-stol-s-osvjetljenjem-i-uticnicom\/#breadcrumb"},"inLanguage":"bs-BA","potentialAction":[{"@type":"ReadAction","target":["https:\/\/inti.hr\/bs\/proizvod\/toaletni-stol-s-osvjetljenjem-i-uticnicom\/"]}]},{"@type":"ImageObject","inLanguage":"bs-BA","@id":"https:\/\/inti.hr\/bs\/proizvod\/toaletni-stol-s-osvjetljenjem-i-uticnicom\/#primaryimage","url":"https:\/\/i0.wp.com\/inti.hr\/wp-content\/uploads\/2024\/10\/Schminktisch-mit-Beleuchtung-und-Steckdose-Einstellbarer-Helligkeit-W0ETT0257-Weiss2_600x600.jpg?fit=600%2C600&ssl=1","contentUrl":"https:\/\/i0.wp.com\/inti.hr\/wp-content\/uploads\/2024\/10\/Schminktisch-mit-Beleuchtung-und-Steckdose-Einstellbarer-Helligkeit-W0ETT0257-Weiss2_600x600.jpg?fit=600%2C600&ssl=1","width":600,"height":600,"caption":"toaletni stol s osvjetljenjem i uti\u010dnicom, podesiva svjetlina, bijela"},{"@type":"BreadcrumbList","@id":"https:\/\/inti.hr\/bs\/proizvod\/toaletni-stol-s-osvjetljenjem-i-uticnicom\/#breadcrumb","itemListElement":[{"@type":"ListItem","position":1,"name":"Po\u010detna stranica","item":"https:\/\/inti.hr\/bs\/"},{"@type":"ListItem","position":2,"name":"Trgovina","item":"https:\/\/inti.hr\/bs\/trgovina\/"},{"@type":"ListItem","position":3,"name":"Toaletni stol s osvjetljenjem i uti\u010dnicom"}]},{"@type":"WebSite","@id":"https:\/\/inti.hr\/bs\/#website","url":"https:\/\/inti.hr\/bs\/","name":"Inti","description":"trgovina","potentialAction":[{"@type":"SearchAction","target":{"@type":"EntryPoint","urlTemplate":"https:\/\/inti.hr\/bs\/?s={search_term_string}"},"query-input":{"@type":"PropertyValueSpecification","valueRequired":true,"valueName":"search_term_string"}}],"inLanguage":"bs-BA"}]}},"jetpack_sharing_enabled":true,"jetpack-related-posts":[],"_links":{"self":[{"href":"https:\/\/inti.hr\/bs\/wp-json\/wp\/v2\/product\/35909"}],"collection":[{"href":"https:\/\/inti.hr\/bs\/wp-json\/wp\/v2\/product"}],"about":[{"href":"https:\/\/inti.hr\/bs\/wp-json\/wp\/v2\/types\/product"}],"wp:featuredmedia":[{"embeddable":true,"href":"https:\/\/inti.hr\/bs\/wp-json\/wp\/v2\/media\/35910"}],"wp:attachment":[{"href":"https:\/\/inti.hr\/bs\/wp-json\/wp\/v2\/media?parent=35909"}],"wp:term":[{"taxonomy":"product_cat","embeddable":true,"href":"https:\/\/inti.hr\/bs\/wp-json\/wp\/v2\/product_cat?post=35909"},{"taxonomy":"product_tag","embeddable":true,"href":"https:\/\/inti.hr\/bs\/wp-json\/wp\/v2\/product_tag?post=35909"}],"curies":[{"name":"wp","href":"https:\/\/api.w.org\/{rel}","templated":true}]}}