{"id":35921,"date":"2024-10-03T17:28:14","date_gmt":"2024-10-03T16:28:14","guid":{"rendered":"https:\/\/inti.hr\/product\/stalak-za-cipele-100x19x90cm\/"},"modified":"2024-10-03T17:28:14","modified_gmt":"2024-10-03T16:28:14","slug":"stalak-za-cipele-100x19x90cm","status":"publish","type":"product","link":"https:\/\/inti.hr\/bs\/proizvod\/stalak-za-cipele-100x19x90cm\/","title":{"rendered":"Stalak za cipele 100x19x90cm"},"content":{"rendered":"<p>Pojedinosti o proizvodu:<\/p>\n<p>Materijal: MDF, akrilna boja<br \/>\nDimenzije proizvoda: 100x19x91 cm (vidi sliku);<br \/>\nTe\u017eina: Pribli\u017eno: 23,6 kg; Nosivost: do 60 kg;<br \/>\nDimenzije i te\u017eina paketa: 109,00*44,50*16,00cm, 24,1 kg<br \/>\nS uputama za monta\u017eu i vijcima, jednostavna monta\u017ea<br \/>\nOvaj proizvod je razvijen i ispitan za ku\u0107nu upotrebu.<\/p>\n","protected":false},"excerpt":{"rendered":"<p>Stalak za cipele ima kompaktan i moderan dizajn pogodan za odlaganje &#8230; <\/p>\n","protected":false},"featured_media":35922,"template":"","meta":[],"product_cat":[2632],"product_tag":[2633,4642],"yoast_head":"<!-- This site is optimized with the Yoast SEO plugin v23.7 - https:\/\/yoast.com\/wordpress\/plugins\/seo\/ -->\n<title>Stalak za cipele 100x19x90cm - Inti<\/title>\n<meta name=\"description\" content=\"Stalak za cipele ima kompaktan i moderan dizajn pogodan za odlaganje svih vrsta cipela. Ima smanjenu dubinu \u0161to ga \u010dini idealnim za duga\u010dke hodnike i prolaze.S dizajnom koji \u0161tedi prostor s prostranim pretincima s preklopom, savr\u0161eno se uklapa u svako okru\u017eenje.Preporu\u010dljivo je pri\u010dvrstiti namje\u0161taj na zid s uklju\u010denim priborom protiv prevrtanja, kako biste izbjegli nezgode ako se dijete popne ili visi na njemu.\" \/>\n<meta name=\"robots\" content=\"index, follow, max-snippet:-1, max-image-preview:large, max-video-preview:-1\" \/>\n<link rel=\"canonical\" href=\"https:\/\/inti.hr\/bs\/proizvod\/stalak-za-cipele-100x19x90cm\/\" \/>\n<meta property=\"og:locale\" content=\"bs_BA\" \/>\n<meta property=\"og:type\" content=\"article\" \/>\n<meta property=\"og:title\" content=\"Stalak za cipele 100x19x90cm - Inti\" \/>\n<meta property=\"og:description\" content=\"Stalak za cipele ima kompaktan i moderan dizajn pogodan za odlaganje svih vrsta cipela. Ima smanjenu dubinu \u0161to ga \u010dini idealnim za duga\u010dke hodnike i prolaze.S dizajnom koji \u0161tedi prostor s prostranim pretincima s preklopom, savr\u0161eno se uklapa u svako okru\u017eenje.Preporu\u010dljivo je pri\u010dvrstiti namje\u0161taj na zid s uklju\u010denim priborom protiv prevrtanja, kako biste izbjegli nezgode ako se dijete popne ili visi na njemu.\" \/>\n<meta property=\"og:url\" content=\"https:\/\/inti.hr\/bs\/proizvod\/stalak-za-cipele-100x19x90cm\/\" \/>\n<meta property=\"og:site_name\" content=\"Inti\" \/>\n<meta property=\"og:image\" content=\"https:\/\/i0.wp.com\/inti.hr\/wp-content\/uploads\/2024\/10\/FSR100-SY-Y001_860x.webp?fit=860%2C860&ssl=1\" \/>\n\t<meta property=\"og:image:width\" content=\"860\" \/>\n\t<meta property=\"og:image:height\" content=\"860\" \/>\n\t<meta property=\"og:image:type\" content=\"image\/webp\" \/>\n<meta name=\"twitter:card\" content=\"summary_large_image\" \/>\n<script type=\"application\/ld+json\" class=\"yoast-schema-graph\">{\"@context\":\"https:\/\/schema.org\",\"@graph\":[{\"@type\":\"WebPage\",\"@id\":\"https:\/\/inti.hr\/bs\/proizvod\/stalak-za-cipele-100x19x90cm\/\",\"url\":\"https:\/\/inti.hr\/bs\/proizvod\/stalak-za-cipele-100x19x90cm\/\",\"name\":\"Stalak za cipele 100x19x90cm - Inti\",\"isPartOf\":{\"@id\":\"https:\/\/inti.hr\/bs\/#website\"},\"primaryImageOfPage\":{\"@id\":\"https:\/\/inti.hr\/bs\/proizvod\/stalak-za-cipele-100x19x90cm\/#primaryimage\"},\"image\":{\"@id\":\"https:\/\/inti.hr\/bs\/proizvod\/stalak-za-cipele-100x19x90cm\/#primaryimage\"},\"thumbnailUrl\":\"https:\/\/i0.wp.com\/inti.hr\/wp-content\/uploads\/2024\/10\/FSR100-SY-Y001_860x.webp?fit=860%2C860&ssl=1\",\"datePublished\":\"2024-10-03T16:28:14+00:00\",\"dateModified\":\"2024-10-03T16:28:14+00:00\",\"description\":\"Stalak za cipele ima kompaktan i moderan dizajn pogodan za odlaganje svih vrsta cipela. Ima smanjenu dubinu \u0161to ga \u010dini idealnim za duga\u010dke hodnike i prolaze.S dizajnom koji \u0161tedi prostor s prostranim pretincima s preklopom, savr\u0161eno se uklapa u svako okru\u017eenje.Preporu\u010dljivo je pri\u010dvrstiti namje\u0161taj na zid s uklju\u010denim priborom protiv prevrtanja, kako biste izbjegli nezgode ako se dijete popne ili visi na njemu.\",\"breadcrumb\":{\"@id\":\"https:\/\/inti.hr\/bs\/proizvod\/stalak-za-cipele-100x19x90cm\/#breadcrumb\"},\"inLanguage\":\"bs-BA\",\"potentialAction\":[{\"@type\":\"ReadAction\",\"target\":[\"https:\/\/inti.hr\/bs\/proizvod\/stalak-za-cipele-100x19x90cm\/\"]}]},{\"@type\":\"ImageObject\",\"inLanguage\":\"bs-BA\",\"@id\":\"https:\/\/inti.hr\/bs\/proizvod\/stalak-za-cipele-100x19x90cm\/#primaryimage\",\"url\":\"https:\/\/i0.wp.com\/inti.hr\/wp-content\/uploads\/2024\/10\/FSR100-SY-Y001_860x.webp?fit=860%2C860&ssl=1\",\"contentUrl\":\"https:\/\/i0.wp.com\/inti.hr\/wp-content\/uploads\/2024\/10\/FSR100-SY-Y001_860x.webp?fit=860%2C860&ssl=1\",\"width\":860,\"height\":860,\"caption\":\"SoBuy Stalak za cipele 100x19x90cm FSR100-SY\"},{\"@type\":\"BreadcrumbList\",\"@id\":\"https:\/\/inti.hr\/bs\/proizvod\/stalak-za-cipele-100x19x90cm\/#breadcrumb\",\"itemListElement\":[{\"@type\":\"ListItem\",\"position\":1,\"name\":\"Po\u010detna stranica\",\"item\":\"https:\/\/inti.hr\/bs\/\"},{\"@type\":\"ListItem\",\"position\":2,\"name\":\"Trgovina\",\"item\":\"https:\/\/inti.hr\/bs\/trgovina\/\"},{\"@type\":\"ListItem\",\"position\":3,\"name\":\"Stalak za cipele 100x19x90cm\"}]},{\"@type\":\"WebSite\",\"@id\":\"https:\/\/inti.hr\/bs\/#website\",\"url\":\"https:\/\/inti.hr\/bs\/\",\"name\":\"Inti\",\"description\":\"trgovina\",\"potentialAction\":[{\"@type\":\"SearchAction\",\"target\":{\"@type\":\"EntryPoint\",\"urlTemplate\":\"https:\/\/inti.hr\/bs\/?s={search_term_string}\"},\"query-input\":{\"@type\":\"PropertyValueSpecification\",\"valueRequired\":true,\"valueName\":\"search_term_string\"}}],\"inLanguage\":\"bs-BA\"}]}<\/script>\n<!-- \/ Yoast SEO plugin. -->","yoast_head_json":{"title":"Stalak za cipele 100x19x90cm - Inti","description":"Stalak za cipele ima kompaktan i moderan dizajn pogodan za odlaganje svih vrsta cipela. Ima smanjenu dubinu \u0161to ga \u010dini idealnim za duga\u010dke hodnike i prolaze.S dizajnom koji \u0161tedi prostor s prostranim pretincima s preklopom, savr\u0161eno se uklapa u svako okru\u017eenje.Preporu\u010dljivo je pri\u010dvrstiti namje\u0161taj na zid s uklju\u010denim priborom protiv prevrtanja, kako biste izbjegli nezgode ako se dijete popne ili visi na njemu.","robots":{"index":"index","follow":"follow","max-snippet":"max-snippet:-1","max-image-preview":"max-image-preview:large","max-video-preview":"max-video-preview:-1"},"canonical":"https:\/\/inti.hr\/bs\/proizvod\/stalak-za-cipele-100x19x90cm\/","og_locale":"bs_BA","og_type":"article","og_title":"Stalak za cipele 100x19x90cm - Inti","og_description":"Stalak za cipele ima kompaktan i moderan dizajn pogodan za odlaganje svih vrsta cipela. Ima smanjenu dubinu \u0161to ga \u010dini idealnim za duga\u010dke hodnike i prolaze.S dizajnom koji \u0161tedi prostor s prostranim pretincima s preklopom, savr\u0161eno se uklapa u svako okru\u017eenje.Preporu\u010dljivo je pri\u010dvrstiti namje\u0161taj na zid s uklju\u010denim priborom protiv prevrtanja, kako biste izbjegli nezgode ako se dijete popne ili visi na njemu.","og_url":"https:\/\/inti.hr\/bs\/proizvod\/stalak-za-cipele-100x19x90cm\/","og_site_name":"Inti","og_image":[{"width":860,"height":860,"url":"https:\/\/i0.wp.com\/inti.hr\/wp-content\/uploads\/2024\/10\/FSR100-SY-Y001_860x.webp?fit=860%2C860&ssl=1","type":"image\/webp"}],"twitter_card":"summary_large_image","schema":{"@context":"https:\/\/schema.org","@graph":[{"@type":"WebPage","@id":"https:\/\/inti.hr\/bs\/proizvod\/stalak-za-cipele-100x19x90cm\/","url":"https:\/\/inti.hr\/bs\/proizvod\/stalak-za-cipele-100x19x90cm\/","name":"Stalak za cipele 100x19x90cm - Inti","isPartOf":{"@id":"https:\/\/inti.hr\/bs\/#website"},"primaryImageOfPage":{"@id":"https:\/\/inti.hr\/bs\/proizvod\/stalak-za-cipele-100x19x90cm\/#primaryimage"},"image":{"@id":"https:\/\/inti.hr\/bs\/proizvod\/stalak-za-cipele-100x19x90cm\/#primaryimage"},"thumbnailUrl":"https:\/\/i0.wp.com\/inti.hr\/wp-content\/uploads\/2024\/10\/FSR100-SY-Y001_860x.webp?fit=860%2C860&ssl=1","datePublished":"2024-10-03T16:28:14+00:00","dateModified":"2024-10-03T16:28:14+00:00","description":"Stalak za cipele ima kompaktan i moderan dizajn pogodan za odlaganje svih vrsta cipela. Ima smanjenu dubinu \u0161to ga \u010dini idealnim za duga\u010dke hodnike i prolaze.S dizajnom koji \u0161tedi prostor s prostranim pretincima s preklopom, savr\u0161eno se uklapa u svako okru\u017eenje.Preporu\u010dljivo je pri\u010dvrstiti namje\u0161taj na zid s uklju\u010denim priborom protiv prevrtanja, kako biste izbjegli nezgode ako se dijete popne ili visi na njemu.","breadcrumb":{"@id":"https:\/\/inti.hr\/bs\/proizvod\/stalak-za-cipele-100x19x90cm\/#breadcrumb"},"inLanguage":"bs-BA","potentialAction":[{"@type":"ReadAction","target":["https:\/\/inti.hr\/bs\/proizvod\/stalak-za-cipele-100x19x90cm\/"]}]},{"@type":"ImageObject","inLanguage":"bs-BA","@id":"https:\/\/inti.hr\/bs\/proizvod\/stalak-za-cipele-100x19x90cm\/#primaryimage","url":"https:\/\/i0.wp.com\/inti.hr\/wp-content\/uploads\/2024\/10\/FSR100-SY-Y001_860x.webp?fit=860%2C860&ssl=1","contentUrl":"https:\/\/i0.wp.com\/inti.hr\/wp-content\/uploads\/2024\/10\/FSR100-SY-Y001_860x.webp?fit=860%2C860&ssl=1","width":860,"height":860,"caption":"SoBuy Stalak za cipele 100x19x90cm FSR100-SY"},{"@type":"BreadcrumbList","@id":"https:\/\/inti.hr\/bs\/proizvod\/stalak-za-cipele-100x19x90cm\/#breadcrumb","itemListElement":[{"@type":"ListItem","position":1,"name":"Po\u010detna stranica","item":"https:\/\/inti.hr\/bs\/"},{"@type":"ListItem","position":2,"name":"Trgovina","item":"https:\/\/inti.hr\/bs\/trgovina\/"},{"@type":"ListItem","position":3,"name":"Stalak za cipele 100x19x90cm"}]},{"@type":"WebSite","@id":"https:\/\/inti.hr\/bs\/#website","url":"https:\/\/inti.hr\/bs\/","name":"Inti","description":"trgovina","potentialAction":[{"@type":"SearchAction","target":{"@type":"EntryPoint","urlTemplate":"https:\/\/inti.hr\/bs\/?s={search_term_string}"},"query-input":{"@type":"PropertyValueSpecification","valueRequired":true,"valueName":"search_term_string"}}],"inLanguage":"bs-BA"}]}},"jetpack_sharing_enabled":true,"jetpack-related-posts":[],"_links":{"self":[{"href":"https:\/\/inti.hr\/bs\/wp-json\/wp\/v2\/product\/35921"}],"collection":[{"href":"https:\/\/inti.hr\/bs\/wp-json\/wp\/v2\/product"}],"about":[{"href":"https:\/\/inti.hr\/bs\/wp-json\/wp\/v2\/types\/product"}],"wp:featuredmedia":[{"embeddable":true,"href":"https:\/\/inti.hr\/bs\/wp-json\/wp\/v2\/media\/35922"}],"wp:attachment":[{"href":"https:\/\/inti.hr\/bs\/wp-json\/wp\/v2\/media?parent=35921"}],"wp:term":[{"taxonomy":"product_cat","embeddable":true,"href":"https:\/\/inti.hr\/bs\/wp-json\/wp\/v2\/product_cat?post=35921"},{"taxonomy":"product_tag","embeddable":true,"href":"https:\/\/inti.hr\/bs\/wp-json\/wp\/v2\/product_tag?post=35921"}],"curies":[{"name":"wp","href":"https:\/\/api.w.org\/{rel}","templated":true}]}}