{"id":35925,"date":"2024-06-05T09:09:43","date_gmt":"2024-06-05T08:09:43","guid":{"rendered":"https:\/\/inti.hr\/product\/pomocni-stolic-samnanger-60x28x53cm-crni\/"},"modified":"2024-06-05T09:09:43","modified_gmt":"2024-06-05T08:09:43","slug":"pomocni-stolic-samnanger-60x28x53cm-crni","status":"publish","type":"product","link":"https:\/\/inti.hr\/bs\/proizvod\/pomocni-stolic-samnanger-60x28x53cm-crni\/","title":{"rendered":"Pomo\u0107ni stoli\u0107 Samnanger 60x28x53cm crni"},"content":{"rendered":"<p>Detalji proizvoda:<\/p>\n<p>&nbsp;<\/p>\n<p>&#8211; Svestrani pomo\u0107ni stoli\u0107<br \/>\n&#8211; Izvanredan i bezvremenski dizajn<br \/>\n&#8211; Dodatni prostor za pohranu zahvaljuju\u0107i ni\u017eoj, uklonjivoj razini<br \/>\n&#8211; Integrirana tekstilna polica za novine i jo\u0161 mnogo toga<br \/>\n&#8211; Brzo i jednostavno sastavljanje<br \/>\n&#8211; Povr\u0161ina laka za \u010di\u0161\u0107enje<br \/>\n&#8211; Stabilno postolje zahvaljuju\u0107i \u010detiri stolne noge<\/p>\n<p>Dimenzije:<\/p>\n<p>&#8211; Ukupne (Dx\u0160xV): 60 x 28 x 53 cm<br \/>\n&#8211; Donja razina (Dx\u0160): 24 x 28 cm<br \/>\n&#8211; Visina police za novine: 22 cm<br \/>\n&#8211; Udaljenost od gornje do donje razine stola: 19 cm<br \/>\n&#8211; Debljina plo\u010de stola: 15 mm<\/p>\n<p>Materijal:<\/p>\n<p>&#8211; Plo\u010da stola: iveral<br \/>\n&#8211; Okvir stola + donja razina: \u010delik<br \/>\n&#8211; Stalak za novine: tekstil (100% poliester)<\/p>\n<p>Boja: Stol: Crna, Stalak za novine: Siva<\/p>\n","protected":false},"excerpt":{"rendered":"<p>Ovaj pomo\u0107ni stoli\u0107 savr\u0161en je dodatak va\u0161em domu. Sa svojim bezvremenskim &#8230; <\/p>\n","protected":false},"featured_media":35926,"template":"","meta":[],"product_cat":[2418],"product_tag":[3096,2911],"yoast_head":"<!-- This site is optimized with the Yoast SEO plugin v23.7 - https:\/\/yoast.com\/wordpress\/plugins\/seo\/ -->\n<title>Pomo\u0107ni stoli\u0107 Samnanger 60x28x53cm crni - Inti<\/title>\n<meta name=\"description\" content=\"Ovaj pomo\u0107ni stoli\u0107 savr\u0161en je dodatak va\u0161em domu. Sa svojim bezvremenskim i elegantnim dizajnom, stol je prava vrijednost za svaki \u017eivotni prostor.Plo\u010da stola i donja, uklonjiva polica nude dovoljno prostora za va\u0161e osobne predmete. Mo\u017eete sigurno pohraniti grickalice i pi\u0107a dok gledate svoju omiljenu seriju ili dr\u017eati svoje trenutno \u0161tivo pri ruci. Stol tako\u0111er mo\u017eete kreativno koristiti za izlaganje ukrasa poput vaza, svije\u0107a ili okvira za slike. Ispod uklonjive police nalazi se prakti\u010dna polica od tkanine koja je idealna za odlaganje novina, \u010dasopisa ili drugih sitnica.U dnevnoj sobi mo\u017ee poslu\u017eiti kao prakti\u010dna polica uz kau\u010d, dok u spava\u0107oj sobi mo\u017ee poslu\u017eiti kao no\u0107ni ormari\u0107 za va\u0161u lampu za \u010ditanje i knjigu. Osim toga, mo\u017ee pru\u017eiti gostoljubivu dobrodo\u0161licu u ulaznom prostoru.\" \/>\n<meta name=\"robots\" content=\"index, follow, max-snippet:-1, max-image-preview:large, max-video-preview:-1\" \/>\n<link rel=\"canonical\" href=\"https:\/\/inti.hr\/bs\/proizvod\/pomocni-stolic-samnanger-60x28x53cm-crni\/\" \/>\n<meta property=\"og:locale\" content=\"bs_BA\" \/>\n<meta property=\"og:type\" content=\"article\" \/>\n<meta property=\"og:title\" content=\"Pomo\u0107ni stoli\u0107 Samnanger 60x28x53cm crni - Inti\" \/>\n<meta property=\"og:description\" content=\"Ovaj pomo\u0107ni stoli\u0107 savr\u0161en je dodatak va\u0161em domu. Sa svojim bezvremenskim i elegantnim dizajnom, stol je prava vrijednost za svaki \u017eivotni prostor.Plo\u010da stola i donja, uklonjiva polica nude dovoljno prostora za va\u0161e osobne predmete. Mo\u017eete sigurno pohraniti grickalice i pi\u0107a dok gledate svoju omiljenu seriju ili dr\u017eati svoje trenutno \u0161tivo pri ruci. Stol tako\u0111er mo\u017eete kreativno koristiti za izlaganje ukrasa poput vaza, svije\u0107a ili okvira za slike. Ispod uklonjive police nalazi se prakti\u010dna polica od tkanine koja je idealna za odlaganje novina, \u010dasopisa ili drugih sitnica.U dnevnoj sobi mo\u017ee poslu\u017eiti kao prakti\u010dna polica uz kau\u010d, dok u spava\u0107oj sobi mo\u017ee poslu\u017eiti kao no\u0107ni ormari\u0107 za va\u0161u lampu za \u010ditanje i knjigu. Osim toga, mo\u017ee pru\u017eiti gostoljubivu dobrodo\u0161licu u ulaznom prostoru.\" \/>\n<meta property=\"og:url\" content=\"https:\/\/inti.hr\/bs\/proizvod\/pomocni-stolic-samnanger-60x28x53cm-crni\/\" \/>\n<meta property=\"og:site_name\" content=\"Inti\" \/>\n<meta property=\"og:image\" content=\"https:\/\/i0.wp.com\/inti.hr\/wp-content\/uploads\/2024\/06\/60db5d27c769b49ccedf2805e6b3908d.jpg?fit=1400%2C1400&ssl=1\" \/>\n\t<meta property=\"og:image:width\" content=\"1400\" \/>\n\t<meta property=\"og:image:height\" content=\"1400\" \/>\n\t<meta property=\"og:image:type\" content=\"image\/jpeg\" \/>\n<meta name=\"twitter:card\" content=\"summary_large_image\" \/>\n<meta name=\"twitter:label1\" content=\"Est. reading time\" \/>\n\t<meta name=\"twitter:data1\" content=\"1 minuta\" \/>\n<script type=\"application\/ld+json\" class=\"yoast-schema-graph\">{\"@context\":\"https:\/\/schema.org\",\"@graph\":[{\"@type\":\"WebPage\",\"@id\":\"https:\/\/inti.hr\/bs\/proizvod\/pomocni-stolic-samnanger-60x28x53cm-crni\/\",\"url\":\"https:\/\/inti.hr\/bs\/proizvod\/pomocni-stolic-samnanger-60x28x53cm-crni\/\",\"name\":\"Pomo\u0107ni stoli\u0107 Samnanger 60x28x53cm crni - Inti\",\"isPartOf\":{\"@id\":\"https:\/\/inti.hr\/bs\/#website\"},\"primaryImageOfPage\":{\"@id\":\"https:\/\/inti.hr\/bs\/proizvod\/pomocni-stolic-samnanger-60x28x53cm-crni\/#primaryimage\"},\"image\":{\"@id\":\"https:\/\/inti.hr\/bs\/proizvod\/pomocni-stolic-samnanger-60x28x53cm-crni\/#primaryimage\"},\"thumbnailUrl\":\"https:\/\/i0.wp.com\/inti.hr\/wp-content\/uploads\/2024\/06\/60db5d27c769b49ccedf2805e6b3908d.jpg?fit=1400%2C1400&ssl=1\",\"datePublished\":\"2024-06-05T08:09:43+00:00\",\"dateModified\":\"2024-06-05T08:09:43+00:00\",\"description\":\"Ovaj pomo\u0107ni stoli\u0107 savr\u0161en je dodatak va\u0161em domu. Sa svojim bezvremenskim i elegantnim dizajnom, stol je prava vrijednost za svaki \u017eivotni prostor.Plo\u010da stola i donja, uklonjiva polica nude dovoljno prostora za va\u0161e osobne predmete. Mo\u017eete sigurno pohraniti grickalice i pi\u0107a dok gledate svoju omiljenu seriju ili dr\u017eati svoje trenutno \u0161tivo pri ruci. Stol tako\u0111er mo\u017eete kreativno koristiti za izlaganje ukrasa poput vaza, svije\u0107a ili okvira za slike. Ispod uklonjive police nalazi se prakti\u010dna polica od tkanine koja je idealna za odlaganje novina, \u010dasopisa ili drugih sitnica.U dnevnoj sobi mo\u017ee poslu\u017eiti kao prakti\u010dna polica uz kau\u010d, dok u spava\u0107oj sobi mo\u017ee poslu\u017eiti kao no\u0107ni ormari\u0107 za va\u0161u lampu za \u010ditanje i knjigu. Osim toga, mo\u017ee pru\u017eiti gostoljubivu dobrodo\u0161licu u ulaznom prostoru.\",\"breadcrumb\":{\"@id\":\"https:\/\/inti.hr\/bs\/proizvod\/pomocni-stolic-samnanger-60x28x53cm-crni\/#breadcrumb\"},\"inLanguage\":\"bs-BA\",\"potentialAction\":[{\"@type\":\"ReadAction\",\"target\":[\"https:\/\/inti.hr\/bs\/proizvod\/pomocni-stolic-samnanger-60x28x53cm-crni\/\"]}]},{\"@type\":\"ImageObject\",\"inLanguage\":\"bs-BA\",\"@id\":\"https:\/\/inti.hr\/bs\/proizvod\/pomocni-stolic-samnanger-60x28x53cm-crni\/#primaryimage\",\"url\":\"https:\/\/i0.wp.com\/inti.hr\/wp-content\/uploads\/2024\/06\/60db5d27c769b49ccedf2805e6b3908d.jpg?fit=1400%2C1400&ssl=1\",\"contentUrl\":\"https:\/\/i0.wp.com\/inti.hr\/wp-content\/uploads\/2024\/06\/60db5d27c769b49ccedf2805e6b3908d.jpg?fit=1400%2C1400&ssl=1\",\"width\":1400,\"height\":1400,\"caption\":\"Pomo\u0107ni stoli\u0107 Samnanger 60x28x53cm crni\"},{\"@type\":\"BreadcrumbList\",\"@id\":\"https:\/\/inti.hr\/bs\/proizvod\/pomocni-stolic-samnanger-60x28x53cm-crni\/#breadcrumb\",\"itemListElement\":[{\"@type\":\"ListItem\",\"position\":1,\"name\":\"Po\u010detna stranica\",\"item\":\"https:\/\/inti.hr\/bs\/\"},{\"@type\":\"ListItem\",\"position\":2,\"name\":\"Trgovina\",\"item\":\"https:\/\/inti.hr\/bs\/trgovina\/\"},{\"@type\":\"ListItem\",\"position\":3,\"name\":\"Pomo\u0107ni stoli\u0107 Samnanger 60x28x53cm crni\"}]},{\"@type\":\"WebSite\",\"@id\":\"https:\/\/inti.hr\/bs\/#website\",\"url\":\"https:\/\/inti.hr\/bs\/\",\"name\":\"Inti\",\"description\":\"trgovina\",\"potentialAction\":[{\"@type\":\"SearchAction\",\"target\":{\"@type\":\"EntryPoint\",\"urlTemplate\":\"https:\/\/inti.hr\/bs\/?s={search_term_string}\"},\"query-input\":{\"@type\":\"PropertyValueSpecification\",\"valueRequired\":true,\"valueName\":\"search_term_string\"}}],\"inLanguage\":\"bs-BA\"}]}<\/script>\n<!-- \/ Yoast SEO plugin. -->","yoast_head_json":{"title":"Pomo\u0107ni stoli\u0107 Samnanger 60x28x53cm crni - Inti","description":"Ovaj pomo\u0107ni stoli\u0107 savr\u0161en je dodatak va\u0161em domu. Sa svojim bezvremenskim i elegantnim dizajnom, stol je prava vrijednost za svaki \u017eivotni prostor.Plo\u010da stola i donja, uklonjiva polica nude dovoljno prostora za va\u0161e osobne predmete. Mo\u017eete sigurno pohraniti grickalice i pi\u0107a dok gledate svoju omiljenu seriju ili dr\u017eati svoje trenutno \u0161tivo pri ruci. Stol tako\u0111er mo\u017eete kreativno koristiti za izlaganje ukrasa poput vaza, svije\u0107a ili okvira za slike. Ispod uklonjive police nalazi se prakti\u010dna polica od tkanine koja je idealna za odlaganje novina, \u010dasopisa ili drugih sitnica.U dnevnoj sobi mo\u017ee poslu\u017eiti kao prakti\u010dna polica uz kau\u010d, dok u spava\u0107oj sobi mo\u017ee poslu\u017eiti kao no\u0107ni ormari\u0107 za va\u0161u lampu za \u010ditanje i knjigu. Osim toga, mo\u017ee pru\u017eiti gostoljubivu dobrodo\u0161licu u ulaznom prostoru.","robots":{"index":"index","follow":"follow","max-snippet":"max-snippet:-1","max-image-preview":"max-image-preview:large","max-video-preview":"max-video-preview:-1"},"canonical":"https:\/\/inti.hr\/bs\/proizvod\/pomocni-stolic-samnanger-60x28x53cm-crni\/","og_locale":"bs_BA","og_type":"article","og_title":"Pomo\u0107ni stoli\u0107 Samnanger 60x28x53cm crni - Inti","og_description":"Ovaj pomo\u0107ni stoli\u0107 savr\u0161en je dodatak va\u0161em domu. Sa svojim bezvremenskim i elegantnim dizajnom, stol je prava vrijednost za svaki \u017eivotni prostor.Plo\u010da stola i donja, uklonjiva polica nude dovoljno prostora za va\u0161e osobne predmete. Mo\u017eete sigurno pohraniti grickalice i pi\u0107a dok gledate svoju omiljenu seriju ili dr\u017eati svoje trenutno \u0161tivo pri ruci. Stol tako\u0111er mo\u017eete kreativno koristiti za izlaganje ukrasa poput vaza, svije\u0107a ili okvira za slike. Ispod uklonjive police nalazi se prakti\u010dna polica od tkanine koja je idealna za odlaganje novina, \u010dasopisa ili drugih sitnica.U dnevnoj sobi mo\u017ee poslu\u017eiti kao prakti\u010dna polica uz kau\u010d, dok u spava\u0107oj sobi mo\u017ee poslu\u017eiti kao no\u0107ni ormari\u0107 za va\u0161u lampu za \u010ditanje i knjigu. Osim toga, mo\u017ee pru\u017eiti gostoljubivu dobrodo\u0161licu u ulaznom prostoru.","og_url":"https:\/\/inti.hr\/bs\/proizvod\/pomocni-stolic-samnanger-60x28x53cm-crni\/","og_site_name":"Inti","og_image":[{"width":1400,"height":1400,"url":"https:\/\/i0.wp.com\/inti.hr\/wp-content\/uploads\/2024\/06\/60db5d27c769b49ccedf2805e6b3908d.jpg?fit=1400%2C1400&ssl=1","type":"image\/jpeg"}],"twitter_card":"summary_large_image","twitter_misc":{"Est. reading time":"1 minuta"},"schema":{"@context":"https:\/\/schema.org","@graph":[{"@type":"WebPage","@id":"https:\/\/inti.hr\/bs\/proizvod\/pomocni-stolic-samnanger-60x28x53cm-crni\/","url":"https:\/\/inti.hr\/bs\/proizvod\/pomocni-stolic-samnanger-60x28x53cm-crni\/","name":"Pomo\u0107ni stoli\u0107 Samnanger 60x28x53cm crni - Inti","isPartOf":{"@id":"https:\/\/inti.hr\/bs\/#website"},"primaryImageOfPage":{"@id":"https:\/\/inti.hr\/bs\/proizvod\/pomocni-stolic-samnanger-60x28x53cm-crni\/#primaryimage"},"image":{"@id":"https:\/\/inti.hr\/bs\/proizvod\/pomocni-stolic-samnanger-60x28x53cm-crni\/#primaryimage"},"thumbnailUrl":"https:\/\/i0.wp.com\/inti.hr\/wp-content\/uploads\/2024\/06\/60db5d27c769b49ccedf2805e6b3908d.jpg?fit=1400%2C1400&ssl=1","datePublished":"2024-06-05T08:09:43+00:00","dateModified":"2024-06-05T08:09:43+00:00","description":"Ovaj pomo\u0107ni stoli\u0107 savr\u0161en je dodatak va\u0161em domu. Sa svojim bezvremenskim i elegantnim dizajnom, stol je prava vrijednost za svaki \u017eivotni prostor.Plo\u010da stola i donja, uklonjiva polica nude dovoljno prostora za va\u0161e osobne predmete. Mo\u017eete sigurno pohraniti grickalice i pi\u0107a dok gledate svoju omiljenu seriju ili dr\u017eati svoje trenutno \u0161tivo pri ruci. Stol tako\u0111er mo\u017eete kreativno koristiti za izlaganje ukrasa poput vaza, svije\u0107a ili okvira za slike. Ispod uklonjive police nalazi se prakti\u010dna polica od tkanine koja je idealna za odlaganje novina, \u010dasopisa ili drugih sitnica.U dnevnoj sobi mo\u017ee poslu\u017eiti kao prakti\u010dna polica uz kau\u010d, dok u spava\u0107oj sobi mo\u017ee poslu\u017eiti kao no\u0107ni ormari\u0107 za va\u0161u lampu za \u010ditanje i knjigu. Osim toga, mo\u017ee pru\u017eiti gostoljubivu dobrodo\u0161licu u ulaznom prostoru.","breadcrumb":{"@id":"https:\/\/inti.hr\/bs\/proizvod\/pomocni-stolic-samnanger-60x28x53cm-crni\/#breadcrumb"},"inLanguage":"bs-BA","potentialAction":[{"@type":"ReadAction","target":["https:\/\/inti.hr\/bs\/proizvod\/pomocni-stolic-samnanger-60x28x53cm-crni\/"]}]},{"@type":"ImageObject","inLanguage":"bs-BA","@id":"https:\/\/inti.hr\/bs\/proizvod\/pomocni-stolic-samnanger-60x28x53cm-crni\/#primaryimage","url":"https:\/\/i0.wp.com\/inti.hr\/wp-content\/uploads\/2024\/06\/60db5d27c769b49ccedf2805e6b3908d.jpg?fit=1400%2C1400&ssl=1","contentUrl":"https:\/\/i0.wp.com\/inti.hr\/wp-content\/uploads\/2024\/06\/60db5d27c769b49ccedf2805e6b3908d.jpg?fit=1400%2C1400&ssl=1","width":1400,"height":1400,"caption":"Pomo\u0107ni stoli\u0107 Samnanger 60x28x53cm crni"},{"@type":"BreadcrumbList","@id":"https:\/\/inti.hr\/bs\/proizvod\/pomocni-stolic-samnanger-60x28x53cm-crni\/#breadcrumb","itemListElement":[{"@type":"ListItem","position":1,"name":"Po\u010detna stranica","item":"https:\/\/inti.hr\/bs\/"},{"@type":"ListItem","position":2,"name":"Trgovina","item":"https:\/\/inti.hr\/bs\/trgovina\/"},{"@type":"ListItem","position":3,"name":"Pomo\u0107ni stoli\u0107 Samnanger 60x28x53cm crni"}]},{"@type":"WebSite","@id":"https:\/\/inti.hr\/bs\/#website","url":"https:\/\/inti.hr\/bs\/","name":"Inti","description":"trgovina","potentialAction":[{"@type":"SearchAction","target":{"@type":"EntryPoint","urlTemplate":"https:\/\/inti.hr\/bs\/?s={search_term_string}"},"query-input":{"@type":"PropertyValueSpecification","valueRequired":true,"valueName":"search_term_string"}}],"inLanguage":"bs-BA"}]}},"jetpack_sharing_enabled":true,"jetpack-related-posts":[],"_links":{"self":[{"href":"https:\/\/inti.hr\/bs\/wp-json\/wp\/v2\/product\/35925"}],"collection":[{"href":"https:\/\/inti.hr\/bs\/wp-json\/wp\/v2\/product"}],"about":[{"href":"https:\/\/inti.hr\/bs\/wp-json\/wp\/v2\/types\/product"}],"wp:featuredmedia":[{"embeddable":true,"href":"https:\/\/inti.hr\/bs\/wp-json\/wp\/v2\/media\/35926"}],"wp:attachment":[{"href":"https:\/\/inti.hr\/bs\/wp-json\/wp\/v2\/media?parent=35925"}],"wp:term":[{"taxonomy":"product_cat","embeddable":true,"href":"https:\/\/inti.hr\/bs\/wp-json\/wp\/v2\/product_cat?post=35925"},{"taxonomy":"product_tag","embeddable":true,"href":"https:\/\/inti.hr\/bs\/wp-json\/wp\/v2\/product_tag?post=35925"}],"curies":[{"name":"wp","href":"https:\/\/api.w.org\/{rel}","templated":true}]}}