{"id":35945,"date":"2024-05-24T07:25:09","date_gmt":"2024-05-24T06:25:09","guid":{"rendered":"https:\/\/inti.hr\/product\/set-od-2-barske-stolice-izradene-od-punog-drva-metal\/"},"modified":"2024-05-24T07:25:09","modified_gmt":"2024-05-24T06:25:09","slug":"set-od-2-barske-stolice-izradene-od-punog-drva-metal","status":"publish","type":"product","link":"https:\/\/inti.hr\/bs\/proizvod\/set-od-2-barske-stolice-izradene-od-punog-drva-metal\/","title":{"rendered":"Set od 2 barske stolice izra\u0111ene od punog drva metal"},"content":{"rendered":"<p>Detalji proizvoda:<\/p>\n<p>Materijali: puno drvo + metal<br \/>\nDostupne boje: sme\u0111a, izgled tamnog drveta, izgled svijetlog drveta<br \/>\nDimenzije sjedala: 41,5 x (60-81) x 31,5 cm (\u0160 x V x D)<br \/>\nBaza: \u03c6 41 cm<br \/>\nNeto te\u017eina: cca 6,2 kg po stolici<br \/>\nMaksimalna nosivost: 150 kg<\/p>\n","protected":false},"excerpt":{"rendered":"<p>Sjedalo u obliku sedla savr\u0161eno se prilago\u0111ava liniji bokova, raspore\u0111uje pritisak &#8230; <\/p>\n","protected":false},"featured_media":35946,"template":"","meta":[],"product_cat":[2570,2536],"product_tag":[2626,4654],"yoast_head":"<!-- This site is optimized with the Yoast SEO plugin v23.7 - https:\/\/yoast.com\/wordpress\/plugins\/seo\/ -->\n<title>Set od 2 barske stolice izra\u0111ene od punog drva metal - Inti<\/title>\n<meta name=\"description\" content=\"Sjedalo u obliku sedla savr\u0161eno se prilago\u0111ava liniji bokova, raspore\u0111uje pritisak tijela i osigurava udobno sjedenje. Oslonac za noge pru\u017ea potporu nogama i stopalima te smanjuje rizik od gubitka ravnote\u017ee pri okretanju. Sjedalo od prirodne borovine je \u010dvrsto i lako se \u010disti; plinski podupira\u010d je zadebljan za glatko i glatko gore i dolje; \u0161iroka baza trube od \u03c6 41 cm osigurava stabilnost i otpornost na prevrtanje; Protuklizni prsten ispod \u0161titi pod i pove\u0107ava stabilnost. Nosivost drvenog taburea: 150 kg. Zahvaljuju\u0107i visokokvalitetnoj plinskoj tla\u010dnoj opruzi, sjedalo se mo\u017ee okretati za 360\u00b0 i podesiti po visini izme\u0111u 60 i 81 cm. To zna\u010di da mo\u017eete prilagoditi visinu sjedala razli\u010ditim pultima ili barskim stolovima i udobno se okrenuti prema osobi s kojom razgovarate. Ovaj elegantan i moderan okretni stolac idealan je za kuhinjske otoke, barove, \u0161ankove, kuhinjske \u0161ankove, \u0161ankove za doru\u010dak, restorane, salone, kafi\u0107e itd. S kompaktnom veli\u010dinom i dizajnom bez naslona, \u200b\u200bmo\u017ee se postaviti ispod \u0161ankova ili barskih stolova radi u\u0161tede prostor. Drvena barska stolica podesiva po visini dolazi s uputama za sastavljanje, potrebnim priborom i alatima i mo\u017ee se sastaviti u roku od 10 minuta. Tako\u0111er se lako \u010disti vla\u017enom krpom.\" \/>\n<meta name=\"robots\" content=\"index, follow, max-snippet:-1, max-image-preview:large, max-video-preview:-1\" \/>\n<link rel=\"canonical\" href=\"https:\/\/inti.hr\/bs\/proizvod\/set-od-2-barske-stolice-izradene-od-punog-drva-metal\/\" \/>\n<meta property=\"og:locale\" content=\"bs_BA\" \/>\n<meta property=\"og:type\" content=\"article\" \/>\n<meta property=\"og:title\" content=\"Set od 2 barske stolice izra\u0111ene od punog drva metal - Inti\" \/>\n<meta property=\"og:description\" content=\"Sjedalo u obliku sedla savr\u0161eno se prilago\u0111ava liniji bokova, raspore\u0111uje pritisak tijela i osigurava udobno sjedenje. Oslonac za noge pru\u017ea potporu nogama i stopalima te smanjuje rizik od gubitka ravnote\u017ee pri okretanju. Sjedalo od prirodne borovine je \u010dvrsto i lako se \u010disti; plinski podupira\u010d je zadebljan za glatko i glatko gore i dolje; \u0161iroka baza trube od \u03c6 41 cm osigurava stabilnost i otpornost na prevrtanje; Protuklizni prsten ispod \u0161titi pod i pove\u0107ava stabilnost. Nosivost drvenog taburea: 150 kg. Zahvaljuju\u0107i visokokvalitetnoj plinskoj tla\u010dnoj opruzi, sjedalo se mo\u017ee okretati za 360\u00b0 i podesiti po visini izme\u0111u 60 i 81 cm. To zna\u010di da mo\u017eete prilagoditi visinu sjedala razli\u010ditim pultima ili barskim stolovima i udobno se okrenuti prema osobi s kojom razgovarate. Ovaj elegantan i moderan okretni stolac idealan je za kuhinjske otoke, barove, \u0161ankove, kuhinjske \u0161ankove, \u0161ankove za doru\u010dak, restorane, salone, kafi\u0107e itd. S kompaktnom veli\u010dinom i dizajnom bez naslona, \u200b\u200bmo\u017ee se postaviti ispod \u0161ankova ili barskih stolova radi u\u0161tede prostor. Drvena barska stolica podesiva po visini dolazi s uputama za sastavljanje, potrebnim priborom i alatima i mo\u017ee se sastaviti u roku od 10 minuta. Tako\u0111er se lako \u010disti vla\u017enom krpom.\" \/>\n<meta property=\"og:url\" content=\"https:\/\/inti.hr\/bs\/proizvod\/set-od-2-barske-stolice-izradene-od-punog-drva-metal\/\" \/>\n<meta property=\"og:site_name\" content=\"Inti\" \/>\n<meta property=\"og:image\" content=\"https:\/\/i0.wp.com\/inti.hr\/wp-content\/uploads\/2024\/05\/Barhocker-Kuechenhocker-mit-Sattelsitz-Fussstuetze-aus-Massivholz-Metall-W0ATT0552-Braun6_600x600.jpg?fit=600%2C600&ssl=1\" \/>\n\t<meta property=\"og:image:width\" content=\"600\" \/>\n\t<meta property=\"og:image:height\" content=\"600\" \/>\n\t<meta property=\"og:image:type\" content=\"image\/jpeg\" \/>\n<meta name=\"twitter:card\" content=\"summary_large_image\" \/>\n<script type=\"application\/ld+json\" class=\"yoast-schema-graph\">{\"@context\":\"https:\/\/schema.org\",\"@graph\":[{\"@type\":\"WebPage\",\"@id\":\"https:\/\/inti.hr\/bs\/proizvod\/set-od-2-barske-stolice-izradene-od-punog-drva-metal\/\",\"url\":\"https:\/\/inti.hr\/bs\/proizvod\/set-od-2-barske-stolice-izradene-od-punog-drva-metal\/\",\"name\":\"Set od 2 barske stolice izra\u0111ene od punog drva metal - Inti\",\"isPartOf\":{\"@id\":\"https:\/\/inti.hr\/bs\/#website\"},\"primaryImageOfPage\":{\"@id\":\"https:\/\/inti.hr\/bs\/proizvod\/set-od-2-barske-stolice-izradene-od-punog-drva-metal\/#primaryimage\"},\"image\":{\"@id\":\"https:\/\/inti.hr\/bs\/proizvod\/set-od-2-barske-stolice-izradene-od-punog-drva-metal\/#primaryimage\"},\"thumbnailUrl\":\"https:\/\/i0.wp.com\/inti.hr\/wp-content\/uploads\/2024\/05\/Barhocker-Kuechenhocker-mit-Sattelsitz-Fussstuetze-aus-Massivholz-Metall-W0ATT0552-Braun6_600x600.jpg?fit=600%2C600&ssl=1\",\"datePublished\":\"2024-05-24T06:25:09+00:00\",\"dateModified\":\"2024-05-24T06:25:09+00:00\",\"description\":\"Sjedalo u obliku sedla savr\u0161eno se prilago\u0111ava liniji bokova, raspore\u0111uje pritisak tijela i osigurava udobno sjedenje. Oslonac za noge pru\u017ea potporu nogama i stopalima te smanjuje rizik od gubitka ravnote\u017ee pri okretanju. Sjedalo od prirodne borovine je \u010dvrsto i lako se \u010disti; plinski podupira\u010d je zadebljan za glatko i glatko gore i dolje; \u0161iroka baza trube od \u03c6 41 cm osigurava stabilnost i otpornost na prevrtanje; Protuklizni prsten ispod \u0161titi pod i pove\u0107ava stabilnost. Nosivost drvenog taburea: 150 kg. Zahvaljuju\u0107i visokokvalitetnoj plinskoj tla\u010dnoj opruzi, sjedalo se mo\u017ee okretati za 360\u00b0 i podesiti po visini izme\u0111u 60 i 81 cm. To zna\u010di da mo\u017eete prilagoditi visinu sjedala razli\u010ditim pultima ili barskim stolovima i udobno se okrenuti prema osobi s kojom razgovarate. Ovaj elegantan i moderan okretni stolac idealan je za kuhinjske otoke, barove, \u0161ankove, kuhinjske \u0161ankove, \u0161ankove za doru\u010dak, restorane, salone, kafi\u0107e itd. S kompaktnom veli\u010dinom i dizajnom bez naslona, \u200b\u200bmo\u017ee se postaviti ispod \u0161ankova ili barskih stolova radi u\u0161tede prostor. Drvena barska stolica podesiva po visini dolazi s uputama za sastavljanje, potrebnim priborom i alatima i mo\u017ee se sastaviti u roku od 10 minuta. Tako\u0111er se lako \u010disti vla\u017enom krpom.\",\"breadcrumb\":{\"@id\":\"https:\/\/inti.hr\/bs\/proizvod\/set-od-2-barske-stolice-izradene-od-punog-drva-metal\/#breadcrumb\"},\"inLanguage\":\"bs-BA\",\"potentialAction\":[{\"@type\":\"ReadAction\",\"target\":[\"https:\/\/inti.hr\/bs\/proizvod\/set-od-2-barske-stolice-izradene-od-punog-drva-metal\/\"]}]},{\"@type\":\"ImageObject\",\"inLanguage\":\"bs-BA\",\"@id\":\"https:\/\/inti.hr\/bs\/proizvod\/set-od-2-barske-stolice-izradene-od-punog-drva-metal\/#primaryimage\",\"url\":\"https:\/\/i0.wp.com\/inti.hr\/wp-content\/uploads\/2024\/05\/Barhocker-Kuechenhocker-mit-Sattelsitz-Fussstuetze-aus-Massivholz-Metall-W0ATT0552-Braun6_600x600.jpg?fit=600%2C600&ssl=1\",\"contentUrl\":\"https:\/\/i0.wp.com\/inti.hr\/wp-content\/uploads\/2024\/05\/Barhocker-Kuechenhocker-mit-Sattelsitz-Fussstuetze-aus-Massivholz-Metall-W0ATT0552-Braun6_600x600.jpg?fit=600%2C600&ssl=1\",\"width\":600,\"height\":600,\"caption\":\"Set od 2 barske stolice izra\u0111ene od punog drva metal\"},{\"@type\":\"BreadcrumbList\",\"@id\":\"https:\/\/inti.hr\/bs\/proizvod\/set-od-2-barske-stolice-izradene-od-punog-drva-metal\/#breadcrumb\",\"itemListElement\":[{\"@type\":\"ListItem\",\"position\":1,\"name\":\"Po\u010detna stranica\",\"item\":\"https:\/\/inti.hr\/bs\/\"},{\"@type\":\"ListItem\",\"position\":2,\"name\":\"Trgovina\",\"item\":\"https:\/\/inti.hr\/bs\/trgovina\/\"},{\"@type\":\"ListItem\",\"position\":3,\"name\":\"Set od 2 barske stolice izra\u0111ene od punog drva metal\"}]},{\"@type\":\"WebSite\",\"@id\":\"https:\/\/inti.hr\/bs\/#website\",\"url\":\"https:\/\/inti.hr\/bs\/\",\"name\":\"Inti\",\"description\":\"trgovina\",\"potentialAction\":[{\"@type\":\"SearchAction\",\"target\":{\"@type\":\"EntryPoint\",\"urlTemplate\":\"https:\/\/inti.hr\/bs\/?s={search_term_string}\"},\"query-input\":{\"@type\":\"PropertyValueSpecification\",\"valueRequired\":true,\"valueName\":\"search_term_string\"}}],\"inLanguage\":\"bs-BA\"}]}<\/script>\n<!-- \/ Yoast SEO plugin. -->","yoast_head_json":{"title":"Set od 2 barske stolice izra\u0111ene od punog drva metal - Inti","description":"Sjedalo u obliku sedla savr\u0161eno se prilago\u0111ava liniji bokova, raspore\u0111uje pritisak tijela i osigurava udobno sjedenje. Oslonac za noge pru\u017ea potporu nogama i stopalima te smanjuje rizik od gubitka ravnote\u017ee pri okretanju. Sjedalo od prirodne borovine je \u010dvrsto i lako se \u010disti; plinski podupira\u010d je zadebljan za glatko i glatko gore i dolje; \u0161iroka baza trube od \u03c6 41 cm osigurava stabilnost i otpornost na prevrtanje; Protuklizni prsten ispod \u0161titi pod i pove\u0107ava stabilnost. Nosivost drvenog taburea: 150 kg. Zahvaljuju\u0107i visokokvalitetnoj plinskoj tla\u010dnoj opruzi, sjedalo se mo\u017ee okretati za 360\u00b0 i podesiti po visini izme\u0111u 60 i 81 cm. To zna\u010di da mo\u017eete prilagoditi visinu sjedala razli\u010ditim pultima ili barskim stolovima i udobno se okrenuti prema osobi s kojom razgovarate. Ovaj elegantan i moderan okretni stolac idealan je za kuhinjske otoke, barove, \u0161ankove, kuhinjske \u0161ankove, \u0161ankove za doru\u010dak, restorane, salone, kafi\u0107e itd. S kompaktnom veli\u010dinom i dizajnom bez naslona, \u200b\u200bmo\u017ee se postaviti ispod \u0161ankova ili barskih stolova radi u\u0161tede prostor. Drvena barska stolica podesiva po visini dolazi s uputama za sastavljanje, potrebnim priborom i alatima i mo\u017ee se sastaviti u roku od 10 minuta. Tako\u0111er se lako \u010disti vla\u017enom krpom.","robots":{"index":"index","follow":"follow","max-snippet":"max-snippet:-1","max-image-preview":"max-image-preview:large","max-video-preview":"max-video-preview:-1"},"canonical":"https:\/\/inti.hr\/bs\/proizvod\/set-od-2-barske-stolice-izradene-od-punog-drva-metal\/","og_locale":"bs_BA","og_type":"article","og_title":"Set od 2 barske stolice izra\u0111ene od punog drva metal - Inti","og_description":"Sjedalo u obliku sedla savr\u0161eno se prilago\u0111ava liniji bokova, raspore\u0111uje pritisak tijela i osigurava udobno sjedenje. Oslonac za noge pru\u017ea potporu nogama i stopalima te smanjuje rizik od gubitka ravnote\u017ee pri okretanju. Sjedalo od prirodne borovine je \u010dvrsto i lako se \u010disti; plinski podupira\u010d je zadebljan za glatko i glatko gore i dolje; \u0161iroka baza trube od \u03c6 41 cm osigurava stabilnost i otpornost na prevrtanje; Protuklizni prsten ispod \u0161titi pod i pove\u0107ava stabilnost. Nosivost drvenog taburea: 150 kg. Zahvaljuju\u0107i visokokvalitetnoj plinskoj tla\u010dnoj opruzi, sjedalo se mo\u017ee okretati za 360\u00b0 i podesiti po visini izme\u0111u 60 i 81 cm. To zna\u010di da mo\u017eete prilagoditi visinu sjedala razli\u010ditim pultima ili barskim stolovima i udobno se okrenuti prema osobi s kojom razgovarate. Ovaj elegantan i moderan okretni stolac idealan je za kuhinjske otoke, barove, \u0161ankove, kuhinjske \u0161ankove, \u0161ankove za doru\u010dak, restorane, salone, kafi\u0107e itd. S kompaktnom veli\u010dinom i dizajnom bez naslona, \u200b\u200bmo\u017ee se postaviti ispod \u0161ankova ili barskih stolova radi u\u0161tede prostor. Drvena barska stolica podesiva po visini dolazi s uputama za sastavljanje, potrebnim priborom i alatima i mo\u017ee se sastaviti u roku od 10 minuta. Tako\u0111er se lako \u010disti vla\u017enom krpom.","og_url":"https:\/\/inti.hr\/bs\/proizvod\/set-od-2-barske-stolice-izradene-od-punog-drva-metal\/","og_site_name":"Inti","og_image":[{"width":600,"height":600,"url":"https:\/\/i0.wp.com\/inti.hr\/wp-content\/uploads\/2024\/05\/Barhocker-Kuechenhocker-mit-Sattelsitz-Fussstuetze-aus-Massivholz-Metall-W0ATT0552-Braun6_600x600.jpg?fit=600%2C600&ssl=1","type":"image\/jpeg"}],"twitter_card":"summary_large_image","schema":{"@context":"https:\/\/schema.org","@graph":[{"@type":"WebPage","@id":"https:\/\/inti.hr\/bs\/proizvod\/set-od-2-barske-stolice-izradene-od-punog-drva-metal\/","url":"https:\/\/inti.hr\/bs\/proizvod\/set-od-2-barske-stolice-izradene-od-punog-drva-metal\/","name":"Set od 2 barske stolice izra\u0111ene od punog drva metal - Inti","isPartOf":{"@id":"https:\/\/inti.hr\/bs\/#website"},"primaryImageOfPage":{"@id":"https:\/\/inti.hr\/bs\/proizvod\/set-od-2-barske-stolice-izradene-od-punog-drva-metal\/#primaryimage"},"image":{"@id":"https:\/\/inti.hr\/bs\/proizvod\/set-od-2-barske-stolice-izradene-od-punog-drva-metal\/#primaryimage"},"thumbnailUrl":"https:\/\/i0.wp.com\/inti.hr\/wp-content\/uploads\/2024\/05\/Barhocker-Kuechenhocker-mit-Sattelsitz-Fussstuetze-aus-Massivholz-Metall-W0ATT0552-Braun6_600x600.jpg?fit=600%2C600&ssl=1","datePublished":"2024-05-24T06:25:09+00:00","dateModified":"2024-05-24T06:25:09+00:00","description":"Sjedalo u obliku sedla savr\u0161eno se prilago\u0111ava liniji bokova, raspore\u0111uje pritisak tijela i osigurava udobno sjedenje. Oslonac za noge pru\u017ea potporu nogama i stopalima te smanjuje rizik od gubitka ravnote\u017ee pri okretanju. Sjedalo od prirodne borovine je \u010dvrsto i lako se \u010disti; plinski podupira\u010d je zadebljan za glatko i glatko gore i dolje; \u0161iroka baza trube od \u03c6 41 cm osigurava stabilnost i otpornost na prevrtanje; Protuklizni prsten ispod \u0161titi pod i pove\u0107ava stabilnost. Nosivost drvenog taburea: 150 kg. Zahvaljuju\u0107i visokokvalitetnoj plinskoj tla\u010dnoj opruzi, sjedalo se mo\u017ee okretati za 360\u00b0 i podesiti po visini izme\u0111u 60 i 81 cm. To zna\u010di da mo\u017eete prilagoditi visinu sjedala razli\u010ditim pultima ili barskim stolovima i udobno se okrenuti prema osobi s kojom razgovarate. Ovaj elegantan i moderan okretni stolac idealan je za kuhinjske otoke, barove, \u0161ankove, kuhinjske \u0161ankove, \u0161ankove za doru\u010dak, restorane, salone, kafi\u0107e itd. S kompaktnom veli\u010dinom i dizajnom bez naslona, \u200b\u200bmo\u017ee se postaviti ispod \u0161ankova ili barskih stolova radi u\u0161tede prostor. Drvena barska stolica podesiva po visini dolazi s uputama za sastavljanje, potrebnim priborom i alatima i mo\u017ee se sastaviti u roku od 10 minuta. Tako\u0111er se lako \u010disti vla\u017enom krpom.","breadcrumb":{"@id":"https:\/\/inti.hr\/bs\/proizvod\/set-od-2-barske-stolice-izradene-od-punog-drva-metal\/#breadcrumb"},"inLanguage":"bs-BA","potentialAction":[{"@type":"ReadAction","target":["https:\/\/inti.hr\/bs\/proizvod\/set-od-2-barske-stolice-izradene-od-punog-drva-metal\/"]}]},{"@type":"ImageObject","inLanguage":"bs-BA","@id":"https:\/\/inti.hr\/bs\/proizvod\/set-od-2-barske-stolice-izradene-od-punog-drva-metal\/#primaryimage","url":"https:\/\/i0.wp.com\/inti.hr\/wp-content\/uploads\/2024\/05\/Barhocker-Kuechenhocker-mit-Sattelsitz-Fussstuetze-aus-Massivholz-Metall-W0ATT0552-Braun6_600x600.jpg?fit=600%2C600&ssl=1","contentUrl":"https:\/\/i0.wp.com\/inti.hr\/wp-content\/uploads\/2024\/05\/Barhocker-Kuechenhocker-mit-Sattelsitz-Fussstuetze-aus-Massivholz-Metall-W0ATT0552-Braun6_600x600.jpg?fit=600%2C600&ssl=1","width":600,"height":600,"caption":"Set od 2 barske stolice izra\u0111ene od punog drva metal"},{"@type":"BreadcrumbList","@id":"https:\/\/inti.hr\/bs\/proizvod\/set-od-2-barske-stolice-izradene-od-punog-drva-metal\/#breadcrumb","itemListElement":[{"@type":"ListItem","position":1,"name":"Po\u010detna stranica","item":"https:\/\/inti.hr\/bs\/"},{"@type":"ListItem","position":2,"name":"Trgovina","item":"https:\/\/inti.hr\/bs\/trgovina\/"},{"@type":"ListItem","position":3,"name":"Set od 2 barske stolice izra\u0111ene od punog drva metal"}]},{"@type":"WebSite","@id":"https:\/\/inti.hr\/bs\/#website","url":"https:\/\/inti.hr\/bs\/","name":"Inti","description":"trgovina","potentialAction":[{"@type":"SearchAction","target":{"@type":"EntryPoint","urlTemplate":"https:\/\/inti.hr\/bs\/?s={search_term_string}"},"query-input":{"@type":"PropertyValueSpecification","valueRequired":true,"valueName":"search_term_string"}}],"inLanguage":"bs-BA"}]}},"jetpack_sharing_enabled":true,"jetpack-related-posts":[],"_links":{"self":[{"href":"https:\/\/inti.hr\/bs\/wp-json\/wp\/v2\/product\/35945"}],"collection":[{"href":"https:\/\/inti.hr\/bs\/wp-json\/wp\/v2\/product"}],"about":[{"href":"https:\/\/inti.hr\/bs\/wp-json\/wp\/v2\/types\/product"}],"wp:featuredmedia":[{"embeddable":true,"href":"https:\/\/inti.hr\/bs\/wp-json\/wp\/v2\/media\/35946"}],"wp:attachment":[{"href":"https:\/\/inti.hr\/bs\/wp-json\/wp\/v2\/media?parent=35945"}],"wp:term":[{"taxonomy":"product_cat","embeddable":true,"href":"https:\/\/inti.hr\/bs\/wp-json\/wp\/v2\/product_cat?post=35945"},{"taxonomy":"product_tag","embeddable":true,"href":"https:\/\/inti.hr\/bs\/wp-json\/wp\/v2\/product_tag?post=35945"}],"curies":[{"name":"wp","href":"https:\/\/api.w.org\/{rel}","templated":true}]}}