{"id":36019,"date":"2024-05-14T08:14:24","date_gmt":"2024-05-14T07:14:24","guid":{"rendered":"https:\/\/inti.hr\/product\/radna-stolica-podesiva-po-visini\/"},"modified":"2024-05-14T08:14:24","modified_gmt":"2024-05-14T07:14:24","slug":"radna-stolica-podesiva-po-visini","status":"publish","type":"product","link":"https:\/\/inti.hr\/bs\/proizvod\/radna-stolica-podesiva-po-visini\/","title":{"rendered":"Radna stolica podesiva po visini"},"content":{"rendered":"<p>Detalji proizvoda:<\/p>\n<p>Materijal: \u010deli\u010dni okvir, bar\u0161un, najlonski kota\u010di, podstava od pjene od 28 kg\/m\u00b3<br \/>\nVeli\u010dina: 60 x 60 x (80-90) cm (D x \u0160 x V)<br \/>\nVisina sjedala (od poda): 47-57 cm<br \/>\nVeli\u010dina sjedala: 45 x 42 cm (D x \u0160)<br \/>\nVisina naslona: 37 cm<br \/>\nUkupna debljina jastuka: 12 cm<br \/>\nDebljina gornjeg jastuka: 7 cm<br \/>\nTe\u017eina: 8,2 kg<br \/>\nMaksimalna stati\u010dka nosivost: 110 kg<\/p>\n","protected":false},"excerpt":{"rendered":"<p>Uz \u0161ik izgled i jednostavne geometrijske linije, ova okretna stolica \u0107e &#8230; <\/p>\n","protected":false},"featured_media":36020,"template":"","meta":[],"product_cat":[2436],"product_tag":[2794,2830],"yoast_head":"<!-- This site is optimized with the Yoast SEO plugin v23.7 - https:\/\/yoast.com\/wordpress\/plugins\/seo\/ -->\n<title>Radna stolica podesiva po visini - Inti<\/title>\n<meta name=\"description\" content=\"Uz \u0161ik izgled i jednostavne geometrijske linije, ova okretna stolica \u0107e va\u0161oj sobi dodati jedinstveni \u0161arm. Mo\u017eete ga koristiti za rad, u\u010denje ili nano\u0161enje \u0161minke. Dvostruki dobro podstavljeni jastuk (gornji dio debljine 7 cm), zakrivljeno, veliko sjedalo ubla\u017eava pritisak na bokove; navlaka od Sherpa tkanine je prozra\u010dna. Sve nudi visoku razinu udobnosti sjedenja. Ova kompaktna radna stolica koja se okre\u0107e za 360\u00b0 (60 x 60 cm) mo\u017ee se podesiti po visini za 10 cm i nema naslone za ruke. Kada nije u upotrebi, stolicu mo\u017eete gurnuti ispod stola kako biste u\u0161tedjeli prostor. Vijcima pri\u010dvrstite osnovnu plo\u010du na dno sjedala, postavite plinske boce i kota\u010de - ra\u010dunalna stolica se sastavlja u samo nekoliko koraka.\" \/>\n<meta name=\"robots\" content=\"index, follow, max-snippet:-1, max-image-preview:large, max-video-preview:-1\" \/>\n<link rel=\"canonical\" href=\"https:\/\/inti.hr\/bs\/proizvod\/radna-stolica-podesiva-po-visini\/\" \/>\n<meta property=\"og:locale\" content=\"bs_BA\" \/>\n<meta property=\"og:type\" content=\"article\" \/>\n<meta property=\"og:title\" content=\"Radna stolica podesiva po visini - Inti\" \/>\n<meta property=\"og:description\" content=\"Uz \u0161ik izgled i jednostavne geometrijske linije, ova okretna stolica \u0107e va\u0161oj sobi dodati jedinstveni \u0161arm. Mo\u017eete ga koristiti za rad, u\u010denje ili nano\u0161enje \u0161minke. Dvostruki dobro podstavljeni jastuk (gornji dio debljine 7 cm), zakrivljeno, veliko sjedalo ubla\u017eava pritisak na bokove; navlaka od Sherpa tkanine je prozra\u010dna. Sve nudi visoku razinu udobnosti sjedenja. Ova kompaktna radna stolica koja se okre\u0107e za 360\u00b0 (60 x 60 cm) mo\u017ee se podesiti po visini za 10 cm i nema naslone za ruke. Kada nije u upotrebi, stolicu mo\u017eete gurnuti ispod stola kako biste u\u0161tedjeli prostor. Vijcima pri\u010dvrstite osnovnu plo\u010du na dno sjedala, postavite plinske boce i kota\u010de - ra\u010dunalna stolica se sastavlja u samo nekoliko koraka.\" \/>\n<meta property=\"og:url\" content=\"https:\/\/inti.hr\/bs\/proizvod\/radna-stolica-podesiva-po-visini\/\" \/>\n<meta property=\"og:site_name\" content=\"Inti\" \/>\n<meta property=\"og:image\" content=\"https:\/\/i0.wp.com\/inti.hr\/wp-content\/uploads\/2024\/05\/OBG020W01-2-e1715670209165.jpg?fit=800%2C875&ssl=1\" \/>\n\t<meta property=\"og:image:width\" content=\"800\" \/>\n\t<meta property=\"og:image:height\" content=\"875\" \/>\n\t<meta property=\"og:image:type\" content=\"image\/jpeg\" \/>\n<meta name=\"twitter:card\" content=\"summary_large_image\" \/>\n<script type=\"application\/ld+json\" class=\"yoast-schema-graph\">{\"@context\":\"https:\/\/schema.org\",\"@graph\":[{\"@type\":\"WebPage\",\"@id\":\"https:\/\/inti.hr\/bs\/proizvod\/radna-stolica-podesiva-po-visini\/\",\"url\":\"https:\/\/inti.hr\/bs\/proizvod\/radna-stolica-podesiva-po-visini\/\",\"name\":\"Radna stolica podesiva po visini - Inti\",\"isPartOf\":{\"@id\":\"https:\/\/inti.hr\/bs\/#website\"},\"primaryImageOfPage\":{\"@id\":\"https:\/\/inti.hr\/bs\/proizvod\/radna-stolica-podesiva-po-visini\/#primaryimage\"},\"image\":{\"@id\":\"https:\/\/inti.hr\/bs\/proizvod\/radna-stolica-podesiva-po-visini\/#primaryimage\"},\"thumbnailUrl\":\"https:\/\/i0.wp.com\/inti.hr\/wp-content\/uploads\/2024\/05\/OBG020W01-2-e1715670209165.jpg?fit=800%2C875&ssl=1\",\"datePublished\":\"2024-05-14T07:14:24+00:00\",\"dateModified\":\"2024-05-14T07:14:24+00:00\",\"description\":\"Uz \u0161ik izgled i jednostavne geometrijske linije, ova okretna stolica \u0107e va\u0161oj sobi dodati jedinstveni \u0161arm. Mo\u017eete ga koristiti za rad, u\u010denje ili nano\u0161enje \u0161minke. Dvostruki dobro podstavljeni jastuk (gornji dio debljine 7 cm), zakrivljeno, veliko sjedalo ubla\u017eava pritisak na bokove; navlaka od Sherpa tkanine je prozra\u010dna. Sve nudi visoku razinu udobnosti sjedenja. Ova kompaktna radna stolica koja se okre\u0107e za 360\u00b0 (60 x 60 cm) mo\u017ee se podesiti po visini za 10 cm i nema naslone za ruke. Kada nije u upotrebi, stolicu mo\u017eete gurnuti ispod stola kako biste u\u0161tedjeli prostor. Vijcima pri\u010dvrstite osnovnu plo\u010du na dno sjedala, postavite plinske boce i kota\u010de - ra\u010dunalna stolica se sastavlja u samo nekoliko koraka.\",\"breadcrumb\":{\"@id\":\"https:\/\/inti.hr\/bs\/proizvod\/radna-stolica-podesiva-po-visini\/#breadcrumb\"},\"inLanguage\":\"bs-BA\",\"potentialAction\":[{\"@type\":\"ReadAction\",\"target\":[\"https:\/\/inti.hr\/bs\/proizvod\/radna-stolica-podesiva-po-visini\/\"]}]},{\"@type\":\"ImageObject\",\"inLanguage\":\"bs-BA\",\"@id\":\"https:\/\/inti.hr\/bs\/proizvod\/radna-stolica-podesiva-po-visini\/#primaryimage\",\"url\":\"https:\/\/i0.wp.com\/inti.hr\/wp-content\/uploads\/2024\/05\/OBG020W01-2-e1715670209165.jpg?fit=800%2C875&ssl=1\",\"contentUrl\":\"https:\/\/i0.wp.com\/inti.hr\/wp-content\/uploads\/2024\/05\/OBG020W01-2-e1715670209165.jpg?fit=800%2C875&ssl=1\",\"width\":800,\"height\":875,\"caption\":\"uredska stolica od bar\u0161una, podesiva po visini cappuccino be\u017e-cloud bijela\"},{\"@type\":\"BreadcrumbList\",\"@id\":\"https:\/\/inti.hr\/bs\/proizvod\/radna-stolica-podesiva-po-visini\/#breadcrumb\",\"itemListElement\":[{\"@type\":\"ListItem\",\"position\":1,\"name\":\"Po\u010detna stranica\",\"item\":\"https:\/\/inti.hr\/bs\/\"},{\"@type\":\"ListItem\",\"position\":2,\"name\":\"Trgovina\",\"item\":\"https:\/\/inti.hr\/bs\/trgovina\/\"},{\"@type\":\"ListItem\",\"position\":3,\"name\":\"Radna stolica podesiva po visini\"}]},{\"@type\":\"WebSite\",\"@id\":\"https:\/\/inti.hr\/bs\/#website\",\"url\":\"https:\/\/inti.hr\/bs\/\",\"name\":\"Inti\",\"description\":\"trgovina\",\"potentialAction\":[{\"@type\":\"SearchAction\",\"target\":{\"@type\":\"EntryPoint\",\"urlTemplate\":\"https:\/\/inti.hr\/bs\/?s={search_term_string}\"},\"query-input\":{\"@type\":\"PropertyValueSpecification\",\"valueRequired\":true,\"valueName\":\"search_term_string\"}}],\"inLanguage\":\"bs-BA\"}]}<\/script>\n<!-- \/ Yoast SEO plugin. -->","yoast_head_json":{"title":"Radna stolica podesiva po visini - Inti","description":"Uz \u0161ik izgled i jednostavne geometrijske linije, ova okretna stolica \u0107e va\u0161oj sobi dodati jedinstveni \u0161arm. Mo\u017eete ga koristiti za rad, u\u010denje ili nano\u0161enje \u0161minke. Dvostruki dobro podstavljeni jastuk (gornji dio debljine 7 cm), zakrivljeno, veliko sjedalo ubla\u017eava pritisak na bokove; navlaka od Sherpa tkanine je prozra\u010dna. Sve nudi visoku razinu udobnosti sjedenja. Ova kompaktna radna stolica koja se okre\u0107e za 360\u00b0 (60 x 60 cm) mo\u017ee se podesiti po visini za 10 cm i nema naslone za ruke. Kada nije u upotrebi, stolicu mo\u017eete gurnuti ispod stola kako biste u\u0161tedjeli prostor. Vijcima pri\u010dvrstite osnovnu plo\u010du na dno sjedala, postavite plinske boce i kota\u010de - ra\u010dunalna stolica se sastavlja u samo nekoliko koraka.","robots":{"index":"index","follow":"follow","max-snippet":"max-snippet:-1","max-image-preview":"max-image-preview:large","max-video-preview":"max-video-preview:-1"},"canonical":"https:\/\/inti.hr\/bs\/proizvod\/radna-stolica-podesiva-po-visini\/","og_locale":"bs_BA","og_type":"article","og_title":"Radna stolica podesiva po visini - Inti","og_description":"Uz \u0161ik izgled i jednostavne geometrijske linije, ova okretna stolica \u0107e va\u0161oj sobi dodati jedinstveni \u0161arm. Mo\u017eete ga koristiti za rad, u\u010denje ili nano\u0161enje \u0161minke. Dvostruki dobro podstavljeni jastuk (gornji dio debljine 7 cm), zakrivljeno, veliko sjedalo ubla\u017eava pritisak na bokove; navlaka od Sherpa tkanine je prozra\u010dna. Sve nudi visoku razinu udobnosti sjedenja. Ova kompaktna radna stolica koja se okre\u0107e za 360\u00b0 (60 x 60 cm) mo\u017ee se podesiti po visini za 10 cm i nema naslone za ruke. Kada nije u upotrebi, stolicu mo\u017eete gurnuti ispod stola kako biste u\u0161tedjeli prostor. Vijcima pri\u010dvrstite osnovnu plo\u010du na dno sjedala, postavite plinske boce i kota\u010de - ra\u010dunalna stolica se sastavlja u samo nekoliko koraka.","og_url":"https:\/\/inti.hr\/bs\/proizvod\/radna-stolica-podesiva-po-visini\/","og_site_name":"Inti","og_image":[{"width":800,"height":875,"url":"https:\/\/i0.wp.com\/inti.hr\/wp-content\/uploads\/2024\/05\/OBG020W01-2-e1715670209165.jpg?fit=800%2C875&ssl=1","type":"image\/jpeg"}],"twitter_card":"summary_large_image","schema":{"@context":"https:\/\/schema.org","@graph":[{"@type":"WebPage","@id":"https:\/\/inti.hr\/bs\/proizvod\/radna-stolica-podesiva-po-visini\/","url":"https:\/\/inti.hr\/bs\/proizvod\/radna-stolica-podesiva-po-visini\/","name":"Radna stolica podesiva po visini - Inti","isPartOf":{"@id":"https:\/\/inti.hr\/bs\/#website"},"primaryImageOfPage":{"@id":"https:\/\/inti.hr\/bs\/proizvod\/radna-stolica-podesiva-po-visini\/#primaryimage"},"image":{"@id":"https:\/\/inti.hr\/bs\/proizvod\/radna-stolica-podesiva-po-visini\/#primaryimage"},"thumbnailUrl":"https:\/\/i0.wp.com\/inti.hr\/wp-content\/uploads\/2024\/05\/OBG020W01-2-e1715670209165.jpg?fit=800%2C875&ssl=1","datePublished":"2024-05-14T07:14:24+00:00","dateModified":"2024-05-14T07:14:24+00:00","description":"Uz \u0161ik izgled i jednostavne geometrijske linije, ova okretna stolica \u0107e va\u0161oj sobi dodati jedinstveni \u0161arm. Mo\u017eete ga koristiti za rad, u\u010denje ili nano\u0161enje \u0161minke. Dvostruki dobro podstavljeni jastuk (gornji dio debljine 7 cm), zakrivljeno, veliko sjedalo ubla\u017eava pritisak na bokove; navlaka od Sherpa tkanine je prozra\u010dna. Sve nudi visoku razinu udobnosti sjedenja. Ova kompaktna radna stolica koja se okre\u0107e za 360\u00b0 (60 x 60 cm) mo\u017ee se podesiti po visini za 10 cm i nema naslone za ruke. Kada nije u upotrebi, stolicu mo\u017eete gurnuti ispod stola kako biste u\u0161tedjeli prostor. Vijcima pri\u010dvrstite osnovnu plo\u010du na dno sjedala, postavite plinske boce i kota\u010de - ra\u010dunalna stolica se sastavlja u samo nekoliko koraka.","breadcrumb":{"@id":"https:\/\/inti.hr\/bs\/proizvod\/radna-stolica-podesiva-po-visini\/#breadcrumb"},"inLanguage":"bs-BA","potentialAction":[{"@type":"ReadAction","target":["https:\/\/inti.hr\/bs\/proizvod\/radna-stolica-podesiva-po-visini\/"]}]},{"@type":"ImageObject","inLanguage":"bs-BA","@id":"https:\/\/inti.hr\/bs\/proizvod\/radna-stolica-podesiva-po-visini\/#primaryimage","url":"https:\/\/i0.wp.com\/inti.hr\/wp-content\/uploads\/2024\/05\/OBG020W01-2-e1715670209165.jpg?fit=800%2C875&ssl=1","contentUrl":"https:\/\/i0.wp.com\/inti.hr\/wp-content\/uploads\/2024\/05\/OBG020W01-2-e1715670209165.jpg?fit=800%2C875&ssl=1","width":800,"height":875,"caption":"uredska stolica od bar\u0161una, podesiva po visini cappuccino be\u017e-cloud bijela"},{"@type":"BreadcrumbList","@id":"https:\/\/inti.hr\/bs\/proizvod\/radna-stolica-podesiva-po-visini\/#breadcrumb","itemListElement":[{"@type":"ListItem","position":1,"name":"Po\u010detna stranica","item":"https:\/\/inti.hr\/bs\/"},{"@type":"ListItem","position":2,"name":"Trgovina","item":"https:\/\/inti.hr\/bs\/trgovina\/"},{"@type":"ListItem","position":3,"name":"Radna stolica podesiva po visini"}]},{"@type":"WebSite","@id":"https:\/\/inti.hr\/bs\/#website","url":"https:\/\/inti.hr\/bs\/","name":"Inti","description":"trgovina","potentialAction":[{"@type":"SearchAction","target":{"@type":"EntryPoint","urlTemplate":"https:\/\/inti.hr\/bs\/?s={search_term_string}"},"query-input":{"@type":"PropertyValueSpecification","valueRequired":true,"valueName":"search_term_string"}}],"inLanguage":"bs-BA"}]}},"jetpack_sharing_enabled":true,"jetpack-related-posts":[],"_links":{"self":[{"href":"https:\/\/inti.hr\/bs\/wp-json\/wp\/v2\/product\/36019"}],"collection":[{"href":"https:\/\/inti.hr\/bs\/wp-json\/wp\/v2\/product"}],"about":[{"href":"https:\/\/inti.hr\/bs\/wp-json\/wp\/v2\/types\/product"}],"wp:featuredmedia":[{"embeddable":true,"href":"https:\/\/inti.hr\/bs\/wp-json\/wp\/v2\/media\/36020"}],"wp:attachment":[{"href":"https:\/\/inti.hr\/bs\/wp-json\/wp\/v2\/media?parent=36019"}],"wp:term":[{"taxonomy":"product_cat","embeddable":true,"href":"https:\/\/inti.hr\/bs\/wp-json\/wp\/v2\/product_cat?post=36019"},{"taxonomy":"product_tag","embeddable":true,"href":"https:\/\/inti.hr\/bs\/wp-json\/wp\/v2\/product_tag?post=36019"}],"curies":[{"name":"wp","href":"https:\/\/api.w.org\/{rel}","templated":true}]}}