{"id":36039,"date":"2024-05-09T07:27:58","date_gmt":"2024-05-09T06:27:58","guid":{"rendered":"https:\/\/inti.hr\/product\/djecji-regal-63x35x80cm\/"},"modified":"2024-05-09T07:27:58","modified_gmt":"2024-05-09T06:27:58","slug":"djecji-regal-63x35x80cm","status":"publish","type":"product","link":"https:\/\/inti.hr\/bs\/proizvod\/djecji-regal-63x35x80cm\/","title":{"rendered":"Dje\u010dji regal 63x35x80cm"},"content":{"rendered":"<p>Detalji o proizvodu:<\/p>\n<p>Te\u017eina: oko 16,3 kg<br \/>\nTestirano za: 32 kg<br \/>\nMaterijal: drvo gume, MDF(E1), bambus<br \/>\nMjere proizvoda: 63x35x80 cm (vidi sliku)<br \/>\nDostava: u 1 paketu<br \/>\nMjere pakiranja: 92&#215;44,5&#215;15 cm<br \/>\nS uputama za sastavljanje i vijcima. Jednostavna instalacija.<\/p>\n","protected":false},"excerpt":{"rendered":"<p>Tra\u017eite li prikladno mjesto za krdo pli\u0161anih \u017eivotinja, \u017eelite li uvesti &#8230; <\/p>\n","protected":false},"featured_media":36040,"template":"","meta":[],"product_cat":[2408],"product_tag":[3006,3300],"yoast_head":"<!-- This site is optimized with the Yoast SEO plugin v23.7 - https:\/\/yoast.com\/wordpress\/plugins\/seo\/ -->\n<title>Dje\u010dji regal 63x35x80cm - Inti<\/title>\n<meta name=\"description\" content=\"Tra\u017eite li prikladno mjesto za krdo pli\u0161anih \u017eivotinja, \u017eelite li uvesti poseban pretinac za lego kockice ili \u017eelite svom djetetu omogu\u0107iti samostalan pristup omiljenim slikovnicama - ovu policu za knjige vrijedi razmotriti zbog svestranost.Uz visinu od 80 cm, knjige se mogu lako razvrstati i izvaditi, tako da nije potrebna pomo\u0107 odraslih.\" \/>\n<meta name=\"robots\" content=\"index, follow, max-snippet:-1, max-image-preview:large, max-video-preview:-1\" \/>\n<link rel=\"canonical\" href=\"https:\/\/inti.hr\/bs\/proizvod\/djecji-regal-63x35x80cm\/\" \/>\n<meta property=\"og:locale\" content=\"bs_BA\" \/>\n<meta property=\"og:type\" content=\"article\" \/>\n<meta property=\"og:title\" content=\"Dje\u010dji regal 63x35x80cm - Inti\" \/>\n<meta property=\"og:description\" content=\"Tra\u017eite li prikladno mjesto za krdo pli\u0161anih \u017eivotinja, \u017eelite li uvesti poseban pretinac za lego kockice ili \u017eelite svom djetetu omogu\u0107iti samostalan pristup omiljenim slikovnicama - ovu policu za knjige vrijedi razmotriti zbog svestranost.Uz visinu od 80 cm, knjige se mogu lako razvrstati i izvaditi, tako da nije potrebna pomo\u0107 odraslih.\" \/>\n<meta property=\"og:url\" content=\"https:\/\/inti.hr\/bs\/proizvod\/djecji-regal-63x35x80cm\/\" \/>\n<meta property=\"og:site_name\" content=\"Inti\" \/>\n<meta property=\"og:image\" content=\"https:\/\/i0.wp.com\/inti.hr\/wp-content\/uploads\/2024\/05\/KMB98-W-Y002_670x.webp?fit=670%2C670&ssl=1\" \/>\n\t<meta property=\"og:image:width\" content=\"670\" \/>\n\t<meta property=\"og:image:height\" content=\"670\" \/>\n\t<meta property=\"og:image:type\" content=\"image\/webp\" \/>\n<meta name=\"twitter:card\" content=\"summary_large_image\" \/>\n<script type=\"application\/ld+json\" class=\"yoast-schema-graph\">{\"@context\":\"https:\/\/schema.org\",\"@graph\":[{\"@type\":\"WebPage\",\"@id\":\"https:\/\/inti.hr\/bs\/proizvod\/djecji-regal-63x35x80cm\/\",\"url\":\"https:\/\/inti.hr\/bs\/proizvod\/djecji-regal-63x35x80cm\/\",\"name\":\"Dje\u010dji regal 63x35x80cm - Inti\",\"isPartOf\":{\"@id\":\"https:\/\/inti.hr\/bs\/#website\"},\"primaryImageOfPage\":{\"@id\":\"https:\/\/inti.hr\/bs\/proizvod\/djecji-regal-63x35x80cm\/#primaryimage\"},\"image\":{\"@id\":\"https:\/\/inti.hr\/bs\/proizvod\/djecji-regal-63x35x80cm\/#primaryimage\"},\"thumbnailUrl\":\"https:\/\/i0.wp.com\/inti.hr\/wp-content\/uploads\/2024\/05\/KMB98-W-Y002_670x.webp?fit=670%2C670&ssl=1\",\"datePublished\":\"2024-05-09T06:27:58+00:00\",\"dateModified\":\"2024-05-09T06:27:58+00:00\",\"description\":\"Tra\u017eite li prikladno mjesto za krdo pli\u0161anih \u017eivotinja, \u017eelite li uvesti poseban pretinac za lego kockice ili \u017eelite svom djetetu omogu\u0107iti samostalan pristup omiljenim slikovnicama - ovu policu za knjige vrijedi razmotriti zbog svestranost.Uz visinu od 80 cm, knjige se mogu lako razvrstati i izvaditi, tako da nije potrebna pomo\u0107 odraslih.\",\"breadcrumb\":{\"@id\":\"https:\/\/inti.hr\/bs\/proizvod\/djecji-regal-63x35x80cm\/#breadcrumb\"},\"inLanguage\":\"bs-BA\",\"potentialAction\":[{\"@type\":\"ReadAction\",\"target\":[\"https:\/\/inti.hr\/bs\/proizvod\/djecji-regal-63x35x80cm\/\"]}]},{\"@type\":\"ImageObject\",\"inLanguage\":\"bs-BA\",\"@id\":\"https:\/\/inti.hr\/bs\/proizvod\/djecji-regal-63x35x80cm\/#primaryimage\",\"url\":\"https:\/\/i0.wp.com\/inti.hr\/wp-content\/uploads\/2024\/05\/KMB98-W-Y002_670x.webp?fit=670%2C670&ssl=1\",\"contentUrl\":\"https:\/\/i0.wp.com\/inti.hr\/wp-content\/uploads\/2024\/05\/KMB98-W-Y002_670x.webp?fit=670%2C670&ssl=1\",\"width\":670,\"height\":670,\"caption\":\"Dje\u010dji regal 63x35x80cm\"},{\"@type\":\"BreadcrumbList\",\"@id\":\"https:\/\/inti.hr\/bs\/proizvod\/djecji-regal-63x35x80cm\/#breadcrumb\",\"itemListElement\":[{\"@type\":\"ListItem\",\"position\":1,\"name\":\"Po\u010detna stranica\",\"item\":\"https:\/\/inti.hr\/bs\/\"},{\"@type\":\"ListItem\",\"position\":2,\"name\":\"Trgovina\",\"item\":\"https:\/\/inti.hr\/bs\/trgovina\/\"},{\"@type\":\"ListItem\",\"position\":3,\"name\":\"Dje\u010dji regal 63x35x80cm\"}]},{\"@type\":\"WebSite\",\"@id\":\"https:\/\/inti.hr\/bs\/#website\",\"url\":\"https:\/\/inti.hr\/bs\/\",\"name\":\"Inti\",\"description\":\"trgovina\",\"potentialAction\":[{\"@type\":\"SearchAction\",\"target\":{\"@type\":\"EntryPoint\",\"urlTemplate\":\"https:\/\/inti.hr\/bs\/?s={search_term_string}\"},\"query-input\":{\"@type\":\"PropertyValueSpecification\",\"valueRequired\":true,\"valueName\":\"search_term_string\"}}],\"inLanguage\":\"bs-BA\"}]}<\/script>\n<!-- \/ Yoast SEO plugin. -->","yoast_head_json":{"title":"Dje\u010dji regal 63x35x80cm - Inti","description":"Tra\u017eite li prikladno mjesto za krdo pli\u0161anih \u017eivotinja, \u017eelite li uvesti poseban pretinac za lego kockice ili \u017eelite svom djetetu omogu\u0107iti samostalan pristup omiljenim slikovnicama - ovu policu za knjige vrijedi razmotriti zbog svestranost.Uz visinu od 80 cm, knjige se mogu lako razvrstati i izvaditi, tako da nije potrebna pomo\u0107 odraslih.","robots":{"index":"index","follow":"follow","max-snippet":"max-snippet:-1","max-image-preview":"max-image-preview:large","max-video-preview":"max-video-preview:-1"},"canonical":"https:\/\/inti.hr\/bs\/proizvod\/djecji-regal-63x35x80cm\/","og_locale":"bs_BA","og_type":"article","og_title":"Dje\u010dji regal 63x35x80cm - Inti","og_description":"Tra\u017eite li prikladno mjesto za krdo pli\u0161anih \u017eivotinja, \u017eelite li uvesti poseban pretinac za lego kockice ili \u017eelite svom djetetu omogu\u0107iti samostalan pristup omiljenim slikovnicama - ovu policu za knjige vrijedi razmotriti zbog svestranost.Uz visinu od 80 cm, knjige se mogu lako razvrstati i izvaditi, tako da nije potrebna pomo\u0107 odraslih.","og_url":"https:\/\/inti.hr\/bs\/proizvod\/djecji-regal-63x35x80cm\/","og_site_name":"Inti","og_image":[{"width":670,"height":670,"url":"https:\/\/i0.wp.com\/inti.hr\/wp-content\/uploads\/2024\/05\/KMB98-W-Y002_670x.webp?fit=670%2C670&ssl=1","type":"image\/webp"}],"twitter_card":"summary_large_image","schema":{"@context":"https:\/\/schema.org","@graph":[{"@type":"WebPage","@id":"https:\/\/inti.hr\/bs\/proizvod\/djecji-regal-63x35x80cm\/","url":"https:\/\/inti.hr\/bs\/proizvod\/djecji-regal-63x35x80cm\/","name":"Dje\u010dji regal 63x35x80cm - Inti","isPartOf":{"@id":"https:\/\/inti.hr\/bs\/#website"},"primaryImageOfPage":{"@id":"https:\/\/inti.hr\/bs\/proizvod\/djecji-regal-63x35x80cm\/#primaryimage"},"image":{"@id":"https:\/\/inti.hr\/bs\/proizvod\/djecji-regal-63x35x80cm\/#primaryimage"},"thumbnailUrl":"https:\/\/i0.wp.com\/inti.hr\/wp-content\/uploads\/2024\/05\/KMB98-W-Y002_670x.webp?fit=670%2C670&ssl=1","datePublished":"2024-05-09T06:27:58+00:00","dateModified":"2024-05-09T06:27:58+00:00","description":"Tra\u017eite li prikladno mjesto za krdo pli\u0161anih \u017eivotinja, \u017eelite li uvesti poseban pretinac za lego kockice ili \u017eelite svom djetetu omogu\u0107iti samostalan pristup omiljenim slikovnicama - ovu policu za knjige vrijedi razmotriti zbog svestranost.Uz visinu od 80 cm, knjige se mogu lako razvrstati i izvaditi, tako da nije potrebna pomo\u0107 odraslih.","breadcrumb":{"@id":"https:\/\/inti.hr\/bs\/proizvod\/djecji-regal-63x35x80cm\/#breadcrumb"},"inLanguage":"bs-BA","potentialAction":[{"@type":"ReadAction","target":["https:\/\/inti.hr\/bs\/proizvod\/djecji-regal-63x35x80cm\/"]}]},{"@type":"ImageObject","inLanguage":"bs-BA","@id":"https:\/\/inti.hr\/bs\/proizvod\/djecji-regal-63x35x80cm\/#primaryimage","url":"https:\/\/i0.wp.com\/inti.hr\/wp-content\/uploads\/2024\/05\/KMB98-W-Y002_670x.webp?fit=670%2C670&ssl=1","contentUrl":"https:\/\/i0.wp.com\/inti.hr\/wp-content\/uploads\/2024\/05\/KMB98-W-Y002_670x.webp?fit=670%2C670&ssl=1","width":670,"height":670,"caption":"Dje\u010dji regal 63x35x80cm"},{"@type":"BreadcrumbList","@id":"https:\/\/inti.hr\/bs\/proizvod\/djecji-regal-63x35x80cm\/#breadcrumb","itemListElement":[{"@type":"ListItem","position":1,"name":"Po\u010detna stranica","item":"https:\/\/inti.hr\/bs\/"},{"@type":"ListItem","position":2,"name":"Trgovina","item":"https:\/\/inti.hr\/bs\/trgovina\/"},{"@type":"ListItem","position":3,"name":"Dje\u010dji regal 63x35x80cm"}]},{"@type":"WebSite","@id":"https:\/\/inti.hr\/bs\/#website","url":"https:\/\/inti.hr\/bs\/","name":"Inti","description":"trgovina","potentialAction":[{"@type":"SearchAction","target":{"@type":"EntryPoint","urlTemplate":"https:\/\/inti.hr\/bs\/?s={search_term_string}"},"query-input":{"@type":"PropertyValueSpecification","valueRequired":true,"valueName":"search_term_string"}}],"inLanguage":"bs-BA"}]}},"jetpack_sharing_enabled":true,"jetpack-related-posts":[],"_links":{"self":[{"href":"https:\/\/inti.hr\/bs\/wp-json\/wp\/v2\/product\/36039"}],"collection":[{"href":"https:\/\/inti.hr\/bs\/wp-json\/wp\/v2\/product"}],"about":[{"href":"https:\/\/inti.hr\/bs\/wp-json\/wp\/v2\/types\/product"}],"wp:featuredmedia":[{"embeddable":true,"href":"https:\/\/inti.hr\/bs\/wp-json\/wp\/v2\/media\/36040"}],"wp:attachment":[{"href":"https:\/\/inti.hr\/bs\/wp-json\/wp\/v2\/media?parent=36039"}],"wp:term":[{"taxonomy":"product_cat","embeddable":true,"href":"https:\/\/inti.hr\/bs\/wp-json\/wp\/v2\/product_cat?post=36039"},{"taxonomy":"product_tag","embeddable":true,"href":"https:\/\/inti.hr\/bs\/wp-json\/wp\/v2\/product_tag?post=36039"}],"curies":[{"name":"wp","href":"https:\/\/api.w.org\/{rel}","templated":true}]}}