{"id":36047,"date":"2024-05-08T07:53:04","date_gmt":"2024-05-08T06:53:04","guid":{"rendered":"https:\/\/inti.hr\/product\/stolice-za-blagovaonicu-s-zlatnim-nogama\/"},"modified":"2024-05-08T07:53:04","modified_gmt":"2024-05-08T06:53:04","slug":"stolice-za-blagovaonicu-s-zlatnim-nogama","status":"publish","type":"product","link":"https:\/\/inti.hr\/bs\/proizvod\/stolice-za-blagovaonicu-s-zlatnim-nogama\/","title":{"rendered":"Stolice za blagovaonicu s zlatnim nogama"},"content":{"rendered":"<p>Detalji proizvoda:<\/p>\n<p>Materijali: bar\u0161un + metal<br \/>\nDostupne boje: tamno siva, crna, be\u017e<br \/>\nDimenzije: Sjedalo: 39 x 45 cm (\u0160 x D)<br \/>\nVisina sjedala: 49 cm<br \/>\nVisina naslona: 38 cm<br \/>\nUkupna visina: 84 cm<br \/>\nMax nosivost: 150 kg<\/p>\n","protected":false},"excerpt":{"rendered":"<p>Blagovaonska stolica ima lu\u010dni metalni okvir s dvije \u0161ipke za poja\u010danje, &#8230; <\/p>\n","protected":false},"featured_media":36048,"template":"","meta":[],"product_cat":[2570],"product_tag":[2571,4682],"yoast_head":"<!-- This site is optimized with the Yoast SEO plugin v23.7 - https:\/\/yoast.com\/wordpress\/plugins\/seo\/ -->\n<title>Stolice za blagovaonicu s zlatnim nogama - Inti<\/title>\n<meta name=\"description\" content=\"Blagovaonska stolica ima lu\u010dni metalni okvir s dvije \u0161ipke za poja\u010danje, tako da uvijek \u010dvrsto stoji na podu i ne sklizne lako. Nosivost stolice: 150 kg. Blago zakrivljeni naslon za le\u0111a pru\u017ea optimalnu potporu va\u0161im le\u0111ima, dok svilenkasta bar\u0161unasta navlaka koja je ugodna za ko\u017eu i podstava od visoko elasti\u010dne pjene visoke gusto\u0107e nude visoku udobnost sjedenja za dugotrajno sjedenje. S metalnim okvirom zlatne boje, tapecirani stolac izgleda jednostavno, moderno i elegantno. Prilago\u0111ava se svakom interijeru i mo\u017ee se koristiti na mnoge na\u010dine kao stol za blagovanje, toaletni stolac, stolac za dnevni boravak, stolac za \u010ditanje, stolac za posjetitelje itd. Metalni okvir opremljen je podesivim kliza\u010dima za noge na dnu koji kompenziraju neravnine, dr\u017ee\u0107i stolac za naglasak stabilnim u svakom trenutku i \u0161tite\u0107i pod od ogrebotina kada se stolac pomi\u010de.\" \/>\n<meta name=\"robots\" content=\"index, follow, max-snippet:-1, max-image-preview:large, max-video-preview:-1\" \/>\n<link rel=\"canonical\" href=\"https:\/\/inti.hr\/bs\/proizvod\/stolice-za-blagovaonicu-s-zlatnim-nogama\/\" \/>\n<meta property=\"og:locale\" content=\"bs_BA\" \/>\n<meta property=\"og:type\" content=\"article\" \/>\n<meta property=\"og:title\" content=\"Stolice za blagovaonicu s zlatnim nogama - Inti\" \/>\n<meta property=\"og:description\" content=\"Blagovaonska stolica ima lu\u010dni metalni okvir s dvije \u0161ipke za poja\u010danje, tako da uvijek \u010dvrsto stoji na podu i ne sklizne lako. Nosivost stolice: 150 kg. Blago zakrivljeni naslon za le\u0111a pru\u017ea optimalnu potporu va\u0161im le\u0111ima, dok svilenkasta bar\u0161unasta navlaka koja je ugodna za ko\u017eu i podstava od visoko elasti\u010dne pjene visoke gusto\u0107e nude visoku udobnost sjedenja za dugotrajno sjedenje. S metalnim okvirom zlatne boje, tapecirani stolac izgleda jednostavno, moderno i elegantno. Prilago\u0111ava se svakom interijeru i mo\u017ee se koristiti na mnoge na\u010dine kao stol za blagovanje, toaletni stolac, stolac za dnevni boravak, stolac za \u010ditanje, stolac za posjetitelje itd. Metalni okvir opremljen je podesivim kliza\u010dima za noge na dnu koji kompenziraju neravnine, dr\u017ee\u0107i stolac za naglasak stabilnim u svakom trenutku i \u0161tite\u0107i pod od ogrebotina kada se stolac pomi\u010de.\" \/>\n<meta property=\"og:url\" content=\"https:\/\/inti.hr\/bs\/proizvod\/stolice-za-blagovaonicu-s-zlatnim-nogama\/\" \/>\n<meta property=\"og:site_name\" content=\"Inti\" \/>\n<meta property=\"og:image\" content=\"https:\/\/i0.wp.com\/inti.hr\/wp-content\/uploads\/2024\/05\/Esszimmerstuehle-Kuechenstuhl-Polsterstuhl-mit-Metallgestell-in-Bogenform-Samt-W0ATT0531-Beige4_600x600.jpg?fit=600%2C600&ssl=1\" \/>\n\t<meta property=\"og:image:width\" content=\"600\" \/>\n\t<meta property=\"og:image:height\" content=\"600\" \/>\n\t<meta property=\"og:image:type\" content=\"image\/jpeg\" \/>\n<meta name=\"twitter:card\" content=\"summary_large_image\" \/>\n<script type=\"application\/ld+json\" class=\"yoast-schema-graph\">{\"@context\":\"https:\/\/schema.org\",\"@graph\":[{\"@type\":\"WebPage\",\"@id\":\"https:\/\/inti.hr\/bs\/proizvod\/stolice-za-blagovaonicu-s-zlatnim-nogama\/\",\"url\":\"https:\/\/inti.hr\/bs\/proizvod\/stolice-za-blagovaonicu-s-zlatnim-nogama\/\",\"name\":\"Stolice za blagovaonicu s zlatnim nogama - Inti\",\"isPartOf\":{\"@id\":\"https:\/\/inti.hr\/bs\/#website\"},\"primaryImageOfPage\":{\"@id\":\"https:\/\/inti.hr\/bs\/proizvod\/stolice-za-blagovaonicu-s-zlatnim-nogama\/#primaryimage\"},\"image\":{\"@id\":\"https:\/\/inti.hr\/bs\/proizvod\/stolice-za-blagovaonicu-s-zlatnim-nogama\/#primaryimage\"},\"thumbnailUrl\":\"https:\/\/i0.wp.com\/inti.hr\/wp-content\/uploads\/2024\/05\/Esszimmerstuehle-Kuechenstuhl-Polsterstuhl-mit-Metallgestell-in-Bogenform-Samt-W0ATT0531-Beige4_600x600.jpg?fit=600%2C600&ssl=1\",\"datePublished\":\"2024-05-08T06:53:04+00:00\",\"dateModified\":\"2024-05-08T06:53:04+00:00\",\"description\":\"Blagovaonska stolica ima lu\u010dni metalni okvir s dvije \u0161ipke za poja\u010danje, tako da uvijek \u010dvrsto stoji na podu i ne sklizne lako. Nosivost stolice: 150 kg. Blago zakrivljeni naslon za le\u0111a pru\u017ea optimalnu potporu va\u0161im le\u0111ima, dok svilenkasta bar\u0161unasta navlaka koja je ugodna za ko\u017eu i podstava od visoko elasti\u010dne pjene visoke gusto\u0107e nude visoku udobnost sjedenja za dugotrajno sjedenje. S metalnim okvirom zlatne boje, tapecirani stolac izgleda jednostavno, moderno i elegantno. Prilago\u0111ava se svakom interijeru i mo\u017ee se koristiti na mnoge na\u010dine kao stol za blagovanje, toaletni stolac, stolac za dnevni boravak, stolac za \u010ditanje, stolac za posjetitelje itd. Metalni okvir opremljen je podesivim kliza\u010dima za noge na dnu koji kompenziraju neravnine, dr\u017ee\u0107i stolac za naglasak stabilnim u svakom trenutku i \u0161tite\u0107i pod od ogrebotina kada se stolac pomi\u010de.\",\"breadcrumb\":{\"@id\":\"https:\/\/inti.hr\/bs\/proizvod\/stolice-za-blagovaonicu-s-zlatnim-nogama\/#breadcrumb\"},\"inLanguage\":\"bs-BA\",\"potentialAction\":[{\"@type\":\"ReadAction\",\"target\":[\"https:\/\/inti.hr\/bs\/proizvod\/stolice-za-blagovaonicu-s-zlatnim-nogama\/\"]}]},{\"@type\":\"ImageObject\",\"inLanguage\":\"bs-BA\",\"@id\":\"https:\/\/inti.hr\/bs\/proizvod\/stolice-za-blagovaonicu-s-zlatnim-nogama\/#primaryimage\",\"url\":\"https:\/\/i0.wp.com\/inti.hr\/wp-content\/uploads\/2024\/05\/Esszimmerstuehle-Kuechenstuhl-Polsterstuhl-mit-Metallgestell-in-Bogenform-Samt-W0ATT0531-Beige4_600x600.jpg?fit=600%2C600&ssl=1\",\"contentUrl\":\"https:\/\/i0.wp.com\/inti.hr\/wp-content\/uploads\/2024\/05\/Esszimmerstuehle-Kuechenstuhl-Polsterstuhl-mit-Metallgestell-in-Bogenform-Samt-W0ATT0531-Beige4_600x600.jpg?fit=600%2C600&ssl=1\",\"width\":600,\"height\":600,\"caption\":\"Stolice za blagovaonicu s zlatnim nogama\"},{\"@type\":\"BreadcrumbList\",\"@id\":\"https:\/\/inti.hr\/bs\/proizvod\/stolice-za-blagovaonicu-s-zlatnim-nogama\/#breadcrumb\",\"itemListElement\":[{\"@type\":\"ListItem\",\"position\":1,\"name\":\"Po\u010detna stranica\",\"item\":\"https:\/\/inti.hr\/bs\/\"},{\"@type\":\"ListItem\",\"position\":2,\"name\":\"Trgovina\",\"item\":\"https:\/\/inti.hr\/bs\/trgovina\/\"},{\"@type\":\"ListItem\",\"position\":3,\"name\":\"Stolice za blagovaonicu s zlatnim nogama\"}]},{\"@type\":\"WebSite\",\"@id\":\"https:\/\/inti.hr\/bs\/#website\",\"url\":\"https:\/\/inti.hr\/bs\/\",\"name\":\"Inti\",\"description\":\"trgovina\",\"potentialAction\":[{\"@type\":\"SearchAction\",\"target\":{\"@type\":\"EntryPoint\",\"urlTemplate\":\"https:\/\/inti.hr\/bs\/?s={search_term_string}\"},\"query-input\":{\"@type\":\"PropertyValueSpecification\",\"valueRequired\":true,\"valueName\":\"search_term_string\"}}],\"inLanguage\":\"bs-BA\"}]}<\/script>\n<!-- \/ Yoast SEO plugin. -->","yoast_head_json":{"title":"Stolice za blagovaonicu s zlatnim nogama - Inti","description":"Blagovaonska stolica ima lu\u010dni metalni okvir s dvije \u0161ipke za poja\u010danje, tako da uvijek \u010dvrsto stoji na podu i ne sklizne lako. Nosivost stolice: 150 kg. Blago zakrivljeni naslon za le\u0111a pru\u017ea optimalnu potporu va\u0161im le\u0111ima, dok svilenkasta bar\u0161unasta navlaka koja je ugodna za ko\u017eu i podstava od visoko elasti\u010dne pjene visoke gusto\u0107e nude visoku udobnost sjedenja za dugotrajno sjedenje. S metalnim okvirom zlatne boje, tapecirani stolac izgleda jednostavno, moderno i elegantno. Prilago\u0111ava se svakom interijeru i mo\u017ee se koristiti na mnoge na\u010dine kao stol za blagovanje, toaletni stolac, stolac za dnevni boravak, stolac za \u010ditanje, stolac za posjetitelje itd. Metalni okvir opremljen je podesivim kliza\u010dima za noge na dnu koji kompenziraju neravnine, dr\u017ee\u0107i stolac za naglasak stabilnim u svakom trenutku i \u0161tite\u0107i pod od ogrebotina kada se stolac pomi\u010de.","robots":{"index":"index","follow":"follow","max-snippet":"max-snippet:-1","max-image-preview":"max-image-preview:large","max-video-preview":"max-video-preview:-1"},"canonical":"https:\/\/inti.hr\/bs\/proizvod\/stolice-za-blagovaonicu-s-zlatnim-nogama\/","og_locale":"bs_BA","og_type":"article","og_title":"Stolice za blagovaonicu s zlatnim nogama - Inti","og_description":"Blagovaonska stolica ima lu\u010dni metalni okvir s dvije \u0161ipke za poja\u010danje, tako da uvijek \u010dvrsto stoji na podu i ne sklizne lako. Nosivost stolice: 150 kg. Blago zakrivljeni naslon za le\u0111a pru\u017ea optimalnu potporu va\u0161im le\u0111ima, dok svilenkasta bar\u0161unasta navlaka koja je ugodna za ko\u017eu i podstava od visoko elasti\u010dne pjene visoke gusto\u0107e nude visoku udobnost sjedenja za dugotrajno sjedenje. S metalnim okvirom zlatne boje, tapecirani stolac izgleda jednostavno, moderno i elegantno. Prilago\u0111ava se svakom interijeru i mo\u017ee se koristiti na mnoge na\u010dine kao stol za blagovanje, toaletni stolac, stolac za dnevni boravak, stolac za \u010ditanje, stolac za posjetitelje itd. Metalni okvir opremljen je podesivim kliza\u010dima za noge na dnu koji kompenziraju neravnine, dr\u017ee\u0107i stolac za naglasak stabilnim u svakom trenutku i \u0161tite\u0107i pod od ogrebotina kada se stolac pomi\u010de.","og_url":"https:\/\/inti.hr\/bs\/proizvod\/stolice-za-blagovaonicu-s-zlatnim-nogama\/","og_site_name":"Inti","og_image":[{"width":600,"height":600,"url":"https:\/\/i0.wp.com\/inti.hr\/wp-content\/uploads\/2024\/05\/Esszimmerstuehle-Kuechenstuhl-Polsterstuhl-mit-Metallgestell-in-Bogenform-Samt-W0ATT0531-Beige4_600x600.jpg?fit=600%2C600&ssl=1","type":"image\/jpeg"}],"twitter_card":"summary_large_image","schema":{"@context":"https:\/\/schema.org","@graph":[{"@type":"WebPage","@id":"https:\/\/inti.hr\/bs\/proizvod\/stolice-za-blagovaonicu-s-zlatnim-nogama\/","url":"https:\/\/inti.hr\/bs\/proizvod\/stolice-za-blagovaonicu-s-zlatnim-nogama\/","name":"Stolice za blagovaonicu s zlatnim nogama - Inti","isPartOf":{"@id":"https:\/\/inti.hr\/bs\/#website"},"primaryImageOfPage":{"@id":"https:\/\/inti.hr\/bs\/proizvod\/stolice-za-blagovaonicu-s-zlatnim-nogama\/#primaryimage"},"image":{"@id":"https:\/\/inti.hr\/bs\/proizvod\/stolice-za-blagovaonicu-s-zlatnim-nogama\/#primaryimage"},"thumbnailUrl":"https:\/\/i0.wp.com\/inti.hr\/wp-content\/uploads\/2024\/05\/Esszimmerstuehle-Kuechenstuhl-Polsterstuhl-mit-Metallgestell-in-Bogenform-Samt-W0ATT0531-Beige4_600x600.jpg?fit=600%2C600&ssl=1","datePublished":"2024-05-08T06:53:04+00:00","dateModified":"2024-05-08T06:53:04+00:00","description":"Blagovaonska stolica ima lu\u010dni metalni okvir s dvije \u0161ipke za poja\u010danje, tako da uvijek \u010dvrsto stoji na podu i ne sklizne lako. Nosivost stolice: 150 kg. Blago zakrivljeni naslon za le\u0111a pru\u017ea optimalnu potporu va\u0161im le\u0111ima, dok svilenkasta bar\u0161unasta navlaka koja je ugodna za ko\u017eu i podstava od visoko elasti\u010dne pjene visoke gusto\u0107e nude visoku udobnost sjedenja za dugotrajno sjedenje. S metalnim okvirom zlatne boje, tapecirani stolac izgleda jednostavno, moderno i elegantno. Prilago\u0111ava se svakom interijeru i mo\u017ee se koristiti na mnoge na\u010dine kao stol za blagovanje, toaletni stolac, stolac za dnevni boravak, stolac za \u010ditanje, stolac za posjetitelje itd. Metalni okvir opremljen je podesivim kliza\u010dima za noge na dnu koji kompenziraju neravnine, dr\u017ee\u0107i stolac za naglasak stabilnim u svakom trenutku i \u0161tite\u0107i pod od ogrebotina kada se stolac pomi\u010de.","breadcrumb":{"@id":"https:\/\/inti.hr\/bs\/proizvod\/stolice-za-blagovaonicu-s-zlatnim-nogama\/#breadcrumb"},"inLanguage":"bs-BA","potentialAction":[{"@type":"ReadAction","target":["https:\/\/inti.hr\/bs\/proizvod\/stolice-za-blagovaonicu-s-zlatnim-nogama\/"]}]},{"@type":"ImageObject","inLanguage":"bs-BA","@id":"https:\/\/inti.hr\/bs\/proizvod\/stolice-za-blagovaonicu-s-zlatnim-nogama\/#primaryimage","url":"https:\/\/i0.wp.com\/inti.hr\/wp-content\/uploads\/2024\/05\/Esszimmerstuehle-Kuechenstuhl-Polsterstuhl-mit-Metallgestell-in-Bogenform-Samt-W0ATT0531-Beige4_600x600.jpg?fit=600%2C600&ssl=1","contentUrl":"https:\/\/i0.wp.com\/inti.hr\/wp-content\/uploads\/2024\/05\/Esszimmerstuehle-Kuechenstuhl-Polsterstuhl-mit-Metallgestell-in-Bogenform-Samt-W0ATT0531-Beige4_600x600.jpg?fit=600%2C600&ssl=1","width":600,"height":600,"caption":"Stolice za blagovaonicu s zlatnim nogama"},{"@type":"BreadcrumbList","@id":"https:\/\/inti.hr\/bs\/proizvod\/stolice-za-blagovaonicu-s-zlatnim-nogama\/#breadcrumb","itemListElement":[{"@type":"ListItem","position":1,"name":"Po\u010detna stranica","item":"https:\/\/inti.hr\/bs\/"},{"@type":"ListItem","position":2,"name":"Trgovina","item":"https:\/\/inti.hr\/bs\/trgovina\/"},{"@type":"ListItem","position":3,"name":"Stolice za blagovaonicu s zlatnim nogama"}]},{"@type":"WebSite","@id":"https:\/\/inti.hr\/bs\/#website","url":"https:\/\/inti.hr\/bs\/","name":"Inti","description":"trgovina","potentialAction":[{"@type":"SearchAction","target":{"@type":"EntryPoint","urlTemplate":"https:\/\/inti.hr\/bs\/?s={search_term_string}"},"query-input":{"@type":"PropertyValueSpecification","valueRequired":true,"valueName":"search_term_string"}}],"inLanguage":"bs-BA"}]}},"jetpack_sharing_enabled":true,"jetpack-related-posts":[],"_links":{"self":[{"href":"https:\/\/inti.hr\/bs\/wp-json\/wp\/v2\/product\/36047"}],"collection":[{"href":"https:\/\/inti.hr\/bs\/wp-json\/wp\/v2\/product"}],"about":[{"href":"https:\/\/inti.hr\/bs\/wp-json\/wp\/v2\/types\/product"}],"wp:featuredmedia":[{"embeddable":true,"href":"https:\/\/inti.hr\/bs\/wp-json\/wp\/v2\/media\/36048"}],"wp:attachment":[{"href":"https:\/\/inti.hr\/bs\/wp-json\/wp\/v2\/media?parent=36047"}],"wp:term":[{"taxonomy":"product_cat","embeddable":true,"href":"https:\/\/inti.hr\/bs\/wp-json\/wp\/v2\/product_cat?post=36047"},{"taxonomy":"product_tag","embeddable":true,"href":"https:\/\/inti.hr\/bs\/wp-json\/wp\/v2\/product_tag?post=36047"}],"curies":[{"name":"wp","href":"https:\/\/api.w.org\/{rel}","templated":true}]}}