{"id":36061,"date":"2024-05-03T07:35:21","date_gmt":"2024-05-03T06:35:21","guid":{"rendered":"https:\/\/inti.hr\/product\/ekho-klupa-od-umjetne-koze-s-finim-savovima\/"},"modified":"2024-05-03T07:35:21","modified_gmt":"2024-05-03T06:35:21","slug":"ekho-klupa-od-umjetne-koze-s-finim-savovima","status":"publish","type":"product","link":"https:\/\/inti.hr\/bs\/proizvod\/ekho-klupa-od-umjetne-koze-s-finim-savovima\/","title":{"rendered":"EKHO klupa od umjetne ko\u017ee s finim \u0161avovima"},"content":{"rendered":"<p>Detalji proizvoda:<\/p>\n<p>Dimenzije: 40D x 110\u0160 x 43V centimetara<\/p>\n<p>Visina sjedala: 43 centimetara<\/p>\n<p>Preporuka za maksimalnu te\u017einu: 300 kg.LOM076C01<\/p>\n","protected":false},"excerpt":{"rendered":"<p>Ova klupa ima bogatu teksturu umjetne ko\u017ee i fine \u0161avove koji &#8230; <\/p>\n","protected":false},"featured_media":36062,"template":"","meta":[],"product_cat":[2418,2414],"product_tag":[4688,2658],"yoast_head":"<!-- This site is optimized with the Yoast SEO plugin v23.7 - https:\/\/yoast.com\/wordpress\/plugins\/seo\/ -->\n<title>EKHO klupa od umjetne ko\u017ee s finim \u0161avovima - Inti<\/title>\n<meta name=\"description\" content=\"Ova klupa ima bogatu teksturu umjetne ko\u017ee i fine \u0161avove koji demonstriraju umije\u0107e izrade, stvaraju\u0107i dom koji mnogo govori o va\u0161em stilu. Prije\u0111ite preko glatke navlake, a zatim utonite u 6 cm debelu, visoko elasti\u010dnu 28D pjenu. Ovaj podno\u017enik pru\u017ea izdr\u017eljivo, udobno sjedalo koje se ne\u0107e deformirati. Postavljanje klupe je povjetarac - samo pri\u010dvrstite noge i spremna je za upotrebu! Osim toga, visokokvalitetna povr\u0161ina od umjetne ko\u017ee lako se \u010disti i ostaje \u010dista. Ova klupa izra\u0111ena je od visokokvalitetnih materijala i podupire je \u010dvrst \u010deli\u010dni okvir koji osigurava dug radni vijek. Izdr\u017eava do 300 kg i osigurava da ste uvijek u sigurnim rukama. Bilo kao \u0161armantni stoli\u0107 za kavu, klupa za cipele, udobna klupa u spava\u0107oj sobi ili elegantno sjedalo u garderobi, ovo podstavljeno sjedalo neprimjetno se prilago\u0111ava svim va\u0161im potrebama.\u00a0\" \/>\n<meta name=\"robots\" content=\"index, follow, max-snippet:-1, max-image-preview:large, max-video-preview:-1\" \/>\n<link rel=\"canonical\" href=\"https:\/\/inti.hr\/bs\/proizvod\/ekho-klupa-od-umjetne-koze-s-finim-savovima\/\" \/>\n<meta property=\"og:locale\" content=\"bs_BA\" \/>\n<meta property=\"og:type\" content=\"article\" \/>\n<meta property=\"og:title\" content=\"EKHO klupa od umjetne ko\u017ee s finim \u0161avovima - Inti\" \/>\n<meta property=\"og:description\" content=\"Ova klupa ima bogatu teksturu umjetne ko\u017ee i fine \u0161avove koji demonstriraju umije\u0107e izrade, stvaraju\u0107i dom koji mnogo govori o va\u0161em stilu. Prije\u0111ite preko glatke navlake, a zatim utonite u 6 cm debelu, visoko elasti\u010dnu 28D pjenu. Ovaj podno\u017enik pru\u017ea izdr\u017eljivo, udobno sjedalo koje se ne\u0107e deformirati. Postavljanje klupe je povjetarac - samo pri\u010dvrstite noge i spremna je za upotrebu! Osim toga, visokokvalitetna povr\u0161ina od umjetne ko\u017ee lako se \u010disti i ostaje \u010dista. Ova klupa izra\u0111ena je od visokokvalitetnih materijala i podupire je \u010dvrst \u010deli\u010dni okvir koji osigurava dug radni vijek. Izdr\u017eava do 300 kg i osigurava da ste uvijek u sigurnim rukama. Bilo kao \u0161armantni stoli\u0107 za kavu, klupa za cipele, udobna klupa u spava\u0107oj sobi ili elegantno sjedalo u garderobi, ovo podstavljeno sjedalo neprimjetno se prilago\u0111ava svim va\u0161im potrebama.\u00a0\" \/>\n<meta property=\"og:url\" content=\"https:\/\/inti.hr\/bs\/proizvod\/ekho-klupa-od-umjetne-koze-s-finim-savovima\/\" \/>\n<meta property=\"og:site_name\" content=\"Inti\" \/>\n<meta property=\"og:image\" content=\"https:\/\/i0.wp.com\/inti.hr\/wp-content\/uploads\/2024\/05\/LOM076C01-2-e1714718012969.jpg?fit=800%2C858&ssl=1\" \/>\n\t<meta property=\"og:image:width\" content=\"800\" \/>\n\t<meta property=\"og:image:height\" content=\"858\" \/>\n\t<meta property=\"og:image:type\" content=\"image\/jpeg\" \/>\n<meta name=\"twitter:card\" content=\"summary_large_image\" \/>\n<meta name=\"twitter:label1\" content=\"Est. reading time\" \/>\n\t<meta name=\"twitter:data1\" content=\"1 minuta\" \/>\n<script type=\"application\/ld+json\" class=\"yoast-schema-graph\">{\"@context\":\"https:\/\/schema.org\",\"@graph\":[{\"@type\":\"WebPage\",\"@id\":\"https:\/\/inti.hr\/bs\/proizvod\/ekho-klupa-od-umjetne-koze-s-finim-savovima\/\",\"url\":\"https:\/\/inti.hr\/bs\/proizvod\/ekho-klupa-od-umjetne-koze-s-finim-savovima\/\",\"name\":\"EKHO klupa od umjetne ko\u017ee s finim \u0161avovima - Inti\",\"isPartOf\":{\"@id\":\"https:\/\/inti.hr\/bs\/#website\"},\"primaryImageOfPage\":{\"@id\":\"https:\/\/inti.hr\/bs\/proizvod\/ekho-klupa-od-umjetne-koze-s-finim-savovima\/#primaryimage\"},\"image\":{\"@id\":\"https:\/\/inti.hr\/bs\/proizvod\/ekho-klupa-od-umjetne-koze-s-finim-savovima\/#primaryimage\"},\"thumbnailUrl\":\"https:\/\/i0.wp.com\/inti.hr\/wp-content\/uploads\/2024\/05\/LOM076C01-2-e1714718012969.jpg?fit=800%2C858&ssl=1\",\"datePublished\":\"2024-05-03T06:35:21+00:00\",\"dateModified\":\"2024-05-03T06:35:21+00:00\",\"description\":\"Ova klupa ima bogatu teksturu umjetne ko\u017ee i fine \u0161avove koji demonstriraju umije\u0107e izrade, stvaraju\u0107i dom koji mnogo govori o va\u0161em stilu. Prije\u0111ite preko glatke navlake, a zatim utonite u 6 cm debelu, visoko elasti\u010dnu 28D pjenu. Ovaj podno\u017enik pru\u017ea izdr\u017eljivo, udobno sjedalo koje se ne\u0107e deformirati. Postavljanje klupe je povjetarac - samo pri\u010dvrstite noge i spremna je za upotrebu! Osim toga, visokokvalitetna povr\u0161ina od umjetne ko\u017ee lako se \u010disti i ostaje \u010dista. Ova klupa izra\u0111ena je od visokokvalitetnih materijala i podupire je \u010dvrst \u010deli\u010dni okvir koji osigurava dug radni vijek. Izdr\u017eava do 300 kg i osigurava da ste uvijek u sigurnim rukama. Bilo kao \u0161armantni stoli\u0107 za kavu, klupa za cipele, udobna klupa u spava\u0107oj sobi ili elegantno sjedalo u garderobi, ovo podstavljeno sjedalo neprimjetno se prilago\u0111ava svim va\u0161im potrebama.\u00a0\",\"breadcrumb\":{\"@id\":\"https:\/\/inti.hr\/bs\/proizvod\/ekho-klupa-od-umjetne-koze-s-finim-savovima\/#breadcrumb\"},\"inLanguage\":\"bs-BA\",\"potentialAction\":[{\"@type\":\"ReadAction\",\"target\":[\"https:\/\/inti.hr\/bs\/proizvod\/ekho-klupa-od-umjetne-koze-s-finim-savovima\/\"]}]},{\"@type\":\"ImageObject\",\"inLanguage\":\"bs-BA\",\"@id\":\"https:\/\/inti.hr\/bs\/proizvod\/ekho-klupa-od-umjetne-koze-s-finim-savovima\/#primaryimage\",\"url\":\"https:\/\/i0.wp.com\/inti.hr\/wp-content\/uploads\/2024\/05\/LOM076C01-2-e1714718012969.jpg?fit=800%2C858&ssl=1\",\"contentUrl\":\"https:\/\/i0.wp.com\/inti.hr\/wp-content\/uploads\/2024\/05\/LOM076C01-2-e1714718012969.jpg?fit=800%2C858&ssl=1\",\"width\":800,\"height\":858,\"caption\":\"EKHO klupa od umjetne ko\u017ee s finim \u0161avovima\"},{\"@type\":\"BreadcrumbList\",\"@id\":\"https:\/\/inti.hr\/bs\/proizvod\/ekho-klupa-od-umjetne-koze-s-finim-savovima\/#breadcrumb\",\"itemListElement\":[{\"@type\":\"ListItem\",\"position\":1,\"name\":\"Po\u010detna stranica\",\"item\":\"https:\/\/inti.hr\/bs\/\"},{\"@type\":\"ListItem\",\"position\":2,\"name\":\"Trgovina\",\"item\":\"https:\/\/inti.hr\/bs\/trgovina\/\"},{\"@type\":\"ListItem\",\"position\":3,\"name\":\"EKHO klupa od umjetne ko\u017ee s finim \u0161avovima\"}]},{\"@type\":\"WebSite\",\"@id\":\"https:\/\/inti.hr\/bs\/#website\",\"url\":\"https:\/\/inti.hr\/bs\/\",\"name\":\"Inti\",\"description\":\"trgovina\",\"potentialAction\":[{\"@type\":\"SearchAction\",\"target\":{\"@type\":\"EntryPoint\",\"urlTemplate\":\"https:\/\/inti.hr\/bs\/?s={search_term_string}\"},\"query-input\":{\"@type\":\"PropertyValueSpecification\",\"valueRequired\":true,\"valueName\":\"search_term_string\"}}],\"inLanguage\":\"bs-BA\"}]}<\/script>\n<!-- \/ Yoast SEO plugin. -->","yoast_head_json":{"title":"EKHO klupa od umjetne ko\u017ee s finim \u0161avovima - Inti","description":"Ova klupa ima bogatu teksturu umjetne ko\u017ee i fine \u0161avove koji demonstriraju umije\u0107e izrade, stvaraju\u0107i dom koji mnogo govori o va\u0161em stilu. Prije\u0111ite preko glatke navlake, a zatim utonite u 6 cm debelu, visoko elasti\u010dnu 28D pjenu. Ovaj podno\u017enik pru\u017ea izdr\u017eljivo, udobno sjedalo koje se ne\u0107e deformirati. Postavljanje klupe je povjetarac - samo pri\u010dvrstite noge i spremna je za upotrebu! Osim toga, visokokvalitetna povr\u0161ina od umjetne ko\u017ee lako se \u010disti i ostaje \u010dista. Ova klupa izra\u0111ena je od visokokvalitetnih materijala i podupire je \u010dvrst \u010deli\u010dni okvir koji osigurava dug radni vijek. Izdr\u017eava do 300 kg i osigurava da ste uvijek u sigurnim rukama. Bilo kao \u0161armantni stoli\u0107 za kavu, klupa za cipele, udobna klupa u spava\u0107oj sobi ili elegantno sjedalo u garderobi, ovo podstavljeno sjedalo neprimjetno se prilago\u0111ava svim va\u0161im potrebama.\u00a0","robots":{"index":"index","follow":"follow","max-snippet":"max-snippet:-1","max-image-preview":"max-image-preview:large","max-video-preview":"max-video-preview:-1"},"canonical":"https:\/\/inti.hr\/bs\/proizvod\/ekho-klupa-od-umjetne-koze-s-finim-savovima\/","og_locale":"bs_BA","og_type":"article","og_title":"EKHO klupa od umjetne ko\u017ee s finim \u0161avovima - Inti","og_description":"Ova klupa ima bogatu teksturu umjetne ko\u017ee i fine \u0161avove koji demonstriraju umije\u0107e izrade, stvaraju\u0107i dom koji mnogo govori o va\u0161em stilu. Prije\u0111ite preko glatke navlake, a zatim utonite u 6 cm debelu, visoko elasti\u010dnu 28D pjenu. Ovaj podno\u017enik pru\u017ea izdr\u017eljivo, udobno sjedalo koje se ne\u0107e deformirati. Postavljanje klupe je povjetarac - samo pri\u010dvrstite noge i spremna je za upotrebu! Osim toga, visokokvalitetna povr\u0161ina od umjetne ko\u017ee lako se \u010disti i ostaje \u010dista. Ova klupa izra\u0111ena je od visokokvalitetnih materijala i podupire je \u010dvrst \u010deli\u010dni okvir koji osigurava dug radni vijek. Izdr\u017eava do 300 kg i osigurava da ste uvijek u sigurnim rukama. Bilo kao \u0161armantni stoli\u0107 za kavu, klupa za cipele, udobna klupa u spava\u0107oj sobi ili elegantno sjedalo u garderobi, ovo podstavljeno sjedalo neprimjetno se prilago\u0111ava svim va\u0161im potrebama.\u00a0","og_url":"https:\/\/inti.hr\/bs\/proizvod\/ekho-klupa-od-umjetne-koze-s-finim-savovima\/","og_site_name":"Inti","og_image":[{"width":800,"height":858,"url":"https:\/\/i0.wp.com\/inti.hr\/wp-content\/uploads\/2024\/05\/LOM076C01-2-e1714718012969.jpg?fit=800%2C858&ssl=1","type":"image\/jpeg"}],"twitter_card":"summary_large_image","twitter_misc":{"Est. reading time":"1 minuta"},"schema":{"@context":"https:\/\/schema.org","@graph":[{"@type":"WebPage","@id":"https:\/\/inti.hr\/bs\/proizvod\/ekho-klupa-od-umjetne-koze-s-finim-savovima\/","url":"https:\/\/inti.hr\/bs\/proizvod\/ekho-klupa-od-umjetne-koze-s-finim-savovima\/","name":"EKHO klupa od umjetne ko\u017ee s finim \u0161avovima - Inti","isPartOf":{"@id":"https:\/\/inti.hr\/bs\/#website"},"primaryImageOfPage":{"@id":"https:\/\/inti.hr\/bs\/proizvod\/ekho-klupa-od-umjetne-koze-s-finim-savovima\/#primaryimage"},"image":{"@id":"https:\/\/inti.hr\/bs\/proizvod\/ekho-klupa-od-umjetne-koze-s-finim-savovima\/#primaryimage"},"thumbnailUrl":"https:\/\/i0.wp.com\/inti.hr\/wp-content\/uploads\/2024\/05\/LOM076C01-2-e1714718012969.jpg?fit=800%2C858&ssl=1","datePublished":"2024-05-03T06:35:21+00:00","dateModified":"2024-05-03T06:35:21+00:00","description":"Ova klupa ima bogatu teksturu umjetne ko\u017ee i fine \u0161avove koji demonstriraju umije\u0107e izrade, stvaraju\u0107i dom koji mnogo govori o va\u0161em stilu. Prije\u0111ite preko glatke navlake, a zatim utonite u 6 cm debelu, visoko elasti\u010dnu 28D pjenu. Ovaj podno\u017enik pru\u017ea izdr\u017eljivo, udobno sjedalo koje se ne\u0107e deformirati. Postavljanje klupe je povjetarac - samo pri\u010dvrstite noge i spremna je za upotrebu! Osim toga, visokokvalitetna povr\u0161ina od umjetne ko\u017ee lako se \u010disti i ostaje \u010dista. Ova klupa izra\u0111ena je od visokokvalitetnih materijala i podupire je \u010dvrst \u010deli\u010dni okvir koji osigurava dug radni vijek. Izdr\u017eava do 300 kg i osigurava da ste uvijek u sigurnim rukama. Bilo kao \u0161armantni stoli\u0107 za kavu, klupa za cipele, udobna klupa u spava\u0107oj sobi ili elegantno sjedalo u garderobi, ovo podstavljeno sjedalo neprimjetno se prilago\u0111ava svim va\u0161im potrebama.\u00a0","breadcrumb":{"@id":"https:\/\/inti.hr\/bs\/proizvod\/ekho-klupa-od-umjetne-koze-s-finim-savovima\/#breadcrumb"},"inLanguage":"bs-BA","potentialAction":[{"@type":"ReadAction","target":["https:\/\/inti.hr\/bs\/proizvod\/ekho-klupa-od-umjetne-koze-s-finim-savovima\/"]}]},{"@type":"ImageObject","inLanguage":"bs-BA","@id":"https:\/\/inti.hr\/bs\/proizvod\/ekho-klupa-od-umjetne-koze-s-finim-savovima\/#primaryimage","url":"https:\/\/i0.wp.com\/inti.hr\/wp-content\/uploads\/2024\/05\/LOM076C01-2-e1714718012969.jpg?fit=800%2C858&ssl=1","contentUrl":"https:\/\/i0.wp.com\/inti.hr\/wp-content\/uploads\/2024\/05\/LOM076C01-2-e1714718012969.jpg?fit=800%2C858&ssl=1","width":800,"height":858,"caption":"EKHO klupa od umjetne ko\u017ee s finim \u0161avovima"},{"@type":"BreadcrumbList","@id":"https:\/\/inti.hr\/bs\/proizvod\/ekho-klupa-od-umjetne-koze-s-finim-savovima\/#breadcrumb","itemListElement":[{"@type":"ListItem","position":1,"name":"Po\u010detna stranica","item":"https:\/\/inti.hr\/bs\/"},{"@type":"ListItem","position":2,"name":"Trgovina","item":"https:\/\/inti.hr\/bs\/trgovina\/"},{"@type":"ListItem","position":3,"name":"EKHO klupa od umjetne ko\u017ee s finim \u0161avovima"}]},{"@type":"WebSite","@id":"https:\/\/inti.hr\/bs\/#website","url":"https:\/\/inti.hr\/bs\/","name":"Inti","description":"trgovina","potentialAction":[{"@type":"SearchAction","target":{"@type":"EntryPoint","urlTemplate":"https:\/\/inti.hr\/bs\/?s={search_term_string}"},"query-input":{"@type":"PropertyValueSpecification","valueRequired":true,"valueName":"search_term_string"}}],"inLanguage":"bs-BA"}]}},"jetpack_sharing_enabled":true,"jetpack-related-posts":[],"_links":{"self":[{"href":"https:\/\/inti.hr\/bs\/wp-json\/wp\/v2\/product\/36061"}],"collection":[{"href":"https:\/\/inti.hr\/bs\/wp-json\/wp\/v2\/product"}],"about":[{"href":"https:\/\/inti.hr\/bs\/wp-json\/wp\/v2\/types\/product"}],"wp:featuredmedia":[{"embeddable":true,"href":"https:\/\/inti.hr\/bs\/wp-json\/wp\/v2\/media\/36062"}],"wp:attachment":[{"href":"https:\/\/inti.hr\/bs\/wp-json\/wp\/v2\/media?parent=36061"}],"wp:term":[{"taxonomy":"product_cat","embeddable":true,"href":"https:\/\/inti.hr\/bs\/wp-json\/wp\/v2\/product_cat?post=36061"},{"taxonomy":"product_tag","embeddable":true,"href":"https:\/\/inti.hr\/bs\/wp-json\/wp\/v2\/product_tag?post=36061"}],"curies":[{"name":"wp","href":"https:\/\/api.w.org\/{rel}","templated":true}]}}