{"id":36069,"date":"2024-04-30T11:50:13","date_gmt":"2024-04-30T10:50:13","guid":{"rendered":"https:\/\/inti.hr\/product\/barske-stolice-set-od-4-kom\/"},"modified":"2024-04-30T11:50:13","modified_gmt":"2024-04-30T10:50:13","slug":"barske-stolice-set-od-4-kom","status":"publish","type":"product","link":"https:\/\/inti.hr\/bs\/proizvod\/barske-stolice-set-od-4-kom\/","title":{"rendered":"Barske stolice set od 4 kom"},"content":{"rendered":"<p>Detalji o proizvodu:<br \/>\n&#8211; Boja: vintage sme\u0111e-crna<br \/>\n&#8211; Materijal: iverica, \u010delik<br \/>\n&#8211; Veli\u010dina po stolcu: 32 x 65 cm (\u00d8 x V)<br \/>\n&#8211; Te\u017eina po stolcu: 5 kg<br \/>\n&#8211; Maksimalna stati\u010dka nosivost po stolcu: 150 kg<\/p>\n<p>&nbsp;<\/p>\n<p>NAPOMENA.<\/p>\n<p>&nbsp;<\/p>\n<p>Zbog dimenzija ne vr\u0161imo povrat novca ili zamjenu.<\/p>\n","protected":false},"excerpt":{"rendered":"<p>Zahvaljuju\u0107i ozna\u010denim pojedina\u010dnim dijelovima i lako razumljivim uputama, sastavljanje ovih barskih &#8230; <\/p>\n","protected":false},"featured_media":36070,"template":"","meta":[],"product_cat":[2536],"product_tag":[2918,3359,4274,4275],"yoast_head":"<!-- This site is optimized with the Yoast SEO plugin v23.7 - https:\/\/yoast.com\/wordpress\/plugins\/seo\/ -->\n<title>Barske stolice set od 4 kom - Inti<\/title>\n<meta name=\"description\" content=\"Zahvaljuju\u0107i ozna\u010denim pojedina\u010dnim dijelovima i lako razumljivim uputama, sastavljanje ovih barskih stolica je jednostavno. Ovaj set od 4 komada bit \u0107e u va\u0161oj kuhinji za 30 minuta. \u00a04 \u010dvrsta barska stolca u industrijskom dizajnu, od kojih svaki mo\u017ee izdr\u017eati do 100 kg. Psst, ove barske stolice dio su na\u0161e fascinantne ALINRU kolekcije! Zahvaljuju\u0107i kompaktnim dimenzijama svakog od njih \u00d8 32 x 65 cm, taburei se mogu lako gurnuti ispod ve\u0107ine barskih stolova kada se ne koriste radi u\u0161tede prostora. Ponovno ih iznesite kad ve\u010dera bude poslu\u017eena. Vintage sme\u0111e okruglo sjedalo, mat crni \u010deli\u010dni okvir - Ovi barski stolci industrijskog dizajna zatrest \u0107e va\u0161u kuhinju i otok s du\u0161om i karakterom.\" \/>\n<meta name=\"robots\" content=\"index, follow, max-snippet:-1, max-image-preview:large, max-video-preview:-1\" \/>\n<link rel=\"canonical\" href=\"https:\/\/inti.hr\/bs\/proizvod\/barske-stolice-set-od-4-kom\/\" \/>\n<meta property=\"og:locale\" content=\"bs_BA\" \/>\n<meta property=\"og:type\" content=\"article\" \/>\n<meta property=\"og:title\" content=\"Barske stolice set od 4 kom - Inti\" \/>\n<meta property=\"og:description\" content=\"Zahvaljuju\u0107i ozna\u010denim pojedina\u010dnim dijelovima i lako razumljivim uputama, sastavljanje ovih barskih stolica je jednostavno. Ovaj set od 4 komada bit \u0107e u va\u0161oj kuhinji za 30 minuta. \u00a04 \u010dvrsta barska stolca u industrijskom dizajnu, od kojih svaki mo\u017ee izdr\u017eati do 100 kg. Psst, ove barske stolice dio su na\u0161e fascinantne ALINRU kolekcije! Zahvaljuju\u0107i kompaktnim dimenzijama svakog od njih \u00d8 32 x 65 cm, taburei se mogu lako gurnuti ispod ve\u0107ine barskih stolova kada se ne koriste radi u\u0161tede prostora. Ponovno ih iznesite kad ve\u010dera bude poslu\u017eena. Vintage sme\u0111e okruglo sjedalo, mat crni \u010deli\u010dni okvir - Ovi barski stolci industrijskog dizajna zatrest \u0107e va\u0161u kuhinju i otok s du\u0161om i karakterom.\" \/>\n<meta property=\"og:url\" content=\"https:\/\/inti.hr\/bs\/proizvod\/barske-stolice-set-od-4-kom\/\" \/>\n<meta property=\"og:site_name\" content=\"Inti\" \/>\n<meta property=\"og:image\" content=\"https:\/\/i0.wp.com\/inti.hr\/wp-content\/uploads\/2024\/04\/LBC232B01-2.jpg?fit=1000%2C1000&ssl=1\" \/>\n\t<meta property=\"og:image:width\" content=\"1000\" \/>\n\t<meta property=\"og:image:height\" content=\"1000\" \/>\n\t<meta property=\"og:image:type\" content=\"image\/jpeg\" \/>\n<meta name=\"twitter:card\" content=\"summary_large_image\" \/>\n<script type=\"application\/ld+json\" class=\"yoast-schema-graph\">{\"@context\":\"https:\/\/schema.org\",\"@graph\":[{\"@type\":\"WebPage\",\"@id\":\"https:\/\/inti.hr\/bs\/proizvod\/barske-stolice-set-od-4-kom\/\",\"url\":\"https:\/\/inti.hr\/bs\/proizvod\/barske-stolice-set-od-4-kom\/\",\"name\":\"Barske stolice set od 4 kom - Inti\",\"isPartOf\":{\"@id\":\"https:\/\/inti.hr\/bs\/#website\"},\"primaryImageOfPage\":{\"@id\":\"https:\/\/inti.hr\/bs\/proizvod\/barske-stolice-set-od-4-kom\/#primaryimage\"},\"image\":{\"@id\":\"https:\/\/inti.hr\/bs\/proizvod\/barske-stolice-set-od-4-kom\/#primaryimage\"},\"thumbnailUrl\":\"https:\/\/i0.wp.com\/inti.hr\/wp-content\/uploads\/2024\/04\/LBC232B01-2.jpg?fit=1000%2C1000&ssl=1\",\"datePublished\":\"2024-04-30T10:50:13+00:00\",\"dateModified\":\"2024-04-30T10:50:13+00:00\",\"description\":\"Zahvaljuju\u0107i ozna\u010denim pojedina\u010dnim dijelovima i lako razumljivim uputama, sastavljanje ovih barskih stolica je jednostavno. Ovaj set od 4 komada bit \u0107e u va\u0161oj kuhinji za 30 minuta. \u00a04 \u010dvrsta barska stolca u industrijskom dizajnu, od kojih svaki mo\u017ee izdr\u017eati do 100 kg. Psst, ove barske stolice dio su na\u0161e fascinantne ALINRU kolekcije! Zahvaljuju\u0107i kompaktnim dimenzijama svakog od njih \u00d8 32 x 65 cm, taburei se mogu lako gurnuti ispod ve\u0107ine barskih stolova kada se ne koriste radi u\u0161tede prostora. Ponovno ih iznesite kad ve\u010dera bude poslu\u017eena. Vintage sme\u0111e okruglo sjedalo, mat crni \u010deli\u010dni okvir - Ovi barski stolci industrijskog dizajna zatrest \u0107e va\u0161u kuhinju i otok s du\u0161om i karakterom.\",\"breadcrumb\":{\"@id\":\"https:\/\/inti.hr\/bs\/proizvod\/barske-stolice-set-od-4-kom\/#breadcrumb\"},\"inLanguage\":\"bs-BA\",\"potentialAction\":[{\"@type\":\"ReadAction\",\"target\":[\"https:\/\/inti.hr\/bs\/proizvod\/barske-stolice-set-od-4-kom\/\"]}]},{\"@type\":\"ImageObject\",\"inLanguage\":\"bs-BA\",\"@id\":\"https:\/\/inti.hr\/bs\/proizvod\/barske-stolice-set-od-4-kom\/#primaryimage\",\"url\":\"https:\/\/i0.wp.com\/inti.hr\/wp-content\/uploads\/2024\/04\/LBC232B01-2.jpg?fit=1000%2C1000&ssl=1\",\"contentUrl\":\"https:\/\/i0.wp.com\/inti.hr\/wp-content\/uploads\/2024\/04\/LBC232B01-2.jpg?fit=1000%2C1000&ssl=1\",\"width\":1000,\"height\":1000},{\"@type\":\"BreadcrumbList\",\"@id\":\"https:\/\/inti.hr\/bs\/proizvod\/barske-stolice-set-od-4-kom\/#breadcrumb\",\"itemListElement\":[{\"@type\":\"ListItem\",\"position\":1,\"name\":\"Po\u010detna stranica\",\"item\":\"https:\/\/inti.hr\/bs\/\"},{\"@type\":\"ListItem\",\"position\":2,\"name\":\"Trgovina\",\"item\":\"https:\/\/inti.hr\/bs\/trgovina\/\"},{\"@type\":\"ListItem\",\"position\":3,\"name\":\"Barske stolice set od 4 kom\"}]},{\"@type\":\"WebSite\",\"@id\":\"https:\/\/inti.hr\/bs\/#website\",\"url\":\"https:\/\/inti.hr\/bs\/\",\"name\":\"Inti\",\"description\":\"trgovina\",\"potentialAction\":[{\"@type\":\"SearchAction\",\"target\":{\"@type\":\"EntryPoint\",\"urlTemplate\":\"https:\/\/inti.hr\/bs\/?s={search_term_string}\"},\"query-input\":{\"@type\":\"PropertyValueSpecification\",\"valueRequired\":true,\"valueName\":\"search_term_string\"}}],\"inLanguage\":\"bs-BA\"}]}<\/script>\n<!-- \/ Yoast SEO plugin. -->","yoast_head_json":{"title":"Barske stolice set od 4 kom - Inti","description":"Zahvaljuju\u0107i ozna\u010denim pojedina\u010dnim dijelovima i lako razumljivim uputama, sastavljanje ovih barskih stolica je jednostavno. Ovaj set od 4 komada bit \u0107e u va\u0161oj kuhinji za 30 minuta. \u00a04 \u010dvrsta barska stolca u industrijskom dizajnu, od kojih svaki mo\u017ee izdr\u017eati do 100 kg. Psst, ove barske stolice dio su na\u0161e fascinantne ALINRU kolekcije! Zahvaljuju\u0107i kompaktnim dimenzijama svakog od njih \u00d8 32 x 65 cm, taburei se mogu lako gurnuti ispod ve\u0107ine barskih stolova kada se ne koriste radi u\u0161tede prostora. Ponovno ih iznesite kad ve\u010dera bude poslu\u017eena. Vintage sme\u0111e okruglo sjedalo, mat crni \u010deli\u010dni okvir - Ovi barski stolci industrijskog dizajna zatrest \u0107e va\u0161u kuhinju i otok s du\u0161om i karakterom.","robots":{"index":"index","follow":"follow","max-snippet":"max-snippet:-1","max-image-preview":"max-image-preview:large","max-video-preview":"max-video-preview:-1"},"canonical":"https:\/\/inti.hr\/bs\/proizvod\/barske-stolice-set-od-4-kom\/","og_locale":"bs_BA","og_type":"article","og_title":"Barske stolice set od 4 kom - Inti","og_description":"Zahvaljuju\u0107i ozna\u010denim pojedina\u010dnim dijelovima i lako razumljivim uputama, sastavljanje ovih barskih stolica je jednostavno. Ovaj set od 4 komada bit \u0107e u va\u0161oj kuhinji za 30 minuta. \u00a04 \u010dvrsta barska stolca u industrijskom dizajnu, od kojih svaki mo\u017ee izdr\u017eati do 100 kg. Psst, ove barske stolice dio su na\u0161e fascinantne ALINRU kolekcije! Zahvaljuju\u0107i kompaktnim dimenzijama svakog od njih \u00d8 32 x 65 cm, taburei se mogu lako gurnuti ispod ve\u0107ine barskih stolova kada se ne koriste radi u\u0161tede prostora. Ponovno ih iznesite kad ve\u010dera bude poslu\u017eena. Vintage sme\u0111e okruglo sjedalo, mat crni \u010deli\u010dni okvir - Ovi barski stolci industrijskog dizajna zatrest \u0107e va\u0161u kuhinju i otok s du\u0161om i karakterom.","og_url":"https:\/\/inti.hr\/bs\/proizvod\/barske-stolice-set-od-4-kom\/","og_site_name":"Inti","og_image":[{"width":1000,"height":1000,"url":"https:\/\/i0.wp.com\/inti.hr\/wp-content\/uploads\/2024\/04\/LBC232B01-2.jpg?fit=1000%2C1000&ssl=1","type":"image\/jpeg"}],"twitter_card":"summary_large_image","schema":{"@context":"https:\/\/schema.org","@graph":[{"@type":"WebPage","@id":"https:\/\/inti.hr\/bs\/proizvod\/barske-stolice-set-od-4-kom\/","url":"https:\/\/inti.hr\/bs\/proizvod\/barske-stolice-set-od-4-kom\/","name":"Barske stolice set od 4 kom - Inti","isPartOf":{"@id":"https:\/\/inti.hr\/bs\/#website"},"primaryImageOfPage":{"@id":"https:\/\/inti.hr\/bs\/proizvod\/barske-stolice-set-od-4-kom\/#primaryimage"},"image":{"@id":"https:\/\/inti.hr\/bs\/proizvod\/barske-stolice-set-od-4-kom\/#primaryimage"},"thumbnailUrl":"https:\/\/i0.wp.com\/inti.hr\/wp-content\/uploads\/2024\/04\/LBC232B01-2.jpg?fit=1000%2C1000&ssl=1","datePublished":"2024-04-30T10:50:13+00:00","dateModified":"2024-04-30T10:50:13+00:00","description":"Zahvaljuju\u0107i ozna\u010denim pojedina\u010dnim dijelovima i lako razumljivim uputama, sastavljanje ovih barskih stolica je jednostavno. Ovaj set od 4 komada bit \u0107e u va\u0161oj kuhinji za 30 minuta. \u00a04 \u010dvrsta barska stolca u industrijskom dizajnu, od kojih svaki mo\u017ee izdr\u017eati do 100 kg. Psst, ove barske stolice dio su na\u0161e fascinantne ALINRU kolekcije! Zahvaljuju\u0107i kompaktnim dimenzijama svakog od njih \u00d8 32 x 65 cm, taburei se mogu lako gurnuti ispod ve\u0107ine barskih stolova kada se ne koriste radi u\u0161tede prostora. Ponovno ih iznesite kad ve\u010dera bude poslu\u017eena. Vintage sme\u0111e okruglo sjedalo, mat crni \u010deli\u010dni okvir - Ovi barski stolci industrijskog dizajna zatrest \u0107e va\u0161u kuhinju i otok s du\u0161om i karakterom.","breadcrumb":{"@id":"https:\/\/inti.hr\/bs\/proizvod\/barske-stolice-set-od-4-kom\/#breadcrumb"},"inLanguage":"bs-BA","potentialAction":[{"@type":"ReadAction","target":["https:\/\/inti.hr\/bs\/proizvod\/barske-stolice-set-od-4-kom\/"]}]},{"@type":"ImageObject","inLanguage":"bs-BA","@id":"https:\/\/inti.hr\/bs\/proizvod\/barske-stolice-set-od-4-kom\/#primaryimage","url":"https:\/\/i0.wp.com\/inti.hr\/wp-content\/uploads\/2024\/04\/LBC232B01-2.jpg?fit=1000%2C1000&ssl=1","contentUrl":"https:\/\/i0.wp.com\/inti.hr\/wp-content\/uploads\/2024\/04\/LBC232B01-2.jpg?fit=1000%2C1000&ssl=1","width":1000,"height":1000},{"@type":"BreadcrumbList","@id":"https:\/\/inti.hr\/bs\/proizvod\/barske-stolice-set-od-4-kom\/#breadcrumb","itemListElement":[{"@type":"ListItem","position":1,"name":"Po\u010detna stranica","item":"https:\/\/inti.hr\/bs\/"},{"@type":"ListItem","position":2,"name":"Trgovina","item":"https:\/\/inti.hr\/bs\/trgovina\/"},{"@type":"ListItem","position":3,"name":"Barske stolice set od 4 kom"}]},{"@type":"WebSite","@id":"https:\/\/inti.hr\/bs\/#website","url":"https:\/\/inti.hr\/bs\/","name":"Inti","description":"trgovina","potentialAction":[{"@type":"SearchAction","target":{"@type":"EntryPoint","urlTemplate":"https:\/\/inti.hr\/bs\/?s={search_term_string}"},"query-input":{"@type":"PropertyValueSpecification","valueRequired":true,"valueName":"search_term_string"}}],"inLanguage":"bs-BA"}]}},"jetpack_sharing_enabled":true,"jetpack-related-posts":[],"_links":{"self":[{"href":"https:\/\/inti.hr\/bs\/wp-json\/wp\/v2\/product\/36069"}],"collection":[{"href":"https:\/\/inti.hr\/bs\/wp-json\/wp\/v2\/product"}],"about":[{"href":"https:\/\/inti.hr\/bs\/wp-json\/wp\/v2\/types\/product"}],"wp:featuredmedia":[{"embeddable":true,"href":"https:\/\/inti.hr\/bs\/wp-json\/wp\/v2\/media\/36070"}],"wp:attachment":[{"href":"https:\/\/inti.hr\/bs\/wp-json\/wp\/v2\/media?parent=36069"}],"wp:term":[{"taxonomy":"product_cat","embeddable":true,"href":"https:\/\/inti.hr\/bs\/wp-json\/wp\/v2\/product_cat?post=36069"},{"taxonomy":"product_tag","embeddable":true,"href":"https:\/\/inti.hr\/bs\/wp-json\/wp\/v2\/product_tag?post=36069"}],"curies":[{"name":"wp","href":"https:\/\/api.w.org\/{rel}","templated":true}]}}