{"id":36073,"date":"2024-04-26T08:25:49","date_gmt":"2024-04-26T07:25:49","guid":{"rendered":"https:\/\/inti.hr\/product\/kutija-za-nakit-3-razine-s-ladicama\/"},"modified":"2024-04-26T08:25:49","modified_gmt":"2024-04-26T07:25:49","slug":"kutija-za-nakit-3-razine-s-ladicama","status":"publish","type":"product","link":"https:\/\/inti.hr\/bs\/proizvod\/kutija-za-nakit-3-razine-s-ladicama\/","title":{"rendered":"Kutija za nakit 3 razine s ladicama"},"content":{"rendered":"<p>Detalji proizvoda:<\/p>\n<p>Boja: crna tinta<br \/>\nMaterijal: \u010delik, MDF (vlaknasta plo\u010da srednje gusto\u0107e), PU umjetna ko\u017ea, bar\u0161un<br \/>\nVeli\u010dina:<br \/>\nUkupne dimenzije: 20,5 x 22,7 x 23,5 cm (D x \u0160 x V)<br \/>\nVisina metalnog okvira u gornjem dijelu: 8 cm<br \/>\nTe\u017eina: 2,2 kg<\/p>\n","protected":false},"excerpt":{"rendered":"<p>Mje\u0161avina zlatnog okvira i crne kutije s tintom s PU premazom &#8230; <\/p>\n","protected":false},"featured_media":36074,"template":"","meta":[],"product_cat":[2890],"product_tag":[3500,4540,4690],"yoast_head":"<!-- This site is optimized with the Yoast SEO plugin v23.7 - https:\/\/yoast.com\/wordpress\/plugins\/seo\/ -->\n<title>Kutija za nakit 3 razine s ladicama - Inti<\/title>\n<meta name=\"description\" content=\"Mje\u0161avina zlatnog okvira i crne kutije s tintom s PU premazom definira ovu jedinstvenu, elegantnu kutiju za nakit. Slu\u017ei kao istaknuti komad koji uljep\u0161ava svaki dekor. Ova kutija za nakit ima 3 velike ladice, od kojih svaka nudi razli\u010dite pretince za prstenje, narukvice, bro\u0161eve, nao\u010dale, pa \u010dak i satove. Neka va\u0161e vrijedne stvari budu organizirane i lako dostupne. Potrebna su samo 2 koraka: jednostavno umetnite \u0161ipke u gornji dio i \u010dvrsto ih pri\u010dvrstite, zatim pri\u010dvrstite 4 jastu\u010di\u0107a za noge i ostavite ih da miruju - kutija je spremna za izlaganje va\u0161ih vrijednih komada! Gornja strana: 6 kukica i pre\u010dka u obliku vala - idealan prostor za narukvice, nau\u0161nice itd. \u010cesto kori\u0161teni predmeti ili ve\u0107i dodaci kao \u0161to su sun\u010dane nao\u010dale mogu se pohraniti na dohvat ruke u gornjem dijelu. Ova kutija za nakit prekrasan je, poseban poklon za va\u0161e prijatelje i voljene, kao i savr\u0161eno iznena\u0111enje za ro\u0111endane, godi\u0161njice i druge praznike. Naravno, mo\u017eete ga koristiti i kao poklon za sebe!\" \/>\n<meta name=\"robots\" content=\"index, follow, max-snippet:-1, max-image-preview:large, max-video-preview:-1\" \/>\n<link rel=\"canonical\" href=\"https:\/\/inti.hr\/bs\/proizvod\/kutija-za-nakit-3-razine-s-ladicama\/\" \/>\n<meta property=\"og:locale\" content=\"bs_BA\" \/>\n<meta property=\"og:type\" content=\"article\" \/>\n<meta property=\"og:title\" content=\"Kutija za nakit 3 razine s ladicama - Inti\" \/>\n<meta property=\"og:description\" content=\"Mje\u0161avina zlatnog okvira i crne kutije s tintom s PU premazom definira ovu jedinstvenu, elegantnu kutiju za nakit. Slu\u017ei kao istaknuti komad koji uljep\u0161ava svaki dekor. Ova kutija za nakit ima 3 velike ladice, od kojih svaka nudi razli\u010dite pretince za prstenje, narukvice, bro\u0161eve, nao\u010dale, pa \u010dak i satove. Neka va\u0161e vrijedne stvari budu organizirane i lako dostupne. Potrebna su samo 2 koraka: jednostavno umetnite \u0161ipke u gornji dio i \u010dvrsto ih pri\u010dvrstite, zatim pri\u010dvrstite 4 jastu\u010di\u0107a za noge i ostavite ih da miruju - kutija je spremna za izlaganje va\u0161ih vrijednih komada! Gornja strana: 6 kukica i pre\u010dka u obliku vala - idealan prostor za narukvice, nau\u0161nice itd. \u010cesto kori\u0161teni predmeti ili ve\u0107i dodaci kao \u0161to su sun\u010dane nao\u010dale mogu se pohraniti na dohvat ruke u gornjem dijelu. Ova kutija za nakit prekrasan je, poseban poklon za va\u0161e prijatelje i voljene, kao i savr\u0161eno iznena\u0111enje za ro\u0111endane, godi\u0161njice i druge praznike. Naravno, mo\u017eete ga koristiti i kao poklon za sebe!\" \/>\n<meta property=\"og:url\" content=\"https:\/\/inti.hr\/bs\/proizvod\/kutija-za-nakit-3-razine-s-ladicama\/\" \/>\n<meta property=\"og:site_name\" content=\"Inti\" \/>\n<meta property=\"og:image\" content=\"https:\/\/i0.wp.com\/inti.hr\/wp-content\/uploads\/2024\/04\/JBC168B01-2-e1714116273517.jpg?fit=800%2C846&ssl=1\" \/>\n\t<meta property=\"og:image:width\" content=\"800\" \/>\n\t<meta property=\"og:image:height\" content=\"846\" \/>\n\t<meta property=\"og:image:type\" content=\"image\/jpeg\" \/>\n<meta name=\"twitter:card\" content=\"summary_large_image\" \/>\n<script type=\"application\/ld+json\" class=\"yoast-schema-graph\">{\"@context\":\"https:\/\/schema.org\",\"@graph\":[{\"@type\":\"WebPage\",\"@id\":\"https:\/\/inti.hr\/bs\/proizvod\/kutija-za-nakit-3-razine-s-ladicama\/\",\"url\":\"https:\/\/inti.hr\/bs\/proizvod\/kutija-za-nakit-3-razine-s-ladicama\/\",\"name\":\"Kutija za nakit 3 razine s ladicama - Inti\",\"isPartOf\":{\"@id\":\"https:\/\/inti.hr\/bs\/#website\"},\"primaryImageOfPage\":{\"@id\":\"https:\/\/inti.hr\/bs\/proizvod\/kutija-za-nakit-3-razine-s-ladicama\/#primaryimage\"},\"image\":{\"@id\":\"https:\/\/inti.hr\/bs\/proizvod\/kutija-za-nakit-3-razine-s-ladicama\/#primaryimage\"},\"thumbnailUrl\":\"https:\/\/i0.wp.com\/inti.hr\/wp-content\/uploads\/2024\/04\/JBC168B01-2-e1714116273517.jpg?fit=800%2C846&ssl=1\",\"datePublished\":\"2024-04-26T07:25:49+00:00\",\"dateModified\":\"2024-04-26T07:25:49+00:00\",\"description\":\"Mje\u0161avina zlatnog okvira i crne kutije s tintom s PU premazom definira ovu jedinstvenu, elegantnu kutiju za nakit. Slu\u017ei kao istaknuti komad koji uljep\u0161ava svaki dekor. Ova kutija za nakit ima 3 velike ladice, od kojih svaka nudi razli\u010dite pretince za prstenje, narukvice, bro\u0161eve, nao\u010dale, pa \u010dak i satove. Neka va\u0161e vrijedne stvari budu organizirane i lako dostupne. Potrebna su samo 2 koraka: jednostavno umetnite \u0161ipke u gornji dio i \u010dvrsto ih pri\u010dvrstite, zatim pri\u010dvrstite 4 jastu\u010di\u0107a za noge i ostavite ih da miruju - kutija je spremna za izlaganje va\u0161ih vrijednih komada! Gornja strana: 6 kukica i pre\u010dka u obliku vala - idealan prostor za narukvice, nau\u0161nice itd. \u010cesto kori\u0161teni predmeti ili ve\u0107i dodaci kao \u0161to su sun\u010dane nao\u010dale mogu se pohraniti na dohvat ruke u gornjem dijelu. Ova kutija za nakit prekrasan je, poseban poklon za va\u0161e prijatelje i voljene, kao i savr\u0161eno iznena\u0111enje za ro\u0111endane, godi\u0161njice i druge praznike. Naravno, mo\u017eete ga koristiti i kao poklon za sebe!\",\"breadcrumb\":{\"@id\":\"https:\/\/inti.hr\/bs\/proizvod\/kutija-za-nakit-3-razine-s-ladicama\/#breadcrumb\"},\"inLanguage\":\"bs-BA\",\"potentialAction\":[{\"@type\":\"ReadAction\",\"target\":[\"https:\/\/inti.hr\/bs\/proizvod\/kutija-za-nakit-3-razine-s-ladicama\/\"]}]},{\"@type\":\"ImageObject\",\"inLanguage\":\"bs-BA\",\"@id\":\"https:\/\/inti.hr\/bs\/proizvod\/kutija-za-nakit-3-razine-s-ladicama\/#primaryimage\",\"url\":\"https:\/\/i0.wp.com\/inti.hr\/wp-content\/uploads\/2024\/04\/JBC168B01-2-e1714116273517.jpg?fit=800%2C846&ssl=1\",\"contentUrl\":\"https:\/\/i0.wp.com\/inti.hr\/wp-content\/uploads\/2024\/04\/JBC168B01-2-e1714116273517.jpg?fit=800%2C846&ssl=1\",\"width\":800,\"height\":846,\"caption\":\"kutija za nakit 3 razine s ladicama oblak bijela\"},{\"@type\":\"BreadcrumbList\",\"@id\":\"https:\/\/inti.hr\/bs\/proizvod\/kutija-za-nakit-3-razine-s-ladicama\/#breadcrumb\",\"itemListElement\":[{\"@type\":\"ListItem\",\"position\":1,\"name\":\"Po\u010detna stranica\",\"item\":\"https:\/\/inti.hr\/bs\/\"},{\"@type\":\"ListItem\",\"position\":2,\"name\":\"Trgovina\",\"item\":\"https:\/\/inti.hr\/bs\/trgovina\/\"},{\"@type\":\"ListItem\",\"position\":3,\"name\":\"Kutija za nakit 3 razine s ladicama\"}]},{\"@type\":\"WebSite\",\"@id\":\"https:\/\/inti.hr\/bs\/#website\",\"url\":\"https:\/\/inti.hr\/bs\/\",\"name\":\"Inti\",\"description\":\"trgovina\",\"potentialAction\":[{\"@type\":\"SearchAction\",\"target\":{\"@type\":\"EntryPoint\",\"urlTemplate\":\"https:\/\/inti.hr\/bs\/?s={search_term_string}\"},\"query-input\":{\"@type\":\"PropertyValueSpecification\",\"valueRequired\":true,\"valueName\":\"search_term_string\"}}],\"inLanguage\":\"bs-BA\"}]}<\/script>\n<!-- \/ Yoast SEO plugin. -->","yoast_head_json":{"title":"Kutija za nakit 3 razine s ladicama - Inti","description":"Mje\u0161avina zlatnog okvira i crne kutije s tintom s PU premazom definira ovu jedinstvenu, elegantnu kutiju za nakit. Slu\u017ei kao istaknuti komad koji uljep\u0161ava svaki dekor. Ova kutija za nakit ima 3 velike ladice, od kojih svaka nudi razli\u010dite pretince za prstenje, narukvice, bro\u0161eve, nao\u010dale, pa \u010dak i satove. Neka va\u0161e vrijedne stvari budu organizirane i lako dostupne. Potrebna su samo 2 koraka: jednostavno umetnite \u0161ipke u gornji dio i \u010dvrsto ih pri\u010dvrstite, zatim pri\u010dvrstite 4 jastu\u010di\u0107a za noge i ostavite ih da miruju - kutija je spremna za izlaganje va\u0161ih vrijednih komada! Gornja strana: 6 kukica i pre\u010dka u obliku vala - idealan prostor za narukvice, nau\u0161nice itd. \u010cesto kori\u0161teni predmeti ili ve\u0107i dodaci kao \u0161to su sun\u010dane nao\u010dale mogu se pohraniti na dohvat ruke u gornjem dijelu. Ova kutija za nakit prekrasan je, poseban poklon za va\u0161e prijatelje i voljene, kao i savr\u0161eno iznena\u0111enje za ro\u0111endane, godi\u0161njice i druge praznike. Naravno, mo\u017eete ga koristiti i kao poklon za sebe!","robots":{"index":"index","follow":"follow","max-snippet":"max-snippet:-1","max-image-preview":"max-image-preview:large","max-video-preview":"max-video-preview:-1"},"canonical":"https:\/\/inti.hr\/bs\/proizvod\/kutija-za-nakit-3-razine-s-ladicama\/","og_locale":"bs_BA","og_type":"article","og_title":"Kutija za nakit 3 razine s ladicama - Inti","og_description":"Mje\u0161avina zlatnog okvira i crne kutije s tintom s PU premazom definira ovu jedinstvenu, elegantnu kutiju za nakit. Slu\u017ei kao istaknuti komad koji uljep\u0161ava svaki dekor. Ova kutija za nakit ima 3 velike ladice, od kojih svaka nudi razli\u010dite pretince za prstenje, narukvice, bro\u0161eve, nao\u010dale, pa \u010dak i satove. Neka va\u0161e vrijedne stvari budu organizirane i lako dostupne. Potrebna su samo 2 koraka: jednostavno umetnite \u0161ipke u gornji dio i \u010dvrsto ih pri\u010dvrstite, zatim pri\u010dvrstite 4 jastu\u010di\u0107a za noge i ostavite ih da miruju - kutija je spremna za izlaganje va\u0161ih vrijednih komada! Gornja strana: 6 kukica i pre\u010dka u obliku vala - idealan prostor za narukvice, nau\u0161nice itd. \u010cesto kori\u0161teni predmeti ili ve\u0107i dodaci kao \u0161to su sun\u010dane nao\u010dale mogu se pohraniti na dohvat ruke u gornjem dijelu. Ova kutija za nakit prekrasan je, poseban poklon za va\u0161e prijatelje i voljene, kao i savr\u0161eno iznena\u0111enje za ro\u0111endane, godi\u0161njice i druge praznike. Naravno, mo\u017eete ga koristiti i kao poklon za sebe!","og_url":"https:\/\/inti.hr\/bs\/proizvod\/kutija-za-nakit-3-razine-s-ladicama\/","og_site_name":"Inti","og_image":[{"width":800,"height":846,"url":"https:\/\/i0.wp.com\/inti.hr\/wp-content\/uploads\/2024\/04\/JBC168B01-2-e1714116273517.jpg?fit=800%2C846&ssl=1","type":"image\/jpeg"}],"twitter_card":"summary_large_image","schema":{"@context":"https:\/\/schema.org","@graph":[{"@type":"WebPage","@id":"https:\/\/inti.hr\/bs\/proizvod\/kutija-za-nakit-3-razine-s-ladicama\/","url":"https:\/\/inti.hr\/bs\/proizvod\/kutija-za-nakit-3-razine-s-ladicama\/","name":"Kutija za nakit 3 razine s ladicama - Inti","isPartOf":{"@id":"https:\/\/inti.hr\/bs\/#website"},"primaryImageOfPage":{"@id":"https:\/\/inti.hr\/bs\/proizvod\/kutija-za-nakit-3-razine-s-ladicama\/#primaryimage"},"image":{"@id":"https:\/\/inti.hr\/bs\/proizvod\/kutija-za-nakit-3-razine-s-ladicama\/#primaryimage"},"thumbnailUrl":"https:\/\/i0.wp.com\/inti.hr\/wp-content\/uploads\/2024\/04\/JBC168B01-2-e1714116273517.jpg?fit=800%2C846&ssl=1","datePublished":"2024-04-26T07:25:49+00:00","dateModified":"2024-04-26T07:25:49+00:00","description":"Mje\u0161avina zlatnog okvira i crne kutije s tintom s PU premazom definira ovu jedinstvenu, elegantnu kutiju za nakit. Slu\u017ei kao istaknuti komad koji uljep\u0161ava svaki dekor. Ova kutija za nakit ima 3 velike ladice, od kojih svaka nudi razli\u010dite pretince za prstenje, narukvice, bro\u0161eve, nao\u010dale, pa \u010dak i satove. Neka va\u0161e vrijedne stvari budu organizirane i lako dostupne. Potrebna su samo 2 koraka: jednostavno umetnite \u0161ipke u gornji dio i \u010dvrsto ih pri\u010dvrstite, zatim pri\u010dvrstite 4 jastu\u010di\u0107a za noge i ostavite ih da miruju - kutija je spremna za izlaganje va\u0161ih vrijednih komada! Gornja strana: 6 kukica i pre\u010dka u obliku vala - idealan prostor za narukvice, nau\u0161nice itd. \u010cesto kori\u0161teni predmeti ili ve\u0107i dodaci kao \u0161to su sun\u010dane nao\u010dale mogu se pohraniti na dohvat ruke u gornjem dijelu. Ova kutija za nakit prekrasan je, poseban poklon za va\u0161e prijatelje i voljene, kao i savr\u0161eno iznena\u0111enje za ro\u0111endane, godi\u0161njice i druge praznike. Naravno, mo\u017eete ga koristiti i kao poklon za sebe!","breadcrumb":{"@id":"https:\/\/inti.hr\/bs\/proizvod\/kutija-za-nakit-3-razine-s-ladicama\/#breadcrumb"},"inLanguage":"bs-BA","potentialAction":[{"@type":"ReadAction","target":["https:\/\/inti.hr\/bs\/proizvod\/kutija-za-nakit-3-razine-s-ladicama\/"]}]},{"@type":"ImageObject","inLanguage":"bs-BA","@id":"https:\/\/inti.hr\/bs\/proizvod\/kutija-za-nakit-3-razine-s-ladicama\/#primaryimage","url":"https:\/\/i0.wp.com\/inti.hr\/wp-content\/uploads\/2024\/04\/JBC168B01-2-e1714116273517.jpg?fit=800%2C846&ssl=1","contentUrl":"https:\/\/i0.wp.com\/inti.hr\/wp-content\/uploads\/2024\/04\/JBC168B01-2-e1714116273517.jpg?fit=800%2C846&ssl=1","width":800,"height":846,"caption":"kutija za nakit 3 razine s ladicama oblak bijela"},{"@type":"BreadcrumbList","@id":"https:\/\/inti.hr\/bs\/proizvod\/kutija-za-nakit-3-razine-s-ladicama\/#breadcrumb","itemListElement":[{"@type":"ListItem","position":1,"name":"Po\u010detna stranica","item":"https:\/\/inti.hr\/bs\/"},{"@type":"ListItem","position":2,"name":"Trgovina","item":"https:\/\/inti.hr\/bs\/trgovina\/"},{"@type":"ListItem","position":3,"name":"Kutija za nakit 3 razine s ladicama"}]},{"@type":"WebSite","@id":"https:\/\/inti.hr\/bs\/#website","url":"https:\/\/inti.hr\/bs\/","name":"Inti","description":"trgovina","potentialAction":[{"@type":"SearchAction","target":{"@type":"EntryPoint","urlTemplate":"https:\/\/inti.hr\/bs\/?s={search_term_string}"},"query-input":{"@type":"PropertyValueSpecification","valueRequired":true,"valueName":"search_term_string"}}],"inLanguage":"bs-BA"}]}},"jetpack_sharing_enabled":true,"jetpack-related-posts":[],"_links":{"self":[{"href":"https:\/\/inti.hr\/bs\/wp-json\/wp\/v2\/product\/36073"}],"collection":[{"href":"https:\/\/inti.hr\/bs\/wp-json\/wp\/v2\/product"}],"about":[{"href":"https:\/\/inti.hr\/bs\/wp-json\/wp\/v2\/types\/product"}],"wp:featuredmedia":[{"embeddable":true,"href":"https:\/\/inti.hr\/bs\/wp-json\/wp\/v2\/media\/36074"}],"wp:attachment":[{"href":"https:\/\/inti.hr\/bs\/wp-json\/wp\/v2\/media?parent=36073"}],"wp:term":[{"taxonomy":"product_cat","embeddable":true,"href":"https:\/\/inti.hr\/bs\/wp-json\/wp\/v2\/product_cat?post=36073"},{"taxonomy":"product_tag","embeddable":true,"href":"https:\/\/inti.hr\/bs\/wp-json\/wp\/v2\/product_tag?post=36073"}],"curies":[{"name":"wp","href":"https:\/\/api.w.org\/{rel}","templated":true}]}}