{"id":36081,"date":"2024-04-26T08:17:56","date_gmt":"2024-04-26T07:17:56","guid":{"rendered":"https:\/\/inti.hr\/product\/vitrina-s-rasvjetom-i-rebrastim-staklenim-vratima\/"},"modified":"2024-04-26T08:17:56","modified_gmt":"2024-04-26T07:17:56","slug":"vitrina-s-rasvjetom-i-rebrastim-staklenim-vratima","status":"publish","type":"product","link":"https:\/\/inti.hr\/bs\/proizvod\/vitrina-s-rasvjetom-i-rebrastim-staklenim-vratima\/","title":{"rendered":"Vitrina s rasvjetom i rebrastim staklenim vratima"},"content":{"rendered":"<p>Detalji proizvoda:<\/p>\n<p>Boja: Ebanovina Crna<br \/>\nMaterijal: iverica, rebrasto staklo, ultra prozirno staklo<br \/>\nVeli\u010dina: 42 x 88 x 105 cm (D x \u0160 x V)<br \/>\nTe\u017eina: 37,6 kg<br \/>\nMaksimalna stati\u010dka nosivost: 52,2 kg<\/p>\n","protected":false},"excerpt":{"rendered":"<p>Rebrasta staklena vrata barskog ormari\u0107a stvaraju prepoznatljivu estetiku koja svakoj prostoriji &#8230; <\/p>\n","protected":false},"featured_media":36082,"template":"","meta":[],"product_cat":[2418],"product_tag":[2444,4692,4693],"yoast_head":"<!-- This site is optimized with the Yoast SEO plugin v23.7 - https:\/\/yoast.com\/wordpress\/plugins\/seo\/ -->\n<title>Vitrina s rasvjetom i rebrastim staklenim vratima - Inti<\/title>\n<meta name=\"description\" content=\"Rebrasta staklena vrata barskog ormari\u0107a stvaraju prepoznatljivu estetiku koja svakoj prostoriji daje da\u0161ak sofisticiranosti, bilo da se radi o dnevnoj sobi, blagovaonici, kuhinji, ku\u0107nom baru ili ugodnom kutku. Otvoreni prostor za pohranu ormari\u0107a i dr\u017ea\u010d za \u010da\u0161e za vino pru\u017eaju savr\u0161enu pozornicu za va\u0161e omiljene boce i \u010da\u0161e. Njegova prozirna, fascinantna vrata bude znati\u017eelju va\u0161ih gostiju da istra\u017ee va\u0161u kolekciju. Ovaj bo\u010dni ormari\u0107 ima za\u0161titu od prevrtanja tako da mo\u017ee stajati sigurno i stabilno nakon sastavljanja. Sastavljanje je dje\u010dja igra zahvaljuju\u0107i ilustriranim uputama i jasno ozna\u010denim dijelovima. LED rasvjeta na dnu ove vinske vitrine nudi 25 boja, 6 razina svjetline i 6 frekvencija bljeskanja. Bilo da se radi o intimnim okupljanjima ili \u017eivahnim zabavama, rasvjeta se mo\u017ee lako prilagoditi svakom raspolo\u017eenju. Podesiva staklena polica u desnom dijelu osigurava da va\u0161a kolekcija prona\u0111e svoje mjesto, bez obzira na veli\u010dinu boce. Bilo velike boce \u0161ampanjca ili male boce viskija, sve stane u ovaj komoda.\" \/>\n<meta name=\"robots\" content=\"index, follow, max-snippet:-1, max-image-preview:large, max-video-preview:-1\" \/>\n<link rel=\"canonical\" href=\"https:\/\/inti.hr\/bs\/proizvod\/vitrina-s-rasvjetom-i-rebrastim-staklenim-vratima\/\" \/>\n<meta property=\"og:locale\" content=\"bs_BA\" \/>\n<meta property=\"og:type\" content=\"article\" \/>\n<meta property=\"og:title\" content=\"Vitrina s rasvjetom i rebrastim staklenim vratima - Inti\" \/>\n<meta property=\"og:description\" content=\"Rebrasta staklena vrata barskog ormari\u0107a stvaraju prepoznatljivu estetiku koja svakoj prostoriji daje da\u0161ak sofisticiranosti, bilo da se radi o dnevnoj sobi, blagovaonici, kuhinji, ku\u0107nom baru ili ugodnom kutku. Otvoreni prostor za pohranu ormari\u0107a i dr\u017ea\u010d za \u010da\u0161e za vino pru\u017eaju savr\u0161enu pozornicu za va\u0161e omiljene boce i \u010da\u0161e. Njegova prozirna, fascinantna vrata bude znati\u017eelju va\u0161ih gostiju da istra\u017ee va\u0161u kolekciju. Ovaj bo\u010dni ormari\u0107 ima za\u0161titu od prevrtanja tako da mo\u017ee stajati sigurno i stabilno nakon sastavljanja. Sastavljanje je dje\u010dja igra zahvaljuju\u0107i ilustriranim uputama i jasno ozna\u010denim dijelovima. LED rasvjeta na dnu ove vinske vitrine nudi 25 boja, 6 razina svjetline i 6 frekvencija bljeskanja. Bilo da se radi o intimnim okupljanjima ili \u017eivahnim zabavama, rasvjeta se mo\u017ee lako prilagoditi svakom raspolo\u017eenju. Podesiva staklena polica u desnom dijelu osigurava da va\u0161a kolekcija prona\u0111e svoje mjesto, bez obzira na veli\u010dinu boce. Bilo velike boce \u0161ampanjca ili male boce viskija, sve stane u ovaj komoda.\" \/>\n<meta property=\"og:url\" content=\"https:\/\/inti.hr\/bs\/proizvod\/vitrina-s-rasvjetom-i-rebrastim-staklenim-vratima\/\" \/>\n<meta property=\"og:site_name\" content=\"Inti\" \/>\n<meta property=\"og:image\" content=\"https:\/\/i0.wp.com\/inti.hr\/wp-content\/uploads\/2024\/04\/BBK361B21-1.jpg?fit=1000%2C1000&ssl=1\" \/>\n\t<meta property=\"og:image:width\" content=\"1000\" \/>\n\t<meta property=\"og:image:height\" content=\"1000\" \/>\n\t<meta property=\"og:image:type\" content=\"image\/jpeg\" \/>\n<meta name=\"twitter:card\" content=\"summary_large_image\" \/>\n<script type=\"application\/ld+json\" class=\"yoast-schema-graph\">{\"@context\":\"https:\/\/schema.org\",\"@graph\":[{\"@type\":\"WebPage\",\"@id\":\"https:\/\/inti.hr\/bs\/proizvod\/vitrina-s-rasvjetom-i-rebrastim-staklenim-vratima\/\",\"url\":\"https:\/\/inti.hr\/bs\/proizvod\/vitrina-s-rasvjetom-i-rebrastim-staklenim-vratima\/\",\"name\":\"Vitrina s rasvjetom i rebrastim staklenim vratima - Inti\",\"isPartOf\":{\"@id\":\"https:\/\/inti.hr\/bs\/#website\"},\"primaryImageOfPage\":{\"@id\":\"https:\/\/inti.hr\/bs\/proizvod\/vitrina-s-rasvjetom-i-rebrastim-staklenim-vratima\/#primaryimage\"},\"image\":{\"@id\":\"https:\/\/inti.hr\/bs\/proizvod\/vitrina-s-rasvjetom-i-rebrastim-staklenim-vratima\/#primaryimage\"},\"thumbnailUrl\":\"https:\/\/i0.wp.com\/inti.hr\/wp-content\/uploads\/2024\/04\/BBK361B21-1.jpg?fit=1000%2C1000&ssl=1\",\"datePublished\":\"2024-04-26T07:17:56+00:00\",\"dateModified\":\"2024-04-26T07:17:56+00:00\",\"description\":\"Rebrasta staklena vrata barskog ormari\u0107a stvaraju prepoznatljivu estetiku koja svakoj prostoriji daje da\u0161ak sofisticiranosti, bilo da se radi o dnevnoj sobi, blagovaonici, kuhinji, ku\u0107nom baru ili ugodnom kutku. Otvoreni prostor za pohranu ormari\u0107a i dr\u017ea\u010d za \u010da\u0161e za vino pru\u017eaju savr\u0161enu pozornicu za va\u0161e omiljene boce i \u010da\u0161e. Njegova prozirna, fascinantna vrata bude znati\u017eelju va\u0161ih gostiju da istra\u017ee va\u0161u kolekciju. Ovaj bo\u010dni ormari\u0107 ima za\u0161titu od prevrtanja tako da mo\u017ee stajati sigurno i stabilno nakon sastavljanja. Sastavljanje je dje\u010dja igra zahvaljuju\u0107i ilustriranim uputama i jasno ozna\u010denim dijelovima. LED rasvjeta na dnu ove vinske vitrine nudi 25 boja, 6 razina svjetline i 6 frekvencija bljeskanja. Bilo da se radi o intimnim okupljanjima ili \u017eivahnim zabavama, rasvjeta se mo\u017ee lako prilagoditi svakom raspolo\u017eenju. Podesiva staklena polica u desnom dijelu osigurava da va\u0161a kolekcija prona\u0111e svoje mjesto, bez obzira na veli\u010dinu boce. Bilo velike boce \u0161ampanjca ili male boce viskija, sve stane u ovaj komoda.\",\"breadcrumb\":{\"@id\":\"https:\/\/inti.hr\/bs\/proizvod\/vitrina-s-rasvjetom-i-rebrastim-staklenim-vratima\/#breadcrumb\"},\"inLanguage\":\"bs-BA\",\"potentialAction\":[{\"@type\":\"ReadAction\",\"target\":[\"https:\/\/inti.hr\/bs\/proizvod\/vitrina-s-rasvjetom-i-rebrastim-staklenim-vratima\/\"]}]},{\"@type\":\"ImageObject\",\"inLanguage\":\"bs-BA\",\"@id\":\"https:\/\/inti.hr\/bs\/proizvod\/vitrina-s-rasvjetom-i-rebrastim-staklenim-vratima\/#primaryimage\",\"url\":\"https:\/\/i0.wp.com\/inti.hr\/wp-content\/uploads\/2024\/04\/BBK361B21-1.jpg?fit=1000%2C1000&ssl=1\",\"contentUrl\":\"https:\/\/i0.wp.com\/inti.hr\/wp-content\/uploads\/2024\/04\/BBK361B21-1.jpg?fit=1000%2C1000&ssl=1\",\"width\":1000,\"height\":1000},{\"@type\":\"BreadcrumbList\",\"@id\":\"https:\/\/inti.hr\/bs\/proizvod\/vitrina-s-rasvjetom-i-rebrastim-staklenim-vratima\/#breadcrumb\",\"itemListElement\":[{\"@type\":\"ListItem\",\"position\":1,\"name\":\"Po\u010detna stranica\",\"item\":\"https:\/\/inti.hr\/bs\/\"},{\"@type\":\"ListItem\",\"position\":2,\"name\":\"Trgovina\",\"item\":\"https:\/\/inti.hr\/bs\/trgovina\/\"},{\"@type\":\"ListItem\",\"position\":3,\"name\":\"Vitrina s rasvjetom i rebrastim staklenim vratima\"}]},{\"@type\":\"WebSite\",\"@id\":\"https:\/\/inti.hr\/bs\/#website\",\"url\":\"https:\/\/inti.hr\/bs\/\",\"name\":\"Inti\",\"description\":\"trgovina\",\"potentialAction\":[{\"@type\":\"SearchAction\",\"target\":{\"@type\":\"EntryPoint\",\"urlTemplate\":\"https:\/\/inti.hr\/bs\/?s={search_term_string}\"},\"query-input\":{\"@type\":\"PropertyValueSpecification\",\"valueRequired\":true,\"valueName\":\"search_term_string\"}}],\"inLanguage\":\"bs-BA\"}]}<\/script>\n<!-- \/ Yoast SEO plugin. -->","yoast_head_json":{"title":"Vitrina s rasvjetom i rebrastim staklenim vratima - Inti","description":"Rebrasta staklena vrata barskog ormari\u0107a stvaraju prepoznatljivu estetiku koja svakoj prostoriji daje da\u0161ak sofisticiranosti, bilo da se radi o dnevnoj sobi, blagovaonici, kuhinji, ku\u0107nom baru ili ugodnom kutku. Otvoreni prostor za pohranu ormari\u0107a i dr\u017ea\u010d za \u010da\u0161e za vino pru\u017eaju savr\u0161enu pozornicu za va\u0161e omiljene boce i \u010da\u0161e. Njegova prozirna, fascinantna vrata bude znati\u017eelju va\u0161ih gostiju da istra\u017ee va\u0161u kolekciju. Ovaj bo\u010dni ormari\u0107 ima za\u0161titu od prevrtanja tako da mo\u017ee stajati sigurno i stabilno nakon sastavljanja. Sastavljanje je dje\u010dja igra zahvaljuju\u0107i ilustriranim uputama i jasno ozna\u010denim dijelovima. LED rasvjeta na dnu ove vinske vitrine nudi 25 boja, 6 razina svjetline i 6 frekvencija bljeskanja. Bilo da se radi o intimnim okupljanjima ili \u017eivahnim zabavama, rasvjeta se mo\u017ee lako prilagoditi svakom raspolo\u017eenju. Podesiva staklena polica u desnom dijelu osigurava da va\u0161a kolekcija prona\u0111e svoje mjesto, bez obzira na veli\u010dinu boce. Bilo velike boce \u0161ampanjca ili male boce viskija, sve stane u ovaj komoda.","robots":{"index":"index","follow":"follow","max-snippet":"max-snippet:-1","max-image-preview":"max-image-preview:large","max-video-preview":"max-video-preview:-1"},"canonical":"https:\/\/inti.hr\/bs\/proizvod\/vitrina-s-rasvjetom-i-rebrastim-staklenim-vratima\/","og_locale":"bs_BA","og_type":"article","og_title":"Vitrina s rasvjetom i rebrastim staklenim vratima - Inti","og_description":"Rebrasta staklena vrata barskog ormari\u0107a stvaraju prepoznatljivu estetiku koja svakoj prostoriji daje da\u0161ak sofisticiranosti, bilo da se radi o dnevnoj sobi, blagovaonici, kuhinji, ku\u0107nom baru ili ugodnom kutku. Otvoreni prostor za pohranu ormari\u0107a i dr\u017ea\u010d za \u010da\u0161e za vino pru\u017eaju savr\u0161enu pozornicu za va\u0161e omiljene boce i \u010da\u0161e. Njegova prozirna, fascinantna vrata bude znati\u017eelju va\u0161ih gostiju da istra\u017ee va\u0161u kolekciju. Ovaj bo\u010dni ormari\u0107 ima za\u0161titu od prevrtanja tako da mo\u017ee stajati sigurno i stabilno nakon sastavljanja. Sastavljanje je dje\u010dja igra zahvaljuju\u0107i ilustriranim uputama i jasno ozna\u010denim dijelovima. LED rasvjeta na dnu ove vinske vitrine nudi 25 boja, 6 razina svjetline i 6 frekvencija bljeskanja. Bilo da se radi o intimnim okupljanjima ili \u017eivahnim zabavama, rasvjeta se mo\u017ee lako prilagoditi svakom raspolo\u017eenju. Podesiva staklena polica u desnom dijelu osigurava da va\u0161a kolekcija prona\u0111e svoje mjesto, bez obzira na veli\u010dinu boce. Bilo velike boce \u0161ampanjca ili male boce viskija, sve stane u ovaj komoda.","og_url":"https:\/\/inti.hr\/bs\/proizvod\/vitrina-s-rasvjetom-i-rebrastim-staklenim-vratima\/","og_site_name":"Inti","og_image":[{"width":1000,"height":1000,"url":"https:\/\/i0.wp.com\/inti.hr\/wp-content\/uploads\/2024\/04\/BBK361B21-1.jpg?fit=1000%2C1000&ssl=1","type":"image\/jpeg"}],"twitter_card":"summary_large_image","schema":{"@context":"https:\/\/schema.org","@graph":[{"@type":"WebPage","@id":"https:\/\/inti.hr\/bs\/proizvod\/vitrina-s-rasvjetom-i-rebrastim-staklenim-vratima\/","url":"https:\/\/inti.hr\/bs\/proizvod\/vitrina-s-rasvjetom-i-rebrastim-staklenim-vratima\/","name":"Vitrina s rasvjetom i rebrastim staklenim vratima - Inti","isPartOf":{"@id":"https:\/\/inti.hr\/bs\/#website"},"primaryImageOfPage":{"@id":"https:\/\/inti.hr\/bs\/proizvod\/vitrina-s-rasvjetom-i-rebrastim-staklenim-vratima\/#primaryimage"},"image":{"@id":"https:\/\/inti.hr\/bs\/proizvod\/vitrina-s-rasvjetom-i-rebrastim-staklenim-vratima\/#primaryimage"},"thumbnailUrl":"https:\/\/i0.wp.com\/inti.hr\/wp-content\/uploads\/2024\/04\/BBK361B21-1.jpg?fit=1000%2C1000&ssl=1","datePublished":"2024-04-26T07:17:56+00:00","dateModified":"2024-04-26T07:17:56+00:00","description":"Rebrasta staklena vrata barskog ormari\u0107a stvaraju prepoznatljivu estetiku koja svakoj prostoriji daje da\u0161ak sofisticiranosti, bilo da se radi o dnevnoj sobi, blagovaonici, kuhinji, ku\u0107nom baru ili ugodnom kutku. Otvoreni prostor za pohranu ormari\u0107a i dr\u017ea\u010d za \u010da\u0161e za vino pru\u017eaju savr\u0161enu pozornicu za va\u0161e omiljene boce i \u010da\u0161e. Njegova prozirna, fascinantna vrata bude znati\u017eelju va\u0161ih gostiju da istra\u017ee va\u0161u kolekciju. Ovaj bo\u010dni ormari\u0107 ima za\u0161titu od prevrtanja tako da mo\u017ee stajati sigurno i stabilno nakon sastavljanja. Sastavljanje je dje\u010dja igra zahvaljuju\u0107i ilustriranim uputama i jasno ozna\u010denim dijelovima. LED rasvjeta na dnu ove vinske vitrine nudi 25 boja, 6 razina svjetline i 6 frekvencija bljeskanja. Bilo da se radi o intimnim okupljanjima ili \u017eivahnim zabavama, rasvjeta se mo\u017ee lako prilagoditi svakom raspolo\u017eenju. Podesiva staklena polica u desnom dijelu osigurava da va\u0161a kolekcija prona\u0111e svoje mjesto, bez obzira na veli\u010dinu boce. Bilo velike boce \u0161ampanjca ili male boce viskija, sve stane u ovaj komoda.","breadcrumb":{"@id":"https:\/\/inti.hr\/bs\/proizvod\/vitrina-s-rasvjetom-i-rebrastim-staklenim-vratima\/#breadcrumb"},"inLanguage":"bs-BA","potentialAction":[{"@type":"ReadAction","target":["https:\/\/inti.hr\/bs\/proizvod\/vitrina-s-rasvjetom-i-rebrastim-staklenim-vratima\/"]}]},{"@type":"ImageObject","inLanguage":"bs-BA","@id":"https:\/\/inti.hr\/bs\/proizvod\/vitrina-s-rasvjetom-i-rebrastim-staklenim-vratima\/#primaryimage","url":"https:\/\/i0.wp.com\/inti.hr\/wp-content\/uploads\/2024\/04\/BBK361B21-1.jpg?fit=1000%2C1000&ssl=1","contentUrl":"https:\/\/i0.wp.com\/inti.hr\/wp-content\/uploads\/2024\/04\/BBK361B21-1.jpg?fit=1000%2C1000&ssl=1","width":1000,"height":1000},{"@type":"BreadcrumbList","@id":"https:\/\/inti.hr\/bs\/proizvod\/vitrina-s-rasvjetom-i-rebrastim-staklenim-vratima\/#breadcrumb","itemListElement":[{"@type":"ListItem","position":1,"name":"Po\u010detna stranica","item":"https:\/\/inti.hr\/bs\/"},{"@type":"ListItem","position":2,"name":"Trgovina","item":"https:\/\/inti.hr\/bs\/trgovina\/"},{"@type":"ListItem","position":3,"name":"Vitrina s rasvjetom i rebrastim staklenim vratima"}]},{"@type":"WebSite","@id":"https:\/\/inti.hr\/bs\/#website","url":"https:\/\/inti.hr\/bs\/","name":"Inti","description":"trgovina","potentialAction":[{"@type":"SearchAction","target":{"@type":"EntryPoint","urlTemplate":"https:\/\/inti.hr\/bs\/?s={search_term_string}"},"query-input":{"@type":"PropertyValueSpecification","valueRequired":true,"valueName":"search_term_string"}}],"inLanguage":"bs-BA"}]}},"jetpack_sharing_enabled":true,"jetpack-related-posts":[],"_links":{"self":[{"href":"https:\/\/inti.hr\/bs\/wp-json\/wp\/v2\/product\/36081"}],"collection":[{"href":"https:\/\/inti.hr\/bs\/wp-json\/wp\/v2\/product"}],"about":[{"href":"https:\/\/inti.hr\/bs\/wp-json\/wp\/v2\/types\/product"}],"wp:featuredmedia":[{"embeddable":true,"href":"https:\/\/inti.hr\/bs\/wp-json\/wp\/v2\/media\/36082"}],"wp:attachment":[{"href":"https:\/\/inti.hr\/bs\/wp-json\/wp\/v2\/media?parent=36081"}],"wp:term":[{"taxonomy":"product_cat","embeddable":true,"href":"https:\/\/inti.hr\/bs\/wp-json\/wp\/v2\/product_cat?post=36081"},{"taxonomy":"product_tag","embeddable":true,"href":"https:\/\/inti.hr\/bs\/wp-json\/wp\/v2\/product_tag?post=36081"}],"curies":[{"name":"wp","href":"https:\/\/api.w.org\/{rel}","templated":true}]}}