{"id":36093,"date":"2024-02-22T08:34:50","date_gmt":"2024-02-22T07:34:50","guid":{"rendered":"https:\/\/inti.hr\/product\/visoki-kupaonski-ormaric-31x30x167cm\/"},"modified":"2024-02-22T08:34:50","modified_gmt":"2024-02-22T07:34:50","slug":"visoki-kupaonski-ormaric-31x30x167cm","status":"publish","type":"product","link":"https:\/\/inti.hr\/bs\/proizvod\/visoki-kupaonski-ormaric-31x30x167cm\/","title":{"rendered":"Visoki kupaonski ormari\u0107 31x30x167cm"},"content":{"rendered":"<p>Detalji proizvoda:<\/p>\n<p>Te\u017eina: 19,1 kg<br \/>\nTestirano za: 23 kg<br \/>\nMaterijal: MDF(E1), PB(E1), \u017eeljezo<br \/>\nMjere proizvoda: 31x30x167 cm (vidi sliku)<br \/>\nDostava: u 1 paketu<br \/>\nDimenzije paketa: 93x38x20 cm<br \/>\nS uputama za sastavljanje i vijcima. Jednostavna instalacija.<\/p>\n","protected":false},"excerpt":{"rendered":"<p>Visok i jednostavan ormari\u0107 omogu\u0107it \u0107e vam da kona\u010dno imate dovoljno &#8230; <\/p>\n","protected":false},"featured_media":36094,"template":"","meta":[],"product_cat":[2392],"product_tag":[2520,3520],"yoast_head":"<!-- This site is optimized with the Yoast SEO plugin v23.7 - https:\/\/yoast.com\/wordpress\/plugins\/seo\/ -->\n<title>Visoki kupaonski ormari\u0107 31x30x167cm - Inti<\/title>\n<meta name=\"description\" content=\"Visok i jednostavan ormari\u0107 omogu\u0107it \u0107e vam da kona\u010dno imate dovoljno prostora za pohranjivanje predmeta u svom domu, odr\u017eavaju\u0107i uredan izgled.Njegov elegantan i funkcionalan izgled \u010dini ga savr\u0161enim za kupaonicu, dnevni boravak ili spava\u0107u sobu.Uz na\u0161u ponudu proizvoda, sigurni smo da \u0107ete prona\u0107i nove ideje za opremanje za svaki ukus.Materijal otporan na plijesan, jednostavan za \u010di\u0161\u0107enje - Izra\u0111en od E1 MDF plo\u010da i oblo\u017een glatkom bojom, ovaj ormari\u0107 mo\u017ee izdr\u017eati vlagu u kupaonici i sprije\u010diti rast plijesni, \u010dine\u0107i odr\u017eavanje lak\u0161im.Preporu\u010dljivo je pri\u010dvrstiti namje\u0161taj na zid s uklju\u010denim priborom protiv prevrtanja, kako biste izbjegli nezgode ako se dijete popne ili visi na njemu.\" \/>\n<meta name=\"robots\" content=\"index, follow, max-snippet:-1, max-image-preview:large, max-video-preview:-1\" \/>\n<link rel=\"canonical\" href=\"https:\/\/inti.hr\/bs\/proizvod\/visoki-kupaonski-ormaric-31x30x167cm\/\" \/>\n<meta property=\"og:locale\" content=\"bs_BA\" \/>\n<meta property=\"og:type\" content=\"article\" \/>\n<meta property=\"og:title\" content=\"Visoki kupaonski ormari\u0107 31x30x167cm - Inti\" \/>\n<meta property=\"og:description\" content=\"Visok i jednostavan ormari\u0107 omogu\u0107it \u0107e vam da kona\u010dno imate dovoljno prostora za pohranjivanje predmeta u svom domu, odr\u017eavaju\u0107i uredan izgled.Njegov elegantan i funkcionalan izgled \u010dini ga savr\u0161enim za kupaonicu, dnevni boravak ili spava\u0107u sobu.Uz na\u0161u ponudu proizvoda, sigurni smo da \u0107ete prona\u0107i nove ideje za opremanje za svaki ukus.Materijal otporan na plijesan, jednostavan za \u010di\u0161\u0107enje - Izra\u0111en od E1 MDF plo\u010da i oblo\u017een glatkom bojom, ovaj ormari\u0107 mo\u017ee izdr\u017eati vlagu u kupaonici i sprije\u010diti rast plijesni, \u010dine\u0107i odr\u017eavanje lak\u0161im.Preporu\u010dljivo je pri\u010dvrstiti namje\u0161taj na zid s uklju\u010denim priborom protiv prevrtanja, kako biste izbjegli nezgode ako se dijete popne ili visi na njemu.\" \/>\n<meta property=\"og:url\" content=\"https:\/\/inti.hr\/bs\/proizvod\/visoki-kupaonski-ormaric-31x30x167cm\/\" \/>\n<meta property=\"og:site_name\" content=\"Inti\" \/>\n<meta property=\"og:image\" content=\"https:\/\/i0.wp.com\/inti.hr\/wp-content\/uploads\/2024\/02\/BZR137-GR-S004-2_1800x1800.webp?fit=1600%2C1600&ssl=1\" \/>\n\t<meta property=\"og:image:width\" content=\"1600\" \/>\n\t<meta property=\"og:image:height\" content=\"1600\" \/>\n\t<meta property=\"og:image:type\" content=\"image\/webp\" \/>\n<meta name=\"twitter:card\" content=\"summary_large_image\" \/>\n<meta name=\"twitter:label1\" content=\"Est. reading time\" \/>\n\t<meta name=\"twitter:data1\" content=\"1 minuta\" \/>\n<script type=\"application\/ld+json\" class=\"yoast-schema-graph\">{\"@context\":\"https:\/\/schema.org\",\"@graph\":[{\"@type\":\"WebPage\",\"@id\":\"https:\/\/inti.hr\/bs\/proizvod\/visoki-kupaonski-ormaric-31x30x167cm\/\",\"url\":\"https:\/\/inti.hr\/bs\/proizvod\/visoki-kupaonski-ormaric-31x30x167cm\/\",\"name\":\"Visoki kupaonski ormari\u0107 31x30x167cm - Inti\",\"isPartOf\":{\"@id\":\"https:\/\/inti.hr\/bs\/#website\"},\"primaryImageOfPage\":{\"@id\":\"https:\/\/inti.hr\/bs\/proizvod\/visoki-kupaonski-ormaric-31x30x167cm\/#primaryimage\"},\"image\":{\"@id\":\"https:\/\/inti.hr\/bs\/proizvod\/visoki-kupaonski-ormaric-31x30x167cm\/#primaryimage\"},\"thumbnailUrl\":\"https:\/\/i0.wp.com\/inti.hr\/wp-content\/uploads\/2024\/02\/BZR137-GR-S004-2_1800x1800.webp?fit=1600%2C1600&ssl=1\",\"datePublished\":\"2024-02-22T07:34:50+00:00\",\"dateModified\":\"2024-02-22T07:34:50+00:00\",\"description\":\"Visok i jednostavan ormari\u0107 omogu\u0107it \u0107e vam da kona\u010dno imate dovoljno prostora za pohranjivanje predmeta u svom domu, odr\u017eavaju\u0107i uredan izgled.Njegov elegantan i funkcionalan izgled \u010dini ga savr\u0161enim za kupaonicu, dnevni boravak ili spava\u0107u sobu.Uz na\u0161u ponudu proizvoda, sigurni smo da \u0107ete prona\u0107i nove ideje za opremanje za svaki ukus.Materijal otporan na plijesan, jednostavan za \u010di\u0161\u0107enje - Izra\u0111en od E1 MDF plo\u010da i oblo\u017een glatkom bojom, ovaj ormari\u0107 mo\u017ee izdr\u017eati vlagu u kupaonici i sprije\u010diti rast plijesni, \u010dine\u0107i odr\u017eavanje lak\u0161im.Preporu\u010dljivo je pri\u010dvrstiti namje\u0161taj na zid s uklju\u010denim priborom protiv prevrtanja, kako biste izbjegli nezgode ako se dijete popne ili visi na njemu.\",\"breadcrumb\":{\"@id\":\"https:\/\/inti.hr\/bs\/proizvod\/visoki-kupaonski-ormaric-31x30x167cm\/#breadcrumb\"},\"inLanguage\":\"bs-BA\",\"potentialAction\":[{\"@type\":\"ReadAction\",\"target\":[\"https:\/\/inti.hr\/bs\/proizvod\/visoki-kupaonski-ormaric-31x30x167cm\/\"]}]},{\"@type\":\"ImageObject\",\"inLanguage\":\"bs-BA\",\"@id\":\"https:\/\/inti.hr\/bs\/proizvod\/visoki-kupaonski-ormaric-31x30x167cm\/#primaryimage\",\"url\":\"https:\/\/i0.wp.com\/inti.hr\/wp-content\/uploads\/2024\/02\/BZR137-GR-S004-2_1800x1800.webp?fit=1600%2C1600&ssl=1\",\"contentUrl\":\"https:\/\/i0.wp.com\/inti.hr\/wp-content\/uploads\/2024\/02\/BZR137-GR-S004-2_1800x1800.webp?fit=1600%2C1600&ssl=1\",\"width\":1600,\"height\":1600},{\"@type\":\"BreadcrumbList\",\"@id\":\"https:\/\/inti.hr\/bs\/proizvod\/visoki-kupaonski-ormaric-31x30x167cm\/#breadcrumb\",\"itemListElement\":[{\"@type\":\"ListItem\",\"position\":1,\"name\":\"Po\u010detna stranica\",\"item\":\"https:\/\/inti.hr\/bs\/\"},{\"@type\":\"ListItem\",\"position\":2,\"name\":\"Trgovina\",\"item\":\"https:\/\/inti.hr\/bs\/trgovina\/\"},{\"@type\":\"ListItem\",\"position\":3,\"name\":\"Visoki kupaonski ormari\u0107 31x30x167cm\"}]},{\"@type\":\"WebSite\",\"@id\":\"https:\/\/inti.hr\/bs\/#website\",\"url\":\"https:\/\/inti.hr\/bs\/\",\"name\":\"Inti\",\"description\":\"trgovina\",\"potentialAction\":[{\"@type\":\"SearchAction\",\"target\":{\"@type\":\"EntryPoint\",\"urlTemplate\":\"https:\/\/inti.hr\/bs\/?s={search_term_string}\"},\"query-input\":{\"@type\":\"PropertyValueSpecification\",\"valueRequired\":true,\"valueName\":\"search_term_string\"}}],\"inLanguage\":\"bs-BA\"}]}<\/script>\n<!-- \/ Yoast SEO plugin. -->","yoast_head_json":{"title":"Visoki kupaonski ormari\u0107 31x30x167cm - Inti","description":"Visok i jednostavan ormari\u0107 omogu\u0107it \u0107e vam da kona\u010dno imate dovoljno prostora za pohranjivanje predmeta u svom domu, odr\u017eavaju\u0107i uredan izgled.Njegov elegantan i funkcionalan izgled \u010dini ga savr\u0161enim za kupaonicu, dnevni boravak ili spava\u0107u sobu.Uz na\u0161u ponudu proizvoda, sigurni smo da \u0107ete prona\u0107i nove ideje za opremanje za svaki ukus.Materijal otporan na plijesan, jednostavan za \u010di\u0161\u0107enje - Izra\u0111en od E1 MDF plo\u010da i oblo\u017een glatkom bojom, ovaj ormari\u0107 mo\u017ee izdr\u017eati vlagu u kupaonici i sprije\u010diti rast plijesni, \u010dine\u0107i odr\u017eavanje lak\u0161im.Preporu\u010dljivo je pri\u010dvrstiti namje\u0161taj na zid s uklju\u010denim priborom protiv prevrtanja, kako biste izbjegli nezgode ako se dijete popne ili visi na njemu.","robots":{"index":"index","follow":"follow","max-snippet":"max-snippet:-1","max-image-preview":"max-image-preview:large","max-video-preview":"max-video-preview:-1"},"canonical":"https:\/\/inti.hr\/bs\/proizvod\/visoki-kupaonski-ormaric-31x30x167cm\/","og_locale":"bs_BA","og_type":"article","og_title":"Visoki kupaonski ormari\u0107 31x30x167cm - Inti","og_description":"Visok i jednostavan ormari\u0107 omogu\u0107it \u0107e vam da kona\u010dno imate dovoljno prostora za pohranjivanje predmeta u svom domu, odr\u017eavaju\u0107i uredan izgled.Njegov elegantan i funkcionalan izgled \u010dini ga savr\u0161enim za kupaonicu, dnevni boravak ili spava\u0107u sobu.Uz na\u0161u ponudu proizvoda, sigurni smo da \u0107ete prona\u0107i nove ideje za opremanje za svaki ukus.Materijal otporan na plijesan, jednostavan za \u010di\u0161\u0107enje - Izra\u0111en od E1 MDF plo\u010da i oblo\u017een glatkom bojom, ovaj ormari\u0107 mo\u017ee izdr\u017eati vlagu u kupaonici i sprije\u010diti rast plijesni, \u010dine\u0107i odr\u017eavanje lak\u0161im.Preporu\u010dljivo je pri\u010dvrstiti namje\u0161taj na zid s uklju\u010denim priborom protiv prevrtanja, kako biste izbjegli nezgode ako se dijete popne ili visi na njemu.","og_url":"https:\/\/inti.hr\/bs\/proizvod\/visoki-kupaonski-ormaric-31x30x167cm\/","og_site_name":"Inti","og_image":[{"width":1600,"height":1600,"url":"https:\/\/i0.wp.com\/inti.hr\/wp-content\/uploads\/2024\/02\/BZR137-GR-S004-2_1800x1800.webp?fit=1600%2C1600&ssl=1","type":"image\/webp"}],"twitter_card":"summary_large_image","twitter_misc":{"Est. reading time":"1 minuta"},"schema":{"@context":"https:\/\/schema.org","@graph":[{"@type":"WebPage","@id":"https:\/\/inti.hr\/bs\/proizvod\/visoki-kupaonski-ormaric-31x30x167cm\/","url":"https:\/\/inti.hr\/bs\/proizvod\/visoki-kupaonski-ormaric-31x30x167cm\/","name":"Visoki kupaonski ormari\u0107 31x30x167cm - Inti","isPartOf":{"@id":"https:\/\/inti.hr\/bs\/#website"},"primaryImageOfPage":{"@id":"https:\/\/inti.hr\/bs\/proizvod\/visoki-kupaonski-ormaric-31x30x167cm\/#primaryimage"},"image":{"@id":"https:\/\/inti.hr\/bs\/proizvod\/visoki-kupaonski-ormaric-31x30x167cm\/#primaryimage"},"thumbnailUrl":"https:\/\/i0.wp.com\/inti.hr\/wp-content\/uploads\/2024\/02\/BZR137-GR-S004-2_1800x1800.webp?fit=1600%2C1600&ssl=1","datePublished":"2024-02-22T07:34:50+00:00","dateModified":"2024-02-22T07:34:50+00:00","description":"Visok i jednostavan ormari\u0107 omogu\u0107it \u0107e vam da kona\u010dno imate dovoljno prostora za pohranjivanje predmeta u svom domu, odr\u017eavaju\u0107i uredan izgled.Njegov elegantan i funkcionalan izgled \u010dini ga savr\u0161enim za kupaonicu, dnevni boravak ili spava\u0107u sobu.Uz na\u0161u ponudu proizvoda, sigurni smo da \u0107ete prona\u0107i nove ideje za opremanje za svaki ukus.Materijal otporan na plijesan, jednostavan za \u010di\u0161\u0107enje - Izra\u0111en od E1 MDF plo\u010da i oblo\u017een glatkom bojom, ovaj ormari\u0107 mo\u017ee izdr\u017eati vlagu u kupaonici i sprije\u010diti rast plijesni, \u010dine\u0107i odr\u017eavanje lak\u0161im.Preporu\u010dljivo je pri\u010dvrstiti namje\u0161taj na zid s uklju\u010denim priborom protiv prevrtanja, kako biste izbjegli nezgode ako se dijete popne ili visi na njemu.","breadcrumb":{"@id":"https:\/\/inti.hr\/bs\/proizvod\/visoki-kupaonski-ormaric-31x30x167cm\/#breadcrumb"},"inLanguage":"bs-BA","potentialAction":[{"@type":"ReadAction","target":["https:\/\/inti.hr\/bs\/proizvod\/visoki-kupaonski-ormaric-31x30x167cm\/"]}]},{"@type":"ImageObject","inLanguage":"bs-BA","@id":"https:\/\/inti.hr\/bs\/proizvod\/visoki-kupaonski-ormaric-31x30x167cm\/#primaryimage","url":"https:\/\/i0.wp.com\/inti.hr\/wp-content\/uploads\/2024\/02\/BZR137-GR-S004-2_1800x1800.webp?fit=1600%2C1600&ssl=1","contentUrl":"https:\/\/i0.wp.com\/inti.hr\/wp-content\/uploads\/2024\/02\/BZR137-GR-S004-2_1800x1800.webp?fit=1600%2C1600&ssl=1","width":1600,"height":1600},{"@type":"BreadcrumbList","@id":"https:\/\/inti.hr\/bs\/proizvod\/visoki-kupaonski-ormaric-31x30x167cm\/#breadcrumb","itemListElement":[{"@type":"ListItem","position":1,"name":"Po\u010detna stranica","item":"https:\/\/inti.hr\/bs\/"},{"@type":"ListItem","position":2,"name":"Trgovina","item":"https:\/\/inti.hr\/bs\/trgovina\/"},{"@type":"ListItem","position":3,"name":"Visoki kupaonski ormari\u0107 31x30x167cm"}]},{"@type":"WebSite","@id":"https:\/\/inti.hr\/bs\/#website","url":"https:\/\/inti.hr\/bs\/","name":"Inti","description":"trgovina","potentialAction":[{"@type":"SearchAction","target":{"@type":"EntryPoint","urlTemplate":"https:\/\/inti.hr\/bs\/?s={search_term_string}"},"query-input":{"@type":"PropertyValueSpecification","valueRequired":true,"valueName":"search_term_string"}}],"inLanguage":"bs-BA"}]}},"jetpack_sharing_enabled":true,"jetpack-related-posts":[],"_links":{"self":[{"href":"https:\/\/inti.hr\/bs\/wp-json\/wp\/v2\/product\/36093"}],"collection":[{"href":"https:\/\/inti.hr\/bs\/wp-json\/wp\/v2\/product"}],"about":[{"href":"https:\/\/inti.hr\/bs\/wp-json\/wp\/v2\/types\/product"}],"wp:featuredmedia":[{"embeddable":true,"href":"https:\/\/inti.hr\/bs\/wp-json\/wp\/v2\/media\/36094"}],"wp:attachment":[{"href":"https:\/\/inti.hr\/bs\/wp-json\/wp\/v2\/media?parent=36093"}],"wp:term":[{"taxonomy":"product_cat","embeddable":true,"href":"https:\/\/inti.hr\/bs\/wp-json\/wp\/v2\/product_cat?post=36093"},{"taxonomy":"product_tag","embeddable":true,"href":"https:\/\/inti.hr\/bs\/wp-json\/wp\/v2\/product_tag?post=36093"}],"curies":[{"name":"wp","href":"https:\/\/api.w.org\/{rel}","templated":true}]}}