{"id":36159,"date":"2024-02-17T10:00:07","date_gmt":"2024-02-17T09:00:07","guid":{"rendered":"https:\/\/inti.hr\/product\/barska-barsun-okretna-stolica\/"},"modified":"2024-02-17T10:00:07","modified_gmt":"2024-02-17T09:00:07","slug":"barska-barsun-okretna-stolica","status":"publish","type":"product","link":"https:\/\/inti.hr\/bs\/proizvod\/barska-barsun-okretna-stolica\/","title":{"rendered":"Barska bar\u0161un okretna stolica"},"content":{"rendered":"<p>Detalji proizvoda:<\/p>\n<p>Materijal: presvlaka od bar\u0161una + metalni okvir<br \/>\nBoja: crna ru\u017ei\u010dasta tamno siva tamno zelena<br \/>\nUkupna visina: 84 &#8211; 106 cm<br \/>\nVisina sjedala: 60 &#8211; 82 cm<br \/>\nVeli\u010dina sjedala: 35 x 38 cm (\u0160 x D)<br \/>\nPromjer baze: 38,5 cm<br \/>\nNeto te\u017eina: 7kg<br \/>\nBruto te\u017eina: 8 kg<br \/>\nNosivost: 120 kg<\/p>\n","protected":false},"excerpt":{"rendered":"<p>Ovi barski stolci izra\u0111eni su od visokokvalitetnog bar\u0161una i vrlo su &#8230; <\/p>\n","protected":false},"featured_media":36161,"template":"","meta":[],"product_cat":[2536],"product_tag":[2918,3588,2537],"yoast_head":"<!-- This site is optimized with the Yoast SEO plugin v23.7 - https:\/\/yoast.com\/wordpress\/plugins\/seo\/ -->\n<title>Barska bar\u0161un okretna stolica - Inti<\/title>\n<meta name=\"description\" content=\"Ovi barski stolci izra\u0111eni su od visokokvalitetnog bar\u0161una i vrlo su stabilni zahvaljuju\u0107i kromiranom metalnom okviru. Mekana bar\u0161unasta presvlaka i oblik stolica koji je prilago\u0111en tijelu nude vrlo udobno iskustvo sjedenja. Zahvaljuju\u0107i integriranoj plinskoj tla\u010dnoj opruzi, barske stolice se mogu beskona\u010dno pode\u0161avati po visini i mogu se slobodno okretati za 360\u00b0. Barske stolice nisu samo prikladne za bar, ve\u0107 su savr\u0161ene i za zalogajnice, kafi\u0107e, \u0161ankove i kuhinje. Ovaj barski stolac uklapa se u svaki moderan dizajn interijera.\" \/>\n<meta name=\"robots\" content=\"index, follow, max-snippet:-1, max-image-preview:large, max-video-preview:-1\" \/>\n<link rel=\"canonical\" href=\"https:\/\/inti.hr\/bs\/proizvod\/barska-barsun-okretna-stolica\/\" \/>\n<meta property=\"og:locale\" content=\"bs_BA\" \/>\n<meta property=\"og:type\" content=\"article\" \/>\n<meta property=\"og:title\" content=\"Barska bar\u0161un okretna stolica - Inti\" \/>\n<meta property=\"og:description\" content=\"Ovi barski stolci izra\u0111eni su od visokokvalitetnog bar\u0161una i vrlo su stabilni zahvaljuju\u0107i kromiranom metalnom okviru. Mekana bar\u0161unasta presvlaka i oblik stolica koji je prilago\u0111en tijelu nude vrlo udobno iskustvo sjedenja. Zahvaljuju\u0107i integriranoj plinskoj tla\u010dnoj opruzi, barske stolice se mogu beskona\u010dno pode\u0161avati po visini i mogu se slobodno okretati za 360\u00b0. Barske stolice nisu samo prikladne za bar, ve\u0107 su savr\u0161ene i za zalogajnice, kafi\u0107e, \u0161ankove i kuhinje. Ovaj barski stolac uklapa se u svaki moderan dizajn interijera.\" \/>\n<meta property=\"og:url\" content=\"https:\/\/inti.hr\/bs\/proizvod\/barska-barsun-okretna-stolica\/\" \/>\n<meta property=\"og:site_name\" content=\"Inti\" \/>\n<meta property=\"og:image\" content=\"https:\/\/i0.wp.com\/inti.hr\/wp-content\/uploads\/2024\/02\/Barhocker-Tresenhocker-Gute-gepolstert-Samt-H-henverstellbar-Drehbar-Hocker-BH219-mehrfarbig4NK0SOKYF2NJKu_600x600.jpg?fit=600%2C600&ssl=1\" \/>\n\t<meta property=\"og:image:width\" content=\"600\" \/>\n\t<meta property=\"og:image:height\" content=\"600\" \/>\n\t<meta property=\"og:image:type\" content=\"image\/jpeg\" \/>\n<meta name=\"twitter:card\" content=\"summary_large_image\" \/>\n<script type=\"application\/ld+json\" class=\"yoast-schema-graph\">{\"@context\":\"https:\/\/schema.org\",\"@graph\":[{\"@type\":\"WebPage\",\"@id\":\"https:\/\/inti.hr\/bs\/proizvod\/barska-barsun-okretna-stolica\/\",\"url\":\"https:\/\/inti.hr\/bs\/proizvod\/barska-barsun-okretna-stolica\/\",\"name\":\"Barska bar\u0161un okretna stolica - Inti\",\"isPartOf\":{\"@id\":\"https:\/\/inti.hr\/bs\/#website\"},\"primaryImageOfPage\":{\"@id\":\"https:\/\/inti.hr\/bs\/proizvod\/barska-barsun-okretna-stolica\/#primaryimage\"},\"image\":{\"@id\":\"https:\/\/inti.hr\/bs\/proizvod\/barska-barsun-okretna-stolica\/#primaryimage\"},\"thumbnailUrl\":\"https:\/\/i0.wp.com\/inti.hr\/wp-content\/uploads\/2024\/02\/Barhocker-Tresenhocker-Gute-gepolstert-Samt-H-henverstellbar-Drehbar-Hocker-BH219-mehrfarbig4NK0SOKYF2NJKu_600x600.jpg?fit=600%2C600&ssl=1\",\"datePublished\":\"2024-02-17T09:00:07+00:00\",\"dateModified\":\"2024-02-17T09:00:07+00:00\",\"description\":\"Ovi barski stolci izra\u0111eni su od visokokvalitetnog bar\u0161una i vrlo su stabilni zahvaljuju\u0107i kromiranom metalnom okviru. Mekana bar\u0161unasta presvlaka i oblik stolica koji je prilago\u0111en tijelu nude vrlo udobno iskustvo sjedenja. Zahvaljuju\u0107i integriranoj plinskoj tla\u010dnoj opruzi, barske stolice se mogu beskona\u010dno pode\u0161avati po visini i mogu se slobodno okretati za 360\u00b0. Barske stolice nisu samo prikladne za bar, ve\u0107 su savr\u0161ene i za zalogajnice, kafi\u0107e, \u0161ankove i kuhinje. Ovaj barski stolac uklapa se u svaki moderan dizajn interijera.\",\"breadcrumb\":{\"@id\":\"https:\/\/inti.hr\/bs\/proizvod\/barska-barsun-okretna-stolica\/#breadcrumb\"},\"inLanguage\":\"bs-BA\",\"potentialAction\":[{\"@type\":\"ReadAction\",\"target\":[\"https:\/\/inti.hr\/bs\/proizvod\/barska-barsun-okretna-stolica\/\"]}]},{\"@type\":\"ImageObject\",\"inLanguage\":\"bs-BA\",\"@id\":\"https:\/\/inti.hr\/bs\/proizvod\/barska-barsun-okretna-stolica\/#primaryimage\",\"url\":\"https:\/\/i0.wp.com\/inti.hr\/wp-content\/uploads\/2024\/02\/Barhocker-Tresenhocker-Gute-gepolstert-Samt-H-henverstellbar-Drehbar-Hocker-BH219-mehrfarbig4NK0SOKYF2NJKu_600x600.jpg?fit=600%2C600&ssl=1\",\"contentUrl\":\"https:\/\/i0.wp.com\/inti.hr\/wp-content\/uploads\/2024\/02\/Barhocker-Tresenhocker-Gute-gepolstert-Samt-H-henverstellbar-Drehbar-Hocker-BH219-mehrfarbig4NK0SOKYF2NJKu_600x600.jpg?fit=600%2C600&ssl=1\",\"width\":600,\"height\":600},{\"@type\":\"BreadcrumbList\",\"@id\":\"https:\/\/inti.hr\/bs\/proizvod\/barska-barsun-okretna-stolica\/#breadcrumb\",\"itemListElement\":[{\"@type\":\"ListItem\",\"position\":1,\"name\":\"Po\u010detna stranica\",\"item\":\"https:\/\/inti.hr\/bs\/\"},{\"@type\":\"ListItem\",\"position\":2,\"name\":\"Trgovina\",\"item\":\"https:\/\/inti.hr\/bs\/trgovina\/\"},{\"@type\":\"ListItem\",\"position\":3,\"name\":\"Barska bar\u0161un okretna stolica\"}]},{\"@type\":\"WebSite\",\"@id\":\"https:\/\/inti.hr\/bs\/#website\",\"url\":\"https:\/\/inti.hr\/bs\/\",\"name\":\"Inti\",\"description\":\"trgovina\",\"potentialAction\":[{\"@type\":\"SearchAction\",\"target\":{\"@type\":\"EntryPoint\",\"urlTemplate\":\"https:\/\/inti.hr\/bs\/?s={search_term_string}\"},\"query-input\":{\"@type\":\"PropertyValueSpecification\",\"valueRequired\":true,\"valueName\":\"search_term_string\"}}],\"inLanguage\":\"bs-BA\"}]}<\/script>\n<!-- \/ Yoast SEO plugin. -->","yoast_head_json":{"title":"Barska bar\u0161un okretna stolica - Inti","description":"Ovi barski stolci izra\u0111eni su od visokokvalitetnog bar\u0161una i vrlo su stabilni zahvaljuju\u0107i kromiranom metalnom okviru. Mekana bar\u0161unasta presvlaka i oblik stolica koji je prilago\u0111en tijelu nude vrlo udobno iskustvo sjedenja. Zahvaljuju\u0107i integriranoj plinskoj tla\u010dnoj opruzi, barske stolice se mogu beskona\u010dno pode\u0161avati po visini i mogu se slobodno okretati za 360\u00b0. Barske stolice nisu samo prikladne za bar, ve\u0107 su savr\u0161ene i za zalogajnice, kafi\u0107e, \u0161ankove i kuhinje. Ovaj barski stolac uklapa se u svaki moderan dizajn interijera.","robots":{"index":"index","follow":"follow","max-snippet":"max-snippet:-1","max-image-preview":"max-image-preview:large","max-video-preview":"max-video-preview:-1"},"canonical":"https:\/\/inti.hr\/bs\/proizvod\/barska-barsun-okretna-stolica\/","og_locale":"bs_BA","og_type":"article","og_title":"Barska bar\u0161un okretna stolica - Inti","og_description":"Ovi barski stolci izra\u0111eni su od visokokvalitetnog bar\u0161una i vrlo su stabilni zahvaljuju\u0107i kromiranom metalnom okviru. Mekana bar\u0161unasta presvlaka i oblik stolica koji je prilago\u0111en tijelu nude vrlo udobno iskustvo sjedenja. Zahvaljuju\u0107i integriranoj plinskoj tla\u010dnoj opruzi, barske stolice se mogu beskona\u010dno pode\u0161avati po visini i mogu se slobodno okretati za 360\u00b0. Barske stolice nisu samo prikladne za bar, ve\u0107 su savr\u0161ene i za zalogajnice, kafi\u0107e, \u0161ankove i kuhinje. Ovaj barski stolac uklapa se u svaki moderan dizajn interijera.","og_url":"https:\/\/inti.hr\/bs\/proizvod\/barska-barsun-okretna-stolica\/","og_site_name":"Inti","og_image":[{"width":600,"height":600,"url":"https:\/\/i0.wp.com\/inti.hr\/wp-content\/uploads\/2024\/02\/Barhocker-Tresenhocker-Gute-gepolstert-Samt-H-henverstellbar-Drehbar-Hocker-BH219-mehrfarbig4NK0SOKYF2NJKu_600x600.jpg?fit=600%2C600&ssl=1","type":"image\/jpeg"}],"twitter_card":"summary_large_image","schema":{"@context":"https:\/\/schema.org","@graph":[{"@type":"WebPage","@id":"https:\/\/inti.hr\/bs\/proizvod\/barska-barsun-okretna-stolica\/","url":"https:\/\/inti.hr\/bs\/proizvod\/barska-barsun-okretna-stolica\/","name":"Barska bar\u0161un okretna stolica - Inti","isPartOf":{"@id":"https:\/\/inti.hr\/bs\/#website"},"primaryImageOfPage":{"@id":"https:\/\/inti.hr\/bs\/proizvod\/barska-barsun-okretna-stolica\/#primaryimage"},"image":{"@id":"https:\/\/inti.hr\/bs\/proizvod\/barska-barsun-okretna-stolica\/#primaryimage"},"thumbnailUrl":"https:\/\/i0.wp.com\/inti.hr\/wp-content\/uploads\/2024\/02\/Barhocker-Tresenhocker-Gute-gepolstert-Samt-H-henverstellbar-Drehbar-Hocker-BH219-mehrfarbig4NK0SOKYF2NJKu_600x600.jpg?fit=600%2C600&ssl=1","datePublished":"2024-02-17T09:00:07+00:00","dateModified":"2024-02-17T09:00:07+00:00","description":"Ovi barski stolci izra\u0111eni su od visokokvalitetnog bar\u0161una i vrlo su stabilni zahvaljuju\u0107i kromiranom metalnom okviru. Mekana bar\u0161unasta presvlaka i oblik stolica koji je prilago\u0111en tijelu nude vrlo udobno iskustvo sjedenja. Zahvaljuju\u0107i integriranoj plinskoj tla\u010dnoj opruzi, barske stolice se mogu beskona\u010dno pode\u0161avati po visini i mogu se slobodno okretati za 360\u00b0. Barske stolice nisu samo prikladne za bar, ve\u0107 su savr\u0161ene i za zalogajnice, kafi\u0107e, \u0161ankove i kuhinje. Ovaj barski stolac uklapa se u svaki moderan dizajn interijera.","breadcrumb":{"@id":"https:\/\/inti.hr\/bs\/proizvod\/barska-barsun-okretna-stolica\/#breadcrumb"},"inLanguage":"bs-BA","potentialAction":[{"@type":"ReadAction","target":["https:\/\/inti.hr\/bs\/proizvod\/barska-barsun-okretna-stolica\/"]}]},{"@type":"ImageObject","inLanguage":"bs-BA","@id":"https:\/\/inti.hr\/bs\/proizvod\/barska-barsun-okretna-stolica\/#primaryimage","url":"https:\/\/i0.wp.com\/inti.hr\/wp-content\/uploads\/2024\/02\/Barhocker-Tresenhocker-Gute-gepolstert-Samt-H-henverstellbar-Drehbar-Hocker-BH219-mehrfarbig4NK0SOKYF2NJKu_600x600.jpg?fit=600%2C600&ssl=1","contentUrl":"https:\/\/i0.wp.com\/inti.hr\/wp-content\/uploads\/2024\/02\/Barhocker-Tresenhocker-Gute-gepolstert-Samt-H-henverstellbar-Drehbar-Hocker-BH219-mehrfarbig4NK0SOKYF2NJKu_600x600.jpg?fit=600%2C600&ssl=1","width":600,"height":600},{"@type":"BreadcrumbList","@id":"https:\/\/inti.hr\/bs\/proizvod\/barska-barsun-okretna-stolica\/#breadcrumb","itemListElement":[{"@type":"ListItem","position":1,"name":"Po\u010detna stranica","item":"https:\/\/inti.hr\/bs\/"},{"@type":"ListItem","position":2,"name":"Trgovina","item":"https:\/\/inti.hr\/bs\/trgovina\/"},{"@type":"ListItem","position":3,"name":"Barska bar\u0161un okretna stolica"}]},{"@type":"WebSite","@id":"https:\/\/inti.hr\/bs\/#website","url":"https:\/\/inti.hr\/bs\/","name":"Inti","description":"trgovina","potentialAction":[{"@type":"SearchAction","target":{"@type":"EntryPoint","urlTemplate":"https:\/\/inti.hr\/bs\/?s={search_term_string}"},"query-input":{"@type":"PropertyValueSpecification","valueRequired":true,"valueName":"search_term_string"}}],"inLanguage":"bs-BA"}]}},"jetpack_sharing_enabled":true,"jetpack-related-posts":[],"_links":{"self":[{"href":"https:\/\/inti.hr\/bs\/wp-json\/wp\/v2\/product\/36159"}],"collection":[{"href":"https:\/\/inti.hr\/bs\/wp-json\/wp\/v2\/product"}],"about":[{"href":"https:\/\/inti.hr\/bs\/wp-json\/wp\/v2\/types\/product"}],"wp:featuredmedia":[{"embeddable":true,"href":"https:\/\/inti.hr\/bs\/wp-json\/wp\/v2\/media\/36161"}],"wp:attachment":[{"href":"https:\/\/inti.hr\/bs\/wp-json\/wp\/v2\/media?parent=36159"}],"wp:term":[{"taxonomy":"product_cat","embeddable":true,"href":"https:\/\/inti.hr\/bs\/wp-json\/wp\/v2\/product_cat?post=36159"},{"taxonomy":"product_tag","embeddable":true,"href":"https:\/\/inti.hr\/bs\/wp-json\/wp\/v2\/product_tag?post=36159"}],"curies":[{"name":"wp","href":"https:\/\/api.w.org\/{rel}","templated":true}]}}