{"id":36191,"date":"2024-02-16T10:04:45","date_gmt":"2024-02-16T09:04:45","guid":{"rendered":"https:\/\/inti.hr\/product\/trampolin-o-244-cm-s-unutarnjom-mrezom\/"},"modified":"2024-02-16T10:04:45","modified_gmt":"2024-02-16T09:04:45","slug":"trampolin-o-244-cm-s-unutarnjom-mrezom","status":"publish","type":"product","link":"https:\/\/inti.hr\/bs\/proizvod\/trampolin-o-244-cm-s-unutarnjom-mrezom\/","title":{"rendered":"Trampolin \u00d8 244 cm s unutarnjom mre\u017eom"},"content":{"rendered":"<ul>\n<li><b><span>Detalji proizvoda:<\/span><\/b><\/li>\n<li><span>Boja: crno-plava<\/span><\/li>\n<li><span>Materijal:<\/span><\/li>\n<li><span>Okvir: pocin\u010dane \u010deli\u010dne cijevi<\/span><\/li>\n<li><span>Poklopac ruba: 500D PVC, EPE pjena debljine 15 mm, 130 g\/m\u00b2 PE<\/span><\/li>\n<li><span>Podloga za skakanje: PP<\/span><\/li>\n<li><span>Sigurnosna mre\u017ea: 95 g\/m\u00b2 PE<\/span><\/li>\n<li><span>Za\u0161tita stupova: podstava od PE pjene, PVC za\u0161titni poklopac<\/span><\/li>\n<li><span>Opruga: pocin\u010dani \u010delik<\/span><\/li>\n<li><span>Veli\u010dina: 244 x 239 cm (\u00d8 x V)<\/span><\/li>\n<li><span>Visina okvira: 59 cm<\/span><\/li>\n<li><span>Promjer skakaonice: 190 cm<\/span><\/li>\n<li><span>Visina stupova: 180 cm<\/span><\/li>\n<li><span>Te\u017eina: 34,4 kg<\/span><\/li>\n<li><span>Maksimalna stati\u010dka nosivost: 80 kg<\/span><\/li>\n<\/ul>\n","protected":false},"excerpt":{"rendered":"<p><span>\u00a0Neka va\u0161i mali\u0161ani ska\u010du do mile volje na ovom trampolinu \u00d8 &#8230; <\/p>\n","protected":false},"featured_media":36192,"template":"","meta":[],"product_cat":[2452],"product_tag":[4724,4716,2558],"yoast_head":"<!-- This site is optimized with the Yoast SEO plugin v23.7 - https:\/\/yoast.com\/wordpress\/plugins\/seo\/ -->\n<title>Trampolin \u00d8 244 cm s unutarnjom mre\u017eom - Inti<\/title>\n<meta name=\"description\" content=\"\u00a0Neka va\u0161i mali\u0161ani ska\u010du do mile volje na ovom trampolinu \u00d8 244 cm kako bi ostali aktivni.\u00a0Uskoro \u0107e postati omiljeno mjesto va\u0161e obitelji za zabavu ili fitness. Rubna navlaka je otporna na UV zrake, vlagu i robusna te prekriva opruge kako bi za\u0161titila stopala od priklje\u0161tenja. 42 sna\u017ene opruge sa spiralnim kukama osiguravaju siguran spoj s podlogom za skakanje. Stubovi se mogu brzo pri\u010dvrstiti zahvaljuju\u0107i dizajnu koji se utika. Ozna\u010deni dijelovi i jasne upute te svi potrebni alati uklju\u010deni su za jednostavno sastavljanje ovog dje\u010djeg trampolina. Zahvaljuju\u0107i unutarnjoj mre\u017ei s gustom mre\u017eom, va\u0161i mali\u0161ani mogu sigurno skakati bez udaranja o \u0161ipke. Okvir od pocin\u010danog \u010delika otporan na hr\u0111u za sna\u017enu potporu; 3 noge u obliku slova W za dodatnu stabilnost baze; Spojevi u obliku slova T za poja\u010danje okvira - vrtni trampolin je \u010dvrst i izdr\u017eljiv.\" \/>\n<meta name=\"robots\" content=\"index, follow, max-snippet:-1, max-image-preview:large, max-video-preview:-1\" \/>\n<link rel=\"canonical\" href=\"https:\/\/inti.hr\/bs\/proizvod\/trampolin-o-244-cm-s-unutarnjom-mrezom\/\" \/>\n<meta property=\"og:locale\" content=\"bs_BA\" \/>\n<meta property=\"og:type\" content=\"article\" \/>\n<meta property=\"og:title\" content=\"Trampolin \u00d8 244 cm s unutarnjom mre\u017eom - Inti\" \/>\n<meta property=\"og:description\" content=\"\u00a0Neka va\u0161i mali\u0161ani ska\u010du do mile volje na ovom trampolinu \u00d8 244 cm kako bi ostali aktivni.\u00a0Uskoro \u0107e postati omiljeno mjesto va\u0161e obitelji za zabavu ili fitness. Rubna navlaka je otporna na UV zrake, vlagu i robusna te prekriva opruge kako bi za\u0161titila stopala od priklje\u0161tenja. 42 sna\u017ene opruge sa spiralnim kukama osiguravaju siguran spoj s podlogom za skakanje. Stubovi se mogu brzo pri\u010dvrstiti zahvaljuju\u0107i dizajnu koji se utika. Ozna\u010deni dijelovi i jasne upute te svi potrebni alati uklju\u010deni su za jednostavno sastavljanje ovog dje\u010djeg trampolina. Zahvaljuju\u0107i unutarnjoj mre\u017ei s gustom mre\u017eom, va\u0161i mali\u0161ani mogu sigurno skakati bez udaranja o \u0161ipke. Okvir od pocin\u010danog \u010delika otporan na hr\u0111u za sna\u017enu potporu; 3 noge u obliku slova W za dodatnu stabilnost baze; Spojevi u obliku slova T za poja\u010danje okvira - vrtni trampolin je \u010dvrst i izdr\u017eljiv.\" \/>\n<meta property=\"og:url\" content=\"https:\/\/inti.hr\/bs\/proizvod\/trampolin-o-244-cm-s-unutarnjom-mrezom\/\" \/>\n<meta property=\"og:site_name\" content=\"Inti\" \/>\n<meta property=\"og:image\" content=\"https:\/\/i0.wp.com\/inti.hr\/wp-content\/uploads\/2024\/02\/STR082C01-1.jpg?fit=1000%2C1000&ssl=1\" \/>\n\t<meta property=\"og:image:width\" content=\"1000\" \/>\n\t<meta property=\"og:image:height\" content=\"1000\" \/>\n\t<meta property=\"og:image:type\" content=\"image\/jpeg\" \/>\n<meta name=\"twitter:card\" content=\"summary_large_image\" \/>\n<meta name=\"twitter:label1\" content=\"Est. reading time\" \/>\n\t<meta name=\"twitter:data1\" content=\"1 minuta\" \/>\n<script type=\"application\/ld+json\" class=\"yoast-schema-graph\">{\"@context\":\"https:\/\/schema.org\",\"@graph\":[{\"@type\":\"WebPage\",\"@id\":\"https:\/\/inti.hr\/bs\/proizvod\/trampolin-o-244-cm-s-unutarnjom-mrezom\/\",\"url\":\"https:\/\/inti.hr\/bs\/proizvod\/trampolin-o-244-cm-s-unutarnjom-mrezom\/\",\"name\":\"Trampolin \u00d8 244 cm s unutarnjom mre\u017eom - Inti\",\"isPartOf\":{\"@id\":\"https:\/\/inti.hr\/bs\/#website\"},\"primaryImageOfPage\":{\"@id\":\"https:\/\/inti.hr\/bs\/proizvod\/trampolin-o-244-cm-s-unutarnjom-mrezom\/#primaryimage\"},\"image\":{\"@id\":\"https:\/\/inti.hr\/bs\/proizvod\/trampolin-o-244-cm-s-unutarnjom-mrezom\/#primaryimage\"},\"thumbnailUrl\":\"https:\/\/i0.wp.com\/inti.hr\/wp-content\/uploads\/2024\/02\/STR082C01-1.jpg?fit=1000%2C1000&ssl=1\",\"datePublished\":\"2024-02-16T09:04:45+00:00\",\"dateModified\":\"2024-02-16T09:04:45+00:00\",\"description\":\"\u00a0Neka va\u0161i mali\u0161ani ska\u010du do mile volje na ovom trampolinu \u00d8 244 cm kako bi ostali aktivni.\u00a0Uskoro \u0107e postati omiljeno mjesto va\u0161e obitelji za zabavu ili fitness. Rubna navlaka je otporna na UV zrake, vlagu i robusna te prekriva opruge kako bi za\u0161titila stopala od priklje\u0161tenja. 42 sna\u017ene opruge sa spiralnim kukama osiguravaju siguran spoj s podlogom za skakanje. Stubovi se mogu brzo pri\u010dvrstiti zahvaljuju\u0107i dizajnu koji se utika. Ozna\u010deni dijelovi i jasne upute te svi potrebni alati uklju\u010deni su za jednostavno sastavljanje ovog dje\u010djeg trampolina. Zahvaljuju\u0107i unutarnjoj mre\u017ei s gustom mre\u017eom, va\u0161i mali\u0161ani mogu sigurno skakati bez udaranja o \u0161ipke. Okvir od pocin\u010danog \u010delika otporan na hr\u0111u za sna\u017enu potporu; 3 noge u obliku slova W za dodatnu stabilnost baze; Spojevi u obliku slova T za poja\u010danje okvira - vrtni trampolin je \u010dvrst i izdr\u017eljiv.\",\"breadcrumb\":{\"@id\":\"https:\/\/inti.hr\/bs\/proizvod\/trampolin-o-244-cm-s-unutarnjom-mrezom\/#breadcrumb\"},\"inLanguage\":\"bs-BA\",\"potentialAction\":[{\"@type\":\"ReadAction\",\"target\":[\"https:\/\/inti.hr\/bs\/proizvod\/trampolin-o-244-cm-s-unutarnjom-mrezom\/\"]}]},{\"@type\":\"ImageObject\",\"inLanguage\":\"bs-BA\",\"@id\":\"https:\/\/inti.hr\/bs\/proizvod\/trampolin-o-244-cm-s-unutarnjom-mrezom\/#primaryimage\",\"url\":\"https:\/\/i0.wp.com\/inti.hr\/wp-content\/uploads\/2024\/02\/STR082C01-1.jpg?fit=1000%2C1000&ssl=1\",\"contentUrl\":\"https:\/\/i0.wp.com\/inti.hr\/wp-content\/uploads\/2024\/02\/STR082C01-1.jpg?fit=1000%2C1000&ssl=1\",\"width\":1000,\"height\":1000},{\"@type\":\"BreadcrumbList\",\"@id\":\"https:\/\/inti.hr\/bs\/proizvod\/trampolin-o-244-cm-s-unutarnjom-mrezom\/#breadcrumb\",\"itemListElement\":[{\"@type\":\"ListItem\",\"position\":1,\"name\":\"Po\u010detna stranica\",\"item\":\"https:\/\/inti.hr\/bs\/\"},{\"@type\":\"ListItem\",\"position\":2,\"name\":\"Trgovina\",\"item\":\"https:\/\/inti.hr\/bs\/trgovina\/\"},{\"@type\":\"ListItem\",\"position\":3,\"name\":\"Trampolin \u00d8 244 cm s unutarnjom mre\u017eom\"}]},{\"@type\":\"WebSite\",\"@id\":\"https:\/\/inti.hr\/bs\/#website\",\"url\":\"https:\/\/inti.hr\/bs\/\",\"name\":\"Inti\",\"description\":\"trgovina\",\"potentialAction\":[{\"@type\":\"SearchAction\",\"target\":{\"@type\":\"EntryPoint\",\"urlTemplate\":\"https:\/\/inti.hr\/bs\/?s={search_term_string}\"},\"query-input\":{\"@type\":\"PropertyValueSpecification\",\"valueRequired\":true,\"valueName\":\"search_term_string\"}}],\"inLanguage\":\"bs-BA\"}]}<\/script>\n<!-- \/ Yoast SEO plugin. -->","yoast_head_json":{"title":"Trampolin \u00d8 244 cm s unutarnjom mre\u017eom - Inti","description":"\u00a0Neka va\u0161i mali\u0161ani ska\u010du do mile volje na ovom trampolinu \u00d8 244 cm kako bi ostali aktivni.\u00a0Uskoro \u0107e postati omiljeno mjesto va\u0161e obitelji za zabavu ili fitness. Rubna navlaka je otporna na UV zrake, vlagu i robusna te prekriva opruge kako bi za\u0161titila stopala od priklje\u0161tenja. 42 sna\u017ene opruge sa spiralnim kukama osiguravaju siguran spoj s podlogom za skakanje. Stubovi se mogu brzo pri\u010dvrstiti zahvaljuju\u0107i dizajnu koji se utika. Ozna\u010deni dijelovi i jasne upute te svi potrebni alati uklju\u010deni su za jednostavno sastavljanje ovog dje\u010djeg trampolina. Zahvaljuju\u0107i unutarnjoj mre\u017ei s gustom mre\u017eom, va\u0161i mali\u0161ani mogu sigurno skakati bez udaranja o \u0161ipke. Okvir od pocin\u010danog \u010delika otporan na hr\u0111u za sna\u017enu potporu; 3 noge u obliku slova W za dodatnu stabilnost baze; Spojevi u obliku slova T za poja\u010danje okvira - vrtni trampolin je \u010dvrst i izdr\u017eljiv.","robots":{"index":"index","follow":"follow","max-snippet":"max-snippet:-1","max-image-preview":"max-image-preview:large","max-video-preview":"max-video-preview:-1"},"canonical":"https:\/\/inti.hr\/bs\/proizvod\/trampolin-o-244-cm-s-unutarnjom-mrezom\/","og_locale":"bs_BA","og_type":"article","og_title":"Trampolin \u00d8 244 cm s unutarnjom mre\u017eom - Inti","og_description":"\u00a0Neka va\u0161i mali\u0161ani ska\u010du do mile volje na ovom trampolinu \u00d8 244 cm kako bi ostali aktivni.\u00a0Uskoro \u0107e postati omiljeno mjesto va\u0161e obitelji za zabavu ili fitness. Rubna navlaka je otporna na UV zrake, vlagu i robusna te prekriva opruge kako bi za\u0161titila stopala od priklje\u0161tenja. 42 sna\u017ene opruge sa spiralnim kukama osiguravaju siguran spoj s podlogom za skakanje. Stubovi se mogu brzo pri\u010dvrstiti zahvaljuju\u0107i dizajnu koji se utika. Ozna\u010deni dijelovi i jasne upute te svi potrebni alati uklju\u010deni su za jednostavno sastavljanje ovog dje\u010djeg trampolina. Zahvaljuju\u0107i unutarnjoj mre\u017ei s gustom mre\u017eom, va\u0161i mali\u0161ani mogu sigurno skakati bez udaranja o \u0161ipke. Okvir od pocin\u010danog \u010delika otporan na hr\u0111u za sna\u017enu potporu; 3 noge u obliku slova W za dodatnu stabilnost baze; Spojevi u obliku slova T za poja\u010danje okvira - vrtni trampolin je \u010dvrst i izdr\u017eljiv.","og_url":"https:\/\/inti.hr\/bs\/proizvod\/trampolin-o-244-cm-s-unutarnjom-mrezom\/","og_site_name":"Inti","og_image":[{"width":1000,"height":1000,"url":"https:\/\/i0.wp.com\/inti.hr\/wp-content\/uploads\/2024\/02\/STR082C01-1.jpg?fit=1000%2C1000&ssl=1","type":"image\/jpeg"}],"twitter_card":"summary_large_image","twitter_misc":{"Est. reading time":"1 minuta"},"schema":{"@context":"https:\/\/schema.org","@graph":[{"@type":"WebPage","@id":"https:\/\/inti.hr\/bs\/proizvod\/trampolin-o-244-cm-s-unutarnjom-mrezom\/","url":"https:\/\/inti.hr\/bs\/proizvod\/trampolin-o-244-cm-s-unutarnjom-mrezom\/","name":"Trampolin \u00d8 244 cm s unutarnjom mre\u017eom - Inti","isPartOf":{"@id":"https:\/\/inti.hr\/bs\/#website"},"primaryImageOfPage":{"@id":"https:\/\/inti.hr\/bs\/proizvod\/trampolin-o-244-cm-s-unutarnjom-mrezom\/#primaryimage"},"image":{"@id":"https:\/\/inti.hr\/bs\/proizvod\/trampolin-o-244-cm-s-unutarnjom-mrezom\/#primaryimage"},"thumbnailUrl":"https:\/\/i0.wp.com\/inti.hr\/wp-content\/uploads\/2024\/02\/STR082C01-1.jpg?fit=1000%2C1000&ssl=1","datePublished":"2024-02-16T09:04:45+00:00","dateModified":"2024-02-16T09:04:45+00:00","description":"\u00a0Neka va\u0161i mali\u0161ani ska\u010du do mile volje na ovom trampolinu \u00d8 244 cm kako bi ostali aktivni.\u00a0Uskoro \u0107e postati omiljeno mjesto va\u0161e obitelji za zabavu ili fitness. Rubna navlaka je otporna na UV zrake, vlagu i robusna te prekriva opruge kako bi za\u0161titila stopala od priklje\u0161tenja. 42 sna\u017ene opruge sa spiralnim kukama osiguravaju siguran spoj s podlogom za skakanje. Stubovi se mogu brzo pri\u010dvrstiti zahvaljuju\u0107i dizajnu koji se utika. Ozna\u010deni dijelovi i jasne upute te svi potrebni alati uklju\u010deni su za jednostavno sastavljanje ovog dje\u010djeg trampolina. Zahvaljuju\u0107i unutarnjoj mre\u017ei s gustom mre\u017eom, va\u0161i mali\u0161ani mogu sigurno skakati bez udaranja o \u0161ipke. Okvir od pocin\u010danog \u010delika otporan na hr\u0111u za sna\u017enu potporu; 3 noge u obliku slova W za dodatnu stabilnost baze; Spojevi u obliku slova T za poja\u010danje okvira - vrtni trampolin je \u010dvrst i izdr\u017eljiv.","breadcrumb":{"@id":"https:\/\/inti.hr\/bs\/proizvod\/trampolin-o-244-cm-s-unutarnjom-mrezom\/#breadcrumb"},"inLanguage":"bs-BA","potentialAction":[{"@type":"ReadAction","target":["https:\/\/inti.hr\/bs\/proizvod\/trampolin-o-244-cm-s-unutarnjom-mrezom\/"]}]},{"@type":"ImageObject","inLanguage":"bs-BA","@id":"https:\/\/inti.hr\/bs\/proizvod\/trampolin-o-244-cm-s-unutarnjom-mrezom\/#primaryimage","url":"https:\/\/i0.wp.com\/inti.hr\/wp-content\/uploads\/2024\/02\/STR082C01-1.jpg?fit=1000%2C1000&ssl=1","contentUrl":"https:\/\/i0.wp.com\/inti.hr\/wp-content\/uploads\/2024\/02\/STR082C01-1.jpg?fit=1000%2C1000&ssl=1","width":1000,"height":1000},{"@type":"BreadcrumbList","@id":"https:\/\/inti.hr\/bs\/proizvod\/trampolin-o-244-cm-s-unutarnjom-mrezom\/#breadcrumb","itemListElement":[{"@type":"ListItem","position":1,"name":"Po\u010detna stranica","item":"https:\/\/inti.hr\/bs\/"},{"@type":"ListItem","position":2,"name":"Trgovina","item":"https:\/\/inti.hr\/bs\/trgovina\/"},{"@type":"ListItem","position":3,"name":"Trampolin \u00d8 244 cm s unutarnjom mre\u017eom"}]},{"@type":"WebSite","@id":"https:\/\/inti.hr\/bs\/#website","url":"https:\/\/inti.hr\/bs\/","name":"Inti","description":"trgovina","potentialAction":[{"@type":"SearchAction","target":{"@type":"EntryPoint","urlTemplate":"https:\/\/inti.hr\/bs\/?s={search_term_string}"},"query-input":{"@type":"PropertyValueSpecification","valueRequired":true,"valueName":"search_term_string"}}],"inLanguage":"bs-BA"}]}},"jetpack_sharing_enabled":true,"jetpack-related-posts":[],"_links":{"self":[{"href":"https:\/\/inti.hr\/bs\/wp-json\/wp\/v2\/product\/36191"}],"collection":[{"href":"https:\/\/inti.hr\/bs\/wp-json\/wp\/v2\/product"}],"about":[{"href":"https:\/\/inti.hr\/bs\/wp-json\/wp\/v2\/types\/product"}],"wp:featuredmedia":[{"embeddable":true,"href":"https:\/\/inti.hr\/bs\/wp-json\/wp\/v2\/media\/36192"}],"wp:attachment":[{"href":"https:\/\/inti.hr\/bs\/wp-json\/wp\/v2\/media?parent=36191"}],"wp:term":[{"taxonomy":"product_cat","embeddable":true,"href":"https:\/\/inti.hr\/bs\/wp-json\/wp\/v2\/product_cat?post=36191"},{"taxonomy":"product_tag","embeddable":true,"href":"https:\/\/inti.hr\/bs\/wp-json\/wp\/v2\/product_tag?post=36191"}],"curies":[{"name":"wp","href":"https:\/\/api.w.org\/{rel}","templated":true}]}}