{"id":36195,"date":"2024-02-16T09:56:28","date_gmt":"2024-02-16T08:56:28","guid":{"rendered":"https:\/\/inti.hr\/product\/okrugli-vrtni-trampolin-sa-sigurnosnom-mrezom\/"},"modified":"2024-02-16T09:56:28","modified_gmt":"2024-02-16T08:56:28","slug":"okrugli-vrtni-trampolin-sa-sigurnosnom-mrezom","status":"publish","type":"product","link":"https:\/\/inti.hr\/bs\/proizvod\/okrugli-vrtni-trampolin-sa-sigurnosnom-mrezom\/","title":{"rendered":"Okrugli vrtni trampolin sa sigurnosnom mre\u017eom"},"content":{"rendered":"<p>Detalji o proizvodu:<\/p>\n<p>&#8211; Materijal okvira: pocin\u010dana \u010deli\u010dna cijev<\/p>\n<p>&#8211; Materijal prostirke za skakanje: polipropilen (265g\/ \u33a1 )<\/p>\n<p>&#8211; Materijal sigurnosne podloge: PVC (310g\/ \u33a1 ), EPE pjena<\/p>\n<p>&#8211; Udaljenost izme\u0111u tla i povr\u0161ine trampolina: 50 cm<\/p>\n<p>&#8211; Maksimalna stati\u010dka nosivost: 100 kg<\/p>\n<p>&nbsp;<\/p>\n<p>&nbsp;<\/p>\n<p>Trampolin smije koristiti samo jedna osoba.\u00a0Kori\u0161tenje od strane vi\u0161e osoba u isto vrijeme mo\u017ee dovesti do ozljeda.<\/p>\n<p>&#8211; Molimo nemojte izvoditi salto na trampolinu.<\/p>\n<p>&#8211; Nemojte se vje\u0161ati na gornji rub za\u0161titne mre\u017ee.<\/p>\n<p>&#8211; Uklonite sve \u0161iljate ili o\u0161tre predmete prije ulaska na trampolin.<\/p>\n<p>&#8211; Trampolin nije prikladan za kori\u0161tenje od strane djece mla\u0111e od 6 godina.<\/p>\n<p>&#8211; Prikladno samo za privatnu upotrebu.<\/p>\n","protected":false},"excerpt":{"rendered":"<p>Ovaj trampolin\u00a0 savr\u0161en je za obilazak vrta i skakanje uokolo u &#8230; <\/p>\n","protected":false},"featured_media":36196,"template":"","meta":[],"product_cat":[2452],"product_tag":[4716,3683,2558],"yoast_head":"<!-- This site is optimized with the Yoast SEO plugin v23.7 - https:\/\/yoast.com\/wordpress\/plugins\/seo\/ -->\n<title>Okrugli vrtni trampolin sa sigurnosnom mre\u017eom - Inti<\/title>\n<meta name=\"description\" content=\"Ovaj trampolin\u00a0 savr\u0161en je za obilazak vrta i skakanje uokolo u toplo poslijepodne (ili \u010dak za malo vje\u017ebanja). Neka va\u0161a djeca ska\u010du do mile volje na ovom trampolinu iz SONGMICS-a dok vi sun\u010date se na suncu ili se zabavljate uz ro\u0161tilj. Naravno, skakanje na trampolinu prije svega treba biti zabavno.\u00a0No, ovdje se ne smije zanemariti sigurnost.\u00a0Iz tog je razloga ovaj trampolin opremljen sigurnosnom mre\u017eom vrlo tijesne mre\u017ee, koja posebno dobro ubla\u017eava udarac.\u00a0Osim toga, stupovi mre\u017ee i opruge prekriveni su EPE pjenom, tako da je rizik od ozljeda tako\u0111er smanjen.\" \/>\n<meta name=\"robots\" content=\"index, follow, max-snippet:-1, max-image-preview:large, max-video-preview:-1\" \/>\n<link rel=\"canonical\" href=\"https:\/\/inti.hr\/bs\/proizvod\/okrugli-vrtni-trampolin-sa-sigurnosnom-mrezom\/\" \/>\n<meta property=\"og:locale\" content=\"bs_BA\" \/>\n<meta property=\"og:type\" content=\"article\" \/>\n<meta property=\"og:title\" content=\"Okrugli vrtni trampolin sa sigurnosnom mre\u017eom - Inti\" \/>\n<meta property=\"og:description\" content=\"Ovaj trampolin\u00a0 savr\u0161en je za obilazak vrta i skakanje uokolo u toplo poslijepodne (ili \u010dak za malo vje\u017ebanja). Neka va\u0161a djeca ska\u010du do mile volje na ovom trampolinu iz SONGMICS-a dok vi sun\u010date se na suncu ili se zabavljate uz ro\u0161tilj. Naravno, skakanje na trampolinu prije svega treba biti zabavno.\u00a0No, ovdje se ne smije zanemariti sigurnost.\u00a0Iz tog je razloga ovaj trampolin opremljen sigurnosnom mre\u017eom vrlo tijesne mre\u017ee, koja posebno dobro ubla\u017eava udarac.\u00a0Osim toga, stupovi mre\u017ee i opruge prekriveni su EPE pjenom, tako da je rizik od ozljeda tako\u0111er smanjen.\" \/>\n<meta property=\"og:url\" content=\"https:\/\/inti.hr\/bs\/proizvod\/okrugli-vrtni-trampolin-sa-sigurnosnom-mrezom\/\" \/>\n<meta property=\"og:site_name\" content=\"Inti\" \/>\n<meta property=\"og:image\" content=\"https:\/\/i0.wp.com\/inti.hr\/wp-content\/uploads\/2024\/02\/STR12GNV1-2-e1708073695506.jpg?fit=1000%2C882&ssl=1\" \/>\n\t<meta property=\"og:image:width\" content=\"1000\" \/>\n\t<meta property=\"og:image:height\" content=\"882\" \/>\n\t<meta property=\"og:image:type\" content=\"image\/jpeg\" \/>\n<meta name=\"twitter:card\" content=\"summary_large_image\" \/>\n<meta name=\"twitter:label1\" content=\"Est. reading time\" \/>\n\t<meta name=\"twitter:data1\" content=\"1 minuta\" \/>\n<script type=\"application\/ld+json\" class=\"yoast-schema-graph\">{\"@context\":\"https:\/\/schema.org\",\"@graph\":[{\"@type\":\"WebPage\",\"@id\":\"https:\/\/inti.hr\/bs\/proizvod\/okrugli-vrtni-trampolin-sa-sigurnosnom-mrezom\/\",\"url\":\"https:\/\/inti.hr\/bs\/proizvod\/okrugli-vrtni-trampolin-sa-sigurnosnom-mrezom\/\",\"name\":\"Okrugli vrtni trampolin sa sigurnosnom mre\u017eom - Inti\",\"isPartOf\":{\"@id\":\"https:\/\/inti.hr\/bs\/#website\"},\"primaryImageOfPage\":{\"@id\":\"https:\/\/inti.hr\/bs\/proizvod\/okrugli-vrtni-trampolin-sa-sigurnosnom-mrezom\/#primaryimage\"},\"image\":{\"@id\":\"https:\/\/inti.hr\/bs\/proizvod\/okrugli-vrtni-trampolin-sa-sigurnosnom-mrezom\/#primaryimage\"},\"thumbnailUrl\":\"https:\/\/i0.wp.com\/inti.hr\/wp-content\/uploads\/2024\/02\/STR12GNV1-2-e1708073695506.jpg?fit=1000%2C882&ssl=1\",\"datePublished\":\"2024-02-16T08:56:28+00:00\",\"dateModified\":\"2024-02-16T08:56:28+00:00\",\"description\":\"Ovaj trampolin\u00a0 savr\u0161en je za obilazak vrta i skakanje uokolo u toplo poslijepodne (ili \u010dak za malo vje\u017ebanja). Neka va\u0161a djeca ska\u010du do mile volje na ovom trampolinu iz SONGMICS-a dok vi sun\u010date se na suncu ili se zabavljate uz ro\u0161tilj. Naravno, skakanje na trampolinu prije svega treba biti zabavno.\u00a0No, ovdje se ne smije zanemariti sigurnost.\u00a0Iz tog je razloga ovaj trampolin opremljen sigurnosnom mre\u017eom vrlo tijesne mre\u017ee, koja posebno dobro ubla\u017eava udarac.\u00a0Osim toga, stupovi mre\u017ee i opruge prekriveni su EPE pjenom, tako da je rizik od ozljeda tako\u0111er smanjen.\",\"breadcrumb\":{\"@id\":\"https:\/\/inti.hr\/bs\/proizvod\/okrugli-vrtni-trampolin-sa-sigurnosnom-mrezom\/#breadcrumb\"},\"inLanguage\":\"bs-BA\",\"potentialAction\":[{\"@type\":\"ReadAction\",\"target\":[\"https:\/\/inti.hr\/bs\/proizvod\/okrugli-vrtni-trampolin-sa-sigurnosnom-mrezom\/\"]}]},{\"@type\":\"ImageObject\",\"inLanguage\":\"bs-BA\",\"@id\":\"https:\/\/inti.hr\/bs\/proizvod\/okrugli-vrtni-trampolin-sa-sigurnosnom-mrezom\/#primaryimage\",\"url\":\"https:\/\/i0.wp.com\/inti.hr\/wp-content\/uploads\/2024\/02\/STR12GNV1-2-e1708073695506.jpg?fit=1000%2C882&ssl=1\",\"contentUrl\":\"https:\/\/i0.wp.com\/inti.hr\/wp-content\/uploads\/2024\/02\/STR12GNV1-2-e1708073695506.jpg?fit=1000%2C882&ssl=1\",\"width\":1000,\"height\":882},{\"@type\":\"BreadcrumbList\",\"@id\":\"https:\/\/inti.hr\/bs\/proizvod\/okrugli-vrtni-trampolin-sa-sigurnosnom-mrezom\/#breadcrumb\",\"itemListElement\":[{\"@type\":\"ListItem\",\"position\":1,\"name\":\"Po\u010detna stranica\",\"item\":\"https:\/\/inti.hr\/bs\/\"},{\"@type\":\"ListItem\",\"position\":2,\"name\":\"Trgovina\",\"item\":\"https:\/\/inti.hr\/bs\/trgovina\/\"},{\"@type\":\"ListItem\",\"position\":3,\"name\":\"Okrugli vrtni trampolin sa sigurnosnom mre\u017eom\"}]},{\"@type\":\"WebSite\",\"@id\":\"https:\/\/inti.hr\/bs\/#website\",\"url\":\"https:\/\/inti.hr\/bs\/\",\"name\":\"Inti\",\"description\":\"trgovina\",\"potentialAction\":[{\"@type\":\"SearchAction\",\"target\":{\"@type\":\"EntryPoint\",\"urlTemplate\":\"https:\/\/inti.hr\/bs\/?s={search_term_string}\"},\"query-input\":{\"@type\":\"PropertyValueSpecification\",\"valueRequired\":true,\"valueName\":\"search_term_string\"}}],\"inLanguage\":\"bs-BA\"}]}<\/script>\n<!-- \/ Yoast SEO plugin. -->","yoast_head_json":{"title":"Okrugli vrtni trampolin sa sigurnosnom mre\u017eom - Inti","description":"Ovaj trampolin\u00a0 savr\u0161en je za obilazak vrta i skakanje uokolo u toplo poslijepodne (ili \u010dak za malo vje\u017ebanja). Neka va\u0161a djeca ska\u010du do mile volje na ovom trampolinu iz SONGMICS-a dok vi sun\u010date se na suncu ili se zabavljate uz ro\u0161tilj. Naravno, skakanje na trampolinu prije svega treba biti zabavno.\u00a0No, ovdje se ne smije zanemariti sigurnost.\u00a0Iz tog je razloga ovaj trampolin opremljen sigurnosnom mre\u017eom vrlo tijesne mre\u017ee, koja posebno dobro ubla\u017eava udarac.\u00a0Osim toga, stupovi mre\u017ee i opruge prekriveni su EPE pjenom, tako da je rizik od ozljeda tako\u0111er smanjen.","robots":{"index":"index","follow":"follow","max-snippet":"max-snippet:-1","max-image-preview":"max-image-preview:large","max-video-preview":"max-video-preview:-1"},"canonical":"https:\/\/inti.hr\/bs\/proizvod\/okrugli-vrtni-trampolin-sa-sigurnosnom-mrezom\/","og_locale":"bs_BA","og_type":"article","og_title":"Okrugli vrtni trampolin sa sigurnosnom mre\u017eom - Inti","og_description":"Ovaj trampolin\u00a0 savr\u0161en je za obilazak vrta i skakanje uokolo u toplo poslijepodne (ili \u010dak za malo vje\u017ebanja). Neka va\u0161a djeca ska\u010du do mile volje na ovom trampolinu iz SONGMICS-a dok vi sun\u010date se na suncu ili se zabavljate uz ro\u0161tilj. Naravno, skakanje na trampolinu prije svega treba biti zabavno.\u00a0No, ovdje se ne smije zanemariti sigurnost.\u00a0Iz tog je razloga ovaj trampolin opremljen sigurnosnom mre\u017eom vrlo tijesne mre\u017ee, koja posebno dobro ubla\u017eava udarac.\u00a0Osim toga, stupovi mre\u017ee i opruge prekriveni su EPE pjenom, tako da je rizik od ozljeda tako\u0111er smanjen.","og_url":"https:\/\/inti.hr\/bs\/proizvod\/okrugli-vrtni-trampolin-sa-sigurnosnom-mrezom\/","og_site_name":"Inti","og_image":[{"width":1000,"height":882,"url":"https:\/\/i0.wp.com\/inti.hr\/wp-content\/uploads\/2024\/02\/STR12GNV1-2-e1708073695506.jpg?fit=1000%2C882&ssl=1","type":"image\/jpeg"}],"twitter_card":"summary_large_image","twitter_misc":{"Est. reading time":"1 minuta"},"schema":{"@context":"https:\/\/schema.org","@graph":[{"@type":"WebPage","@id":"https:\/\/inti.hr\/bs\/proizvod\/okrugli-vrtni-trampolin-sa-sigurnosnom-mrezom\/","url":"https:\/\/inti.hr\/bs\/proizvod\/okrugli-vrtni-trampolin-sa-sigurnosnom-mrezom\/","name":"Okrugli vrtni trampolin sa sigurnosnom mre\u017eom - Inti","isPartOf":{"@id":"https:\/\/inti.hr\/bs\/#website"},"primaryImageOfPage":{"@id":"https:\/\/inti.hr\/bs\/proizvod\/okrugli-vrtni-trampolin-sa-sigurnosnom-mrezom\/#primaryimage"},"image":{"@id":"https:\/\/inti.hr\/bs\/proizvod\/okrugli-vrtni-trampolin-sa-sigurnosnom-mrezom\/#primaryimage"},"thumbnailUrl":"https:\/\/i0.wp.com\/inti.hr\/wp-content\/uploads\/2024\/02\/STR12GNV1-2-e1708073695506.jpg?fit=1000%2C882&ssl=1","datePublished":"2024-02-16T08:56:28+00:00","dateModified":"2024-02-16T08:56:28+00:00","description":"Ovaj trampolin\u00a0 savr\u0161en je za obilazak vrta i skakanje uokolo u toplo poslijepodne (ili \u010dak za malo vje\u017ebanja). Neka va\u0161a djeca ska\u010du do mile volje na ovom trampolinu iz SONGMICS-a dok vi sun\u010date se na suncu ili se zabavljate uz ro\u0161tilj. Naravno, skakanje na trampolinu prije svega treba biti zabavno.\u00a0No, ovdje se ne smije zanemariti sigurnost.\u00a0Iz tog je razloga ovaj trampolin opremljen sigurnosnom mre\u017eom vrlo tijesne mre\u017ee, koja posebno dobro ubla\u017eava udarac.\u00a0Osim toga, stupovi mre\u017ee i opruge prekriveni su EPE pjenom, tako da je rizik od ozljeda tako\u0111er smanjen.","breadcrumb":{"@id":"https:\/\/inti.hr\/bs\/proizvod\/okrugli-vrtni-trampolin-sa-sigurnosnom-mrezom\/#breadcrumb"},"inLanguage":"bs-BA","potentialAction":[{"@type":"ReadAction","target":["https:\/\/inti.hr\/bs\/proizvod\/okrugli-vrtni-trampolin-sa-sigurnosnom-mrezom\/"]}]},{"@type":"ImageObject","inLanguage":"bs-BA","@id":"https:\/\/inti.hr\/bs\/proizvod\/okrugli-vrtni-trampolin-sa-sigurnosnom-mrezom\/#primaryimage","url":"https:\/\/i0.wp.com\/inti.hr\/wp-content\/uploads\/2024\/02\/STR12GNV1-2-e1708073695506.jpg?fit=1000%2C882&ssl=1","contentUrl":"https:\/\/i0.wp.com\/inti.hr\/wp-content\/uploads\/2024\/02\/STR12GNV1-2-e1708073695506.jpg?fit=1000%2C882&ssl=1","width":1000,"height":882},{"@type":"BreadcrumbList","@id":"https:\/\/inti.hr\/bs\/proizvod\/okrugli-vrtni-trampolin-sa-sigurnosnom-mrezom\/#breadcrumb","itemListElement":[{"@type":"ListItem","position":1,"name":"Po\u010detna stranica","item":"https:\/\/inti.hr\/bs\/"},{"@type":"ListItem","position":2,"name":"Trgovina","item":"https:\/\/inti.hr\/bs\/trgovina\/"},{"@type":"ListItem","position":3,"name":"Okrugli vrtni trampolin sa sigurnosnom mre\u017eom"}]},{"@type":"WebSite","@id":"https:\/\/inti.hr\/bs\/#website","url":"https:\/\/inti.hr\/bs\/","name":"Inti","description":"trgovina","potentialAction":[{"@type":"SearchAction","target":{"@type":"EntryPoint","urlTemplate":"https:\/\/inti.hr\/bs\/?s={search_term_string}"},"query-input":{"@type":"PropertyValueSpecification","valueRequired":true,"valueName":"search_term_string"}}],"inLanguage":"bs-BA"}]}},"jetpack_sharing_enabled":true,"jetpack-related-posts":[],"_links":{"self":[{"href":"https:\/\/inti.hr\/bs\/wp-json\/wp\/v2\/product\/36195"}],"collection":[{"href":"https:\/\/inti.hr\/bs\/wp-json\/wp\/v2\/product"}],"about":[{"href":"https:\/\/inti.hr\/bs\/wp-json\/wp\/v2\/types\/product"}],"wp:featuredmedia":[{"embeddable":true,"href":"https:\/\/inti.hr\/bs\/wp-json\/wp\/v2\/media\/36196"}],"wp:attachment":[{"href":"https:\/\/inti.hr\/bs\/wp-json\/wp\/v2\/media?parent=36195"}],"wp:term":[{"taxonomy":"product_cat","embeddable":true,"href":"https:\/\/inti.hr\/bs\/wp-json\/wp\/v2\/product_cat?post=36195"},{"taxonomy":"product_tag","embeddable":true,"href":"https:\/\/inti.hr\/bs\/wp-json\/wp\/v2\/product_tag?post=36195"}],"curies":[{"name":"wp","href":"https:\/\/api.w.org\/{rel}","templated":true}]}}