{"id":36219,"date":"2024-02-13T11:19:16","date_gmt":"2024-02-13T10:19:16","guid":{"rendered":"https:\/\/inti.hr\/product\/jednostavna-polica-s-8-pretinaca\/"},"modified":"2024-02-13T11:19:16","modified_gmt":"2024-02-13T10:19:16","slug":"jednostavna-polica-s-8-pretinaca","status":"publish","type":"product","link":"https:\/\/inti.hr\/bs\/proizvod\/jednostavna-polica-s-8-pretinaca\/","title":{"rendered":"Jednostavna polica s 8 pretinaca"},"content":{"rendered":"<p>Detalji proizvoda:<\/p>\n<p>&#8211; Boja: boja hrasta i bijela<br \/>\n&#8211; Materijal: iveral, melaminski furnir<br \/>\n&#8211; Dimenzije: 65,5 x 30 x 129,5 cm (\u0160 x D x V)<br \/>\n&#8211; Te\u017eina: 22,5 kg<br \/>\n&#8211; Nosivost svakog odjeljka: 15 kg<br \/>\n&#8211; Nosivost gornjeg povr\u0161ina ormara: 40 kg<\/p>\n","protected":false},"excerpt":{"rendered":"<p>Dajte svojoj kolekciji knjiga prikladno mjesto u svom domu! Na\u0161a polica &#8230; <\/p>\n","protected":false},"featured_media":36220,"template":"","meta":[],"product_cat":[2436],"product_tag":[2654,2598],"yoast_head":"<!-- This site is optimized with the Yoast SEO plugin v23.7 - https:\/\/yoast.com\/wordpress\/plugins\/seo\/ -->\n<title>Jednostavna polica s 8 pretinaca - Inti<\/title>\n<meta name=\"description\" content=\"Dajte svojoj kolekciji knjiga prikladno mjesto u svom domu! Na\u0161a polica za knjige savr\u0161ena je nadopuna va\u0161em stilu interijera, a njena boja hrasta stvara prirodnu atmosferu. Bez obzira kakav stil doma imate kod ku\u0107e, bilo da je u stilu country, vintage, industrial ili shabby chic, na\u0161a jednostavna i moderna samostoje\u0107a polica definitivno \u0107e nadopuniti va\u0161 stil. Ovu policu postavite u dje\u010dju sobu za dje\u010dje knjige ili u dnevnu sobu pored stolca za \u010ditanje ili je jednostavno postavite u spava\u0107u sobu. Tako\u0111er je izvrsna polica kao polica za TV.S prilo\u017eenim detaljnim uputama za sastavljanje na nekoliko jezika, ovu je policu vrlo jednostavno sastaviti, \u010dak i za po\u010detnike u sastavljanju. \u0160tovi\u0161e, svi dijelovi su numerirani tako da mo\u017eete brzo prona\u0107i ono \u0161to vam je potrebno. Bo\u010dne plo\u010de su pomaknute s utorima tako da je umetanje stra\u017enje plo\u010de jednostavno. Spojnice se mogu pri\u010dvrstiti na stra\u017enji zid radi ve\u0107e stabilnosti. Zamjenski vijak tako\u0111er je uklju\u010den u opseg isporuke. Osim toga, na\u0161a polica za knjige opremljena je za\u0161titom od prevrtanja za ve\u0107u sigurnost. Jastu\u010di\u0107i za police \u0161tite va\u0161 pod od ogrebotina i o\u0161te\u0107enja. Nemojte dugo razmi\u0161ljati i ve\u0107 danas kupite svoju policu za ugodnije \u010ditanje nakon posla.\" \/>\n<meta name=\"robots\" content=\"index, follow, max-snippet:-1, max-image-preview:large, max-video-preview:-1\" \/>\n<link rel=\"canonical\" href=\"https:\/\/inti.hr\/bs\/proizvod\/jednostavna-polica-s-8-pretinaca\/\" \/>\n<meta property=\"og:locale\" content=\"bs_BA\" \/>\n<meta property=\"og:type\" content=\"article\" \/>\n<meta property=\"og:title\" content=\"Jednostavna polica s 8 pretinaca - Inti\" \/>\n<meta property=\"og:description\" content=\"Dajte svojoj kolekciji knjiga prikladno mjesto u svom domu! Na\u0161a polica za knjige savr\u0161ena je nadopuna va\u0161em stilu interijera, a njena boja hrasta stvara prirodnu atmosferu. Bez obzira kakav stil doma imate kod ku\u0107e, bilo da je u stilu country, vintage, industrial ili shabby chic, na\u0161a jednostavna i moderna samostoje\u0107a polica definitivno \u0107e nadopuniti va\u0161 stil. Ovu policu postavite u dje\u010dju sobu za dje\u010dje knjige ili u dnevnu sobu pored stolca za \u010ditanje ili je jednostavno postavite u spava\u0107u sobu. Tako\u0111er je izvrsna polica kao polica za TV.S prilo\u017eenim detaljnim uputama za sastavljanje na nekoliko jezika, ovu je policu vrlo jednostavno sastaviti, \u010dak i za po\u010detnike u sastavljanju. \u0160tovi\u0161e, svi dijelovi su numerirani tako da mo\u017eete brzo prona\u0107i ono \u0161to vam je potrebno. Bo\u010dne plo\u010de su pomaknute s utorima tako da je umetanje stra\u017enje plo\u010de jednostavno. Spojnice se mogu pri\u010dvrstiti na stra\u017enji zid radi ve\u0107e stabilnosti. Zamjenski vijak tako\u0111er je uklju\u010den u opseg isporuke. Osim toga, na\u0161a polica za knjige opremljena je za\u0161titom od prevrtanja za ve\u0107u sigurnost. Jastu\u010di\u0107i za police \u0161tite va\u0161 pod od ogrebotina i o\u0161te\u0107enja. Nemojte dugo razmi\u0161ljati i ve\u0107 danas kupite svoju policu za ugodnije \u010ditanje nakon posla.\" \/>\n<meta property=\"og:url\" content=\"https:\/\/inti.hr\/bs\/proizvod\/jednostavna-polica-s-8-pretinaca\/\" \/>\n<meta property=\"og:site_name\" content=\"Inti\" \/>\n<meta property=\"og:image\" content=\"https:\/\/i0.wp.com\/inti.hr\/wp-content\/uploads\/2024\/02\/Schlichtes-Regal-8-Faecher-Holzoptik-LBC24NL-1-1.jpg?fit=1000%2C1000&ssl=1\" \/>\n\t<meta property=\"og:image:width\" content=\"1000\" \/>\n\t<meta property=\"og:image:height\" content=\"1000\" \/>\n\t<meta property=\"og:image:type\" content=\"image\/jpeg\" \/>\n<meta name=\"twitter:card\" content=\"summary_large_image\" \/>\n<script type=\"application\/ld+json\" class=\"yoast-schema-graph\">{\"@context\":\"https:\/\/schema.org\",\"@graph\":[{\"@type\":\"WebPage\",\"@id\":\"https:\/\/inti.hr\/bs\/proizvod\/jednostavna-polica-s-8-pretinaca\/\",\"url\":\"https:\/\/inti.hr\/bs\/proizvod\/jednostavna-polica-s-8-pretinaca\/\",\"name\":\"Jednostavna polica s 8 pretinaca - Inti\",\"isPartOf\":{\"@id\":\"https:\/\/inti.hr\/bs\/#website\"},\"primaryImageOfPage\":{\"@id\":\"https:\/\/inti.hr\/bs\/proizvod\/jednostavna-polica-s-8-pretinaca\/#primaryimage\"},\"image\":{\"@id\":\"https:\/\/inti.hr\/bs\/proizvod\/jednostavna-polica-s-8-pretinaca\/#primaryimage\"},\"thumbnailUrl\":\"https:\/\/i0.wp.com\/inti.hr\/wp-content\/uploads\/2024\/02\/Schlichtes-Regal-8-Faecher-Holzoptik-LBC24NL-1-1.jpg?fit=1000%2C1000&ssl=1\",\"datePublished\":\"2024-02-13T10:19:16+00:00\",\"dateModified\":\"2024-02-13T10:19:16+00:00\",\"description\":\"Dajte svojoj kolekciji knjiga prikladno mjesto u svom domu! Na\u0161a polica za knjige savr\u0161ena je nadopuna va\u0161em stilu interijera, a njena boja hrasta stvara prirodnu atmosferu. Bez obzira kakav stil doma imate kod ku\u0107e, bilo da je u stilu country, vintage, industrial ili shabby chic, na\u0161a jednostavna i moderna samostoje\u0107a polica definitivno \u0107e nadopuniti va\u0161 stil. Ovu policu postavite u dje\u010dju sobu za dje\u010dje knjige ili u dnevnu sobu pored stolca za \u010ditanje ili je jednostavno postavite u spava\u0107u sobu. Tako\u0111er je izvrsna polica kao polica za TV.S prilo\u017eenim detaljnim uputama za sastavljanje na nekoliko jezika, ovu je policu vrlo jednostavno sastaviti, \u010dak i za po\u010detnike u sastavljanju. \u0160tovi\u0161e, svi dijelovi su numerirani tako da mo\u017eete brzo prona\u0107i ono \u0161to vam je potrebno. Bo\u010dne plo\u010de su pomaknute s utorima tako da je umetanje stra\u017enje plo\u010de jednostavno. Spojnice se mogu pri\u010dvrstiti na stra\u017enji zid radi ve\u0107e stabilnosti. Zamjenski vijak tako\u0111er je uklju\u010den u opseg isporuke. Osim toga, na\u0161a polica za knjige opremljena je za\u0161titom od prevrtanja za ve\u0107u sigurnost. Jastu\u010di\u0107i za police \u0161tite va\u0161 pod od ogrebotina i o\u0161te\u0107enja. Nemojte dugo razmi\u0161ljati i ve\u0107 danas kupite svoju policu za ugodnije \u010ditanje nakon posla.\",\"breadcrumb\":{\"@id\":\"https:\/\/inti.hr\/bs\/proizvod\/jednostavna-polica-s-8-pretinaca\/#breadcrumb\"},\"inLanguage\":\"bs-BA\",\"potentialAction\":[{\"@type\":\"ReadAction\",\"target\":[\"https:\/\/inti.hr\/bs\/proizvod\/jednostavna-polica-s-8-pretinaca\/\"]}]},{\"@type\":\"ImageObject\",\"inLanguage\":\"bs-BA\",\"@id\":\"https:\/\/inti.hr\/bs\/proizvod\/jednostavna-polica-s-8-pretinaca\/#primaryimage\",\"url\":\"https:\/\/i0.wp.com\/inti.hr\/wp-content\/uploads\/2024\/02\/Schlichtes-Regal-8-Faecher-Holzoptik-LBC24NL-1-1.jpg?fit=1000%2C1000&ssl=1\",\"contentUrl\":\"https:\/\/i0.wp.com\/inti.hr\/wp-content\/uploads\/2024\/02\/Schlichtes-Regal-8-Faecher-Holzoptik-LBC24NL-1-1.jpg?fit=1000%2C1000&ssl=1\",\"width\":1000,\"height\":1000,\"caption\":\"VASAGLE Jednostavna polica s 8 pretinaca bijela\"},{\"@type\":\"BreadcrumbList\",\"@id\":\"https:\/\/inti.hr\/bs\/proizvod\/jednostavna-polica-s-8-pretinaca\/#breadcrumb\",\"itemListElement\":[{\"@type\":\"ListItem\",\"position\":1,\"name\":\"Po\u010detna stranica\",\"item\":\"https:\/\/inti.hr\/bs\/\"},{\"@type\":\"ListItem\",\"position\":2,\"name\":\"Trgovina\",\"item\":\"https:\/\/inti.hr\/bs\/trgovina\/\"},{\"@type\":\"ListItem\",\"position\":3,\"name\":\"Jednostavna polica s 8 pretinaca\"}]},{\"@type\":\"WebSite\",\"@id\":\"https:\/\/inti.hr\/bs\/#website\",\"url\":\"https:\/\/inti.hr\/bs\/\",\"name\":\"Inti\",\"description\":\"trgovina\",\"potentialAction\":[{\"@type\":\"SearchAction\",\"target\":{\"@type\":\"EntryPoint\",\"urlTemplate\":\"https:\/\/inti.hr\/bs\/?s={search_term_string}\"},\"query-input\":{\"@type\":\"PropertyValueSpecification\",\"valueRequired\":true,\"valueName\":\"search_term_string\"}}],\"inLanguage\":\"bs-BA\"}]}<\/script>\n<!-- \/ Yoast SEO plugin. -->","yoast_head_json":{"title":"Jednostavna polica s 8 pretinaca - Inti","description":"Dajte svojoj kolekciji knjiga prikladno mjesto u svom domu! Na\u0161a polica za knjige savr\u0161ena je nadopuna va\u0161em stilu interijera, a njena boja hrasta stvara prirodnu atmosferu. Bez obzira kakav stil doma imate kod ku\u0107e, bilo da je u stilu country, vintage, industrial ili shabby chic, na\u0161a jednostavna i moderna samostoje\u0107a polica definitivno \u0107e nadopuniti va\u0161 stil. Ovu policu postavite u dje\u010dju sobu za dje\u010dje knjige ili u dnevnu sobu pored stolca za \u010ditanje ili je jednostavno postavite u spava\u0107u sobu. Tako\u0111er je izvrsna polica kao polica za TV.S prilo\u017eenim detaljnim uputama za sastavljanje na nekoliko jezika, ovu je policu vrlo jednostavno sastaviti, \u010dak i za po\u010detnike u sastavljanju. \u0160tovi\u0161e, svi dijelovi su numerirani tako da mo\u017eete brzo prona\u0107i ono \u0161to vam je potrebno. Bo\u010dne plo\u010de su pomaknute s utorima tako da je umetanje stra\u017enje plo\u010de jednostavno. Spojnice se mogu pri\u010dvrstiti na stra\u017enji zid radi ve\u0107e stabilnosti. Zamjenski vijak tako\u0111er je uklju\u010den u opseg isporuke. Osim toga, na\u0161a polica za knjige opremljena je za\u0161titom od prevrtanja za ve\u0107u sigurnost. Jastu\u010di\u0107i za police \u0161tite va\u0161 pod od ogrebotina i o\u0161te\u0107enja. Nemojte dugo razmi\u0161ljati i ve\u0107 danas kupite svoju policu za ugodnije \u010ditanje nakon posla.","robots":{"index":"index","follow":"follow","max-snippet":"max-snippet:-1","max-image-preview":"max-image-preview:large","max-video-preview":"max-video-preview:-1"},"canonical":"https:\/\/inti.hr\/bs\/proizvod\/jednostavna-polica-s-8-pretinaca\/","og_locale":"bs_BA","og_type":"article","og_title":"Jednostavna polica s 8 pretinaca - Inti","og_description":"Dajte svojoj kolekciji knjiga prikladno mjesto u svom domu! Na\u0161a polica za knjige savr\u0161ena je nadopuna va\u0161em stilu interijera, a njena boja hrasta stvara prirodnu atmosferu. Bez obzira kakav stil doma imate kod ku\u0107e, bilo da je u stilu country, vintage, industrial ili shabby chic, na\u0161a jednostavna i moderna samostoje\u0107a polica definitivno \u0107e nadopuniti va\u0161 stil. Ovu policu postavite u dje\u010dju sobu za dje\u010dje knjige ili u dnevnu sobu pored stolca za \u010ditanje ili je jednostavno postavite u spava\u0107u sobu. Tako\u0111er je izvrsna polica kao polica za TV.S prilo\u017eenim detaljnim uputama za sastavljanje na nekoliko jezika, ovu je policu vrlo jednostavno sastaviti, \u010dak i za po\u010detnike u sastavljanju. \u0160tovi\u0161e, svi dijelovi su numerirani tako da mo\u017eete brzo prona\u0107i ono \u0161to vam je potrebno. Bo\u010dne plo\u010de su pomaknute s utorima tako da je umetanje stra\u017enje plo\u010de jednostavno. Spojnice se mogu pri\u010dvrstiti na stra\u017enji zid radi ve\u0107e stabilnosti. Zamjenski vijak tako\u0111er je uklju\u010den u opseg isporuke. Osim toga, na\u0161a polica za knjige opremljena je za\u0161titom od prevrtanja za ve\u0107u sigurnost. Jastu\u010di\u0107i za police \u0161tite va\u0161 pod od ogrebotina i o\u0161te\u0107enja. Nemojte dugo razmi\u0161ljati i ve\u0107 danas kupite svoju policu za ugodnije \u010ditanje nakon posla.","og_url":"https:\/\/inti.hr\/bs\/proizvod\/jednostavna-polica-s-8-pretinaca\/","og_site_name":"Inti","og_image":[{"width":1000,"height":1000,"url":"https:\/\/i0.wp.com\/inti.hr\/wp-content\/uploads\/2024\/02\/Schlichtes-Regal-8-Faecher-Holzoptik-LBC24NL-1-1.jpg?fit=1000%2C1000&ssl=1","type":"image\/jpeg"}],"twitter_card":"summary_large_image","schema":{"@context":"https:\/\/schema.org","@graph":[{"@type":"WebPage","@id":"https:\/\/inti.hr\/bs\/proizvod\/jednostavna-polica-s-8-pretinaca\/","url":"https:\/\/inti.hr\/bs\/proizvod\/jednostavna-polica-s-8-pretinaca\/","name":"Jednostavna polica s 8 pretinaca - Inti","isPartOf":{"@id":"https:\/\/inti.hr\/bs\/#website"},"primaryImageOfPage":{"@id":"https:\/\/inti.hr\/bs\/proizvod\/jednostavna-polica-s-8-pretinaca\/#primaryimage"},"image":{"@id":"https:\/\/inti.hr\/bs\/proizvod\/jednostavna-polica-s-8-pretinaca\/#primaryimage"},"thumbnailUrl":"https:\/\/i0.wp.com\/inti.hr\/wp-content\/uploads\/2024\/02\/Schlichtes-Regal-8-Faecher-Holzoptik-LBC24NL-1-1.jpg?fit=1000%2C1000&ssl=1","datePublished":"2024-02-13T10:19:16+00:00","dateModified":"2024-02-13T10:19:16+00:00","description":"Dajte svojoj kolekciji knjiga prikladno mjesto u svom domu! Na\u0161a polica za knjige savr\u0161ena je nadopuna va\u0161em stilu interijera, a njena boja hrasta stvara prirodnu atmosferu. Bez obzira kakav stil doma imate kod ku\u0107e, bilo da je u stilu country, vintage, industrial ili shabby chic, na\u0161a jednostavna i moderna samostoje\u0107a polica definitivno \u0107e nadopuniti va\u0161 stil. Ovu policu postavite u dje\u010dju sobu za dje\u010dje knjige ili u dnevnu sobu pored stolca za \u010ditanje ili je jednostavno postavite u spava\u0107u sobu. Tako\u0111er je izvrsna polica kao polica za TV.S prilo\u017eenim detaljnim uputama za sastavljanje na nekoliko jezika, ovu je policu vrlo jednostavno sastaviti, \u010dak i za po\u010detnike u sastavljanju. \u0160tovi\u0161e, svi dijelovi su numerirani tako da mo\u017eete brzo prona\u0107i ono \u0161to vam je potrebno. Bo\u010dne plo\u010de su pomaknute s utorima tako da je umetanje stra\u017enje plo\u010de jednostavno. Spojnice se mogu pri\u010dvrstiti na stra\u017enji zid radi ve\u0107e stabilnosti. Zamjenski vijak tako\u0111er je uklju\u010den u opseg isporuke. Osim toga, na\u0161a polica za knjige opremljena je za\u0161titom od prevrtanja za ve\u0107u sigurnost. Jastu\u010di\u0107i za police \u0161tite va\u0161 pod od ogrebotina i o\u0161te\u0107enja. Nemojte dugo razmi\u0161ljati i ve\u0107 danas kupite svoju policu za ugodnije \u010ditanje nakon posla.","breadcrumb":{"@id":"https:\/\/inti.hr\/bs\/proizvod\/jednostavna-polica-s-8-pretinaca\/#breadcrumb"},"inLanguage":"bs-BA","potentialAction":[{"@type":"ReadAction","target":["https:\/\/inti.hr\/bs\/proizvod\/jednostavna-polica-s-8-pretinaca\/"]}]},{"@type":"ImageObject","inLanguage":"bs-BA","@id":"https:\/\/inti.hr\/bs\/proizvod\/jednostavna-polica-s-8-pretinaca\/#primaryimage","url":"https:\/\/i0.wp.com\/inti.hr\/wp-content\/uploads\/2024\/02\/Schlichtes-Regal-8-Faecher-Holzoptik-LBC24NL-1-1.jpg?fit=1000%2C1000&ssl=1","contentUrl":"https:\/\/i0.wp.com\/inti.hr\/wp-content\/uploads\/2024\/02\/Schlichtes-Regal-8-Faecher-Holzoptik-LBC24NL-1-1.jpg?fit=1000%2C1000&ssl=1","width":1000,"height":1000,"caption":"VASAGLE Jednostavna polica s 8 pretinaca bijela"},{"@type":"BreadcrumbList","@id":"https:\/\/inti.hr\/bs\/proizvod\/jednostavna-polica-s-8-pretinaca\/#breadcrumb","itemListElement":[{"@type":"ListItem","position":1,"name":"Po\u010detna stranica","item":"https:\/\/inti.hr\/bs\/"},{"@type":"ListItem","position":2,"name":"Trgovina","item":"https:\/\/inti.hr\/bs\/trgovina\/"},{"@type":"ListItem","position":3,"name":"Jednostavna polica s 8 pretinaca"}]},{"@type":"WebSite","@id":"https:\/\/inti.hr\/bs\/#website","url":"https:\/\/inti.hr\/bs\/","name":"Inti","description":"trgovina","potentialAction":[{"@type":"SearchAction","target":{"@type":"EntryPoint","urlTemplate":"https:\/\/inti.hr\/bs\/?s={search_term_string}"},"query-input":{"@type":"PropertyValueSpecification","valueRequired":true,"valueName":"search_term_string"}}],"inLanguage":"bs-BA"}]}},"jetpack_sharing_enabled":true,"jetpack-related-posts":[],"_links":{"self":[{"href":"https:\/\/inti.hr\/bs\/wp-json\/wp\/v2\/product\/36219"}],"collection":[{"href":"https:\/\/inti.hr\/bs\/wp-json\/wp\/v2\/product"}],"about":[{"href":"https:\/\/inti.hr\/bs\/wp-json\/wp\/v2\/types\/product"}],"wp:featuredmedia":[{"embeddable":true,"href":"https:\/\/inti.hr\/bs\/wp-json\/wp\/v2\/media\/36220"}],"wp:attachment":[{"href":"https:\/\/inti.hr\/bs\/wp-json\/wp\/v2\/media?parent=36219"}],"wp:term":[{"taxonomy":"product_cat","embeddable":true,"href":"https:\/\/inti.hr\/bs\/wp-json\/wp\/v2\/product_cat?post=36219"},{"taxonomy":"product_tag","embeddable":true,"href":"https:\/\/inti.hr\/bs\/wp-json\/wp\/v2\/product_tag?post=36219"}],"curies":[{"name":"wp","href":"https:\/\/api.w.org\/{rel}","templated":true}]}}