{"id":36227,"date":"2024-02-12T10:24:14","date_gmt":"2024-02-12T09:24:14","guid":{"rendered":"https:\/\/inti.hr\/product\/gabion-100-x-90-x-30-cm\/"},"modified":"2024-02-12T10:24:14","modified_gmt":"2024-02-12T09:24:14","slug":"gabion-100-x-90-x-30-cm","status":"publish","type":"product","link":"https:\/\/inti.hr\/bs\/proizvod\/gabion-100-x-90-x-30-cm\/","title":{"rendered":"Gabion  100 x 90 x 30 cm"},"content":{"rendered":"<p>&#8211; Boja: srebrna<br \/>\n&#8211; Materijal: 40-60 g\/m\u00b2 pocin\u010dani \u010delik<br \/>\n&#8211; Veli\u010dina: 100 x 90 x 30 cm (D x \u0160 x V)<br \/>\n&#8211; Veli\u010dina pojedina\u010dnih uboda: 5 x 10 cm<br \/>\n&#8211; Promjer metala \u017eica: 4 mm<br \/>\n&#8211; Duljina kukica: 30 cm<br \/>\n&#8211; Razmak po spirali: 5 cm<br \/>\n&#8211; Te\u017eina: 11,9 kg<\/p>\n","protected":false},"excerpt":{"rendered":"<p>Ukrasite svoj vrt ovim kamenim gabionom dimenzija 100 x 90 x &#8230; <\/p>\n","protected":false},"featured_media":36228,"template":"","meta":[],"product_cat":[2452],"product_tag":[4734,2455,3683,2558],"yoast_head":"<!-- This site is optimized with the Yoast SEO plugin v23.7 - https:\/\/yoast.com\/wordpress\/plugins\/seo\/ -->\n<title>Gabion 100 x 90 x 30 cm - Inti<\/title>\n<meta name=\"description\" content=\"Ukrasite svoj vrt ovim kamenim gabionom dimenzija 100 x 90 x 30 cm i stvorite oazu opu\u0161tanja koja odra\u017eava va\u0161u osobnost. Nakon \u0161to odlu\u010dite gdje \u017eelite postaviti gabion, mo\u017eete ga brzo postaviti. Napunite \u017ei\u010danu ogradu kamenjem i pri\u010dvrstite distantne kuke prije zatvaranja gabiona. Opona\u0161aju\u0107i princip cementa i opeke, stvarate alternativu koja \u0161tedi vi\u0161e vremena i koja tako\u0111er izgleda bolje.Ovaj \u010dvrsti kameni gabion izra\u0111en od pocin\u010danog \u010delika prikladan je za sve va\u0161e potrebe: izradite kamenu klupu za svoje vrtne zabave ili za\u0161titu za svoj zid od prirodnog kamena. Naru\u010duju\u0107i nekoliko gabiona istovremeno, mo\u017eete stvoriti mediteranski kamenjar s rasko\u0161nim cvije\u0107em i kaduljom.Pustite svojoj kreativnosti na volju i o\u017eivite sve svoje vrtne snove s ovim gabionom!\" \/>\n<meta name=\"robots\" content=\"index, follow, max-snippet:-1, max-image-preview:large, max-video-preview:-1\" \/>\n<link rel=\"canonical\" href=\"https:\/\/inti.hr\/bs\/proizvod\/gabion-100-x-90-x-30-cm\/\" \/>\n<meta property=\"og:locale\" content=\"bs_BA\" \/>\n<meta property=\"og:type\" content=\"article\" \/>\n<meta property=\"og:title\" content=\"Gabion 100 x 90 x 30 cm - Inti\" \/>\n<meta property=\"og:description\" content=\"Ukrasite svoj vrt ovim kamenim gabionom dimenzija 100 x 90 x 30 cm i stvorite oazu opu\u0161tanja koja odra\u017eava va\u0161u osobnost. Nakon \u0161to odlu\u010dite gdje \u017eelite postaviti gabion, mo\u017eete ga brzo postaviti. Napunite \u017ei\u010danu ogradu kamenjem i pri\u010dvrstite distantne kuke prije zatvaranja gabiona. Opona\u0161aju\u0107i princip cementa i opeke, stvarate alternativu koja \u0161tedi vi\u0161e vremena i koja tako\u0111er izgleda bolje.Ovaj \u010dvrsti kameni gabion izra\u0111en od pocin\u010danog \u010delika prikladan je za sve va\u0161e potrebe: izradite kamenu klupu za svoje vrtne zabave ili za\u0161titu za svoj zid od prirodnog kamena. Naru\u010duju\u0107i nekoliko gabiona istovremeno, mo\u017eete stvoriti mediteranski kamenjar s rasko\u0161nim cvije\u0107em i kaduljom.Pustite svojoj kreativnosti na volju i o\u017eivite sve svoje vrtne snove s ovim gabionom!\" \/>\n<meta property=\"og:url\" content=\"https:\/\/inti.hr\/bs\/proizvod\/gabion-100-x-90-x-30-cm\/\" \/>\n<meta property=\"og:site_name\" content=\"Inti\" \/>\n<meta property=\"og:image\" content=\"https:\/\/i0.wp.com\/inti.hr\/wp-content\/uploads\/2024\/02\/GGB193-1.jpg?fit=1000%2C1000&ssl=1\" \/>\n\t<meta property=\"og:image:width\" content=\"1000\" \/>\n\t<meta property=\"og:image:height\" content=\"1000\" \/>\n\t<meta property=\"og:image:type\" content=\"image\/jpeg\" \/>\n<meta name=\"twitter:card\" content=\"summary_large_image\" \/>\n<script type=\"application\/ld+json\" class=\"yoast-schema-graph\">{\"@context\":\"https:\/\/schema.org\",\"@graph\":[{\"@type\":\"WebPage\",\"@id\":\"https:\/\/inti.hr\/bs\/proizvod\/gabion-100-x-90-x-30-cm\/\",\"url\":\"https:\/\/inti.hr\/bs\/proizvod\/gabion-100-x-90-x-30-cm\/\",\"name\":\"Gabion 100 x 90 x 30 cm - Inti\",\"isPartOf\":{\"@id\":\"https:\/\/inti.hr\/bs\/#website\"},\"primaryImageOfPage\":{\"@id\":\"https:\/\/inti.hr\/bs\/proizvod\/gabion-100-x-90-x-30-cm\/#primaryimage\"},\"image\":{\"@id\":\"https:\/\/inti.hr\/bs\/proizvod\/gabion-100-x-90-x-30-cm\/#primaryimage\"},\"thumbnailUrl\":\"https:\/\/i0.wp.com\/inti.hr\/wp-content\/uploads\/2024\/02\/GGB193-1.jpg?fit=1000%2C1000&ssl=1\",\"datePublished\":\"2024-02-12T09:24:14+00:00\",\"dateModified\":\"2024-02-12T09:24:14+00:00\",\"description\":\"Ukrasite svoj vrt ovim kamenim gabionom dimenzija 100 x 90 x 30 cm i stvorite oazu opu\u0161tanja koja odra\u017eava va\u0161u osobnost. Nakon \u0161to odlu\u010dite gdje \u017eelite postaviti gabion, mo\u017eete ga brzo postaviti. Napunite \u017ei\u010danu ogradu kamenjem i pri\u010dvrstite distantne kuke prije zatvaranja gabiona. Opona\u0161aju\u0107i princip cementa i opeke, stvarate alternativu koja \u0161tedi vi\u0161e vremena i koja tako\u0111er izgleda bolje.Ovaj \u010dvrsti kameni gabion izra\u0111en od pocin\u010danog \u010delika prikladan je za sve va\u0161e potrebe: izradite kamenu klupu za svoje vrtne zabave ili za\u0161titu za svoj zid od prirodnog kamena. Naru\u010duju\u0107i nekoliko gabiona istovremeno, mo\u017eete stvoriti mediteranski kamenjar s rasko\u0161nim cvije\u0107em i kaduljom.Pustite svojoj kreativnosti na volju i o\u017eivite sve svoje vrtne snove s ovim gabionom!\",\"breadcrumb\":{\"@id\":\"https:\/\/inti.hr\/bs\/proizvod\/gabion-100-x-90-x-30-cm\/#breadcrumb\"},\"inLanguage\":\"bs-BA\",\"potentialAction\":[{\"@type\":\"ReadAction\",\"target\":[\"https:\/\/inti.hr\/bs\/proizvod\/gabion-100-x-90-x-30-cm\/\"]}]},{\"@type\":\"ImageObject\",\"inLanguage\":\"bs-BA\",\"@id\":\"https:\/\/inti.hr\/bs\/proizvod\/gabion-100-x-90-x-30-cm\/#primaryimage\",\"url\":\"https:\/\/i0.wp.com\/inti.hr\/wp-content\/uploads\/2024\/02\/GGB193-1.jpg?fit=1000%2C1000&ssl=1\",\"contentUrl\":\"https:\/\/i0.wp.com\/inti.hr\/wp-content\/uploads\/2024\/02\/GGB193-1.jpg?fit=1000%2C1000&ssl=1\",\"width\":1000,\"height\":1000},{\"@type\":\"BreadcrumbList\",\"@id\":\"https:\/\/inti.hr\/bs\/proizvod\/gabion-100-x-90-x-30-cm\/#breadcrumb\",\"itemListElement\":[{\"@type\":\"ListItem\",\"position\":1,\"name\":\"Po\u010detna stranica\",\"item\":\"https:\/\/inti.hr\/bs\/\"},{\"@type\":\"ListItem\",\"position\":2,\"name\":\"Trgovina\",\"item\":\"https:\/\/inti.hr\/bs\/trgovina\/\"},{\"@type\":\"ListItem\",\"position\":3,\"name\":\"Gabion 100 x 90 x 30 cm\"}]},{\"@type\":\"WebSite\",\"@id\":\"https:\/\/inti.hr\/bs\/#website\",\"url\":\"https:\/\/inti.hr\/bs\/\",\"name\":\"Inti\",\"description\":\"trgovina\",\"potentialAction\":[{\"@type\":\"SearchAction\",\"target\":{\"@type\":\"EntryPoint\",\"urlTemplate\":\"https:\/\/inti.hr\/bs\/?s={search_term_string}\"},\"query-input\":{\"@type\":\"PropertyValueSpecification\",\"valueRequired\":true,\"valueName\":\"search_term_string\"}}],\"inLanguage\":\"bs-BA\"}]}<\/script>\n<!-- \/ Yoast SEO plugin. -->","yoast_head_json":{"title":"Gabion 100 x 90 x 30 cm - Inti","description":"Ukrasite svoj vrt ovim kamenim gabionom dimenzija 100 x 90 x 30 cm i stvorite oazu opu\u0161tanja koja odra\u017eava va\u0161u osobnost. Nakon \u0161to odlu\u010dite gdje \u017eelite postaviti gabion, mo\u017eete ga brzo postaviti. Napunite \u017ei\u010danu ogradu kamenjem i pri\u010dvrstite distantne kuke prije zatvaranja gabiona. Opona\u0161aju\u0107i princip cementa i opeke, stvarate alternativu koja \u0161tedi vi\u0161e vremena i koja tako\u0111er izgleda bolje.Ovaj \u010dvrsti kameni gabion izra\u0111en od pocin\u010danog \u010delika prikladan je za sve va\u0161e potrebe: izradite kamenu klupu za svoje vrtne zabave ili za\u0161titu za svoj zid od prirodnog kamena. Naru\u010duju\u0107i nekoliko gabiona istovremeno, mo\u017eete stvoriti mediteranski kamenjar s rasko\u0161nim cvije\u0107em i kaduljom.Pustite svojoj kreativnosti na volju i o\u017eivite sve svoje vrtne snove s ovim gabionom!","robots":{"index":"index","follow":"follow","max-snippet":"max-snippet:-1","max-image-preview":"max-image-preview:large","max-video-preview":"max-video-preview:-1"},"canonical":"https:\/\/inti.hr\/bs\/proizvod\/gabion-100-x-90-x-30-cm\/","og_locale":"bs_BA","og_type":"article","og_title":"Gabion 100 x 90 x 30 cm - Inti","og_description":"Ukrasite svoj vrt ovim kamenim gabionom dimenzija 100 x 90 x 30 cm i stvorite oazu opu\u0161tanja koja odra\u017eava va\u0161u osobnost. Nakon \u0161to odlu\u010dite gdje \u017eelite postaviti gabion, mo\u017eete ga brzo postaviti. Napunite \u017ei\u010danu ogradu kamenjem i pri\u010dvrstite distantne kuke prije zatvaranja gabiona. Opona\u0161aju\u0107i princip cementa i opeke, stvarate alternativu koja \u0161tedi vi\u0161e vremena i koja tako\u0111er izgleda bolje.Ovaj \u010dvrsti kameni gabion izra\u0111en od pocin\u010danog \u010delika prikladan je za sve va\u0161e potrebe: izradite kamenu klupu za svoje vrtne zabave ili za\u0161titu za svoj zid od prirodnog kamena. Naru\u010duju\u0107i nekoliko gabiona istovremeno, mo\u017eete stvoriti mediteranski kamenjar s rasko\u0161nim cvije\u0107em i kaduljom.Pustite svojoj kreativnosti na volju i o\u017eivite sve svoje vrtne snove s ovim gabionom!","og_url":"https:\/\/inti.hr\/bs\/proizvod\/gabion-100-x-90-x-30-cm\/","og_site_name":"Inti","og_image":[{"width":1000,"height":1000,"url":"https:\/\/i0.wp.com\/inti.hr\/wp-content\/uploads\/2024\/02\/GGB193-1.jpg?fit=1000%2C1000&ssl=1","type":"image\/jpeg"}],"twitter_card":"summary_large_image","schema":{"@context":"https:\/\/schema.org","@graph":[{"@type":"WebPage","@id":"https:\/\/inti.hr\/bs\/proizvod\/gabion-100-x-90-x-30-cm\/","url":"https:\/\/inti.hr\/bs\/proizvod\/gabion-100-x-90-x-30-cm\/","name":"Gabion 100 x 90 x 30 cm - Inti","isPartOf":{"@id":"https:\/\/inti.hr\/bs\/#website"},"primaryImageOfPage":{"@id":"https:\/\/inti.hr\/bs\/proizvod\/gabion-100-x-90-x-30-cm\/#primaryimage"},"image":{"@id":"https:\/\/inti.hr\/bs\/proizvod\/gabion-100-x-90-x-30-cm\/#primaryimage"},"thumbnailUrl":"https:\/\/i0.wp.com\/inti.hr\/wp-content\/uploads\/2024\/02\/GGB193-1.jpg?fit=1000%2C1000&ssl=1","datePublished":"2024-02-12T09:24:14+00:00","dateModified":"2024-02-12T09:24:14+00:00","description":"Ukrasite svoj vrt ovim kamenim gabionom dimenzija 100 x 90 x 30 cm i stvorite oazu opu\u0161tanja koja odra\u017eava va\u0161u osobnost. Nakon \u0161to odlu\u010dite gdje \u017eelite postaviti gabion, mo\u017eete ga brzo postaviti. Napunite \u017ei\u010danu ogradu kamenjem i pri\u010dvrstite distantne kuke prije zatvaranja gabiona. Opona\u0161aju\u0107i princip cementa i opeke, stvarate alternativu koja \u0161tedi vi\u0161e vremena i koja tako\u0111er izgleda bolje.Ovaj \u010dvrsti kameni gabion izra\u0111en od pocin\u010danog \u010delika prikladan je za sve va\u0161e potrebe: izradite kamenu klupu za svoje vrtne zabave ili za\u0161titu za svoj zid od prirodnog kamena. Naru\u010duju\u0107i nekoliko gabiona istovremeno, mo\u017eete stvoriti mediteranski kamenjar s rasko\u0161nim cvije\u0107em i kaduljom.Pustite svojoj kreativnosti na volju i o\u017eivite sve svoje vrtne snove s ovim gabionom!","breadcrumb":{"@id":"https:\/\/inti.hr\/bs\/proizvod\/gabion-100-x-90-x-30-cm\/#breadcrumb"},"inLanguage":"bs-BA","potentialAction":[{"@type":"ReadAction","target":["https:\/\/inti.hr\/bs\/proizvod\/gabion-100-x-90-x-30-cm\/"]}]},{"@type":"ImageObject","inLanguage":"bs-BA","@id":"https:\/\/inti.hr\/bs\/proizvod\/gabion-100-x-90-x-30-cm\/#primaryimage","url":"https:\/\/i0.wp.com\/inti.hr\/wp-content\/uploads\/2024\/02\/GGB193-1.jpg?fit=1000%2C1000&ssl=1","contentUrl":"https:\/\/i0.wp.com\/inti.hr\/wp-content\/uploads\/2024\/02\/GGB193-1.jpg?fit=1000%2C1000&ssl=1","width":1000,"height":1000},{"@type":"BreadcrumbList","@id":"https:\/\/inti.hr\/bs\/proizvod\/gabion-100-x-90-x-30-cm\/#breadcrumb","itemListElement":[{"@type":"ListItem","position":1,"name":"Po\u010detna stranica","item":"https:\/\/inti.hr\/bs\/"},{"@type":"ListItem","position":2,"name":"Trgovina","item":"https:\/\/inti.hr\/bs\/trgovina\/"},{"@type":"ListItem","position":3,"name":"Gabion 100 x 90 x 30 cm"}]},{"@type":"WebSite","@id":"https:\/\/inti.hr\/bs\/#website","url":"https:\/\/inti.hr\/bs\/","name":"Inti","description":"trgovina","potentialAction":[{"@type":"SearchAction","target":{"@type":"EntryPoint","urlTemplate":"https:\/\/inti.hr\/bs\/?s={search_term_string}"},"query-input":{"@type":"PropertyValueSpecification","valueRequired":true,"valueName":"search_term_string"}}],"inLanguage":"bs-BA"}]}},"jetpack_sharing_enabled":true,"jetpack-related-posts":[],"_links":{"self":[{"href":"https:\/\/inti.hr\/bs\/wp-json\/wp\/v2\/product\/36227"}],"collection":[{"href":"https:\/\/inti.hr\/bs\/wp-json\/wp\/v2\/product"}],"about":[{"href":"https:\/\/inti.hr\/bs\/wp-json\/wp\/v2\/types\/product"}],"wp:featuredmedia":[{"embeddable":true,"href":"https:\/\/inti.hr\/bs\/wp-json\/wp\/v2\/media\/36228"}],"wp:attachment":[{"href":"https:\/\/inti.hr\/bs\/wp-json\/wp\/v2\/media?parent=36227"}],"wp:term":[{"taxonomy":"product_cat","embeddable":true,"href":"https:\/\/inti.hr\/bs\/wp-json\/wp\/v2\/product_cat?post=36227"},{"taxonomy":"product_tag","embeddable":true,"href":"https:\/\/inti.hr\/bs\/wp-json\/wp\/v2\/product_tag?post=36227"}],"curies":[{"name":"wp","href":"https:\/\/api.w.org\/{rel}","templated":true}]}}