{"id":36263,"date":"2024-02-09T09:34:30","date_gmt":"2024-02-09T08:34:30","guid":{"rendered":"https:\/\/inti.hr\/product\/celicni-ormar-za-pohranu\/"},"modified":"2024-02-09T09:34:30","modified_gmt":"2024-02-09T08:34:30","slug":"celicni-ormar-za-pohranu","status":"publish","type":"product","link":"https:\/\/inti.hr\/bs\/proizvod\/celicni-ormar-za-pohranu\/","title":{"rendered":"\u010celi\u010dni ormar za pohranu"},"content":{"rendered":"<p>Detalji proizvoda:<\/p>\n<p>Crna boja, bijela i siva<br \/>\nMaterijal: \u010delik oblo\u017een prahom<br \/>\nVeli\u010dina: 40 x 80 x 180 cm (D x \u0160 x V)<br \/>\nTe\u017eina: 40,5 kg<br \/>\nMaksimalna stati\u010dka nosivost po polici: 25 kg<\/p>\n","protected":false},"excerpt":{"rendered":"<p>Koristite ovaj metalni ormari\u0107 u svojoj radnoj sobi za pohranjivanje datoteka &#8230; <\/p>\n","protected":false},"featured_media":36264,"template":"","meta":[],"product_cat":[2436],"product_tag":[2826,2654],"yoast_head":"<!-- This site is optimized with the Yoast SEO plugin v23.7 - https:\/\/yoast.com\/wordpress\/plugins\/seo\/ -->\n<title>\u010celi\u010dni ormar za pohranu - Inti<\/title>\n<meta name=\"description\" content=\"Koristite ovaj metalni ormari\u0107 u svojoj radnoj sobi za pohranjivanje datoteka i dokumenata, stvaranje organiziranog radnog prostora ili pohranjivanje alata, knjiga itd. u spremi\u0161te i sakrivanje nereda. 4 police ovog vi\u0161enamjenskog ormari\u0107a podesive su po visini, \u0161to vam omogu\u0107uje spremanje predmeta razli\u010ditih veli\u010dina. \u010celi\u010dna brava otporna je na hr\u0111u, \u010dvrsta je i otporna na habanje, pru\u017ea visok sigurnosni faktor za za\u0161titu va\u0161ih osobnih stvari. Ovaj ormar za dokumente (40 x 80 x 180 cm) izra\u0111en je od \u010delika visoke \u010dvrsto\u0107e i svaka polica mo\u017ee dr\u017eati do 25 kg. Sna\u017ean je i izdr\u017eljiv i trajat \u0107e vam mnogo godina. Ovaj vi\u0161enamjenski ormari\u0107 izra\u0111en je od \u010delika oblo\u017eenog prahom i otpornog na hr\u0111u, koji \u0161titi od ulja i otisaka prstiju. Povr\u0161ina se lako \u010disti i ostaje kao nova \u010dak i uz redovitu uporabu.\u00a0\" \/>\n<meta name=\"robots\" content=\"index, follow, max-snippet:-1, max-image-preview:large, max-video-preview:-1\" \/>\n<link rel=\"canonical\" href=\"https:\/\/inti.hr\/bs\/proizvod\/celicni-ormar-za-pohranu\/\" \/>\n<meta property=\"og:locale\" content=\"bs_BA\" \/>\n<meta property=\"og:type\" content=\"article\" \/>\n<meta property=\"og:title\" content=\"\u010celi\u010dni ormar za pohranu - Inti\" \/>\n<meta property=\"og:description\" content=\"Koristite ovaj metalni ormari\u0107 u svojoj radnoj sobi za pohranjivanje datoteka i dokumenata, stvaranje organiziranog radnog prostora ili pohranjivanje alata, knjiga itd. u spremi\u0161te i sakrivanje nereda. 4 police ovog vi\u0161enamjenskog ormari\u0107a podesive su po visini, \u0161to vam omogu\u0107uje spremanje predmeta razli\u010ditih veli\u010dina. \u010celi\u010dna brava otporna je na hr\u0111u, \u010dvrsta je i otporna na habanje, pru\u017ea visok sigurnosni faktor za za\u0161titu va\u0161ih osobnih stvari. Ovaj ormar za dokumente (40 x 80 x 180 cm) izra\u0111en je od \u010delika visoke \u010dvrsto\u0107e i svaka polica mo\u017ee dr\u017eati do 25 kg. Sna\u017ean je i izdr\u017eljiv i trajat \u0107e vam mnogo godina. Ovaj vi\u0161enamjenski ormari\u0107 izra\u0111en je od \u010delika oblo\u017eenog prahom i otpornog na hr\u0111u, koji \u0161titi od ulja i otisaka prstiju. Povr\u0161ina se lako \u010disti i ostaje kao nova \u010dak i uz redovitu uporabu.\u00a0\" \/>\n<meta property=\"og:url\" content=\"https:\/\/inti.hr\/bs\/proizvod\/celicni-ormar-za-pohranu\/\" \/>\n<meta property=\"og:site_name\" content=\"Inti\" \/>\n<meta property=\"og:image\" content=\"https:\/\/i0.wp.com\/inti.hr\/wp-content\/uploads\/2024\/02\/OMC015B01-2-e1707466889571.jpg?fit=800%2C905&ssl=1\" \/>\n\t<meta property=\"og:image:width\" content=\"800\" \/>\n\t<meta property=\"og:image:height\" content=\"905\" \/>\n\t<meta property=\"og:image:type\" content=\"image\/jpeg\" \/>\n<meta name=\"twitter:card\" content=\"summary_large_image\" \/>\n<script type=\"application\/ld+json\" class=\"yoast-schema-graph\">{\"@context\":\"https:\/\/schema.org\",\"@graph\":[{\"@type\":\"WebPage\",\"@id\":\"https:\/\/inti.hr\/bs\/proizvod\/celicni-ormar-za-pohranu\/\",\"url\":\"https:\/\/inti.hr\/bs\/proizvod\/celicni-ormar-za-pohranu\/\",\"name\":\"\u010celi\u010dni ormar za pohranu - Inti\",\"isPartOf\":{\"@id\":\"https:\/\/inti.hr\/bs\/#website\"},\"primaryImageOfPage\":{\"@id\":\"https:\/\/inti.hr\/bs\/proizvod\/celicni-ormar-za-pohranu\/#primaryimage\"},\"image\":{\"@id\":\"https:\/\/inti.hr\/bs\/proizvod\/celicni-ormar-za-pohranu\/#primaryimage\"},\"thumbnailUrl\":\"https:\/\/i0.wp.com\/inti.hr\/wp-content\/uploads\/2024\/02\/OMC015B01-2-e1707466889571.jpg?fit=800%2C905&ssl=1\",\"datePublished\":\"2024-02-09T08:34:30+00:00\",\"dateModified\":\"2024-02-09T08:34:30+00:00\",\"description\":\"Koristite ovaj metalni ormari\u0107 u svojoj radnoj sobi za pohranjivanje datoteka i dokumenata, stvaranje organiziranog radnog prostora ili pohranjivanje alata, knjiga itd. u spremi\u0161te i sakrivanje nereda. 4 police ovog vi\u0161enamjenskog ormari\u0107a podesive su po visini, \u0161to vam omogu\u0107uje spremanje predmeta razli\u010ditih veli\u010dina. \u010celi\u010dna brava otporna je na hr\u0111u, \u010dvrsta je i otporna na habanje, pru\u017ea visok sigurnosni faktor za za\u0161titu va\u0161ih osobnih stvari. Ovaj ormar za dokumente (40 x 80 x 180 cm) izra\u0111en je od \u010delika visoke \u010dvrsto\u0107e i svaka polica mo\u017ee dr\u017eati do 25 kg. Sna\u017ean je i izdr\u017eljiv i trajat \u0107e vam mnogo godina. Ovaj vi\u0161enamjenski ormari\u0107 izra\u0111en je od \u010delika oblo\u017eenog prahom i otpornog na hr\u0111u, koji \u0161titi od ulja i otisaka prstiju. Povr\u0161ina se lako \u010disti i ostaje kao nova \u010dak i uz redovitu uporabu.\u00a0\",\"breadcrumb\":{\"@id\":\"https:\/\/inti.hr\/bs\/proizvod\/celicni-ormar-za-pohranu\/#breadcrumb\"},\"inLanguage\":\"bs-BA\",\"potentialAction\":[{\"@type\":\"ReadAction\",\"target\":[\"https:\/\/inti.hr\/bs\/proizvod\/celicni-ormar-za-pohranu\/\"]}]},{\"@type\":\"ImageObject\",\"inLanguage\":\"bs-BA\",\"@id\":\"https:\/\/inti.hr\/bs\/proizvod\/celicni-ormar-za-pohranu\/#primaryimage\",\"url\":\"https:\/\/i0.wp.com\/inti.hr\/wp-content\/uploads\/2024\/02\/OMC015B01-2-e1707466889571.jpg?fit=800%2C905&ssl=1\",\"contentUrl\":\"https:\/\/i0.wp.com\/inti.hr\/wp-content\/uploads\/2024\/02\/OMC015B01-2-e1707466889571.jpg?fit=800%2C905&ssl=1\",\"width\":800,\"height\":905,\"caption\":\"SONGMICS \u010deli\u010dni gara\u017eni ormar za pohranu sivi\"},{\"@type\":\"BreadcrumbList\",\"@id\":\"https:\/\/inti.hr\/bs\/proizvod\/celicni-ormar-za-pohranu\/#breadcrumb\",\"itemListElement\":[{\"@type\":\"ListItem\",\"position\":1,\"name\":\"Po\u010detna stranica\",\"item\":\"https:\/\/inti.hr\/bs\/\"},{\"@type\":\"ListItem\",\"position\":2,\"name\":\"Trgovina\",\"item\":\"https:\/\/inti.hr\/bs\/trgovina\/\"},{\"@type\":\"ListItem\",\"position\":3,\"name\":\"\u010celi\u010dni ormar za pohranu\"}]},{\"@type\":\"WebSite\",\"@id\":\"https:\/\/inti.hr\/bs\/#website\",\"url\":\"https:\/\/inti.hr\/bs\/\",\"name\":\"Inti\",\"description\":\"trgovina\",\"potentialAction\":[{\"@type\":\"SearchAction\",\"target\":{\"@type\":\"EntryPoint\",\"urlTemplate\":\"https:\/\/inti.hr\/bs\/?s={search_term_string}\"},\"query-input\":{\"@type\":\"PropertyValueSpecification\",\"valueRequired\":true,\"valueName\":\"search_term_string\"}}],\"inLanguage\":\"bs-BA\"}]}<\/script>\n<!-- \/ Yoast SEO plugin. -->","yoast_head_json":{"title":"\u010celi\u010dni ormar za pohranu - Inti","description":"Koristite ovaj metalni ormari\u0107 u svojoj radnoj sobi za pohranjivanje datoteka i dokumenata, stvaranje organiziranog radnog prostora ili pohranjivanje alata, knjiga itd. u spremi\u0161te i sakrivanje nereda. 4 police ovog vi\u0161enamjenskog ormari\u0107a podesive su po visini, \u0161to vam omogu\u0107uje spremanje predmeta razli\u010ditih veli\u010dina. \u010celi\u010dna brava otporna je na hr\u0111u, \u010dvrsta je i otporna na habanje, pru\u017ea visok sigurnosni faktor za za\u0161titu va\u0161ih osobnih stvari. Ovaj ormar za dokumente (40 x 80 x 180 cm) izra\u0111en je od \u010delika visoke \u010dvrsto\u0107e i svaka polica mo\u017ee dr\u017eati do 25 kg. Sna\u017ean je i izdr\u017eljiv i trajat \u0107e vam mnogo godina. Ovaj vi\u0161enamjenski ormari\u0107 izra\u0111en je od \u010delika oblo\u017eenog prahom i otpornog na hr\u0111u, koji \u0161titi od ulja i otisaka prstiju. Povr\u0161ina se lako \u010disti i ostaje kao nova \u010dak i uz redovitu uporabu.\u00a0","robots":{"index":"index","follow":"follow","max-snippet":"max-snippet:-1","max-image-preview":"max-image-preview:large","max-video-preview":"max-video-preview:-1"},"canonical":"https:\/\/inti.hr\/bs\/proizvod\/celicni-ormar-za-pohranu\/","og_locale":"bs_BA","og_type":"article","og_title":"\u010celi\u010dni ormar za pohranu - Inti","og_description":"Koristite ovaj metalni ormari\u0107 u svojoj radnoj sobi za pohranjivanje datoteka i dokumenata, stvaranje organiziranog radnog prostora ili pohranjivanje alata, knjiga itd. u spremi\u0161te i sakrivanje nereda. 4 police ovog vi\u0161enamjenskog ormari\u0107a podesive su po visini, \u0161to vam omogu\u0107uje spremanje predmeta razli\u010ditih veli\u010dina. \u010celi\u010dna brava otporna je na hr\u0111u, \u010dvrsta je i otporna na habanje, pru\u017ea visok sigurnosni faktor za za\u0161titu va\u0161ih osobnih stvari. Ovaj ormar za dokumente (40 x 80 x 180 cm) izra\u0111en je od \u010delika visoke \u010dvrsto\u0107e i svaka polica mo\u017ee dr\u017eati do 25 kg. Sna\u017ean je i izdr\u017eljiv i trajat \u0107e vam mnogo godina. Ovaj vi\u0161enamjenski ormari\u0107 izra\u0111en je od \u010delika oblo\u017eenog prahom i otpornog na hr\u0111u, koji \u0161titi od ulja i otisaka prstiju. Povr\u0161ina se lako \u010disti i ostaje kao nova \u010dak i uz redovitu uporabu.\u00a0","og_url":"https:\/\/inti.hr\/bs\/proizvod\/celicni-ormar-za-pohranu\/","og_site_name":"Inti","og_image":[{"width":800,"height":905,"url":"https:\/\/i0.wp.com\/inti.hr\/wp-content\/uploads\/2024\/02\/OMC015B01-2-e1707466889571.jpg?fit=800%2C905&ssl=1","type":"image\/jpeg"}],"twitter_card":"summary_large_image","schema":{"@context":"https:\/\/schema.org","@graph":[{"@type":"WebPage","@id":"https:\/\/inti.hr\/bs\/proizvod\/celicni-ormar-za-pohranu\/","url":"https:\/\/inti.hr\/bs\/proizvod\/celicni-ormar-za-pohranu\/","name":"\u010celi\u010dni ormar za pohranu - Inti","isPartOf":{"@id":"https:\/\/inti.hr\/bs\/#website"},"primaryImageOfPage":{"@id":"https:\/\/inti.hr\/bs\/proizvod\/celicni-ormar-za-pohranu\/#primaryimage"},"image":{"@id":"https:\/\/inti.hr\/bs\/proizvod\/celicni-ormar-za-pohranu\/#primaryimage"},"thumbnailUrl":"https:\/\/i0.wp.com\/inti.hr\/wp-content\/uploads\/2024\/02\/OMC015B01-2-e1707466889571.jpg?fit=800%2C905&ssl=1","datePublished":"2024-02-09T08:34:30+00:00","dateModified":"2024-02-09T08:34:30+00:00","description":"Koristite ovaj metalni ormari\u0107 u svojoj radnoj sobi za pohranjivanje datoteka i dokumenata, stvaranje organiziranog radnog prostora ili pohranjivanje alata, knjiga itd. u spremi\u0161te i sakrivanje nereda. 4 police ovog vi\u0161enamjenskog ormari\u0107a podesive su po visini, \u0161to vam omogu\u0107uje spremanje predmeta razli\u010ditih veli\u010dina. \u010celi\u010dna brava otporna je na hr\u0111u, \u010dvrsta je i otporna na habanje, pru\u017ea visok sigurnosni faktor za za\u0161titu va\u0161ih osobnih stvari. Ovaj ormar za dokumente (40 x 80 x 180 cm) izra\u0111en je od \u010delika visoke \u010dvrsto\u0107e i svaka polica mo\u017ee dr\u017eati do 25 kg. Sna\u017ean je i izdr\u017eljiv i trajat \u0107e vam mnogo godina. Ovaj vi\u0161enamjenski ormari\u0107 izra\u0111en je od \u010delika oblo\u017eenog prahom i otpornog na hr\u0111u, koji \u0161titi od ulja i otisaka prstiju. Povr\u0161ina se lako \u010disti i ostaje kao nova \u010dak i uz redovitu uporabu.\u00a0","breadcrumb":{"@id":"https:\/\/inti.hr\/bs\/proizvod\/celicni-ormar-za-pohranu\/#breadcrumb"},"inLanguage":"bs-BA","potentialAction":[{"@type":"ReadAction","target":["https:\/\/inti.hr\/bs\/proizvod\/celicni-ormar-za-pohranu\/"]}]},{"@type":"ImageObject","inLanguage":"bs-BA","@id":"https:\/\/inti.hr\/bs\/proizvod\/celicni-ormar-za-pohranu\/#primaryimage","url":"https:\/\/i0.wp.com\/inti.hr\/wp-content\/uploads\/2024\/02\/OMC015B01-2-e1707466889571.jpg?fit=800%2C905&ssl=1","contentUrl":"https:\/\/i0.wp.com\/inti.hr\/wp-content\/uploads\/2024\/02\/OMC015B01-2-e1707466889571.jpg?fit=800%2C905&ssl=1","width":800,"height":905,"caption":"SONGMICS \u010deli\u010dni gara\u017eni ormar za pohranu sivi"},{"@type":"BreadcrumbList","@id":"https:\/\/inti.hr\/bs\/proizvod\/celicni-ormar-za-pohranu\/#breadcrumb","itemListElement":[{"@type":"ListItem","position":1,"name":"Po\u010detna stranica","item":"https:\/\/inti.hr\/bs\/"},{"@type":"ListItem","position":2,"name":"Trgovina","item":"https:\/\/inti.hr\/bs\/trgovina\/"},{"@type":"ListItem","position":3,"name":"\u010celi\u010dni ormar za pohranu"}]},{"@type":"WebSite","@id":"https:\/\/inti.hr\/bs\/#website","url":"https:\/\/inti.hr\/bs\/","name":"Inti","description":"trgovina","potentialAction":[{"@type":"SearchAction","target":{"@type":"EntryPoint","urlTemplate":"https:\/\/inti.hr\/bs\/?s={search_term_string}"},"query-input":{"@type":"PropertyValueSpecification","valueRequired":true,"valueName":"search_term_string"}}],"inLanguage":"bs-BA"}]}},"jetpack_sharing_enabled":true,"jetpack-related-posts":[],"_links":{"self":[{"href":"https:\/\/inti.hr\/bs\/wp-json\/wp\/v2\/product\/36263"}],"collection":[{"href":"https:\/\/inti.hr\/bs\/wp-json\/wp\/v2\/product"}],"about":[{"href":"https:\/\/inti.hr\/bs\/wp-json\/wp\/v2\/types\/product"}],"wp:featuredmedia":[{"embeddable":true,"href":"https:\/\/inti.hr\/bs\/wp-json\/wp\/v2\/media\/36264"}],"wp:attachment":[{"href":"https:\/\/inti.hr\/bs\/wp-json\/wp\/v2\/media?parent=36263"}],"wp:term":[{"taxonomy":"product_cat","embeddable":true,"href":"https:\/\/inti.hr\/bs\/wp-json\/wp\/v2\/product_cat?post=36263"},{"taxonomy":"product_tag","embeddable":true,"href":"https:\/\/inti.hr\/bs\/wp-json\/wp\/v2\/product_tag?post=36263"}],"curies":[{"name":"wp","href":"https:\/\/api.w.org\/{rel}","templated":true}]}}