{"id":36277,"date":"2024-02-08T12:16:45","date_gmt":"2024-02-08T11:16:45","guid":{"rendered":"https:\/\/inti.hr\/product\/konzolni-stol-krodsherad-83x102x36cm\/"},"modified":"2024-02-08T12:16:45","modified_gmt":"2024-02-08T11:16:45","slug":"konzolni-stol-krodsherad-83x102x36cm","status":"publish","type":"product","link":"https:\/\/inti.hr\/bs\/proizvod\/konzolni-stol-krodsherad-83x102x36cm\/","title":{"rendered":"Konzolni stol Kr\u00f8dsherad 83x102x36cm"},"content":{"rendered":"<p>Detalji proizvoda:<\/p>\n<p>&#8211; Izvanredan i bezvremenski dizajn<br \/>\n&#8211; S dva velika i jednim malim skladi\u0161nim prostorom<br \/>\n&#8211; Brza i jednostavna monta\u017ea<br \/>\n&#8211; Svestrana<\/p>\n<p>Dimenzije:<\/p>\n<p>&#8211; Ukupna (Vx\u0160xD): 83 x 102 x 36 cm<br \/>\n&#8211; Duljina male police: 46,5 cm<br \/>\n&#8211; Visina podno\u017eja: 13 cm<\/p>\n<p>Materijal:<\/p>\n<p>&#8211; Okvir: metal<br \/>\n&#8211; Police: MDF<\/p>\n<p>Boja:<\/p>\n<p>&#8211; Okvir: Crni<br \/>\n&#8211; Gornja polica: izgled hrasta<br \/>\n&#8211; Srednja + donja polica: Crni<\/p>\n","protected":false},"excerpt":{"rendered":"<p>Ovaj ukrasni i prakti\u010dni konzolni stol s tri police savr\u0161en je &#8230; <\/p>\n","protected":false},"featured_media":36278,"template":"","meta":[],"product_cat":[2570],"product_tag":[2571,2746,3410],"yoast_head":"<!-- This site is optimized with the Yoast SEO plugin v23.7 - https:\/\/yoast.com\/wordpress\/plugins\/seo\/ -->\n<title>Konzolni stol Kr\u00f8dsherad 83x102x36cm - Inti<\/title>\n<meta name=\"description\" content=\"Ovaj ukrasni i prakti\u010dni konzolni stol s tri police savr\u0161en je za svako ku\u0107anstvo.Svestran je i idealan za upotrebu kao ulazni stol. Ovdje mo\u017eete, primjerice, uredno pohraniti svoje klju\u010deve, po\u0161tu i druge va\u017ene stvari i uvijek ih imati pri ruci.Tako\u0111er ga mo\u017eete koristiti u dnevnoj sobi ili hodniku kako biste sa stilom izlo\u017eili svoje ukrasne predmete.\u010cetiri noge osiguravaju \u010dvrsto postolje i daju stolu bezvremenski i moderan izgled.Uz samo nekoliko jednostavnih koraka, stol za odlaganje \u010dvrsto stoji na mjestu i spreman je za trenutnu upotrebu.\" \/>\n<meta name=\"robots\" content=\"index, follow, max-snippet:-1, max-image-preview:large, max-video-preview:-1\" \/>\n<link rel=\"canonical\" href=\"https:\/\/inti.hr\/bs\/proizvod\/konzolni-stol-krodsherad-83x102x36cm\/\" \/>\n<meta property=\"og:locale\" content=\"bs_BA\" \/>\n<meta property=\"og:type\" content=\"article\" \/>\n<meta property=\"og:title\" content=\"Konzolni stol Kr\u00f8dsherad 83x102x36cm - Inti\" \/>\n<meta property=\"og:description\" content=\"Ovaj ukrasni i prakti\u010dni konzolni stol s tri police savr\u0161en je za svako ku\u0107anstvo.Svestran je i idealan za upotrebu kao ulazni stol. Ovdje mo\u017eete, primjerice, uredno pohraniti svoje klju\u010deve, po\u0161tu i druge va\u017ene stvari i uvijek ih imati pri ruci.Tako\u0111er ga mo\u017eete koristiti u dnevnoj sobi ili hodniku kako biste sa stilom izlo\u017eili svoje ukrasne predmete.\u010cetiri noge osiguravaju \u010dvrsto postolje i daju stolu bezvremenski i moderan izgled.Uz samo nekoliko jednostavnih koraka, stol za odlaganje \u010dvrsto stoji na mjestu i spreman je za trenutnu upotrebu.\" \/>\n<meta property=\"og:url\" content=\"https:\/\/inti.hr\/bs\/proizvod\/konzolni-stol-krodsherad-83x102x36cm\/\" \/>\n<meta property=\"og:site_name\" content=\"Inti\" \/>\n<meta property=\"og:image\" content=\"https:\/\/i0.wp.com\/inti.hr\/wp-content\/uploads\/2024\/02\/e0322d4a9a6ba85512a0a27c306f380b.jpg?fit=1400%2C1400&ssl=1\" \/>\n\t<meta property=\"og:image:width\" content=\"1400\" \/>\n\t<meta property=\"og:image:height\" content=\"1400\" \/>\n\t<meta property=\"og:image:type\" content=\"image\/jpeg\" \/>\n<meta name=\"twitter:card\" content=\"summary_large_image\" \/>\n<script type=\"application\/ld+json\" class=\"yoast-schema-graph\">{\"@context\":\"https:\/\/schema.org\",\"@graph\":[{\"@type\":\"WebPage\",\"@id\":\"https:\/\/inti.hr\/bs\/proizvod\/konzolni-stol-krodsherad-83x102x36cm\/\",\"url\":\"https:\/\/inti.hr\/bs\/proizvod\/konzolni-stol-krodsherad-83x102x36cm\/\",\"name\":\"Konzolni stol Kr\u00f8dsherad 83x102x36cm - Inti\",\"isPartOf\":{\"@id\":\"https:\/\/inti.hr\/bs\/#website\"},\"primaryImageOfPage\":{\"@id\":\"https:\/\/inti.hr\/bs\/proizvod\/konzolni-stol-krodsherad-83x102x36cm\/#primaryimage\"},\"image\":{\"@id\":\"https:\/\/inti.hr\/bs\/proizvod\/konzolni-stol-krodsherad-83x102x36cm\/#primaryimage\"},\"thumbnailUrl\":\"https:\/\/i0.wp.com\/inti.hr\/wp-content\/uploads\/2024\/02\/e0322d4a9a6ba85512a0a27c306f380b.jpg?fit=1400%2C1400&ssl=1\",\"datePublished\":\"2024-02-08T11:16:45+00:00\",\"dateModified\":\"2024-02-08T11:16:45+00:00\",\"description\":\"Ovaj ukrasni i prakti\u010dni konzolni stol s tri police savr\u0161en je za svako ku\u0107anstvo.Svestran je i idealan za upotrebu kao ulazni stol. Ovdje mo\u017eete, primjerice, uredno pohraniti svoje klju\u010deve, po\u0161tu i druge va\u017ene stvari i uvijek ih imati pri ruci.Tako\u0111er ga mo\u017eete koristiti u dnevnoj sobi ili hodniku kako biste sa stilom izlo\u017eili svoje ukrasne predmete.\u010cetiri noge osiguravaju \u010dvrsto postolje i daju stolu bezvremenski i moderan izgled.Uz samo nekoliko jednostavnih koraka, stol za odlaganje \u010dvrsto stoji na mjestu i spreman je za trenutnu upotrebu.\",\"breadcrumb\":{\"@id\":\"https:\/\/inti.hr\/bs\/proizvod\/konzolni-stol-krodsherad-83x102x36cm\/#breadcrumb\"},\"inLanguage\":\"bs-BA\",\"potentialAction\":[{\"@type\":\"ReadAction\",\"target\":[\"https:\/\/inti.hr\/bs\/proizvod\/konzolni-stol-krodsherad-83x102x36cm\/\"]}]},{\"@type\":\"ImageObject\",\"inLanguage\":\"bs-BA\",\"@id\":\"https:\/\/inti.hr\/bs\/proizvod\/konzolni-stol-krodsherad-83x102x36cm\/#primaryimage\",\"url\":\"https:\/\/i0.wp.com\/inti.hr\/wp-content\/uploads\/2024\/02\/e0322d4a9a6ba85512a0a27c306f380b.jpg?fit=1400%2C1400&ssl=1\",\"contentUrl\":\"https:\/\/i0.wp.com\/inti.hr\/wp-content\/uploads\/2024\/02\/e0322d4a9a6ba85512a0a27c306f380b.jpg?fit=1400%2C1400&ssl=1\",\"width\":1400,\"height\":1400,\"caption\":\"Konzolni stol Kr\u00f8dsherad\"},{\"@type\":\"BreadcrumbList\",\"@id\":\"https:\/\/inti.hr\/bs\/proizvod\/konzolni-stol-krodsherad-83x102x36cm\/#breadcrumb\",\"itemListElement\":[{\"@type\":\"ListItem\",\"position\":1,\"name\":\"Po\u010detna stranica\",\"item\":\"https:\/\/inti.hr\/bs\/\"},{\"@type\":\"ListItem\",\"position\":2,\"name\":\"Trgovina\",\"item\":\"https:\/\/inti.hr\/bs\/trgovina\/\"},{\"@type\":\"ListItem\",\"position\":3,\"name\":\"Konzolni stol Kr\u00f8dsherad 83x102x36cm\"}]},{\"@type\":\"WebSite\",\"@id\":\"https:\/\/inti.hr\/bs\/#website\",\"url\":\"https:\/\/inti.hr\/bs\/\",\"name\":\"Inti\",\"description\":\"trgovina\",\"potentialAction\":[{\"@type\":\"SearchAction\",\"target\":{\"@type\":\"EntryPoint\",\"urlTemplate\":\"https:\/\/inti.hr\/bs\/?s={search_term_string}\"},\"query-input\":{\"@type\":\"PropertyValueSpecification\",\"valueRequired\":true,\"valueName\":\"search_term_string\"}}],\"inLanguage\":\"bs-BA\"}]}<\/script>\n<!-- \/ Yoast SEO plugin. -->","yoast_head_json":{"title":"Konzolni stol Kr\u00f8dsherad 83x102x36cm - Inti","description":"Ovaj ukrasni i prakti\u010dni konzolni stol s tri police savr\u0161en je za svako ku\u0107anstvo.Svestran je i idealan za upotrebu kao ulazni stol. Ovdje mo\u017eete, primjerice, uredno pohraniti svoje klju\u010deve, po\u0161tu i druge va\u017ene stvari i uvijek ih imati pri ruci.Tako\u0111er ga mo\u017eete koristiti u dnevnoj sobi ili hodniku kako biste sa stilom izlo\u017eili svoje ukrasne predmete.\u010cetiri noge osiguravaju \u010dvrsto postolje i daju stolu bezvremenski i moderan izgled.Uz samo nekoliko jednostavnih koraka, stol za odlaganje \u010dvrsto stoji na mjestu i spreman je za trenutnu upotrebu.","robots":{"index":"index","follow":"follow","max-snippet":"max-snippet:-1","max-image-preview":"max-image-preview:large","max-video-preview":"max-video-preview:-1"},"canonical":"https:\/\/inti.hr\/bs\/proizvod\/konzolni-stol-krodsherad-83x102x36cm\/","og_locale":"bs_BA","og_type":"article","og_title":"Konzolni stol Kr\u00f8dsherad 83x102x36cm - Inti","og_description":"Ovaj ukrasni i prakti\u010dni konzolni stol s tri police savr\u0161en je za svako ku\u0107anstvo.Svestran je i idealan za upotrebu kao ulazni stol. Ovdje mo\u017eete, primjerice, uredno pohraniti svoje klju\u010deve, po\u0161tu i druge va\u017ene stvari i uvijek ih imati pri ruci.Tako\u0111er ga mo\u017eete koristiti u dnevnoj sobi ili hodniku kako biste sa stilom izlo\u017eili svoje ukrasne predmete.\u010cetiri noge osiguravaju \u010dvrsto postolje i daju stolu bezvremenski i moderan izgled.Uz samo nekoliko jednostavnih koraka, stol za odlaganje \u010dvrsto stoji na mjestu i spreman je za trenutnu upotrebu.","og_url":"https:\/\/inti.hr\/bs\/proizvod\/konzolni-stol-krodsherad-83x102x36cm\/","og_site_name":"Inti","og_image":[{"width":1400,"height":1400,"url":"https:\/\/i0.wp.com\/inti.hr\/wp-content\/uploads\/2024\/02\/e0322d4a9a6ba85512a0a27c306f380b.jpg?fit=1400%2C1400&ssl=1","type":"image\/jpeg"}],"twitter_card":"summary_large_image","schema":{"@context":"https:\/\/schema.org","@graph":[{"@type":"WebPage","@id":"https:\/\/inti.hr\/bs\/proizvod\/konzolni-stol-krodsherad-83x102x36cm\/","url":"https:\/\/inti.hr\/bs\/proizvod\/konzolni-stol-krodsherad-83x102x36cm\/","name":"Konzolni stol Kr\u00f8dsherad 83x102x36cm - Inti","isPartOf":{"@id":"https:\/\/inti.hr\/bs\/#website"},"primaryImageOfPage":{"@id":"https:\/\/inti.hr\/bs\/proizvod\/konzolni-stol-krodsherad-83x102x36cm\/#primaryimage"},"image":{"@id":"https:\/\/inti.hr\/bs\/proizvod\/konzolni-stol-krodsherad-83x102x36cm\/#primaryimage"},"thumbnailUrl":"https:\/\/i0.wp.com\/inti.hr\/wp-content\/uploads\/2024\/02\/e0322d4a9a6ba85512a0a27c306f380b.jpg?fit=1400%2C1400&ssl=1","datePublished":"2024-02-08T11:16:45+00:00","dateModified":"2024-02-08T11:16:45+00:00","description":"Ovaj ukrasni i prakti\u010dni konzolni stol s tri police savr\u0161en je za svako ku\u0107anstvo.Svestran je i idealan za upotrebu kao ulazni stol. Ovdje mo\u017eete, primjerice, uredno pohraniti svoje klju\u010deve, po\u0161tu i druge va\u017ene stvari i uvijek ih imati pri ruci.Tako\u0111er ga mo\u017eete koristiti u dnevnoj sobi ili hodniku kako biste sa stilom izlo\u017eili svoje ukrasne predmete.\u010cetiri noge osiguravaju \u010dvrsto postolje i daju stolu bezvremenski i moderan izgled.Uz samo nekoliko jednostavnih koraka, stol za odlaganje \u010dvrsto stoji na mjestu i spreman je za trenutnu upotrebu.","breadcrumb":{"@id":"https:\/\/inti.hr\/bs\/proizvod\/konzolni-stol-krodsherad-83x102x36cm\/#breadcrumb"},"inLanguage":"bs-BA","potentialAction":[{"@type":"ReadAction","target":["https:\/\/inti.hr\/bs\/proizvod\/konzolni-stol-krodsherad-83x102x36cm\/"]}]},{"@type":"ImageObject","inLanguage":"bs-BA","@id":"https:\/\/inti.hr\/bs\/proizvod\/konzolni-stol-krodsherad-83x102x36cm\/#primaryimage","url":"https:\/\/i0.wp.com\/inti.hr\/wp-content\/uploads\/2024\/02\/e0322d4a9a6ba85512a0a27c306f380b.jpg?fit=1400%2C1400&ssl=1","contentUrl":"https:\/\/i0.wp.com\/inti.hr\/wp-content\/uploads\/2024\/02\/e0322d4a9a6ba85512a0a27c306f380b.jpg?fit=1400%2C1400&ssl=1","width":1400,"height":1400,"caption":"Konzolni stol Kr\u00f8dsherad"},{"@type":"BreadcrumbList","@id":"https:\/\/inti.hr\/bs\/proizvod\/konzolni-stol-krodsherad-83x102x36cm\/#breadcrumb","itemListElement":[{"@type":"ListItem","position":1,"name":"Po\u010detna stranica","item":"https:\/\/inti.hr\/bs\/"},{"@type":"ListItem","position":2,"name":"Trgovina","item":"https:\/\/inti.hr\/bs\/trgovina\/"},{"@type":"ListItem","position":3,"name":"Konzolni stol Kr\u00f8dsherad 83x102x36cm"}]},{"@type":"WebSite","@id":"https:\/\/inti.hr\/bs\/#website","url":"https:\/\/inti.hr\/bs\/","name":"Inti","description":"trgovina","potentialAction":[{"@type":"SearchAction","target":{"@type":"EntryPoint","urlTemplate":"https:\/\/inti.hr\/bs\/?s={search_term_string}"},"query-input":{"@type":"PropertyValueSpecification","valueRequired":true,"valueName":"search_term_string"}}],"inLanguage":"bs-BA"}]}},"jetpack_sharing_enabled":true,"jetpack-related-posts":[],"_links":{"self":[{"href":"https:\/\/inti.hr\/bs\/wp-json\/wp\/v2\/product\/36277"}],"collection":[{"href":"https:\/\/inti.hr\/bs\/wp-json\/wp\/v2\/product"}],"about":[{"href":"https:\/\/inti.hr\/bs\/wp-json\/wp\/v2\/types\/product"}],"wp:featuredmedia":[{"embeddable":true,"href":"https:\/\/inti.hr\/bs\/wp-json\/wp\/v2\/media\/36278"}],"wp:attachment":[{"href":"https:\/\/inti.hr\/bs\/wp-json\/wp\/v2\/media?parent=36277"}],"wp:term":[{"taxonomy":"product_cat","embeddable":true,"href":"https:\/\/inti.hr\/bs\/wp-json\/wp\/v2\/product_cat?post=36277"},{"taxonomy":"product_tag","embeddable":true,"href":"https:\/\/inti.hr\/bs\/wp-json\/wp\/v2\/product_tag?post=36277"}],"curies":[{"name":"wp","href":"https:\/\/api.w.org\/{rel}","templated":true}]}}