{"id":36293,"date":"2024-01-25T14:13:03","date_gmt":"2024-01-25T14:13:03","guid":{"rendered":"https:\/\/inti.hr\/product\/stolica-od-nehrdajuceg-celika\/"},"modified":"2024-01-25T14:13:03","modified_gmt":"2024-01-25T14:13:03","slug":"stolica-od-nehrdajuceg-celika","status":"publish","type":"product","link":"https:\/\/inti.hr\/bs\/proizvod\/stolica-od-nehrdajuceg-celika\/","title":{"rendered":"Stolica od nehr\u0111aju\u0107eg \u010delika"},"content":{"rendered":"<p>Detalji proizvoda:<\/p>\n<div class=\"product-description__wrapper\" data-v-29c780c7=\"\">\n<p class=\"product-description__text\" data-v-29c780c7=\"\">Na mjestima kao \u0161to su kuhinje, laboratoriji i bolnice higijena je od najve\u0107e va\u017enosti, stoga su predmeti koji se lako \u010diste, izdr\u017eljivi i stabilni od velike vrijednosti i va\u017enosti. S RCEH-40 stolicom od nehr\u0111aju\u0107eg \u010delika dobivate udobnu mogu\u0107nost sjedenja koja \u0161tedi prostor i ispunjava sve ove zahtjeve. Stolica ne samo da impresionira svojom stabilno\u0161\u0107u, ve\u0107 i svojim jednostavnim, ali funkcionalnim dizajnom, koji se lako mo\u017ee integrirati u bilo koje okru\u017eenje. Zahvaljuju\u0107i visokokvalitetnom nehr\u0111aju\u0107em \u010deliku kori\u0161tenom u procesu proizvodnje, stolac od nehr\u0111aju\u0107eg \u010delika je robustan i mo\u017ee se brzo o\u010distiti jednostavnim brisanjem vla\u017enom krpom.<\/p>\n<\/div>\n<div class=\"product-description__wrapper\" data-v-29c780c7=\"\">\n<p class=\"product-description__text\" data-v-29c780c7=\"\">Stolica od nehr\u0111aju\u0107eg \u010delika RCEH-40 visoka je 43 cm, \u0161iroka 37 cm i obujma sjedenja od 29 cm. Me\u0111utim, njegov kompaktni dizajn omogu\u0107uje da se stolac lako odlo\u017ei nakon upotrebe, a da ne zauzima previ\u0161e prostora. Kuhinjski stolac Royal Cook te\u017eak je samo 1,6 kg, ali jo\u0161 uvijek vrlo sigurno stoji na \u010detiri \u010dvrste okrugle noge koje imaju plasti\u010dne noge koje se lako bru\u0161e. Zbog male te\u017eine, stolac se mo\u017ee brzo i udobno transportirati svugdje i bilo gdje gdje je to potrebno i mo\u017ee se lako o\u010distiti i o\u010distiti nakon upotrebe.<\/p>\n<\/div>\n<p data-v-29c780c7=\"\">Tehni\u010dke pojedinosti:<\/p>\n<p data-v-29c780c7=\"\">Dimenzije (Dx\u0160xV): 37 x 37 x 43 cm<\/p>\n<p data-v-29c780c7=\"\">Min. visina sjedenja [cm]: 43<\/p>\n<p data-v-29c780c7=\"\">Te\u017eina: 1.6kg<\/p>\n","protected":false},"excerpt":{"rendered":"<p>Izra\u0111en od visokokvalitetnog nehr\u0111aju\u0107eg \u010delika<br \/>\nJednostavan za \u010di\u0161\u0107enje<br \/>\nVrlo stabilan i robustan<br \/>\n29 cm &#8230; <\/p>\n","protected":false},"featured_media":36294,"template":"","meta":[],"product_cat":[3502],"product_tag":[4746,4747,4748],"yoast_head":"<!-- This site is optimized with the Yoast SEO plugin v23.7 - https:\/\/yoast.com\/wordpress\/plugins\/seo\/ -->\n<title>Stolica od nehr\u0111aju\u0107eg \u010delika - Inti<\/title>\n<meta name=\"description\" content=\"Izra\u0111en od visokokvalitetnog nehr\u0111aju\u0107eg \u010delikaJednostavan za \u010di\u0161\u0107enjeVrlo stabilan i robustan29 cm povr\u0161ine za sjedenje.\" \/>\n<meta name=\"robots\" content=\"index, follow, max-snippet:-1, max-image-preview:large, max-video-preview:-1\" \/>\n<link rel=\"canonical\" href=\"https:\/\/inti.hr\/bs\/proizvod\/stolica-od-nehrdajuceg-celika\/\" \/>\n<meta property=\"og:locale\" content=\"bs_BA\" \/>\n<meta property=\"og:type\" content=\"article\" \/>\n<meta property=\"og:title\" content=\"Stolica od nehr\u0111aju\u0107eg \u010delika - Inti\" \/>\n<meta property=\"og:description\" content=\"Izra\u0111en od visokokvalitetnog nehr\u0111aju\u0107eg \u010delikaJednostavan za \u010di\u0161\u0107enjeVrlo stabilan i robustan29 cm povr\u0161ine za sjedenje.\" \/>\n<meta property=\"og:url\" content=\"https:\/\/inti.hr\/bs\/proizvod\/stolica-od-nehrdajuceg-celika\/\" \/>\n<meta property=\"og:site_name\" content=\"Inti\" \/>\n<meta property=\"og:image\" content=\"https:\/\/i0.wp.com\/inti.hr\/wp-content\/uploads\/2024\/01\/10010375_photo_1.webp?fit=1600%2C1600&ssl=1\" \/>\n\t<meta property=\"og:image:width\" content=\"1600\" \/>\n\t<meta property=\"og:image:height\" content=\"1600\" \/>\n\t<meta property=\"og:image:type\" content=\"image\/webp\" \/>\n<meta name=\"twitter:card\" content=\"summary_large_image\" \/>\n<meta name=\"twitter:label1\" content=\"Est. reading time\" \/>\n\t<meta name=\"twitter:data1\" content=\"1 minuta\" \/>\n<script type=\"application\/ld+json\" class=\"yoast-schema-graph\">{\"@context\":\"https:\/\/schema.org\",\"@graph\":[{\"@type\":\"WebPage\",\"@id\":\"https:\/\/inti.hr\/bs\/proizvod\/stolica-od-nehrdajuceg-celika\/\",\"url\":\"https:\/\/inti.hr\/bs\/proizvod\/stolica-od-nehrdajuceg-celika\/\",\"name\":\"Stolica od nehr\u0111aju\u0107eg \u010delika - Inti\",\"isPartOf\":{\"@id\":\"https:\/\/inti.hr\/bs\/#website\"},\"primaryImageOfPage\":{\"@id\":\"https:\/\/inti.hr\/bs\/proizvod\/stolica-od-nehrdajuceg-celika\/#primaryimage\"},\"image\":{\"@id\":\"https:\/\/inti.hr\/bs\/proizvod\/stolica-od-nehrdajuceg-celika\/#primaryimage\"},\"thumbnailUrl\":\"https:\/\/i0.wp.com\/inti.hr\/wp-content\/uploads\/2024\/01\/10010375_photo_1.webp?fit=1600%2C1600&ssl=1\",\"datePublished\":\"2024-01-25T14:13:03+00:00\",\"dateModified\":\"2024-01-25T14:13:03+00:00\",\"description\":\"Izra\u0111en od visokokvalitetnog nehr\u0111aju\u0107eg \u010delikaJednostavan za \u010di\u0161\u0107enjeVrlo stabilan i robustan29 cm povr\u0161ine za sjedenje.\",\"breadcrumb\":{\"@id\":\"https:\/\/inti.hr\/bs\/proizvod\/stolica-od-nehrdajuceg-celika\/#breadcrumb\"},\"inLanguage\":\"bs-BA\",\"potentialAction\":[{\"@type\":\"ReadAction\",\"target\":[\"https:\/\/inti.hr\/bs\/proizvod\/stolica-od-nehrdajuceg-celika\/\"]}]},{\"@type\":\"ImageObject\",\"inLanguage\":\"bs-BA\",\"@id\":\"https:\/\/inti.hr\/bs\/proizvod\/stolica-od-nehrdajuceg-celika\/#primaryimage\",\"url\":\"https:\/\/i0.wp.com\/inti.hr\/wp-content\/uploads\/2024\/01\/10010375_photo_1.webp?fit=1600%2C1600&ssl=1\",\"contentUrl\":\"https:\/\/i0.wp.com\/inti.hr\/wp-content\/uploads\/2024\/01\/10010375_photo_1.webp?fit=1600%2C1600&ssl=1\",\"width\":1600,\"height\":1600},{\"@type\":\"BreadcrumbList\",\"@id\":\"https:\/\/inti.hr\/bs\/proizvod\/stolica-od-nehrdajuceg-celika\/#breadcrumb\",\"itemListElement\":[{\"@type\":\"ListItem\",\"position\":1,\"name\":\"Po\u010detna stranica\",\"item\":\"https:\/\/inti.hr\/bs\/\"},{\"@type\":\"ListItem\",\"position\":2,\"name\":\"Trgovina\",\"item\":\"https:\/\/inti.hr\/bs\/trgovina\/\"},{\"@type\":\"ListItem\",\"position\":3,\"name\":\"Stolica od nehr\u0111aju\u0107eg \u010delika\"}]},{\"@type\":\"WebSite\",\"@id\":\"https:\/\/inti.hr\/bs\/#website\",\"url\":\"https:\/\/inti.hr\/bs\/\",\"name\":\"Inti\",\"description\":\"trgovina\",\"potentialAction\":[{\"@type\":\"SearchAction\",\"target\":{\"@type\":\"EntryPoint\",\"urlTemplate\":\"https:\/\/inti.hr\/bs\/?s={search_term_string}\"},\"query-input\":{\"@type\":\"PropertyValueSpecification\",\"valueRequired\":true,\"valueName\":\"search_term_string\"}}],\"inLanguage\":\"bs-BA\"}]}<\/script>\n<!-- \/ Yoast SEO plugin. -->","yoast_head_json":{"title":"Stolica od nehr\u0111aju\u0107eg \u010delika - Inti","description":"Izra\u0111en od visokokvalitetnog nehr\u0111aju\u0107eg \u010delikaJednostavan za \u010di\u0161\u0107enjeVrlo stabilan i robustan29 cm povr\u0161ine za sjedenje.","robots":{"index":"index","follow":"follow","max-snippet":"max-snippet:-1","max-image-preview":"max-image-preview:large","max-video-preview":"max-video-preview:-1"},"canonical":"https:\/\/inti.hr\/bs\/proizvod\/stolica-od-nehrdajuceg-celika\/","og_locale":"bs_BA","og_type":"article","og_title":"Stolica od nehr\u0111aju\u0107eg \u010delika - Inti","og_description":"Izra\u0111en od visokokvalitetnog nehr\u0111aju\u0107eg \u010delikaJednostavan za \u010di\u0161\u0107enjeVrlo stabilan i robustan29 cm povr\u0161ine za sjedenje.","og_url":"https:\/\/inti.hr\/bs\/proizvod\/stolica-od-nehrdajuceg-celika\/","og_site_name":"Inti","og_image":[{"width":1600,"height":1600,"url":"https:\/\/i0.wp.com\/inti.hr\/wp-content\/uploads\/2024\/01\/10010375_photo_1.webp?fit=1600%2C1600&ssl=1","type":"image\/webp"}],"twitter_card":"summary_large_image","twitter_misc":{"Est. reading time":"1 minuta"},"schema":{"@context":"https:\/\/schema.org","@graph":[{"@type":"WebPage","@id":"https:\/\/inti.hr\/bs\/proizvod\/stolica-od-nehrdajuceg-celika\/","url":"https:\/\/inti.hr\/bs\/proizvod\/stolica-od-nehrdajuceg-celika\/","name":"Stolica od nehr\u0111aju\u0107eg \u010delika - Inti","isPartOf":{"@id":"https:\/\/inti.hr\/bs\/#website"},"primaryImageOfPage":{"@id":"https:\/\/inti.hr\/bs\/proizvod\/stolica-od-nehrdajuceg-celika\/#primaryimage"},"image":{"@id":"https:\/\/inti.hr\/bs\/proizvod\/stolica-od-nehrdajuceg-celika\/#primaryimage"},"thumbnailUrl":"https:\/\/i0.wp.com\/inti.hr\/wp-content\/uploads\/2024\/01\/10010375_photo_1.webp?fit=1600%2C1600&ssl=1","datePublished":"2024-01-25T14:13:03+00:00","dateModified":"2024-01-25T14:13:03+00:00","description":"Izra\u0111en od visokokvalitetnog nehr\u0111aju\u0107eg \u010delikaJednostavan za \u010di\u0161\u0107enjeVrlo stabilan i robustan29 cm povr\u0161ine za sjedenje.","breadcrumb":{"@id":"https:\/\/inti.hr\/bs\/proizvod\/stolica-od-nehrdajuceg-celika\/#breadcrumb"},"inLanguage":"bs-BA","potentialAction":[{"@type":"ReadAction","target":["https:\/\/inti.hr\/bs\/proizvod\/stolica-od-nehrdajuceg-celika\/"]}]},{"@type":"ImageObject","inLanguage":"bs-BA","@id":"https:\/\/inti.hr\/bs\/proizvod\/stolica-od-nehrdajuceg-celika\/#primaryimage","url":"https:\/\/i0.wp.com\/inti.hr\/wp-content\/uploads\/2024\/01\/10010375_photo_1.webp?fit=1600%2C1600&ssl=1","contentUrl":"https:\/\/i0.wp.com\/inti.hr\/wp-content\/uploads\/2024\/01\/10010375_photo_1.webp?fit=1600%2C1600&ssl=1","width":1600,"height":1600},{"@type":"BreadcrumbList","@id":"https:\/\/inti.hr\/bs\/proizvod\/stolica-od-nehrdajuceg-celika\/#breadcrumb","itemListElement":[{"@type":"ListItem","position":1,"name":"Po\u010detna stranica","item":"https:\/\/inti.hr\/bs\/"},{"@type":"ListItem","position":2,"name":"Trgovina","item":"https:\/\/inti.hr\/bs\/trgovina\/"},{"@type":"ListItem","position":3,"name":"Stolica od nehr\u0111aju\u0107eg \u010delika"}]},{"@type":"WebSite","@id":"https:\/\/inti.hr\/bs\/#website","url":"https:\/\/inti.hr\/bs\/","name":"Inti","description":"trgovina","potentialAction":[{"@type":"SearchAction","target":{"@type":"EntryPoint","urlTemplate":"https:\/\/inti.hr\/bs\/?s={search_term_string}"},"query-input":{"@type":"PropertyValueSpecification","valueRequired":true,"valueName":"search_term_string"}}],"inLanguage":"bs-BA"}]}},"jetpack_sharing_enabled":true,"jetpack-related-posts":[],"_links":{"self":[{"href":"https:\/\/inti.hr\/bs\/wp-json\/wp\/v2\/product\/36293"}],"collection":[{"href":"https:\/\/inti.hr\/bs\/wp-json\/wp\/v2\/product"}],"about":[{"href":"https:\/\/inti.hr\/bs\/wp-json\/wp\/v2\/types\/product"}],"wp:featuredmedia":[{"embeddable":true,"href":"https:\/\/inti.hr\/bs\/wp-json\/wp\/v2\/media\/36294"}],"wp:attachment":[{"href":"https:\/\/inti.hr\/bs\/wp-json\/wp\/v2\/media?parent=36293"}],"wp:term":[{"taxonomy":"product_cat","embeddable":true,"href":"https:\/\/inti.hr\/bs\/wp-json\/wp\/v2\/product_cat?post=36293"},{"taxonomy":"product_tag","embeddable":true,"href":"https:\/\/inti.hr\/bs\/wp-json\/wp\/v2\/product_tag?post=36293"}],"curies":[{"name":"wp","href":"https:\/\/api.w.org\/{rel}","templated":true}]}}