{"id":36301,"date":"2024-01-25T10:04:24","date_gmt":"2024-01-25T10:04:24","guid":{"rendered":"https:\/\/inti.hr\/product\/zidna-polica-80-x-45-cm\/"},"modified":"2024-01-25T10:04:24","modified_gmt":"2024-01-25T10:04:24","slug":"zidna-polica-80-x-45-cm","status":"publish","type":"product","link":"https:\/\/inti.hr\/bs\/proizvod\/zidna-polica-80-x-45-cm\/","title":{"rendered":"Zidna polica 80 x 45 cm"},"content":{"rendered":"<p>Detalji proizvoda:<\/p>\n<p class=\"product-description__text\" data-v-29c780c7=\"\">Prostrana kuhinjska polica od nehr\u0111aju\u0107eg \u010delika ima veliki prostor za pohranu izra\u0111en od \u0161ipki dimenzija 80 x 45 cm i jam\u010di obilje prostora za pohranu: bilo u hotelu, restoranu ili u kuhinji kod ku\u0107e. Zidna polica od nehr\u0111aju\u0107eg \u010delika mo\u017ee se opteretiti te\u017einom do 40 kg. Otvoreni dizajn police zna\u010di da je pohranjena roba lako dostupna u bilo kojem trenutku.<\/p>\n<p class=\"product-description__text\" data-v-29c780c7=\"\">Policu srebrne police dr\u017ee na mjestu dva \u010dvrsta nosa\u010da koji se mogu montirati u tren oka. Vrhunac: Ako ne trebate policu, jednostavno je preklopite i imate jo\u0161 vi\u0161e slobode kretanja u svom svakodnevnom radnom podru\u010dju!<\/p>\n<p class=\"product-description__text\" data-v-29c780c7=\"\">Sklopiva zidna polica u potpunosti je izra\u0111ena od izdr\u017eljivog nehr\u0111aju\u0107eg \u010delika. Visokokvalitetan, izdr\u017eljiv materijal koji se lako \u010disti i otporan je na koroziju, zbog \u010dega je posebno pogodan za kuhinje, pizzerije, food truckove i druge ugostiteljske objekte. Zahvaljuju\u0107i zako\u0161enim rubovima i debljini police od 30 mm, sklopiva zidna polica jam\u010di maksimalnu stabilnost \u010dak i pod najve\u0107im optere\u0107enjem.<\/p>\n<p data-v-29c780c7=\"\">Tehni\u010dke pojedinosti:<\/p>\n<p data-v-29c780c7=\"\">Boja: srebro<\/p>\n<p data-v-29c780c7=\"\">Broj polica [kom]: 1pc<\/p>\n<p data-v-29c780c7=\"\">Te\u017eina: 4.5kg<\/p>\n<p data-v-29c780c7=\"\">Primjenjivo za: op\u0107a uporaba<\/p>\n<p data-v-29c780c7=\"\">Debljina police [mm]: 30mm<\/p>\n<p data-v-29c780c7=\"\">Dimenzije (Dx\u0160xV): 29 x 80 x 39 cm<\/p>\n<p data-v-29c780c7=\"\">\n","protected":false},"excerpt":{"rendered":"<p>nosivost &#8211; jaka polica od 30 mm s velikom nosivo\u0161\u0107u do &#8230; <\/p>\n","protected":false},"featured_media":36302,"template":"","meta":[],"product_cat":[3502],"product_tag":[3503,2748],"yoast_head":"<!-- This site is optimized with the Yoast SEO plugin v23.7 - https:\/\/yoast.com\/wordpress\/plugins\/seo\/ -->\n<title>Zidna polica 80 x 45 cm - Inti<\/title>\n<meta name=\"description\" content=\"nosivost - jaka polica od 30 mm s velikom nosivo\u0161\u0107u do 40 kgprostrana - velika polica dimenzija 80 x 30 cmSklopiva - polica se mo\u017ee zatvoriti u nekoliko sekundi kada se ne koristimoderan - elegantan i bezvremenski moderan dizajn pristaje svakoj kuhinjiizdr\u017eljiv - izdr\u017eljiv i otporan nehr\u0111aju\u0107i \u010delik za dug radni vijek\" \/>\n<meta name=\"robots\" content=\"index, follow, max-snippet:-1, max-image-preview:large, max-video-preview:-1\" \/>\n<link rel=\"canonical\" href=\"https:\/\/inti.hr\/bs\/proizvod\/zidna-polica-80-x-45-cm\/\" \/>\n<meta property=\"og:locale\" content=\"bs_BA\" \/>\n<meta property=\"og:type\" content=\"article\" \/>\n<meta property=\"og:title\" content=\"Zidna polica 80 x 45 cm - Inti\" \/>\n<meta property=\"og:description\" content=\"nosivost - jaka polica od 30 mm s velikom nosivo\u0161\u0107u do 40 kgprostrana - velika polica dimenzija 80 x 30 cmSklopiva - polica se mo\u017ee zatvoriti u nekoliko sekundi kada se ne koristimoderan - elegantan i bezvremenski moderan dizajn pristaje svakoj kuhinjiizdr\u017eljiv - izdr\u017eljiv i otporan nehr\u0111aju\u0107i \u010delik za dug radni vijek\" \/>\n<meta property=\"og:url\" content=\"https:\/\/inti.hr\/bs\/proizvod\/zidna-polica-80-x-45-cm\/\" \/>\n<meta property=\"og:site_name\" content=\"Inti\" \/>\n<meta property=\"og:image\" content=\"https:\/\/i0.wp.com\/inti.hr\/wp-content\/uploads\/2024\/01\/10011715_photo_1.webp?fit=1600%2C1600&ssl=1\" \/>\n\t<meta property=\"og:image:width\" content=\"1600\" \/>\n\t<meta property=\"og:image:height\" content=\"1600\" \/>\n\t<meta property=\"og:image:type\" content=\"image\/webp\" \/>\n<meta name=\"twitter:card\" content=\"summary_large_image\" \/>\n<meta name=\"twitter:label1\" content=\"Est. reading time\" \/>\n\t<meta name=\"twitter:data1\" content=\"1 minuta\" \/>\n<script type=\"application\/ld+json\" class=\"yoast-schema-graph\">{\"@context\":\"https:\/\/schema.org\",\"@graph\":[{\"@type\":\"WebPage\",\"@id\":\"https:\/\/inti.hr\/bs\/proizvod\/zidna-polica-80-x-45-cm\/\",\"url\":\"https:\/\/inti.hr\/bs\/proizvod\/zidna-polica-80-x-45-cm\/\",\"name\":\"Zidna polica 80 x 45 cm - Inti\",\"isPartOf\":{\"@id\":\"https:\/\/inti.hr\/bs\/#website\"},\"primaryImageOfPage\":{\"@id\":\"https:\/\/inti.hr\/bs\/proizvod\/zidna-polica-80-x-45-cm\/#primaryimage\"},\"image\":{\"@id\":\"https:\/\/inti.hr\/bs\/proizvod\/zidna-polica-80-x-45-cm\/#primaryimage\"},\"thumbnailUrl\":\"https:\/\/i0.wp.com\/inti.hr\/wp-content\/uploads\/2024\/01\/10011715_photo_1.webp?fit=1600%2C1600&ssl=1\",\"datePublished\":\"2024-01-25T10:04:24+00:00\",\"dateModified\":\"2024-01-25T10:04:24+00:00\",\"description\":\"nosivost - jaka polica od 30 mm s velikom nosivo\u0161\u0107u do 40 kgprostrana - velika polica dimenzija 80 x 30 cmSklopiva - polica se mo\u017ee zatvoriti u nekoliko sekundi kada se ne koristimoderan - elegantan i bezvremenski moderan dizajn pristaje svakoj kuhinjiizdr\u017eljiv - izdr\u017eljiv i otporan nehr\u0111aju\u0107i \u010delik za dug radni vijek\",\"breadcrumb\":{\"@id\":\"https:\/\/inti.hr\/bs\/proizvod\/zidna-polica-80-x-45-cm\/#breadcrumb\"},\"inLanguage\":\"bs-BA\",\"potentialAction\":[{\"@type\":\"ReadAction\",\"target\":[\"https:\/\/inti.hr\/bs\/proizvod\/zidna-polica-80-x-45-cm\/\"]}]},{\"@type\":\"ImageObject\",\"inLanguage\":\"bs-BA\",\"@id\":\"https:\/\/inti.hr\/bs\/proizvod\/zidna-polica-80-x-45-cm\/#primaryimage\",\"url\":\"https:\/\/i0.wp.com\/inti.hr\/wp-content\/uploads\/2024\/01\/10011715_photo_1.webp?fit=1600%2C1600&ssl=1\",\"contentUrl\":\"https:\/\/i0.wp.com\/inti.hr\/wp-content\/uploads\/2024\/01\/10011715_photo_1.webp?fit=1600%2C1600&ssl=1\",\"width\":1600,\"height\":1600,\"caption\":\"zidna polica industrijski namje\u0161taj\"},{\"@type\":\"BreadcrumbList\",\"@id\":\"https:\/\/inti.hr\/bs\/proizvod\/zidna-polica-80-x-45-cm\/#breadcrumb\",\"itemListElement\":[{\"@type\":\"ListItem\",\"position\":1,\"name\":\"Po\u010detna stranica\",\"item\":\"https:\/\/inti.hr\/bs\/\"},{\"@type\":\"ListItem\",\"position\":2,\"name\":\"Trgovina\",\"item\":\"https:\/\/inti.hr\/bs\/trgovina\/\"},{\"@type\":\"ListItem\",\"position\":3,\"name\":\"Zidna polica 80 x 45 cm\"}]},{\"@type\":\"WebSite\",\"@id\":\"https:\/\/inti.hr\/bs\/#website\",\"url\":\"https:\/\/inti.hr\/bs\/\",\"name\":\"Inti\",\"description\":\"trgovina\",\"potentialAction\":[{\"@type\":\"SearchAction\",\"target\":{\"@type\":\"EntryPoint\",\"urlTemplate\":\"https:\/\/inti.hr\/bs\/?s={search_term_string}\"},\"query-input\":{\"@type\":\"PropertyValueSpecification\",\"valueRequired\":true,\"valueName\":\"search_term_string\"}}],\"inLanguage\":\"bs-BA\"}]}<\/script>\n<!-- \/ Yoast SEO plugin. -->","yoast_head_json":{"title":"Zidna polica 80 x 45 cm - Inti","description":"nosivost - jaka polica od 30 mm s velikom nosivo\u0161\u0107u do 40 kgprostrana - velika polica dimenzija 80 x 30 cmSklopiva - polica se mo\u017ee zatvoriti u nekoliko sekundi kada se ne koristimoderan - elegantan i bezvremenski moderan dizajn pristaje svakoj kuhinjiizdr\u017eljiv - izdr\u017eljiv i otporan nehr\u0111aju\u0107i \u010delik za dug radni vijek","robots":{"index":"index","follow":"follow","max-snippet":"max-snippet:-1","max-image-preview":"max-image-preview:large","max-video-preview":"max-video-preview:-1"},"canonical":"https:\/\/inti.hr\/bs\/proizvod\/zidna-polica-80-x-45-cm\/","og_locale":"bs_BA","og_type":"article","og_title":"Zidna polica 80 x 45 cm - Inti","og_description":"nosivost - jaka polica od 30 mm s velikom nosivo\u0161\u0107u do 40 kgprostrana - velika polica dimenzija 80 x 30 cmSklopiva - polica se mo\u017ee zatvoriti u nekoliko sekundi kada se ne koristimoderan - elegantan i bezvremenski moderan dizajn pristaje svakoj kuhinjiizdr\u017eljiv - izdr\u017eljiv i otporan nehr\u0111aju\u0107i \u010delik za dug radni vijek","og_url":"https:\/\/inti.hr\/bs\/proizvod\/zidna-polica-80-x-45-cm\/","og_site_name":"Inti","og_image":[{"width":1600,"height":1600,"url":"https:\/\/i0.wp.com\/inti.hr\/wp-content\/uploads\/2024\/01\/10011715_photo_1.webp?fit=1600%2C1600&ssl=1","type":"image\/webp"}],"twitter_card":"summary_large_image","twitter_misc":{"Est. reading time":"1 minuta"},"schema":{"@context":"https:\/\/schema.org","@graph":[{"@type":"WebPage","@id":"https:\/\/inti.hr\/bs\/proizvod\/zidna-polica-80-x-45-cm\/","url":"https:\/\/inti.hr\/bs\/proizvod\/zidna-polica-80-x-45-cm\/","name":"Zidna polica 80 x 45 cm - Inti","isPartOf":{"@id":"https:\/\/inti.hr\/bs\/#website"},"primaryImageOfPage":{"@id":"https:\/\/inti.hr\/bs\/proizvod\/zidna-polica-80-x-45-cm\/#primaryimage"},"image":{"@id":"https:\/\/inti.hr\/bs\/proizvod\/zidna-polica-80-x-45-cm\/#primaryimage"},"thumbnailUrl":"https:\/\/i0.wp.com\/inti.hr\/wp-content\/uploads\/2024\/01\/10011715_photo_1.webp?fit=1600%2C1600&ssl=1","datePublished":"2024-01-25T10:04:24+00:00","dateModified":"2024-01-25T10:04:24+00:00","description":"nosivost - jaka polica od 30 mm s velikom nosivo\u0161\u0107u do 40 kgprostrana - velika polica dimenzija 80 x 30 cmSklopiva - polica se mo\u017ee zatvoriti u nekoliko sekundi kada se ne koristimoderan - elegantan i bezvremenski moderan dizajn pristaje svakoj kuhinjiizdr\u017eljiv - izdr\u017eljiv i otporan nehr\u0111aju\u0107i \u010delik za dug radni vijek","breadcrumb":{"@id":"https:\/\/inti.hr\/bs\/proizvod\/zidna-polica-80-x-45-cm\/#breadcrumb"},"inLanguage":"bs-BA","potentialAction":[{"@type":"ReadAction","target":["https:\/\/inti.hr\/bs\/proizvod\/zidna-polica-80-x-45-cm\/"]}]},{"@type":"ImageObject","inLanguage":"bs-BA","@id":"https:\/\/inti.hr\/bs\/proizvod\/zidna-polica-80-x-45-cm\/#primaryimage","url":"https:\/\/i0.wp.com\/inti.hr\/wp-content\/uploads\/2024\/01\/10011715_photo_1.webp?fit=1600%2C1600&ssl=1","contentUrl":"https:\/\/i0.wp.com\/inti.hr\/wp-content\/uploads\/2024\/01\/10011715_photo_1.webp?fit=1600%2C1600&ssl=1","width":1600,"height":1600,"caption":"zidna polica industrijski namje\u0161taj"},{"@type":"BreadcrumbList","@id":"https:\/\/inti.hr\/bs\/proizvod\/zidna-polica-80-x-45-cm\/#breadcrumb","itemListElement":[{"@type":"ListItem","position":1,"name":"Po\u010detna stranica","item":"https:\/\/inti.hr\/bs\/"},{"@type":"ListItem","position":2,"name":"Trgovina","item":"https:\/\/inti.hr\/bs\/trgovina\/"},{"@type":"ListItem","position":3,"name":"Zidna polica 80 x 45 cm"}]},{"@type":"WebSite","@id":"https:\/\/inti.hr\/bs\/#website","url":"https:\/\/inti.hr\/bs\/","name":"Inti","description":"trgovina","potentialAction":[{"@type":"SearchAction","target":{"@type":"EntryPoint","urlTemplate":"https:\/\/inti.hr\/bs\/?s={search_term_string}"},"query-input":{"@type":"PropertyValueSpecification","valueRequired":true,"valueName":"search_term_string"}}],"inLanguage":"bs-BA"}]}},"jetpack_sharing_enabled":true,"jetpack-related-posts":[],"_links":{"self":[{"href":"https:\/\/inti.hr\/bs\/wp-json\/wp\/v2\/product\/36301"}],"collection":[{"href":"https:\/\/inti.hr\/bs\/wp-json\/wp\/v2\/product"}],"about":[{"href":"https:\/\/inti.hr\/bs\/wp-json\/wp\/v2\/types\/product"}],"wp:featuredmedia":[{"embeddable":true,"href":"https:\/\/inti.hr\/bs\/wp-json\/wp\/v2\/media\/36302"}],"wp:attachment":[{"href":"https:\/\/inti.hr\/bs\/wp-json\/wp\/v2\/media?parent=36301"}],"wp:term":[{"taxonomy":"product_cat","embeddable":true,"href":"https:\/\/inti.hr\/bs\/wp-json\/wp\/v2\/product_cat?post=36301"},{"taxonomy":"product_tag","embeddable":true,"href":"https:\/\/inti.hr\/bs\/wp-json\/wp\/v2\/product_tag?post=36301"}],"curies":[{"name":"wp","href":"https:\/\/api.w.org\/{rel}","templated":true}]}}