{"id":36321,"date":"2024-01-25T09:09:41","date_gmt":"2024-01-25T09:09:41","guid":{"rendered":"https:\/\/inti.hr\/product\/dozator-soka-2-x-7-l\/"},"modified":"2024-01-25T09:09:41","modified_gmt":"2024-01-25T09:09:41","slug":"dozator-soka-2-x-7-l","status":"publish","type":"product","link":"https:\/\/inti.hr\/bs\/proizvod\/dozator-soka-2-x-7-l\/","title":{"rendered":"Dozator soka &#8211; 2 x 7 l"},"content":{"rendered":"<p>Detalji proizvoda:<\/p>\n<p>Cijeli dozator za hladne napitke s nastavcima izra\u0111en je od dugotrajnih materijala neutralnih okusa. Dvije cilindri\u010dne posude, svaka promjera 200 mm, stoje na \u010dvrstoj drvenoj podlozi. Zahvaljuju\u0107i robusnoj i prozirnoj plastici dozatora za ledeni \u010daj, va\u0161i gosti mogu to\u010dno vidjeti koje se osvje\u017eenje poslu\u017euje, a vi kao doma\u0107in mo\u017eete vidjeti kada ga treba ponovno napuniti. To se mo\u017ee u\u010diniti jednostavno i bez prolijevanja podizanjem poklopca. Materijali su tako\u0111er posebno otporni na ogrebotine i laki za \u010di\u0161\u0107enje.<\/p>\n<p>Nepropusni rashladni umetak od nehr\u0111aju\u0107eg \u010delika mo\u017ee se napuniti kockicama leda koje ravnomjerno hlade pi\u0107a koja se poslu\u017euju bez razrje\u0111ivanja ledom koji se topi. Dopustite svojim gostima nerazrije\u0111en u\u017eitak u njihovim hladnim pi\u0107ima. Maksimalna visina posuda za pi\u0107e koje stanu ispod slavina je 190 mm i odgovara standardnim veli\u010dinama stakla.<\/p>\n<p>Glatki naglavak \u010dak i djeci olak\u0161ava punjenje soka ili ledenog \u010daja bez napora. A u slu\u010daju da se prolije nekoliko kapi, uklonjiva posuda za kapanje uredno ih hvata. To zna\u010di da je va\u0161 \u0161vedski stol uvijek \u010dist i ostavlja besprijekoran dojam na va\u0161e goste. Osim toga, veliki protok slavine \u010dini duge redove za pi\u0107e stvar pro\u0161losti. Aparat za pi\u0107e s rashladnom jezgrom prava je prednost na svakom banketu.<\/p>\n<p>&nbsp;<\/p>\n<p>Tehni\u010dke pojedinosti:<br \/>\nVisina spremnika [mm]: 260<\/p>\n<p>Broj spremnika [kom]: 2PC<\/p>\n<p>Te\u017eina: 8.5KG<\/p>\n<p>Promjer spremnika [mm]: 200<\/p>\n<p>Maksimalna mogu\u0107a visina kori\u0161tenih \u010da\u0161a [mm]: 190<\/p>\n<p>Kapacitet [l]: 14L<\/p>\n<p>Dimenzije (Dx\u0160xV): 32 x 58 x 52 cm<\/p>\n","protected":false},"excerpt":{"rendered":"<p>Large \u2013 dozator za sok velikog volumena s dvije posude od &#8230; <\/p>\n","protected":false},"featured_media":36322,"template":"","meta":[],"product_cat":[4006],"product_tag":[4764,4739],"yoast_head":"<!-- This site is optimized with the Yoast SEO plugin v23.7 - https:\/\/yoast.com\/wordpress\/plugins\/seo\/ -->\n<title>Dozator soka - 2 x 7 l - Inti<\/title>\n<meta name=\"description\" content=\"Large \u2013 dozator za sok velikog volumena s dvije posude od 2 x 7 LPure \u2013 nepropusni umetak za hla\u0111enje sprje\u010dava razvodnjavanje napitkaProzirne \u2013 prozirne plasti\u010dne posude prikazuju sadr\u017eajJednostavan \u2013 glatki napon za precizno poslu\u017eivanjeFleksibilan \u2013 za \u010da\u0161e i \u0161alice maksimalne visine 190 mmNisko odr\u017eavanje \u2013 drveni okvir, rashladni sustav i poklopac od nehr\u0111aju\u0107eg \u010delika\" \/>\n<meta name=\"robots\" content=\"index, follow, max-snippet:-1, max-image-preview:large, max-video-preview:-1\" \/>\n<link rel=\"canonical\" href=\"https:\/\/inti.hr\/bs\/proizvod\/dozator-soka-2-x-7-l\/\" \/>\n<meta property=\"og:locale\" content=\"bs_BA\" \/>\n<meta property=\"og:type\" content=\"article\" \/>\n<meta property=\"og:title\" content=\"Dozator soka - 2 x 7 l - Inti\" \/>\n<meta property=\"og:description\" content=\"Large \u2013 dozator za sok velikog volumena s dvije posude od 2 x 7 LPure \u2013 nepropusni umetak za hla\u0111enje sprje\u010dava razvodnjavanje napitkaProzirne \u2013 prozirne plasti\u010dne posude prikazuju sadr\u017eajJednostavan \u2013 glatki napon za precizno poslu\u017eivanjeFleksibilan \u2013 za \u010da\u0161e i \u0161alice maksimalne visine 190 mmNisko odr\u017eavanje \u2013 drveni okvir, rashladni sustav i poklopac od nehr\u0111aju\u0107eg \u010delika\" \/>\n<meta property=\"og:url\" content=\"https:\/\/inti.hr\/bs\/proizvod\/dozator-soka-2-x-7-l\/\" \/>\n<meta property=\"og:site_name\" content=\"Inti\" \/>\n<meta property=\"og:image\" content=\"https:\/\/i0.wp.com\/inti.hr\/wp-content\/uploads\/2024\/01\/10012054_photo_1.webp?fit=1600%2C1600&ssl=1\" \/>\n\t<meta property=\"og:image:width\" content=\"1600\" \/>\n\t<meta property=\"og:image:height\" content=\"1600\" \/>\n\t<meta property=\"og:image:type\" content=\"image\/webp\" \/>\n<meta name=\"twitter:card\" content=\"summary_large_image\" \/>\n<meta name=\"twitter:label1\" content=\"Est. reading time\" \/>\n\t<meta name=\"twitter:data1\" content=\"2 minute\" \/>\n<script type=\"application\/ld+json\" class=\"yoast-schema-graph\">{\"@context\":\"https:\/\/schema.org\",\"@graph\":[{\"@type\":\"WebPage\",\"@id\":\"https:\/\/inti.hr\/bs\/proizvod\/dozator-soka-2-x-7-l\/\",\"url\":\"https:\/\/inti.hr\/bs\/proizvod\/dozator-soka-2-x-7-l\/\",\"name\":\"Dozator soka - 2 x 7 l - Inti\",\"isPartOf\":{\"@id\":\"https:\/\/inti.hr\/bs\/#website\"},\"primaryImageOfPage\":{\"@id\":\"https:\/\/inti.hr\/bs\/proizvod\/dozator-soka-2-x-7-l\/#primaryimage\"},\"image\":{\"@id\":\"https:\/\/inti.hr\/bs\/proizvod\/dozator-soka-2-x-7-l\/#primaryimage\"},\"thumbnailUrl\":\"https:\/\/i0.wp.com\/inti.hr\/wp-content\/uploads\/2024\/01\/10012054_photo_1.webp?fit=1600%2C1600&ssl=1\",\"datePublished\":\"2024-01-25T09:09:41+00:00\",\"dateModified\":\"2024-01-25T09:09:41+00:00\",\"description\":\"Large \u2013 dozator za sok velikog volumena s dvije posude od 2 x 7 LPure \u2013 nepropusni umetak za hla\u0111enje sprje\u010dava razvodnjavanje napitkaProzirne \u2013 prozirne plasti\u010dne posude prikazuju sadr\u017eajJednostavan \u2013 glatki napon za precizno poslu\u017eivanjeFleksibilan \u2013 za \u010da\u0161e i \u0161alice maksimalne visine 190 mmNisko odr\u017eavanje \u2013 drveni okvir, rashladni sustav i poklopac od nehr\u0111aju\u0107eg \u010delika\",\"breadcrumb\":{\"@id\":\"https:\/\/inti.hr\/bs\/proizvod\/dozator-soka-2-x-7-l\/#breadcrumb\"},\"inLanguage\":\"bs-BA\",\"potentialAction\":[{\"@type\":\"ReadAction\",\"target\":[\"https:\/\/inti.hr\/bs\/proizvod\/dozator-soka-2-x-7-l\/\"]}]},{\"@type\":\"ImageObject\",\"inLanguage\":\"bs-BA\",\"@id\":\"https:\/\/inti.hr\/bs\/proizvod\/dozator-soka-2-x-7-l\/#primaryimage\",\"url\":\"https:\/\/i0.wp.com\/inti.hr\/wp-content\/uploads\/2024\/01\/10012054_photo_1.webp?fit=1600%2C1600&ssl=1\",\"contentUrl\":\"https:\/\/i0.wp.com\/inti.hr\/wp-content\/uploads\/2024\/01\/10012054_photo_1.webp?fit=1600%2C1600&ssl=1\",\"width\":1600,\"height\":1600},{\"@type\":\"BreadcrumbList\",\"@id\":\"https:\/\/inti.hr\/bs\/proizvod\/dozator-soka-2-x-7-l\/#breadcrumb\",\"itemListElement\":[{\"@type\":\"ListItem\",\"position\":1,\"name\":\"Po\u010detna stranica\",\"item\":\"https:\/\/inti.hr\/bs\/\"},{\"@type\":\"ListItem\",\"position\":2,\"name\":\"Trgovina\",\"item\":\"https:\/\/inti.hr\/bs\/trgovina\/\"},{\"@type\":\"ListItem\",\"position\":3,\"name\":\"Dozator soka &#8211; 2 x 7 l\"}]},{\"@type\":\"WebSite\",\"@id\":\"https:\/\/inti.hr\/bs\/#website\",\"url\":\"https:\/\/inti.hr\/bs\/\",\"name\":\"Inti\",\"description\":\"trgovina\",\"potentialAction\":[{\"@type\":\"SearchAction\",\"target\":{\"@type\":\"EntryPoint\",\"urlTemplate\":\"https:\/\/inti.hr\/bs\/?s={search_term_string}\"},\"query-input\":{\"@type\":\"PropertyValueSpecification\",\"valueRequired\":true,\"valueName\":\"search_term_string\"}}],\"inLanguage\":\"bs-BA\"}]}<\/script>\n<!-- \/ Yoast SEO plugin. -->","yoast_head_json":{"title":"Dozator soka - 2 x 7 l - Inti","description":"Large \u2013 dozator za sok velikog volumena s dvije posude od 2 x 7 LPure \u2013 nepropusni umetak za hla\u0111enje sprje\u010dava razvodnjavanje napitkaProzirne \u2013 prozirne plasti\u010dne posude prikazuju sadr\u017eajJednostavan \u2013 glatki napon za precizno poslu\u017eivanjeFleksibilan \u2013 za \u010da\u0161e i \u0161alice maksimalne visine 190 mmNisko odr\u017eavanje \u2013 drveni okvir, rashladni sustav i poklopac od nehr\u0111aju\u0107eg \u010delika","robots":{"index":"index","follow":"follow","max-snippet":"max-snippet:-1","max-image-preview":"max-image-preview:large","max-video-preview":"max-video-preview:-1"},"canonical":"https:\/\/inti.hr\/bs\/proizvod\/dozator-soka-2-x-7-l\/","og_locale":"bs_BA","og_type":"article","og_title":"Dozator soka - 2 x 7 l - Inti","og_description":"Large \u2013 dozator za sok velikog volumena s dvije posude od 2 x 7 LPure \u2013 nepropusni umetak za hla\u0111enje sprje\u010dava razvodnjavanje napitkaProzirne \u2013 prozirne plasti\u010dne posude prikazuju sadr\u017eajJednostavan \u2013 glatki napon za precizno poslu\u017eivanjeFleksibilan \u2013 za \u010da\u0161e i \u0161alice maksimalne visine 190 mmNisko odr\u017eavanje \u2013 drveni okvir, rashladni sustav i poklopac od nehr\u0111aju\u0107eg \u010delika","og_url":"https:\/\/inti.hr\/bs\/proizvod\/dozator-soka-2-x-7-l\/","og_site_name":"Inti","og_image":[{"width":1600,"height":1600,"url":"https:\/\/i0.wp.com\/inti.hr\/wp-content\/uploads\/2024\/01\/10012054_photo_1.webp?fit=1600%2C1600&ssl=1","type":"image\/webp"}],"twitter_card":"summary_large_image","twitter_misc":{"Est. reading time":"2 minute"},"schema":{"@context":"https:\/\/schema.org","@graph":[{"@type":"WebPage","@id":"https:\/\/inti.hr\/bs\/proizvod\/dozator-soka-2-x-7-l\/","url":"https:\/\/inti.hr\/bs\/proizvod\/dozator-soka-2-x-7-l\/","name":"Dozator soka - 2 x 7 l - Inti","isPartOf":{"@id":"https:\/\/inti.hr\/bs\/#website"},"primaryImageOfPage":{"@id":"https:\/\/inti.hr\/bs\/proizvod\/dozator-soka-2-x-7-l\/#primaryimage"},"image":{"@id":"https:\/\/inti.hr\/bs\/proizvod\/dozator-soka-2-x-7-l\/#primaryimage"},"thumbnailUrl":"https:\/\/i0.wp.com\/inti.hr\/wp-content\/uploads\/2024\/01\/10012054_photo_1.webp?fit=1600%2C1600&ssl=1","datePublished":"2024-01-25T09:09:41+00:00","dateModified":"2024-01-25T09:09:41+00:00","description":"Large \u2013 dozator za sok velikog volumena s dvije posude od 2 x 7 LPure \u2013 nepropusni umetak za hla\u0111enje sprje\u010dava razvodnjavanje napitkaProzirne \u2013 prozirne plasti\u010dne posude prikazuju sadr\u017eajJednostavan \u2013 glatki napon za precizno poslu\u017eivanjeFleksibilan \u2013 za \u010da\u0161e i \u0161alice maksimalne visine 190 mmNisko odr\u017eavanje \u2013 drveni okvir, rashladni sustav i poklopac od nehr\u0111aju\u0107eg \u010delika","breadcrumb":{"@id":"https:\/\/inti.hr\/bs\/proizvod\/dozator-soka-2-x-7-l\/#breadcrumb"},"inLanguage":"bs-BA","potentialAction":[{"@type":"ReadAction","target":["https:\/\/inti.hr\/bs\/proizvod\/dozator-soka-2-x-7-l\/"]}]},{"@type":"ImageObject","inLanguage":"bs-BA","@id":"https:\/\/inti.hr\/bs\/proizvod\/dozator-soka-2-x-7-l\/#primaryimage","url":"https:\/\/i0.wp.com\/inti.hr\/wp-content\/uploads\/2024\/01\/10012054_photo_1.webp?fit=1600%2C1600&ssl=1","contentUrl":"https:\/\/i0.wp.com\/inti.hr\/wp-content\/uploads\/2024\/01\/10012054_photo_1.webp?fit=1600%2C1600&ssl=1","width":1600,"height":1600},{"@type":"BreadcrumbList","@id":"https:\/\/inti.hr\/bs\/proizvod\/dozator-soka-2-x-7-l\/#breadcrumb","itemListElement":[{"@type":"ListItem","position":1,"name":"Po\u010detna stranica","item":"https:\/\/inti.hr\/bs\/"},{"@type":"ListItem","position":2,"name":"Trgovina","item":"https:\/\/inti.hr\/bs\/trgovina\/"},{"@type":"ListItem","position":3,"name":"Dozator soka &#8211; 2 x 7 l"}]},{"@type":"WebSite","@id":"https:\/\/inti.hr\/bs\/#website","url":"https:\/\/inti.hr\/bs\/","name":"Inti","description":"trgovina","potentialAction":[{"@type":"SearchAction","target":{"@type":"EntryPoint","urlTemplate":"https:\/\/inti.hr\/bs\/?s={search_term_string}"},"query-input":{"@type":"PropertyValueSpecification","valueRequired":true,"valueName":"search_term_string"}}],"inLanguage":"bs-BA"}]}},"jetpack_sharing_enabled":true,"jetpack-related-posts":[],"_links":{"self":[{"href":"https:\/\/inti.hr\/bs\/wp-json\/wp\/v2\/product\/36321"}],"collection":[{"href":"https:\/\/inti.hr\/bs\/wp-json\/wp\/v2\/product"}],"about":[{"href":"https:\/\/inti.hr\/bs\/wp-json\/wp\/v2\/types\/product"}],"wp:featuredmedia":[{"embeddable":true,"href":"https:\/\/inti.hr\/bs\/wp-json\/wp\/v2\/media\/36322"}],"wp:attachment":[{"href":"https:\/\/inti.hr\/bs\/wp-json\/wp\/v2\/media?parent=36321"}],"wp:term":[{"taxonomy":"product_cat","embeddable":true,"href":"https:\/\/inti.hr\/bs\/wp-json\/wp\/v2\/product_cat?post=36321"},{"taxonomy":"product_tag","embeddable":true,"href":"https:\/\/inti.hr\/bs\/wp-json\/wp\/v2\/product_tag?post=36321"}],"curies":[{"name":"wp","href":"https:\/\/api.w.org\/{rel}","templated":true}]}}