{"id":36329,"date":"2024-01-25T08:53:04","date_gmt":"2024-01-25T08:53:04","guid":{"rendered":"https:\/\/inti.hr\/product\/drzac-zacina-4-x-04-l\/"},"modified":"2024-01-25T08:53:04","modified_gmt":"2024-01-25T08:53:04","slug":"drzac-zacina-4-x-04-l","status":"publish","type":"product","link":"https:\/\/inti.hr\/bs\/proizvod\/drzac-zacina-4-x-04-l\/","title":{"rendered":"Dr\u017ea\u010d za\u010dina 4 x 0,4 l"},"content":{"rendered":"<p>Detalji proizvoda:<\/p>\n<p>S posudom za sastojke od nehr\u0111aju\u0107eg \u010delika dobivate 4 uklonjive posude od nehr\u0111aju\u0107eg \u010delika. Svaki ulo\u017eak mo\u017ee primiti do 0,4 l; dr\u017ea\u010d za\u010dina stoga ima ukupni volumen do 1,6 l. Prozirni poklopac od plastike (PP) jam\u010di sigurno brtvljenje sastojaka zahvaljuju\u0107i optimalnom pristajanju, tako da ostaju svje\u017ei i ukusni \u010dak i kroz dulje vrijeme. A u vru\u0107im ljetnim danima navlaka \u0161titi i od insekata. \u010ci\u0161\u0107enje gornje police od nehr\u0111aju\u0107eg \u010delika posebno je jednostavno jer se svi elementi mogu prati u perilici posu\u0111a.<\/p>\n<p>Budu\u0107i da gastronomska polica ima \u010detiri neklizaju\u0107e gumene noge, uvijek ima sigurno postolje. U isto vrijeme, no\u017eice \u0161tite povr\u0161inu od ne\u017eeljenih ogrebotina kada pomi\u010dete policu. Tako mo\u017eete bez oklijevanja postaviti spremnik sa sastojcima na bilo koju povr\u0161inu i jednako ga lako premjestiti ili transportirati. U u\u017eurbanoj kuhinji, ovaj pametni kuhinjski pribor slu\u017ei kao prakti\u010dna organizacijska pomo\u0107 za pripremu va\u0161ih kreacija hrane.<\/p>\n<p>&nbsp;<\/p>\n<p>Tehni\u010dke pojedinosti:<br \/>\nMaterijal: nehr\u0111aju\u0107i \u010delik, PP<\/p>\n<p>Kapacitet spremnika [l]: 0.4<\/p>\n<p>Te\u017eina: 0.9 kg<\/p>\n<p>Boja: bijela<\/p>\n<p>Dimenzije za\u010dina [mm]: 305 x 150 x 90<\/p>\n<p>Dimenzije (Dx\u0160xV): 31 x 15 x 10 cm<\/p>\n<p>Ukupni kapacitet [L]: 1.6L<\/p>\n","protected":false},"excerpt":{"rendered":"<p>Prostran \u2013 bolje organiziran zahvaljuju\u0107i 4 spremnika kapaciteta 0,4 l svaki<br \/>\nProfesionalno &#8230; <\/p>\n","protected":false},"featured_media":36330,"template":"","meta":[],"product_cat":[4006],"product_tag":[4770,4771,3359],"yoast_head":"<!-- This site is optimized with the Yoast SEO plugin v23.7 - https:\/\/yoast.com\/wordpress\/plugins\/seo\/ -->\n<title>Dr\u017ea\u010d za\u010dina 4 x 0,4 l - Inti<\/title>\n<meta name=\"description\" content=\"Prostran \u2013 bolje organiziran zahvaljuju\u0107i 4 spremnika kapaciteta 0,4 l svak iProfesionalno \u2013 visokokvalitetno ku\u0107i\u0161te od nehr\u0111aju\u0107eg \u010delika za ugostiteljske potrebe Higijenski \u2013 lako se \u010disti i mo\u017ee se prati u perilici posu\u0111a Svje\u017ei \u2013 za\u0161ti\u0107eni sastojci kroz plasti\u010dni poklopacStabilan \u2013 stoji bez klizanja i sigurno na 4 gumene noge\" \/>\n<meta name=\"robots\" content=\"index, follow, max-snippet:-1, max-image-preview:large, max-video-preview:-1\" \/>\n<link rel=\"canonical\" href=\"https:\/\/inti.hr\/bs\/proizvod\/drzac-zacina-4-x-04-l\/\" \/>\n<meta property=\"og:locale\" content=\"bs_BA\" \/>\n<meta property=\"og:type\" content=\"article\" \/>\n<meta property=\"og:title\" content=\"Dr\u017ea\u010d za\u010dina 4 x 0,4 l - Inti\" \/>\n<meta property=\"og:description\" content=\"Prostran \u2013 bolje organiziran zahvaljuju\u0107i 4 spremnika kapaciteta 0,4 l svak iProfesionalno \u2013 visokokvalitetno ku\u0107i\u0161te od nehr\u0111aju\u0107eg \u010delika za ugostiteljske potrebe Higijenski \u2013 lako se \u010disti i mo\u017ee se prati u perilici posu\u0111a Svje\u017ei \u2013 za\u0161ti\u0107eni sastojci kroz plasti\u010dni poklopacStabilan \u2013 stoji bez klizanja i sigurno na 4 gumene noge\" \/>\n<meta property=\"og:url\" content=\"https:\/\/inti.hr\/bs\/proizvod\/drzac-zacina-4-x-04-l\/\" \/>\n<meta property=\"og:site_name\" content=\"Inti\" \/>\n<meta property=\"og:image\" content=\"https:\/\/i0.wp.com\/inti.hr\/wp-content\/uploads\/2024\/01\/10012791_photo_1.webp?fit=1600%2C1600&ssl=1\" \/>\n\t<meta property=\"og:image:width\" content=\"1600\" \/>\n\t<meta property=\"og:image:height\" content=\"1600\" \/>\n\t<meta property=\"og:image:type\" content=\"image\/webp\" \/>\n<meta name=\"twitter:card\" content=\"summary_large_image\" \/>\n<meta name=\"twitter:label1\" content=\"Est. reading time\" \/>\n\t<meta name=\"twitter:data1\" content=\"1 minuta\" \/>\n<script type=\"application\/ld+json\" class=\"yoast-schema-graph\">{\"@context\":\"https:\/\/schema.org\",\"@graph\":[{\"@type\":\"WebPage\",\"@id\":\"https:\/\/inti.hr\/bs\/proizvod\/drzac-zacina-4-x-04-l\/\",\"url\":\"https:\/\/inti.hr\/bs\/proizvod\/drzac-zacina-4-x-04-l\/\",\"name\":\"Dr\u017ea\u010d za\u010dina 4 x 0,4 l - Inti\",\"isPartOf\":{\"@id\":\"https:\/\/inti.hr\/bs\/#website\"},\"primaryImageOfPage\":{\"@id\":\"https:\/\/inti.hr\/bs\/proizvod\/drzac-zacina-4-x-04-l\/#primaryimage\"},\"image\":{\"@id\":\"https:\/\/inti.hr\/bs\/proizvod\/drzac-zacina-4-x-04-l\/#primaryimage\"},\"thumbnailUrl\":\"https:\/\/i0.wp.com\/inti.hr\/wp-content\/uploads\/2024\/01\/10012791_photo_1.webp?fit=1600%2C1600&ssl=1\",\"datePublished\":\"2024-01-25T08:53:04+00:00\",\"dateModified\":\"2024-01-25T08:53:04+00:00\",\"description\":\"Prostran \u2013 bolje organiziran zahvaljuju\u0107i 4 spremnika kapaciteta 0,4 l svak iProfesionalno \u2013 visokokvalitetno ku\u0107i\u0161te od nehr\u0111aju\u0107eg \u010delika za ugostiteljske potrebe Higijenski \u2013 lako se \u010disti i mo\u017ee se prati u perilici posu\u0111a Svje\u017ei \u2013 za\u0161ti\u0107eni sastojci kroz plasti\u010dni poklopacStabilan \u2013 stoji bez klizanja i sigurno na 4 gumene noge\",\"breadcrumb\":{\"@id\":\"https:\/\/inti.hr\/bs\/proizvod\/drzac-zacina-4-x-04-l\/#breadcrumb\"},\"inLanguage\":\"bs-BA\",\"potentialAction\":[{\"@type\":\"ReadAction\",\"target\":[\"https:\/\/inti.hr\/bs\/proizvod\/drzac-zacina-4-x-04-l\/\"]}]},{\"@type\":\"ImageObject\",\"inLanguage\":\"bs-BA\",\"@id\":\"https:\/\/inti.hr\/bs\/proizvod\/drzac-zacina-4-x-04-l\/#primaryimage\",\"url\":\"https:\/\/i0.wp.com\/inti.hr\/wp-content\/uploads\/2024\/01\/10012791_photo_1.webp?fit=1600%2C1600&ssl=1\",\"contentUrl\":\"https:\/\/i0.wp.com\/inti.hr\/wp-content\/uploads\/2024\/01\/10012791_photo_1.webp?fit=1600%2C1600&ssl=1\",\"width\":1600,\"height\":1600},{\"@type\":\"BreadcrumbList\",\"@id\":\"https:\/\/inti.hr\/bs\/proizvod\/drzac-zacina-4-x-04-l\/#breadcrumb\",\"itemListElement\":[{\"@type\":\"ListItem\",\"position\":1,\"name\":\"Po\u010detna stranica\",\"item\":\"https:\/\/inti.hr\/bs\/\"},{\"@type\":\"ListItem\",\"position\":2,\"name\":\"Trgovina\",\"item\":\"https:\/\/inti.hr\/bs\/trgovina\/\"},{\"@type\":\"ListItem\",\"position\":3,\"name\":\"Dr\u017ea\u010d za\u010dina 4 x 0,4 l\"}]},{\"@type\":\"WebSite\",\"@id\":\"https:\/\/inti.hr\/bs\/#website\",\"url\":\"https:\/\/inti.hr\/bs\/\",\"name\":\"Inti\",\"description\":\"trgovina\",\"potentialAction\":[{\"@type\":\"SearchAction\",\"target\":{\"@type\":\"EntryPoint\",\"urlTemplate\":\"https:\/\/inti.hr\/bs\/?s={search_term_string}\"},\"query-input\":{\"@type\":\"PropertyValueSpecification\",\"valueRequired\":true,\"valueName\":\"search_term_string\"}}],\"inLanguage\":\"bs-BA\"}]}<\/script>\n<!-- \/ Yoast SEO plugin. -->","yoast_head_json":{"title":"Dr\u017ea\u010d za\u010dina 4 x 0,4 l - Inti","description":"Prostran \u2013 bolje organiziran zahvaljuju\u0107i 4 spremnika kapaciteta 0,4 l svak iProfesionalno \u2013 visokokvalitetno ku\u0107i\u0161te od nehr\u0111aju\u0107eg \u010delika za ugostiteljske potrebe Higijenski \u2013 lako se \u010disti i mo\u017ee se prati u perilici posu\u0111a Svje\u017ei \u2013 za\u0161ti\u0107eni sastojci kroz plasti\u010dni poklopacStabilan \u2013 stoji bez klizanja i sigurno na 4 gumene noge","robots":{"index":"index","follow":"follow","max-snippet":"max-snippet:-1","max-image-preview":"max-image-preview:large","max-video-preview":"max-video-preview:-1"},"canonical":"https:\/\/inti.hr\/bs\/proizvod\/drzac-zacina-4-x-04-l\/","og_locale":"bs_BA","og_type":"article","og_title":"Dr\u017ea\u010d za\u010dina 4 x 0,4 l - Inti","og_description":"Prostran \u2013 bolje organiziran zahvaljuju\u0107i 4 spremnika kapaciteta 0,4 l svak iProfesionalno \u2013 visokokvalitetno ku\u0107i\u0161te od nehr\u0111aju\u0107eg \u010delika za ugostiteljske potrebe Higijenski \u2013 lako se \u010disti i mo\u017ee se prati u perilici posu\u0111a Svje\u017ei \u2013 za\u0161ti\u0107eni sastojci kroz plasti\u010dni poklopacStabilan \u2013 stoji bez klizanja i sigurno na 4 gumene noge","og_url":"https:\/\/inti.hr\/bs\/proizvod\/drzac-zacina-4-x-04-l\/","og_site_name":"Inti","og_image":[{"width":1600,"height":1600,"url":"https:\/\/i0.wp.com\/inti.hr\/wp-content\/uploads\/2024\/01\/10012791_photo_1.webp?fit=1600%2C1600&ssl=1","type":"image\/webp"}],"twitter_card":"summary_large_image","twitter_misc":{"Est. reading time":"1 minuta"},"schema":{"@context":"https:\/\/schema.org","@graph":[{"@type":"WebPage","@id":"https:\/\/inti.hr\/bs\/proizvod\/drzac-zacina-4-x-04-l\/","url":"https:\/\/inti.hr\/bs\/proizvod\/drzac-zacina-4-x-04-l\/","name":"Dr\u017ea\u010d za\u010dina 4 x 0,4 l - Inti","isPartOf":{"@id":"https:\/\/inti.hr\/bs\/#website"},"primaryImageOfPage":{"@id":"https:\/\/inti.hr\/bs\/proizvod\/drzac-zacina-4-x-04-l\/#primaryimage"},"image":{"@id":"https:\/\/inti.hr\/bs\/proizvod\/drzac-zacina-4-x-04-l\/#primaryimage"},"thumbnailUrl":"https:\/\/i0.wp.com\/inti.hr\/wp-content\/uploads\/2024\/01\/10012791_photo_1.webp?fit=1600%2C1600&ssl=1","datePublished":"2024-01-25T08:53:04+00:00","dateModified":"2024-01-25T08:53:04+00:00","description":"Prostran \u2013 bolje organiziran zahvaljuju\u0107i 4 spremnika kapaciteta 0,4 l svak iProfesionalno \u2013 visokokvalitetno ku\u0107i\u0161te od nehr\u0111aju\u0107eg \u010delika za ugostiteljske potrebe Higijenski \u2013 lako se \u010disti i mo\u017ee se prati u perilici posu\u0111a Svje\u017ei \u2013 za\u0161ti\u0107eni sastojci kroz plasti\u010dni poklopacStabilan \u2013 stoji bez klizanja i sigurno na 4 gumene noge","breadcrumb":{"@id":"https:\/\/inti.hr\/bs\/proizvod\/drzac-zacina-4-x-04-l\/#breadcrumb"},"inLanguage":"bs-BA","potentialAction":[{"@type":"ReadAction","target":["https:\/\/inti.hr\/bs\/proizvod\/drzac-zacina-4-x-04-l\/"]}]},{"@type":"ImageObject","inLanguage":"bs-BA","@id":"https:\/\/inti.hr\/bs\/proizvod\/drzac-zacina-4-x-04-l\/#primaryimage","url":"https:\/\/i0.wp.com\/inti.hr\/wp-content\/uploads\/2024\/01\/10012791_photo_1.webp?fit=1600%2C1600&ssl=1","contentUrl":"https:\/\/i0.wp.com\/inti.hr\/wp-content\/uploads\/2024\/01\/10012791_photo_1.webp?fit=1600%2C1600&ssl=1","width":1600,"height":1600},{"@type":"BreadcrumbList","@id":"https:\/\/inti.hr\/bs\/proizvod\/drzac-zacina-4-x-04-l\/#breadcrumb","itemListElement":[{"@type":"ListItem","position":1,"name":"Po\u010detna stranica","item":"https:\/\/inti.hr\/bs\/"},{"@type":"ListItem","position":2,"name":"Trgovina","item":"https:\/\/inti.hr\/bs\/trgovina\/"},{"@type":"ListItem","position":3,"name":"Dr\u017ea\u010d za\u010dina 4 x 0,4 l"}]},{"@type":"WebSite","@id":"https:\/\/inti.hr\/bs\/#website","url":"https:\/\/inti.hr\/bs\/","name":"Inti","description":"trgovina","potentialAction":[{"@type":"SearchAction","target":{"@type":"EntryPoint","urlTemplate":"https:\/\/inti.hr\/bs\/?s={search_term_string}"},"query-input":{"@type":"PropertyValueSpecification","valueRequired":true,"valueName":"search_term_string"}}],"inLanguage":"bs-BA"}]}},"jetpack_sharing_enabled":true,"jetpack-related-posts":[],"_links":{"self":[{"href":"https:\/\/inti.hr\/bs\/wp-json\/wp\/v2\/product\/36329"}],"collection":[{"href":"https:\/\/inti.hr\/bs\/wp-json\/wp\/v2\/product"}],"about":[{"href":"https:\/\/inti.hr\/bs\/wp-json\/wp\/v2\/types\/product"}],"wp:featuredmedia":[{"embeddable":true,"href":"https:\/\/inti.hr\/bs\/wp-json\/wp\/v2\/media\/36330"}],"wp:attachment":[{"href":"https:\/\/inti.hr\/bs\/wp-json\/wp\/v2\/media?parent=36329"}],"wp:term":[{"taxonomy":"product_cat","embeddable":true,"href":"https:\/\/inti.hr\/bs\/wp-json\/wp\/v2\/product_cat?post=36329"},{"taxonomy":"product_tag","embeddable":true,"href":"https:\/\/inti.hr\/bs\/wp-json\/wp\/v2\/product_tag?post=36329"}],"curies":[{"name":"wp","href":"https:\/\/api.w.org\/{rel}","templated":true}]}}