{"id":36333,"date":"2024-01-25T08:43:18","date_gmt":"2024-01-25T08:43:18","guid":{"rendered":"https:\/\/inti.hr\/product\/drzac-zacina-od-nehrdajuceg-celika\/"},"modified":"2024-01-25T08:43:18","modified_gmt":"2024-01-25T08:43:18","slug":"drzac-zacina-od-nehrdajuceg-celika","status":"publish","type":"product","link":"https:\/\/inti.hr\/bs\/proizvod\/drzac-zacina-od-nehrdajuceg-celika\/","title":{"rendered":"Dr\u017ea\u010d za\u010dina od nehr\u0111aju\u0107eg \u010delika"},"content":{"rendered":"<p>Detalji proizvoda:<\/p>\n<p>Dr\u017ea\u010d za\u010dina RCCBS 6 tvrtke Royal Catering idealna je pomo\u0107 pri organizaciji va\u0161ih obroka. Razli\u010diti sastojci, poput sirove hrane ili vo\u0107a, mogu se pohraniti odvojeno i odr\u017eavati svje\u017eima za pripremu jela. Dr\u017ea\u010d za\u010dina je moderno rje\u0161enje za profesionalne kuhinje u restoranima, bistroima, barovima, lancima brze hrane, festivalskim \u0161tandovima ili catering uslugama.<\/p>\n<p>Dr\u017ea\u010d za\u010dina ima \u0161est odvojenih posuda od nehr\u0111aju\u0107eg \u010delika koje se mogu zasebno puniti i umetnuti u policu. Svaka posuda ima kapacitet do 450 ml, tako da ukupno mo\u017eete spremiti do 2,7 litara hrane. Pogotovo u u\u017eurbanim kuhinjama, dr\u017ea\u010d za\u010dina je prakti\u010dna organizacijska pomo\u0107 za pripremu hrane.<\/p>\n<p>Ku\u0107i\u0161te dr\u017ea\u010da za\u010dina izra\u0111eno je od visokokvalitetnog nehr\u0111aju\u0107eg \u010delika i jam\u010di posebno visoku stabilnost i dugovje\u010dnost. Osim toga, jaka otpornost materijala \u0161titi hranu od biolo\u0161kih i kemijskih reakcija, \u010dine\u0107i dr\u017ea\u010d za\u010dina idealnim rje\u0161enjem za rukovanje hranom. Materijal ostaje higijenski \u010dak i nakon dulje uporabe.<\/p>\n<p>Budu\u0107i da polica od nehr\u0111aju\u0107eg \u010delika dr\u017ea\u010da za\u010dina ima \u010detiri neklizaju\u0107e gumene noge, posude uvijek imaju siguran oslonac. Istovremeno, same no\u017eice \u0161tite povr\u0161ine od ogrebotina kada se ure\u0111aj pomi\u010de. Dr\u017ea\u010d za\u010dina mo\u017eete postaviti na bilo koju povr\u0161inu i lako ga transportirati.<\/p>\n<p>U kompletu se nalazi i prakti\u010dna navlaka za policu koja je tako\u0111er izra\u0111ena od kvalitetnog i robusnog nehr\u0111aju\u0107eg \u010delika. Poklopac vam omogu\u0107uje da \u010dvrsto zatvorite sastojke, tako da dugo ostaju svje\u017ei i ukusni. U vru\u0107im ljetnim danima poklopac slu\u017ei i kao korisna za\u0161tita od insekata.<\/p>\n<p>Svaki dr\u017ea\u010d za\u010dina mo\u017ee se zasebno ukloniti kako bi se napunio ili ispraznio. \u010ci\u0161\u0107enje posuda od nehr\u0111aju\u0107eg \u010delika posebno je jednostavno jer se svi sastavni dijelovi mogu prati u perilici posu\u0111a. Dr\u017ea\u010d za\u010dina RCCBS 6 tvrtke Royal Catering nadopunjuje namje\u0161taj od nehr\u0111aju\u0107eg \u010delika u svakoj profesionalnoj kuhinji!<\/p>\n<p>&nbsp;<\/p>\n<p>Tehni\u010dke pojedinosti:<\/p>\n<p>Ukupni kapacitet [L]: 2,7l<\/p>\n<p>Dimenzije za\u010dina [mm]: 145 x 76.5 x 72<\/p>\n<p>Dimenzije (Dx\u0160xV): 15 x 46 x 9.5 cm<\/p>\n<p>Kapacitet spremnika [l]: 0.450<\/p>\n<p>Te\u017eina: 1.75 kg<\/p>\n","protected":false},"excerpt":{"rendered":"<p>Bolja organizacija sa 6 spremnika za razli\u010dite sastojke<br \/>\nKu\u0107i\u0161te od nehr\u0111aju\u0107eg \u010delika &#8230; <\/p>\n","protected":false},"featured_media":36334,"template":"","meta":[],"product_cat":[4006],"product_tag":[4774,3359],"yoast_head":"<!-- This site is optimized with the Yoast SEO plugin v23.7 - https:\/\/yoast.com\/wordpress\/plugins\/seo\/ -->\n<title>Dr\u017ea\u010d za\u010dina od nehr\u0111aju\u0107eg \u010delika - Inti<\/title>\n<meta name=\"description\" content=\"Bolja organizacija sa 6 spremnika za razli\u010dite sastojke Ku\u0107i\u0161te od nehr\u0111aju\u0107eg \u010delika visoke kvalitete za va\u0161e ugostiteljske potrep\u0161tine \u010cvrst i siguran s 4 gumena gumba Svje\u017ei i za\u0161ti\u0107eni sastojci zahvaljuju\u0107i poklopcima od nehr\u0111aju\u0107eg \u010delika Zahtijeva malo odr\u017eavanja i mo\u017ee se prati u perilici posu\u0111a\" \/>\n<meta name=\"robots\" content=\"index, follow, max-snippet:-1, max-image-preview:large, max-video-preview:-1\" \/>\n<link rel=\"canonical\" href=\"https:\/\/inti.hr\/bs\/proizvod\/drzac-zacina-od-nehrdajuceg-celika\/\" \/>\n<meta property=\"og:locale\" content=\"bs_BA\" \/>\n<meta property=\"og:type\" content=\"article\" \/>\n<meta property=\"og:title\" content=\"Dr\u017ea\u010d za\u010dina od nehr\u0111aju\u0107eg \u010delika - Inti\" \/>\n<meta property=\"og:description\" content=\"Bolja organizacija sa 6 spremnika za razli\u010dite sastojke Ku\u0107i\u0161te od nehr\u0111aju\u0107eg \u010delika visoke kvalitete za va\u0161e ugostiteljske potrep\u0161tine \u010cvrst i siguran s 4 gumena gumba Svje\u017ei i za\u0161ti\u0107eni sastojci zahvaljuju\u0107i poklopcima od nehr\u0111aju\u0107eg \u010delika Zahtijeva malo odr\u017eavanja i mo\u017ee se prati u perilici posu\u0111a\" \/>\n<meta property=\"og:url\" content=\"https:\/\/inti.hr\/bs\/proizvod\/drzac-zacina-od-nehrdajuceg-celika\/\" \/>\n<meta property=\"og:site_name\" content=\"Inti\" \/>\n<meta property=\"og:image\" content=\"https:\/\/i0.wp.com\/inti.hr\/wp-content\/uploads\/2024\/01\/10011014_photo_1.webp?fit=1600%2C1600&ssl=1\" \/>\n\t<meta property=\"og:image:width\" content=\"1600\" \/>\n\t<meta property=\"og:image:height\" content=\"1600\" \/>\n\t<meta property=\"og:image:type\" content=\"image\/webp\" \/>\n<meta name=\"twitter:card\" content=\"summary_large_image\" \/>\n<meta name=\"twitter:label1\" content=\"Est. reading time\" \/>\n\t<meta name=\"twitter:data1\" content=\"2 minute\" \/>\n<script type=\"application\/ld+json\" class=\"yoast-schema-graph\">{\"@context\":\"https:\/\/schema.org\",\"@graph\":[{\"@type\":\"WebPage\",\"@id\":\"https:\/\/inti.hr\/bs\/proizvod\/drzac-zacina-od-nehrdajuceg-celika\/\",\"url\":\"https:\/\/inti.hr\/bs\/proizvod\/drzac-zacina-od-nehrdajuceg-celika\/\",\"name\":\"Dr\u017ea\u010d za\u010dina od nehr\u0111aju\u0107eg \u010delika - Inti\",\"isPartOf\":{\"@id\":\"https:\/\/inti.hr\/bs\/#website\"},\"primaryImageOfPage\":{\"@id\":\"https:\/\/inti.hr\/bs\/proizvod\/drzac-zacina-od-nehrdajuceg-celika\/#primaryimage\"},\"image\":{\"@id\":\"https:\/\/inti.hr\/bs\/proizvod\/drzac-zacina-od-nehrdajuceg-celika\/#primaryimage\"},\"thumbnailUrl\":\"https:\/\/i0.wp.com\/inti.hr\/wp-content\/uploads\/2024\/01\/10011014_photo_1.webp?fit=1600%2C1600&ssl=1\",\"datePublished\":\"2024-01-25T08:43:18+00:00\",\"dateModified\":\"2024-01-25T08:43:18+00:00\",\"description\":\"Bolja organizacija sa 6 spremnika za razli\u010dite sastojke Ku\u0107i\u0161te od nehr\u0111aju\u0107eg \u010delika visoke kvalitete za va\u0161e ugostiteljske potrep\u0161tine \u010cvrst i siguran s 4 gumena gumba Svje\u017ei i za\u0161ti\u0107eni sastojci zahvaljuju\u0107i poklopcima od nehr\u0111aju\u0107eg \u010delika Zahtijeva malo odr\u017eavanja i mo\u017ee se prati u perilici posu\u0111a\",\"breadcrumb\":{\"@id\":\"https:\/\/inti.hr\/bs\/proizvod\/drzac-zacina-od-nehrdajuceg-celika\/#breadcrumb\"},\"inLanguage\":\"bs-BA\",\"potentialAction\":[{\"@type\":\"ReadAction\",\"target\":[\"https:\/\/inti.hr\/bs\/proizvod\/drzac-zacina-od-nehrdajuceg-celika\/\"]}]},{\"@type\":\"ImageObject\",\"inLanguage\":\"bs-BA\",\"@id\":\"https:\/\/inti.hr\/bs\/proizvod\/drzac-zacina-od-nehrdajuceg-celika\/#primaryimage\",\"url\":\"https:\/\/i0.wp.com\/inti.hr\/wp-content\/uploads\/2024\/01\/10011014_photo_1.webp?fit=1600%2C1600&ssl=1\",\"contentUrl\":\"https:\/\/i0.wp.com\/inti.hr\/wp-content\/uploads\/2024\/01\/10011014_photo_1.webp?fit=1600%2C1600&ssl=1\",\"width\":1600,\"height\":1600},{\"@type\":\"BreadcrumbList\",\"@id\":\"https:\/\/inti.hr\/bs\/proizvod\/drzac-zacina-od-nehrdajuceg-celika\/#breadcrumb\",\"itemListElement\":[{\"@type\":\"ListItem\",\"position\":1,\"name\":\"Po\u010detna stranica\",\"item\":\"https:\/\/inti.hr\/bs\/\"},{\"@type\":\"ListItem\",\"position\":2,\"name\":\"Trgovina\",\"item\":\"https:\/\/inti.hr\/bs\/trgovina\/\"},{\"@type\":\"ListItem\",\"position\":3,\"name\":\"Dr\u017ea\u010d za\u010dina od nehr\u0111aju\u0107eg \u010delika\"}]},{\"@type\":\"WebSite\",\"@id\":\"https:\/\/inti.hr\/bs\/#website\",\"url\":\"https:\/\/inti.hr\/bs\/\",\"name\":\"Inti\",\"description\":\"trgovina\",\"potentialAction\":[{\"@type\":\"SearchAction\",\"target\":{\"@type\":\"EntryPoint\",\"urlTemplate\":\"https:\/\/inti.hr\/bs\/?s={search_term_string}\"},\"query-input\":{\"@type\":\"PropertyValueSpecification\",\"valueRequired\":true,\"valueName\":\"search_term_string\"}}],\"inLanguage\":\"bs-BA\"}]}<\/script>\n<!-- \/ Yoast SEO plugin. -->","yoast_head_json":{"title":"Dr\u017ea\u010d za\u010dina od nehr\u0111aju\u0107eg \u010delika - Inti","description":"Bolja organizacija sa 6 spremnika za razli\u010dite sastojke Ku\u0107i\u0161te od nehr\u0111aju\u0107eg \u010delika visoke kvalitete za va\u0161e ugostiteljske potrep\u0161tine \u010cvrst i siguran s 4 gumena gumba Svje\u017ei i za\u0161ti\u0107eni sastojci zahvaljuju\u0107i poklopcima od nehr\u0111aju\u0107eg \u010delika Zahtijeva malo odr\u017eavanja i mo\u017ee se prati u perilici posu\u0111a","robots":{"index":"index","follow":"follow","max-snippet":"max-snippet:-1","max-image-preview":"max-image-preview:large","max-video-preview":"max-video-preview:-1"},"canonical":"https:\/\/inti.hr\/bs\/proizvod\/drzac-zacina-od-nehrdajuceg-celika\/","og_locale":"bs_BA","og_type":"article","og_title":"Dr\u017ea\u010d za\u010dina od nehr\u0111aju\u0107eg \u010delika - Inti","og_description":"Bolja organizacija sa 6 spremnika za razli\u010dite sastojke Ku\u0107i\u0161te od nehr\u0111aju\u0107eg \u010delika visoke kvalitete za va\u0161e ugostiteljske potrep\u0161tine \u010cvrst i siguran s 4 gumena gumba Svje\u017ei i za\u0161ti\u0107eni sastojci zahvaljuju\u0107i poklopcima od nehr\u0111aju\u0107eg \u010delika Zahtijeva malo odr\u017eavanja i mo\u017ee se prati u perilici posu\u0111a","og_url":"https:\/\/inti.hr\/bs\/proizvod\/drzac-zacina-od-nehrdajuceg-celika\/","og_site_name":"Inti","og_image":[{"width":1600,"height":1600,"url":"https:\/\/i0.wp.com\/inti.hr\/wp-content\/uploads\/2024\/01\/10011014_photo_1.webp?fit=1600%2C1600&ssl=1","type":"image\/webp"}],"twitter_card":"summary_large_image","twitter_misc":{"Est. reading time":"2 minute"},"schema":{"@context":"https:\/\/schema.org","@graph":[{"@type":"WebPage","@id":"https:\/\/inti.hr\/bs\/proizvod\/drzac-zacina-od-nehrdajuceg-celika\/","url":"https:\/\/inti.hr\/bs\/proizvod\/drzac-zacina-od-nehrdajuceg-celika\/","name":"Dr\u017ea\u010d za\u010dina od nehr\u0111aju\u0107eg \u010delika - Inti","isPartOf":{"@id":"https:\/\/inti.hr\/bs\/#website"},"primaryImageOfPage":{"@id":"https:\/\/inti.hr\/bs\/proizvod\/drzac-zacina-od-nehrdajuceg-celika\/#primaryimage"},"image":{"@id":"https:\/\/inti.hr\/bs\/proizvod\/drzac-zacina-od-nehrdajuceg-celika\/#primaryimage"},"thumbnailUrl":"https:\/\/i0.wp.com\/inti.hr\/wp-content\/uploads\/2024\/01\/10011014_photo_1.webp?fit=1600%2C1600&ssl=1","datePublished":"2024-01-25T08:43:18+00:00","dateModified":"2024-01-25T08:43:18+00:00","description":"Bolja organizacija sa 6 spremnika za razli\u010dite sastojke Ku\u0107i\u0161te od nehr\u0111aju\u0107eg \u010delika visoke kvalitete za va\u0161e ugostiteljske potrep\u0161tine \u010cvrst i siguran s 4 gumena gumba Svje\u017ei i za\u0161ti\u0107eni sastojci zahvaljuju\u0107i poklopcima od nehr\u0111aju\u0107eg \u010delika Zahtijeva malo odr\u017eavanja i mo\u017ee se prati u perilici posu\u0111a","breadcrumb":{"@id":"https:\/\/inti.hr\/bs\/proizvod\/drzac-zacina-od-nehrdajuceg-celika\/#breadcrumb"},"inLanguage":"bs-BA","potentialAction":[{"@type":"ReadAction","target":["https:\/\/inti.hr\/bs\/proizvod\/drzac-zacina-od-nehrdajuceg-celika\/"]}]},{"@type":"ImageObject","inLanguage":"bs-BA","@id":"https:\/\/inti.hr\/bs\/proizvod\/drzac-zacina-od-nehrdajuceg-celika\/#primaryimage","url":"https:\/\/i0.wp.com\/inti.hr\/wp-content\/uploads\/2024\/01\/10011014_photo_1.webp?fit=1600%2C1600&ssl=1","contentUrl":"https:\/\/i0.wp.com\/inti.hr\/wp-content\/uploads\/2024\/01\/10011014_photo_1.webp?fit=1600%2C1600&ssl=1","width":1600,"height":1600},{"@type":"BreadcrumbList","@id":"https:\/\/inti.hr\/bs\/proizvod\/drzac-zacina-od-nehrdajuceg-celika\/#breadcrumb","itemListElement":[{"@type":"ListItem","position":1,"name":"Po\u010detna stranica","item":"https:\/\/inti.hr\/bs\/"},{"@type":"ListItem","position":2,"name":"Trgovina","item":"https:\/\/inti.hr\/bs\/trgovina\/"},{"@type":"ListItem","position":3,"name":"Dr\u017ea\u010d za\u010dina od nehr\u0111aju\u0107eg \u010delika"}]},{"@type":"WebSite","@id":"https:\/\/inti.hr\/bs\/#website","url":"https:\/\/inti.hr\/bs\/","name":"Inti","description":"trgovina","potentialAction":[{"@type":"SearchAction","target":{"@type":"EntryPoint","urlTemplate":"https:\/\/inti.hr\/bs\/?s={search_term_string}"},"query-input":{"@type":"PropertyValueSpecification","valueRequired":true,"valueName":"search_term_string"}}],"inLanguage":"bs-BA"}]}},"jetpack_sharing_enabled":true,"jetpack-related-posts":[],"_links":{"self":[{"href":"https:\/\/inti.hr\/bs\/wp-json\/wp\/v2\/product\/36333"}],"collection":[{"href":"https:\/\/inti.hr\/bs\/wp-json\/wp\/v2\/product"}],"about":[{"href":"https:\/\/inti.hr\/bs\/wp-json\/wp\/v2\/types\/product"}],"wp:featuredmedia":[{"embeddable":true,"href":"https:\/\/inti.hr\/bs\/wp-json\/wp\/v2\/media\/36334"}],"wp:attachment":[{"href":"https:\/\/inti.hr\/bs\/wp-json\/wp\/v2\/media?parent=36333"}],"wp:term":[{"taxonomy":"product_cat","embeddable":true,"href":"https:\/\/inti.hr\/bs\/wp-json\/wp\/v2\/product_cat?post=36333"},{"taxonomy":"product_tag","embeddable":true,"href":"https:\/\/inti.hr\/bs\/wp-json\/wp\/v2\/product_tag?post=36333"}],"curies":[{"name":"wp","href":"https:\/\/api.w.org\/{rel}","templated":true}]}}