{"id":36389,"date":"2023-09-22T09:06:20","date_gmt":"2023-09-22T09:06:20","guid":{"rendered":"https:\/\/inti.hr\/product\/djecja-kutija-za-igracke\/"},"modified":"2023-09-22T09:06:20","modified_gmt":"2023-09-22T09:06:20","slug":"djecja-kutija-za-igracke","status":"publish","type":"product","link":"https:\/\/inti.hr\/bs\/proizvod\/djecja-kutija-za-igracke\/","title":{"rendered":"Dje\u010dja kutija za igra\u010dke  70x40x35cm"},"content":{"rendered":"<p>Detalji proizvoda:<\/p>\n<p>Te\u017eina: 18,5 kg<br \/>\nTestirano za: 93 kg<br \/>\nMaterijal: Drvena vlakna.<br \/>\nMjere proizvoda: 70x40x35cm (vidi sliku)<br \/>\nDimenzije paketa: 79x46x17cm.<br \/>\nS uputama za sastavljanje i vijcima. Jednostavna instalacija.<\/p>\n","protected":false},"excerpt":{"rendered":"<p>Visina ovog ormari\u0107a je 35 cm, tako da djeca mogu samostalno &#8230; <\/p>\n","protected":false},"featured_media":36390,"template":"","meta":[],"product_cat":[2408],"product_tag":[4810,2945],"yoast_head":"<!-- This site is optimized with the Yoast SEO plugin v23.7 - https:\/\/yoast.com\/wordpress\/plugins\/seo\/ -->\n<title>Dje\u010dja kutija za igra\u010dke 70x40x35cm - Inti<\/title>\n<meta name=\"description\" content=\"Visina ovog ormari\u0107a je 35 cm, tako da djeca mogu samostalno organizirati svoje igra\u010dke. To poma\u017ee djeci da razviju va\u017ene navike za odr\u017eavanje \u010disto\u0107e i urednosti svog okoli\u0161a.S velikim pretincem za spremanje pli\u0161anih \u017eivotinja i igra\u010daka kao \u0161to su kocke, auti\u0107i, kockice itd.Zahvaljuju\u0107i nosivosti od 93 kg, djeca mogu lako sjediti i \u010ditati.\" \/>\n<meta name=\"robots\" content=\"index, follow, max-snippet:-1, max-image-preview:large, max-video-preview:-1\" \/>\n<link rel=\"canonical\" href=\"https:\/\/inti.hr\/bs\/proizvod\/djecja-kutija-za-igracke\/\" \/>\n<meta property=\"og:locale\" content=\"bs_BA\" \/>\n<meta property=\"og:type\" content=\"article\" \/>\n<meta property=\"og:title\" content=\"Dje\u010dja kutija za igra\u010dke 70x40x35cm - Inti\" \/>\n<meta property=\"og:description\" content=\"Visina ovog ormari\u0107a je 35 cm, tako da djeca mogu samostalno organizirati svoje igra\u010dke. To poma\u017ee djeci da razviju va\u017ene navike za odr\u017eavanje \u010disto\u0107e i urednosti svog okoli\u0161a.S velikim pretincem za spremanje pli\u0161anih \u017eivotinja i igra\u010daka kao \u0161to su kocke, auti\u0107i, kockice itd.Zahvaljuju\u0107i nosivosti od 93 kg, djeca mogu lako sjediti i \u010ditati.\" \/>\n<meta property=\"og:url\" content=\"https:\/\/inti.hr\/bs\/proizvod\/djecja-kutija-za-igracke\/\" \/>\n<meta property=\"og:site_name\" content=\"Inti\" \/>\n<meta property=\"og:image\" content=\"https:\/\/i0.wp.com\/inti.hr\/wp-content\/uploads\/2023\/09\/KMB73-W-Y001_670x.webp?fit=670%2C670&ssl=1\" \/>\n\t<meta property=\"og:image:width\" content=\"670\" \/>\n\t<meta property=\"og:image:height\" content=\"670\" \/>\n\t<meta property=\"og:image:type\" content=\"image\/webp\" \/>\n<meta name=\"twitter:card\" content=\"summary_large_image\" \/>\n<script type=\"application\/ld+json\" class=\"yoast-schema-graph\">{\"@context\":\"https:\/\/schema.org\",\"@graph\":[{\"@type\":\"WebPage\",\"@id\":\"https:\/\/inti.hr\/bs\/proizvod\/djecja-kutija-za-igracke\/\",\"url\":\"https:\/\/inti.hr\/bs\/proizvod\/djecja-kutija-za-igracke\/\",\"name\":\"Dje\u010dja kutija za igra\u010dke 70x40x35cm - Inti\",\"isPartOf\":{\"@id\":\"https:\/\/inti.hr\/bs\/#website\"},\"primaryImageOfPage\":{\"@id\":\"https:\/\/inti.hr\/bs\/proizvod\/djecja-kutija-za-igracke\/#primaryimage\"},\"image\":{\"@id\":\"https:\/\/inti.hr\/bs\/proizvod\/djecja-kutija-za-igracke\/#primaryimage\"},\"thumbnailUrl\":\"https:\/\/i0.wp.com\/inti.hr\/wp-content\/uploads\/2023\/09\/KMB73-W-Y001_670x.webp?fit=670%2C670&ssl=1\",\"datePublished\":\"2023-09-22T09:06:20+00:00\",\"dateModified\":\"2023-09-22T09:06:20+00:00\",\"description\":\"Visina ovog ormari\u0107a je 35 cm, tako da djeca mogu samostalno organizirati svoje igra\u010dke. To poma\u017ee djeci da razviju va\u017ene navike za odr\u017eavanje \u010disto\u0107e i urednosti svog okoli\u0161a.S velikim pretincem za spremanje pli\u0161anih \u017eivotinja i igra\u010daka kao \u0161to su kocke, auti\u0107i, kockice itd.Zahvaljuju\u0107i nosivosti od 93 kg, djeca mogu lako sjediti i \u010ditati.\",\"breadcrumb\":{\"@id\":\"https:\/\/inti.hr\/bs\/proizvod\/djecja-kutija-za-igracke\/#breadcrumb\"},\"inLanguage\":\"bs-BA\",\"potentialAction\":[{\"@type\":\"ReadAction\",\"target\":[\"https:\/\/inti.hr\/bs\/proizvod\/djecja-kutija-za-igracke\/\"]}]},{\"@type\":\"ImageObject\",\"inLanguage\":\"bs-BA\",\"@id\":\"https:\/\/inti.hr\/bs\/proizvod\/djecja-kutija-za-igracke\/#primaryimage\",\"url\":\"https:\/\/i0.wp.com\/inti.hr\/wp-content\/uploads\/2023\/09\/KMB73-W-Y001_670x.webp?fit=670%2C670&ssl=1\",\"contentUrl\":\"https:\/\/i0.wp.com\/inti.hr\/wp-content\/uploads\/2023\/09\/KMB73-W-Y001_670x.webp?fit=670%2C670&ssl=1\",\"width\":670,\"height\":670},{\"@type\":\"BreadcrumbList\",\"@id\":\"https:\/\/inti.hr\/bs\/proizvod\/djecja-kutija-za-igracke\/#breadcrumb\",\"itemListElement\":[{\"@type\":\"ListItem\",\"position\":1,\"name\":\"Po\u010detna stranica\",\"item\":\"https:\/\/inti.hr\/bs\/\"},{\"@type\":\"ListItem\",\"position\":2,\"name\":\"Trgovina\",\"item\":\"https:\/\/inti.hr\/bs\/trgovina\/\"},{\"@type\":\"ListItem\",\"position\":3,\"name\":\"Dje\u010dja kutija za igra\u010dke 70x40x35cm\"}]},{\"@type\":\"WebSite\",\"@id\":\"https:\/\/inti.hr\/bs\/#website\",\"url\":\"https:\/\/inti.hr\/bs\/\",\"name\":\"Inti\",\"description\":\"trgovina\",\"potentialAction\":[{\"@type\":\"SearchAction\",\"target\":{\"@type\":\"EntryPoint\",\"urlTemplate\":\"https:\/\/inti.hr\/bs\/?s={search_term_string}\"},\"query-input\":{\"@type\":\"PropertyValueSpecification\",\"valueRequired\":true,\"valueName\":\"search_term_string\"}}],\"inLanguage\":\"bs-BA\"}]}<\/script>\n<!-- \/ Yoast SEO plugin. -->","yoast_head_json":{"title":"Dje\u010dja kutija za igra\u010dke 70x40x35cm - Inti","description":"Visina ovog ormari\u0107a je 35 cm, tako da djeca mogu samostalno organizirati svoje igra\u010dke. To poma\u017ee djeci da razviju va\u017ene navike za odr\u017eavanje \u010disto\u0107e i urednosti svog okoli\u0161a.S velikim pretincem za spremanje pli\u0161anih \u017eivotinja i igra\u010daka kao \u0161to su kocke, auti\u0107i, kockice itd.Zahvaljuju\u0107i nosivosti od 93 kg, djeca mogu lako sjediti i \u010ditati.","robots":{"index":"index","follow":"follow","max-snippet":"max-snippet:-1","max-image-preview":"max-image-preview:large","max-video-preview":"max-video-preview:-1"},"canonical":"https:\/\/inti.hr\/bs\/proizvod\/djecja-kutija-za-igracke\/","og_locale":"bs_BA","og_type":"article","og_title":"Dje\u010dja kutija za igra\u010dke 70x40x35cm - Inti","og_description":"Visina ovog ormari\u0107a je 35 cm, tako da djeca mogu samostalno organizirati svoje igra\u010dke. To poma\u017ee djeci da razviju va\u017ene navike za odr\u017eavanje \u010disto\u0107e i urednosti svog okoli\u0161a.S velikim pretincem za spremanje pli\u0161anih \u017eivotinja i igra\u010daka kao \u0161to su kocke, auti\u0107i, kockice itd.Zahvaljuju\u0107i nosivosti od 93 kg, djeca mogu lako sjediti i \u010ditati.","og_url":"https:\/\/inti.hr\/bs\/proizvod\/djecja-kutija-za-igracke\/","og_site_name":"Inti","og_image":[{"width":670,"height":670,"url":"https:\/\/i0.wp.com\/inti.hr\/wp-content\/uploads\/2023\/09\/KMB73-W-Y001_670x.webp?fit=670%2C670&ssl=1","type":"image\/webp"}],"twitter_card":"summary_large_image","schema":{"@context":"https:\/\/schema.org","@graph":[{"@type":"WebPage","@id":"https:\/\/inti.hr\/bs\/proizvod\/djecja-kutija-za-igracke\/","url":"https:\/\/inti.hr\/bs\/proizvod\/djecja-kutija-za-igracke\/","name":"Dje\u010dja kutija za igra\u010dke 70x40x35cm - Inti","isPartOf":{"@id":"https:\/\/inti.hr\/bs\/#website"},"primaryImageOfPage":{"@id":"https:\/\/inti.hr\/bs\/proizvod\/djecja-kutija-za-igracke\/#primaryimage"},"image":{"@id":"https:\/\/inti.hr\/bs\/proizvod\/djecja-kutija-za-igracke\/#primaryimage"},"thumbnailUrl":"https:\/\/i0.wp.com\/inti.hr\/wp-content\/uploads\/2023\/09\/KMB73-W-Y001_670x.webp?fit=670%2C670&ssl=1","datePublished":"2023-09-22T09:06:20+00:00","dateModified":"2023-09-22T09:06:20+00:00","description":"Visina ovog ormari\u0107a je 35 cm, tako da djeca mogu samostalno organizirati svoje igra\u010dke. To poma\u017ee djeci da razviju va\u017ene navike za odr\u017eavanje \u010disto\u0107e i urednosti svog okoli\u0161a.S velikim pretincem za spremanje pli\u0161anih \u017eivotinja i igra\u010daka kao \u0161to su kocke, auti\u0107i, kockice itd.Zahvaljuju\u0107i nosivosti od 93 kg, djeca mogu lako sjediti i \u010ditati.","breadcrumb":{"@id":"https:\/\/inti.hr\/bs\/proizvod\/djecja-kutija-za-igracke\/#breadcrumb"},"inLanguage":"bs-BA","potentialAction":[{"@type":"ReadAction","target":["https:\/\/inti.hr\/bs\/proizvod\/djecja-kutija-za-igracke\/"]}]},{"@type":"ImageObject","inLanguage":"bs-BA","@id":"https:\/\/inti.hr\/bs\/proizvod\/djecja-kutija-za-igracke\/#primaryimage","url":"https:\/\/i0.wp.com\/inti.hr\/wp-content\/uploads\/2023\/09\/KMB73-W-Y001_670x.webp?fit=670%2C670&ssl=1","contentUrl":"https:\/\/i0.wp.com\/inti.hr\/wp-content\/uploads\/2023\/09\/KMB73-W-Y001_670x.webp?fit=670%2C670&ssl=1","width":670,"height":670},{"@type":"BreadcrumbList","@id":"https:\/\/inti.hr\/bs\/proizvod\/djecja-kutija-za-igracke\/#breadcrumb","itemListElement":[{"@type":"ListItem","position":1,"name":"Po\u010detna stranica","item":"https:\/\/inti.hr\/bs\/"},{"@type":"ListItem","position":2,"name":"Trgovina","item":"https:\/\/inti.hr\/bs\/trgovina\/"},{"@type":"ListItem","position":3,"name":"Dje\u010dja kutija za igra\u010dke 70x40x35cm"}]},{"@type":"WebSite","@id":"https:\/\/inti.hr\/bs\/#website","url":"https:\/\/inti.hr\/bs\/","name":"Inti","description":"trgovina","potentialAction":[{"@type":"SearchAction","target":{"@type":"EntryPoint","urlTemplate":"https:\/\/inti.hr\/bs\/?s={search_term_string}"},"query-input":{"@type":"PropertyValueSpecification","valueRequired":true,"valueName":"search_term_string"}}],"inLanguage":"bs-BA"}]}},"jetpack_sharing_enabled":true,"jetpack-related-posts":[],"_links":{"self":[{"href":"https:\/\/inti.hr\/bs\/wp-json\/wp\/v2\/product\/36389"}],"collection":[{"href":"https:\/\/inti.hr\/bs\/wp-json\/wp\/v2\/product"}],"about":[{"href":"https:\/\/inti.hr\/bs\/wp-json\/wp\/v2\/types\/product"}],"wp:featuredmedia":[{"embeddable":true,"href":"https:\/\/inti.hr\/bs\/wp-json\/wp\/v2\/media\/36390"}],"wp:attachment":[{"href":"https:\/\/inti.hr\/bs\/wp-json\/wp\/v2\/media?parent=36389"}],"wp:term":[{"taxonomy":"product_cat","embeddable":true,"href":"https:\/\/inti.hr\/bs\/wp-json\/wp\/v2\/product_cat?post=36389"},{"taxonomy":"product_tag","embeddable":true,"href":"https:\/\/inti.hr\/bs\/wp-json\/wp\/v2\/product_tag?post=36389"}],"curies":[{"name":"wp","href":"https:\/\/api.w.org\/{rel}","templated":true}]}}