{"id":36401,"date":"2023-09-19T10:38:26","date_gmt":"2023-09-19T10:38:26","guid":{"rendered":"https:\/\/inti.hr\/product\/barski-set-sa-dvije-stolice\/"},"modified":"2023-09-19T10:38:26","modified_gmt":"2023-09-19T10:38:26","slug":"barski-set-sa-dvije-stolice","status":"publish","type":"product","link":"https:\/\/inti.hr\/bs\/proizvod\/barski-set-sa-dvije-stolice\/","title":{"rendered":"Barski set sa dvije stolice"},"content":{"rendered":"<p>Detalji proizvoda:<\/p>\n<p>&#8211; Boja: Tamno sme\u0111a\/vintage<br \/>\n&#8211; Materijal: iveral, \u017eeljezo<br \/>\n&#8211; Veli\u010dina stola: 120 x 60 x 90 cm (D x \u0160 x V)<br \/>\n&#8211; Veli\u010dina stolice: 40 x 30 x 65 cm (D x \u0160 x V)<br \/>\n&#8211; Te\u017eina : 24,5 kg<br \/>\n&#8211; Maksimalna stati\u010dka nosivost plo\u010de stola: 100 kg<br \/>\n&#8211; Maksimalna stati\u010dka nosivost po stolici: 120 kg<\/p>\n","protected":false},"excerpt":{"rendered":"<p>Barski stol i 2 barske stolice s visokokvalitetnom vintage zavr\u0161nom obradom &#8230; <\/p>\n","protected":false},"featured_media":36402,"template":"","meta":[],"product_cat":[2726,2810],"product_tag":[4812,3548],"yoast_head":"<!-- This site is optimized with the Yoast SEO plugin v23.7 - https:\/\/yoast.com\/wordpress\/plugins\/seo\/ -->\n<title>Barski set sa dvije stolice - Inti<\/title>\n<meta name=\"description\" content=\"Barski stol i 2 barske stolice s visokokvalitetnom vintage zavr\u0161nom obradom - prekrasan dodatak va\u0161oj kuhinji ili dnevnom boravku. Crni \u017eeljezni okvir (25 x 25 mm) ne samo da stvara atraktivan kontrast s tonovima drveta, ve\u0107 slu\u017ei i kao prakti\u010dan oslonac za noge. Dvije barske stolice 40 x 30 x 65 cm savr\u0161eno pristaju ispod \u0161anka, tako da komplet izuzetno \u0161tedi prostor, \u010dak i ako kupite 2 dodatne stolice. Barski stol ima povr\u0161inu 120 x 60 cm na koju se lako mogu smjestiti peciva, naresci i svje\u017ee cije\u0111eni sok od naran\u010de. Naru\u010dite jo\u0161 2 barske stolice i u\u017eivajte u doru\u010dku za 4 osobe.\" \/>\n<meta name=\"robots\" content=\"index, follow, max-snippet:-1, max-image-preview:large, max-video-preview:-1\" \/>\n<link rel=\"canonical\" href=\"https:\/\/inti.hr\/bs\/proizvod\/barski-set-sa-dvije-stolice\/\" \/>\n<meta property=\"og:locale\" content=\"bs_BA\" \/>\n<meta property=\"og:type\" content=\"article\" \/>\n<meta property=\"og:title\" content=\"Barski set sa dvije stolice - Inti\" \/>\n<meta property=\"og:description\" content=\"Barski stol i 2 barske stolice s visokokvalitetnom vintage zavr\u0161nom obradom - prekrasan dodatak va\u0161oj kuhinji ili dnevnom boravku. Crni \u017eeljezni okvir (25 x 25 mm) ne samo da stvara atraktivan kontrast s tonovima drveta, ve\u0107 slu\u017ei i kao prakti\u010dan oslonac za noge. Dvije barske stolice 40 x 30 x 65 cm savr\u0161eno pristaju ispod \u0161anka, tako da komplet izuzetno \u0161tedi prostor, \u010dak i ako kupite 2 dodatne stolice. Barski stol ima povr\u0161inu 120 x 60 cm na koju se lako mogu smjestiti peciva, naresci i svje\u017ee cije\u0111eni sok od naran\u010de. Naru\u010dite jo\u0161 2 barske stolice i u\u017eivajte u doru\u010dku za 4 osobe.\" \/>\n<meta property=\"og:url\" content=\"https:\/\/inti.hr\/bs\/proizvod\/barski-set-sa-dvije-stolice\/\" \/>\n<meta property=\"og:site_name\" content=\"Inti\" \/>\n<meta property=\"og:image\" content=\"https:\/\/i0.wp.com\/inti.hr\/wp-content\/uploads\/2023\/09\/LBT218B01-1.jpg?fit=1000%2C1000&ssl=1\" \/>\n\t<meta property=\"og:image:width\" content=\"1000\" \/>\n\t<meta property=\"og:image:height\" content=\"1000\" \/>\n\t<meta property=\"og:image:type\" content=\"image\/jpeg\" \/>\n<meta name=\"twitter:card\" content=\"summary_large_image\" \/>\n<script type=\"application\/ld+json\" class=\"yoast-schema-graph\">{\"@context\":\"https:\/\/schema.org\",\"@graph\":[{\"@type\":\"WebPage\",\"@id\":\"https:\/\/inti.hr\/bs\/proizvod\/barski-set-sa-dvije-stolice\/\",\"url\":\"https:\/\/inti.hr\/bs\/proizvod\/barski-set-sa-dvije-stolice\/\",\"name\":\"Barski set sa dvije stolice - Inti\",\"isPartOf\":{\"@id\":\"https:\/\/inti.hr\/bs\/#website\"},\"primaryImageOfPage\":{\"@id\":\"https:\/\/inti.hr\/bs\/proizvod\/barski-set-sa-dvije-stolice\/#primaryimage\"},\"image\":{\"@id\":\"https:\/\/inti.hr\/bs\/proizvod\/barski-set-sa-dvije-stolice\/#primaryimage\"},\"thumbnailUrl\":\"https:\/\/i0.wp.com\/inti.hr\/wp-content\/uploads\/2023\/09\/LBT218B01-1.jpg?fit=1000%2C1000&ssl=1\",\"datePublished\":\"2023-09-19T10:38:26+00:00\",\"dateModified\":\"2023-09-19T10:38:26+00:00\",\"description\":\"Barski stol i 2 barske stolice s visokokvalitetnom vintage zavr\u0161nom obradom - prekrasan dodatak va\u0161oj kuhinji ili dnevnom boravku. Crni \u017eeljezni okvir (25 x 25 mm) ne samo da stvara atraktivan kontrast s tonovima drveta, ve\u0107 slu\u017ei i kao prakti\u010dan oslonac za noge. Dvije barske stolice 40 x 30 x 65 cm savr\u0161eno pristaju ispod \u0161anka, tako da komplet izuzetno \u0161tedi prostor, \u010dak i ako kupite 2 dodatne stolice. Barski stol ima povr\u0161inu 120 x 60 cm na koju se lako mogu smjestiti peciva, naresci i svje\u017ee cije\u0111eni sok od naran\u010de. Naru\u010dite jo\u0161 2 barske stolice i u\u017eivajte u doru\u010dku za 4 osobe.\",\"breadcrumb\":{\"@id\":\"https:\/\/inti.hr\/bs\/proizvod\/barski-set-sa-dvije-stolice\/#breadcrumb\"},\"inLanguage\":\"bs-BA\",\"potentialAction\":[{\"@type\":\"ReadAction\",\"target\":[\"https:\/\/inti.hr\/bs\/proizvod\/barski-set-sa-dvije-stolice\/\"]}]},{\"@type\":\"ImageObject\",\"inLanguage\":\"bs-BA\",\"@id\":\"https:\/\/inti.hr\/bs\/proizvod\/barski-set-sa-dvije-stolice\/#primaryimage\",\"url\":\"https:\/\/i0.wp.com\/inti.hr\/wp-content\/uploads\/2023\/09\/LBT218B01-1.jpg?fit=1000%2C1000&ssl=1\",\"contentUrl\":\"https:\/\/i0.wp.com\/inti.hr\/wp-content\/uploads\/2023\/09\/LBT218B01-1.jpg?fit=1000%2C1000&ssl=1\",\"width\":1000,\"height\":1000},{\"@type\":\"BreadcrumbList\",\"@id\":\"https:\/\/inti.hr\/bs\/proizvod\/barski-set-sa-dvije-stolice\/#breadcrumb\",\"itemListElement\":[{\"@type\":\"ListItem\",\"position\":1,\"name\":\"Po\u010detna stranica\",\"item\":\"https:\/\/inti.hr\/bs\/\"},{\"@type\":\"ListItem\",\"position\":2,\"name\":\"Trgovina\",\"item\":\"https:\/\/inti.hr\/bs\/trgovina\/\"},{\"@type\":\"ListItem\",\"position\":3,\"name\":\"Barski set sa dvije stolice\"}]},{\"@type\":\"WebSite\",\"@id\":\"https:\/\/inti.hr\/bs\/#website\",\"url\":\"https:\/\/inti.hr\/bs\/\",\"name\":\"Inti\",\"description\":\"trgovina\",\"potentialAction\":[{\"@type\":\"SearchAction\",\"target\":{\"@type\":\"EntryPoint\",\"urlTemplate\":\"https:\/\/inti.hr\/bs\/?s={search_term_string}\"},\"query-input\":{\"@type\":\"PropertyValueSpecification\",\"valueRequired\":true,\"valueName\":\"search_term_string\"}}],\"inLanguage\":\"bs-BA\"}]}<\/script>\n<!-- \/ Yoast SEO plugin. -->","yoast_head_json":{"title":"Barski set sa dvije stolice - Inti","description":"Barski stol i 2 barske stolice s visokokvalitetnom vintage zavr\u0161nom obradom - prekrasan dodatak va\u0161oj kuhinji ili dnevnom boravku. Crni \u017eeljezni okvir (25 x 25 mm) ne samo da stvara atraktivan kontrast s tonovima drveta, ve\u0107 slu\u017ei i kao prakti\u010dan oslonac za noge. Dvije barske stolice 40 x 30 x 65 cm savr\u0161eno pristaju ispod \u0161anka, tako da komplet izuzetno \u0161tedi prostor, \u010dak i ako kupite 2 dodatne stolice. Barski stol ima povr\u0161inu 120 x 60 cm na koju se lako mogu smjestiti peciva, naresci i svje\u017ee cije\u0111eni sok od naran\u010de. Naru\u010dite jo\u0161 2 barske stolice i u\u017eivajte u doru\u010dku za 4 osobe.","robots":{"index":"index","follow":"follow","max-snippet":"max-snippet:-1","max-image-preview":"max-image-preview:large","max-video-preview":"max-video-preview:-1"},"canonical":"https:\/\/inti.hr\/bs\/proizvod\/barski-set-sa-dvije-stolice\/","og_locale":"bs_BA","og_type":"article","og_title":"Barski set sa dvije stolice - Inti","og_description":"Barski stol i 2 barske stolice s visokokvalitetnom vintage zavr\u0161nom obradom - prekrasan dodatak va\u0161oj kuhinji ili dnevnom boravku. Crni \u017eeljezni okvir (25 x 25 mm) ne samo da stvara atraktivan kontrast s tonovima drveta, ve\u0107 slu\u017ei i kao prakti\u010dan oslonac za noge. Dvije barske stolice 40 x 30 x 65 cm savr\u0161eno pristaju ispod \u0161anka, tako da komplet izuzetno \u0161tedi prostor, \u010dak i ako kupite 2 dodatne stolice. Barski stol ima povr\u0161inu 120 x 60 cm na koju se lako mogu smjestiti peciva, naresci i svje\u017ee cije\u0111eni sok od naran\u010de. Naru\u010dite jo\u0161 2 barske stolice i u\u017eivajte u doru\u010dku za 4 osobe.","og_url":"https:\/\/inti.hr\/bs\/proizvod\/barski-set-sa-dvije-stolice\/","og_site_name":"Inti","og_image":[{"width":1000,"height":1000,"url":"https:\/\/i0.wp.com\/inti.hr\/wp-content\/uploads\/2023\/09\/LBT218B01-1.jpg?fit=1000%2C1000&ssl=1","type":"image\/jpeg"}],"twitter_card":"summary_large_image","schema":{"@context":"https:\/\/schema.org","@graph":[{"@type":"WebPage","@id":"https:\/\/inti.hr\/bs\/proizvod\/barski-set-sa-dvije-stolice\/","url":"https:\/\/inti.hr\/bs\/proizvod\/barski-set-sa-dvije-stolice\/","name":"Barski set sa dvije stolice - Inti","isPartOf":{"@id":"https:\/\/inti.hr\/bs\/#website"},"primaryImageOfPage":{"@id":"https:\/\/inti.hr\/bs\/proizvod\/barski-set-sa-dvije-stolice\/#primaryimage"},"image":{"@id":"https:\/\/inti.hr\/bs\/proizvod\/barski-set-sa-dvije-stolice\/#primaryimage"},"thumbnailUrl":"https:\/\/i0.wp.com\/inti.hr\/wp-content\/uploads\/2023\/09\/LBT218B01-1.jpg?fit=1000%2C1000&ssl=1","datePublished":"2023-09-19T10:38:26+00:00","dateModified":"2023-09-19T10:38:26+00:00","description":"Barski stol i 2 barske stolice s visokokvalitetnom vintage zavr\u0161nom obradom - prekrasan dodatak va\u0161oj kuhinji ili dnevnom boravku. Crni \u017eeljezni okvir (25 x 25 mm) ne samo da stvara atraktivan kontrast s tonovima drveta, ve\u0107 slu\u017ei i kao prakti\u010dan oslonac za noge. Dvije barske stolice 40 x 30 x 65 cm savr\u0161eno pristaju ispod \u0161anka, tako da komplet izuzetno \u0161tedi prostor, \u010dak i ako kupite 2 dodatne stolice. Barski stol ima povr\u0161inu 120 x 60 cm na koju se lako mogu smjestiti peciva, naresci i svje\u017ee cije\u0111eni sok od naran\u010de. Naru\u010dite jo\u0161 2 barske stolice i u\u017eivajte u doru\u010dku za 4 osobe.","breadcrumb":{"@id":"https:\/\/inti.hr\/bs\/proizvod\/barski-set-sa-dvije-stolice\/#breadcrumb"},"inLanguage":"bs-BA","potentialAction":[{"@type":"ReadAction","target":["https:\/\/inti.hr\/bs\/proizvod\/barski-set-sa-dvije-stolice\/"]}]},{"@type":"ImageObject","inLanguage":"bs-BA","@id":"https:\/\/inti.hr\/bs\/proizvod\/barski-set-sa-dvije-stolice\/#primaryimage","url":"https:\/\/i0.wp.com\/inti.hr\/wp-content\/uploads\/2023\/09\/LBT218B01-1.jpg?fit=1000%2C1000&ssl=1","contentUrl":"https:\/\/i0.wp.com\/inti.hr\/wp-content\/uploads\/2023\/09\/LBT218B01-1.jpg?fit=1000%2C1000&ssl=1","width":1000,"height":1000},{"@type":"BreadcrumbList","@id":"https:\/\/inti.hr\/bs\/proizvod\/barski-set-sa-dvije-stolice\/#breadcrumb","itemListElement":[{"@type":"ListItem","position":1,"name":"Po\u010detna stranica","item":"https:\/\/inti.hr\/bs\/"},{"@type":"ListItem","position":2,"name":"Trgovina","item":"https:\/\/inti.hr\/bs\/trgovina\/"},{"@type":"ListItem","position":3,"name":"Barski set sa dvije stolice"}]},{"@type":"WebSite","@id":"https:\/\/inti.hr\/bs\/#website","url":"https:\/\/inti.hr\/bs\/","name":"Inti","description":"trgovina","potentialAction":[{"@type":"SearchAction","target":{"@type":"EntryPoint","urlTemplate":"https:\/\/inti.hr\/bs\/?s={search_term_string}"},"query-input":{"@type":"PropertyValueSpecification","valueRequired":true,"valueName":"search_term_string"}}],"inLanguage":"bs-BA"}]}},"jetpack_sharing_enabled":true,"jetpack-related-posts":[],"_links":{"self":[{"href":"https:\/\/inti.hr\/bs\/wp-json\/wp\/v2\/product\/36401"}],"collection":[{"href":"https:\/\/inti.hr\/bs\/wp-json\/wp\/v2\/product"}],"about":[{"href":"https:\/\/inti.hr\/bs\/wp-json\/wp\/v2\/types\/product"}],"wp:featuredmedia":[{"embeddable":true,"href":"https:\/\/inti.hr\/bs\/wp-json\/wp\/v2\/media\/36402"}],"wp:attachment":[{"href":"https:\/\/inti.hr\/bs\/wp-json\/wp\/v2\/media?parent=36401"}],"wp:term":[{"taxonomy":"product_cat","embeddable":true,"href":"https:\/\/inti.hr\/bs\/wp-json\/wp\/v2\/product_cat?post=36401"},{"taxonomy":"product_tag","embeddable":true,"href":"https:\/\/inti.hr\/bs\/wp-json\/wp\/v2\/product_tag?post=36401"}],"curies":[{"name":"wp","href":"https:\/\/api.w.org\/{rel}","templated":true}]}}