{"id":36405,"date":"2023-09-18T07:35:25","date_gmt":"2023-09-18T07:35:25","guid":{"rendered":"https:\/\/inti.hr\/product\/plastenik-od-folije-143x143x195-cm-130-g-m%c2%b2\/"},"modified":"2023-09-18T07:35:25","modified_gmt":"2023-09-18T07:35:25","slug":"plastenik-od-folije-143x143x195-cm-130-g-m%c2%b2","status":"publish","type":"product","link":"https:\/\/inti.hr\/bs\/proizvod\/plastenik-od-folije-143x143x195-cm-130-g-m%c2%b2\/","title":{"rendered":"Plastenik od folije 143x143x195 cm 130 g\/m\u00b2"},"content":{"rendered":"<p>Detalji proizvoda:<\/p>\n<ul>\n<li><span>Materijal:\u00a0\u00a0\u200e \u200e \u010deli\u010dne cijevi\u00a0oblo\u017eene prahom<\/span><span>\u00a0folija<\/span><\/li>\n<li><span>Boja:\u00a0\u00a0<\/span><span>bijela\/zelena<\/span><\/li>\n<li><span>Dimenzije: 143x143x195 cm<\/span><\/li>\n<li><span>Te\u017eina: 10 kg<\/span><\/li>\n<\/ul>\n<p>Metalni okvir premazan prahom s PE folijom otpornom na UV zra\u010denje i s klinovima i vratima na rolo<br \/>\nUlaz se mo\u017ee smotati pomo\u0107u \u010di\u010dak trake<br \/>\nJednostavna monta\u017ea zahvaljuju\u0107i sustavu utika\u010da<br \/>\nIzvrsna, kompaktna za\u0161tita bilja, nova i u originalnom pakiranju<br \/>\nRegulirajte klimu u stakleniku otvaranjem patentnih zatvara\u010da na velikim vratima na razli\u010dite \u0161irine. \u0160iljasti krov omogu\u0107uje savr\u0161eno otjecanje ki\u0161e.<br \/>\nSvaki dio staklenika se mo\u017ee rastaviti; \u010dvrste \u010deli\u010dne cijevi mo\u017eete jednostavno spojiti i prekriti vodoodbojnom PVC folijom; monta\u017ea je brza i jednostavna bez alata<\/p>\n","protected":false},"excerpt":{"rendered":"<p>Staklenik nudi idealno okru\u017eenje za va\u0161e biljke. Mo\u017ee u\u010dinkovito za\u0161tititi va\u0161e &#8230; <\/p>\n","protected":false},"featured_media":36407,"template":"","meta":[],"product_cat":[2452],"product_tag":[4814,2558],"yoast_head":"<!-- This site is optimized with the Yoast SEO plugin v23.7 - https:\/\/yoast.com\/wordpress\/plugins\/seo\/ -->\n<title>Plastenik od folije 143x143x195 cm 130 g\/m\u00b2 - Inti<\/title>\n<meta name=\"description\" content=\"Staklenik nudi idealno okru\u017eenje za va\u0161e biljke. Mo\u017ee u\u010dinkovito za\u0161tititi va\u0161e cvije\u0107e i biljke od hladno\u0107e, mraza, snijega, ki\u0161e, jakog vjetra, jakog sunca, insekata i ptica. Bijeli poluprozirni polietilenski film omogu\u0107uje prolaz svjetlosti dok zadr\u017eava toplinu i vlagu kako bi se znatno pove\u0107ala stopa pre\u017eivljavanja osjetljivih biljaka. Folija je izra\u0111ena od ekolo\u0161kog PE s re\u0161etkastim plo\u010dama i ima veliku debljinu od 130 g\/m2.\u00a0Materijal je otporan na habanje, vodootporan, habanje, koroziju i UV zra\u010denje.\u00a0\u010cvrsta konstrukcija pogonske ku\u0107e sastoji se od \u010deli\u010dnih cijevi oblo\u017eenih prahom promjera 16 mm i otporna je na hr\u0111u. Svi dodaci se lako uklanjaju i sastavljaju.\u00a0Dobit \u0107ete ozna\u010deni pribor i detaljne upute za sastavljanje.\u00a0Monta\u017ea je gotova u tren oka, bez dodatnog alata.\u00a0Ovisno o sezoni, po potrebi mo\u017eete ukloniti poklopac ili rastaviti okvir. Staklenik se mo\u017ee koristiti tijekom cijele godine.\u00a0Mo\u017ee se postaviti u dvori\u0161te, terasu ili vrt kao zaklon za biljke osjetljive na hladno\u0107u ili kao ku\u0107ica od raj\u010dica za sli\u010dno povr\u0107e.\u00a0Za ljubitelje vrtova, na\u0161 staklenik je sposoban pomo\u0107nik u vrtlarstvu.\" \/>\n<meta name=\"robots\" content=\"index, follow, max-snippet:-1, max-image-preview:large, max-video-preview:-1\" \/>\n<link rel=\"canonical\" href=\"https:\/\/inti.hr\/bs\/proizvod\/plastenik-od-folije-143x143x195-cm-130-g-m%c2%b2\/\" \/>\n<meta property=\"og:locale\" content=\"bs_BA\" \/>\n<meta property=\"og:type\" content=\"article\" \/>\n<meta property=\"og:title\" content=\"Plastenik od folije 143x143x195 cm 130 g\/m\u00b2 - Inti\" \/>\n<meta property=\"og:description\" content=\"Staklenik nudi idealno okru\u017eenje za va\u0161e biljke. Mo\u017ee u\u010dinkovito za\u0161tititi va\u0161e cvije\u0107e i biljke od hladno\u0107e, mraza, snijega, ki\u0161e, jakog vjetra, jakog sunca, insekata i ptica. Bijeli poluprozirni polietilenski film omogu\u0107uje prolaz svjetlosti dok zadr\u017eava toplinu i vlagu kako bi se znatno pove\u0107ala stopa pre\u017eivljavanja osjetljivih biljaka. Folija je izra\u0111ena od ekolo\u0161kog PE s re\u0161etkastim plo\u010dama i ima veliku debljinu od 130 g\/m2.\u00a0Materijal je otporan na habanje, vodootporan, habanje, koroziju i UV zra\u010denje.\u00a0\u010cvrsta konstrukcija pogonske ku\u0107e sastoji se od \u010deli\u010dnih cijevi oblo\u017eenih prahom promjera 16 mm i otporna je na hr\u0111u. Svi dodaci se lako uklanjaju i sastavljaju.\u00a0Dobit \u0107ete ozna\u010deni pribor i detaljne upute za sastavljanje.\u00a0Monta\u017ea je gotova u tren oka, bez dodatnog alata.\u00a0Ovisno o sezoni, po potrebi mo\u017eete ukloniti poklopac ili rastaviti okvir. Staklenik se mo\u017ee koristiti tijekom cijele godine.\u00a0Mo\u017ee se postaviti u dvori\u0161te, terasu ili vrt kao zaklon za biljke osjetljive na hladno\u0107u ili kao ku\u0107ica od raj\u010dica za sli\u010dno povr\u0107e.\u00a0Za ljubitelje vrtova, na\u0161 staklenik je sposoban pomo\u0107nik u vrtlarstvu.\" \/>\n<meta property=\"og:url\" content=\"https:\/\/inti.hr\/bs\/proizvod\/plastenik-od-folije-143x143x195-cm-130-g-m%c2%b2\/\" \/>\n<meta property=\"og:site_name\" content=\"Inti\" \/>\n<meta property=\"og:image\" content=\"https:\/\/i0.wp.com\/inti.hr\/wp-content\/uploads\/2023\/09\/Foliengewaechshaus-PE-halbtransparent-143x143x195-cm-GWH00502ws-weiss2_600x600.jpg?fit=600%2C600&ssl=1\" \/>\n\t<meta property=\"og:image:width\" content=\"600\" \/>\n\t<meta property=\"og:image:height\" content=\"600\" \/>\n\t<meta property=\"og:image:type\" content=\"image\/jpeg\" \/>\n<meta name=\"twitter:card\" content=\"summary_large_image\" \/>\n<meta name=\"twitter:label1\" content=\"Est. reading time\" \/>\n\t<meta name=\"twitter:data1\" content=\"1 minuta\" \/>\n<script type=\"application\/ld+json\" class=\"yoast-schema-graph\">{\"@context\":\"https:\/\/schema.org\",\"@graph\":[{\"@type\":\"WebPage\",\"@id\":\"https:\/\/inti.hr\/bs\/proizvod\/plastenik-od-folije-143x143x195-cm-130-g-m%c2%b2\/\",\"url\":\"https:\/\/inti.hr\/bs\/proizvod\/plastenik-od-folije-143x143x195-cm-130-g-m%c2%b2\/\",\"name\":\"Plastenik od folije 143x143x195 cm 130 g\/m\u00b2 - Inti\",\"isPartOf\":{\"@id\":\"https:\/\/inti.hr\/bs\/#website\"},\"primaryImageOfPage\":{\"@id\":\"https:\/\/inti.hr\/bs\/proizvod\/plastenik-od-folije-143x143x195-cm-130-g-m%c2%b2\/#primaryimage\"},\"image\":{\"@id\":\"https:\/\/inti.hr\/bs\/proizvod\/plastenik-od-folije-143x143x195-cm-130-g-m%c2%b2\/#primaryimage\"},\"thumbnailUrl\":\"https:\/\/i0.wp.com\/inti.hr\/wp-content\/uploads\/2023\/09\/Foliengewaechshaus-PE-halbtransparent-143x143x195-cm-GWH00502ws-weiss2_600x600.jpg?fit=600%2C600&ssl=1\",\"datePublished\":\"2023-09-18T07:35:25+00:00\",\"dateModified\":\"2023-09-18T07:35:25+00:00\",\"description\":\"Staklenik nudi idealno okru\u017eenje za va\u0161e biljke. Mo\u017ee u\u010dinkovito za\u0161tititi va\u0161e cvije\u0107e i biljke od hladno\u0107e, mraza, snijega, ki\u0161e, jakog vjetra, jakog sunca, insekata i ptica. Bijeli poluprozirni polietilenski film omogu\u0107uje prolaz svjetlosti dok zadr\u017eava toplinu i vlagu kako bi se znatno pove\u0107ala stopa pre\u017eivljavanja osjetljivih biljaka. Folija je izra\u0111ena od ekolo\u0161kog PE s re\u0161etkastim plo\u010dama i ima veliku debljinu od 130 g\/m2.\u00a0Materijal je otporan na habanje, vodootporan, habanje, koroziju i UV zra\u010denje.\u00a0\u010cvrsta konstrukcija pogonske ku\u0107e sastoji se od \u010deli\u010dnih cijevi oblo\u017eenih prahom promjera 16 mm i otporna je na hr\u0111u. Svi dodaci se lako uklanjaju i sastavljaju.\u00a0Dobit \u0107ete ozna\u010deni pribor i detaljne upute za sastavljanje.\u00a0Monta\u017ea je gotova u tren oka, bez dodatnog alata.\u00a0Ovisno o sezoni, po potrebi mo\u017eete ukloniti poklopac ili rastaviti okvir. Staklenik se mo\u017ee koristiti tijekom cijele godine.\u00a0Mo\u017ee se postaviti u dvori\u0161te, terasu ili vrt kao zaklon za biljke osjetljive na hladno\u0107u ili kao ku\u0107ica od raj\u010dica za sli\u010dno povr\u0107e.\u00a0Za ljubitelje vrtova, na\u0161 staklenik je sposoban pomo\u0107nik u vrtlarstvu.\",\"breadcrumb\":{\"@id\":\"https:\/\/inti.hr\/bs\/proizvod\/plastenik-od-folije-143x143x195-cm-130-g-m%c2%b2\/#breadcrumb\"},\"inLanguage\":\"bs-BA\",\"potentialAction\":[{\"@type\":\"ReadAction\",\"target\":[\"https:\/\/inti.hr\/bs\/proizvod\/plastenik-od-folije-143x143x195-cm-130-g-m%c2%b2\/\"]}]},{\"@type\":\"ImageObject\",\"inLanguage\":\"bs-BA\",\"@id\":\"https:\/\/inti.hr\/bs\/proizvod\/plastenik-od-folije-143x143x195-cm-130-g-m%c2%b2\/#primaryimage\",\"url\":\"https:\/\/i0.wp.com\/inti.hr\/wp-content\/uploads\/2023\/09\/Foliengewaechshaus-PE-halbtransparent-143x143x195-cm-GWH00502ws-weiss2_600x600.jpg?fit=600%2C600&ssl=1\",\"contentUrl\":\"https:\/\/i0.wp.com\/inti.hr\/wp-content\/uploads\/2023\/09\/Foliengewaechshaus-PE-halbtransparent-143x143x195-cm-GWH00502ws-weiss2_600x600.jpg?fit=600%2C600&ssl=1\",\"width\":600,\"height\":600},{\"@type\":\"BreadcrumbList\",\"@id\":\"https:\/\/inti.hr\/bs\/proizvod\/plastenik-od-folije-143x143x195-cm-130-g-m%c2%b2\/#breadcrumb\",\"itemListElement\":[{\"@type\":\"ListItem\",\"position\":1,\"name\":\"Po\u010detna stranica\",\"item\":\"https:\/\/inti.hr\/bs\/\"},{\"@type\":\"ListItem\",\"position\":2,\"name\":\"Trgovina\",\"item\":\"https:\/\/inti.hr\/bs\/trgovina\/\"},{\"@type\":\"ListItem\",\"position\":3,\"name\":\"Plastenik od folije 143x143x195 cm 130 g\/m\u00b2\"}]},{\"@type\":\"WebSite\",\"@id\":\"https:\/\/inti.hr\/bs\/#website\",\"url\":\"https:\/\/inti.hr\/bs\/\",\"name\":\"Inti\",\"description\":\"trgovina\",\"potentialAction\":[{\"@type\":\"SearchAction\",\"target\":{\"@type\":\"EntryPoint\",\"urlTemplate\":\"https:\/\/inti.hr\/bs\/?s={search_term_string}\"},\"query-input\":{\"@type\":\"PropertyValueSpecification\",\"valueRequired\":true,\"valueName\":\"search_term_string\"}}],\"inLanguage\":\"bs-BA\"}]}<\/script>\n<!-- \/ Yoast SEO plugin. -->","yoast_head_json":{"title":"Plastenik od folije 143x143x195 cm 130 g\/m\u00b2 - Inti","description":"Staklenik nudi idealno okru\u017eenje za va\u0161e biljke. Mo\u017ee u\u010dinkovito za\u0161tititi va\u0161e cvije\u0107e i biljke od hladno\u0107e, mraza, snijega, ki\u0161e, jakog vjetra, jakog sunca, insekata i ptica. Bijeli poluprozirni polietilenski film omogu\u0107uje prolaz svjetlosti dok zadr\u017eava toplinu i vlagu kako bi se znatno pove\u0107ala stopa pre\u017eivljavanja osjetljivih biljaka. Folija je izra\u0111ena od ekolo\u0161kog PE s re\u0161etkastim plo\u010dama i ima veliku debljinu od 130 g\/m2.\u00a0Materijal je otporan na habanje, vodootporan, habanje, koroziju i UV zra\u010denje.\u00a0\u010cvrsta konstrukcija pogonske ku\u0107e sastoji se od \u010deli\u010dnih cijevi oblo\u017eenih prahom promjera 16 mm i otporna je na hr\u0111u. Svi dodaci se lako uklanjaju i sastavljaju.\u00a0Dobit \u0107ete ozna\u010deni pribor i detaljne upute za sastavljanje.\u00a0Monta\u017ea je gotova u tren oka, bez dodatnog alata.\u00a0Ovisno o sezoni, po potrebi mo\u017eete ukloniti poklopac ili rastaviti okvir. Staklenik se mo\u017ee koristiti tijekom cijele godine.\u00a0Mo\u017ee se postaviti u dvori\u0161te, terasu ili vrt kao zaklon za biljke osjetljive na hladno\u0107u ili kao ku\u0107ica od raj\u010dica za sli\u010dno povr\u0107e.\u00a0Za ljubitelje vrtova, na\u0161 staklenik je sposoban pomo\u0107nik u vrtlarstvu.","robots":{"index":"index","follow":"follow","max-snippet":"max-snippet:-1","max-image-preview":"max-image-preview:large","max-video-preview":"max-video-preview:-1"},"canonical":"https:\/\/inti.hr\/bs\/proizvod\/plastenik-od-folije-143x143x195-cm-130-g-m%c2%b2\/","og_locale":"bs_BA","og_type":"article","og_title":"Plastenik od folije 143x143x195 cm 130 g\/m\u00b2 - Inti","og_description":"Staklenik nudi idealno okru\u017eenje za va\u0161e biljke. Mo\u017ee u\u010dinkovito za\u0161tititi va\u0161e cvije\u0107e i biljke od hladno\u0107e, mraza, snijega, ki\u0161e, jakog vjetra, jakog sunca, insekata i ptica. Bijeli poluprozirni polietilenski film omogu\u0107uje prolaz svjetlosti dok zadr\u017eava toplinu i vlagu kako bi se znatno pove\u0107ala stopa pre\u017eivljavanja osjetljivih biljaka. Folija je izra\u0111ena od ekolo\u0161kog PE s re\u0161etkastim plo\u010dama i ima veliku debljinu od 130 g\/m2.\u00a0Materijal je otporan na habanje, vodootporan, habanje, koroziju i UV zra\u010denje.\u00a0\u010cvrsta konstrukcija pogonske ku\u0107e sastoji se od \u010deli\u010dnih cijevi oblo\u017eenih prahom promjera 16 mm i otporna je na hr\u0111u. Svi dodaci se lako uklanjaju i sastavljaju.\u00a0Dobit \u0107ete ozna\u010deni pribor i detaljne upute za sastavljanje.\u00a0Monta\u017ea je gotova u tren oka, bez dodatnog alata.\u00a0Ovisno o sezoni, po potrebi mo\u017eete ukloniti poklopac ili rastaviti okvir. Staklenik se mo\u017ee koristiti tijekom cijele godine.\u00a0Mo\u017ee se postaviti u dvori\u0161te, terasu ili vrt kao zaklon za biljke osjetljive na hladno\u0107u ili kao ku\u0107ica od raj\u010dica za sli\u010dno povr\u0107e.\u00a0Za ljubitelje vrtova, na\u0161 staklenik je sposoban pomo\u0107nik u vrtlarstvu.","og_url":"https:\/\/inti.hr\/bs\/proizvod\/plastenik-od-folije-143x143x195-cm-130-g-m%c2%b2\/","og_site_name":"Inti","og_image":[{"width":600,"height":600,"url":"https:\/\/i0.wp.com\/inti.hr\/wp-content\/uploads\/2023\/09\/Foliengewaechshaus-PE-halbtransparent-143x143x195-cm-GWH00502ws-weiss2_600x600.jpg?fit=600%2C600&ssl=1","type":"image\/jpeg"}],"twitter_card":"summary_large_image","twitter_misc":{"Est. reading time":"1 minuta"},"schema":{"@context":"https:\/\/schema.org","@graph":[{"@type":"WebPage","@id":"https:\/\/inti.hr\/bs\/proizvod\/plastenik-od-folije-143x143x195-cm-130-g-m%c2%b2\/","url":"https:\/\/inti.hr\/bs\/proizvod\/plastenik-od-folije-143x143x195-cm-130-g-m%c2%b2\/","name":"Plastenik od folije 143x143x195 cm 130 g\/m\u00b2 - Inti","isPartOf":{"@id":"https:\/\/inti.hr\/bs\/#website"},"primaryImageOfPage":{"@id":"https:\/\/inti.hr\/bs\/proizvod\/plastenik-od-folije-143x143x195-cm-130-g-m%c2%b2\/#primaryimage"},"image":{"@id":"https:\/\/inti.hr\/bs\/proizvod\/plastenik-od-folije-143x143x195-cm-130-g-m%c2%b2\/#primaryimage"},"thumbnailUrl":"https:\/\/i0.wp.com\/inti.hr\/wp-content\/uploads\/2023\/09\/Foliengewaechshaus-PE-halbtransparent-143x143x195-cm-GWH00502ws-weiss2_600x600.jpg?fit=600%2C600&ssl=1","datePublished":"2023-09-18T07:35:25+00:00","dateModified":"2023-09-18T07:35:25+00:00","description":"Staklenik nudi idealno okru\u017eenje za va\u0161e biljke. Mo\u017ee u\u010dinkovito za\u0161tititi va\u0161e cvije\u0107e i biljke od hladno\u0107e, mraza, snijega, ki\u0161e, jakog vjetra, jakog sunca, insekata i ptica. Bijeli poluprozirni polietilenski film omogu\u0107uje prolaz svjetlosti dok zadr\u017eava toplinu i vlagu kako bi se znatno pove\u0107ala stopa pre\u017eivljavanja osjetljivih biljaka. Folija je izra\u0111ena od ekolo\u0161kog PE s re\u0161etkastim plo\u010dama i ima veliku debljinu od 130 g\/m2.\u00a0Materijal je otporan na habanje, vodootporan, habanje, koroziju i UV zra\u010denje.\u00a0\u010cvrsta konstrukcija pogonske ku\u0107e sastoji se od \u010deli\u010dnih cijevi oblo\u017eenih prahom promjera 16 mm i otporna je na hr\u0111u. Svi dodaci se lako uklanjaju i sastavljaju.\u00a0Dobit \u0107ete ozna\u010deni pribor i detaljne upute za sastavljanje.\u00a0Monta\u017ea je gotova u tren oka, bez dodatnog alata.\u00a0Ovisno o sezoni, po potrebi mo\u017eete ukloniti poklopac ili rastaviti okvir. Staklenik se mo\u017ee koristiti tijekom cijele godine.\u00a0Mo\u017ee se postaviti u dvori\u0161te, terasu ili vrt kao zaklon za biljke osjetljive na hladno\u0107u ili kao ku\u0107ica od raj\u010dica za sli\u010dno povr\u0107e.\u00a0Za ljubitelje vrtova, na\u0161 staklenik je sposoban pomo\u0107nik u vrtlarstvu.","breadcrumb":{"@id":"https:\/\/inti.hr\/bs\/proizvod\/plastenik-od-folije-143x143x195-cm-130-g-m%c2%b2\/#breadcrumb"},"inLanguage":"bs-BA","potentialAction":[{"@type":"ReadAction","target":["https:\/\/inti.hr\/bs\/proizvod\/plastenik-od-folije-143x143x195-cm-130-g-m%c2%b2\/"]}]},{"@type":"ImageObject","inLanguage":"bs-BA","@id":"https:\/\/inti.hr\/bs\/proizvod\/plastenik-od-folije-143x143x195-cm-130-g-m%c2%b2\/#primaryimage","url":"https:\/\/i0.wp.com\/inti.hr\/wp-content\/uploads\/2023\/09\/Foliengewaechshaus-PE-halbtransparent-143x143x195-cm-GWH00502ws-weiss2_600x600.jpg?fit=600%2C600&ssl=1","contentUrl":"https:\/\/i0.wp.com\/inti.hr\/wp-content\/uploads\/2023\/09\/Foliengewaechshaus-PE-halbtransparent-143x143x195-cm-GWH00502ws-weiss2_600x600.jpg?fit=600%2C600&ssl=1","width":600,"height":600},{"@type":"BreadcrumbList","@id":"https:\/\/inti.hr\/bs\/proizvod\/plastenik-od-folije-143x143x195-cm-130-g-m%c2%b2\/#breadcrumb","itemListElement":[{"@type":"ListItem","position":1,"name":"Po\u010detna stranica","item":"https:\/\/inti.hr\/bs\/"},{"@type":"ListItem","position":2,"name":"Trgovina","item":"https:\/\/inti.hr\/bs\/trgovina\/"},{"@type":"ListItem","position":3,"name":"Plastenik od folije 143x143x195 cm 130 g\/m\u00b2"}]},{"@type":"WebSite","@id":"https:\/\/inti.hr\/bs\/#website","url":"https:\/\/inti.hr\/bs\/","name":"Inti","description":"trgovina","potentialAction":[{"@type":"SearchAction","target":{"@type":"EntryPoint","urlTemplate":"https:\/\/inti.hr\/bs\/?s={search_term_string}"},"query-input":{"@type":"PropertyValueSpecification","valueRequired":true,"valueName":"search_term_string"}}],"inLanguage":"bs-BA"}]}},"jetpack_sharing_enabled":true,"jetpack-related-posts":[],"_links":{"self":[{"href":"https:\/\/inti.hr\/bs\/wp-json\/wp\/v2\/product\/36405"}],"collection":[{"href":"https:\/\/inti.hr\/bs\/wp-json\/wp\/v2\/product"}],"about":[{"href":"https:\/\/inti.hr\/bs\/wp-json\/wp\/v2\/types\/product"}],"wp:featuredmedia":[{"embeddable":true,"href":"https:\/\/inti.hr\/bs\/wp-json\/wp\/v2\/media\/36407"}],"wp:attachment":[{"href":"https:\/\/inti.hr\/bs\/wp-json\/wp\/v2\/media?parent=36405"}],"wp:term":[{"taxonomy":"product_cat","embeddable":true,"href":"https:\/\/inti.hr\/bs\/wp-json\/wp\/v2\/product_cat?post=36405"},{"taxonomy":"product_tag","embeddable":true,"href":"https:\/\/inti.hr\/bs\/wp-json\/wp\/v2\/product_tag?post=36405"}],"curies":[{"name":"wp","href":"https:\/\/api.w.org\/{rel}","templated":true}]}}