{"id":36439,"date":"2023-09-14T09:35:13","date_gmt":"2023-09-14T09:35:13","guid":{"rendered":"https:\/\/inti.hr\/product\/kupaonski-ormaric-zlatni-rub\/"},"modified":"2023-09-14T09:35:13","modified_gmt":"2023-09-14T09:35:13","slug":"kupaonski-ormaric-zlatni-rub","status":"publish","type":"product","link":"https:\/\/inti.hr\/bs\/proizvod\/kupaonski-ormaric-zlatni-rub\/","title":{"rendered":"Kupaonski ormari\u0107 zlatni rub"},"content":{"rendered":"<p>Detalji proizvoda:<\/p>\n<p>Materijal: Drvena vlakna.<br \/>\nTe\u017eina: 10,4 kg<br \/>\nTestirano za: 25 kg.<br \/>\nMjere proizvoda: 60x30x61 cm (vidi sliku)<br \/>\nDimenzije paketa: 70x36x14 cm.<br \/>\nS uputama za sastavljanje i vijcima. Jednostavna instalacija.<\/p>\n","protected":false},"excerpt":{"rendered":"<p>S prakti\u010dnim i jednostavnim ormari\u0107em za umivaonik kona\u010dno \u0107ete imati dovoljno &#8230; <\/p>\n","protected":false},"featured_media":36440,"template":"","meta":[],"product_cat":[2392],"product_tag":[2520,3674],"yoast_head":"<!-- This site is optimized with the Yoast SEO plugin v23.7 - https:\/\/yoast.com\/wordpress\/plugins\/seo\/ -->\n<title>Kupaonski ormari\u0107 zlatni rub - Inti<\/title>\n<meta name=\"description\" content=\"S prakti\u010dnim i jednostavnim ormari\u0107em za umivaonik kona\u010dno \u0107ete imati dovoljno prostora za odlaganje stvari u kupaonici. Vi\u0161e nikada ne\u0107ete morati brinuti o tome gdje \u0107ete staviti svakodnevne stvari kao \u0161to su toaletni papir, ru\u010dnici, sredstva za \u010di\u0161\u0107enje, deterd\u017eent za pranje rublja.Bijeli ormari\u0107 sa zlatnim ru\u010dkama \u010dini ljude fizi\u010dki i psihi\u010dki sretnima, cjelokupni izgled je lijep i atmosferi\u010dan. Sustav odvodnje skriven u ormari\u0107u tako\u0111er upotpunjuje cijelu kupaonicu.S pregradom iza vrata, ovaj ormar nudi dovoljno prostora za pohranjivanje deterd\u017eenata, toaletnih potrep\u0161tina i ostalih kupaonskih potrep\u0161tina te ih bolje \u0161titi od vode, pra\u0161ine itd.Visina kupaonskog ormari\u0107a je prikladna i zadovoljava potrebe ve\u0107ine ljudi.Prije kupnje izmjerite veli\u010dinu sifona i sudopera. Dimenzije otvora za sifon: 20 x 15 cm.Oslonci za noge mogu se koristiti za bolju za\u0161titu boje od vlage.\" \/>\n<meta name=\"robots\" content=\"index, follow, max-snippet:-1, max-image-preview:large, max-video-preview:-1\" \/>\n<link rel=\"canonical\" href=\"https:\/\/inti.hr\/bs\/proizvod\/kupaonski-ormaric-zlatni-rub\/\" \/>\n<meta property=\"og:locale\" content=\"bs_BA\" \/>\n<meta property=\"og:type\" content=\"article\" \/>\n<meta property=\"og:title\" content=\"Kupaonski ormari\u0107 zlatni rub - Inti\" \/>\n<meta property=\"og:description\" content=\"S prakti\u010dnim i jednostavnim ormari\u0107em za umivaonik kona\u010dno \u0107ete imati dovoljno prostora za odlaganje stvari u kupaonici. Vi\u0161e nikada ne\u0107ete morati brinuti o tome gdje \u0107ete staviti svakodnevne stvari kao \u0161to su toaletni papir, ru\u010dnici, sredstva za \u010di\u0161\u0107enje, deterd\u017eent za pranje rublja.Bijeli ormari\u0107 sa zlatnim ru\u010dkama \u010dini ljude fizi\u010dki i psihi\u010dki sretnima, cjelokupni izgled je lijep i atmosferi\u010dan. Sustav odvodnje skriven u ormari\u0107u tako\u0111er upotpunjuje cijelu kupaonicu.S pregradom iza vrata, ovaj ormar nudi dovoljno prostora za pohranjivanje deterd\u017eenata, toaletnih potrep\u0161tina i ostalih kupaonskih potrep\u0161tina te ih bolje \u0161titi od vode, pra\u0161ine itd.Visina kupaonskog ormari\u0107a je prikladna i zadovoljava potrebe ve\u0107ine ljudi.Prije kupnje izmjerite veli\u010dinu sifona i sudopera. Dimenzije otvora za sifon: 20 x 15 cm.Oslonci za noge mogu se koristiti za bolju za\u0161titu boje od vlage.\" \/>\n<meta property=\"og:url\" content=\"https:\/\/inti.hr\/bs\/proizvod\/kupaonski-ormaric-zlatni-rub\/\" \/>\n<meta property=\"og:site_name\" content=\"Inti\" \/>\n<meta property=\"og:image\" content=\"https:\/\/i0.wp.com\/inti.hr\/wp-content\/uploads\/2023\/09\/BZR86-S002_1800x1800.webp?fit=1600%2C1600&ssl=1\" \/>\n\t<meta property=\"og:image:width\" content=\"1600\" \/>\n\t<meta property=\"og:image:height\" content=\"1600\" \/>\n\t<meta property=\"og:image:type\" content=\"image\/webp\" \/>\n<meta name=\"twitter:card\" content=\"summary_large_image\" \/>\n<script type=\"application\/ld+json\" class=\"yoast-schema-graph\">{\"@context\":\"https:\/\/schema.org\",\"@graph\":[{\"@type\":\"WebPage\",\"@id\":\"https:\/\/inti.hr\/bs\/proizvod\/kupaonski-ormaric-zlatni-rub\/\",\"url\":\"https:\/\/inti.hr\/bs\/proizvod\/kupaonski-ormaric-zlatni-rub\/\",\"name\":\"Kupaonski ormari\u0107 zlatni rub - Inti\",\"isPartOf\":{\"@id\":\"https:\/\/inti.hr\/bs\/#website\"},\"primaryImageOfPage\":{\"@id\":\"https:\/\/inti.hr\/bs\/proizvod\/kupaonski-ormaric-zlatni-rub\/#primaryimage\"},\"image\":{\"@id\":\"https:\/\/inti.hr\/bs\/proizvod\/kupaonski-ormaric-zlatni-rub\/#primaryimage\"},\"thumbnailUrl\":\"https:\/\/i0.wp.com\/inti.hr\/wp-content\/uploads\/2023\/09\/BZR86-S002_1800x1800.webp?fit=1600%2C1600&ssl=1\",\"datePublished\":\"2023-09-14T09:35:13+00:00\",\"dateModified\":\"2023-09-14T09:35:13+00:00\",\"description\":\"S prakti\u010dnim i jednostavnim ormari\u0107em za umivaonik kona\u010dno \u0107ete imati dovoljno prostora za odlaganje stvari u kupaonici. Vi\u0161e nikada ne\u0107ete morati brinuti o tome gdje \u0107ete staviti svakodnevne stvari kao \u0161to su toaletni papir, ru\u010dnici, sredstva za \u010di\u0161\u0107enje, deterd\u017eent za pranje rublja.Bijeli ormari\u0107 sa zlatnim ru\u010dkama \u010dini ljude fizi\u010dki i psihi\u010dki sretnima, cjelokupni izgled je lijep i atmosferi\u010dan. Sustav odvodnje skriven u ormari\u0107u tako\u0111er upotpunjuje cijelu kupaonicu.S pregradom iza vrata, ovaj ormar nudi dovoljno prostora za pohranjivanje deterd\u017eenata, toaletnih potrep\u0161tina i ostalih kupaonskih potrep\u0161tina te ih bolje \u0161titi od vode, pra\u0161ine itd.Visina kupaonskog ormari\u0107a je prikladna i zadovoljava potrebe ve\u0107ine ljudi.Prije kupnje izmjerite veli\u010dinu sifona i sudopera. Dimenzije otvora za sifon: 20 x 15 cm.Oslonci za noge mogu se koristiti za bolju za\u0161titu boje od vlage.\",\"breadcrumb\":{\"@id\":\"https:\/\/inti.hr\/bs\/proizvod\/kupaonski-ormaric-zlatni-rub\/#breadcrumb\"},\"inLanguage\":\"bs-BA\",\"potentialAction\":[{\"@type\":\"ReadAction\",\"target\":[\"https:\/\/inti.hr\/bs\/proizvod\/kupaonski-ormaric-zlatni-rub\/\"]}]},{\"@type\":\"ImageObject\",\"inLanguage\":\"bs-BA\",\"@id\":\"https:\/\/inti.hr\/bs\/proizvod\/kupaonski-ormaric-zlatni-rub\/#primaryimage\",\"url\":\"https:\/\/i0.wp.com\/inti.hr\/wp-content\/uploads\/2023\/09\/BZR86-S002_1800x1800.webp?fit=1600%2C1600&ssl=1\",\"contentUrl\":\"https:\/\/i0.wp.com\/inti.hr\/wp-content\/uploads\/2023\/09\/BZR86-S002_1800x1800.webp?fit=1600%2C1600&ssl=1\",\"width\":1600,\"height\":1600},{\"@type\":\"BreadcrumbList\",\"@id\":\"https:\/\/inti.hr\/bs\/proizvod\/kupaonski-ormaric-zlatni-rub\/#breadcrumb\",\"itemListElement\":[{\"@type\":\"ListItem\",\"position\":1,\"name\":\"Po\u010detna stranica\",\"item\":\"https:\/\/inti.hr\/bs\/\"},{\"@type\":\"ListItem\",\"position\":2,\"name\":\"Trgovina\",\"item\":\"https:\/\/inti.hr\/bs\/trgovina\/\"},{\"@type\":\"ListItem\",\"position\":3,\"name\":\"Kupaonski ormari\u0107 zlatni rub\"}]},{\"@type\":\"WebSite\",\"@id\":\"https:\/\/inti.hr\/bs\/#website\",\"url\":\"https:\/\/inti.hr\/bs\/\",\"name\":\"Inti\",\"description\":\"trgovina\",\"potentialAction\":[{\"@type\":\"SearchAction\",\"target\":{\"@type\":\"EntryPoint\",\"urlTemplate\":\"https:\/\/inti.hr\/bs\/?s={search_term_string}\"},\"query-input\":{\"@type\":\"PropertyValueSpecification\",\"valueRequired\":true,\"valueName\":\"search_term_string\"}}],\"inLanguage\":\"bs-BA\"}]}<\/script>\n<!-- \/ Yoast SEO plugin. -->","yoast_head_json":{"title":"Kupaonski ormari\u0107 zlatni rub - Inti","description":"S prakti\u010dnim i jednostavnim ormari\u0107em za umivaonik kona\u010dno \u0107ete imati dovoljno prostora za odlaganje stvari u kupaonici. Vi\u0161e nikada ne\u0107ete morati brinuti o tome gdje \u0107ete staviti svakodnevne stvari kao \u0161to su toaletni papir, ru\u010dnici, sredstva za \u010di\u0161\u0107enje, deterd\u017eent za pranje rublja.Bijeli ormari\u0107 sa zlatnim ru\u010dkama \u010dini ljude fizi\u010dki i psihi\u010dki sretnima, cjelokupni izgled je lijep i atmosferi\u010dan. Sustav odvodnje skriven u ormari\u0107u tako\u0111er upotpunjuje cijelu kupaonicu.S pregradom iza vrata, ovaj ormar nudi dovoljno prostora za pohranjivanje deterd\u017eenata, toaletnih potrep\u0161tina i ostalih kupaonskih potrep\u0161tina te ih bolje \u0161titi od vode, pra\u0161ine itd.Visina kupaonskog ormari\u0107a je prikladna i zadovoljava potrebe ve\u0107ine ljudi.Prije kupnje izmjerite veli\u010dinu sifona i sudopera. Dimenzije otvora za sifon: 20 x 15 cm.Oslonci za noge mogu se koristiti za bolju za\u0161titu boje od vlage.","robots":{"index":"index","follow":"follow","max-snippet":"max-snippet:-1","max-image-preview":"max-image-preview:large","max-video-preview":"max-video-preview:-1"},"canonical":"https:\/\/inti.hr\/bs\/proizvod\/kupaonski-ormaric-zlatni-rub\/","og_locale":"bs_BA","og_type":"article","og_title":"Kupaonski ormari\u0107 zlatni rub - Inti","og_description":"S prakti\u010dnim i jednostavnim ormari\u0107em za umivaonik kona\u010dno \u0107ete imati dovoljno prostora za odlaganje stvari u kupaonici. Vi\u0161e nikada ne\u0107ete morati brinuti o tome gdje \u0107ete staviti svakodnevne stvari kao \u0161to su toaletni papir, ru\u010dnici, sredstva za \u010di\u0161\u0107enje, deterd\u017eent za pranje rublja.Bijeli ormari\u0107 sa zlatnim ru\u010dkama \u010dini ljude fizi\u010dki i psihi\u010dki sretnima, cjelokupni izgled je lijep i atmosferi\u010dan. Sustav odvodnje skriven u ormari\u0107u tako\u0111er upotpunjuje cijelu kupaonicu.S pregradom iza vrata, ovaj ormar nudi dovoljno prostora za pohranjivanje deterd\u017eenata, toaletnih potrep\u0161tina i ostalih kupaonskih potrep\u0161tina te ih bolje \u0161titi od vode, pra\u0161ine itd.Visina kupaonskog ormari\u0107a je prikladna i zadovoljava potrebe ve\u0107ine ljudi.Prije kupnje izmjerite veli\u010dinu sifona i sudopera. Dimenzije otvora za sifon: 20 x 15 cm.Oslonci za noge mogu se koristiti za bolju za\u0161titu boje od vlage.","og_url":"https:\/\/inti.hr\/bs\/proizvod\/kupaonski-ormaric-zlatni-rub\/","og_site_name":"Inti","og_image":[{"width":1600,"height":1600,"url":"https:\/\/i0.wp.com\/inti.hr\/wp-content\/uploads\/2023\/09\/BZR86-S002_1800x1800.webp?fit=1600%2C1600&ssl=1","type":"image\/webp"}],"twitter_card":"summary_large_image","schema":{"@context":"https:\/\/schema.org","@graph":[{"@type":"WebPage","@id":"https:\/\/inti.hr\/bs\/proizvod\/kupaonski-ormaric-zlatni-rub\/","url":"https:\/\/inti.hr\/bs\/proizvod\/kupaonski-ormaric-zlatni-rub\/","name":"Kupaonski ormari\u0107 zlatni rub - Inti","isPartOf":{"@id":"https:\/\/inti.hr\/bs\/#website"},"primaryImageOfPage":{"@id":"https:\/\/inti.hr\/bs\/proizvod\/kupaonski-ormaric-zlatni-rub\/#primaryimage"},"image":{"@id":"https:\/\/inti.hr\/bs\/proizvod\/kupaonski-ormaric-zlatni-rub\/#primaryimage"},"thumbnailUrl":"https:\/\/i0.wp.com\/inti.hr\/wp-content\/uploads\/2023\/09\/BZR86-S002_1800x1800.webp?fit=1600%2C1600&ssl=1","datePublished":"2023-09-14T09:35:13+00:00","dateModified":"2023-09-14T09:35:13+00:00","description":"S prakti\u010dnim i jednostavnim ormari\u0107em za umivaonik kona\u010dno \u0107ete imati dovoljno prostora za odlaganje stvari u kupaonici. Vi\u0161e nikada ne\u0107ete morati brinuti o tome gdje \u0107ete staviti svakodnevne stvari kao \u0161to su toaletni papir, ru\u010dnici, sredstva za \u010di\u0161\u0107enje, deterd\u017eent za pranje rublja.Bijeli ormari\u0107 sa zlatnim ru\u010dkama \u010dini ljude fizi\u010dki i psihi\u010dki sretnima, cjelokupni izgled je lijep i atmosferi\u010dan. Sustav odvodnje skriven u ormari\u0107u tako\u0111er upotpunjuje cijelu kupaonicu.S pregradom iza vrata, ovaj ormar nudi dovoljno prostora za pohranjivanje deterd\u017eenata, toaletnih potrep\u0161tina i ostalih kupaonskih potrep\u0161tina te ih bolje \u0161titi od vode, pra\u0161ine itd.Visina kupaonskog ormari\u0107a je prikladna i zadovoljava potrebe ve\u0107ine ljudi.Prije kupnje izmjerite veli\u010dinu sifona i sudopera. Dimenzije otvora za sifon: 20 x 15 cm.Oslonci za noge mogu se koristiti za bolju za\u0161titu boje od vlage.","breadcrumb":{"@id":"https:\/\/inti.hr\/bs\/proizvod\/kupaonski-ormaric-zlatni-rub\/#breadcrumb"},"inLanguage":"bs-BA","potentialAction":[{"@type":"ReadAction","target":["https:\/\/inti.hr\/bs\/proizvod\/kupaonski-ormaric-zlatni-rub\/"]}]},{"@type":"ImageObject","inLanguage":"bs-BA","@id":"https:\/\/inti.hr\/bs\/proizvod\/kupaonski-ormaric-zlatni-rub\/#primaryimage","url":"https:\/\/i0.wp.com\/inti.hr\/wp-content\/uploads\/2023\/09\/BZR86-S002_1800x1800.webp?fit=1600%2C1600&ssl=1","contentUrl":"https:\/\/i0.wp.com\/inti.hr\/wp-content\/uploads\/2023\/09\/BZR86-S002_1800x1800.webp?fit=1600%2C1600&ssl=1","width":1600,"height":1600},{"@type":"BreadcrumbList","@id":"https:\/\/inti.hr\/bs\/proizvod\/kupaonski-ormaric-zlatni-rub\/#breadcrumb","itemListElement":[{"@type":"ListItem","position":1,"name":"Po\u010detna stranica","item":"https:\/\/inti.hr\/bs\/"},{"@type":"ListItem","position":2,"name":"Trgovina","item":"https:\/\/inti.hr\/bs\/trgovina\/"},{"@type":"ListItem","position":3,"name":"Kupaonski ormari\u0107 zlatni rub"}]},{"@type":"WebSite","@id":"https:\/\/inti.hr\/bs\/#website","url":"https:\/\/inti.hr\/bs\/","name":"Inti","description":"trgovina","potentialAction":[{"@type":"SearchAction","target":{"@type":"EntryPoint","urlTemplate":"https:\/\/inti.hr\/bs\/?s={search_term_string}"},"query-input":{"@type":"PropertyValueSpecification","valueRequired":true,"valueName":"search_term_string"}}],"inLanguage":"bs-BA"}]}},"jetpack_sharing_enabled":true,"jetpack-related-posts":[],"_links":{"self":[{"href":"https:\/\/inti.hr\/bs\/wp-json\/wp\/v2\/product\/36439"}],"collection":[{"href":"https:\/\/inti.hr\/bs\/wp-json\/wp\/v2\/product"}],"about":[{"href":"https:\/\/inti.hr\/bs\/wp-json\/wp\/v2\/types\/product"}],"wp:featuredmedia":[{"embeddable":true,"href":"https:\/\/inti.hr\/bs\/wp-json\/wp\/v2\/media\/36440"}],"wp:attachment":[{"href":"https:\/\/inti.hr\/bs\/wp-json\/wp\/v2\/media?parent=36439"}],"wp:term":[{"taxonomy":"product_cat","embeddable":true,"href":"https:\/\/inti.hr\/bs\/wp-json\/wp\/v2\/product_cat?post=36439"},{"taxonomy":"product_tag","embeddable":true,"href":"https:\/\/inti.hr\/bs\/wp-json\/wp\/v2\/product_tag?post=36439"}],"curies":[{"name":"wp","href":"https:\/\/api.w.org\/{rel}","templated":true}]}}