{"id":36443,"date":"2023-09-14T06:42:14","date_gmt":"2023-09-14T06:42:14","guid":{"rendered":"https:\/\/inti.hr\/product\/set-2-nocna-ormarica-20x60x35-cm\/"},"modified":"2023-09-14T06:42:14","modified_gmt":"2023-09-14T06:42:14","slug":"set-2-nocna-ormarica-20x60x35-cm","status":"publish","type":"product","link":"https:\/\/inti.hr\/bs\/proizvod\/set-2-nocna-ormarica-20x60x35-cm\/","title":{"rendered":"Set 2 no\u0107na ormari\u0107a 20x60x35 Cm"},"content":{"rendered":"<p>Detalji proizvoda:<\/p>\n<ul>\n<li>Materijal: iverica, papirna folija<\/li>\n<li>Dimenzije proizvoda: \u016020*\u016035*V60 cm (vidi sliku).<\/li>\n<li>Te\u017eina: 7,3 kg.\u00a0Nosivost do 20 kg.<\/li>\n<li>Dimenzije i te\u017eina paketa: 69,00*43,00*12,00cm, 8,6 kg<\/li>\n<li>S uputama za monta\u017eu i vijcima, jednostavna monta\u017ea<\/li>\n<li>Ovaj proizvod je razvijen i ispitan za ku\u0107nu upotrebu.<\/li>\n<\/ul>\n","protected":false},"excerpt":{"rendered":"<p>Ovaj komad namje\u0161taja savr\u0161en je kao no\u0107ni ormari\u0107 u spava\u0107oj sobi, &#8230; <\/p>\n","protected":false},"featured_media":36444,"template":"","meta":[],"product_cat":[2414],"product_tag":[2672,2673],"yoast_head":"<!-- This site is optimized with the Yoast SEO plugin v23.7 - https:\/\/yoast.com\/wordpress\/plugins\/seo\/ -->\n<title>Set 2 no\u0107na ormari\u0107a 20x60x35 Cm - Inti<\/title>\n<meta name=\"description\" content=\"Ovaj komad namje\u0161taja savr\u0161en je kao no\u0107ni ormari\u0107 u spava\u0107oj sobi, pored sofe u dnevnoj sobi ili kao pomo\u0107ni stoli\u0107 u sobi za primanje.Ako volite malo \u010ditati prije spavanja ili provjeravati telefon, ovaj moderni no\u0107ni ormari\u0107 je ba\u0161 za vas.Zahvaljuju\u0107i \u0161irini od 20 cm, ova se polica mo\u017ee fleksibilno postaviti gdje god je potrebno.\" \/>\n<meta name=\"robots\" content=\"index, follow, max-snippet:-1, max-image-preview:large, max-video-preview:-1\" \/>\n<link rel=\"canonical\" href=\"https:\/\/inti.hr\/bs\/proizvod\/set-2-nocna-ormarica-20x60x35-cm\/\" \/>\n<meta property=\"og:locale\" content=\"bs_BA\" \/>\n<meta property=\"og:type\" content=\"article\" \/>\n<meta property=\"og:title\" content=\"Set 2 no\u0107na ormari\u0107a 20x60x35 Cm - Inti\" \/>\n<meta property=\"og:description\" content=\"Ovaj komad namje\u0161taja savr\u0161en je kao no\u0107ni ormari\u0107 u spava\u0107oj sobi, pored sofe u dnevnoj sobi ili kao pomo\u0107ni stoli\u0107 u sobi za primanje.Ako volite malo \u010ditati prije spavanja ili provjeravati telefon, ovaj moderni no\u0107ni ormari\u0107 je ba\u0161 za vas.Zahvaljuju\u0107i \u0161irini od 20 cm, ova se polica mo\u017ee fleksibilno postaviti gdje god je potrebno.\" \/>\n<meta property=\"og:url\" content=\"https:\/\/inti.hr\/bs\/proizvod\/set-2-nocna-ormarica-20x60x35-cm\/\" \/>\n<meta property=\"og:site_name\" content=\"Inti\" \/>\n<meta property=\"og:image\" content=\"https:\/\/i0.wp.com\/inti.hr\/wp-content\/uploads\/2023\/09\/FBT111-WN-S007_52a7db26-c514-41c4-9acc-895e94ec2649_1800x1800.webp?fit=1600%2C1600&ssl=1\" \/>\n\t<meta property=\"og:image:width\" content=\"1600\" \/>\n\t<meta property=\"og:image:height\" content=\"1600\" \/>\n\t<meta property=\"og:image:type\" content=\"image\/webp\" \/>\n<meta name=\"twitter:card\" content=\"summary_large_image\" \/>\n<script type=\"application\/ld+json\" class=\"yoast-schema-graph\">{\"@context\":\"https:\/\/schema.org\",\"@graph\":[{\"@type\":\"WebPage\",\"@id\":\"https:\/\/inti.hr\/bs\/proizvod\/set-2-nocna-ormarica-20x60x35-cm\/\",\"url\":\"https:\/\/inti.hr\/bs\/proizvod\/set-2-nocna-ormarica-20x60x35-cm\/\",\"name\":\"Set 2 no\u0107na ormari\u0107a 20x60x35 Cm - Inti\",\"isPartOf\":{\"@id\":\"https:\/\/inti.hr\/bs\/#website\"},\"primaryImageOfPage\":{\"@id\":\"https:\/\/inti.hr\/bs\/proizvod\/set-2-nocna-ormarica-20x60x35-cm\/#primaryimage\"},\"image\":{\"@id\":\"https:\/\/inti.hr\/bs\/proizvod\/set-2-nocna-ormarica-20x60x35-cm\/#primaryimage\"},\"thumbnailUrl\":\"https:\/\/i0.wp.com\/inti.hr\/wp-content\/uploads\/2023\/09\/FBT111-WN-S007_52a7db26-c514-41c4-9acc-895e94ec2649_1800x1800.webp?fit=1600%2C1600&ssl=1\",\"datePublished\":\"2023-09-14T06:42:14+00:00\",\"dateModified\":\"2023-09-14T06:42:14+00:00\",\"description\":\"Ovaj komad namje\u0161taja savr\u0161en je kao no\u0107ni ormari\u0107 u spava\u0107oj sobi, pored sofe u dnevnoj sobi ili kao pomo\u0107ni stoli\u0107 u sobi za primanje.Ako volite malo \u010ditati prije spavanja ili provjeravati telefon, ovaj moderni no\u0107ni ormari\u0107 je ba\u0161 za vas.Zahvaljuju\u0107i \u0161irini od 20 cm, ova se polica mo\u017ee fleksibilno postaviti gdje god je potrebno.\",\"breadcrumb\":{\"@id\":\"https:\/\/inti.hr\/bs\/proizvod\/set-2-nocna-ormarica-20x60x35-cm\/#breadcrumb\"},\"inLanguage\":\"bs-BA\",\"potentialAction\":[{\"@type\":\"ReadAction\",\"target\":[\"https:\/\/inti.hr\/bs\/proizvod\/set-2-nocna-ormarica-20x60x35-cm\/\"]}]},{\"@type\":\"ImageObject\",\"inLanguage\":\"bs-BA\",\"@id\":\"https:\/\/inti.hr\/bs\/proizvod\/set-2-nocna-ormarica-20x60x35-cm\/#primaryimage\",\"url\":\"https:\/\/i0.wp.com\/inti.hr\/wp-content\/uploads\/2023\/09\/FBT111-WN-S007_52a7db26-c514-41c4-9acc-895e94ec2649_1800x1800.webp?fit=1600%2C1600&ssl=1\",\"contentUrl\":\"https:\/\/i0.wp.com\/inti.hr\/wp-content\/uploads\/2023\/09\/FBT111-WN-S007_52a7db26-c514-41c4-9acc-895e94ec2649_1800x1800.webp?fit=1600%2C1600&ssl=1\",\"width\":1600,\"height\":1600},{\"@type\":\"BreadcrumbList\",\"@id\":\"https:\/\/inti.hr\/bs\/proizvod\/set-2-nocna-ormarica-20x60x35-cm\/#breadcrumb\",\"itemListElement\":[{\"@type\":\"ListItem\",\"position\":1,\"name\":\"Po\u010detna stranica\",\"item\":\"https:\/\/inti.hr\/bs\/\"},{\"@type\":\"ListItem\",\"position\":2,\"name\":\"Trgovina\",\"item\":\"https:\/\/inti.hr\/bs\/trgovina\/\"},{\"@type\":\"ListItem\",\"position\":3,\"name\":\"Set 2 no\u0107na ormari\u0107a 20x60x35 Cm\"}]},{\"@type\":\"WebSite\",\"@id\":\"https:\/\/inti.hr\/bs\/#website\",\"url\":\"https:\/\/inti.hr\/bs\/\",\"name\":\"Inti\",\"description\":\"trgovina\",\"potentialAction\":[{\"@type\":\"SearchAction\",\"target\":{\"@type\":\"EntryPoint\",\"urlTemplate\":\"https:\/\/inti.hr\/bs\/?s={search_term_string}\"},\"query-input\":{\"@type\":\"PropertyValueSpecification\",\"valueRequired\":true,\"valueName\":\"search_term_string\"}}],\"inLanguage\":\"bs-BA\"}]}<\/script>\n<!-- \/ Yoast SEO plugin. -->","yoast_head_json":{"title":"Set 2 no\u0107na ormari\u0107a 20x60x35 Cm - Inti","description":"Ovaj komad namje\u0161taja savr\u0161en je kao no\u0107ni ormari\u0107 u spava\u0107oj sobi, pored sofe u dnevnoj sobi ili kao pomo\u0107ni stoli\u0107 u sobi za primanje.Ako volite malo \u010ditati prije spavanja ili provjeravati telefon, ovaj moderni no\u0107ni ormari\u0107 je ba\u0161 za vas.Zahvaljuju\u0107i \u0161irini od 20 cm, ova se polica mo\u017ee fleksibilno postaviti gdje god je potrebno.","robots":{"index":"index","follow":"follow","max-snippet":"max-snippet:-1","max-image-preview":"max-image-preview:large","max-video-preview":"max-video-preview:-1"},"canonical":"https:\/\/inti.hr\/bs\/proizvod\/set-2-nocna-ormarica-20x60x35-cm\/","og_locale":"bs_BA","og_type":"article","og_title":"Set 2 no\u0107na ormari\u0107a 20x60x35 Cm - Inti","og_description":"Ovaj komad namje\u0161taja savr\u0161en je kao no\u0107ni ormari\u0107 u spava\u0107oj sobi, pored sofe u dnevnoj sobi ili kao pomo\u0107ni stoli\u0107 u sobi za primanje.Ako volite malo \u010ditati prije spavanja ili provjeravati telefon, ovaj moderni no\u0107ni ormari\u0107 je ba\u0161 za vas.Zahvaljuju\u0107i \u0161irini od 20 cm, ova se polica mo\u017ee fleksibilno postaviti gdje god je potrebno.","og_url":"https:\/\/inti.hr\/bs\/proizvod\/set-2-nocna-ormarica-20x60x35-cm\/","og_site_name":"Inti","og_image":[{"width":1600,"height":1600,"url":"https:\/\/i0.wp.com\/inti.hr\/wp-content\/uploads\/2023\/09\/FBT111-WN-S007_52a7db26-c514-41c4-9acc-895e94ec2649_1800x1800.webp?fit=1600%2C1600&ssl=1","type":"image\/webp"}],"twitter_card":"summary_large_image","schema":{"@context":"https:\/\/schema.org","@graph":[{"@type":"WebPage","@id":"https:\/\/inti.hr\/bs\/proizvod\/set-2-nocna-ormarica-20x60x35-cm\/","url":"https:\/\/inti.hr\/bs\/proizvod\/set-2-nocna-ormarica-20x60x35-cm\/","name":"Set 2 no\u0107na ormari\u0107a 20x60x35 Cm - Inti","isPartOf":{"@id":"https:\/\/inti.hr\/bs\/#website"},"primaryImageOfPage":{"@id":"https:\/\/inti.hr\/bs\/proizvod\/set-2-nocna-ormarica-20x60x35-cm\/#primaryimage"},"image":{"@id":"https:\/\/inti.hr\/bs\/proizvod\/set-2-nocna-ormarica-20x60x35-cm\/#primaryimage"},"thumbnailUrl":"https:\/\/i0.wp.com\/inti.hr\/wp-content\/uploads\/2023\/09\/FBT111-WN-S007_52a7db26-c514-41c4-9acc-895e94ec2649_1800x1800.webp?fit=1600%2C1600&ssl=1","datePublished":"2023-09-14T06:42:14+00:00","dateModified":"2023-09-14T06:42:14+00:00","description":"Ovaj komad namje\u0161taja savr\u0161en je kao no\u0107ni ormari\u0107 u spava\u0107oj sobi, pored sofe u dnevnoj sobi ili kao pomo\u0107ni stoli\u0107 u sobi za primanje.Ako volite malo \u010ditati prije spavanja ili provjeravati telefon, ovaj moderni no\u0107ni ormari\u0107 je ba\u0161 za vas.Zahvaljuju\u0107i \u0161irini od 20 cm, ova se polica mo\u017ee fleksibilno postaviti gdje god je potrebno.","breadcrumb":{"@id":"https:\/\/inti.hr\/bs\/proizvod\/set-2-nocna-ormarica-20x60x35-cm\/#breadcrumb"},"inLanguage":"bs-BA","potentialAction":[{"@type":"ReadAction","target":["https:\/\/inti.hr\/bs\/proizvod\/set-2-nocna-ormarica-20x60x35-cm\/"]}]},{"@type":"ImageObject","inLanguage":"bs-BA","@id":"https:\/\/inti.hr\/bs\/proizvod\/set-2-nocna-ormarica-20x60x35-cm\/#primaryimage","url":"https:\/\/i0.wp.com\/inti.hr\/wp-content\/uploads\/2023\/09\/FBT111-WN-S007_52a7db26-c514-41c4-9acc-895e94ec2649_1800x1800.webp?fit=1600%2C1600&ssl=1","contentUrl":"https:\/\/i0.wp.com\/inti.hr\/wp-content\/uploads\/2023\/09\/FBT111-WN-S007_52a7db26-c514-41c4-9acc-895e94ec2649_1800x1800.webp?fit=1600%2C1600&ssl=1","width":1600,"height":1600},{"@type":"BreadcrumbList","@id":"https:\/\/inti.hr\/bs\/proizvod\/set-2-nocna-ormarica-20x60x35-cm\/#breadcrumb","itemListElement":[{"@type":"ListItem","position":1,"name":"Po\u010detna stranica","item":"https:\/\/inti.hr\/bs\/"},{"@type":"ListItem","position":2,"name":"Trgovina","item":"https:\/\/inti.hr\/bs\/trgovina\/"},{"@type":"ListItem","position":3,"name":"Set 2 no\u0107na ormari\u0107a 20x60x35 Cm"}]},{"@type":"WebSite","@id":"https:\/\/inti.hr\/bs\/#website","url":"https:\/\/inti.hr\/bs\/","name":"Inti","description":"trgovina","potentialAction":[{"@type":"SearchAction","target":{"@type":"EntryPoint","urlTemplate":"https:\/\/inti.hr\/bs\/?s={search_term_string}"},"query-input":{"@type":"PropertyValueSpecification","valueRequired":true,"valueName":"search_term_string"}}],"inLanguage":"bs-BA"}]}},"jetpack_sharing_enabled":true,"jetpack-related-posts":[],"_links":{"self":[{"href":"https:\/\/inti.hr\/bs\/wp-json\/wp\/v2\/product\/36443"}],"collection":[{"href":"https:\/\/inti.hr\/bs\/wp-json\/wp\/v2\/product"}],"about":[{"href":"https:\/\/inti.hr\/bs\/wp-json\/wp\/v2\/types\/product"}],"wp:featuredmedia":[{"embeddable":true,"href":"https:\/\/inti.hr\/bs\/wp-json\/wp\/v2\/media\/36444"}],"wp:attachment":[{"href":"https:\/\/inti.hr\/bs\/wp-json\/wp\/v2\/media?parent=36443"}],"wp:term":[{"taxonomy":"product_cat","embeddable":true,"href":"https:\/\/inti.hr\/bs\/wp-json\/wp\/v2\/product_cat?post=36443"},{"taxonomy":"product_tag","embeddable":true,"href":"https:\/\/inti.hr\/bs\/wp-json\/wp\/v2\/product_tag?post=36443"}],"curies":[{"name":"wp","href":"https:\/\/api.w.org\/{rel}","templated":true}]}}