{"id":36477,"date":"2023-09-07T08:22:52","date_gmt":"2023-09-07T08:22:52","guid":{"rendered":"https:\/\/inti.hr\/product\/visoki-barski-stol\/"},"modified":"2023-09-07T08:22:52","modified_gmt":"2023-09-07T08:22:52","slug":"visoki-barski-stol","status":"publish","type":"product","link":"https:\/\/inti.hr\/bs\/proizvod\/visoki-barski-stol\/","title":{"rendered":"Visoki barski stol"},"content":{"rendered":"<p>Detalji proizvoda:<\/p>\n<div class=\"left\">\n<div>Boja: vintage sme\u0111e-crna<\/div>\n<div>Materijal: iverica, \u010delik<\/div>\n<div>Veli\u010dina: 60 x 60 x 92 cm (D x \u0160 x V)<\/div>\n<div>Te\u017eina: 10 kg<\/div>\n<div>Maksimalna stati\u010dka nosivost: 100 kg<\/div>\n<\/div>\n<div><\/div>\n<div><\/div>\n<div>NAPOMENA:<\/div>\n<div><\/div>\n<div>zbog dimenzija ne vr\u0161imo povrat.<\/div>\n","protected":false},"excerpt":{"rendered":"<p>Kvadratni visoki stol iz na\u0161e kolekcije ALINRU, anti-napojnica za ve\u0107u sigurnost &#8230; <\/p>\n","protected":false},"featured_media":36478,"template":"","meta":[],"product_cat":[2726],"product_tag":[3016,4759],"yoast_head":"<!-- This site is optimized with the Yoast SEO plugin v23.7 - https:\/\/yoast.com\/wordpress\/plugins\/seo\/ -->\n<title>Visoki barski stol - Inti<\/title>\n<meta name=\"description\" content=\"Kvadratni visoki stol iz na\u0161e kolekcije ALINRU, anti-napojnica za ve\u0107u sigurnost i na\u010din da stvorite ugodnu blagovaonicu u dnevnoj sobi, kuhinji ili na terasi. \u010celi\u010dne noge debljine 25 x 25 mm i pre\u010dke debljine 20 x 40 cm \u010dine stabilan temelj ovog kuhinjskog stola na koji mo\u017eete staviti \u0161iroku ponudu hrane i pi\u0107a. Podesive no\u017eice tako\u0111er osiguravaju visok stupanj stabilnosti i osiguravaju da se naran\u010de ne otkotrljaju sa stola. Zahvaljuju\u0107i numeriranim pojedina\u010dnim dijelovima i lako razumljivim uputama, sastavljanje ovog barskog stola je jednostavno. Bit \u0107e u va\u0161oj kuhinji za 30 minuta.\" \/>\n<meta name=\"robots\" content=\"index, follow, max-snippet:-1, max-image-preview:large, max-video-preview:-1\" \/>\n<link rel=\"canonical\" href=\"https:\/\/inti.hr\/bs\/proizvod\/visoki-barski-stol\/\" \/>\n<meta property=\"og:locale\" content=\"bs_BA\" \/>\n<meta property=\"og:type\" content=\"article\" \/>\n<meta property=\"og:title\" content=\"Visoki barski stol - Inti\" \/>\n<meta property=\"og:description\" content=\"Kvadratni visoki stol iz na\u0161e kolekcije ALINRU, anti-napojnica za ve\u0107u sigurnost i na\u010din da stvorite ugodnu blagovaonicu u dnevnoj sobi, kuhinji ili na terasi. \u010celi\u010dne noge debljine 25 x 25 mm i pre\u010dke debljine 20 x 40 cm \u010dine stabilan temelj ovog kuhinjskog stola na koji mo\u017eete staviti \u0161iroku ponudu hrane i pi\u0107a. Podesive no\u017eice tako\u0111er osiguravaju visok stupanj stabilnosti i osiguravaju da se naran\u010de ne otkotrljaju sa stola. Zahvaljuju\u0107i numeriranim pojedina\u010dnim dijelovima i lako razumljivim uputama, sastavljanje ovog barskog stola je jednostavno. Bit \u0107e u va\u0161oj kuhinji za 30 minuta.\" \/>\n<meta property=\"og:url\" content=\"https:\/\/inti.hr\/bs\/proizvod\/visoki-barski-stol\/\" \/>\n<meta property=\"og:site_name\" content=\"Inti\" \/>\n<meta property=\"og:image\" content=\"https:\/\/i0.wp.com\/inti.hr\/wp-content\/uploads\/2023\/09\/LBT25X.jpg?fit=1000%2C1000&ssl=1\" \/>\n\t<meta property=\"og:image:width\" content=\"1000\" \/>\n\t<meta property=\"og:image:height\" content=\"1000\" \/>\n\t<meta property=\"og:image:type\" content=\"image\/jpeg\" \/>\n<meta name=\"twitter:card\" content=\"summary_large_image\" \/>\n<meta name=\"twitter:label1\" content=\"Est. reading time\" \/>\n\t<meta name=\"twitter:data1\" content=\"1 minuta\" \/>\n<script type=\"application\/ld+json\" class=\"yoast-schema-graph\">{\"@context\":\"https:\/\/schema.org\",\"@graph\":[{\"@type\":\"WebPage\",\"@id\":\"https:\/\/inti.hr\/bs\/proizvod\/visoki-barski-stol\/\",\"url\":\"https:\/\/inti.hr\/bs\/proizvod\/visoki-barski-stol\/\",\"name\":\"Visoki barski stol - Inti\",\"isPartOf\":{\"@id\":\"https:\/\/inti.hr\/bs\/#website\"},\"primaryImageOfPage\":{\"@id\":\"https:\/\/inti.hr\/bs\/proizvod\/visoki-barski-stol\/#primaryimage\"},\"image\":{\"@id\":\"https:\/\/inti.hr\/bs\/proizvod\/visoki-barski-stol\/#primaryimage\"},\"thumbnailUrl\":\"https:\/\/i0.wp.com\/inti.hr\/wp-content\/uploads\/2023\/09\/LBT25X.jpg?fit=1000%2C1000&ssl=1\",\"datePublished\":\"2023-09-07T08:22:52+00:00\",\"dateModified\":\"2023-09-07T08:22:52+00:00\",\"description\":\"Kvadratni visoki stol iz na\u0161e kolekcije ALINRU, anti-napojnica za ve\u0107u sigurnost i na\u010din da stvorite ugodnu blagovaonicu u dnevnoj sobi, kuhinji ili na terasi. \u010celi\u010dne noge debljine 25 x 25 mm i pre\u010dke debljine 20 x 40 cm \u010dine stabilan temelj ovog kuhinjskog stola na koji mo\u017eete staviti \u0161iroku ponudu hrane i pi\u0107a. Podesive no\u017eice tako\u0111er osiguravaju visok stupanj stabilnosti i osiguravaju da se naran\u010de ne otkotrljaju sa stola. Zahvaljuju\u0107i numeriranim pojedina\u010dnim dijelovima i lako razumljivim uputama, sastavljanje ovog barskog stola je jednostavno. Bit \u0107e u va\u0161oj kuhinji za 30 minuta.\",\"breadcrumb\":{\"@id\":\"https:\/\/inti.hr\/bs\/proizvod\/visoki-barski-stol\/#breadcrumb\"},\"inLanguage\":\"bs-BA\",\"potentialAction\":[{\"@type\":\"ReadAction\",\"target\":[\"https:\/\/inti.hr\/bs\/proizvod\/visoki-barski-stol\/\"]}]},{\"@type\":\"ImageObject\",\"inLanguage\":\"bs-BA\",\"@id\":\"https:\/\/inti.hr\/bs\/proizvod\/visoki-barski-stol\/#primaryimage\",\"url\":\"https:\/\/i0.wp.com\/inti.hr\/wp-content\/uploads\/2023\/09\/LBT25X.jpg?fit=1000%2C1000&ssl=1\",\"contentUrl\":\"https:\/\/i0.wp.com\/inti.hr\/wp-content\/uploads\/2023\/09\/LBT25X.jpg?fit=1000%2C1000&ssl=1\",\"width\":1000,\"height\":1000},{\"@type\":\"BreadcrumbList\",\"@id\":\"https:\/\/inti.hr\/bs\/proizvod\/visoki-barski-stol\/#breadcrumb\",\"itemListElement\":[{\"@type\":\"ListItem\",\"position\":1,\"name\":\"Po\u010detna stranica\",\"item\":\"https:\/\/inti.hr\/bs\/\"},{\"@type\":\"ListItem\",\"position\":2,\"name\":\"Trgovina\",\"item\":\"https:\/\/inti.hr\/bs\/trgovina\/\"},{\"@type\":\"ListItem\",\"position\":3,\"name\":\"Visoki barski stol\"}]},{\"@type\":\"WebSite\",\"@id\":\"https:\/\/inti.hr\/bs\/#website\",\"url\":\"https:\/\/inti.hr\/bs\/\",\"name\":\"Inti\",\"description\":\"trgovina\",\"potentialAction\":[{\"@type\":\"SearchAction\",\"target\":{\"@type\":\"EntryPoint\",\"urlTemplate\":\"https:\/\/inti.hr\/bs\/?s={search_term_string}\"},\"query-input\":{\"@type\":\"PropertyValueSpecification\",\"valueRequired\":true,\"valueName\":\"search_term_string\"}}],\"inLanguage\":\"bs-BA\"}]}<\/script>\n<!-- \/ Yoast SEO plugin. -->","yoast_head_json":{"title":"Visoki barski stol - Inti","description":"Kvadratni visoki stol iz na\u0161e kolekcije ALINRU, anti-napojnica za ve\u0107u sigurnost i na\u010din da stvorite ugodnu blagovaonicu u dnevnoj sobi, kuhinji ili na terasi. \u010celi\u010dne noge debljine 25 x 25 mm i pre\u010dke debljine 20 x 40 cm \u010dine stabilan temelj ovog kuhinjskog stola na koji mo\u017eete staviti \u0161iroku ponudu hrane i pi\u0107a. Podesive no\u017eice tako\u0111er osiguravaju visok stupanj stabilnosti i osiguravaju da se naran\u010de ne otkotrljaju sa stola. Zahvaljuju\u0107i numeriranim pojedina\u010dnim dijelovima i lako razumljivim uputama, sastavljanje ovog barskog stola je jednostavno. Bit \u0107e u va\u0161oj kuhinji za 30 minuta.","robots":{"index":"index","follow":"follow","max-snippet":"max-snippet:-1","max-image-preview":"max-image-preview:large","max-video-preview":"max-video-preview:-1"},"canonical":"https:\/\/inti.hr\/bs\/proizvod\/visoki-barski-stol\/","og_locale":"bs_BA","og_type":"article","og_title":"Visoki barski stol - Inti","og_description":"Kvadratni visoki stol iz na\u0161e kolekcije ALINRU, anti-napojnica za ve\u0107u sigurnost i na\u010din da stvorite ugodnu blagovaonicu u dnevnoj sobi, kuhinji ili na terasi. \u010celi\u010dne noge debljine 25 x 25 mm i pre\u010dke debljine 20 x 40 cm \u010dine stabilan temelj ovog kuhinjskog stola na koji mo\u017eete staviti \u0161iroku ponudu hrane i pi\u0107a. Podesive no\u017eice tako\u0111er osiguravaju visok stupanj stabilnosti i osiguravaju da se naran\u010de ne otkotrljaju sa stola. Zahvaljuju\u0107i numeriranim pojedina\u010dnim dijelovima i lako razumljivim uputama, sastavljanje ovog barskog stola je jednostavno. Bit \u0107e u va\u0161oj kuhinji za 30 minuta.","og_url":"https:\/\/inti.hr\/bs\/proizvod\/visoki-barski-stol\/","og_site_name":"Inti","og_image":[{"width":1000,"height":1000,"url":"https:\/\/i0.wp.com\/inti.hr\/wp-content\/uploads\/2023\/09\/LBT25X.jpg?fit=1000%2C1000&ssl=1","type":"image\/jpeg"}],"twitter_card":"summary_large_image","twitter_misc":{"Est. reading time":"1 minuta"},"schema":{"@context":"https:\/\/schema.org","@graph":[{"@type":"WebPage","@id":"https:\/\/inti.hr\/bs\/proizvod\/visoki-barski-stol\/","url":"https:\/\/inti.hr\/bs\/proizvod\/visoki-barski-stol\/","name":"Visoki barski stol - Inti","isPartOf":{"@id":"https:\/\/inti.hr\/bs\/#website"},"primaryImageOfPage":{"@id":"https:\/\/inti.hr\/bs\/proizvod\/visoki-barski-stol\/#primaryimage"},"image":{"@id":"https:\/\/inti.hr\/bs\/proizvod\/visoki-barski-stol\/#primaryimage"},"thumbnailUrl":"https:\/\/i0.wp.com\/inti.hr\/wp-content\/uploads\/2023\/09\/LBT25X.jpg?fit=1000%2C1000&ssl=1","datePublished":"2023-09-07T08:22:52+00:00","dateModified":"2023-09-07T08:22:52+00:00","description":"Kvadratni visoki stol iz na\u0161e kolekcije ALINRU, anti-napojnica za ve\u0107u sigurnost i na\u010din da stvorite ugodnu blagovaonicu u dnevnoj sobi, kuhinji ili na terasi. \u010celi\u010dne noge debljine 25 x 25 mm i pre\u010dke debljine 20 x 40 cm \u010dine stabilan temelj ovog kuhinjskog stola na koji mo\u017eete staviti \u0161iroku ponudu hrane i pi\u0107a. Podesive no\u017eice tako\u0111er osiguravaju visok stupanj stabilnosti i osiguravaju da se naran\u010de ne otkotrljaju sa stola. Zahvaljuju\u0107i numeriranim pojedina\u010dnim dijelovima i lako razumljivim uputama, sastavljanje ovog barskog stola je jednostavno. Bit \u0107e u va\u0161oj kuhinji za 30 minuta.","breadcrumb":{"@id":"https:\/\/inti.hr\/bs\/proizvod\/visoki-barski-stol\/#breadcrumb"},"inLanguage":"bs-BA","potentialAction":[{"@type":"ReadAction","target":["https:\/\/inti.hr\/bs\/proizvod\/visoki-barski-stol\/"]}]},{"@type":"ImageObject","inLanguage":"bs-BA","@id":"https:\/\/inti.hr\/bs\/proizvod\/visoki-barski-stol\/#primaryimage","url":"https:\/\/i0.wp.com\/inti.hr\/wp-content\/uploads\/2023\/09\/LBT25X.jpg?fit=1000%2C1000&ssl=1","contentUrl":"https:\/\/i0.wp.com\/inti.hr\/wp-content\/uploads\/2023\/09\/LBT25X.jpg?fit=1000%2C1000&ssl=1","width":1000,"height":1000},{"@type":"BreadcrumbList","@id":"https:\/\/inti.hr\/bs\/proizvod\/visoki-barski-stol\/#breadcrumb","itemListElement":[{"@type":"ListItem","position":1,"name":"Po\u010detna stranica","item":"https:\/\/inti.hr\/bs\/"},{"@type":"ListItem","position":2,"name":"Trgovina","item":"https:\/\/inti.hr\/bs\/trgovina\/"},{"@type":"ListItem","position":3,"name":"Visoki barski stol"}]},{"@type":"WebSite","@id":"https:\/\/inti.hr\/bs\/#website","url":"https:\/\/inti.hr\/bs\/","name":"Inti","description":"trgovina","potentialAction":[{"@type":"SearchAction","target":{"@type":"EntryPoint","urlTemplate":"https:\/\/inti.hr\/bs\/?s={search_term_string}"},"query-input":{"@type":"PropertyValueSpecification","valueRequired":true,"valueName":"search_term_string"}}],"inLanguage":"bs-BA"}]}},"jetpack_sharing_enabled":true,"jetpack-related-posts":[],"_links":{"self":[{"href":"https:\/\/inti.hr\/bs\/wp-json\/wp\/v2\/product\/36477"}],"collection":[{"href":"https:\/\/inti.hr\/bs\/wp-json\/wp\/v2\/product"}],"about":[{"href":"https:\/\/inti.hr\/bs\/wp-json\/wp\/v2\/types\/product"}],"wp:featuredmedia":[{"embeddable":true,"href":"https:\/\/inti.hr\/bs\/wp-json\/wp\/v2\/media\/36478"}],"wp:attachment":[{"href":"https:\/\/inti.hr\/bs\/wp-json\/wp\/v2\/media?parent=36477"}],"wp:term":[{"taxonomy":"product_cat","embeddable":true,"href":"https:\/\/inti.hr\/bs\/wp-json\/wp\/v2\/product_cat?post=36477"},{"taxonomy":"product_tag","embeddable":true,"href":"https:\/\/inti.hr\/bs\/wp-json\/wp\/v2\/product_tag?post=36477"}],"curies":[{"name":"wp","href":"https:\/\/api.w.org\/{rel}","templated":true}]}}