{"id":36557,"date":"2023-03-03T13:45:02","date_gmt":"2023-03-03T13:45:02","guid":{"rendered":"https:\/\/inti.hr\/product\/djecja-polica-za-knjige-60x30x103cm\/"},"modified":"2023-03-03T13:45:02","modified_gmt":"2023-03-03T13:45:02","slug":"djecja-polica-za-knjige-60x30x103cm","status":"publish","type":"product","link":"https:\/\/inti.hr\/bs\/proizvod\/djecja-polica-za-knjige-60x30x103cm\/","title":{"rendered":"Dje\u010dja polica za knjige 60x30x103cm"},"content":{"rendered":"<p>Detalji proizvoda:<\/p>\n<p>Te\u017eina: 14,4 kg<br \/>\nNosivost: 70kg<br \/>\nMaterijal: MDF(E1), bor.<br \/>\nDimenzije proizvoda: 60x30x103cm (vidi sliku)<br \/>\nVeli\u010dina pakiranja: 70x38x20cm.<br \/>\nS uputama za sastavljanje i vijcima. Jednostavna instalacija.<\/p>\n","protected":false},"excerpt":{"rendered":"<p>Ova polica osigurava red u dje\u010djoj sobi. Ne samo knjige, ve\u0107 &#8230; <\/p>\n","protected":false},"featured_media":36558,"template":"","meta":[],"product_cat":[2408],"product_tag":[2945,2410,2437],"yoast_head":"<!-- This site is optimized with the Yoast SEO plugin v23.7 - https:\/\/yoast.com\/wordpress\/plugins\/seo\/ -->\n<title>Dje\u010dja polica za knjige 60x30x103cm - Inti<\/title>\n<meta name=\"description\" content=\"Ova polica osigurava red u dje\u010djoj sobi. Ne samo knjige, ve\u0107 i igra\u010dke, olovke i rukotvorine ovdje nalaze svoje mjesto.Polica za knjige ima 3 otvorena odjeljka i 2 vrata za uredno pohranjivanje knjiga i igra\u010daka svih oblika i veli\u010dina.Bijela ku\u0107a s vratima! Ne samo polica, ve\u0107 i vrhunac u dje\u010djoj sobi.Visok 103 cm - djeca mogu staviti svoje omiljene knjige, lego kockice i medvjedi\u0107e na njega i pokazati ga svojim prijateljima!Noge od borovine napravljene su da budu \u010dvrste i stabilne kako bi osigurale sigurnost va\u0161eg djeteta.Zaobljeni kutovi i rubovi osiguravaju da se va\u0161e dijete ne ozlijedi kada se igra samo ili sa svojim prijateljima.Na\u0161 proizvod dolazi s 2 nosa\u010da protiv prevrtanja za pri\u010dvr\u0161\u0107ivanje ormari\u0107a na zid.Uklju\u010duju\u0107i za\u0161titu poda. Nema vi\u0161e straha od izgrebanih podova!\" \/>\n<meta name=\"robots\" content=\"index, follow, max-snippet:-1, max-image-preview:large, max-video-preview:-1\" \/>\n<link rel=\"canonical\" href=\"https:\/\/inti.hr\/bs\/proizvod\/djecja-polica-za-knjige-60x30x103cm\/\" \/>\n<meta property=\"og:locale\" content=\"bs_BA\" \/>\n<meta property=\"og:type\" content=\"article\" \/>\n<meta property=\"og:title\" content=\"Dje\u010dja polica za knjige 60x30x103cm - Inti\" \/>\n<meta property=\"og:description\" content=\"Ova polica osigurava red u dje\u010djoj sobi. Ne samo knjige, ve\u0107 i igra\u010dke, olovke i rukotvorine ovdje nalaze svoje mjesto.Polica za knjige ima 3 otvorena odjeljka i 2 vrata za uredno pohranjivanje knjiga i igra\u010daka svih oblika i veli\u010dina.Bijela ku\u0107a s vratima! Ne samo polica, ve\u0107 i vrhunac u dje\u010djoj sobi.Visok 103 cm - djeca mogu staviti svoje omiljene knjige, lego kockice i medvjedi\u0107e na njega i pokazati ga svojim prijateljima!Noge od borovine napravljene su da budu \u010dvrste i stabilne kako bi osigurale sigurnost va\u0161eg djeteta.Zaobljeni kutovi i rubovi osiguravaju da se va\u0161e dijete ne ozlijedi kada se igra samo ili sa svojim prijateljima.Na\u0161 proizvod dolazi s 2 nosa\u010da protiv prevrtanja za pri\u010dvr\u0161\u0107ivanje ormari\u0107a na zid.Uklju\u010duju\u0107i za\u0161titu poda. Nema vi\u0161e straha od izgrebanih podova!\" \/>\n<meta property=\"og:url\" content=\"https:\/\/inti.hr\/bs\/proizvod\/djecja-polica-za-knjige-60x30x103cm\/\" \/>\n<meta property=\"og:site_name\" content=\"Inti\" \/>\n<meta property=\"og:image\" content=\"https:\/\/i0.wp.com\/inti.hr\/wp-content\/uploads\/2023\/03\/KMB58-W-Y003-1.webp?fit=1600%2C1600&ssl=1\" \/>\n\t<meta property=\"og:image:width\" content=\"1600\" \/>\n\t<meta property=\"og:image:height\" content=\"1600\" \/>\n\t<meta property=\"og:image:type\" content=\"image\/webp\" \/>\n<meta name=\"twitter:card\" content=\"summary_large_image\" \/>\n<script type=\"application\/ld+json\" class=\"yoast-schema-graph\">{\"@context\":\"https:\/\/schema.org\",\"@graph\":[{\"@type\":\"WebPage\",\"@id\":\"https:\/\/inti.hr\/bs\/proizvod\/djecja-polica-za-knjige-60x30x103cm\/\",\"url\":\"https:\/\/inti.hr\/bs\/proizvod\/djecja-polica-za-knjige-60x30x103cm\/\",\"name\":\"Dje\u010dja polica za knjige 60x30x103cm - Inti\",\"isPartOf\":{\"@id\":\"https:\/\/inti.hr\/bs\/#website\"},\"primaryImageOfPage\":{\"@id\":\"https:\/\/inti.hr\/bs\/proizvod\/djecja-polica-za-knjige-60x30x103cm\/#primaryimage\"},\"image\":{\"@id\":\"https:\/\/inti.hr\/bs\/proizvod\/djecja-polica-za-knjige-60x30x103cm\/#primaryimage\"},\"thumbnailUrl\":\"https:\/\/i0.wp.com\/inti.hr\/wp-content\/uploads\/2023\/03\/KMB58-W-Y003-1.webp?fit=1600%2C1600&ssl=1\",\"datePublished\":\"2023-03-03T13:45:02+00:00\",\"dateModified\":\"2023-03-03T13:45:02+00:00\",\"description\":\"Ova polica osigurava red u dje\u010djoj sobi. Ne samo knjige, ve\u0107 i igra\u010dke, olovke i rukotvorine ovdje nalaze svoje mjesto.Polica za knjige ima 3 otvorena odjeljka i 2 vrata za uredno pohranjivanje knjiga i igra\u010daka svih oblika i veli\u010dina.Bijela ku\u0107a s vratima! Ne samo polica, ve\u0107 i vrhunac u dje\u010djoj sobi.Visok 103 cm - djeca mogu staviti svoje omiljene knjige, lego kockice i medvjedi\u0107e na njega i pokazati ga svojim prijateljima!Noge od borovine napravljene su da budu \u010dvrste i stabilne kako bi osigurale sigurnost va\u0161eg djeteta.Zaobljeni kutovi i rubovi osiguravaju da se va\u0161e dijete ne ozlijedi kada se igra samo ili sa svojim prijateljima.Na\u0161 proizvod dolazi s 2 nosa\u010da protiv prevrtanja za pri\u010dvr\u0161\u0107ivanje ormari\u0107a na zid.Uklju\u010duju\u0107i za\u0161titu poda. Nema vi\u0161e straha od izgrebanih podova!\",\"breadcrumb\":{\"@id\":\"https:\/\/inti.hr\/bs\/proizvod\/djecja-polica-za-knjige-60x30x103cm\/#breadcrumb\"},\"inLanguage\":\"bs-BA\",\"potentialAction\":[{\"@type\":\"ReadAction\",\"target\":[\"https:\/\/inti.hr\/bs\/proizvod\/djecja-polica-za-knjige-60x30x103cm\/\"]}]},{\"@type\":\"ImageObject\",\"inLanguage\":\"bs-BA\",\"@id\":\"https:\/\/inti.hr\/bs\/proizvod\/djecja-polica-za-knjige-60x30x103cm\/#primaryimage\",\"url\":\"https:\/\/i0.wp.com\/inti.hr\/wp-content\/uploads\/2023\/03\/KMB58-W-Y003-1.webp?fit=1600%2C1600&ssl=1\",\"contentUrl\":\"https:\/\/i0.wp.com\/inti.hr\/wp-content\/uploads\/2023\/03\/KMB58-W-Y003-1.webp?fit=1600%2C1600&ssl=1\",\"width\":1600,\"height\":1600},{\"@type\":\"BreadcrumbList\",\"@id\":\"https:\/\/inti.hr\/bs\/proizvod\/djecja-polica-za-knjige-60x30x103cm\/#breadcrumb\",\"itemListElement\":[{\"@type\":\"ListItem\",\"position\":1,\"name\":\"Po\u010detna stranica\",\"item\":\"https:\/\/inti.hr\/bs\/\"},{\"@type\":\"ListItem\",\"position\":2,\"name\":\"Trgovina\",\"item\":\"https:\/\/inti.hr\/bs\/trgovina\/\"},{\"@type\":\"ListItem\",\"position\":3,\"name\":\"Dje\u010dja polica za knjige 60x30x103cm\"}]},{\"@type\":\"WebSite\",\"@id\":\"https:\/\/inti.hr\/bs\/#website\",\"url\":\"https:\/\/inti.hr\/bs\/\",\"name\":\"Inti\",\"description\":\"trgovina\",\"potentialAction\":[{\"@type\":\"SearchAction\",\"target\":{\"@type\":\"EntryPoint\",\"urlTemplate\":\"https:\/\/inti.hr\/bs\/?s={search_term_string}\"},\"query-input\":{\"@type\":\"PropertyValueSpecification\",\"valueRequired\":true,\"valueName\":\"search_term_string\"}}],\"inLanguage\":\"bs-BA\"}]}<\/script>\n<!-- \/ Yoast SEO plugin. -->","yoast_head_json":{"title":"Dje\u010dja polica za knjige 60x30x103cm - Inti","description":"Ova polica osigurava red u dje\u010djoj sobi. Ne samo knjige, ve\u0107 i igra\u010dke, olovke i rukotvorine ovdje nalaze svoje mjesto.Polica za knjige ima 3 otvorena odjeljka i 2 vrata za uredno pohranjivanje knjiga i igra\u010daka svih oblika i veli\u010dina.Bijela ku\u0107a s vratima! Ne samo polica, ve\u0107 i vrhunac u dje\u010djoj sobi.Visok 103 cm - djeca mogu staviti svoje omiljene knjige, lego kockice i medvjedi\u0107e na njega i pokazati ga svojim prijateljima!Noge od borovine napravljene su da budu \u010dvrste i stabilne kako bi osigurale sigurnost va\u0161eg djeteta.Zaobljeni kutovi i rubovi osiguravaju da se va\u0161e dijete ne ozlijedi kada se igra samo ili sa svojim prijateljima.Na\u0161 proizvod dolazi s 2 nosa\u010da protiv prevrtanja za pri\u010dvr\u0161\u0107ivanje ormari\u0107a na zid.Uklju\u010duju\u0107i za\u0161titu poda. Nema vi\u0161e straha od izgrebanih podova!","robots":{"index":"index","follow":"follow","max-snippet":"max-snippet:-1","max-image-preview":"max-image-preview:large","max-video-preview":"max-video-preview:-1"},"canonical":"https:\/\/inti.hr\/bs\/proizvod\/djecja-polica-za-knjige-60x30x103cm\/","og_locale":"bs_BA","og_type":"article","og_title":"Dje\u010dja polica za knjige 60x30x103cm - Inti","og_description":"Ova polica osigurava red u dje\u010djoj sobi. Ne samo knjige, ve\u0107 i igra\u010dke, olovke i rukotvorine ovdje nalaze svoje mjesto.Polica za knjige ima 3 otvorena odjeljka i 2 vrata za uredno pohranjivanje knjiga i igra\u010daka svih oblika i veli\u010dina.Bijela ku\u0107a s vratima! Ne samo polica, ve\u0107 i vrhunac u dje\u010djoj sobi.Visok 103 cm - djeca mogu staviti svoje omiljene knjige, lego kockice i medvjedi\u0107e na njega i pokazati ga svojim prijateljima!Noge od borovine napravljene su da budu \u010dvrste i stabilne kako bi osigurale sigurnost va\u0161eg djeteta.Zaobljeni kutovi i rubovi osiguravaju da se va\u0161e dijete ne ozlijedi kada se igra samo ili sa svojim prijateljima.Na\u0161 proizvod dolazi s 2 nosa\u010da protiv prevrtanja za pri\u010dvr\u0161\u0107ivanje ormari\u0107a na zid.Uklju\u010duju\u0107i za\u0161titu poda. Nema vi\u0161e straha od izgrebanih podova!","og_url":"https:\/\/inti.hr\/bs\/proizvod\/djecja-polica-za-knjige-60x30x103cm\/","og_site_name":"Inti","og_image":[{"width":1600,"height":1600,"url":"https:\/\/i0.wp.com\/inti.hr\/wp-content\/uploads\/2023\/03\/KMB58-W-Y003-1.webp?fit=1600%2C1600&ssl=1","type":"image\/webp"}],"twitter_card":"summary_large_image","schema":{"@context":"https:\/\/schema.org","@graph":[{"@type":"WebPage","@id":"https:\/\/inti.hr\/bs\/proizvod\/djecja-polica-za-knjige-60x30x103cm\/","url":"https:\/\/inti.hr\/bs\/proizvod\/djecja-polica-za-knjige-60x30x103cm\/","name":"Dje\u010dja polica za knjige 60x30x103cm - Inti","isPartOf":{"@id":"https:\/\/inti.hr\/bs\/#website"},"primaryImageOfPage":{"@id":"https:\/\/inti.hr\/bs\/proizvod\/djecja-polica-za-knjige-60x30x103cm\/#primaryimage"},"image":{"@id":"https:\/\/inti.hr\/bs\/proizvod\/djecja-polica-za-knjige-60x30x103cm\/#primaryimage"},"thumbnailUrl":"https:\/\/i0.wp.com\/inti.hr\/wp-content\/uploads\/2023\/03\/KMB58-W-Y003-1.webp?fit=1600%2C1600&ssl=1","datePublished":"2023-03-03T13:45:02+00:00","dateModified":"2023-03-03T13:45:02+00:00","description":"Ova polica osigurava red u dje\u010djoj sobi. Ne samo knjige, ve\u0107 i igra\u010dke, olovke i rukotvorine ovdje nalaze svoje mjesto.Polica za knjige ima 3 otvorena odjeljka i 2 vrata za uredno pohranjivanje knjiga i igra\u010daka svih oblika i veli\u010dina.Bijela ku\u0107a s vratima! Ne samo polica, ve\u0107 i vrhunac u dje\u010djoj sobi.Visok 103 cm - djeca mogu staviti svoje omiljene knjige, lego kockice i medvjedi\u0107e na njega i pokazati ga svojim prijateljima!Noge od borovine napravljene su da budu \u010dvrste i stabilne kako bi osigurale sigurnost va\u0161eg djeteta.Zaobljeni kutovi i rubovi osiguravaju da se va\u0161e dijete ne ozlijedi kada se igra samo ili sa svojim prijateljima.Na\u0161 proizvod dolazi s 2 nosa\u010da protiv prevrtanja za pri\u010dvr\u0161\u0107ivanje ormari\u0107a na zid.Uklju\u010duju\u0107i za\u0161titu poda. Nema vi\u0161e straha od izgrebanih podova!","breadcrumb":{"@id":"https:\/\/inti.hr\/bs\/proizvod\/djecja-polica-za-knjige-60x30x103cm\/#breadcrumb"},"inLanguage":"bs-BA","potentialAction":[{"@type":"ReadAction","target":["https:\/\/inti.hr\/bs\/proizvod\/djecja-polica-za-knjige-60x30x103cm\/"]}]},{"@type":"ImageObject","inLanguage":"bs-BA","@id":"https:\/\/inti.hr\/bs\/proizvod\/djecja-polica-za-knjige-60x30x103cm\/#primaryimage","url":"https:\/\/i0.wp.com\/inti.hr\/wp-content\/uploads\/2023\/03\/KMB58-W-Y003-1.webp?fit=1600%2C1600&ssl=1","contentUrl":"https:\/\/i0.wp.com\/inti.hr\/wp-content\/uploads\/2023\/03\/KMB58-W-Y003-1.webp?fit=1600%2C1600&ssl=1","width":1600,"height":1600},{"@type":"BreadcrumbList","@id":"https:\/\/inti.hr\/bs\/proizvod\/djecja-polica-za-knjige-60x30x103cm\/#breadcrumb","itemListElement":[{"@type":"ListItem","position":1,"name":"Po\u010detna stranica","item":"https:\/\/inti.hr\/bs\/"},{"@type":"ListItem","position":2,"name":"Trgovina","item":"https:\/\/inti.hr\/bs\/trgovina\/"},{"@type":"ListItem","position":3,"name":"Dje\u010dja polica za knjige 60x30x103cm"}]},{"@type":"WebSite","@id":"https:\/\/inti.hr\/bs\/#website","url":"https:\/\/inti.hr\/bs\/","name":"Inti","description":"trgovina","potentialAction":[{"@type":"SearchAction","target":{"@type":"EntryPoint","urlTemplate":"https:\/\/inti.hr\/bs\/?s={search_term_string}"},"query-input":{"@type":"PropertyValueSpecification","valueRequired":true,"valueName":"search_term_string"}}],"inLanguage":"bs-BA"}]}},"jetpack_sharing_enabled":true,"jetpack-related-posts":[],"_links":{"self":[{"href":"https:\/\/inti.hr\/bs\/wp-json\/wp\/v2\/product\/36557"}],"collection":[{"href":"https:\/\/inti.hr\/bs\/wp-json\/wp\/v2\/product"}],"about":[{"href":"https:\/\/inti.hr\/bs\/wp-json\/wp\/v2\/types\/product"}],"wp:featuredmedia":[{"embeddable":true,"href":"https:\/\/inti.hr\/bs\/wp-json\/wp\/v2\/media\/36558"}],"wp:attachment":[{"href":"https:\/\/inti.hr\/bs\/wp-json\/wp\/v2\/media?parent=36557"}],"wp:term":[{"taxonomy":"product_cat","embeddable":true,"href":"https:\/\/inti.hr\/bs\/wp-json\/wp\/v2\/product_cat?post=36557"},{"taxonomy":"product_tag","embeddable":true,"href":"https:\/\/inti.hr\/bs\/wp-json\/wp\/v2\/product_tag?post=36557"}],"curies":[{"name":"wp","href":"https:\/\/api.w.org\/{rel}","templated":true}]}}