{"id":36599,"date":"2023-02-25T08:08:56","date_gmt":"2023-02-25T08:08:56","guid":{"rendered":"https:\/\/inti.hr\/product\/toaletni-stol-bijeli\/"},"modified":"2023-02-25T08:08:56","modified_gmt":"2023-02-25T08:08:56","slug":"toaletni-stol-bijeli","status":"publish","type":"product","link":"https:\/\/inti.hr\/bs\/proizvod\/toaletni-stol-bijeli\/","title":{"rendered":"Toaletni stol bijeli"},"content":{"rendered":"<p>Detalji o proizvodu:<br \/>\n&#8211; Boja: Bijela<br \/>\n&#8211; Materijal: MDF (vlaknasta plo\u010da srednje gusto\u0107e), borovina, gumeno drvo, staklo<br \/>\n&#8211; Veli\u010dina toaletnog stoli\u0107a: 80 x 40 x 139 cm (D x \u0160 x V)<br \/>\n&#8211; Veli\u010dina taburea: 40 x 30 x 46 cm (D x \u0160 x V)<br \/>\n&#8211; Te\u017eina: 23,5 kg<br \/>\n&#8211; Maksimalno stati\u010dko optere\u0107enje stolice: 130 kg<\/p>\n","protected":false},"excerpt":{"rendered":"<p>Ovaj kozmeti\u010dki stoli\u0107 sa \u017earuljama ostvarit \u0107e san va\u0161e filmske zvijezde. &#8230; <\/p>\n","protected":false},"featured_media":36600,"template":"","meta":[],"product_cat":[2414],"product_tag":[2768,4876],"yoast_head":"<!-- This site is optimized with the Yoast SEO plugin v23.7 - https:\/\/yoast.com\/wordpress\/plugins\/seo\/ -->\n<title>Toaletni stol bijeli - Inti<\/title>\n<meta name=\"description\" content=\"Ovaj kozmeti\u010dki stoli\u0107 sa \u017earuljama ostvarit \u0107e san va\u0161e filmske zvijezde. Sjede\u0107i ispred velikog ogledala, upaljena svjetla, prilago\u0111avaju\u0107i svjetlinu da osvijetli va\u0161e lice - osje\u0107at \u0107ete se poput filmske zvijezde koja se \u0161minka. \u010cetke u izmjenjivim kutijama, lak i puder u malim ladicama, uvija\u010di u ve\u0107im ladicama... Sve \u0161to vam treba za ljepotu je pri ruci kako biste uvijek izgledali najbolje. Glatka povr\u0161ina koja se lako \u010disti, noge od punog drva, visokokvalitetna drvena plo\u010da stola i visokokvalitetno stakleno ogledalo - ovaj toaletni stoli\u0107 posve\u0107en je dugoj slu\u017ebi va\u0161e ljepote. Kozmeti\u010dka rutina mo\u017ee biti komplicirana, ali sastavljanje toaletnog stoli\u0107a traje vrlo malo vremena - Uz jasno ozna\u010dene dijelove i upute koje je lako slijediti, sastavljanje nikad nije bilo lak\u0161e. Atraktivan izgled i visoka funkcionalnost \u010dine ovaj toaletni stoli\u0107 impresivnim poklonom. Nemate boljih ideja za dar? Ovaj stol je taman!\" \/>\n<meta name=\"robots\" content=\"index, follow, max-snippet:-1, max-image-preview:large, max-video-preview:-1\" \/>\n<link rel=\"canonical\" href=\"https:\/\/inti.hr\/bs\/proizvod\/toaletni-stol-bijeli\/\" \/>\n<meta property=\"og:locale\" content=\"bs_BA\" \/>\n<meta property=\"og:type\" content=\"article\" \/>\n<meta property=\"og:title\" content=\"Toaletni stol bijeli - Inti\" \/>\n<meta property=\"og:description\" content=\"Ovaj kozmeti\u010dki stoli\u0107 sa \u017earuljama ostvarit \u0107e san va\u0161e filmske zvijezde. Sjede\u0107i ispred velikog ogledala, upaljena svjetla, prilago\u0111avaju\u0107i svjetlinu da osvijetli va\u0161e lice - osje\u0107at \u0107ete se poput filmske zvijezde koja se \u0161minka. \u010cetke u izmjenjivim kutijama, lak i puder u malim ladicama, uvija\u010di u ve\u0107im ladicama... Sve \u0161to vam treba za ljepotu je pri ruci kako biste uvijek izgledali najbolje. Glatka povr\u0161ina koja se lako \u010disti, noge od punog drva, visokokvalitetna drvena plo\u010da stola i visokokvalitetno stakleno ogledalo - ovaj toaletni stoli\u0107 posve\u0107en je dugoj slu\u017ebi va\u0161e ljepote. Kozmeti\u010dka rutina mo\u017ee biti komplicirana, ali sastavljanje toaletnog stoli\u0107a traje vrlo malo vremena - Uz jasno ozna\u010dene dijelove i upute koje je lako slijediti, sastavljanje nikad nije bilo lak\u0161e. Atraktivan izgled i visoka funkcionalnost \u010dine ovaj toaletni stoli\u0107 impresivnim poklonom. Nemate boljih ideja za dar? Ovaj stol je taman!\" \/>\n<meta property=\"og:url\" content=\"https:\/\/inti.hr\/bs\/proizvod\/toaletni-stol-bijeli\/\" \/>\n<meta property=\"og:site_name\" content=\"Inti\" \/>\n<meta property=\"og:image\" content=\"https:\/\/i0.wp.com\/inti.hr\/wp-content\/uploads\/2023\/02\/RDT170W01-3.jpg?fit=750%2C750&ssl=1\" \/>\n\t<meta property=\"og:image:width\" content=\"750\" \/>\n\t<meta property=\"og:image:height\" content=\"750\" \/>\n\t<meta property=\"og:image:type\" content=\"image\/jpeg\" \/>\n<meta name=\"twitter:card\" content=\"summary_large_image\" \/>\n<script type=\"application\/ld+json\" class=\"yoast-schema-graph\">{\"@context\":\"https:\/\/schema.org\",\"@graph\":[{\"@type\":\"WebPage\",\"@id\":\"https:\/\/inti.hr\/bs\/proizvod\/toaletni-stol-bijeli\/\",\"url\":\"https:\/\/inti.hr\/bs\/proizvod\/toaletni-stol-bijeli\/\",\"name\":\"Toaletni stol bijeli - Inti\",\"isPartOf\":{\"@id\":\"https:\/\/inti.hr\/bs\/#website\"},\"primaryImageOfPage\":{\"@id\":\"https:\/\/inti.hr\/bs\/proizvod\/toaletni-stol-bijeli\/#primaryimage\"},\"image\":{\"@id\":\"https:\/\/inti.hr\/bs\/proizvod\/toaletni-stol-bijeli\/#primaryimage\"},\"thumbnailUrl\":\"https:\/\/i0.wp.com\/inti.hr\/wp-content\/uploads\/2023\/02\/RDT170W01-3.jpg?fit=750%2C750&ssl=1\",\"datePublished\":\"2023-02-25T08:08:56+00:00\",\"dateModified\":\"2023-02-25T08:08:56+00:00\",\"description\":\"Ovaj kozmeti\u010dki stoli\u0107 sa \u017earuljama ostvarit \u0107e san va\u0161e filmske zvijezde. Sjede\u0107i ispred velikog ogledala, upaljena svjetla, prilago\u0111avaju\u0107i svjetlinu da osvijetli va\u0161e lice - osje\u0107at \u0107ete se poput filmske zvijezde koja se \u0161minka. \u010cetke u izmjenjivim kutijama, lak i puder u malim ladicama, uvija\u010di u ve\u0107im ladicama... Sve \u0161to vam treba za ljepotu je pri ruci kako biste uvijek izgledali najbolje. Glatka povr\u0161ina koja se lako \u010disti, noge od punog drva, visokokvalitetna drvena plo\u010da stola i visokokvalitetno stakleno ogledalo - ovaj toaletni stoli\u0107 posve\u0107en je dugoj slu\u017ebi va\u0161e ljepote. Kozmeti\u010dka rutina mo\u017ee biti komplicirana, ali sastavljanje toaletnog stoli\u0107a traje vrlo malo vremena - Uz jasno ozna\u010dene dijelove i upute koje je lako slijediti, sastavljanje nikad nije bilo lak\u0161e. Atraktivan izgled i visoka funkcionalnost \u010dine ovaj toaletni stoli\u0107 impresivnim poklonom. Nemate boljih ideja za dar? Ovaj stol je taman!\",\"breadcrumb\":{\"@id\":\"https:\/\/inti.hr\/bs\/proizvod\/toaletni-stol-bijeli\/#breadcrumb\"},\"inLanguage\":\"bs-BA\",\"potentialAction\":[{\"@type\":\"ReadAction\",\"target\":[\"https:\/\/inti.hr\/bs\/proizvod\/toaletni-stol-bijeli\/\"]}]},{\"@type\":\"ImageObject\",\"inLanguage\":\"bs-BA\",\"@id\":\"https:\/\/inti.hr\/bs\/proizvod\/toaletni-stol-bijeli\/#primaryimage\",\"url\":\"https:\/\/i0.wp.com\/inti.hr\/wp-content\/uploads\/2023\/02\/RDT170W01-3.jpg?fit=750%2C750&ssl=1\",\"contentUrl\":\"https:\/\/i0.wp.com\/inti.hr\/wp-content\/uploads\/2023\/02\/RDT170W01-3.jpg?fit=750%2C750&ssl=1\",\"width\":750,\"height\":750},{\"@type\":\"BreadcrumbList\",\"@id\":\"https:\/\/inti.hr\/bs\/proizvod\/toaletni-stol-bijeli\/#breadcrumb\",\"itemListElement\":[{\"@type\":\"ListItem\",\"position\":1,\"name\":\"Po\u010detna stranica\",\"item\":\"https:\/\/inti.hr\/bs\/\"},{\"@type\":\"ListItem\",\"position\":2,\"name\":\"Trgovina\",\"item\":\"https:\/\/inti.hr\/bs\/trgovina\/\"},{\"@type\":\"ListItem\",\"position\":3,\"name\":\"Toaletni stol bijeli\"}]},{\"@type\":\"WebSite\",\"@id\":\"https:\/\/inti.hr\/bs\/#website\",\"url\":\"https:\/\/inti.hr\/bs\/\",\"name\":\"Inti\",\"description\":\"trgovina\",\"potentialAction\":[{\"@type\":\"SearchAction\",\"target\":{\"@type\":\"EntryPoint\",\"urlTemplate\":\"https:\/\/inti.hr\/bs\/?s={search_term_string}\"},\"query-input\":{\"@type\":\"PropertyValueSpecification\",\"valueRequired\":true,\"valueName\":\"search_term_string\"}}],\"inLanguage\":\"bs-BA\"}]}<\/script>\n<!-- \/ Yoast SEO plugin. -->","yoast_head_json":{"title":"Toaletni stol bijeli - Inti","description":"Ovaj kozmeti\u010dki stoli\u0107 sa \u017earuljama ostvarit \u0107e san va\u0161e filmske zvijezde. Sjede\u0107i ispred velikog ogledala, upaljena svjetla, prilago\u0111avaju\u0107i svjetlinu da osvijetli va\u0161e lice - osje\u0107at \u0107ete se poput filmske zvijezde koja se \u0161minka. \u010cetke u izmjenjivim kutijama, lak i puder u malim ladicama, uvija\u010di u ve\u0107im ladicama... Sve \u0161to vam treba za ljepotu je pri ruci kako biste uvijek izgledali najbolje. Glatka povr\u0161ina koja se lako \u010disti, noge od punog drva, visokokvalitetna drvena plo\u010da stola i visokokvalitetno stakleno ogledalo - ovaj toaletni stoli\u0107 posve\u0107en je dugoj slu\u017ebi va\u0161e ljepote. Kozmeti\u010dka rutina mo\u017ee biti komplicirana, ali sastavljanje toaletnog stoli\u0107a traje vrlo malo vremena - Uz jasno ozna\u010dene dijelove i upute koje je lako slijediti, sastavljanje nikad nije bilo lak\u0161e. Atraktivan izgled i visoka funkcionalnost \u010dine ovaj toaletni stoli\u0107 impresivnim poklonom. Nemate boljih ideja za dar? Ovaj stol je taman!","robots":{"index":"index","follow":"follow","max-snippet":"max-snippet:-1","max-image-preview":"max-image-preview:large","max-video-preview":"max-video-preview:-1"},"canonical":"https:\/\/inti.hr\/bs\/proizvod\/toaletni-stol-bijeli\/","og_locale":"bs_BA","og_type":"article","og_title":"Toaletni stol bijeli - Inti","og_description":"Ovaj kozmeti\u010dki stoli\u0107 sa \u017earuljama ostvarit \u0107e san va\u0161e filmske zvijezde. Sjede\u0107i ispred velikog ogledala, upaljena svjetla, prilago\u0111avaju\u0107i svjetlinu da osvijetli va\u0161e lice - osje\u0107at \u0107ete se poput filmske zvijezde koja se \u0161minka. \u010cetke u izmjenjivim kutijama, lak i puder u malim ladicama, uvija\u010di u ve\u0107im ladicama... Sve \u0161to vam treba za ljepotu je pri ruci kako biste uvijek izgledali najbolje. Glatka povr\u0161ina koja se lako \u010disti, noge od punog drva, visokokvalitetna drvena plo\u010da stola i visokokvalitetno stakleno ogledalo - ovaj toaletni stoli\u0107 posve\u0107en je dugoj slu\u017ebi va\u0161e ljepote. Kozmeti\u010dka rutina mo\u017ee biti komplicirana, ali sastavljanje toaletnog stoli\u0107a traje vrlo malo vremena - Uz jasno ozna\u010dene dijelove i upute koje je lako slijediti, sastavljanje nikad nije bilo lak\u0161e. Atraktivan izgled i visoka funkcionalnost \u010dine ovaj toaletni stoli\u0107 impresivnim poklonom. Nemate boljih ideja za dar? Ovaj stol je taman!","og_url":"https:\/\/inti.hr\/bs\/proizvod\/toaletni-stol-bijeli\/","og_site_name":"Inti","og_image":[{"width":750,"height":750,"url":"https:\/\/i0.wp.com\/inti.hr\/wp-content\/uploads\/2023\/02\/RDT170W01-3.jpg?fit=750%2C750&ssl=1","type":"image\/jpeg"}],"twitter_card":"summary_large_image","schema":{"@context":"https:\/\/schema.org","@graph":[{"@type":"WebPage","@id":"https:\/\/inti.hr\/bs\/proizvod\/toaletni-stol-bijeli\/","url":"https:\/\/inti.hr\/bs\/proizvod\/toaletni-stol-bijeli\/","name":"Toaletni stol bijeli - Inti","isPartOf":{"@id":"https:\/\/inti.hr\/bs\/#website"},"primaryImageOfPage":{"@id":"https:\/\/inti.hr\/bs\/proizvod\/toaletni-stol-bijeli\/#primaryimage"},"image":{"@id":"https:\/\/inti.hr\/bs\/proizvod\/toaletni-stol-bijeli\/#primaryimage"},"thumbnailUrl":"https:\/\/i0.wp.com\/inti.hr\/wp-content\/uploads\/2023\/02\/RDT170W01-3.jpg?fit=750%2C750&ssl=1","datePublished":"2023-02-25T08:08:56+00:00","dateModified":"2023-02-25T08:08:56+00:00","description":"Ovaj kozmeti\u010dki stoli\u0107 sa \u017earuljama ostvarit \u0107e san va\u0161e filmske zvijezde. Sjede\u0107i ispred velikog ogledala, upaljena svjetla, prilago\u0111avaju\u0107i svjetlinu da osvijetli va\u0161e lice - osje\u0107at \u0107ete se poput filmske zvijezde koja se \u0161minka. \u010cetke u izmjenjivim kutijama, lak i puder u malim ladicama, uvija\u010di u ve\u0107im ladicama... Sve \u0161to vam treba za ljepotu je pri ruci kako biste uvijek izgledali najbolje. Glatka povr\u0161ina koja se lako \u010disti, noge od punog drva, visokokvalitetna drvena plo\u010da stola i visokokvalitetno stakleno ogledalo - ovaj toaletni stoli\u0107 posve\u0107en je dugoj slu\u017ebi va\u0161e ljepote. Kozmeti\u010dka rutina mo\u017ee biti komplicirana, ali sastavljanje toaletnog stoli\u0107a traje vrlo malo vremena - Uz jasno ozna\u010dene dijelove i upute koje je lako slijediti, sastavljanje nikad nije bilo lak\u0161e. Atraktivan izgled i visoka funkcionalnost \u010dine ovaj toaletni stoli\u0107 impresivnim poklonom. Nemate boljih ideja za dar? Ovaj stol je taman!","breadcrumb":{"@id":"https:\/\/inti.hr\/bs\/proizvod\/toaletni-stol-bijeli\/#breadcrumb"},"inLanguage":"bs-BA","potentialAction":[{"@type":"ReadAction","target":["https:\/\/inti.hr\/bs\/proizvod\/toaletni-stol-bijeli\/"]}]},{"@type":"ImageObject","inLanguage":"bs-BA","@id":"https:\/\/inti.hr\/bs\/proizvod\/toaletni-stol-bijeli\/#primaryimage","url":"https:\/\/i0.wp.com\/inti.hr\/wp-content\/uploads\/2023\/02\/RDT170W01-3.jpg?fit=750%2C750&ssl=1","contentUrl":"https:\/\/i0.wp.com\/inti.hr\/wp-content\/uploads\/2023\/02\/RDT170W01-3.jpg?fit=750%2C750&ssl=1","width":750,"height":750},{"@type":"BreadcrumbList","@id":"https:\/\/inti.hr\/bs\/proizvod\/toaletni-stol-bijeli\/#breadcrumb","itemListElement":[{"@type":"ListItem","position":1,"name":"Po\u010detna stranica","item":"https:\/\/inti.hr\/bs\/"},{"@type":"ListItem","position":2,"name":"Trgovina","item":"https:\/\/inti.hr\/bs\/trgovina\/"},{"@type":"ListItem","position":3,"name":"Toaletni stol bijeli"}]},{"@type":"WebSite","@id":"https:\/\/inti.hr\/bs\/#website","url":"https:\/\/inti.hr\/bs\/","name":"Inti","description":"trgovina","potentialAction":[{"@type":"SearchAction","target":{"@type":"EntryPoint","urlTemplate":"https:\/\/inti.hr\/bs\/?s={search_term_string}"},"query-input":{"@type":"PropertyValueSpecification","valueRequired":true,"valueName":"search_term_string"}}],"inLanguage":"bs-BA"}]}},"jetpack_sharing_enabled":true,"jetpack-related-posts":[],"_links":{"self":[{"href":"https:\/\/inti.hr\/bs\/wp-json\/wp\/v2\/product\/36599"}],"collection":[{"href":"https:\/\/inti.hr\/bs\/wp-json\/wp\/v2\/product"}],"about":[{"href":"https:\/\/inti.hr\/bs\/wp-json\/wp\/v2\/types\/product"}],"wp:featuredmedia":[{"embeddable":true,"href":"https:\/\/inti.hr\/bs\/wp-json\/wp\/v2\/media\/36600"}],"wp:attachment":[{"href":"https:\/\/inti.hr\/bs\/wp-json\/wp\/v2\/media?parent=36599"}],"wp:term":[{"taxonomy":"product_cat","embeddable":true,"href":"https:\/\/inti.hr\/bs\/wp-json\/wp\/v2\/product_cat?post=36599"},{"taxonomy":"product_tag","embeddable":true,"href":"https:\/\/inti.hr\/bs\/wp-json\/wp\/v2\/product_tag?post=36599"}],"curies":[{"name":"wp","href":"https:\/\/api.w.org\/{rel}","templated":true}]}}