{"id":36631,"date":"2023-02-14T16:58:29","date_gmt":"2023-02-14T16:58:29","guid":{"rendered":"https:\/\/inti.hr\/product\/sipka-za-odjecu-u-industrijskom-stilu-1875x35x184\/"},"modified":"2023-02-14T16:58:29","modified_gmt":"2023-02-14T16:58:29","slug":"sipka-za-odjecu-u-industrijskom-stilu-1875x35x184","status":"publish","type":"product","link":"https:\/\/inti.hr\/bs\/proizvod\/sipka-za-odjecu-u-industrijskom-stilu-1875x35x184\/","title":{"rendered":"\u0160ipka za odje\u0107u u industrijskom stilu 187,5x35x184"},"content":{"rendered":"<p>Detalji proizvoda:<\/p>\n<p>Materijal: MDF + metal<br \/>\nBoja: Crna + Vintage Wood Grain<br \/>\nUkupna veli\u010dina: 187,5x35x184cm<br \/>\nUkupna nosivost: 150 kg<br \/>\nNeto\/bruto te\u017eina: Pribl. 21\/22,85 kg<\/p>\n","protected":false},"excerpt":{"rendered":"<p>Preveliki ormar?\u00a0Nedovoljno prostora?\u00a0Odje\u0107a do poda?\u00a0S podnom povr\u0161inom od 0,65 m\u00b2 i &#8230; <\/p>\n","protected":false},"featured_media":36632,"template":"","meta":[],"product_cat":[2414],"product_tag":[4882,2673],"yoast_head":"<!-- This site is optimized with the Yoast SEO plugin v23.7 - https:\/\/yoast.com\/wordpress\/plugins\/seo\/ -->\n<title>\u0160ipka za odje\u0107u u industrijskom stilu 187,5x35x184 - Inti<\/title>\n<meta name=\"description\" content=\"\u00a0Preveliki ormar?\u00a0Nedovoljno prostora?\u00a0Odje\u0107a do poda?\u00a0S podnom povr\u0161inom od 0,65 m\u00b2 i visinom od 184 cm, ormar u obliku vodene cijevi rje\u0161ava sve te probleme i omogu\u0107uje u\u010dinkovito skladi\u0161tenje. Kapute, haljine, hla\u010de mo\u017eete objesiti na lijevu \u0161ipku za vje\u0161anje, a na 5 desnih polica mo\u017eete izlo\u017eiti \u0161e\u0161ire, torbe, knjige. Ispod polica nalazi se jo\u0161 31 cm visok prostor za cipele. Ovo je velika prednost vintage ormara. Zato \u0161to va\u0161u odje\u0107u \u010dini organiziranom i nadohvat ruke, olak\u0161ava posao \u010di\u0161\u0107enja i omogu\u0107uje vam da ukrasite i uljep\u0161ate sustav vlastitom kreativno\u0161\u0107u. Kvalitetne \u010deli\u010dne cijevi s crnim emajlom za pe\u0107 su robusne, otporne na ogrebotine i sigurne, MDF plo\u010de su \u010dvrste i izdr\u017eljive. Od namjene, industrijski ormar je lako prilagoditi spava\u0107oj sobi, garderobi, hodniku itd.\" \/>\n<meta name=\"robots\" content=\"index, follow, max-snippet:-1, max-image-preview:large, max-video-preview:-1\" \/>\n<link rel=\"canonical\" href=\"https:\/\/inti.hr\/bs\/proizvod\/sipka-za-odjecu-u-industrijskom-stilu-1875x35x184\/\" \/>\n<meta property=\"og:locale\" content=\"bs_BA\" \/>\n<meta property=\"og:type\" content=\"article\" \/>\n<meta property=\"og:title\" content=\"\u0160ipka za odje\u0107u u industrijskom stilu 187,5x35x184 - Inti\" \/>\n<meta property=\"og:description\" content=\"\u00a0Preveliki ormar?\u00a0Nedovoljno prostora?\u00a0Odje\u0107a do poda?\u00a0S podnom povr\u0161inom od 0,65 m\u00b2 i visinom od 184 cm, ormar u obliku vodene cijevi rje\u0161ava sve te probleme i omogu\u0107uje u\u010dinkovito skladi\u0161tenje. Kapute, haljine, hla\u010de mo\u017eete objesiti na lijevu \u0161ipku za vje\u0161anje, a na 5 desnih polica mo\u017eete izlo\u017eiti \u0161e\u0161ire, torbe, knjige. Ispod polica nalazi se jo\u0161 31 cm visok prostor za cipele. Ovo je velika prednost vintage ormara. Zato \u0161to va\u0161u odje\u0107u \u010dini organiziranom i nadohvat ruke, olak\u0161ava posao \u010di\u0161\u0107enja i omogu\u0107uje vam da ukrasite i uljep\u0161ate sustav vlastitom kreativno\u0161\u0107u. Kvalitetne \u010deli\u010dne cijevi s crnim emajlom za pe\u0107 su robusne, otporne na ogrebotine i sigurne, MDF plo\u010de su \u010dvrste i izdr\u017eljive. Od namjene, industrijski ormar je lako prilagoditi spava\u0107oj sobi, garderobi, hodniku itd.\" \/>\n<meta property=\"og:url\" content=\"https:\/\/inti.hr\/bs\/proizvod\/sipka-za-odjecu-u-industrijskom-stilu-1875x35x184\/\" \/>\n<meta property=\"og:site_name\" content=\"Inti\" \/>\n<meta property=\"og:image\" content=\"https:\/\/i0.wp.com\/inti.hr\/wp-content\/uploads\/2023\/02\/Kleiderstange-im-industriellen-Stil-offener-Kleiderschrank-aus-Rohren-Wandmontage-SRY44shei-schwarz7.jpg?fit=1280%2C1280&ssl=1\" \/>\n\t<meta property=\"og:image:width\" content=\"1280\" \/>\n\t<meta property=\"og:image:height\" content=\"1280\" \/>\n\t<meta property=\"og:image:type\" content=\"image\/jpeg\" \/>\n<meta name=\"twitter:card\" content=\"summary_large_image\" \/>\n<script type=\"application\/ld+json\" class=\"yoast-schema-graph\">{\"@context\":\"https:\/\/schema.org\",\"@graph\":[{\"@type\":\"WebPage\",\"@id\":\"https:\/\/inti.hr\/bs\/proizvod\/sipka-za-odjecu-u-industrijskom-stilu-1875x35x184\/\",\"url\":\"https:\/\/inti.hr\/bs\/proizvod\/sipka-za-odjecu-u-industrijskom-stilu-1875x35x184\/\",\"name\":\"\u0160ipka za odje\u0107u u industrijskom stilu 187,5x35x184 - Inti\",\"isPartOf\":{\"@id\":\"https:\/\/inti.hr\/bs\/#website\"},\"primaryImageOfPage\":{\"@id\":\"https:\/\/inti.hr\/bs\/proizvod\/sipka-za-odjecu-u-industrijskom-stilu-1875x35x184\/#primaryimage\"},\"image\":{\"@id\":\"https:\/\/inti.hr\/bs\/proizvod\/sipka-za-odjecu-u-industrijskom-stilu-1875x35x184\/#primaryimage\"},\"thumbnailUrl\":\"https:\/\/i0.wp.com\/inti.hr\/wp-content\/uploads\/2023\/02\/Kleiderstange-im-industriellen-Stil-offener-Kleiderschrank-aus-Rohren-Wandmontage-SRY44shei-schwarz7.jpg?fit=1280%2C1280&ssl=1\",\"datePublished\":\"2023-02-14T16:58:29+00:00\",\"dateModified\":\"2023-02-14T16:58:29+00:00\",\"description\":\"\u00a0Preveliki ormar?\u00a0Nedovoljno prostora?\u00a0Odje\u0107a do poda?\u00a0S podnom povr\u0161inom od 0,65 m\u00b2 i visinom od 184 cm, ormar u obliku vodene cijevi rje\u0161ava sve te probleme i omogu\u0107uje u\u010dinkovito skladi\u0161tenje. Kapute, haljine, hla\u010de mo\u017eete objesiti na lijevu \u0161ipku za vje\u0161anje, a na 5 desnih polica mo\u017eete izlo\u017eiti \u0161e\u0161ire, torbe, knjige. Ispod polica nalazi se jo\u0161 31 cm visok prostor za cipele. Ovo je velika prednost vintage ormara. Zato \u0161to va\u0161u odje\u0107u \u010dini organiziranom i nadohvat ruke, olak\u0161ava posao \u010di\u0161\u0107enja i omogu\u0107uje vam da ukrasite i uljep\u0161ate sustav vlastitom kreativno\u0161\u0107u. Kvalitetne \u010deli\u010dne cijevi s crnim emajlom za pe\u0107 su robusne, otporne na ogrebotine i sigurne, MDF plo\u010de su \u010dvrste i izdr\u017eljive. Od namjene, industrijski ormar je lako prilagoditi spava\u0107oj sobi, garderobi, hodniku itd.\",\"breadcrumb\":{\"@id\":\"https:\/\/inti.hr\/bs\/proizvod\/sipka-za-odjecu-u-industrijskom-stilu-1875x35x184\/#breadcrumb\"},\"inLanguage\":\"bs-BA\",\"potentialAction\":[{\"@type\":\"ReadAction\",\"target\":[\"https:\/\/inti.hr\/bs\/proizvod\/sipka-za-odjecu-u-industrijskom-stilu-1875x35x184\/\"]}]},{\"@type\":\"ImageObject\",\"inLanguage\":\"bs-BA\",\"@id\":\"https:\/\/inti.hr\/bs\/proizvod\/sipka-za-odjecu-u-industrijskom-stilu-1875x35x184\/#primaryimage\",\"url\":\"https:\/\/i0.wp.com\/inti.hr\/wp-content\/uploads\/2023\/02\/Kleiderstange-im-industriellen-Stil-offener-Kleiderschrank-aus-Rohren-Wandmontage-SRY44shei-schwarz7.jpg?fit=1280%2C1280&ssl=1\",\"contentUrl\":\"https:\/\/i0.wp.com\/inti.hr\/wp-content\/uploads\/2023\/02\/Kleiderstange-im-industriellen-Stil-offener-Kleiderschrank-aus-Rohren-Wandmontage-SRY44shei-schwarz7.jpg?fit=1280%2C1280&ssl=1\",\"width\":1280,\"height\":1280},{\"@type\":\"BreadcrumbList\",\"@id\":\"https:\/\/inti.hr\/bs\/proizvod\/sipka-za-odjecu-u-industrijskom-stilu-1875x35x184\/#breadcrumb\",\"itemListElement\":[{\"@type\":\"ListItem\",\"position\":1,\"name\":\"Po\u010detna stranica\",\"item\":\"https:\/\/inti.hr\/bs\/\"},{\"@type\":\"ListItem\",\"position\":2,\"name\":\"Trgovina\",\"item\":\"https:\/\/inti.hr\/bs\/trgovina\/\"},{\"@type\":\"ListItem\",\"position\":3,\"name\":\"\u0160ipka za odje\u0107u u industrijskom stilu 187,5x35x184\"}]},{\"@type\":\"WebSite\",\"@id\":\"https:\/\/inti.hr\/bs\/#website\",\"url\":\"https:\/\/inti.hr\/bs\/\",\"name\":\"Inti\",\"description\":\"trgovina\",\"potentialAction\":[{\"@type\":\"SearchAction\",\"target\":{\"@type\":\"EntryPoint\",\"urlTemplate\":\"https:\/\/inti.hr\/bs\/?s={search_term_string}\"},\"query-input\":{\"@type\":\"PropertyValueSpecification\",\"valueRequired\":true,\"valueName\":\"search_term_string\"}}],\"inLanguage\":\"bs-BA\"}]}<\/script>\n<!-- \/ Yoast SEO plugin. -->","yoast_head_json":{"title":"\u0160ipka za odje\u0107u u industrijskom stilu 187,5x35x184 - Inti","description":"\u00a0Preveliki ormar?\u00a0Nedovoljno prostora?\u00a0Odje\u0107a do poda?\u00a0S podnom povr\u0161inom od 0,65 m\u00b2 i visinom od 184 cm, ormar u obliku vodene cijevi rje\u0161ava sve te probleme i omogu\u0107uje u\u010dinkovito skladi\u0161tenje. Kapute, haljine, hla\u010de mo\u017eete objesiti na lijevu \u0161ipku za vje\u0161anje, a na 5 desnih polica mo\u017eete izlo\u017eiti \u0161e\u0161ire, torbe, knjige. Ispod polica nalazi se jo\u0161 31 cm visok prostor za cipele. Ovo je velika prednost vintage ormara. Zato \u0161to va\u0161u odje\u0107u \u010dini organiziranom i nadohvat ruke, olak\u0161ava posao \u010di\u0161\u0107enja i omogu\u0107uje vam da ukrasite i uljep\u0161ate sustav vlastitom kreativno\u0161\u0107u. Kvalitetne \u010deli\u010dne cijevi s crnim emajlom za pe\u0107 su robusne, otporne na ogrebotine i sigurne, MDF plo\u010de su \u010dvrste i izdr\u017eljive. Od namjene, industrijski ormar je lako prilagoditi spava\u0107oj sobi, garderobi, hodniku itd.","robots":{"index":"index","follow":"follow","max-snippet":"max-snippet:-1","max-image-preview":"max-image-preview:large","max-video-preview":"max-video-preview:-1"},"canonical":"https:\/\/inti.hr\/bs\/proizvod\/sipka-za-odjecu-u-industrijskom-stilu-1875x35x184\/","og_locale":"bs_BA","og_type":"article","og_title":"\u0160ipka za odje\u0107u u industrijskom stilu 187,5x35x184 - Inti","og_description":"\u00a0Preveliki ormar?\u00a0Nedovoljno prostora?\u00a0Odje\u0107a do poda?\u00a0S podnom povr\u0161inom od 0,65 m\u00b2 i visinom od 184 cm, ormar u obliku vodene cijevi rje\u0161ava sve te probleme i omogu\u0107uje u\u010dinkovito skladi\u0161tenje. Kapute, haljine, hla\u010de mo\u017eete objesiti na lijevu \u0161ipku za vje\u0161anje, a na 5 desnih polica mo\u017eete izlo\u017eiti \u0161e\u0161ire, torbe, knjige. Ispod polica nalazi se jo\u0161 31 cm visok prostor za cipele. Ovo je velika prednost vintage ormara. Zato \u0161to va\u0161u odje\u0107u \u010dini organiziranom i nadohvat ruke, olak\u0161ava posao \u010di\u0161\u0107enja i omogu\u0107uje vam da ukrasite i uljep\u0161ate sustav vlastitom kreativno\u0161\u0107u. Kvalitetne \u010deli\u010dne cijevi s crnim emajlom za pe\u0107 su robusne, otporne na ogrebotine i sigurne, MDF plo\u010de su \u010dvrste i izdr\u017eljive. Od namjene, industrijski ormar je lako prilagoditi spava\u0107oj sobi, garderobi, hodniku itd.","og_url":"https:\/\/inti.hr\/bs\/proizvod\/sipka-za-odjecu-u-industrijskom-stilu-1875x35x184\/","og_site_name":"Inti","og_image":[{"width":1280,"height":1280,"url":"https:\/\/i0.wp.com\/inti.hr\/wp-content\/uploads\/2023\/02\/Kleiderstange-im-industriellen-Stil-offener-Kleiderschrank-aus-Rohren-Wandmontage-SRY44shei-schwarz7.jpg?fit=1280%2C1280&ssl=1","type":"image\/jpeg"}],"twitter_card":"summary_large_image","schema":{"@context":"https:\/\/schema.org","@graph":[{"@type":"WebPage","@id":"https:\/\/inti.hr\/bs\/proizvod\/sipka-za-odjecu-u-industrijskom-stilu-1875x35x184\/","url":"https:\/\/inti.hr\/bs\/proizvod\/sipka-za-odjecu-u-industrijskom-stilu-1875x35x184\/","name":"\u0160ipka za odje\u0107u u industrijskom stilu 187,5x35x184 - Inti","isPartOf":{"@id":"https:\/\/inti.hr\/bs\/#website"},"primaryImageOfPage":{"@id":"https:\/\/inti.hr\/bs\/proizvod\/sipka-za-odjecu-u-industrijskom-stilu-1875x35x184\/#primaryimage"},"image":{"@id":"https:\/\/inti.hr\/bs\/proizvod\/sipka-za-odjecu-u-industrijskom-stilu-1875x35x184\/#primaryimage"},"thumbnailUrl":"https:\/\/i0.wp.com\/inti.hr\/wp-content\/uploads\/2023\/02\/Kleiderstange-im-industriellen-Stil-offener-Kleiderschrank-aus-Rohren-Wandmontage-SRY44shei-schwarz7.jpg?fit=1280%2C1280&ssl=1","datePublished":"2023-02-14T16:58:29+00:00","dateModified":"2023-02-14T16:58:29+00:00","description":"\u00a0Preveliki ormar?\u00a0Nedovoljno prostora?\u00a0Odje\u0107a do poda?\u00a0S podnom povr\u0161inom od 0,65 m\u00b2 i visinom od 184 cm, ormar u obliku vodene cijevi rje\u0161ava sve te probleme i omogu\u0107uje u\u010dinkovito skladi\u0161tenje. Kapute, haljine, hla\u010de mo\u017eete objesiti na lijevu \u0161ipku za vje\u0161anje, a na 5 desnih polica mo\u017eete izlo\u017eiti \u0161e\u0161ire, torbe, knjige. Ispod polica nalazi se jo\u0161 31 cm visok prostor za cipele. Ovo je velika prednost vintage ormara. Zato \u0161to va\u0161u odje\u0107u \u010dini organiziranom i nadohvat ruke, olak\u0161ava posao \u010di\u0161\u0107enja i omogu\u0107uje vam da ukrasite i uljep\u0161ate sustav vlastitom kreativno\u0161\u0107u. Kvalitetne \u010deli\u010dne cijevi s crnim emajlom za pe\u0107 su robusne, otporne na ogrebotine i sigurne, MDF plo\u010de su \u010dvrste i izdr\u017eljive. Od namjene, industrijski ormar je lako prilagoditi spava\u0107oj sobi, garderobi, hodniku itd.","breadcrumb":{"@id":"https:\/\/inti.hr\/bs\/proizvod\/sipka-za-odjecu-u-industrijskom-stilu-1875x35x184\/#breadcrumb"},"inLanguage":"bs-BA","potentialAction":[{"@type":"ReadAction","target":["https:\/\/inti.hr\/bs\/proizvod\/sipka-za-odjecu-u-industrijskom-stilu-1875x35x184\/"]}]},{"@type":"ImageObject","inLanguage":"bs-BA","@id":"https:\/\/inti.hr\/bs\/proizvod\/sipka-za-odjecu-u-industrijskom-stilu-1875x35x184\/#primaryimage","url":"https:\/\/i0.wp.com\/inti.hr\/wp-content\/uploads\/2023\/02\/Kleiderstange-im-industriellen-Stil-offener-Kleiderschrank-aus-Rohren-Wandmontage-SRY44shei-schwarz7.jpg?fit=1280%2C1280&ssl=1","contentUrl":"https:\/\/i0.wp.com\/inti.hr\/wp-content\/uploads\/2023\/02\/Kleiderstange-im-industriellen-Stil-offener-Kleiderschrank-aus-Rohren-Wandmontage-SRY44shei-schwarz7.jpg?fit=1280%2C1280&ssl=1","width":1280,"height":1280},{"@type":"BreadcrumbList","@id":"https:\/\/inti.hr\/bs\/proizvod\/sipka-za-odjecu-u-industrijskom-stilu-1875x35x184\/#breadcrumb","itemListElement":[{"@type":"ListItem","position":1,"name":"Po\u010detna stranica","item":"https:\/\/inti.hr\/bs\/"},{"@type":"ListItem","position":2,"name":"Trgovina","item":"https:\/\/inti.hr\/bs\/trgovina\/"},{"@type":"ListItem","position":3,"name":"\u0160ipka za odje\u0107u u industrijskom stilu 187,5x35x184"}]},{"@type":"WebSite","@id":"https:\/\/inti.hr\/bs\/#website","url":"https:\/\/inti.hr\/bs\/","name":"Inti","description":"trgovina","potentialAction":[{"@type":"SearchAction","target":{"@type":"EntryPoint","urlTemplate":"https:\/\/inti.hr\/bs\/?s={search_term_string}"},"query-input":{"@type":"PropertyValueSpecification","valueRequired":true,"valueName":"search_term_string"}}],"inLanguage":"bs-BA"}]}},"jetpack_sharing_enabled":true,"jetpack-related-posts":[],"_links":{"self":[{"href":"https:\/\/inti.hr\/bs\/wp-json\/wp\/v2\/product\/36631"}],"collection":[{"href":"https:\/\/inti.hr\/bs\/wp-json\/wp\/v2\/product"}],"about":[{"href":"https:\/\/inti.hr\/bs\/wp-json\/wp\/v2\/types\/product"}],"wp:featuredmedia":[{"embeddable":true,"href":"https:\/\/inti.hr\/bs\/wp-json\/wp\/v2\/media\/36632"}],"wp:attachment":[{"href":"https:\/\/inti.hr\/bs\/wp-json\/wp\/v2\/media?parent=36631"}],"wp:term":[{"taxonomy":"product_cat","embeddable":true,"href":"https:\/\/inti.hr\/bs\/wp-json\/wp\/v2\/product_cat?post=36631"},{"taxonomy":"product_tag","embeddable":true,"href":"https:\/\/inti.hr\/bs\/wp-json\/wp\/v2\/product_tag?post=36631"}],"curies":[{"name":"wp","href":"https:\/\/api.w.org\/{rel}","templated":true}]}}