{"id":36651,"date":"2022-10-06T08:55:19","date_gmt":"2022-10-06T08:55:19","guid":{"rendered":"https:\/\/inti.hr\/product\/kupaonski-ormaric-s-lameliranim-vratima\/"},"modified":"2022-10-06T08:55:19","modified_gmt":"2022-10-06T08:55:19","slug":"kupaonski-ormaric-s-lameliranim-vratima","status":"publish","type":"product","link":"https:\/\/inti.hr\/bs\/proizvod\/kupaonski-ormaric-s-lameliranim-vratima\/","title":{"rendered":"Kupaonski ormari\u0107 s lameliranim vratima"},"content":{"rendered":"<p>Detalji proizvoda:<\/p>\n<ul>\n<li>Te\u017eina: 11,6 kg<\/li>\n<li>Nosivost: 45 kg<\/li>\n<li>Materijal: MDF (E1) \/ metal<\/li>\n<li>Dimenzije proizvoda: L48 x D24 x H96 cm<\/li>\n<\/ul>\n","protected":false},"excerpt":{"rendered":"<p>Ovaj bijeli kupaonski ormari\u0107 \u0161tedi vas muke tra\u017eenja kupaonskog pribora.\u00a0To vam &#8230; <\/p>\n","protected":false},"featured_media":36652,"template":"","meta":[],"product_cat":[2392],"product_tag":[4886,2520],"yoast_head":"<!-- This site is optimized with the Yoast SEO plugin v23.7 - https:\/\/yoast.com\/wordpress\/plugins\/seo\/ -->\n<title>Kupaonski ormari\u0107 s lameliranim vratima - Inti<\/title>\n<meta name=\"description\" content=\"Ovaj bijeli kupaonski ormari\u0107 \u0161tedi vas muke tra\u017eenja kupaonskog pribora. To vam daje vi\u0161e vremena za ono \u0161to je zaista va\u017eno: opu\u0161tanje!Ovaj ormar nudi dovoljno prostora iza vrata za odlaganje ru\u010dnika, toaletnog papira, deterd\u017eenta, sredstva za \u010di\u0161\u0107enje WC \u0161koljke i ostalih kupaonskih potrep\u0161tina te za bolju za\u0161titu od vode, pra\u0161ine itd.Predmeti pohranjeni na otvorenoj polici mogu se brzo dohvatiti u bilo kojem trenutku.Ovaj vi\u0161enamjenski komad namje\u0161taja mo\u017ee primiti okvire, gelove za tu\u0161iranje, biljke ili za\u010dine: stane u dnevni boravak, kupaonicu, kuhinju itd.Magnetska brava osigurava da se osje\u0107ate sigurno kada koristite ovaj namje\u0161taj. Stra\u017enja strana ormari\u0107a tako\u0111er je opremljena ure\u0111ajem protiv prevrtanja koji \u0161titi vas i va\u0161u obitelj.Visokokvalitetne MDF plo\u010de jam\u010de savr\u0161enu stabilnost i dug vijek trajanja, \u010dak iu vla\u017enim okru\u017eenjima. Povr\u0161ina se lako \u010disti i olak\u0161ava ku\u0107anske poslove. Svojim modernim i elegantnim izgledom ovaj komad namje\u0161taja privla\u010di sva\u010diju pa\u017enju.\" \/>\n<meta name=\"robots\" content=\"index, follow, max-snippet:-1, max-image-preview:large, max-video-preview:-1\" \/>\n<link rel=\"canonical\" href=\"https:\/\/inti.hr\/bs\/proizvod\/kupaonski-ormaric-s-lameliranim-vratima\/\" \/>\n<meta property=\"og:locale\" content=\"bs_BA\" \/>\n<meta property=\"og:type\" content=\"article\" \/>\n<meta property=\"og:title\" content=\"Kupaonski ormari\u0107 s lameliranim vratima - Inti\" \/>\n<meta property=\"og:description\" content=\"Ovaj bijeli kupaonski ormari\u0107 \u0161tedi vas muke tra\u017eenja kupaonskog pribora. To vam daje vi\u0161e vremena za ono \u0161to je zaista va\u017eno: opu\u0161tanje!Ovaj ormar nudi dovoljno prostora iza vrata za odlaganje ru\u010dnika, toaletnog papira, deterd\u017eenta, sredstva za \u010di\u0161\u0107enje WC \u0161koljke i ostalih kupaonskih potrep\u0161tina te za bolju za\u0161titu od vode, pra\u0161ine itd.Predmeti pohranjeni na otvorenoj polici mogu se brzo dohvatiti u bilo kojem trenutku.Ovaj vi\u0161enamjenski komad namje\u0161taja mo\u017ee primiti okvire, gelove za tu\u0161iranje, biljke ili za\u010dine: stane u dnevni boravak, kupaonicu, kuhinju itd.Magnetska brava osigurava da se osje\u0107ate sigurno kada koristite ovaj namje\u0161taj. Stra\u017enja strana ormari\u0107a tako\u0111er je opremljena ure\u0111ajem protiv prevrtanja koji \u0161titi vas i va\u0161u obitelj.Visokokvalitetne MDF plo\u010de jam\u010de savr\u0161enu stabilnost i dug vijek trajanja, \u010dak iu vla\u017enim okru\u017eenjima. Povr\u0161ina se lako \u010disti i olak\u0161ava ku\u0107anske poslove. Svojim modernim i elegantnim izgledom ovaj komad namje\u0161taja privla\u010di sva\u010diju pa\u017enju.\" \/>\n<meta property=\"og:url\" content=\"https:\/\/inti.hr\/bs\/proizvod\/kupaonski-ormaric-s-lameliranim-vratima\/\" \/>\n<meta property=\"og:site_name\" content=\"Inti\" \/>\n<meta property=\"og:image\" content=\"https:\/\/i0.wp.com\/inti.hr\/wp-content\/uploads\/2022\/10\/BZR39-W-Y001.webp?fit=1600%2C1600&ssl=1\" \/>\n\t<meta property=\"og:image:width\" content=\"1600\" \/>\n\t<meta property=\"og:image:height\" content=\"1600\" \/>\n\t<meta property=\"og:image:type\" content=\"image\/webp\" \/>\n<meta name=\"twitter:card\" content=\"summary_large_image\" \/>\n<script type=\"application\/ld+json\" class=\"yoast-schema-graph\">{\"@context\":\"https:\/\/schema.org\",\"@graph\":[{\"@type\":\"WebPage\",\"@id\":\"https:\/\/inti.hr\/bs\/proizvod\/kupaonski-ormaric-s-lameliranim-vratima\/\",\"url\":\"https:\/\/inti.hr\/bs\/proizvod\/kupaonski-ormaric-s-lameliranim-vratima\/\",\"name\":\"Kupaonski ormari\u0107 s lameliranim vratima - Inti\",\"isPartOf\":{\"@id\":\"https:\/\/inti.hr\/bs\/#website\"},\"primaryImageOfPage\":{\"@id\":\"https:\/\/inti.hr\/bs\/proizvod\/kupaonski-ormaric-s-lameliranim-vratima\/#primaryimage\"},\"image\":{\"@id\":\"https:\/\/inti.hr\/bs\/proizvod\/kupaonski-ormaric-s-lameliranim-vratima\/#primaryimage\"},\"thumbnailUrl\":\"https:\/\/i0.wp.com\/inti.hr\/wp-content\/uploads\/2022\/10\/BZR39-W-Y001.webp?fit=1600%2C1600&ssl=1\",\"datePublished\":\"2022-10-06T08:55:19+00:00\",\"dateModified\":\"2022-10-06T08:55:19+00:00\",\"description\":\"Ovaj bijeli kupaonski ormari\u0107 \u0161tedi vas muke tra\u017eenja kupaonskog pribora. To vam daje vi\u0161e vremena za ono \u0161to je zaista va\u017eno: opu\u0161tanje!Ovaj ormar nudi dovoljno prostora iza vrata za odlaganje ru\u010dnika, toaletnog papira, deterd\u017eenta, sredstva za \u010di\u0161\u0107enje WC \u0161koljke i ostalih kupaonskih potrep\u0161tina te za bolju za\u0161titu od vode, pra\u0161ine itd.Predmeti pohranjeni na otvorenoj polici mogu se brzo dohvatiti u bilo kojem trenutku.Ovaj vi\u0161enamjenski komad namje\u0161taja mo\u017ee primiti okvire, gelove za tu\u0161iranje, biljke ili za\u010dine: stane u dnevni boravak, kupaonicu, kuhinju itd.Magnetska brava osigurava da se osje\u0107ate sigurno kada koristite ovaj namje\u0161taj. Stra\u017enja strana ormari\u0107a tako\u0111er je opremljena ure\u0111ajem protiv prevrtanja koji \u0161titi vas i va\u0161u obitelj.Visokokvalitetne MDF plo\u010de jam\u010de savr\u0161enu stabilnost i dug vijek trajanja, \u010dak iu vla\u017enim okru\u017eenjima. Povr\u0161ina se lako \u010disti i olak\u0161ava ku\u0107anske poslove. Svojim modernim i elegantnim izgledom ovaj komad namje\u0161taja privla\u010di sva\u010diju pa\u017enju.\",\"breadcrumb\":{\"@id\":\"https:\/\/inti.hr\/bs\/proizvod\/kupaonski-ormaric-s-lameliranim-vratima\/#breadcrumb\"},\"inLanguage\":\"bs-BA\",\"potentialAction\":[{\"@type\":\"ReadAction\",\"target\":[\"https:\/\/inti.hr\/bs\/proizvod\/kupaonski-ormaric-s-lameliranim-vratima\/\"]}]},{\"@type\":\"ImageObject\",\"inLanguage\":\"bs-BA\",\"@id\":\"https:\/\/inti.hr\/bs\/proizvod\/kupaonski-ormaric-s-lameliranim-vratima\/#primaryimage\",\"url\":\"https:\/\/i0.wp.com\/inti.hr\/wp-content\/uploads\/2022\/10\/BZR39-W-Y001.webp?fit=1600%2C1600&ssl=1\",\"contentUrl\":\"https:\/\/i0.wp.com\/inti.hr\/wp-content\/uploads\/2022\/10\/BZR39-W-Y001.webp?fit=1600%2C1600&ssl=1\",\"width\":1600,\"height\":1600},{\"@type\":\"BreadcrumbList\",\"@id\":\"https:\/\/inti.hr\/bs\/proizvod\/kupaonski-ormaric-s-lameliranim-vratima\/#breadcrumb\",\"itemListElement\":[{\"@type\":\"ListItem\",\"position\":1,\"name\":\"Po\u010detna stranica\",\"item\":\"https:\/\/inti.hr\/bs\/\"},{\"@type\":\"ListItem\",\"position\":2,\"name\":\"Trgovina\",\"item\":\"https:\/\/inti.hr\/bs\/trgovina\/\"},{\"@type\":\"ListItem\",\"position\":3,\"name\":\"Kupaonski ormari\u0107 s lameliranim vratima\"}]},{\"@type\":\"WebSite\",\"@id\":\"https:\/\/inti.hr\/bs\/#website\",\"url\":\"https:\/\/inti.hr\/bs\/\",\"name\":\"Inti\",\"description\":\"trgovina\",\"potentialAction\":[{\"@type\":\"SearchAction\",\"target\":{\"@type\":\"EntryPoint\",\"urlTemplate\":\"https:\/\/inti.hr\/bs\/?s={search_term_string}\"},\"query-input\":{\"@type\":\"PropertyValueSpecification\",\"valueRequired\":true,\"valueName\":\"search_term_string\"}}],\"inLanguage\":\"bs-BA\"}]}<\/script>\n<!-- \/ Yoast SEO plugin. -->","yoast_head_json":{"title":"Kupaonski ormari\u0107 s lameliranim vratima - Inti","description":"Ovaj bijeli kupaonski ormari\u0107 \u0161tedi vas muke tra\u017eenja kupaonskog pribora. To vam daje vi\u0161e vremena za ono \u0161to je zaista va\u017eno: opu\u0161tanje!Ovaj ormar nudi dovoljno prostora iza vrata za odlaganje ru\u010dnika, toaletnog papira, deterd\u017eenta, sredstva za \u010di\u0161\u0107enje WC \u0161koljke i ostalih kupaonskih potrep\u0161tina te za bolju za\u0161titu od vode, pra\u0161ine itd.Predmeti pohranjeni na otvorenoj polici mogu se brzo dohvatiti u bilo kojem trenutku.Ovaj vi\u0161enamjenski komad namje\u0161taja mo\u017ee primiti okvire, gelove za tu\u0161iranje, biljke ili za\u010dine: stane u dnevni boravak, kupaonicu, kuhinju itd.Magnetska brava osigurava da se osje\u0107ate sigurno kada koristite ovaj namje\u0161taj. Stra\u017enja strana ormari\u0107a tako\u0111er je opremljena ure\u0111ajem protiv prevrtanja koji \u0161titi vas i va\u0161u obitelj.Visokokvalitetne MDF plo\u010de jam\u010de savr\u0161enu stabilnost i dug vijek trajanja, \u010dak iu vla\u017enim okru\u017eenjima. Povr\u0161ina se lako \u010disti i olak\u0161ava ku\u0107anske poslove. Svojim modernim i elegantnim izgledom ovaj komad namje\u0161taja privla\u010di sva\u010diju pa\u017enju.","robots":{"index":"index","follow":"follow","max-snippet":"max-snippet:-1","max-image-preview":"max-image-preview:large","max-video-preview":"max-video-preview:-1"},"canonical":"https:\/\/inti.hr\/bs\/proizvod\/kupaonski-ormaric-s-lameliranim-vratima\/","og_locale":"bs_BA","og_type":"article","og_title":"Kupaonski ormari\u0107 s lameliranim vratima - Inti","og_description":"Ovaj bijeli kupaonski ormari\u0107 \u0161tedi vas muke tra\u017eenja kupaonskog pribora. To vam daje vi\u0161e vremena za ono \u0161to je zaista va\u017eno: opu\u0161tanje!Ovaj ormar nudi dovoljno prostora iza vrata za odlaganje ru\u010dnika, toaletnog papira, deterd\u017eenta, sredstva za \u010di\u0161\u0107enje WC \u0161koljke i ostalih kupaonskih potrep\u0161tina te za bolju za\u0161titu od vode, pra\u0161ine itd.Predmeti pohranjeni na otvorenoj polici mogu se brzo dohvatiti u bilo kojem trenutku.Ovaj vi\u0161enamjenski komad namje\u0161taja mo\u017ee primiti okvire, gelove za tu\u0161iranje, biljke ili za\u010dine: stane u dnevni boravak, kupaonicu, kuhinju itd.Magnetska brava osigurava da se osje\u0107ate sigurno kada koristite ovaj namje\u0161taj. Stra\u017enja strana ormari\u0107a tako\u0111er je opremljena ure\u0111ajem protiv prevrtanja koji \u0161titi vas i va\u0161u obitelj.Visokokvalitetne MDF plo\u010de jam\u010de savr\u0161enu stabilnost i dug vijek trajanja, \u010dak iu vla\u017enim okru\u017eenjima. Povr\u0161ina se lako \u010disti i olak\u0161ava ku\u0107anske poslove. Svojim modernim i elegantnim izgledom ovaj komad namje\u0161taja privla\u010di sva\u010diju pa\u017enju.","og_url":"https:\/\/inti.hr\/bs\/proizvod\/kupaonski-ormaric-s-lameliranim-vratima\/","og_site_name":"Inti","og_image":[{"width":1600,"height":1600,"url":"https:\/\/i0.wp.com\/inti.hr\/wp-content\/uploads\/2022\/10\/BZR39-W-Y001.webp?fit=1600%2C1600&ssl=1","type":"image\/webp"}],"twitter_card":"summary_large_image","schema":{"@context":"https:\/\/schema.org","@graph":[{"@type":"WebPage","@id":"https:\/\/inti.hr\/bs\/proizvod\/kupaonski-ormaric-s-lameliranim-vratima\/","url":"https:\/\/inti.hr\/bs\/proizvod\/kupaonski-ormaric-s-lameliranim-vratima\/","name":"Kupaonski ormari\u0107 s lameliranim vratima - Inti","isPartOf":{"@id":"https:\/\/inti.hr\/bs\/#website"},"primaryImageOfPage":{"@id":"https:\/\/inti.hr\/bs\/proizvod\/kupaonski-ormaric-s-lameliranim-vratima\/#primaryimage"},"image":{"@id":"https:\/\/inti.hr\/bs\/proizvod\/kupaonski-ormaric-s-lameliranim-vratima\/#primaryimage"},"thumbnailUrl":"https:\/\/i0.wp.com\/inti.hr\/wp-content\/uploads\/2022\/10\/BZR39-W-Y001.webp?fit=1600%2C1600&ssl=1","datePublished":"2022-10-06T08:55:19+00:00","dateModified":"2022-10-06T08:55:19+00:00","description":"Ovaj bijeli kupaonski ormari\u0107 \u0161tedi vas muke tra\u017eenja kupaonskog pribora. To vam daje vi\u0161e vremena za ono \u0161to je zaista va\u017eno: opu\u0161tanje!Ovaj ormar nudi dovoljno prostora iza vrata za odlaganje ru\u010dnika, toaletnog papira, deterd\u017eenta, sredstva za \u010di\u0161\u0107enje WC \u0161koljke i ostalih kupaonskih potrep\u0161tina te za bolju za\u0161titu od vode, pra\u0161ine itd.Predmeti pohranjeni na otvorenoj polici mogu se brzo dohvatiti u bilo kojem trenutku.Ovaj vi\u0161enamjenski komad namje\u0161taja mo\u017ee primiti okvire, gelove za tu\u0161iranje, biljke ili za\u010dine: stane u dnevni boravak, kupaonicu, kuhinju itd.Magnetska brava osigurava da se osje\u0107ate sigurno kada koristite ovaj namje\u0161taj. Stra\u017enja strana ormari\u0107a tako\u0111er je opremljena ure\u0111ajem protiv prevrtanja koji \u0161titi vas i va\u0161u obitelj.Visokokvalitetne MDF plo\u010de jam\u010de savr\u0161enu stabilnost i dug vijek trajanja, \u010dak iu vla\u017enim okru\u017eenjima. Povr\u0161ina se lako \u010disti i olak\u0161ava ku\u0107anske poslove. Svojim modernim i elegantnim izgledom ovaj komad namje\u0161taja privla\u010di sva\u010diju pa\u017enju.","breadcrumb":{"@id":"https:\/\/inti.hr\/bs\/proizvod\/kupaonski-ormaric-s-lameliranim-vratima\/#breadcrumb"},"inLanguage":"bs-BA","potentialAction":[{"@type":"ReadAction","target":["https:\/\/inti.hr\/bs\/proizvod\/kupaonski-ormaric-s-lameliranim-vratima\/"]}]},{"@type":"ImageObject","inLanguage":"bs-BA","@id":"https:\/\/inti.hr\/bs\/proizvod\/kupaonski-ormaric-s-lameliranim-vratima\/#primaryimage","url":"https:\/\/i0.wp.com\/inti.hr\/wp-content\/uploads\/2022\/10\/BZR39-W-Y001.webp?fit=1600%2C1600&ssl=1","contentUrl":"https:\/\/i0.wp.com\/inti.hr\/wp-content\/uploads\/2022\/10\/BZR39-W-Y001.webp?fit=1600%2C1600&ssl=1","width":1600,"height":1600},{"@type":"BreadcrumbList","@id":"https:\/\/inti.hr\/bs\/proizvod\/kupaonski-ormaric-s-lameliranim-vratima\/#breadcrumb","itemListElement":[{"@type":"ListItem","position":1,"name":"Po\u010detna stranica","item":"https:\/\/inti.hr\/bs\/"},{"@type":"ListItem","position":2,"name":"Trgovina","item":"https:\/\/inti.hr\/bs\/trgovina\/"},{"@type":"ListItem","position":3,"name":"Kupaonski ormari\u0107 s lameliranim vratima"}]},{"@type":"WebSite","@id":"https:\/\/inti.hr\/bs\/#website","url":"https:\/\/inti.hr\/bs\/","name":"Inti","description":"trgovina","potentialAction":[{"@type":"SearchAction","target":{"@type":"EntryPoint","urlTemplate":"https:\/\/inti.hr\/bs\/?s={search_term_string}"},"query-input":{"@type":"PropertyValueSpecification","valueRequired":true,"valueName":"search_term_string"}}],"inLanguage":"bs-BA"}]}},"jetpack_sharing_enabled":true,"jetpack-related-posts":[],"_links":{"self":[{"href":"https:\/\/inti.hr\/bs\/wp-json\/wp\/v2\/product\/36651"}],"collection":[{"href":"https:\/\/inti.hr\/bs\/wp-json\/wp\/v2\/product"}],"about":[{"href":"https:\/\/inti.hr\/bs\/wp-json\/wp\/v2\/types\/product"}],"wp:featuredmedia":[{"embeddable":true,"href":"https:\/\/inti.hr\/bs\/wp-json\/wp\/v2\/media\/36652"}],"wp:attachment":[{"href":"https:\/\/inti.hr\/bs\/wp-json\/wp\/v2\/media?parent=36651"}],"wp:term":[{"taxonomy":"product_cat","embeddable":true,"href":"https:\/\/inti.hr\/bs\/wp-json\/wp\/v2\/product_cat?post=36651"},{"taxonomy":"product_tag","embeddable":true,"href":"https:\/\/inti.hr\/bs\/wp-json\/wp\/v2\/product_tag?post=36651"}],"curies":[{"name":"wp","href":"https:\/\/api.w.org\/{rel}","templated":true}]}}