{"id":36659,"date":"2022-10-06T06:40:41","date_gmt":"2022-10-06T06:40:41","guid":{"rendered":"https:\/\/inti.hr\/product\/kupaonski-stupni-ormaric-mila\/"},"modified":"2022-10-06T06:40:41","modified_gmt":"2022-10-06T06:40:41","slug":"kupaonski-stupni-ormaric-mila","status":"publish","type":"product","link":"https:\/\/inti.hr\/bs\/proizvod\/kupaonski-stupni-ormaric-mila\/","title":{"rendered":"Kupaonski stupni ormari\u0107 Mila"},"content":{"rendered":"<p>Detalji proizvoda:<\/p>\n<ul>\n<li>Te\u017eina: 14 kg<\/li>\n<li>Nosivost: 45 kg<\/li>\n<li>Materijal: MDF (E1)<\/li>\n<li>Veli\u010dina proizvoda: 32x30x170cm (vidi sliku)<\/li>\n<li>Dimenzije paketa: 94x36x19cm<\/li>\n<\/ul>\n","protected":false},"excerpt":{"rendered":"<p>Ovaj atraktivan i jednostavan visoki ormar impresionira svojim jednostavnim i bezvremenskim &#8230; <\/p>\n","protected":false},"featured_media":36660,"template":"","meta":[],"product_cat":[2392],"product_tag":[2520,3520],"yoast_head":"<!-- This site is optimized with the Yoast SEO plugin v23.7 - https:\/\/yoast.com\/wordpress\/plugins\/seo\/ -->\n<title>Kupaonski stupni ormari\u0107 Mila - Inti<\/title>\n<meta name=\"description\" content=\"Ovaj atraktivan i jednostavan visoki ormar impresionira svojim jednostavnim i bezvremenskim dizajnom. Otvoreni pretinac, ladica i police iza vrata nude vrlo prakti\u010dan prostor za pohranu.\u00a0Veliki visoki kupaonski ormari\u0107 nudi prostor za ru\u010dnike, proizvode za njegu i druge kupaonske potrep\u0161tine. Elegantni ormari\u0107 krasi va\u0161u kupaonicu brzo i jednostavno.\u00a0MDF jednostavan za odr\u017eavanje je izdr\u017eljiv i \u010dvrst. Dostupan i kao 2-dijelni komplet kupaonskog namje\u0161taja: umivaonik\u00a0 i visoki ormari\u0107 .Poseban vizualni vrhunac su \u017euta, moderna i bezvremenska re\u0161etkasta vrata.\u00a0Zahvaljuju\u0107i vratima sprje\u010davate stvaranje plijesni u ormaru jer je re\u0161etka propusna za zrak.Police iza vrata mogu se namjestiti na 3 razli\u010dita na\u010dina ili ih mo\u017eete potpuno izostaviti. Visokokvalitetne MDF plo\u010de jam\u010de savr\u0161enu stabilnost i dug vijek trajanja, \u010dak iu vla\u017enim okru\u017eenjima.\u00a0Povr\u0161ina se lako \u010disti, \u0161to olak\u0161ava ku\u0107anske poslove.\u00a0Svojim modernim i elegantnim izgledom ovaj komad namje\u0161taja privla\u010di sva\u010diju pa\u017enju.\" \/>\n<meta name=\"robots\" content=\"index, follow, max-snippet:-1, max-image-preview:large, max-video-preview:-1\" \/>\n<link rel=\"canonical\" href=\"https:\/\/inti.hr\/bs\/proizvod\/kupaonski-stupni-ormaric-mila\/\" \/>\n<meta property=\"og:locale\" content=\"bs_BA\" \/>\n<meta property=\"og:type\" content=\"article\" \/>\n<meta property=\"og:title\" content=\"Kupaonski stupni ormari\u0107 Mila - Inti\" \/>\n<meta property=\"og:description\" content=\"Ovaj atraktivan i jednostavan visoki ormar impresionira svojim jednostavnim i bezvremenskim dizajnom. Otvoreni pretinac, ladica i police iza vrata nude vrlo prakti\u010dan prostor za pohranu.\u00a0Veliki visoki kupaonski ormari\u0107 nudi prostor za ru\u010dnike, proizvode za njegu i druge kupaonske potrep\u0161tine. Elegantni ormari\u0107 krasi va\u0161u kupaonicu brzo i jednostavno.\u00a0MDF jednostavan za odr\u017eavanje je izdr\u017eljiv i \u010dvrst. Dostupan i kao 2-dijelni komplet kupaonskog namje\u0161taja: umivaonik\u00a0 i visoki ormari\u0107 .Poseban vizualni vrhunac su \u017euta, moderna i bezvremenska re\u0161etkasta vrata.\u00a0Zahvaljuju\u0107i vratima sprje\u010davate stvaranje plijesni u ormaru jer je re\u0161etka propusna za zrak.Police iza vrata mogu se namjestiti na 3 razli\u010dita na\u010dina ili ih mo\u017eete potpuno izostaviti. Visokokvalitetne MDF plo\u010de jam\u010de savr\u0161enu stabilnost i dug vijek trajanja, \u010dak iu vla\u017enim okru\u017eenjima.\u00a0Povr\u0161ina se lako \u010disti, \u0161to olak\u0161ava ku\u0107anske poslove.\u00a0Svojim modernim i elegantnim izgledom ovaj komad namje\u0161taja privla\u010di sva\u010diju pa\u017enju.\" \/>\n<meta property=\"og:url\" content=\"https:\/\/inti.hr\/bs\/proizvod\/kupaonski-stupni-ormaric-mila\/\" \/>\n<meta property=\"og:site_name\" content=\"Inti\" \/>\n<meta property=\"og:image\" content=\"https:\/\/i0.wp.com\/inti.hr\/wp-content\/uploads\/2022\/10\/BZR70-W-Y002.webp?fit=1600%2C1600&ssl=1\" \/>\n\t<meta property=\"og:image:width\" content=\"1600\" \/>\n\t<meta property=\"og:image:height\" content=\"1600\" \/>\n\t<meta property=\"og:image:type\" content=\"image\/webp\" \/>\n<meta name=\"twitter:card\" content=\"summary_large_image\" \/>\n<script type=\"application\/ld+json\" class=\"yoast-schema-graph\">{\"@context\":\"https:\/\/schema.org\",\"@graph\":[{\"@type\":\"WebPage\",\"@id\":\"https:\/\/inti.hr\/bs\/proizvod\/kupaonski-stupni-ormaric-mila\/\",\"url\":\"https:\/\/inti.hr\/bs\/proizvod\/kupaonski-stupni-ormaric-mila\/\",\"name\":\"Kupaonski stupni ormari\u0107 Mila - Inti\",\"isPartOf\":{\"@id\":\"https:\/\/inti.hr\/bs\/#website\"},\"primaryImageOfPage\":{\"@id\":\"https:\/\/inti.hr\/bs\/proizvod\/kupaonski-stupni-ormaric-mila\/#primaryimage\"},\"image\":{\"@id\":\"https:\/\/inti.hr\/bs\/proizvod\/kupaonski-stupni-ormaric-mila\/#primaryimage\"},\"thumbnailUrl\":\"https:\/\/i0.wp.com\/inti.hr\/wp-content\/uploads\/2022\/10\/BZR70-W-Y002.webp?fit=1600%2C1600&ssl=1\",\"datePublished\":\"2022-10-06T06:40:41+00:00\",\"dateModified\":\"2022-10-06T06:40:41+00:00\",\"description\":\"Ovaj atraktivan i jednostavan visoki ormar impresionira svojim jednostavnim i bezvremenskim dizajnom. Otvoreni pretinac, ladica i police iza vrata nude vrlo prakti\u010dan prostor za pohranu.\u00a0Veliki visoki kupaonski ormari\u0107 nudi prostor za ru\u010dnike, proizvode za njegu i druge kupaonske potrep\u0161tine. Elegantni ormari\u0107 krasi va\u0161u kupaonicu brzo i jednostavno.\u00a0MDF jednostavan za odr\u017eavanje je izdr\u017eljiv i \u010dvrst. Dostupan i kao 2-dijelni komplet kupaonskog namje\u0161taja: umivaonik\u00a0 i visoki ormari\u0107 .Poseban vizualni vrhunac su \u017euta, moderna i bezvremenska re\u0161etkasta vrata.\u00a0Zahvaljuju\u0107i vratima sprje\u010davate stvaranje plijesni u ormaru jer je re\u0161etka propusna za zrak.Police iza vrata mogu se namjestiti na 3 razli\u010dita na\u010dina ili ih mo\u017eete potpuno izostaviti. Visokokvalitetne MDF plo\u010de jam\u010de savr\u0161enu stabilnost i dug vijek trajanja, \u010dak iu vla\u017enim okru\u017eenjima.\u00a0Povr\u0161ina se lako \u010disti, \u0161to olak\u0161ava ku\u0107anske poslove.\u00a0Svojim modernim i elegantnim izgledom ovaj komad namje\u0161taja privla\u010di sva\u010diju pa\u017enju.\",\"breadcrumb\":{\"@id\":\"https:\/\/inti.hr\/bs\/proizvod\/kupaonski-stupni-ormaric-mila\/#breadcrumb\"},\"inLanguage\":\"bs-BA\",\"potentialAction\":[{\"@type\":\"ReadAction\",\"target\":[\"https:\/\/inti.hr\/bs\/proizvod\/kupaonski-stupni-ormaric-mila\/\"]}]},{\"@type\":\"ImageObject\",\"inLanguage\":\"bs-BA\",\"@id\":\"https:\/\/inti.hr\/bs\/proizvod\/kupaonski-stupni-ormaric-mila\/#primaryimage\",\"url\":\"https:\/\/i0.wp.com\/inti.hr\/wp-content\/uploads\/2022\/10\/BZR70-W-Y002.webp?fit=1600%2C1600&ssl=1\",\"contentUrl\":\"https:\/\/i0.wp.com\/inti.hr\/wp-content\/uploads\/2022\/10\/BZR70-W-Y002.webp?fit=1600%2C1600&ssl=1\",\"width\":1600,\"height\":1600},{\"@type\":\"BreadcrumbList\",\"@id\":\"https:\/\/inti.hr\/bs\/proizvod\/kupaonski-stupni-ormaric-mila\/#breadcrumb\",\"itemListElement\":[{\"@type\":\"ListItem\",\"position\":1,\"name\":\"Po\u010detna stranica\",\"item\":\"https:\/\/inti.hr\/bs\/\"},{\"@type\":\"ListItem\",\"position\":2,\"name\":\"Trgovina\",\"item\":\"https:\/\/inti.hr\/bs\/trgovina\/\"},{\"@type\":\"ListItem\",\"position\":3,\"name\":\"Kupaonski stupni ormari\u0107 Mila\"}]},{\"@type\":\"WebSite\",\"@id\":\"https:\/\/inti.hr\/bs\/#website\",\"url\":\"https:\/\/inti.hr\/bs\/\",\"name\":\"Inti\",\"description\":\"trgovina\",\"potentialAction\":[{\"@type\":\"SearchAction\",\"target\":{\"@type\":\"EntryPoint\",\"urlTemplate\":\"https:\/\/inti.hr\/bs\/?s={search_term_string}\"},\"query-input\":{\"@type\":\"PropertyValueSpecification\",\"valueRequired\":true,\"valueName\":\"search_term_string\"}}],\"inLanguage\":\"bs-BA\"}]}<\/script>\n<!-- \/ Yoast SEO plugin. -->","yoast_head_json":{"title":"Kupaonski stupni ormari\u0107 Mila - Inti","description":"Ovaj atraktivan i jednostavan visoki ormar impresionira svojim jednostavnim i bezvremenskim dizajnom. Otvoreni pretinac, ladica i police iza vrata nude vrlo prakti\u010dan prostor za pohranu.\u00a0Veliki visoki kupaonski ormari\u0107 nudi prostor za ru\u010dnike, proizvode za njegu i druge kupaonske potrep\u0161tine. Elegantni ormari\u0107 krasi va\u0161u kupaonicu brzo i jednostavno.\u00a0MDF jednostavan za odr\u017eavanje je izdr\u017eljiv i \u010dvrst. Dostupan i kao 2-dijelni komplet kupaonskog namje\u0161taja: umivaonik\u00a0 i visoki ormari\u0107 .Poseban vizualni vrhunac su \u017euta, moderna i bezvremenska re\u0161etkasta vrata.\u00a0Zahvaljuju\u0107i vratima sprje\u010davate stvaranje plijesni u ormaru jer je re\u0161etka propusna za zrak.Police iza vrata mogu se namjestiti na 3 razli\u010dita na\u010dina ili ih mo\u017eete potpuno izostaviti. Visokokvalitetne MDF plo\u010de jam\u010de savr\u0161enu stabilnost i dug vijek trajanja, \u010dak iu vla\u017enim okru\u017eenjima.\u00a0Povr\u0161ina se lako \u010disti, \u0161to olak\u0161ava ku\u0107anske poslove.\u00a0Svojim modernim i elegantnim izgledom ovaj komad namje\u0161taja privla\u010di sva\u010diju pa\u017enju.","robots":{"index":"index","follow":"follow","max-snippet":"max-snippet:-1","max-image-preview":"max-image-preview:large","max-video-preview":"max-video-preview:-1"},"canonical":"https:\/\/inti.hr\/bs\/proizvod\/kupaonski-stupni-ormaric-mila\/","og_locale":"bs_BA","og_type":"article","og_title":"Kupaonski stupni ormari\u0107 Mila - Inti","og_description":"Ovaj atraktivan i jednostavan visoki ormar impresionira svojim jednostavnim i bezvremenskim dizajnom. Otvoreni pretinac, ladica i police iza vrata nude vrlo prakti\u010dan prostor za pohranu.\u00a0Veliki visoki kupaonski ormari\u0107 nudi prostor za ru\u010dnike, proizvode za njegu i druge kupaonske potrep\u0161tine. Elegantni ormari\u0107 krasi va\u0161u kupaonicu brzo i jednostavno.\u00a0MDF jednostavan za odr\u017eavanje je izdr\u017eljiv i \u010dvrst. Dostupan i kao 2-dijelni komplet kupaonskog namje\u0161taja: umivaonik\u00a0 i visoki ormari\u0107 .Poseban vizualni vrhunac su \u017euta, moderna i bezvremenska re\u0161etkasta vrata.\u00a0Zahvaljuju\u0107i vratima sprje\u010davate stvaranje plijesni u ormaru jer je re\u0161etka propusna za zrak.Police iza vrata mogu se namjestiti na 3 razli\u010dita na\u010dina ili ih mo\u017eete potpuno izostaviti. Visokokvalitetne MDF plo\u010de jam\u010de savr\u0161enu stabilnost i dug vijek trajanja, \u010dak iu vla\u017enim okru\u017eenjima.\u00a0Povr\u0161ina se lako \u010disti, \u0161to olak\u0161ava ku\u0107anske poslove.\u00a0Svojim modernim i elegantnim izgledom ovaj komad namje\u0161taja privla\u010di sva\u010diju pa\u017enju.","og_url":"https:\/\/inti.hr\/bs\/proizvod\/kupaonski-stupni-ormaric-mila\/","og_site_name":"Inti","og_image":[{"width":1600,"height":1600,"url":"https:\/\/i0.wp.com\/inti.hr\/wp-content\/uploads\/2022\/10\/BZR70-W-Y002.webp?fit=1600%2C1600&ssl=1","type":"image\/webp"}],"twitter_card":"summary_large_image","schema":{"@context":"https:\/\/schema.org","@graph":[{"@type":"WebPage","@id":"https:\/\/inti.hr\/bs\/proizvod\/kupaonski-stupni-ormaric-mila\/","url":"https:\/\/inti.hr\/bs\/proizvod\/kupaonski-stupni-ormaric-mila\/","name":"Kupaonski stupni ormari\u0107 Mila - Inti","isPartOf":{"@id":"https:\/\/inti.hr\/bs\/#website"},"primaryImageOfPage":{"@id":"https:\/\/inti.hr\/bs\/proizvod\/kupaonski-stupni-ormaric-mila\/#primaryimage"},"image":{"@id":"https:\/\/inti.hr\/bs\/proizvod\/kupaonski-stupni-ormaric-mila\/#primaryimage"},"thumbnailUrl":"https:\/\/i0.wp.com\/inti.hr\/wp-content\/uploads\/2022\/10\/BZR70-W-Y002.webp?fit=1600%2C1600&ssl=1","datePublished":"2022-10-06T06:40:41+00:00","dateModified":"2022-10-06T06:40:41+00:00","description":"Ovaj atraktivan i jednostavan visoki ormar impresionira svojim jednostavnim i bezvremenskim dizajnom. Otvoreni pretinac, ladica i police iza vrata nude vrlo prakti\u010dan prostor za pohranu.\u00a0Veliki visoki kupaonski ormari\u0107 nudi prostor za ru\u010dnike, proizvode za njegu i druge kupaonske potrep\u0161tine. Elegantni ormari\u0107 krasi va\u0161u kupaonicu brzo i jednostavno.\u00a0MDF jednostavan za odr\u017eavanje je izdr\u017eljiv i \u010dvrst. Dostupan i kao 2-dijelni komplet kupaonskog namje\u0161taja: umivaonik\u00a0 i visoki ormari\u0107 .Poseban vizualni vrhunac su \u017euta, moderna i bezvremenska re\u0161etkasta vrata.\u00a0Zahvaljuju\u0107i vratima sprje\u010davate stvaranje plijesni u ormaru jer je re\u0161etka propusna za zrak.Police iza vrata mogu se namjestiti na 3 razli\u010dita na\u010dina ili ih mo\u017eete potpuno izostaviti. Visokokvalitetne MDF plo\u010de jam\u010de savr\u0161enu stabilnost i dug vijek trajanja, \u010dak iu vla\u017enim okru\u017eenjima.\u00a0Povr\u0161ina se lako \u010disti, \u0161to olak\u0161ava ku\u0107anske poslove.\u00a0Svojim modernim i elegantnim izgledom ovaj komad namje\u0161taja privla\u010di sva\u010diju pa\u017enju.","breadcrumb":{"@id":"https:\/\/inti.hr\/bs\/proizvod\/kupaonski-stupni-ormaric-mila\/#breadcrumb"},"inLanguage":"bs-BA","potentialAction":[{"@type":"ReadAction","target":["https:\/\/inti.hr\/bs\/proizvod\/kupaonski-stupni-ormaric-mila\/"]}]},{"@type":"ImageObject","inLanguage":"bs-BA","@id":"https:\/\/inti.hr\/bs\/proizvod\/kupaonski-stupni-ormaric-mila\/#primaryimage","url":"https:\/\/i0.wp.com\/inti.hr\/wp-content\/uploads\/2022\/10\/BZR70-W-Y002.webp?fit=1600%2C1600&ssl=1","contentUrl":"https:\/\/i0.wp.com\/inti.hr\/wp-content\/uploads\/2022\/10\/BZR70-W-Y002.webp?fit=1600%2C1600&ssl=1","width":1600,"height":1600},{"@type":"BreadcrumbList","@id":"https:\/\/inti.hr\/bs\/proizvod\/kupaonski-stupni-ormaric-mila\/#breadcrumb","itemListElement":[{"@type":"ListItem","position":1,"name":"Po\u010detna stranica","item":"https:\/\/inti.hr\/bs\/"},{"@type":"ListItem","position":2,"name":"Trgovina","item":"https:\/\/inti.hr\/bs\/trgovina\/"},{"@type":"ListItem","position":3,"name":"Kupaonski stupni ormari\u0107 Mila"}]},{"@type":"WebSite","@id":"https:\/\/inti.hr\/bs\/#website","url":"https:\/\/inti.hr\/bs\/","name":"Inti","description":"trgovina","potentialAction":[{"@type":"SearchAction","target":{"@type":"EntryPoint","urlTemplate":"https:\/\/inti.hr\/bs\/?s={search_term_string}"},"query-input":{"@type":"PropertyValueSpecification","valueRequired":true,"valueName":"search_term_string"}}],"inLanguage":"bs-BA"}]}},"jetpack_sharing_enabled":true,"jetpack-related-posts":[],"_links":{"self":[{"href":"https:\/\/inti.hr\/bs\/wp-json\/wp\/v2\/product\/36659"}],"collection":[{"href":"https:\/\/inti.hr\/bs\/wp-json\/wp\/v2\/product"}],"about":[{"href":"https:\/\/inti.hr\/bs\/wp-json\/wp\/v2\/types\/product"}],"wp:featuredmedia":[{"embeddable":true,"href":"https:\/\/inti.hr\/bs\/wp-json\/wp\/v2\/media\/36660"}],"wp:attachment":[{"href":"https:\/\/inti.hr\/bs\/wp-json\/wp\/v2\/media?parent=36659"}],"wp:term":[{"taxonomy":"product_cat","embeddable":true,"href":"https:\/\/inti.hr\/bs\/wp-json\/wp\/v2\/product_cat?post=36659"},{"taxonomy":"product_tag","embeddable":true,"href":"https:\/\/inti.hr\/bs\/wp-json\/wp\/v2\/product_tag?post=36659"}],"curies":[{"name":"wp","href":"https:\/\/api.w.org\/{rel}","templated":true}]}}