{"id":36671,"date":"2022-09-27T10:57:08","date_gmt":"2022-09-27T10:57:08","guid":{"rendered":"https:\/\/inti.hr\/product\/barski-stol-u-industrijskom-stilu-2-barski-stol-caffe-bar-restoran\/"},"modified":"2022-09-27T10:57:08","modified_gmt":"2022-09-27T10:57:08","slug":"barski-stol-u-industrijskom-stilu-2-barski-stol-caffe-bar-restoran","status":"publish","type":"product","link":"https:\/\/inti.hr\/bs\/proizvod\/barski-stol-u-industrijskom-stilu-2-barski-stol-caffe-bar-restoran\/","title":{"rendered":"Barski stol u industrijskom stilu"},"content":{"rendered":"<p>Detalji proizvoda:<\/p>\n<ul>\n<li>Te\u017eina: 26 kg<\/li>\n<li>Nosivost: 75 kg<\/li>\n<li>Materijal: PB (E1), struktura: metal, crno lakirano<\/li>\n<li>Veli\u010dina proizvoda: 110x50x105cm<\/li>\n<li>Dimenzije paketa: 130x59x19cm<\/li>\n<li>S uputama za sastavljanje i vijcima.\u00a0Jednostavna instalacija.<\/li>\n<\/ul>\n","protected":false},"excerpt":{"rendered":"<p>Koliko god stan bio malen, u njemu se jede, smije se &#8230; <\/p>\n","protected":false},"featured_media":36672,"template":"","meta":[],"product_cat":[2536],"product_tag":[4888,3016,2537],"yoast_head":"<!-- This site is optimized with the Yoast SEO plugin v23.7 - https:\/\/yoast.com\/wordpress\/plugins\/seo\/ -->\n<title>Barski stol u industrijskom stilu - Inti<\/title>\n<meta name=\"description\" content=\"Koliko god stan bio malen, u njemu se jede, smije se i slavi. Zahvaljuju\u0107i velikoj plo\u010di stola, ovaj barski stol nudi prostor za va\u0161e sastanke s prijateljima. Vodootporan materijal koji se lako odr\u017eava ne gubi dubinu boje i stoga uvijek izgleda kao nov. Bilo za va\u0161 ku\u0107ni \u0161ank, kuhinju ili stol za blagovanje, ovaj barski stol mo\u017eete savr\u0161eno prilagoditi svojim potrebama. Ovaj barski stol tako\u0111er je idealan za terasu, balkon ili va\u0161 bistro. U\u017eivajte u pivu, vinu ili martiniju nakon posla! 1 dr\u017ea\u010d za boce, 2 dr\u017ea\u010da za vinske \u010da\u0161e i 3 velika pretinca. Nude puno prostora za sokove, gazirana pi\u0107a, koktele, \u010da\u0161e za crno vino, hladnjak za \u0161ampanjac itd. Stolovi imaju oslonac za noge kako vam noge ne bi visele dok sjedite na barskim stolicama i ispijate cappuccino.\" \/>\n<meta name=\"robots\" content=\"index, follow, max-snippet:-1, max-image-preview:large, max-video-preview:-1\" \/>\n<link rel=\"canonical\" href=\"https:\/\/inti.hr\/bs\/proizvod\/barski-stol-u-industrijskom-stilu-2-barski-stol-caffe-bar-restoran\/\" \/>\n<meta property=\"og:locale\" content=\"bs_BA\" \/>\n<meta property=\"og:type\" content=\"article\" \/>\n<meta property=\"og:title\" content=\"Barski stol u industrijskom stilu - Inti\" \/>\n<meta property=\"og:description\" content=\"Koliko god stan bio malen, u njemu se jede, smije se i slavi. Zahvaljuju\u0107i velikoj plo\u010di stola, ovaj barski stol nudi prostor za va\u0161e sastanke s prijateljima. Vodootporan materijal koji se lako odr\u017eava ne gubi dubinu boje i stoga uvijek izgleda kao nov. Bilo za va\u0161 ku\u0107ni \u0161ank, kuhinju ili stol za blagovanje, ovaj barski stol mo\u017eete savr\u0161eno prilagoditi svojim potrebama. Ovaj barski stol tako\u0111er je idealan za terasu, balkon ili va\u0161 bistro. U\u017eivajte u pivu, vinu ili martiniju nakon posla! 1 dr\u017ea\u010d za boce, 2 dr\u017ea\u010da za vinske \u010da\u0161e i 3 velika pretinca. Nude puno prostora za sokove, gazirana pi\u0107a, koktele, \u010da\u0161e za crno vino, hladnjak za \u0161ampanjac itd. Stolovi imaju oslonac za noge kako vam noge ne bi visele dok sjedite na barskim stolicama i ispijate cappuccino.\" \/>\n<meta property=\"og:url\" content=\"https:\/\/inti.hr\/bs\/proizvod\/barski-stol-u-industrijskom-stilu-2-barski-stol-caffe-bar-restoran\/\" \/>\n<meta property=\"og:site_name\" content=\"Inti\" \/>\n<meta property=\"og:image\" content=\"https:\/\/i0.wp.com\/inti.hr\/wp-content\/uploads\/2022\/09\/FWT97-PF-Y004.webp?fit=1600%2C1600&ssl=1\" \/>\n\t<meta property=\"og:image:width\" content=\"1600\" \/>\n\t<meta property=\"og:image:height\" content=\"1600\" \/>\n\t<meta property=\"og:image:type\" content=\"image\/webp\" \/>\n<meta name=\"twitter:card\" content=\"summary_large_image\" \/>\n<script type=\"application\/ld+json\" class=\"yoast-schema-graph\">{\"@context\":\"https:\/\/schema.org\",\"@graph\":[{\"@type\":\"WebPage\",\"@id\":\"https:\/\/inti.hr\/bs\/proizvod\/barski-stol-u-industrijskom-stilu-2-barski-stol-caffe-bar-restoran\/\",\"url\":\"https:\/\/inti.hr\/bs\/proizvod\/barski-stol-u-industrijskom-stilu-2-barski-stol-caffe-bar-restoran\/\",\"name\":\"Barski stol u industrijskom stilu - Inti\",\"isPartOf\":{\"@id\":\"https:\/\/inti.hr\/bs\/#website\"},\"primaryImageOfPage\":{\"@id\":\"https:\/\/inti.hr\/bs\/proizvod\/barski-stol-u-industrijskom-stilu-2-barski-stol-caffe-bar-restoran\/#primaryimage\"},\"image\":{\"@id\":\"https:\/\/inti.hr\/bs\/proizvod\/barski-stol-u-industrijskom-stilu-2-barski-stol-caffe-bar-restoran\/#primaryimage\"},\"thumbnailUrl\":\"https:\/\/i0.wp.com\/inti.hr\/wp-content\/uploads\/2022\/09\/FWT97-PF-Y004.webp?fit=1600%2C1600&ssl=1\",\"datePublished\":\"2022-09-27T10:57:08+00:00\",\"dateModified\":\"2022-09-27T10:57:08+00:00\",\"description\":\"Koliko god stan bio malen, u njemu se jede, smije se i slavi. Zahvaljuju\u0107i velikoj plo\u010di stola, ovaj barski stol nudi prostor za va\u0161e sastanke s prijateljima. Vodootporan materijal koji se lako odr\u017eava ne gubi dubinu boje i stoga uvijek izgleda kao nov. Bilo za va\u0161 ku\u0107ni \u0161ank, kuhinju ili stol za blagovanje, ovaj barski stol mo\u017eete savr\u0161eno prilagoditi svojim potrebama. Ovaj barski stol tako\u0111er je idealan za terasu, balkon ili va\u0161 bistro. U\u017eivajte u pivu, vinu ili martiniju nakon posla! 1 dr\u017ea\u010d za boce, 2 dr\u017ea\u010da za vinske \u010da\u0161e i 3 velika pretinca. Nude puno prostora za sokove, gazirana pi\u0107a, koktele, \u010da\u0161e za crno vino, hladnjak za \u0161ampanjac itd. Stolovi imaju oslonac za noge kako vam noge ne bi visele dok sjedite na barskim stolicama i ispijate cappuccino.\",\"breadcrumb\":{\"@id\":\"https:\/\/inti.hr\/bs\/proizvod\/barski-stol-u-industrijskom-stilu-2-barski-stol-caffe-bar-restoran\/#breadcrumb\"},\"inLanguage\":\"bs-BA\",\"potentialAction\":[{\"@type\":\"ReadAction\",\"target\":[\"https:\/\/inti.hr\/bs\/proizvod\/barski-stol-u-industrijskom-stilu-2-barski-stol-caffe-bar-restoran\/\"]}]},{\"@type\":\"ImageObject\",\"inLanguage\":\"bs-BA\",\"@id\":\"https:\/\/inti.hr\/bs\/proizvod\/barski-stol-u-industrijskom-stilu-2-barski-stol-caffe-bar-restoran\/#primaryimage\",\"url\":\"https:\/\/i0.wp.com\/inti.hr\/wp-content\/uploads\/2022\/09\/FWT97-PF-Y004.webp?fit=1600%2C1600&ssl=1\",\"contentUrl\":\"https:\/\/i0.wp.com\/inti.hr\/wp-content\/uploads\/2022\/09\/FWT97-PF-Y004.webp?fit=1600%2C1600&ssl=1\",\"width\":1600,\"height\":1600,\"caption\":\"Barski stol u industrijskom stilu\"},{\"@type\":\"BreadcrumbList\",\"@id\":\"https:\/\/inti.hr\/bs\/proizvod\/barski-stol-u-industrijskom-stilu-2-barski-stol-caffe-bar-restoran\/#breadcrumb\",\"itemListElement\":[{\"@type\":\"ListItem\",\"position\":1,\"name\":\"Po\u010detna stranica\",\"item\":\"https:\/\/inti.hr\/bs\/\"},{\"@type\":\"ListItem\",\"position\":2,\"name\":\"Trgovina\",\"item\":\"https:\/\/inti.hr\/bs\/trgovina\/\"},{\"@type\":\"ListItem\",\"position\":3,\"name\":\"Barski stol u industrijskom stilu\"}]},{\"@type\":\"WebSite\",\"@id\":\"https:\/\/inti.hr\/bs\/#website\",\"url\":\"https:\/\/inti.hr\/bs\/\",\"name\":\"Inti\",\"description\":\"trgovina\",\"potentialAction\":[{\"@type\":\"SearchAction\",\"target\":{\"@type\":\"EntryPoint\",\"urlTemplate\":\"https:\/\/inti.hr\/bs\/?s={search_term_string}\"},\"query-input\":{\"@type\":\"PropertyValueSpecification\",\"valueRequired\":true,\"valueName\":\"search_term_string\"}}],\"inLanguage\":\"bs-BA\"}]}<\/script>\n<!-- \/ Yoast SEO plugin. -->","yoast_head_json":{"title":"Barski stol u industrijskom stilu - Inti","description":"Koliko god stan bio malen, u njemu se jede, smije se i slavi. Zahvaljuju\u0107i velikoj plo\u010di stola, ovaj barski stol nudi prostor za va\u0161e sastanke s prijateljima. Vodootporan materijal koji se lako odr\u017eava ne gubi dubinu boje i stoga uvijek izgleda kao nov. Bilo za va\u0161 ku\u0107ni \u0161ank, kuhinju ili stol za blagovanje, ovaj barski stol mo\u017eete savr\u0161eno prilagoditi svojim potrebama. Ovaj barski stol tako\u0111er je idealan za terasu, balkon ili va\u0161 bistro. U\u017eivajte u pivu, vinu ili martiniju nakon posla! 1 dr\u017ea\u010d za boce, 2 dr\u017ea\u010da za vinske \u010da\u0161e i 3 velika pretinca. Nude puno prostora za sokove, gazirana pi\u0107a, koktele, \u010da\u0161e za crno vino, hladnjak za \u0161ampanjac itd. Stolovi imaju oslonac za noge kako vam noge ne bi visele dok sjedite na barskim stolicama i ispijate cappuccino.","robots":{"index":"index","follow":"follow","max-snippet":"max-snippet:-1","max-image-preview":"max-image-preview:large","max-video-preview":"max-video-preview:-1"},"canonical":"https:\/\/inti.hr\/bs\/proizvod\/barski-stol-u-industrijskom-stilu-2-barski-stol-caffe-bar-restoran\/","og_locale":"bs_BA","og_type":"article","og_title":"Barski stol u industrijskom stilu - Inti","og_description":"Koliko god stan bio malen, u njemu se jede, smije se i slavi. Zahvaljuju\u0107i velikoj plo\u010di stola, ovaj barski stol nudi prostor za va\u0161e sastanke s prijateljima. Vodootporan materijal koji se lako odr\u017eava ne gubi dubinu boje i stoga uvijek izgleda kao nov. Bilo za va\u0161 ku\u0107ni \u0161ank, kuhinju ili stol za blagovanje, ovaj barski stol mo\u017eete savr\u0161eno prilagoditi svojim potrebama. Ovaj barski stol tako\u0111er je idealan za terasu, balkon ili va\u0161 bistro. U\u017eivajte u pivu, vinu ili martiniju nakon posla! 1 dr\u017ea\u010d za boce, 2 dr\u017ea\u010da za vinske \u010da\u0161e i 3 velika pretinca. Nude puno prostora za sokove, gazirana pi\u0107a, koktele, \u010da\u0161e za crno vino, hladnjak za \u0161ampanjac itd. Stolovi imaju oslonac za noge kako vam noge ne bi visele dok sjedite na barskim stolicama i ispijate cappuccino.","og_url":"https:\/\/inti.hr\/bs\/proizvod\/barski-stol-u-industrijskom-stilu-2-barski-stol-caffe-bar-restoran\/","og_site_name":"Inti","og_image":[{"width":1600,"height":1600,"url":"https:\/\/i0.wp.com\/inti.hr\/wp-content\/uploads\/2022\/09\/FWT97-PF-Y004.webp?fit=1600%2C1600&ssl=1","type":"image\/webp"}],"twitter_card":"summary_large_image","schema":{"@context":"https:\/\/schema.org","@graph":[{"@type":"WebPage","@id":"https:\/\/inti.hr\/bs\/proizvod\/barski-stol-u-industrijskom-stilu-2-barski-stol-caffe-bar-restoran\/","url":"https:\/\/inti.hr\/bs\/proizvod\/barski-stol-u-industrijskom-stilu-2-barski-stol-caffe-bar-restoran\/","name":"Barski stol u industrijskom stilu - Inti","isPartOf":{"@id":"https:\/\/inti.hr\/bs\/#website"},"primaryImageOfPage":{"@id":"https:\/\/inti.hr\/bs\/proizvod\/barski-stol-u-industrijskom-stilu-2-barski-stol-caffe-bar-restoran\/#primaryimage"},"image":{"@id":"https:\/\/inti.hr\/bs\/proizvod\/barski-stol-u-industrijskom-stilu-2-barski-stol-caffe-bar-restoran\/#primaryimage"},"thumbnailUrl":"https:\/\/i0.wp.com\/inti.hr\/wp-content\/uploads\/2022\/09\/FWT97-PF-Y004.webp?fit=1600%2C1600&ssl=1","datePublished":"2022-09-27T10:57:08+00:00","dateModified":"2022-09-27T10:57:08+00:00","description":"Koliko god stan bio malen, u njemu se jede, smije se i slavi. Zahvaljuju\u0107i velikoj plo\u010di stola, ovaj barski stol nudi prostor za va\u0161e sastanke s prijateljima. Vodootporan materijal koji se lako odr\u017eava ne gubi dubinu boje i stoga uvijek izgleda kao nov. Bilo za va\u0161 ku\u0107ni \u0161ank, kuhinju ili stol za blagovanje, ovaj barski stol mo\u017eete savr\u0161eno prilagoditi svojim potrebama. Ovaj barski stol tako\u0111er je idealan za terasu, balkon ili va\u0161 bistro. U\u017eivajte u pivu, vinu ili martiniju nakon posla! 1 dr\u017ea\u010d za boce, 2 dr\u017ea\u010da za vinske \u010da\u0161e i 3 velika pretinca. Nude puno prostora za sokove, gazirana pi\u0107a, koktele, \u010da\u0161e za crno vino, hladnjak za \u0161ampanjac itd. Stolovi imaju oslonac za noge kako vam noge ne bi visele dok sjedite na barskim stolicama i ispijate cappuccino.","breadcrumb":{"@id":"https:\/\/inti.hr\/bs\/proizvod\/barski-stol-u-industrijskom-stilu-2-barski-stol-caffe-bar-restoran\/#breadcrumb"},"inLanguage":"bs-BA","potentialAction":[{"@type":"ReadAction","target":["https:\/\/inti.hr\/bs\/proizvod\/barski-stol-u-industrijskom-stilu-2-barski-stol-caffe-bar-restoran\/"]}]},{"@type":"ImageObject","inLanguage":"bs-BA","@id":"https:\/\/inti.hr\/bs\/proizvod\/barski-stol-u-industrijskom-stilu-2-barski-stol-caffe-bar-restoran\/#primaryimage","url":"https:\/\/i0.wp.com\/inti.hr\/wp-content\/uploads\/2022\/09\/FWT97-PF-Y004.webp?fit=1600%2C1600&ssl=1","contentUrl":"https:\/\/i0.wp.com\/inti.hr\/wp-content\/uploads\/2022\/09\/FWT97-PF-Y004.webp?fit=1600%2C1600&ssl=1","width":1600,"height":1600,"caption":"Barski stol u industrijskom stilu"},{"@type":"BreadcrumbList","@id":"https:\/\/inti.hr\/bs\/proizvod\/barski-stol-u-industrijskom-stilu-2-barski-stol-caffe-bar-restoran\/#breadcrumb","itemListElement":[{"@type":"ListItem","position":1,"name":"Po\u010detna stranica","item":"https:\/\/inti.hr\/bs\/"},{"@type":"ListItem","position":2,"name":"Trgovina","item":"https:\/\/inti.hr\/bs\/trgovina\/"},{"@type":"ListItem","position":3,"name":"Barski stol u industrijskom stilu"}]},{"@type":"WebSite","@id":"https:\/\/inti.hr\/bs\/#website","url":"https:\/\/inti.hr\/bs\/","name":"Inti","description":"trgovina","potentialAction":[{"@type":"SearchAction","target":{"@type":"EntryPoint","urlTemplate":"https:\/\/inti.hr\/bs\/?s={search_term_string}"},"query-input":{"@type":"PropertyValueSpecification","valueRequired":true,"valueName":"search_term_string"}}],"inLanguage":"bs-BA"}]}},"jetpack_sharing_enabled":true,"jetpack-related-posts":[],"_links":{"self":[{"href":"https:\/\/inti.hr\/bs\/wp-json\/wp\/v2\/product\/36671"}],"collection":[{"href":"https:\/\/inti.hr\/bs\/wp-json\/wp\/v2\/product"}],"about":[{"href":"https:\/\/inti.hr\/bs\/wp-json\/wp\/v2\/types\/product"}],"wp:featuredmedia":[{"embeddable":true,"href":"https:\/\/inti.hr\/bs\/wp-json\/wp\/v2\/media\/36672"}],"wp:attachment":[{"href":"https:\/\/inti.hr\/bs\/wp-json\/wp\/v2\/media?parent=36671"}],"wp:term":[{"taxonomy":"product_cat","embeddable":true,"href":"https:\/\/inti.hr\/bs\/wp-json\/wp\/v2\/product_cat?post=36671"},{"taxonomy":"product_tag","embeddable":true,"href":"https:\/\/inti.hr\/bs\/wp-json\/wp\/v2\/product_tag?post=36671"}],"curies":[{"name":"wp","href":"https:\/\/api.w.org\/{rel}","templated":true}]}}