{"id":36691,"date":"2022-09-21T08:11:15","date_gmt":"2022-09-21T08:11:15","guid":{"rendered":"https:\/\/inti.hr\/product\/ormaric-za-cipele-s-klupom-fsr\/"},"modified":"2022-09-21T08:11:15","modified_gmt":"2022-09-21T08:11:15","slug":"ormaric-za-cipele-s-klupom-fsr","status":"publish","type":"product","link":"https:\/\/inti.hr\/bs\/proizvod\/ormaric-za-cipele-s-klupom-fsr\/","title":{"rendered":"Ormari\u0107 za cipele s klupom FSR"},"content":{"rendered":"<p>Detalji proizvoda:<\/p>\n<ul>\n<li>Te\u017eina: 19,9 kg<\/li>\n<li>Nosivost: 150 kg<\/li>\n<li>Materijal: MDF (E1), borovina<\/li>\n<li>Veli\u010dina proizvoda: 100x40x54cm (vidi sliku)<\/li>\n<li>Dimenzije paketa: 108x58x15cm<\/li>\n<\/ul>\n","protected":false},"excerpt":{"rendered":"<p>\u017duta re\u0161etkasta vrata, \u017eute ru\u010dke, prirodne nogice i vrh&#8230; Ovaj cipelarnik &#8230; <\/p>\n","protected":false},"featured_media":36692,"template":"","meta":[],"product_cat":[2632],"product_tag":[2796,2717],"yoast_head":"<!-- This site is optimized with the Yoast SEO plugin v23.7 - https:\/\/yoast.com\/wordpress\/plugins\/seo\/ -->\n<title>Ormari\u0107 za cipele s klupom FSR - Inti<\/title>\n<meta name=\"description\" content=\"\u017duta re\u0161etkasta vrata, \u017eute ru\u010dke, prirodne nogice i vrh... Ovaj cipelarnik unijet \u0107e da\u0161ak prirode u va\u0161 dom. Savr\u0161ena je kao zabavna klupa u va\u0161em hodniku i spava\u0107oj sobi.Pet borovih nogu daje dodatnu sigurnost. Uklju\u010duje za\u0161titu od filca za za\u0161titu od ogrebotina. Ve\u0107ina robota za \u010di\u0161\u0107enje mo\u017ee dolaziti i odlaziti kad ho\u0107e jer su noge visoke 10 cm.Materijal ormari\u0107a za cipele je siguran MDF, stabilni su i izdr\u017eljivi.Njegove \u010detiri noge izra\u0111ene su od bambusa koji je vrlo izdr\u017eljiv i mo\u017ee izdr\u017eati vi\u0161estruka optere\u0107enja.Ovaj ormari\u0107 za cipele ima 4 pretinca iza 2 vrata. 2 police iza vrata mogu se podesiti na tri visine, tako da mo\u017eete pohraniti razli\u010dite cipele i predmete u ovaj ormari\u0107 za cipele.Voljet \u0107ete do\u0107i ku\u0107i gdje ne morate brinuti o neredu. Prakti\u010dan ormari\u0107 za cipele \u010desto je ve\u0107i luksuz nego imati mnogo lijepih cipela.\" \/>\n<meta name=\"robots\" content=\"index, follow, max-snippet:-1, max-image-preview:large, max-video-preview:-1\" \/>\n<link rel=\"canonical\" href=\"https:\/\/inti.hr\/bs\/proizvod\/ormaric-za-cipele-s-klupom-fsr\/\" \/>\n<meta property=\"og:locale\" content=\"bs_BA\" \/>\n<meta property=\"og:type\" content=\"article\" \/>\n<meta property=\"og:title\" content=\"Ormari\u0107 za cipele s klupom FSR - Inti\" \/>\n<meta property=\"og:description\" content=\"\u017duta re\u0161etkasta vrata, \u017eute ru\u010dke, prirodne nogice i vrh... Ovaj cipelarnik unijet \u0107e da\u0161ak prirode u va\u0161 dom. Savr\u0161ena je kao zabavna klupa u va\u0161em hodniku i spava\u0107oj sobi.Pet borovih nogu daje dodatnu sigurnost. Uklju\u010duje za\u0161titu od filca za za\u0161titu od ogrebotina. Ve\u0107ina robota za \u010di\u0161\u0107enje mo\u017ee dolaziti i odlaziti kad ho\u0107e jer su noge visoke 10 cm.Materijal ormari\u0107a za cipele je siguran MDF, stabilni su i izdr\u017eljivi.Njegove \u010detiri noge izra\u0111ene su od bambusa koji je vrlo izdr\u017eljiv i mo\u017ee izdr\u017eati vi\u0161estruka optere\u0107enja.Ovaj ormari\u0107 za cipele ima 4 pretinca iza 2 vrata. 2 police iza vrata mogu se podesiti na tri visine, tako da mo\u017eete pohraniti razli\u010dite cipele i predmete u ovaj ormari\u0107 za cipele.Voljet \u0107ete do\u0107i ku\u0107i gdje ne morate brinuti o neredu. Prakti\u010dan ormari\u0107 za cipele \u010desto je ve\u0107i luksuz nego imati mnogo lijepih cipela.\" \/>\n<meta property=\"og:url\" content=\"https:\/\/inti.hr\/bs\/proizvod\/ormaric-za-cipele-s-klupom-fsr\/\" \/>\n<meta property=\"og:site_name\" content=\"Inti\" \/>\n<meta property=\"og:image\" content=\"https:\/\/i0.wp.com\/inti.hr\/wp-content\/uploads\/2022\/09\/FSR103-WN-Y003.webp?fit=1600%2C1600&ssl=1\" \/>\n\t<meta property=\"og:image:width\" content=\"1600\" \/>\n\t<meta property=\"og:image:height\" content=\"1600\" \/>\n\t<meta property=\"og:image:type\" content=\"image\/webp\" \/>\n<meta name=\"twitter:card\" content=\"summary_large_image\" \/>\n<script type=\"application\/ld+json\" class=\"yoast-schema-graph\">{\"@context\":\"https:\/\/schema.org\",\"@graph\":[{\"@type\":\"WebPage\",\"@id\":\"https:\/\/inti.hr\/bs\/proizvod\/ormaric-za-cipele-s-klupom-fsr\/\",\"url\":\"https:\/\/inti.hr\/bs\/proizvod\/ormaric-za-cipele-s-klupom-fsr\/\",\"name\":\"Ormari\u0107 za cipele s klupom FSR - Inti\",\"isPartOf\":{\"@id\":\"https:\/\/inti.hr\/bs\/#website\"},\"primaryImageOfPage\":{\"@id\":\"https:\/\/inti.hr\/bs\/proizvod\/ormaric-za-cipele-s-klupom-fsr\/#primaryimage\"},\"image\":{\"@id\":\"https:\/\/inti.hr\/bs\/proizvod\/ormaric-za-cipele-s-klupom-fsr\/#primaryimage\"},\"thumbnailUrl\":\"https:\/\/i0.wp.com\/inti.hr\/wp-content\/uploads\/2022\/09\/FSR103-WN-Y003.webp?fit=1600%2C1600&ssl=1\",\"datePublished\":\"2022-09-21T08:11:15+00:00\",\"dateModified\":\"2022-09-21T08:11:15+00:00\",\"description\":\"\u017duta re\u0161etkasta vrata, \u017eute ru\u010dke, prirodne nogice i vrh... Ovaj cipelarnik unijet \u0107e da\u0161ak prirode u va\u0161 dom. Savr\u0161ena je kao zabavna klupa u va\u0161em hodniku i spava\u0107oj sobi.Pet borovih nogu daje dodatnu sigurnost. Uklju\u010duje za\u0161titu od filca za za\u0161titu od ogrebotina. Ve\u0107ina robota za \u010di\u0161\u0107enje mo\u017ee dolaziti i odlaziti kad ho\u0107e jer su noge visoke 10 cm.Materijal ormari\u0107a za cipele je siguran MDF, stabilni su i izdr\u017eljivi.Njegove \u010detiri noge izra\u0111ene su od bambusa koji je vrlo izdr\u017eljiv i mo\u017ee izdr\u017eati vi\u0161estruka optere\u0107enja.Ovaj ormari\u0107 za cipele ima 4 pretinca iza 2 vrata. 2 police iza vrata mogu se podesiti na tri visine, tako da mo\u017eete pohraniti razli\u010dite cipele i predmete u ovaj ormari\u0107 za cipele.Voljet \u0107ete do\u0107i ku\u0107i gdje ne morate brinuti o neredu. Prakti\u010dan ormari\u0107 za cipele \u010desto je ve\u0107i luksuz nego imati mnogo lijepih cipela.\",\"breadcrumb\":{\"@id\":\"https:\/\/inti.hr\/bs\/proizvod\/ormaric-za-cipele-s-klupom-fsr\/#breadcrumb\"},\"inLanguage\":\"bs-BA\",\"potentialAction\":[{\"@type\":\"ReadAction\",\"target\":[\"https:\/\/inti.hr\/bs\/proizvod\/ormaric-za-cipele-s-klupom-fsr\/\"]}]},{\"@type\":\"ImageObject\",\"inLanguage\":\"bs-BA\",\"@id\":\"https:\/\/inti.hr\/bs\/proizvod\/ormaric-za-cipele-s-klupom-fsr\/#primaryimage\",\"url\":\"https:\/\/i0.wp.com\/inti.hr\/wp-content\/uploads\/2022\/09\/FSR103-WN-Y003.webp?fit=1600%2C1600&ssl=1\",\"contentUrl\":\"https:\/\/i0.wp.com\/inti.hr\/wp-content\/uploads\/2022\/09\/FSR103-WN-Y003.webp?fit=1600%2C1600&ssl=1\",\"width\":1600,\"height\":1600},{\"@type\":\"BreadcrumbList\",\"@id\":\"https:\/\/inti.hr\/bs\/proizvod\/ormaric-za-cipele-s-klupom-fsr\/#breadcrumb\",\"itemListElement\":[{\"@type\":\"ListItem\",\"position\":1,\"name\":\"Po\u010detna stranica\",\"item\":\"https:\/\/inti.hr\/bs\/\"},{\"@type\":\"ListItem\",\"position\":2,\"name\":\"Trgovina\",\"item\":\"https:\/\/inti.hr\/bs\/trgovina\/\"},{\"@type\":\"ListItem\",\"position\":3,\"name\":\"Ormari\u0107 za cipele s klupom FSR\"}]},{\"@type\":\"WebSite\",\"@id\":\"https:\/\/inti.hr\/bs\/#website\",\"url\":\"https:\/\/inti.hr\/bs\/\",\"name\":\"Inti\",\"description\":\"trgovina\",\"potentialAction\":[{\"@type\":\"SearchAction\",\"target\":{\"@type\":\"EntryPoint\",\"urlTemplate\":\"https:\/\/inti.hr\/bs\/?s={search_term_string}\"},\"query-input\":{\"@type\":\"PropertyValueSpecification\",\"valueRequired\":true,\"valueName\":\"search_term_string\"}}],\"inLanguage\":\"bs-BA\"}]}<\/script>\n<!-- \/ Yoast SEO plugin. -->","yoast_head_json":{"title":"Ormari\u0107 za cipele s klupom FSR - Inti","description":"\u017duta re\u0161etkasta vrata, \u017eute ru\u010dke, prirodne nogice i vrh... Ovaj cipelarnik unijet \u0107e da\u0161ak prirode u va\u0161 dom. Savr\u0161ena je kao zabavna klupa u va\u0161em hodniku i spava\u0107oj sobi.Pet borovih nogu daje dodatnu sigurnost. Uklju\u010duje za\u0161titu od filca za za\u0161titu od ogrebotina. Ve\u0107ina robota za \u010di\u0161\u0107enje mo\u017ee dolaziti i odlaziti kad ho\u0107e jer su noge visoke 10 cm.Materijal ormari\u0107a za cipele je siguran MDF, stabilni su i izdr\u017eljivi.Njegove \u010detiri noge izra\u0111ene su od bambusa koji je vrlo izdr\u017eljiv i mo\u017ee izdr\u017eati vi\u0161estruka optere\u0107enja.Ovaj ormari\u0107 za cipele ima 4 pretinca iza 2 vrata. 2 police iza vrata mogu se podesiti na tri visine, tako da mo\u017eete pohraniti razli\u010dite cipele i predmete u ovaj ormari\u0107 za cipele.Voljet \u0107ete do\u0107i ku\u0107i gdje ne morate brinuti o neredu. Prakti\u010dan ormari\u0107 za cipele \u010desto je ve\u0107i luksuz nego imati mnogo lijepih cipela.","robots":{"index":"index","follow":"follow","max-snippet":"max-snippet:-1","max-image-preview":"max-image-preview:large","max-video-preview":"max-video-preview:-1"},"canonical":"https:\/\/inti.hr\/bs\/proizvod\/ormaric-za-cipele-s-klupom-fsr\/","og_locale":"bs_BA","og_type":"article","og_title":"Ormari\u0107 za cipele s klupom FSR - Inti","og_description":"\u017duta re\u0161etkasta vrata, \u017eute ru\u010dke, prirodne nogice i vrh... Ovaj cipelarnik unijet \u0107e da\u0161ak prirode u va\u0161 dom. Savr\u0161ena je kao zabavna klupa u va\u0161em hodniku i spava\u0107oj sobi.Pet borovih nogu daje dodatnu sigurnost. Uklju\u010duje za\u0161titu od filca za za\u0161titu od ogrebotina. Ve\u0107ina robota za \u010di\u0161\u0107enje mo\u017ee dolaziti i odlaziti kad ho\u0107e jer su noge visoke 10 cm.Materijal ormari\u0107a za cipele je siguran MDF, stabilni su i izdr\u017eljivi.Njegove \u010detiri noge izra\u0111ene su od bambusa koji je vrlo izdr\u017eljiv i mo\u017ee izdr\u017eati vi\u0161estruka optere\u0107enja.Ovaj ormari\u0107 za cipele ima 4 pretinca iza 2 vrata. 2 police iza vrata mogu se podesiti na tri visine, tako da mo\u017eete pohraniti razli\u010dite cipele i predmete u ovaj ormari\u0107 za cipele.Voljet \u0107ete do\u0107i ku\u0107i gdje ne morate brinuti o neredu. Prakti\u010dan ormari\u0107 za cipele \u010desto je ve\u0107i luksuz nego imati mnogo lijepih cipela.","og_url":"https:\/\/inti.hr\/bs\/proizvod\/ormaric-za-cipele-s-klupom-fsr\/","og_site_name":"Inti","og_image":[{"width":1600,"height":1600,"url":"https:\/\/i0.wp.com\/inti.hr\/wp-content\/uploads\/2022\/09\/FSR103-WN-Y003.webp?fit=1600%2C1600&ssl=1","type":"image\/webp"}],"twitter_card":"summary_large_image","schema":{"@context":"https:\/\/schema.org","@graph":[{"@type":"WebPage","@id":"https:\/\/inti.hr\/bs\/proizvod\/ormaric-za-cipele-s-klupom-fsr\/","url":"https:\/\/inti.hr\/bs\/proizvod\/ormaric-za-cipele-s-klupom-fsr\/","name":"Ormari\u0107 za cipele s klupom FSR - Inti","isPartOf":{"@id":"https:\/\/inti.hr\/bs\/#website"},"primaryImageOfPage":{"@id":"https:\/\/inti.hr\/bs\/proizvod\/ormaric-za-cipele-s-klupom-fsr\/#primaryimage"},"image":{"@id":"https:\/\/inti.hr\/bs\/proizvod\/ormaric-za-cipele-s-klupom-fsr\/#primaryimage"},"thumbnailUrl":"https:\/\/i0.wp.com\/inti.hr\/wp-content\/uploads\/2022\/09\/FSR103-WN-Y003.webp?fit=1600%2C1600&ssl=1","datePublished":"2022-09-21T08:11:15+00:00","dateModified":"2022-09-21T08:11:15+00:00","description":"\u017duta re\u0161etkasta vrata, \u017eute ru\u010dke, prirodne nogice i vrh... Ovaj cipelarnik unijet \u0107e da\u0161ak prirode u va\u0161 dom. Savr\u0161ena je kao zabavna klupa u va\u0161em hodniku i spava\u0107oj sobi.Pet borovih nogu daje dodatnu sigurnost. Uklju\u010duje za\u0161titu od filca za za\u0161titu od ogrebotina. Ve\u0107ina robota za \u010di\u0161\u0107enje mo\u017ee dolaziti i odlaziti kad ho\u0107e jer su noge visoke 10 cm.Materijal ormari\u0107a za cipele je siguran MDF, stabilni su i izdr\u017eljivi.Njegove \u010detiri noge izra\u0111ene su od bambusa koji je vrlo izdr\u017eljiv i mo\u017ee izdr\u017eati vi\u0161estruka optere\u0107enja.Ovaj ormari\u0107 za cipele ima 4 pretinca iza 2 vrata. 2 police iza vrata mogu se podesiti na tri visine, tako da mo\u017eete pohraniti razli\u010dite cipele i predmete u ovaj ormari\u0107 za cipele.Voljet \u0107ete do\u0107i ku\u0107i gdje ne morate brinuti o neredu. Prakti\u010dan ormari\u0107 za cipele \u010desto je ve\u0107i luksuz nego imati mnogo lijepih cipela.","breadcrumb":{"@id":"https:\/\/inti.hr\/bs\/proizvod\/ormaric-za-cipele-s-klupom-fsr\/#breadcrumb"},"inLanguage":"bs-BA","potentialAction":[{"@type":"ReadAction","target":["https:\/\/inti.hr\/bs\/proizvod\/ormaric-za-cipele-s-klupom-fsr\/"]}]},{"@type":"ImageObject","inLanguage":"bs-BA","@id":"https:\/\/inti.hr\/bs\/proizvod\/ormaric-za-cipele-s-klupom-fsr\/#primaryimage","url":"https:\/\/i0.wp.com\/inti.hr\/wp-content\/uploads\/2022\/09\/FSR103-WN-Y003.webp?fit=1600%2C1600&ssl=1","contentUrl":"https:\/\/i0.wp.com\/inti.hr\/wp-content\/uploads\/2022\/09\/FSR103-WN-Y003.webp?fit=1600%2C1600&ssl=1","width":1600,"height":1600},{"@type":"BreadcrumbList","@id":"https:\/\/inti.hr\/bs\/proizvod\/ormaric-za-cipele-s-klupom-fsr\/#breadcrumb","itemListElement":[{"@type":"ListItem","position":1,"name":"Po\u010detna stranica","item":"https:\/\/inti.hr\/bs\/"},{"@type":"ListItem","position":2,"name":"Trgovina","item":"https:\/\/inti.hr\/bs\/trgovina\/"},{"@type":"ListItem","position":3,"name":"Ormari\u0107 za cipele s klupom FSR"}]},{"@type":"WebSite","@id":"https:\/\/inti.hr\/bs\/#website","url":"https:\/\/inti.hr\/bs\/","name":"Inti","description":"trgovina","potentialAction":[{"@type":"SearchAction","target":{"@type":"EntryPoint","urlTemplate":"https:\/\/inti.hr\/bs\/?s={search_term_string}"},"query-input":{"@type":"PropertyValueSpecification","valueRequired":true,"valueName":"search_term_string"}}],"inLanguage":"bs-BA"}]}},"jetpack_sharing_enabled":true,"jetpack-related-posts":[],"_links":{"self":[{"href":"https:\/\/inti.hr\/bs\/wp-json\/wp\/v2\/product\/36691"}],"collection":[{"href":"https:\/\/inti.hr\/bs\/wp-json\/wp\/v2\/product"}],"about":[{"href":"https:\/\/inti.hr\/bs\/wp-json\/wp\/v2\/types\/product"}],"wp:featuredmedia":[{"embeddable":true,"href":"https:\/\/inti.hr\/bs\/wp-json\/wp\/v2\/media\/36692"}],"wp:attachment":[{"href":"https:\/\/inti.hr\/bs\/wp-json\/wp\/v2\/media?parent=36691"}],"wp:term":[{"taxonomy":"product_cat","embeddable":true,"href":"https:\/\/inti.hr\/bs\/wp-json\/wp\/v2\/product_cat?post=36691"},{"taxonomy":"product_tag","embeddable":true,"href":"https:\/\/inti.hr\/bs\/wp-json\/wp\/v2\/product_tag?post=36691"}],"curies":[{"name":"wp","href":"https:\/\/api.w.org\/{rel}","templated":true}]}}