{"id":36719,"date":"2022-09-01T08:59:37","date_gmt":"2022-09-01T08:59:37","guid":{"rendered":"https:\/\/inti.hr\/product\/sustav-polica-s-12-odjeljaka\/"},"modified":"2022-09-01T08:59:37","modified_gmt":"2022-09-01T08:59:37","slug":"sustav-polica-s-12-odjeljaka","status":"publish","type":"product","link":"https:\/\/inti.hr\/bs\/proizvod\/sustav-polica-s-12-odjeljaka\/","title":{"rendered":"Sustav polica s 12 odjeljaka"},"content":{"rendered":"<p>Detalji proizvoda:<br \/>\n&#8211; Boja: Bijela<br \/>\n&#8211; Materijal: PP plasti\u010dni paneli, metalni \u017ei\u010dani okvir, ABS plasti\u010dni spojnici<br \/>\n&#8211; Veli\u010dina po kocki: 30 x 30 x 30 cm (D x \u0160 x V)<br \/>\n&#8211; Ukupna veli\u010dina: 93 x 31 x 123 cm (D x \u0160 x V)<br \/>\n&#8211; Te\u017eina: 8 kg<br \/>\n&#8211; Maks. stati\u010dko optere\u0107enje po odjeljku: 10 kg<br \/>\n&#8211; Maksimalna ukupna stati\u010dka nosivost: 80 kg<\/p>\n","protected":false},"excerpt":{"rendered":"<p>Izra\u0111en od \u010dvrstog metalnog \u017ei\u010danog okvira, PP plasti\u010dnih plo\u010da i visokokvalitetnih &#8230; <\/p>\n","protected":false},"featured_media":36720,"template":"","meta":[],"product_cat":[2632],"product_tag":[4902,4466,4903],"yoast_head":"<!-- This site is optimized with the Yoast SEO plugin v23.7 - https:\/\/yoast.com\/wordpress\/plugins\/seo\/ -->\n<title>Sustav polica s 12 odjeljaka - Inti<\/title>\n<meta name=\"description\" content=\"Izra\u0111en od \u010dvrstog metalnog \u017ei\u010danog okvira, PP plasti\u010dnih plo\u010da i visokokvalitetnih ABS plasti\u010dnih konektora, ovaj ormar ima veliku nosivost. Svaka kocka mo\u017ee primiti do 10 kg odje\u0107e ili obu\u0107e. Osim toga, za\u0161tita od prevrtanja osigurava dodatnu stabilnost i sigurnu upotrebu. Ova polica s 12 odjeljaka je idelana jer je zatvorena, ne zaboravite pri\u010dvrstiti njegove kuke za vrata. Sve \u0161to trebate u\u010diniti je umetnuti kraj kuke u obliku ki\u0161obrana u konektor. Zatvorite vrata i ne dajte pra\u0161ini priliku!\" \/>\n<meta name=\"robots\" content=\"index, follow, max-snippet:-1, max-image-preview:large, max-video-preview:-1\" \/>\n<link rel=\"canonical\" href=\"https:\/\/inti.hr\/bs\/proizvod\/sustav-polica-s-12-odjeljaka\/\" \/>\n<meta property=\"og:locale\" content=\"bs_BA\" \/>\n<meta property=\"og:type\" content=\"article\" \/>\n<meta property=\"og:title\" content=\"Sustav polica s 12 odjeljaka - Inti\" \/>\n<meta property=\"og:description\" content=\"Izra\u0111en od \u010dvrstog metalnog \u017ei\u010danog okvira, PP plasti\u010dnih plo\u010da i visokokvalitetnih ABS plasti\u010dnih konektora, ovaj ormar ima veliku nosivost. Svaka kocka mo\u017ee primiti do 10 kg odje\u0107e ili obu\u0107e. Osim toga, za\u0161tita od prevrtanja osigurava dodatnu stabilnost i sigurnu upotrebu. Ova polica s 12 odjeljaka je idelana jer je zatvorena, ne zaboravite pri\u010dvrstiti njegove kuke za vrata. Sve \u0161to trebate u\u010diniti je umetnuti kraj kuke u obliku ki\u0161obrana u konektor. Zatvorite vrata i ne dajte pra\u0161ini priliku!\" \/>\n<meta property=\"og:url\" content=\"https:\/\/inti.hr\/bs\/proizvod\/sustav-polica-s-12-odjeljaka\/\" \/>\n<meta property=\"og:site_name\" content=\"Inti\" \/>\n<meta property=\"og:image\" content=\"https:\/\/i0.wp.com\/inti.hr\/wp-content\/uploads\/2022\/09\/LPC342W01-2.jpg?fit=750%2C750&ssl=1\" \/>\n\t<meta property=\"og:image:width\" content=\"750\" \/>\n\t<meta property=\"og:image:height\" content=\"750\" \/>\n\t<meta property=\"og:image:type\" content=\"image\/jpeg\" \/>\n<meta name=\"twitter:card\" content=\"summary_large_image\" \/>\n<script type=\"application\/ld+json\" class=\"yoast-schema-graph\">{\"@context\":\"https:\/\/schema.org\",\"@graph\":[{\"@type\":\"WebPage\",\"@id\":\"https:\/\/inti.hr\/bs\/proizvod\/sustav-polica-s-12-odjeljaka\/\",\"url\":\"https:\/\/inti.hr\/bs\/proizvod\/sustav-polica-s-12-odjeljaka\/\",\"name\":\"Sustav polica s 12 odjeljaka - Inti\",\"isPartOf\":{\"@id\":\"https:\/\/inti.hr\/bs\/#website\"},\"primaryImageOfPage\":{\"@id\":\"https:\/\/inti.hr\/bs\/proizvod\/sustav-polica-s-12-odjeljaka\/#primaryimage\"},\"image\":{\"@id\":\"https:\/\/inti.hr\/bs\/proizvod\/sustav-polica-s-12-odjeljaka\/#primaryimage\"},\"thumbnailUrl\":\"https:\/\/i0.wp.com\/inti.hr\/wp-content\/uploads\/2022\/09\/LPC342W01-2.jpg?fit=750%2C750&ssl=1\",\"datePublished\":\"2022-09-01T08:59:37+00:00\",\"dateModified\":\"2022-09-01T08:59:37+00:00\",\"description\":\"Izra\u0111en od \u010dvrstog metalnog \u017ei\u010danog okvira, PP plasti\u010dnih plo\u010da i visokokvalitetnih ABS plasti\u010dnih konektora, ovaj ormar ima veliku nosivost. Svaka kocka mo\u017ee primiti do 10 kg odje\u0107e ili obu\u0107e. Osim toga, za\u0161tita od prevrtanja osigurava dodatnu stabilnost i sigurnu upotrebu. Ova polica s 12 odjeljaka je idelana jer je zatvorena, ne zaboravite pri\u010dvrstiti njegove kuke za vrata. Sve \u0161to trebate u\u010diniti je umetnuti kraj kuke u obliku ki\u0161obrana u konektor. Zatvorite vrata i ne dajte pra\u0161ini priliku!\",\"breadcrumb\":{\"@id\":\"https:\/\/inti.hr\/bs\/proizvod\/sustav-polica-s-12-odjeljaka\/#breadcrumb\"},\"inLanguage\":\"bs-BA\",\"potentialAction\":[{\"@type\":\"ReadAction\",\"target\":[\"https:\/\/inti.hr\/bs\/proizvod\/sustav-polica-s-12-odjeljaka\/\"]}]},{\"@type\":\"ImageObject\",\"inLanguage\":\"bs-BA\",\"@id\":\"https:\/\/inti.hr\/bs\/proizvod\/sustav-polica-s-12-odjeljaka\/#primaryimage\",\"url\":\"https:\/\/i0.wp.com\/inti.hr\/wp-content\/uploads\/2022\/09\/LPC342W01-2.jpg?fit=750%2C750&ssl=1\",\"contentUrl\":\"https:\/\/i0.wp.com\/inti.hr\/wp-content\/uploads\/2022\/09\/LPC342W01-2.jpg?fit=750%2C750&ssl=1\",\"width\":750,\"height\":750},{\"@type\":\"BreadcrumbList\",\"@id\":\"https:\/\/inti.hr\/bs\/proizvod\/sustav-polica-s-12-odjeljaka\/#breadcrumb\",\"itemListElement\":[{\"@type\":\"ListItem\",\"position\":1,\"name\":\"Po\u010detna stranica\",\"item\":\"https:\/\/inti.hr\/bs\/\"},{\"@type\":\"ListItem\",\"position\":2,\"name\":\"Trgovina\",\"item\":\"https:\/\/inti.hr\/bs\/trgovina\/\"},{\"@type\":\"ListItem\",\"position\":3,\"name\":\"Sustav polica s 12 odjeljaka\"}]},{\"@type\":\"WebSite\",\"@id\":\"https:\/\/inti.hr\/bs\/#website\",\"url\":\"https:\/\/inti.hr\/bs\/\",\"name\":\"Inti\",\"description\":\"trgovina\",\"potentialAction\":[{\"@type\":\"SearchAction\",\"target\":{\"@type\":\"EntryPoint\",\"urlTemplate\":\"https:\/\/inti.hr\/bs\/?s={search_term_string}\"},\"query-input\":{\"@type\":\"PropertyValueSpecification\",\"valueRequired\":true,\"valueName\":\"search_term_string\"}}],\"inLanguage\":\"bs-BA\"}]}<\/script>\n<!-- \/ Yoast SEO plugin. -->","yoast_head_json":{"title":"Sustav polica s 12 odjeljaka - Inti","description":"Izra\u0111en od \u010dvrstog metalnog \u017ei\u010danog okvira, PP plasti\u010dnih plo\u010da i visokokvalitetnih ABS plasti\u010dnih konektora, ovaj ormar ima veliku nosivost. Svaka kocka mo\u017ee primiti do 10 kg odje\u0107e ili obu\u0107e. Osim toga, za\u0161tita od prevrtanja osigurava dodatnu stabilnost i sigurnu upotrebu. Ova polica s 12 odjeljaka je idelana jer je zatvorena, ne zaboravite pri\u010dvrstiti njegove kuke za vrata. Sve \u0161to trebate u\u010diniti je umetnuti kraj kuke u obliku ki\u0161obrana u konektor. Zatvorite vrata i ne dajte pra\u0161ini priliku!","robots":{"index":"index","follow":"follow","max-snippet":"max-snippet:-1","max-image-preview":"max-image-preview:large","max-video-preview":"max-video-preview:-1"},"canonical":"https:\/\/inti.hr\/bs\/proizvod\/sustav-polica-s-12-odjeljaka\/","og_locale":"bs_BA","og_type":"article","og_title":"Sustav polica s 12 odjeljaka - Inti","og_description":"Izra\u0111en od \u010dvrstog metalnog \u017ei\u010danog okvira, PP plasti\u010dnih plo\u010da i visokokvalitetnih ABS plasti\u010dnih konektora, ovaj ormar ima veliku nosivost. Svaka kocka mo\u017ee primiti do 10 kg odje\u0107e ili obu\u0107e. Osim toga, za\u0161tita od prevrtanja osigurava dodatnu stabilnost i sigurnu upotrebu. Ova polica s 12 odjeljaka je idelana jer je zatvorena, ne zaboravite pri\u010dvrstiti njegove kuke za vrata. Sve \u0161to trebate u\u010diniti je umetnuti kraj kuke u obliku ki\u0161obrana u konektor. Zatvorite vrata i ne dajte pra\u0161ini priliku!","og_url":"https:\/\/inti.hr\/bs\/proizvod\/sustav-polica-s-12-odjeljaka\/","og_site_name":"Inti","og_image":[{"width":750,"height":750,"url":"https:\/\/i0.wp.com\/inti.hr\/wp-content\/uploads\/2022\/09\/LPC342W01-2.jpg?fit=750%2C750&ssl=1","type":"image\/jpeg"}],"twitter_card":"summary_large_image","schema":{"@context":"https:\/\/schema.org","@graph":[{"@type":"WebPage","@id":"https:\/\/inti.hr\/bs\/proizvod\/sustav-polica-s-12-odjeljaka\/","url":"https:\/\/inti.hr\/bs\/proizvod\/sustav-polica-s-12-odjeljaka\/","name":"Sustav polica s 12 odjeljaka - Inti","isPartOf":{"@id":"https:\/\/inti.hr\/bs\/#website"},"primaryImageOfPage":{"@id":"https:\/\/inti.hr\/bs\/proizvod\/sustav-polica-s-12-odjeljaka\/#primaryimage"},"image":{"@id":"https:\/\/inti.hr\/bs\/proizvod\/sustav-polica-s-12-odjeljaka\/#primaryimage"},"thumbnailUrl":"https:\/\/i0.wp.com\/inti.hr\/wp-content\/uploads\/2022\/09\/LPC342W01-2.jpg?fit=750%2C750&ssl=1","datePublished":"2022-09-01T08:59:37+00:00","dateModified":"2022-09-01T08:59:37+00:00","description":"Izra\u0111en od \u010dvrstog metalnog \u017ei\u010danog okvira, PP plasti\u010dnih plo\u010da i visokokvalitetnih ABS plasti\u010dnih konektora, ovaj ormar ima veliku nosivost. Svaka kocka mo\u017ee primiti do 10 kg odje\u0107e ili obu\u0107e. Osim toga, za\u0161tita od prevrtanja osigurava dodatnu stabilnost i sigurnu upotrebu. Ova polica s 12 odjeljaka je idelana jer je zatvorena, ne zaboravite pri\u010dvrstiti njegove kuke za vrata. Sve \u0161to trebate u\u010diniti je umetnuti kraj kuke u obliku ki\u0161obrana u konektor. Zatvorite vrata i ne dajte pra\u0161ini priliku!","breadcrumb":{"@id":"https:\/\/inti.hr\/bs\/proizvod\/sustav-polica-s-12-odjeljaka\/#breadcrumb"},"inLanguage":"bs-BA","potentialAction":[{"@type":"ReadAction","target":["https:\/\/inti.hr\/bs\/proizvod\/sustav-polica-s-12-odjeljaka\/"]}]},{"@type":"ImageObject","inLanguage":"bs-BA","@id":"https:\/\/inti.hr\/bs\/proizvod\/sustav-polica-s-12-odjeljaka\/#primaryimage","url":"https:\/\/i0.wp.com\/inti.hr\/wp-content\/uploads\/2022\/09\/LPC342W01-2.jpg?fit=750%2C750&ssl=1","contentUrl":"https:\/\/i0.wp.com\/inti.hr\/wp-content\/uploads\/2022\/09\/LPC342W01-2.jpg?fit=750%2C750&ssl=1","width":750,"height":750},{"@type":"BreadcrumbList","@id":"https:\/\/inti.hr\/bs\/proizvod\/sustav-polica-s-12-odjeljaka\/#breadcrumb","itemListElement":[{"@type":"ListItem","position":1,"name":"Po\u010detna stranica","item":"https:\/\/inti.hr\/bs\/"},{"@type":"ListItem","position":2,"name":"Trgovina","item":"https:\/\/inti.hr\/bs\/trgovina\/"},{"@type":"ListItem","position":3,"name":"Sustav polica s 12 odjeljaka"}]},{"@type":"WebSite","@id":"https:\/\/inti.hr\/bs\/#website","url":"https:\/\/inti.hr\/bs\/","name":"Inti","description":"trgovina","potentialAction":[{"@type":"SearchAction","target":{"@type":"EntryPoint","urlTemplate":"https:\/\/inti.hr\/bs\/?s={search_term_string}"},"query-input":{"@type":"PropertyValueSpecification","valueRequired":true,"valueName":"search_term_string"}}],"inLanguage":"bs-BA"}]}},"jetpack_sharing_enabled":true,"jetpack-related-posts":[],"_links":{"self":[{"href":"https:\/\/inti.hr\/bs\/wp-json\/wp\/v2\/product\/36719"}],"collection":[{"href":"https:\/\/inti.hr\/bs\/wp-json\/wp\/v2\/product"}],"about":[{"href":"https:\/\/inti.hr\/bs\/wp-json\/wp\/v2\/types\/product"}],"wp:featuredmedia":[{"embeddable":true,"href":"https:\/\/inti.hr\/bs\/wp-json\/wp\/v2\/media\/36720"}],"wp:attachment":[{"href":"https:\/\/inti.hr\/bs\/wp-json\/wp\/v2\/media?parent=36719"}],"wp:term":[{"taxonomy":"product_cat","embeddable":true,"href":"https:\/\/inti.hr\/bs\/wp-json\/wp\/v2\/product_cat?post=36719"},{"taxonomy":"product_tag","embeddable":true,"href":"https:\/\/inti.hr\/bs\/wp-json\/wp\/v2\/product_tag?post=36719"}],"curies":[{"name":"wp","href":"https:\/\/api.w.org\/{rel}","templated":true}]}}