{"id":36727,"date":"2022-08-30T07:19:54","date_gmt":"2022-08-30T07:19:54","guid":{"rendered":"https:\/\/inti.hr\/product\/set-od-2-barske-stolice-s-naslonom-pu-materijal\/"},"modified":"2022-08-30T07:19:54","modified_gmt":"2022-08-30T07:19:54","slug":"set-od-2-barske-stolice-s-naslonom-pu-materijal","status":"publish","type":"product","link":"https:\/\/inti.hr\/bs\/proizvod\/set-od-2-barske-stolice-s-naslonom-pu-materijal\/","title":{"rendered":"Set od 2 barske stolice s naslonom PU materijal"},"content":{"rendered":"<p>Detalji proizvoda:<\/p>\n<ul>\n<li>Materijal: PU + PP, metal<\/li>\n<li>Ukupna veli\u010dina: 41 x 59,5 &#8211; 71 x 39 cm (\u0160 x V x D)<\/li>\n<li>Sjedalo: 33 x 39 cm (\u0160 x D)<\/li>\n<li>Ukupna visina: 59,5 &#8211; 71 cm;\u00a0Visina sjedala: 37,5 &#8211; 49 cm<\/li>\n<li>Visina naslona: 25 cm<\/li>\n<li>Promjer stalka: 38,5 cm<\/li>\n<li>Neto te\u017eina: 4,45 kg<\/li>\n<li>Bruto te\u017eina: 5 kg<\/li>\n<li>Maks.\u00a0Stati\u010dko optere\u0107enje: 120 kg<\/li>\n<li>Paket uklju\u010duje: 2x barske stolice<\/li>\n<\/ul>\n","protected":false},"excerpt":{"rendered":"<ul>\n<li>Dizajnerski barski stolci kao prekrasan privla\u010dan pogled za va\u0161 dom.<\/li>\n<p> &#8230; <\/p>\n","protected":false},"featured_media":36728,"template":"","meta":[],"product_cat":[2570],"product_tag":[2626,3998,3692,3999],"yoast_head":"<!-- This site is optimized with the Yoast SEO plugin v23.7 - https:\/\/yoast.com\/wordpress\/plugins\/seo\/ -->\n<title>Set od 2 barske stolice s naslonom PU materijal - Inti<\/title>\n<meta name=\"description\" content=\"Dizajnerski barski stolci kao prekrasan privla\u010dan pogled za va\u0161 dom. Udobno sjedenje zahvaljuju\u0107i dobro podstavljenom sjedalu od PU materijala. Beskona\u010dno podesiv po visini i slobodno rotiraju\u0107i za 360\u00b0.Ergonomski zaobljeni kutovi i rubovi. Stabilna i kvalitetna izrada.Brza i jednostavna monta\u017ea. Klasi\u010dan dizajn.\" \/>\n<meta name=\"robots\" content=\"index, follow, max-snippet:-1, max-image-preview:large, max-video-preview:-1\" \/>\n<link rel=\"canonical\" href=\"https:\/\/inti.hr\/bs\/proizvod\/set-od-2-barske-stolice-s-naslonom-pu-materijal\/\" \/>\n<meta property=\"og:locale\" content=\"bs_BA\" \/>\n<meta property=\"og:type\" content=\"article\" \/>\n<meta property=\"og:title\" content=\"Set od 2 barske stolice s naslonom PU materijal - Inti\" \/>\n<meta property=\"og:description\" content=\"Dizajnerski barski stolci kao prekrasan privla\u010dan pogled za va\u0161 dom. Udobno sjedenje zahvaljuju\u0107i dobro podstavljenom sjedalu od PU materijala. Beskona\u010dno podesiv po visini i slobodno rotiraju\u0107i za 360\u00b0.Ergonomski zaobljeni kutovi i rubovi. Stabilna i kvalitetna izrada.Brza i jednostavna monta\u017ea. Klasi\u010dan dizajn.\" \/>\n<meta property=\"og:url\" content=\"https:\/\/inti.hr\/bs\/proizvod\/set-od-2-barske-stolice-s-naslonom-pu-materijal\/\" \/>\n<meta property=\"og:site_name\" content=\"Inti\" \/>\n<meta property=\"og:image\" content=\"https:\/\/i0.wp.com\/inti.hr\/wp-content\/uploads\/2022\/08\/2er-Set-Barhocker-Barsessel-mit-Lehne-PU-Material-Modell-Elena-BH304sz-2-schwarz2_600x600.jpg?fit=600%2C600&ssl=1\" \/>\n\t<meta property=\"og:image:width\" content=\"600\" \/>\n\t<meta property=\"og:image:height\" content=\"600\" \/>\n\t<meta property=\"og:image:type\" content=\"image\/jpeg\" \/>\n<meta name=\"twitter:card\" content=\"summary_large_image\" \/>\n<meta name=\"twitter:label1\" content=\"Est. reading time\" \/>\n\t<meta name=\"twitter:data1\" content=\"1 minuta\" \/>\n<script type=\"application\/ld+json\" class=\"yoast-schema-graph\">{\"@context\":\"https:\/\/schema.org\",\"@graph\":[{\"@type\":\"WebPage\",\"@id\":\"https:\/\/inti.hr\/bs\/proizvod\/set-od-2-barske-stolice-s-naslonom-pu-materijal\/\",\"url\":\"https:\/\/inti.hr\/bs\/proizvod\/set-od-2-barske-stolice-s-naslonom-pu-materijal\/\",\"name\":\"Set od 2 barske stolice s naslonom PU materijal - Inti\",\"isPartOf\":{\"@id\":\"https:\/\/inti.hr\/bs\/#website\"},\"primaryImageOfPage\":{\"@id\":\"https:\/\/inti.hr\/bs\/proizvod\/set-od-2-barske-stolice-s-naslonom-pu-materijal\/#primaryimage\"},\"image\":{\"@id\":\"https:\/\/inti.hr\/bs\/proizvod\/set-od-2-barske-stolice-s-naslonom-pu-materijal\/#primaryimage\"},\"thumbnailUrl\":\"https:\/\/i0.wp.com\/inti.hr\/wp-content\/uploads\/2022\/08\/2er-Set-Barhocker-Barsessel-mit-Lehne-PU-Material-Modell-Elena-BH304sz-2-schwarz2_600x600.jpg?fit=600%2C600&ssl=1\",\"datePublished\":\"2022-08-30T07:19:54+00:00\",\"dateModified\":\"2022-08-30T07:19:54+00:00\",\"description\":\"Dizajnerski barski stolci kao prekrasan privla\u010dan pogled za va\u0161 dom. Udobno sjedenje zahvaljuju\u0107i dobro podstavljenom sjedalu od PU materijala. Beskona\u010dno podesiv po visini i slobodno rotiraju\u0107i za 360\u00b0.Ergonomski zaobljeni kutovi i rubovi. Stabilna i kvalitetna izrada.Brza i jednostavna monta\u017ea. Klasi\u010dan dizajn.\",\"breadcrumb\":{\"@id\":\"https:\/\/inti.hr\/bs\/proizvod\/set-od-2-barske-stolice-s-naslonom-pu-materijal\/#breadcrumb\"},\"inLanguage\":\"bs-BA\",\"potentialAction\":[{\"@type\":\"ReadAction\",\"target\":[\"https:\/\/inti.hr\/bs\/proizvod\/set-od-2-barske-stolice-s-naslonom-pu-materijal\/\"]}]},{\"@type\":\"ImageObject\",\"inLanguage\":\"bs-BA\",\"@id\":\"https:\/\/inti.hr\/bs\/proizvod\/set-od-2-barske-stolice-s-naslonom-pu-materijal\/#primaryimage\",\"url\":\"https:\/\/i0.wp.com\/inti.hr\/wp-content\/uploads\/2022\/08\/2er-Set-Barhocker-Barsessel-mit-Lehne-PU-Material-Modell-Elena-BH304sz-2-schwarz2_600x600.jpg?fit=600%2C600&ssl=1\",\"contentUrl\":\"https:\/\/i0.wp.com\/inti.hr\/wp-content\/uploads\/2022\/08\/2er-Set-Barhocker-Barsessel-mit-Lehne-PU-Material-Modell-Elena-BH304sz-2-schwarz2_600x600.jpg?fit=600%2C600&ssl=1\",\"width\":600,\"height\":600},{\"@type\":\"BreadcrumbList\",\"@id\":\"https:\/\/inti.hr\/bs\/proizvod\/set-od-2-barske-stolice-s-naslonom-pu-materijal\/#breadcrumb\",\"itemListElement\":[{\"@type\":\"ListItem\",\"position\":1,\"name\":\"Po\u010detna stranica\",\"item\":\"https:\/\/inti.hr\/bs\/\"},{\"@type\":\"ListItem\",\"position\":2,\"name\":\"Trgovina\",\"item\":\"https:\/\/inti.hr\/bs\/trgovina\/\"},{\"@type\":\"ListItem\",\"position\":3,\"name\":\"Set od 2 barske stolice s naslonom PU materijal\"}]},{\"@type\":\"WebSite\",\"@id\":\"https:\/\/inti.hr\/bs\/#website\",\"url\":\"https:\/\/inti.hr\/bs\/\",\"name\":\"Inti\",\"description\":\"trgovina\",\"potentialAction\":[{\"@type\":\"SearchAction\",\"target\":{\"@type\":\"EntryPoint\",\"urlTemplate\":\"https:\/\/inti.hr\/bs\/?s={search_term_string}\"},\"query-input\":{\"@type\":\"PropertyValueSpecification\",\"valueRequired\":true,\"valueName\":\"search_term_string\"}}],\"inLanguage\":\"bs-BA\"}]}<\/script>\n<!-- \/ Yoast SEO plugin. -->","yoast_head_json":{"title":"Set od 2 barske stolice s naslonom PU materijal - Inti","description":"Dizajnerski barski stolci kao prekrasan privla\u010dan pogled za va\u0161 dom. Udobno sjedenje zahvaljuju\u0107i dobro podstavljenom sjedalu od PU materijala. Beskona\u010dno podesiv po visini i slobodno rotiraju\u0107i za 360\u00b0.Ergonomski zaobljeni kutovi i rubovi. Stabilna i kvalitetna izrada.Brza i jednostavna monta\u017ea. Klasi\u010dan dizajn.","robots":{"index":"index","follow":"follow","max-snippet":"max-snippet:-1","max-image-preview":"max-image-preview:large","max-video-preview":"max-video-preview:-1"},"canonical":"https:\/\/inti.hr\/bs\/proizvod\/set-od-2-barske-stolice-s-naslonom-pu-materijal\/","og_locale":"bs_BA","og_type":"article","og_title":"Set od 2 barske stolice s naslonom PU materijal - Inti","og_description":"Dizajnerski barski stolci kao prekrasan privla\u010dan pogled za va\u0161 dom. Udobno sjedenje zahvaljuju\u0107i dobro podstavljenom sjedalu od PU materijala. Beskona\u010dno podesiv po visini i slobodno rotiraju\u0107i za 360\u00b0.Ergonomski zaobljeni kutovi i rubovi. Stabilna i kvalitetna izrada.Brza i jednostavna monta\u017ea. Klasi\u010dan dizajn.","og_url":"https:\/\/inti.hr\/bs\/proizvod\/set-od-2-barske-stolice-s-naslonom-pu-materijal\/","og_site_name":"Inti","og_image":[{"width":600,"height":600,"url":"https:\/\/i0.wp.com\/inti.hr\/wp-content\/uploads\/2022\/08\/2er-Set-Barhocker-Barsessel-mit-Lehne-PU-Material-Modell-Elena-BH304sz-2-schwarz2_600x600.jpg?fit=600%2C600&ssl=1","type":"image\/jpeg"}],"twitter_card":"summary_large_image","twitter_misc":{"Est. reading time":"1 minuta"},"schema":{"@context":"https:\/\/schema.org","@graph":[{"@type":"WebPage","@id":"https:\/\/inti.hr\/bs\/proizvod\/set-od-2-barske-stolice-s-naslonom-pu-materijal\/","url":"https:\/\/inti.hr\/bs\/proizvod\/set-od-2-barske-stolice-s-naslonom-pu-materijal\/","name":"Set od 2 barske stolice s naslonom PU materijal - Inti","isPartOf":{"@id":"https:\/\/inti.hr\/bs\/#website"},"primaryImageOfPage":{"@id":"https:\/\/inti.hr\/bs\/proizvod\/set-od-2-barske-stolice-s-naslonom-pu-materijal\/#primaryimage"},"image":{"@id":"https:\/\/inti.hr\/bs\/proizvod\/set-od-2-barske-stolice-s-naslonom-pu-materijal\/#primaryimage"},"thumbnailUrl":"https:\/\/i0.wp.com\/inti.hr\/wp-content\/uploads\/2022\/08\/2er-Set-Barhocker-Barsessel-mit-Lehne-PU-Material-Modell-Elena-BH304sz-2-schwarz2_600x600.jpg?fit=600%2C600&ssl=1","datePublished":"2022-08-30T07:19:54+00:00","dateModified":"2022-08-30T07:19:54+00:00","description":"Dizajnerski barski stolci kao prekrasan privla\u010dan pogled za va\u0161 dom. Udobno sjedenje zahvaljuju\u0107i dobro podstavljenom sjedalu od PU materijala. Beskona\u010dno podesiv po visini i slobodno rotiraju\u0107i za 360\u00b0.Ergonomski zaobljeni kutovi i rubovi. Stabilna i kvalitetna izrada.Brza i jednostavna monta\u017ea. Klasi\u010dan dizajn.","breadcrumb":{"@id":"https:\/\/inti.hr\/bs\/proizvod\/set-od-2-barske-stolice-s-naslonom-pu-materijal\/#breadcrumb"},"inLanguage":"bs-BA","potentialAction":[{"@type":"ReadAction","target":["https:\/\/inti.hr\/bs\/proizvod\/set-od-2-barske-stolice-s-naslonom-pu-materijal\/"]}]},{"@type":"ImageObject","inLanguage":"bs-BA","@id":"https:\/\/inti.hr\/bs\/proizvod\/set-od-2-barske-stolice-s-naslonom-pu-materijal\/#primaryimage","url":"https:\/\/i0.wp.com\/inti.hr\/wp-content\/uploads\/2022\/08\/2er-Set-Barhocker-Barsessel-mit-Lehne-PU-Material-Modell-Elena-BH304sz-2-schwarz2_600x600.jpg?fit=600%2C600&ssl=1","contentUrl":"https:\/\/i0.wp.com\/inti.hr\/wp-content\/uploads\/2022\/08\/2er-Set-Barhocker-Barsessel-mit-Lehne-PU-Material-Modell-Elena-BH304sz-2-schwarz2_600x600.jpg?fit=600%2C600&ssl=1","width":600,"height":600},{"@type":"BreadcrumbList","@id":"https:\/\/inti.hr\/bs\/proizvod\/set-od-2-barske-stolice-s-naslonom-pu-materijal\/#breadcrumb","itemListElement":[{"@type":"ListItem","position":1,"name":"Po\u010detna stranica","item":"https:\/\/inti.hr\/bs\/"},{"@type":"ListItem","position":2,"name":"Trgovina","item":"https:\/\/inti.hr\/bs\/trgovina\/"},{"@type":"ListItem","position":3,"name":"Set od 2 barske stolice s naslonom PU materijal"}]},{"@type":"WebSite","@id":"https:\/\/inti.hr\/bs\/#website","url":"https:\/\/inti.hr\/bs\/","name":"Inti","description":"trgovina","potentialAction":[{"@type":"SearchAction","target":{"@type":"EntryPoint","urlTemplate":"https:\/\/inti.hr\/bs\/?s={search_term_string}"},"query-input":{"@type":"PropertyValueSpecification","valueRequired":true,"valueName":"search_term_string"}}],"inLanguage":"bs-BA"}]}},"jetpack_sharing_enabled":true,"jetpack-related-posts":[],"_links":{"self":[{"href":"https:\/\/inti.hr\/bs\/wp-json\/wp\/v2\/product\/36727"}],"collection":[{"href":"https:\/\/inti.hr\/bs\/wp-json\/wp\/v2\/product"}],"about":[{"href":"https:\/\/inti.hr\/bs\/wp-json\/wp\/v2\/types\/product"}],"wp:featuredmedia":[{"embeddable":true,"href":"https:\/\/inti.hr\/bs\/wp-json\/wp\/v2\/media\/36728"}],"wp:attachment":[{"href":"https:\/\/inti.hr\/bs\/wp-json\/wp\/v2\/media?parent=36727"}],"wp:term":[{"taxonomy":"product_cat","embeddable":true,"href":"https:\/\/inti.hr\/bs\/wp-json\/wp\/v2\/product_cat?post=36727"},{"taxonomy":"product_tag","embeddable":true,"href":"https:\/\/inti.hr\/bs\/wp-json\/wp\/v2\/product_tag?post=36727"}],"curies":[{"name":"wp","href":"https:\/\/api.w.org\/{rel}","templated":true}]}}