{"id":36743,"date":"2022-08-29T07:14:24","date_gmt":"2022-08-29T07:14:24","guid":{"rendered":"https:\/\/inti.hr\/product\/stalak-za-kapute-s-policom-za-cipele\/"},"modified":"2022-08-29T07:14:24","modified_gmt":"2022-08-29T07:14:24","slug":"stalak-za-kapute-s-policom-za-cipele","status":"publish","type":"product","link":"https:\/\/inti.hr\/bs\/proizvod\/stalak-za-kapute-s-policom-za-cipele\/","title":{"rendered":"Stalak za kapute s policom za cipele"},"content":{"rendered":"<p>Detalji proizvoda:<br \/>\n&#8211; Boja: vintage sme\u0111e-crna<br \/>\n&#8211; Materijal: iverica, \u010delik<br \/>\n&#8211; Ukupna veli\u010dina: 80 x 31,5 x 183,5 cm (D x \u0160 x V)<br \/>\n&#8211; Veli\u010dina police na vrhu: 80 x 15 x 1,5 cm (D x \u0160 x V)<br \/>\n&#8211; Veli\u010dina police: 80 x 30 x 1,5 cm (D x \u0160 x V)<br \/>\n&#8211; Razmak izme\u0111u polica: 16,2\/15,4\/19,4\/19,4 cm (odozgo prema dolje)<br \/>\n&#8211; Te\u017eina: 12,4 kg<br \/>\n&#8211; Maks. stati\u010dki nosivost police na vrhu: 10 kg<br \/>\n&#8211; Maksimalna stati\u010dka nosivost po kuki: 3 kg<br \/>\n&#8211; Maksimalna stati\u010dka nosivost vrha police: 22,7 kg<br \/>\n&#8211; Maksimalna stati\u010dka nosivost po re\u0161etkastoj polici: 15 kg<\/p>\n","protected":false},"excerpt":{"rendered":"<p>Izra\u0111en od \u010dvrste iverice i \u010deli\u010dnog okvira, ovaj stalak za odje\u0107u &#8230; <\/p>\n","protected":false},"featured_media":36744,"template":"","meta":[],"product_cat":[2632],"product_tag":[3022,2638,4884],"yoast_head":"<!-- This site is optimized with the Yoast SEO plugin v23.7 - https:\/\/yoast.com\/wordpress\/plugins\/seo\/ -->\n<title>Stalak za kapute s policom za cipele - Inti<\/title>\n<meta name=\"description\" content=\"Izra\u0111en od \u010dvrste iverice i \u010deli\u010dnog okvira, ovaj stalak za odje\u0107u spreman je poslu\u017eiti cijeloj va\u0161oj obitelji.\u00a0Nudi stabilnu potporu za va\u0161e omiljene cipele i odje\u0107u i pratit \u0107e vas iz godine u godinu. 5 polica na dnu za torbe i cipele, 5 dvostrukih kuka za vje\u0161anje kaputa, polica na vrhu za ukrase i vi\u0161e - ovako \u0107ete stvoriti uredan dom! Sa svojim mat crnim okvirom i sme\u0111om zavr\u0161nom obradom, ova samostoje\u0107a vje\u0161alica za kapute unijet \u0107e rustikalni \u0161tih u va\u0161 dnevni boravak, spava\u0107u sobu ili hodnik. Zahvaljuju\u0107i 4 re\u0161etkaste police razli\u010ditih visina (od vrha do dna: 21 cm, 21 cm, 17 cm, 17 cm), policu mo\u017eete fleksibilno koristiti.\u00a0Re\u0161etke s tijesnim mre\u017eama tako\u0111er pru\u017eaju stabilno dr\u017eanje, \u010dak i uz cipele s tankom petom.\" \/>\n<meta name=\"robots\" content=\"index, follow, max-snippet:-1, max-image-preview:large, max-video-preview:-1\" \/>\n<link rel=\"canonical\" href=\"https:\/\/inti.hr\/bs\/proizvod\/stalak-za-kapute-s-policom-za-cipele\/\" \/>\n<meta property=\"og:locale\" content=\"bs_BA\" \/>\n<meta property=\"og:type\" content=\"article\" \/>\n<meta property=\"og:title\" content=\"Stalak za kapute s policom za cipele - Inti\" \/>\n<meta property=\"og:description\" content=\"Izra\u0111en od \u010dvrste iverice i \u010deli\u010dnog okvira, ovaj stalak za odje\u0107u spreman je poslu\u017eiti cijeloj va\u0161oj obitelji.\u00a0Nudi stabilnu potporu za va\u0161e omiljene cipele i odje\u0107u i pratit \u0107e vas iz godine u godinu. 5 polica na dnu za torbe i cipele, 5 dvostrukih kuka za vje\u0161anje kaputa, polica na vrhu za ukrase i vi\u0161e - ovako \u0107ete stvoriti uredan dom! Sa svojim mat crnim okvirom i sme\u0111om zavr\u0161nom obradom, ova samostoje\u0107a vje\u0161alica za kapute unijet \u0107e rustikalni \u0161tih u va\u0161 dnevni boravak, spava\u0107u sobu ili hodnik. Zahvaljuju\u0107i 4 re\u0161etkaste police razli\u010ditih visina (od vrha do dna: 21 cm, 21 cm, 17 cm, 17 cm), policu mo\u017eete fleksibilno koristiti.\u00a0Re\u0161etke s tijesnim mre\u017eama tako\u0111er pru\u017eaju stabilno dr\u017eanje, \u010dak i uz cipele s tankom petom.\" \/>\n<meta property=\"og:url\" content=\"https:\/\/inti.hr\/bs\/proizvod\/stalak-za-kapute-s-policom-za-cipele\/\" \/>\n<meta property=\"og:site_name\" content=\"Inti\" \/>\n<meta property=\"og:image\" content=\"https:\/\/i0.wp.com\/inti.hr\/wp-content\/uploads\/2022\/08\/HSR408B01-3.jpg?fit=750%2C750&ssl=1\" \/>\n\t<meta property=\"og:image:width\" content=\"750\" \/>\n\t<meta property=\"og:image:height\" content=\"750\" \/>\n\t<meta property=\"og:image:type\" content=\"image\/jpeg\" \/>\n<meta name=\"twitter:card\" content=\"summary_large_image\" \/>\n<script type=\"application\/ld+json\" class=\"yoast-schema-graph\">{\"@context\":\"https:\/\/schema.org\",\"@graph\":[{\"@type\":\"WebPage\",\"@id\":\"https:\/\/inti.hr\/bs\/proizvod\/stalak-za-kapute-s-policom-za-cipele\/\",\"url\":\"https:\/\/inti.hr\/bs\/proizvod\/stalak-za-kapute-s-policom-za-cipele\/\",\"name\":\"Stalak za kapute s policom za cipele - Inti\",\"isPartOf\":{\"@id\":\"https:\/\/inti.hr\/bs\/#website\"},\"primaryImageOfPage\":{\"@id\":\"https:\/\/inti.hr\/bs\/proizvod\/stalak-za-kapute-s-policom-za-cipele\/#primaryimage\"},\"image\":{\"@id\":\"https:\/\/inti.hr\/bs\/proizvod\/stalak-za-kapute-s-policom-za-cipele\/#primaryimage\"},\"thumbnailUrl\":\"https:\/\/i0.wp.com\/inti.hr\/wp-content\/uploads\/2022\/08\/HSR408B01-3.jpg?fit=750%2C750&ssl=1\",\"datePublished\":\"2022-08-29T07:14:24+00:00\",\"dateModified\":\"2022-08-29T07:14:24+00:00\",\"description\":\"Izra\u0111en od \u010dvrste iverice i \u010deli\u010dnog okvira, ovaj stalak za odje\u0107u spreman je poslu\u017eiti cijeloj va\u0161oj obitelji.\u00a0Nudi stabilnu potporu za va\u0161e omiljene cipele i odje\u0107u i pratit \u0107e vas iz godine u godinu. 5 polica na dnu za torbe i cipele, 5 dvostrukih kuka za vje\u0161anje kaputa, polica na vrhu za ukrase i vi\u0161e - ovako \u0107ete stvoriti uredan dom! Sa svojim mat crnim okvirom i sme\u0111om zavr\u0161nom obradom, ova samostoje\u0107a vje\u0161alica za kapute unijet \u0107e rustikalni \u0161tih u va\u0161 dnevni boravak, spava\u0107u sobu ili hodnik. Zahvaljuju\u0107i 4 re\u0161etkaste police razli\u010ditih visina (od vrha do dna: 21 cm, 21 cm, 17 cm, 17 cm), policu mo\u017eete fleksibilno koristiti.\u00a0Re\u0161etke s tijesnim mre\u017eama tako\u0111er pru\u017eaju stabilno dr\u017eanje, \u010dak i uz cipele s tankom petom.\",\"breadcrumb\":{\"@id\":\"https:\/\/inti.hr\/bs\/proizvod\/stalak-za-kapute-s-policom-za-cipele\/#breadcrumb\"},\"inLanguage\":\"bs-BA\",\"potentialAction\":[{\"@type\":\"ReadAction\",\"target\":[\"https:\/\/inti.hr\/bs\/proizvod\/stalak-za-kapute-s-policom-za-cipele\/\"]}]},{\"@type\":\"ImageObject\",\"inLanguage\":\"bs-BA\",\"@id\":\"https:\/\/inti.hr\/bs\/proizvod\/stalak-za-kapute-s-policom-za-cipele\/#primaryimage\",\"url\":\"https:\/\/i0.wp.com\/inti.hr\/wp-content\/uploads\/2022\/08\/HSR408B01-3.jpg?fit=750%2C750&ssl=1\",\"contentUrl\":\"https:\/\/i0.wp.com\/inti.hr\/wp-content\/uploads\/2022\/08\/HSR408B01-3.jpg?fit=750%2C750&ssl=1\",\"width\":750,\"height\":750},{\"@type\":\"BreadcrumbList\",\"@id\":\"https:\/\/inti.hr\/bs\/proizvod\/stalak-za-kapute-s-policom-za-cipele\/#breadcrumb\",\"itemListElement\":[{\"@type\":\"ListItem\",\"position\":1,\"name\":\"Po\u010detna stranica\",\"item\":\"https:\/\/inti.hr\/bs\/\"},{\"@type\":\"ListItem\",\"position\":2,\"name\":\"Trgovina\",\"item\":\"https:\/\/inti.hr\/bs\/trgovina\/\"},{\"@type\":\"ListItem\",\"position\":3,\"name\":\"Stalak za kapute s policom za cipele\"}]},{\"@type\":\"WebSite\",\"@id\":\"https:\/\/inti.hr\/bs\/#website\",\"url\":\"https:\/\/inti.hr\/bs\/\",\"name\":\"Inti\",\"description\":\"trgovina\",\"potentialAction\":[{\"@type\":\"SearchAction\",\"target\":{\"@type\":\"EntryPoint\",\"urlTemplate\":\"https:\/\/inti.hr\/bs\/?s={search_term_string}\"},\"query-input\":{\"@type\":\"PropertyValueSpecification\",\"valueRequired\":true,\"valueName\":\"search_term_string\"}}],\"inLanguage\":\"bs-BA\"}]}<\/script>\n<!-- \/ Yoast SEO plugin. -->","yoast_head_json":{"title":"Stalak za kapute s policom za cipele - Inti","description":"Izra\u0111en od \u010dvrste iverice i \u010deli\u010dnog okvira, ovaj stalak za odje\u0107u spreman je poslu\u017eiti cijeloj va\u0161oj obitelji.\u00a0Nudi stabilnu potporu za va\u0161e omiljene cipele i odje\u0107u i pratit \u0107e vas iz godine u godinu. 5 polica na dnu za torbe i cipele, 5 dvostrukih kuka za vje\u0161anje kaputa, polica na vrhu za ukrase i vi\u0161e - ovako \u0107ete stvoriti uredan dom! Sa svojim mat crnim okvirom i sme\u0111om zavr\u0161nom obradom, ova samostoje\u0107a vje\u0161alica za kapute unijet \u0107e rustikalni \u0161tih u va\u0161 dnevni boravak, spava\u0107u sobu ili hodnik. Zahvaljuju\u0107i 4 re\u0161etkaste police razli\u010ditih visina (od vrha do dna: 21 cm, 21 cm, 17 cm, 17 cm), policu mo\u017eete fleksibilno koristiti.\u00a0Re\u0161etke s tijesnim mre\u017eama tako\u0111er pru\u017eaju stabilno dr\u017eanje, \u010dak i uz cipele s tankom petom.","robots":{"index":"index","follow":"follow","max-snippet":"max-snippet:-1","max-image-preview":"max-image-preview:large","max-video-preview":"max-video-preview:-1"},"canonical":"https:\/\/inti.hr\/bs\/proizvod\/stalak-za-kapute-s-policom-za-cipele\/","og_locale":"bs_BA","og_type":"article","og_title":"Stalak za kapute s policom za cipele - Inti","og_description":"Izra\u0111en od \u010dvrste iverice i \u010deli\u010dnog okvira, ovaj stalak za odje\u0107u spreman je poslu\u017eiti cijeloj va\u0161oj obitelji.\u00a0Nudi stabilnu potporu za va\u0161e omiljene cipele i odje\u0107u i pratit \u0107e vas iz godine u godinu. 5 polica na dnu za torbe i cipele, 5 dvostrukih kuka za vje\u0161anje kaputa, polica na vrhu za ukrase i vi\u0161e - ovako \u0107ete stvoriti uredan dom! Sa svojim mat crnim okvirom i sme\u0111om zavr\u0161nom obradom, ova samostoje\u0107a vje\u0161alica za kapute unijet \u0107e rustikalni \u0161tih u va\u0161 dnevni boravak, spava\u0107u sobu ili hodnik. Zahvaljuju\u0107i 4 re\u0161etkaste police razli\u010ditih visina (od vrha do dna: 21 cm, 21 cm, 17 cm, 17 cm), policu mo\u017eete fleksibilno koristiti.\u00a0Re\u0161etke s tijesnim mre\u017eama tako\u0111er pru\u017eaju stabilno dr\u017eanje, \u010dak i uz cipele s tankom petom.","og_url":"https:\/\/inti.hr\/bs\/proizvod\/stalak-za-kapute-s-policom-za-cipele\/","og_site_name":"Inti","og_image":[{"width":750,"height":750,"url":"https:\/\/i0.wp.com\/inti.hr\/wp-content\/uploads\/2022\/08\/HSR408B01-3.jpg?fit=750%2C750&ssl=1","type":"image\/jpeg"}],"twitter_card":"summary_large_image","schema":{"@context":"https:\/\/schema.org","@graph":[{"@type":"WebPage","@id":"https:\/\/inti.hr\/bs\/proizvod\/stalak-za-kapute-s-policom-za-cipele\/","url":"https:\/\/inti.hr\/bs\/proizvod\/stalak-za-kapute-s-policom-za-cipele\/","name":"Stalak za kapute s policom za cipele - Inti","isPartOf":{"@id":"https:\/\/inti.hr\/bs\/#website"},"primaryImageOfPage":{"@id":"https:\/\/inti.hr\/bs\/proizvod\/stalak-za-kapute-s-policom-za-cipele\/#primaryimage"},"image":{"@id":"https:\/\/inti.hr\/bs\/proizvod\/stalak-za-kapute-s-policom-za-cipele\/#primaryimage"},"thumbnailUrl":"https:\/\/i0.wp.com\/inti.hr\/wp-content\/uploads\/2022\/08\/HSR408B01-3.jpg?fit=750%2C750&ssl=1","datePublished":"2022-08-29T07:14:24+00:00","dateModified":"2022-08-29T07:14:24+00:00","description":"Izra\u0111en od \u010dvrste iverice i \u010deli\u010dnog okvira, ovaj stalak za odje\u0107u spreman je poslu\u017eiti cijeloj va\u0161oj obitelji.\u00a0Nudi stabilnu potporu za va\u0161e omiljene cipele i odje\u0107u i pratit \u0107e vas iz godine u godinu. 5 polica na dnu za torbe i cipele, 5 dvostrukih kuka za vje\u0161anje kaputa, polica na vrhu za ukrase i vi\u0161e - ovako \u0107ete stvoriti uredan dom! Sa svojim mat crnim okvirom i sme\u0111om zavr\u0161nom obradom, ova samostoje\u0107a vje\u0161alica za kapute unijet \u0107e rustikalni \u0161tih u va\u0161 dnevni boravak, spava\u0107u sobu ili hodnik. Zahvaljuju\u0107i 4 re\u0161etkaste police razli\u010ditih visina (od vrha do dna: 21 cm, 21 cm, 17 cm, 17 cm), policu mo\u017eete fleksibilno koristiti.\u00a0Re\u0161etke s tijesnim mre\u017eama tako\u0111er pru\u017eaju stabilno dr\u017eanje, \u010dak i uz cipele s tankom petom.","breadcrumb":{"@id":"https:\/\/inti.hr\/bs\/proizvod\/stalak-za-kapute-s-policom-za-cipele\/#breadcrumb"},"inLanguage":"bs-BA","potentialAction":[{"@type":"ReadAction","target":["https:\/\/inti.hr\/bs\/proizvod\/stalak-za-kapute-s-policom-za-cipele\/"]}]},{"@type":"ImageObject","inLanguage":"bs-BA","@id":"https:\/\/inti.hr\/bs\/proizvod\/stalak-za-kapute-s-policom-za-cipele\/#primaryimage","url":"https:\/\/i0.wp.com\/inti.hr\/wp-content\/uploads\/2022\/08\/HSR408B01-3.jpg?fit=750%2C750&ssl=1","contentUrl":"https:\/\/i0.wp.com\/inti.hr\/wp-content\/uploads\/2022\/08\/HSR408B01-3.jpg?fit=750%2C750&ssl=1","width":750,"height":750},{"@type":"BreadcrumbList","@id":"https:\/\/inti.hr\/bs\/proizvod\/stalak-za-kapute-s-policom-za-cipele\/#breadcrumb","itemListElement":[{"@type":"ListItem","position":1,"name":"Po\u010detna stranica","item":"https:\/\/inti.hr\/bs\/"},{"@type":"ListItem","position":2,"name":"Trgovina","item":"https:\/\/inti.hr\/bs\/trgovina\/"},{"@type":"ListItem","position":3,"name":"Stalak za kapute s policom za cipele"}]},{"@type":"WebSite","@id":"https:\/\/inti.hr\/bs\/#website","url":"https:\/\/inti.hr\/bs\/","name":"Inti","description":"trgovina","potentialAction":[{"@type":"SearchAction","target":{"@type":"EntryPoint","urlTemplate":"https:\/\/inti.hr\/bs\/?s={search_term_string}"},"query-input":{"@type":"PropertyValueSpecification","valueRequired":true,"valueName":"search_term_string"}}],"inLanguage":"bs-BA"}]}},"jetpack_sharing_enabled":true,"jetpack-related-posts":[],"_links":{"self":[{"href":"https:\/\/inti.hr\/bs\/wp-json\/wp\/v2\/product\/36743"}],"collection":[{"href":"https:\/\/inti.hr\/bs\/wp-json\/wp\/v2\/product"}],"about":[{"href":"https:\/\/inti.hr\/bs\/wp-json\/wp\/v2\/types\/product"}],"wp:featuredmedia":[{"embeddable":true,"href":"https:\/\/inti.hr\/bs\/wp-json\/wp\/v2\/media\/36744"}],"wp:attachment":[{"href":"https:\/\/inti.hr\/bs\/wp-json\/wp\/v2\/media?parent=36743"}],"wp:term":[{"taxonomy":"product_cat","embeddable":true,"href":"https:\/\/inti.hr\/bs\/wp-json\/wp\/v2\/product_cat?post=36743"},{"taxonomy":"product_tag","embeddable":true,"href":"https:\/\/inti.hr\/bs\/wp-json\/wp\/v2\/product_tag?post=36743"}],"curies":[{"name":"wp","href":"https:\/\/api.w.org\/{rel}","templated":true}]}}