{"id":36803,"date":"2022-05-21T19:11:05","date_gmt":"2022-05-21T19:11:05","guid":{"rendered":"https:\/\/inti.hr\/product\/barska-stolica-podesiva-po-visini\/"},"modified":"2022-05-21T19:11:05","modified_gmt":"2022-05-21T19:11:05","slug":"barska-stolica-podesiva-po-visini","status":"publish","type":"product","link":"https:\/\/inti.hr\/bs\/proizvod\/barska-stolica-podesiva-po-visini\/","title":{"rendered":"Barska stolica podesiva po visini"},"content":{"rendered":"<p><strong>Detalji proizvoda: <\/strong><\/p>\n<ul>\n<li>Materijal: umjetna ko\u017ea, metalni okvir<\/li>\n<li>Boja: crna\/siva<\/li>\n<li>Ukupna visina: 62-84 cm<\/li>\n<li>Visina sjedala: 56 &#8211; 78 cm<\/li>\n<li>Veli\u010dina sjedala: 38,5 x 39 cm (\u0160 x D)<\/li>\n<li>Promjer metalne baze: 38,5 cm<\/li>\n<li>Neto te\u017eina: 10,5 kg<\/li>\n<li>Bruto te\u017eina: 11,6 kg<\/li>\n<li>Maksimalno optere\u0107enje: 120 kg<\/li>\n<li>Opseg isporuke: 2 x barske stolice, 1 x upute za monta\u017eu<\/li>\n<\/ul>\n","protected":false},"excerpt":{"rendered":"<ul>\n<li>Sjedalo od umjetne ko\u017ee s modernim rubom, moderno i izdr\u017eljivo<\/li>\n<p> &#8230; <\/p>\n","protected":false},"featured_media":36805,"template":"","meta":[],"product_cat":[2536,2810],"product_tag":[2918,4934],"yoast_head":"<!-- This site is optimized with the Yoast SEO plugin v23.7 - https:\/\/yoast.com\/wordpress\/plugins\/seo\/ -->\n<title>Barska stolica podesiva po visini - Inti<\/title>\n<meta name=\"description\" content=\"Sjedalo od umjetne ko\u017ee s modernim rubom, moderno i izdr\u017eljivo Prsten protiv klizanja, siguran i stabilanCrni mat metalni okvir, otporan na hr\u0111u i \u010dvrst Ergonomski oslonac za noge, \u010dvrst i opu\u0161tenPlinska opruga rotiraju\u0107a za 360\u00b0, te\u010dna i podesiva Pogodno za bar, pult ili pult, kuhinju, ku\u0107ni ured, pub, bistro, balkon itd.\" \/>\n<meta name=\"robots\" content=\"index, follow, max-snippet:-1, max-image-preview:large, max-video-preview:-1\" \/>\n<link rel=\"canonical\" href=\"https:\/\/inti.hr\/bs\/proizvod\/barska-stolica-podesiva-po-visini\/\" \/>\n<meta property=\"og:locale\" content=\"bs_BA\" \/>\n<meta property=\"og:type\" content=\"article\" \/>\n<meta property=\"og:title\" content=\"Barska stolica podesiva po visini - Inti\" \/>\n<meta property=\"og:description\" content=\"Sjedalo od umjetne ko\u017ee s modernim rubom, moderno i izdr\u017eljivo Prsten protiv klizanja, siguran i stabilanCrni mat metalni okvir, otporan na hr\u0111u i \u010dvrst Ergonomski oslonac za noge, \u010dvrst i opu\u0161tenPlinska opruga rotiraju\u0107a za 360\u00b0, te\u010dna i podesiva Pogodno za bar, pult ili pult, kuhinju, ku\u0107ni ured, pub, bistro, balkon itd.\" \/>\n<meta property=\"og:url\" content=\"https:\/\/inti.hr\/bs\/proizvod\/barska-stolica-podesiva-po-visini\/\" \/>\n<meta property=\"og:site_name\" content=\"Inti\" \/>\n<meta property=\"og:image\" content=\"https:\/\/i0.wp.com\/inti.hr\/wp-content\/uploads\/2022\/05\/Barhocker-1er-Set-Barstuhl-Tresenhocker-Bistrohocker-hoehenverstellbar-Kunstleder-BH159gr-1-grau2.jpg?fit=1500%2C1500&ssl=1\" \/>\n\t<meta property=\"og:image:width\" content=\"1500\" \/>\n\t<meta property=\"og:image:height\" content=\"1500\" \/>\n\t<meta property=\"og:image:type\" content=\"image\/jpeg\" \/>\n<meta name=\"twitter:card\" content=\"summary_large_image\" \/>\n<script type=\"application\/ld+json\" class=\"yoast-schema-graph\">{\"@context\":\"https:\/\/schema.org\",\"@graph\":[{\"@type\":\"WebPage\",\"@id\":\"https:\/\/inti.hr\/bs\/proizvod\/barska-stolica-podesiva-po-visini\/\",\"url\":\"https:\/\/inti.hr\/bs\/proizvod\/barska-stolica-podesiva-po-visini\/\",\"name\":\"Barska stolica podesiva po visini - Inti\",\"isPartOf\":{\"@id\":\"https:\/\/inti.hr\/bs\/#website\"},\"primaryImageOfPage\":{\"@id\":\"https:\/\/inti.hr\/bs\/proizvod\/barska-stolica-podesiva-po-visini\/#primaryimage\"},\"image\":{\"@id\":\"https:\/\/inti.hr\/bs\/proizvod\/barska-stolica-podesiva-po-visini\/#primaryimage\"},\"thumbnailUrl\":\"https:\/\/i0.wp.com\/inti.hr\/wp-content\/uploads\/2022\/05\/Barhocker-1er-Set-Barstuhl-Tresenhocker-Bistrohocker-hoehenverstellbar-Kunstleder-BH159gr-1-grau2.jpg?fit=1500%2C1500&ssl=1\",\"datePublished\":\"2022-05-21T19:11:05+00:00\",\"dateModified\":\"2022-05-21T19:11:05+00:00\",\"description\":\"Sjedalo od umjetne ko\u017ee s modernim rubom, moderno i izdr\u017eljivo Prsten protiv klizanja, siguran i stabilanCrni mat metalni okvir, otporan na hr\u0111u i \u010dvrst Ergonomski oslonac za noge, \u010dvrst i opu\u0161tenPlinska opruga rotiraju\u0107a za 360\u00b0, te\u010dna i podesiva Pogodno za bar, pult ili pult, kuhinju, ku\u0107ni ured, pub, bistro, balkon itd.\",\"breadcrumb\":{\"@id\":\"https:\/\/inti.hr\/bs\/proizvod\/barska-stolica-podesiva-po-visini\/#breadcrumb\"},\"inLanguage\":\"bs-BA\",\"potentialAction\":[{\"@type\":\"ReadAction\",\"target\":[\"https:\/\/inti.hr\/bs\/proizvod\/barska-stolica-podesiva-po-visini\/\"]}]},{\"@type\":\"ImageObject\",\"inLanguage\":\"bs-BA\",\"@id\":\"https:\/\/inti.hr\/bs\/proizvod\/barska-stolica-podesiva-po-visini\/#primaryimage\",\"url\":\"https:\/\/i0.wp.com\/inti.hr\/wp-content\/uploads\/2022\/05\/Barhocker-1er-Set-Barstuhl-Tresenhocker-Bistrohocker-hoehenverstellbar-Kunstleder-BH159gr-1-grau2.jpg?fit=1500%2C1500&ssl=1\",\"contentUrl\":\"https:\/\/i0.wp.com\/inti.hr\/wp-content\/uploads\/2022\/05\/Barhocker-1er-Set-Barstuhl-Tresenhocker-Bistrohocker-hoehenverstellbar-Kunstleder-BH159gr-1-grau2.jpg?fit=1500%2C1500&ssl=1\",\"width\":1500,\"height\":1500},{\"@type\":\"BreadcrumbList\",\"@id\":\"https:\/\/inti.hr\/bs\/proizvod\/barska-stolica-podesiva-po-visini\/#breadcrumb\",\"itemListElement\":[{\"@type\":\"ListItem\",\"position\":1,\"name\":\"Po\u010detna stranica\",\"item\":\"https:\/\/inti.hr\/bs\/\"},{\"@type\":\"ListItem\",\"position\":2,\"name\":\"Trgovina\",\"item\":\"https:\/\/inti.hr\/bs\/trgovina\/\"},{\"@type\":\"ListItem\",\"position\":3,\"name\":\"Barska stolica podesiva po visini\"}]},{\"@type\":\"WebSite\",\"@id\":\"https:\/\/inti.hr\/bs\/#website\",\"url\":\"https:\/\/inti.hr\/bs\/\",\"name\":\"Inti\",\"description\":\"trgovina\",\"potentialAction\":[{\"@type\":\"SearchAction\",\"target\":{\"@type\":\"EntryPoint\",\"urlTemplate\":\"https:\/\/inti.hr\/bs\/?s={search_term_string}\"},\"query-input\":{\"@type\":\"PropertyValueSpecification\",\"valueRequired\":true,\"valueName\":\"search_term_string\"}}],\"inLanguage\":\"bs-BA\"}]}<\/script>\n<!-- \/ Yoast SEO plugin. -->","yoast_head_json":{"title":"Barska stolica podesiva po visini - Inti","description":"Sjedalo od umjetne ko\u017ee s modernim rubom, moderno i izdr\u017eljivo Prsten protiv klizanja, siguran i stabilanCrni mat metalni okvir, otporan na hr\u0111u i \u010dvrst Ergonomski oslonac za noge, \u010dvrst i opu\u0161tenPlinska opruga rotiraju\u0107a za 360\u00b0, te\u010dna i podesiva Pogodno za bar, pult ili pult, kuhinju, ku\u0107ni ured, pub, bistro, balkon itd.","robots":{"index":"index","follow":"follow","max-snippet":"max-snippet:-1","max-image-preview":"max-image-preview:large","max-video-preview":"max-video-preview:-1"},"canonical":"https:\/\/inti.hr\/bs\/proizvod\/barska-stolica-podesiva-po-visini\/","og_locale":"bs_BA","og_type":"article","og_title":"Barska stolica podesiva po visini - Inti","og_description":"Sjedalo od umjetne ko\u017ee s modernim rubom, moderno i izdr\u017eljivo Prsten protiv klizanja, siguran i stabilanCrni mat metalni okvir, otporan na hr\u0111u i \u010dvrst Ergonomski oslonac za noge, \u010dvrst i opu\u0161tenPlinska opruga rotiraju\u0107a za 360\u00b0, te\u010dna i podesiva Pogodno za bar, pult ili pult, kuhinju, ku\u0107ni ured, pub, bistro, balkon itd.","og_url":"https:\/\/inti.hr\/bs\/proizvod\/barska-stolica-podesiva-po-visini\/","og_site_name":"Inti","og_image":[{"width":1500,"height":1500,"url":"https:\/\/i0.wp.com\/inti.hr\/wp-content\/uploads\/2022\/05\/Barhocker-1er-Set-Barstuhl-Tresenhocker-Bistrohocker-hoehenverstellbar-Kunstleder-BH159gr-1-grau2.jpg?fit=1500%2C1500&ssl=1","type":"image\/jpeg"}],"twitter_card":"summary_large_image","schema":{"@context":"https:\/\/schema.org","@graph":[{"@type":"WebPage","@id":"https:\/\/inti.hr\/bs\/proizvod\/barska-stolica-podesiva-po-visini\/","url":"https:\/\/inti.hr\/bs\/proizvod\/barska-stolica-podesiva-po-visini\/","name":"Barska stolica podesiva po visini - Inti","isPartOf":{"@id":"https:\/\/inti.hr\/bs\/#website"},"primaryImageOfPage":{"@id":"https:\/\/inti.hr\/bs\/proizvod\/barska-stolica-podesiva-po-visini\/#primaryimage"},"image":{"@id":"https:\/\/inti.hr\/bs\/proizvod\/barska-stolica-podesiva-po-visini\/#primaryimage"},"thumbnailUrl":"https:\/\/i0.wp.com\/inti.hr\/wp-content\/uploads\/2022\/05\/Barhocker-1er-Set-Barstuhl-Tresenhocker-Bistrohocker-hoehenverstellbar-Kunstleder-BH159gr-1-grau2.jpg?fit=1500%2C1500&ssl=1","datePublished":"2022-05-21T19:11:05+00:00","dateModified":"2022-05-21T19:11:05+00:00","description":"Sjedalo od umjetne ko\u017ee s modernim rubom, moderno i izdr\u017eljivo Prsten protiv klizanja, siguran i stabilanCrni mat metalni okvir, otporan na hr\u0111u i \u010dvrst Ergonomski oslonac za noge, \u010dvrst i opu\u0161tenPlinska opruga rotiraju\u0107a za 360\u00b0, te\u010dna i podesiva Pogodno za bar, pult ili pult, kuhinju, ku\u0107ni ured, pub, bistro, balkon itd.","breadcrumb":{"@id":"https:\/\/inti.hr\/bs\/proizvod\/barska-stolica-podesiva-po-visini\/#breadcrumb"},"inLanguage":"bs-BA","potentialAction":[{"@type":"ReadAction","target":["https:\/\/inti.hr\/bs\/proizvod\/barska-stolica-podesiva-po-visini\/"]}]},{"@type":"ImageObject","inLanguage":"bs-BA","@id":"https:\/\/inti.hr\/bs\/proizvod\/barska-stolica-podesiva-po-visini\/#primaryimage","url":"https:\/\/i0.wp.com\/inti.hr\/wp-content\/uploads\/2022\/05\/Barhocker-1er-Set-Barstuhl-Tresenhocker-Bistrohocker-hoehenverstellbar-Kunstleder-BH159gr-1-grau2.jpg?fit=1500%2C1500&ssl=1","contentUrl":"https:\/\/i0.wp.com\/inti.hr\/wp-content\/uploads\/2022\/05\/Barhocker-1er-Set-Barstuhl-Tresenhocker-Bistrohocker-hoehenverstellbar-Kunstleder-BH159gr-1-grau2.jpg?fit=1500%2C1500&ssl=1","width":1500,"height":1500},{"@type":"BreadcrumbList","@id":"https:\/\/inti.hr\/bs\/proizvod\/barska-stolica-podesiva-po-visini\/#breadcrumb","itemListElement":[{"@type":"ListItem","position":1,"name":"Po\u010detna stranica","item":"https:\/\/inti.hr\/bs\/"},{"@type":"ListItem","position":2,"name":"Trgovina","item":"https:\/\/inti.hr\/bs\/trgovina\/"},{"@type":"ListItem","position":3,"name":"Barska stolica podesiva po visini"}]},{"@type":"WebSite","@id":"https:\/\/inti.hr\/bs\/#website","url":"https:\/\/inti.hr\/bs\/","name":"Inti","description":"trgovina","potentialAction":[{"@type":"SearchAction","target":{"@type":"EntryPoint","urlTemplate":"https:\/\/inti.hr\/bs\/?s={search_term_string}"},"query-input":{"@type":"PropertyValueSpecification","valueRequired":true,"valueName":"search_term_string"}}],"inLanguage":"bs-BA"}]}},"jetpack_sharing_enabled":true,"jetpack-related-posts":[],"_links":{"self":[{"href":"https:\/\/inti.hr\/bs\/wp-json\/wp\/v2\/product\/36803"}],"collection":[{"href":"https:\/\/inti.hr\/bs\/wp-json\/wp\/v2\/product"}],"about":[{"href":"https:\/\/inti.hr\/bs\/wp-json\/wp\/v2\/types\/product"}],"wp:featuredmedia":[{"embeddable":true,"href":"https:\/\/inti.hr\/bs\/wp-json\/wp\/v2\/media\/36805"}],"wp:attachment":[{"href":"https:\/\/inti.hr\/bs\/wp-json\/wp\/v2\/media?parent=36803"}],"wp:term":[{"taxonomy":"product_cat","embeddable":true,"href":"https:\/\/inti.hr\/bs\/wp-json\/wp\/v2\/product_cat?post=36803"},{"taxonomy":"product_tag","embeddable":true,"href":"https:\/\/inti.hr\/bs\/wp-json\/wp\/v2\/product_tag?post=36803"}],"curies":[{"name":"wp","href":"https:\/\/api.w.org\/{rel}","templated":true}]}}