{"id":36831,"date":"2022-05-19T12:27:09","date_gmt":"2022-05-19T12:27:09","guid":{"rendered":"https:\/\/inti.hr\/product\/konzolni-stol-za-hodnik\/"},"modified":"2022-05-19T12:27:09","modified_gmt":"2022-05-19T12:27:09","slug":"konzolni-stol-za-hodnik","status":"publish","type":"product","link":"https:\/\/inti.hr\/bs\/proizvod\/konzolni-stol-za-hodnik\/","title":{"rendered":"Konzolni stol za hodnik"},"content":{"rendered":"<p><strong>Detalji proizvoda:<\/strong><\/p>\n<ul>\n<li>Te\u017eina: 17,4 kg<\/li>\n<li>Nosivost: 80 kg<\/li>\n<li>Materijal: MDF (E1);\u00a0Metal<\/li>\n<li>Veli\u010dina proizvoda: 100x40x80cm (vidi sliku)<\/li>\n<li>Dimenzije pakiranja: 111x15x47cm<\/li>\n<li>S uputama za monta\u017eu i vijcima.\u00a0Jednostavna instalacija.<\/li>\n<\/ul>\n","protected":false},"excerpt":{"rendered":"<p>Konzolni stol se \u010desto ne uzima u obzir pri postavljanju dok &#8230; <\/p>\n","protected":false},"featured_media":36832,"template":"","meta":[],"product_cat":[2418],"product_tag":[4944,2746,3410],"yoast_head":"<!-- This site is optimized with the Yoast SEO plugin v23.7 - https:\/\/yoast.com\/wordpress\/plugins\/seo\/ -->\n<title>Konzolni stol za hodnik - Inti<\/title>\n<meta name=\"description\" content=\"Konzolni stol se \u010desto ne uzima u obzir pri postavljanju dok ga ne donesete u svoj dom. Na radnoj povr\u0161ini imate dovoljno mjesta za dodavanje fotografija, cvije\u0107a i jo\u0161 mnogo toga. Ukrasiti. Va\u017ene stvari, poput klju\u010deva, uvijek su pri ruci. S 2 otvorena pretinca nudi dovoljno mjesta za novine i knjige. Veliki pretinac ispod idealan je za biljke i ukrasne predmete. Mogu\u0107nosti su neograni\u010dene. U dnevnom boravku stol mo\u017eete postaviti kao pomo\u0107ni stoli\u0107 iza trosjeda, u ulaznom dijelu mo\u017eete ga koristiti kao konzolu, a u kuhinji ga jednostavno opremiti po svom ukusu. Stol je izra\u0111en od visokokvalitetnog MDF-a i metala, koji osigurava visoku nosivost i izdr\u017eljivost, vodootporan i jednostavan za \u010di\u0161\u0107enje. Industrijski koncept ovog stola prilago\u0111ava se svakom namje\u0161taju i \u017eivotnom stilu, daju\u0107i moderan \u0161tih svakom domu. Kontrast izme\u0111u boje radne plo\u010de i polica dat \u0107e vam osobnost koju \u017eelite dodati svakom prostoru.\" \/>\n<meta name=\"robots\" content=\"index, follow, max-snippet:-1, max-image-preview:large, max-video-preview:-1\" \/>\n<link rel=\"canonical\" href=\"https:\/\/inti.hr\/bs\/proizvod\/konzolni-stol-za-hodnik\/\" \/>\n<meta property=\"og:locale\" content=\"bs_BA\" \/>\n<meta property=\"og:type\" content=\"article\" \/>\n<meta property=\"og:title\" content=\"Konzolni stol za hodnik - Inti\" \/>\n<meta property=\"og:description\" content=\"Konzolni stol se \u010desto ne uzima u obzir pri postavljanju dok ga ne donesete u svoj dom. Na radnoj povr\u0161ini imate dovoljno mjesta za dodavanje fotografija, cvije\u0107a i jo\u0161 mnogo toga. Ukrasiti. Va\u017ene stvari, poput klju\u010deva, uvijek su pri ruci. S 2 otvorena pretinca nudi dovoljno mjesta za novine i knjige. Veliki pretinac ispod idealan je za biljke i ukrasne predmete. Mogu\u0107nosti su neograni\u010dene. U dnevnom boravku stol mo\u017eete postaviti kao pomo\u0107ni stoli\u0107 iza trosjeda, u ulaznom dijelu mo\u017eete ga koristiti kao konzolu, a u kuhinji ga jednostavno opremiti po svom ukusu. Stol je izra\u0111en od visokokvalitetnog MDF-a i metala, koji osigurava visoku nosivost i izdr\u017eljivost, vodootporan i jednostavan za \u010di\u0161\u0107enje. Industrijski koncept ovog stola prilago\u0111ava se svakom namje\u0161taju i \u017eivotnom stilu, daju\u0107i moderan \u0161tih svakom domu. Kontrast izme\u0111u boje radne plo\u010de i polica dat \u0107e vam osobnost koju \u017eelite dodati svakom prostoru.\" \/>\n<meta property=\"og:url\" content=\"https:\/\/inti.hr\/bs\/proizvod\/konzolni-stol-za-hodnik\/\" \/>\n<meta property=\"og:site_name\" content=\"Inti\" \/>\n<meta property=\"og:image\" content=\"https:\/\/i0.wp.com\/inti.hr\/wp-content\/uploads\/2022\/05\/FSB41-F-Y005_1800x1800.webp?fit=1600%2C1600&ssl=1\" \/>\n\t<meta property=\"og:image:width\" content=\"1600\" \/>\n\t<meta property=\"og:image:height\" content=\"1600\" \/>\n\t<meta property=\"og:image:type\" content=\"image\/webp\" \/>\n<meta name=\"twitter:card\" content=\"summary_large_image\" \/>\n<script type=\"application\/ld+json\" class=\"yoast-schema-graph\">{\"@context\":\"https:\/\/schema.org\",\"@graph\":[{\"@type\":\"WebPage\",\"@id\":\"https:\/\/inti.hr\/bs\/proizvod\/konzolni-stol-za-hodnik\/\",\"url\":\"https:\/\/inti.hr\/bs\/proizvod\/konzolni-stol-za-hodnik\/\",\"name\":\"Konzolni stol za hodnik - Inti\",\"isPartOf\":{\"@id\":\"https:\/\/inti.hr\/bs\/#website\"},\"primaryImageOfPage\":{\"@id\":\"https:\/\/inti.hr\/bs\/proizvod\/konzolni-stol-za-hodnik\/#primaryimage\"},\"image\":{\"@id\":\"https:\/\/inti.hr\/bs\/proizvod\/konzolni-stol-za-hodnik\/#primaryimage\"},\"thumbnailUrl\":\"https:\/\/i0.wp.com\/inti.hr\/wp-content\/uploads\/2022\/05\/FSB41-F-Y005_1800x1800.webp?fit=1600%2C1600&ssl=1\",\"datePublished\":\"2022-05-19T12:27:09+00:00\",\"dateModified\":\"2022-05-19T12:27:09+00:00\",\"description\":\"Konzolni stol se \u010desto ne uzima u obzir pri postavljanju dok ga ne donesete u svoj dom. Na radnoj povr\u0161ini imate dovoljno mjesta za dodavanje fotografija, cvije\u0107a i jo\u0161 mnogo toga. Ukrasiti. Va\u017ene stvari, poput klju\u010deva, uvijek su pri ruci. S 2 otvorena pretinca nudi dovoljno mjesta za novine i knjige. Veliki pretinac ispod idealan je za biljke i ukrasne predmete. Mogu\u0107nosti su neograni\u010dene. U dnevnom boravku stol mo\u017eete postaviti kao pomo\u0107ni stoli\u0107 iza trosjeda, u ulaznom dijelu mo\u017eete ga koristiti kao konzolu, a u kuhinji ga jednostavno opremiti po svom ukusu. Stol je izra\u0111en od visokokvalitetnog MDF-a i metala, koji osigurava visoku nosivost i izdr\u017eljivost, vodootporan i jednostavan za \u010di\u0161\u0107enje. Industrijski koncept ovog stola prilago\u0111ava se svakom namje\u0161taju i \u017eivotnom stilu, daju\u0107i moderan \u0161tih svakom domu. Kontrast izme\u0111u boje radne plo\u010de i polica dat \u0107e vam osobnost koju \u017eelite dodati svakom prostoru.\",\"breadcrumb\":{\"@id\":\"https:\/\/inti.hr\/bs\/proizvod\/konzolni-stol-za-hodnik\/#breadcrumb\"},\"inLanguage\":\"bs-BA\",\"potentialAction\":[{\"@type\":\"ReadAction\",\"target\":[\"https:\/\/inti.hr\/bs\/proizvod\/konzolni-stol-za-hodnik\/\"]}]},{\"@type\":\"ImageObject\",\"inLanguage\":\"bs-BA\",\"@id\":\"https:\/\/inti.hr\/bs\/proizvod\/konzolni-stol-za-hodnik\/#primaryimage\",\"url\":\"https:\/\/i0.wp.com\/inti.hr\/wp-content\/uploads\/2022\/05\/FSB41-F-Y005_1800x1800.webp?fit=1600%2C1600&ssl=1\",\"contentUrl\":\"https:\/\/i0.wp.com\/inti.hr\/wp-content\/uploads\/2022\/05\/FSB41-F-Y005_1800x1800.webp?fit=1600%2C1600&ssl=1\",\"width\":1600,\"height\":1600},{\"@type\":\"BreadcrumbList\",\"@id\":\"https:\/\/inti.hr\/bs\/proizvod\/konzolni-stol-za-hodnik\/#breadcrumb\",\"itemListElement\":[{\"@type\":\"ListItem\",\"position\":1,\"name\":\"Po\u010detna stranica\",\"item\":\"https:\/\/inti.hr\/bs\/\"},{\"@type\":\"ListItem\",\"position\":2,\"name\":\"Trgovina\",\"item\":\"https:\/\/inti.hr\/bs\/trgovina\/\"},{\"@type\":\"ListItem\",\"position\":3,\"name\":\"Konzolni stol za hodnik\"}]},{\"@type\":\"WebSite\",\"@id\":\"https:\/\/inti.hr\/bs\/#website\",\"url\":\"https:\/\/inti.hr\/bs\/\",\"name\":\"Inti\",\"description\":\"trgovina\",\"potentialAction\":[{\"@type\":\"SearchAction\",\"target\":{\"@type\":\"EntryPoint\",\"urlTemplate\":\"https:\/\/inti.hr\/bs\/?s={search_term_string}\"},\"query-input\":{\"@type\":\"PropertyValueSpecification\",\"valueRequired\":true,\"valueName\":\"search_term_string\"}}],\"inLanguage\":\"bs-BA\"}]}<\/script>\n<!-- \/ Yoast SEO plugin. -->","yoast_head_json":{"title":"Konzolni stol za hodnik - Inti","description":"Konzolni stol se \u010desto ne uzima u obzir pri postavljanju dok ga ne donesete u svoj dom. Na radnoj povr\u0161ini imate dovoljno mjesta za dodavanje fotografija, cvije\u0107a i jo\u0161 mnogo toga. Ukrasiti. Va\u017ene stvari, poput klju\u010deva, uvijek su pri ruci. S 2 otvorena pretinca nudi dovoljno mjesta za novine i knjige. Veliki pretinac ispod idealan je za biljke i ukrasne predmete. Mogu\u0107nosti su neograni\u010dene. U dnevnom boravku stol mo\u017eete postaviti kao pomo\u0107ni stoli\u0107 iza trosjeda, u ulaznom dijelu mo\u017eete ga koristiti kao konzolu, a u kuhinji ga jednostavno opremiti po svom ukusu. Stol je izra\u0111en od visokokvalitetnog MDF-a i metala, koji osigurava visoku nosivost i izdr\u017eljivost, vodootporan i jednostavan za \u010di\u0161\u0107enje. Industrijski koncept ovog stola prilago\u0111ava se svakom namje\u0161taju i \u017eivotnom stilu, daju\u0107i moderan \u0161tih svakom domu. Kontrast izme\u0111u boje radne plo\u010de i polica dat \u0107e vam osobnost koju \u017eelite dodati svakom prostoru.","robots":{"index":"index","follow":"follow","max-snippet":"max-snippet:-1","max-image-preview":"max-image-preview:large","max-video-preview":"max-video-preview:-1"},"canonical":"https:\/\/inti.hr\/bs\/proizvod\/konzolni-stol-za-hodnik\/","og_locale":"bs_BA","og_type":"article","og_title":"Konzolni stol za hodnik - Inti","og_description":"Konzolni stol se \u010desto ne uzima u obzir pri postavljanju dok ga ne donesete u svoj dom. Na radnoj povr\u0161ini imate dovoljno mjesta za dodavanje fotografija, cvije\u0107a i jo\u0161 mnogo toga. Ukrasiti. Va\u017ene stvari, poput klju\u010deva, uvijek su pri ruci. S 2 otvorena pretinca nudi dovoljno mjesta za novine i knjige. Veliki pretinac ispod idealan je za biljke i ukrasne predmete. Mogu\u0107nosti su neograni\u010dene. U dnevnom boravku stol mo\u017eete postaviti kao pomo\u0107ni stoli\u0107 iza trosjeda, u ulaznom dijelu mo\u017eete ga koristiti kao konzolu, a u kuhinji ga jednostavno opremiti po svom ukusu. Stol je izra\u0111en od visokokvalitetnog MDF-a i metala, koji osigurava visoku nosivost i izdr\u017eljivost, vodootporan i jednostavan za \u010di\u0161\u0107enje. Industrijski koncept ovog stola prilago\u0111ava se svakom namje\u0161taju i \u017eivotnom stilu, daju\u0107i moderan \u0161tih svakom domu. Kontrast izme\u0111u boje radne plo\u010de i polica dat \u0107e vam osobnost koju \u017eelite dodati svakom prostoru.","og_url":"https:\/\/inti.hr\/bs\/proizvod\/konzolni-stol-za-hodnik\/","og_site_name":"Inti","og_image":[{"width":1600,"height":1600,"url":"https:\/\/i0.wp.com\/inti.hr\/wp-content\/uploads\/2022\/05\/FSB41-F-Y005_1800x1800.webp?fit=1600%2C1600&ssl=1","type":"image\/webp"}],"twitter_card":"summary_large_image","schema":{"@context":"https:\/\/schema.org","@graph":[{"@type":"WebPage","@id":"https:\/\/inti.hr\/bs\/proizvod\/konzolni-stol-za-hodnik\/","url":"https:\/\/inti.hr\/bs\/proizvod\/konzolni-stol-za-hodnik\/","name":"Konzolni stol za hodnik - Inti","isPartOf":{"@id":"https:\/\/inti.hr\/bs\/#website"},"primaryImageOfPage":{"@id":"https:\/\/inti.hr\/bs\/proizvod\/konzolni-stol-za-hodnik\/#primaryimage"},"image":{"@id":"https:\/\/inti.hr\/bs\/proizvod\/konzolni-stol-za-hodnik\/#primaryimage"},"thumbnailUrl":"https:\/\/i0.wp.com\/inti.hr\/wp-content\/uploads\/2022\/05\/FSB41-F-Y005_1800x1800.webp?fit=1600%2C1600&ssl=1","datePublished":"2022-05-19T12:27:09+00:00","dateModified":"2022-05-19T12:27:09+00:00","description":"Konzolni stol se \u010desto ne uzima u obzir pri postavljanju dok ga ne donesete u svoj dom. Na radnoj povr\u0161ini imate dovoljno mjesta za dodavanje fotografija, cvije\u0107a i jo\u0161 mnogo toga. Ukrasiti. Va\u017ene stvari, poput klju\u010deva, uvijek su pri ruci. S 2 otvorena pretinca nudi dovoljno mjesta za novine i knjige. Veliki pretinac ispod idealan je za biljke i ukrasne predmete. Mogu\u0107nosti su neograni\u010dene. U dnevnom boravku stol mo\u017eete postaviti kao pomo\u0107ni stoli\u0107 iza trosjeda, u ulaznom dijelu mo\u017eete ga koristiti kao konzolu, a u kuhinji ga jednostavno opremiti po svom ukusu. Stol je izra\u0111en od visokokvalitetnog MDF-a i metala, koji osigurava visoku nosivost i izdr\u017eljivost, vodootporan i jednostavan za \u010di\u0161\u0107enje. Industrijski koncept ovog stola prilago\u0111ava se svakom namje\u0161taju i \u017eivotnom stilu, daju\u0107i moderan \u0161tih svakom domu. Kontrast izme\u0111u boje radne plo\u010de i polica dat \u0107e vam osobnost koju \u017eelite dodati svakom prostoru.","breadcrumb":{"@id":"https:\/\/inti.hr\/bs\/proizvod\/konzolni-stol-za-hodnik\/#breadcrumb"},"inLanguage":"bs-BA","potentialAction":[{"@type":"ReadAction","target":["https:\/\/inti.hr\/bs\/proizvod\/konzolni-stol-za-hodnik\/"]}]},{"@type":"ImageObject","inLanguage":"bs-BA","@id":"https:\/\/inti.hr\/bs\/proizvod\/konzolni-stol-za-hodnik\/#primaryimage","url":"https:\/\/i0.wp.com\/inti.hr\/wp-content\/uploads\/2022\/05\/FSB41-F-Y005_1800x1800.webp?fit=1600%2C1600&ssl=1","contentUrl":"https:\/\/i0.wp.com\/inti.hr\/wp-content\/uploads\/2022\/05\/FSB41-F-Y005_1800x1800.webp?fit=1600%2C1600&ssl=1","width":1600,"height":1600},{"@type":"BreadcrumbList","@id":"https:\/\/inti.hr\/bs\/proizvod\/konzolni-stol-za-hodnik\/#breadcrumb","itemListElement":[{"@type":"ListItem","position":1,"name":"Po\u010detna stranica","item":"https:\/\/inti.hr\/bs\/"},{"@type":"ListItem","position":2,"name":"Trgovina","item":"https:\/\/inti.hr\/bs\/trgovina\/"},{"@type":"ListItem","position":3,"name":"Konzolni stol za hodnik"}]},{"@type":"WebSite","@id":"https:\/\/inti.hr\/bs\/#website","url":"https:\/\/inti.hr\/bs\/","name":"Inti","description":"trgovina","potentialAction":[{"@type":"SearchAction","target":{"@type":"EntryPoint","urlTemplate":"https:\/\/inti.hr\/bs\/?s={search_term_string}"},"query-input":{"@type":"PropertyValueSpecification","valueRequired":true,"valueName":"search_term_string"}}],"inLanguage":"bs-BA"}]}},"jetpack_sharing_enabled":true,"jetpack-related-posts":[],"_links":{"self":[{"href":"https:\/\/inti.hr\/bs\/wp-json\/wp\/v2\/product\/36831"}],"collection":[{"href":"https:\/\/inti.hr\/bs\/wp-json\/wp\/v2\/product"}],"about":[{"href":"https:\/\/inti.hr\/bs\/wp-json\/wp\/v2\/types\/product"}],"wp:featuredmedia":[{"embeddable":true,"href":"https:\/\/inti.hr\/bs\/wp-json\/wp\/v2\/media\/36832"}],"wp:attachment":[{"href":"https:\/\/inti.hr\/bs\/wp-json\/wp\/v2\/media?parent=36831"}],"wp:term":[{"taxonomy":"product_cat","embeddable":true,"href":"https:\/\/inti.hr\/bs\/wp-json\/wp\/v2\/product_cat?post=36831"},{"taxonomy":"product_tag","embeddable":true,"href":"https:\/\/inti.hr\/bs\/wp-json\/wp\/v2\/product_tag?post=36831"}],"curies":[{"name":"wp","href":"https:\/\/api.w.org\/{rel}","templated":true}]}}