{"id":36839,"date":"2022-05-19T12:08:05","date_gmt":"2022-05-19T12:08:05","guid":{"rendered":"https:\/\/inti.hr\/product\/kupaonski-ormaric-ispod-sudopera\/"},"modified":"2022-05-19T12:08:05","modified_gmt":"2022-05-19T12:08:05","slug":"kupaonski-ormaric-ispod-sudopera","status":"publish","type":"product","link":"https:\/\/inti.hr\/bs\/proizvod\/kupaonski-ormaric-ispod-sudopera\/","title":{"rendered":"Kupaonski ormari\u0107 ispod sudopera"},"content":{"rendered":"<p>Detalji proizvoda:<\/p>\n<ul>\n<li>Materijal: PB (E1), metalni okvir.<\/li>\n<li>Te\u017eina: oko 14,6kg, nosivost: 30kg;<\/li>\n<li>Veli\u010dina proizvoda: 60x30x60cm (vidi sliku)<\/li>\n<li>Dimenzije pakiranja: 69x40x20cm.<\/li>\n<li>S uputama za monta\u017eu i vijcima.\u00a0Jednostavna instalacija.<\/li>\n<\/ul>\n","protected":false},"excerpt":{"rendered":"<p>S prakti\u010dnim i jednostavnim ormari\u0107em za umivaonik kona\u010dno imate dovoljno mjesta &#8230; <\/p>\n","protected":false},"featured_media":36840,"template":"","meta":[],"product_cat":[2392],"product_tag":[2520,2521,4948],"yoast_head":"<!-- This site is optimized with the Yoast SEO plugin v23.7 - https:\/\/yoast.com\/wordpress\/plugins\/seo\/ -->\n<title>Kupaonski ormari\u0107 ispod sudopera - Inti<\/title>\n<meta name=\"description\" content=\"kti\u010dnim i jednostavnim ormari\u0107em za umivaonik kona\u010dno imate dovoljno mjesta u kupaonici.\u00a0Idealno je rje\u0161enje za odr\u017eavanje va\u0161e kupaonice urednom. Ovaj ormari\u0107 nudi dovoljno prostora iza vrata za spremanje ru\u010dnika, toaletnog papira, deterd\u017eenta, sredstva za \u010di\u0161\u0107enje kupaonice i ostalih kupaonskih potrep\u0161tina te ih bolje \u0161titi od vode, pra\u0161ine itd. Klimavi ormari\u0107i oduvijek nisu bili u milosti.\u00a0Ispod svake noge nalazi se mali \u0161titnik koji \u0161titi pod od ogrebotina i \u010dini ormar stabilnijim. Sme\u0111a PB plo\u010da i crni metalni okvir daju mu starinski \u0161arm.\u00a0Svojim prekrasnim izgledom, ova umivaonica privla\u010di sva\u010diju pa\u017enju, u kupaonici, dnevnom boravku ili spava\u0107oj sobi. Visokokvalitetne plo\u010de jam\u010de savr\u0161enu stabilnost i dug radni vijek, \u010dak i u vla\u017enim okru\u017eenjima.\u00a0Povr\u0161ina se lako \u010disti, \u0161to olak\u0161ava ku\u0107anske poslove.\" \/>\n<meta name=\"robots\" content=\"index, follow, max-snippet:-1, max-image-preview:large, max-video-preview:-1\" \/>\n<link rel=\"canonical\" href=\"https:\/\/inti.hr\/bs\/proizvod\/kupaonski-ormaric-ispod-sudopera\/\" \/>\n<meta property=\"og:locale\" content=\"bs_BA\" \/>\n<meta property=\"og:type\" content=\"article\" \/>\n<meta property=\"og:title\" content=\"Kupaonski ormari\u0107 ispod sudopera - Inti\" \/>\n<meta property=\"og:description\" content=\"kti\u010dnim i jednostavnim ormari\u0107em za umivaonik kona\u010dno imate dovoljno mjesta u kupaonici.\u00a0Idealno je rje\u0161enje za odr\u017eavanje va\u0161e kupaonice urednom. Ovaj ormari\u0107 nudi dovoljno prostora iza vrata za spremanje ru\u010dnika, toaletnog papira, deterd\u017eenta, sredstva za \u010di\u0161\u0107enje kupaonice i ostalih kupaonskih potrep\u0161tina te ih bolje \u0161titi od vode, pra\u0161ine itd. Klimavi ormari\u0107i oduvijek nisu bili u milosti.\u00a0Ispod svake noge nalazi se mali \u0161titnik koji \u0161titi pod od ogrebotina i \u010dini ormar stabilnijim. Sme\u0111a PB plo\u010da i crni metalni okvir daju mu starinski \u0161arm.\u00a0Svojim prekrasnim izgledom, ova umivaonica privla\u010di sva\u010diju pa\u017enju, u kupaonici, dnevnom boravku ili spava\u0107oj sobi. Visokokvalitetne plo\u010de jam\u010de savr\u0161enu stabilnost i dug radni vijek, \u010dak i u vla\u017enim okru\u017eenjima.\u00a0Povr\u0161ina se lako \u010disti, \u0161to olak\u0161ava ku\u0107anske poslove.\" \/>\n<meta property=\"og:url\" content=\"https:\/\/inti.hr\/bs\/proizvod\/kupaonski-ormaric-ispod-sudopera\/\" \/>\n<meta property=\"og:site_name\" content=\"Inti\" \/>\n<meta property=\"og:image\" content=\"https:\/\/i0.wp.com\/inti.hr\/wp-content\/uploads\/2022\/05\/BZR63-PF-Y005_1800x1800.webp?fit=1600%2C1600&ssl=1\" \/>\n\t<meta property=\"og:image:width\" content=\"1600\" \/>\n\t<meta property=\"og:image:height\" content=\"1600\" \/>\n\t<meta property=\"og:image:type\" content=\"image\/webp\" \/>\n<meta name=\"twitter:card\" content=\"summary_large_image\" \/>\n<script type=\"application\/ld+json\" class=\"yoast-schema-graph\">{\"@context\":\"https:\/\/schema.org\",\"@graph\":[{\"@type\":\"WebPage\",\"@id\":\"https:\/\/inti.hr\/bs\/proizvod\/kupaonski-ormaric-ispod-sudopera\/\",\"url\":\"https:\/\/inti.hr\/bs\/proizvod\/kupaonski-ormaric-ispod-sudopera\/\",\"name\":\"Kupaonski ormari\u0107 ispod sudopera - Inti\",\"isPartOf\":{\"@id\":\"https:\/\/inti.hr\/bs\/#website\"},\"primaryImageOfPage\":{\"@id\":\"https:\/\/inti.hr\/bs\/proizvod\/kupaonski-ormaric-ispod-sudopera\/#primaryimage\"},\"image\":{\"@id\":\"https:\/\/inti.hr\/bs\/proizvod\/kupaonski-ormaric-ispod-sudopera\/#primaryimage\"},\"thumbnailUrl\":\"https:\/\/i0.wp.com\/inti.hr\/wp-content\/uploads\/2022\/05\/BZR63-PF-Y005_1800x1800.webp?fit=1600%2C1600&ssl=1\",\"datePublished\":\"2022-05-19T12:08:05+00:00\",\"dateModified\":\"2022-05-19T12:08:05+00:00\",\"description\":\"kti\u010dnim i jednostavnim ormari\u0107em za umivaonik kona\u010dno imate dovoljno mjesta u kupaonici.\u00a0Idealno je rje\u0161enje za odr\u017eavanje va\u0161e kupaonice urednom. Ovaj ormari\u0107 nudi dovoljno prostora iza vrata za spremanje ru\u010dnika, toaletnog papira, deterd\u017eenta, sredstva za \u010di\u0161\u0107enje kupaonice i ostalih kupaonskih potrep\u0161tina te ih bolje \u0161titi od vode, pra\u0161ine itd. Klimavi ormari\u0107i oduvijek nisu bili u milosti.\u00a0Ispod svake noge nalazi se mali \u0161titnik koji \u0161titi pod od ogrebotina i \u010dini ormar stabilnijim. Sme\u0111a PB plo\u010da i crni metalni okvir daju mu starinski \u0161arm.\u00a0Svojim prekrasnim izgledom, ova umivaonica privla\u010di sva\u010diju pa\u017enju, u kupaonici, dnevnom boravku ili spava\u0107oj sobi. Visokokvalitetne plo\u010de jam\u010de savr\u0161enu stabilnost i dug radni vijek, \u010dak i u vla\u017enim okru\u017eenjima.\u00a0Povr\u0161ina se lako \u010disti, \u0161to olak\u0161ava ku\u0107anske poslove.\",\"breadcrumb\":{\"@id\":\"https:\/\/inti.hr\/bs\/proizvod\/kupaonski-ormaric-ispod-sudopera\/#breadcrumb\"},\"inLanguage\":\"bs-BA\",\"potentialAction\":[{\"@type\":\"ReadAction\",\"target\":[\"https:\/\/inti.hr\/bs\/proizvod\/kupaonski-ormaric-ispod-sudopera\/\"]}]},{\"@type\":\"ImageObject\",\"inLanguage\":\"bs-BA\",\"@id\":\"https:\/\/inti.hr\/bs\/proizvod\/kupaonski-ormaric-ispod-sudopera\/#primaryimage\",\"url\":\"https:\/\/i0.wp.com\/inti.hr\/wp-content\/uploads\/2022\/05\/BZR63-PF-Y005_1800x1800.webp?fit=1600%2C1600&ssl=1\",\"contentUrl\":\"https:\/\/i0.wp.com\/inti.hr\/wp-content\/uploads\/2022\/05\/BZR63-PF-Y005_1800x1800.webp?fit=1600%2C1600&ssl=1\",\"width\":1600,\"height\":1600},{\"@type\":\"BreadcrumbList\",\"@id\":\"https:\/\/inti.hr\/bs\/proizvod\/kupaonski-ormaric-ispod-sudopera\/#breadcrumb\",\"itemListElement\":[{\"@type\":\"ListItem\",\"position\":1,\"name\":\"Po\u010detna stranica\",\"item\":\"https:\/\/inti.hr\/bs\/\"},{\"@type\":\"ListItem\",\"position\":2,\"name\":\"Trgovina\",\"item\":\"https:\/\/inti.hr\/bs\/trgovina\/\"},{\"@type\":\"ListItem\",\"position\":3,\"name\":\"Kupaonski ormari\u0107 ispod sudopera\"}]},{\"@type\":\"WebSite\",\"@id\":\"https:\/\/inti.hr\/bs\/#website\",\"url\":\"https:\/\/inti.hr\/bs\/\",\"name\":\"Inti\",\"description\":\"trgovina\",\"potentialAction\":[{\"@type\":\"SearchAction\",\"target\":{\"@type\":\"EntryPoint\",\"urlTemplate\":\"https:\/\/inti.hr\/bs\/?s={search_term_string}\"},\"query-input\":{\"@type\":\"PropertyValueSpecification\",\"valueRequired\":true,\"valueName\":\"search_term_string\"}}],\"inLanguage\":\"bs-BA\"}]}<\/script>\n<!-- \/ Yoast SEO plugin. -->","yoast_head_json":{"title":"Kupaonski ormari\u0107 ispod sudopera - Inti","description":"kti\u010dnim i jednostavnim ormari\u0107em za umivaonik kona\u010dno imate dovoljno mjesta u kupaonici.\u00a0Idealno je rje\u0161enje za odr\u017eavanje va\u0161e kupaonice urednom. Ovaj ormari\u0107 nudi dovoljno prostora iza vrata za spremanje ru\u010dnika, toaletnog papira, deterd\u017eenta, sredstva za \u010di\u0161\u0107enje kupaonice i ostalih kupaonskih potrep\u0161tina te ih bolje \u0161titi od vode, pra\u0161ine itd. Klimavi ormari\u0107i oduvijek nisu bili u milosti.\u00a0Ispod svake noge nalazi se mali \u0161titnik koji \u0161titi pod od ogrebotina i \u010dini ormar stabilnijim. Sme\u0111a PB plo\u010da i crni metalni okvir daju mu starinski \u0161arm.\u00a0Svojim prekrasnim izgledom, ova umivaonica privla\u010di sva\u010diju pa\u017enju, u kupaonici, dnevnom boravku ili spava\u0107oj sobi. Visokokvalitetne plo\u010de jam\u010de savr\u0161enu stabilnost i dug radni vijek, \u010dak i u vla\u017enim okru\u017eenjima.\u00a0Povr\u0161ina se lako \u010disti, \u0161to olak\u0161ava ku\u0107anske poslove.","robots":{"index":"index","follow":"follow","max-snippet":"max-snippet:-1","max-image-preview":"max-image-preview:large","max-video-preview":"max-video-preview:-1"},"canonical":"https:\/\/inti.hr\/bs\/proizvod\/kupaonski-ormaric-ispod-sudopera\/","og_locale":"bs_BA","og_type":"article","og_title":"Kupaonski ormari\u0107 ispod sudopera - Inti","og_description":"kti\u010dnim i jednostavnim ormari\u0107em za umivaonik kona\u010dno imate dovoljno mjesta u kupaonici.\u00a0Idealno je rje\u0161enje za odr\u017eavanje va\u0161e kupaonice urednom. Ovaj ormari\u0107 nudi dovoljno prostora iza vrata za spremanje ru\u010dnika, toaletnog papira, deterd\u017eenta, sredstva za \u010di\u0161\u0107enje kupaonice i ostalih kupaonskih potrep\u0161tina te ih bolje \u0161titi od vode, pra\u0161ine itd. Klimavi ormari\u0107i oduvijek nisu bili u milosti.\u00a0Ispod svake noge nalazi se mali \u0161titnik koji \u0161titi pod od ogrebotina i \u010dini ormar stabilnijim. Sme\u0111a PB plo\u010da i crni metalni okvir daju mu starinski \u0161arm.\u00a0Svojim prekrasnim izgledom, ova umivaonica privla\u010di sva\u010diju pa\u017enju, u kupaonici, dnevnom boravku ili spava\u0107oj sobi. Visokokvalitetne plo\u010de jam\u010de savr\u0161enu stabilnost i dug radni vijek, \u010dak i u vla\u017enim okru\u017eenjima.\u00a0Povr\u0161ina se lako \u010disti, \u0161to olak\u0161ava ku\u0107anske poslove.","og_url":"https:\/\/inti.hr\/bs\/proizvod\/kupaonski-ormaric-ispod-sudopera\/","og_site_name":"Inti","og_image":[{"width":1600,"height":1600,"url":"https:\/\/i0.wp.com\/inti.hr\/wp-content\/uploads\/2022\/05\/BZR63-PF-Y005_1800x1800.webp?fit=1600%2C1600&ssl=1","type":"image\/webp"}],"twitter_card":"summary_large_image","schema":{"@context":"https:\/\/schema.org","@graph":[{"@type":"WebPage","@id":"https:\/\/inti.hr\/bs\/proizvod\/kupaonski-ormaric-ispod-sudopera\/","url":"https:\/\/inti.hr\/bs\/proizvod\/kupaonski-ormaric-ispod-sudopera\/","name":"Kupaonski ormari\u0107 ispod sudopera - Inti","isPartOf":{"@id":"https:\/\/inti.hr\/bs\/#website"},"primaryImageOfPage":{"@id":"https:\/\/inti.hr\/bs\/proizvod\/kupaonski-ormaric-ispod-sudopera\/#primaryimage"},"image":{"@id":"https:\/\/inti.hr\/bs\/proizvod\/kupaonski-ormaric-ispod-sudopera\/#primaryimage"},"thumbnailUrl":"https:\/\/i0.wp.com\/inti.hr\/wp-content\/uploads\/2022\/05\/BZR63-PF-Y005_1800x1800.webp?fit=1600%2C1600&ssl=1","datePublished":"2022-05-19T12:08:05+00:00","dateModified":"2022-05-19T12:08:05+00:00","description":"kti\u010dnim i jednostavnim ormari\u0107em za umivaonik kona\u010dno imate dovoljno mjesta u kupaonici.\u00a0Idealno je rje\u0161enje za odr\u017eavanje va\u0161e kupaonice urednom. Ovaj ormari\u0107 nudi dovoljno prostora iza vrata za spremanje ru\u010dnika, toaletnog papira, deterd\u017eenta, sredstva za \u010di\u0161\u0107enje kupaonice i ostalih kupaonskih potrep\u0161tina te ih bolje \u0161titi od vode, pra\u0161ine itd. Klimavi ormari\u0107i oduvijek nisu bili u milosti.\u00a0Ispod svake noge nalazi se mali \u0161titnik koji \u0161titi pod od ogrebotina i \u010dini ormar stabilnijim. Sme\u0111a PB plo\u010da i crni metalni okvir daju mu starinski \u0161arm.\u00a0Svojim prekrasnim izgledom, ova umivaonica privla\u010di sva\u010diju pa\u017enju, u kupaonici, dnevnom boravku ili spava\u0107oj sobi. Visokokvalitetne plo\u010de jam\u010de savr\u0161enu stabilnost i dug radni vijek, \u010dak i u vla\u017enim okru\u017eenjima.\u00a0Povr\u0161ina se lako \u010disti, \u0161to olak\u0161ava ku\u0107anske poslove.","breadcrumb":{"@id":"https:\/\/inti.hr\/bs\/proizvod\/kupaonski-ormaric-ispod-sudopera\/#breadcrumb"},"inLanguage":"bs-BA","potentialAction":[{"@type":"ReadAction","target":["https:\/\/inti.hr\/bs\/proizvod\/kupaonski-ormaric-ispod-sudopera\/"]}]},{"@type":"ImageObject","inLanguage":"bs-BA","@id":"https:\/\/inti.hr\/bs\/proizvod\/kupaonski-ormaric-ispod-sudopera\/#primaryimage","url":"https:\/\/i0.wp.com\/inti.hr\/wp-content\/uploads\/2022\/05\/BZR63-PF-Y005_1800x1800.webp?fit=1600%2C1600&ssl=1","contentUrl":"https:\/\/i0.wp.com\/inti.hr\/wp-content\/uploads\/2022\/05\/BZR63-PF-Y005_1800x1800.webp?fit=1600%2C1600&ssl=1","width":1600,"height":1600},{"@type":"BreadcrumbList","@id":"https:\/\/inti.hr\/bs\/proizvod\/kupaonski-ormaric-ispod-sudopera\/#breadcrumb","itemListElement":[{"@type":"ListItem","position":1,"name":"Po\u010detna stranica","item":"https:\/\/inti.hr\/bs\/"},{"@type":"ListItem","position":2,"name":"Trgovina","item":"https:\/\/inti.hr\/bs\/trgovina\/"},{"@type":"ListItem","position":3,"name":"Kupaonski ormari\u0107 ispod sudopera"}]},{"@type":"WebSite","@id":"https:\/\/inti.hr\/bs\/#website","url":"https:\/\/inti.hr\/bs\/","name":"Inti","description":"trgovina","potentialAction":[{"@type":"SearchAction","target":{"@type":"EntryPoint","urlTemplate":"https:\/\/inti.hr\/bs\/?s={search_term_string}"},"query-input":{"@type":"PropertyValueSpecification","valueRequired":true,"valueName":"search_term_string"}}],"inLanguage":"bs-BA"}]}},"jetpack_sharing_enabled":true,"jetpack-related-posts":[],"_links":{"self":[{"href":"https:\/\/inti.hr\/bs\/wp-json\/wp\/v2\/product\/36839"}],"collection":[{"href":"https:\/\/inti.hr\/bs\/wp-json\/wp\/v2\/product"}],"about":[{"href":"https:\/\/inti.hr\/bs\/wp-json\/wp\/v2\/types\/product"}],"wp:featuredmedia":[{"embeddable":true,"href":"https:\/\/inti.hr\/bs\/wp-json\/wp\/v2\/media\/36840"}],"wp:attachment":[{"href":"https:\/\/inti.hr\/bs\/wp-json\/wp\/v2\/media?parent=36839"}],"wp:term":[{"taxonomy":"product_cat","embeddable":true,"href":"https:\/\/inti.hr\/bs\/wp-json\/wp\/v2\/product_cat?post=36839"},{"taxonomy":"product_tag","embeddable":true,"href":"https:\/\/inti.hr\/bs\/wp-json\/wp\/v2\/product_tag?post=36839"}],"curies":[{"name":"wp","href":"https:\/\/api.w.org\/{rel}","templated":true}]}}