{"id":36883,"date":"2022-05-12T09:11:36","date_gmt":"2022-05-12T09:11:36","guid":{"rendered":"https:\/\/inti.hr\/product\/kuhinjska-kolica-kolica-za-kuhinju\/"},"modified":"2022-05-12T09:11:36","modified_gmt":"2022-05-12T09:11:36","slug":"kuhinjska-kolica-kolica-za-kuhinju","status":"publish","type":"product","link":"https:\/\/inti.hr\/bs\/proizvod\/kuhinjska-kolica-kolica-za-kuhinju\/","title":{"rendered":"Kuhinjska kolica za kuhinju"},"content":{"rendered":"<p><strong>Klju\u010dne zna\u010dajke proizvoda:<\/strong><\/p>\n<ul>\n<li>Te\u017eina: oko 47 kg<\/li>\n<li>Nosivost: do 75 kg<\/li>\n<li>Materijal: MDF (E1), plo\u010da od drveta Hevea<\/li>\n<li>Veli\u010dina proizvoda: 127x48x94cm (vidi sliku)<\/li>\n<li>Dostava: 2 paketa:<\/li>\n<li>Paket A: 134x58x13cm<\/li>\n<li>Paket B: 98x55x14cm<\/li>\n<li>S uputama za monta\u017eu i vijcima.<\/li>\n<li>Uklju\u010dene ru\u010dke razli\u010ditih boja: zlatne i crne.<\/li>\n<\/ul>\n","protected":false},"excerpt":{"rendered":"<p>Ova kuhinjska kolica imaju mnogo prakti\u010dnih detalja dizajna.\u00a0Od polica za ru\u010dnike &#8230; <\/p>\n","protected":false},"featured_media":36884,"template":"","meta":[],"product_cat":[2536],"product_tag":[2537,4974,3744],"yoast_head":"<!-- This site is optimized with the Yoast SEO plugin v23.7 - https:\/\/yoast.com\/wordpress\/plugins\/seo\/ -->\n<title>Kuhinjska kolica za kuhinju - Inti<\/title>\n<meta name=\"description\" content=\"Ova kuhinjska kolica imaju mnogo prakti\u010dnih detalja dizajna. Od polica za ru\u010dnike do raznih pretinaca za odlaganje, ova kuhinjska kolica impresioniraju svojim dobro osmi\u0161ljenim dizajnom.Iza vrata mo\u017eete dr\u017eati sav va\u0161 kuhinjski pribor, pribor za jelo, \u010da\u0161e itd. sigurno i organizirano. Razina police mo\u017ee se podesiti u 3 varijante ili se mo\u017ee potpuno izostaviti.Osim toga, kuhinjska kolica imaju 7 otvorenih polica koje \u0107e vam pomo\u0107i da savr\u0161eno organizirate svoju kuhinju. Najve\u0107i pretinac nudi idealan prostor za va\u0161u mikrovalnu pe\u0107nicu i opremljen je rupama za kabel. Sa strane je pri\u010dvr\u0161\u0107ena \u0161ipka za ru\u010dnike. Mo\u017ee se montirati lijevo ili desno.Otvoreni pretinci nude puno prostora za pohranu va\u0161e mikrovalne pe\u0107nice, pe\u0107nice i imaju rupe za kablove. Polica iza vrata podesiva po visini prikladna je za razne kuhinjske predmete. S 4 visokokvalitetna kota\u010da (dva sa grani\u010dnikom) mo\u017eete postaviti kuhinjski ormar tamo gdje vam je potreban.Ova kuhinjska kolica imaju zlatne i crne gumbe koji se lako za\u0161rafljuju i zamjenjuju kako bi kuhinjskim kolicima dali osobni pe\u010dat.Zahvaljuju\u0107i velikoj gumenoj drvenoj radnoj povr\u0161ini, kuhinjski otok nudi obilje dodatnog prostora za pripremu jela. To se lako \u010disti i doprinosi visokokvalitetnom izgledu.Ormar na kota\u010dima uglavnom se koristi kao putnik izme\u0111u kuhinje i blagovaonice. Zahvaljuju\u0107i 4 kota\u010da (dva sa grani\u010dnikom), na\u0161a kuhinjska kolica brzo i sigurno prevoze hranu i pi\u0107e do \u017eeljenog polo\u017eaja.Kombinacija toplih tonova drva i \u010diste bijele savr\u0161eno se uklapa u svaki stil ure\u0111enja.\" \/>\n<meta name=\"robots\" content=\"index, follow, max-snippet:-1, max-image-preview:large, max-video-preview:-1\" \/>\n<link rel=\"canonical\" href=\"https:\/\/inti.hr\/bs\/proizvod\/kuhinjska-kolica-kolica-za-kuhinju\/\" \/>\n<meta property=\"og:locale\" content=\"bs_BA\" \/>\n<meta property=\"og:type\" content=\"article\" \/>\n<meta property=\"og:title\" content=\"Kuhinjska kolica za kuhinju - Inti\" \/>\n<meta property=\"og:description\" content=\"Ova kuhinjska kolica imaju mnogo prakti\u010dnih detalja dizajna. Od polica za ru\u010dnike do raznih pretinaca za odlaganje, ova kuhinjska kolica impresioniraju svojim dobro osmi\u0161ljenim dizajnom.Iza vrata mo\u017eete dr\u017eati sav va\u0161 kuhinjski pribor, pribor za jelo, \u010da\u0161e itd. sigurno i organizirano. Razina police mo\u017ee se podesiti u 3 varijante ili se mo\u017ee potpuno izostaviti.Osim toga, kuhinjska kolica imaju 7 otvorenih polica koje \u0107e vam pomo\u0107i da savr\u0161eno organizirate svoju kuhinju. Najve\u0107i pretinac nudi idealan prostor za va\u0161u mikrovalnu pe\u0107nicu i opremljen je rupama za kabel. Sa strane je pri\u010dvr\u0161\u0107ena \u0161ipka za ru\u010dnike. Mo\u017ee se montirati lijevo ili desno.Otvoreni pretinci nude puno prostora za pohranu va\u0161e mikrovalne pe\u0107nice, pe\u0107nice i imaju rupe za kablove. Polica iza vrata podesiva po visini prikladna je za razne kuhinjske predmete. S 4 visokokvalitetna kota\u010da (dva sa grani\u010dnikom) mo\u017eete postaviti kuhinjski ormar tamo gdje vam je potreban.Ova kuhinjska kolica imaju zlatne i crne gumbe koji se lako za\u0161rafljuju i zamjenjuju kako bi kuhinjskim kolicima dali osobni pe\u010dat.Zahvaljuju\u0107i velikoj gumenoj drvenoj radnoj povr\u0161ini, kuhinjski otok nudi obilje dodatnog prostora za pripremu jela. To se lako \u010disti i doprinosi visokokvalitetnom izgledu.Ormar na kota\u010dima uglavnom se koristi kao putnik izme\u0111u kuhinje i blagovaonice. Zahvaljuju\u0107i 4 kota\u010da (dva sa grani\u010dnikom), na\u0161a kuhinjska kolica brzo i sigurno prevoze hranu i pi\u0107e do \u017eeljenog polo\u017eaja.Kombinacija toplih tonova drva i \u010diste bijele savr\u0161eno se uklapa u svaki stil ure\u0111enja.\" \/>\n<meta property=\"og:url\" content=\"https:\/\/inti.hr\/bs\/proizvod\/kuhinjska-kolica-kolica-za-kuhinju\/\" \/>\n<meta property=\"og:site_name\" content=\"Inti\" \/>\n<meta property=\"og:image\" content=\"https:\/\/i0.wp.com\/inti.hr\/wp-content\/uploads\/2022\/05\/FKW105-WN-Y002_670x.webp?fit=670%2C670&ssl=1\" \/>\n\t<meta property=\"og:image:width\" content=\"670\" \/>\n\t<meta property=\"og:image:height\" content=\"670\" \/>\n\t<meta property=\"og:image:type\" content=\"image\/webp\" \/>\n<meta name=\"twitter:card\" content=\"summary_large_image\" \/>\n<script type=\"application\/ld+json\" class=\"yoast-schema-graph\">{\"@context\":\"https:\/\/schema.org\",\"@graph\":[{\"@type\":\"WebPage\",\"@id\":\"https:\/\/inti.hr\/bs\/proizvod\/kuhinjska-kolica-kolica-za-kuhinju\/\",\"url\":\"https:\/\/inti.hr\/bs\/proizvod\/kuhinjska-kolica-kolica-za-kuhinju\/\",\"name\":\"Kuhinjska kolica za kuhinju - Inti\",\"isPartOf\":{\"@id\":\"https:\/\/inti.hr\/bs\/#website\"},\"primaryImageOfPage\":{\"@id\":\"https:\/\/inti.hr\/bs\/proizvod\/kuhinjska-kolica-kolica-za-kuhinju\/#primaryimage\"},\"image\":{\"@id\":\"https:\/\/inti.hr\/bs\/proizvod\/kuhinjska-kolica-kolica-za-kuhinju\/#primaryimage\"},\"thumbnailUrl\":\"https:\/\/i0.wp.com\/inti.hr\/wp-content\/uploads\/2022\/05\/FKW105-WN-Y002_670x.webp?fit=670%2C670&ssl=1\",\"datePublished\":\"2022-05-12T09:11:36+00:00\",\"dateModified\":\"2022-05-12T09:11:36+00:00\",\"description\":\"Ova kuhinjska kolica imaju mnogo prakti\u010dnih detalja dizajna. Od polica za ru\u010dnike do raznih pretinaca za odlaganje, ova kuhinjska kolica impresioniraju svojim dobro osmi\u0161ljenim dizajnom.Iza vrata mo\u017eete dr\u017eati sav va\u0161 kuhinjski pribor, pribor za jelo, \u010da\u0161e itd. sigurno i organizirano. Razina police mo\u017ee se podesiti u 3 varijante ili se mo\u017ee potpuno izostaviti.Osim toga, kuhinjska kolica imaju 7 otvorenih polica koje \u0107e vam pomo\u0107i da savr\u0161eno organizirate svoju kuhinju. Najve\u0107i pretinac nudi idealan prostor za va\u0161u mikrovalnu pe\u0107nicu i opremljen je rupama za kabel. Sa strane je pri\u010dvr\u0161\u0107ena \u0161ipka za ru\u010dnike. Mo\u017ee se montirati lijevo ili desno.Otvoreni pretinci nude puno prostora za pohranu va\u0161e mikrovalne pe\u0107nice, pe\u0107nice i imaju rupe za kablove. Polica iza vrata podesiva po visini prikladna je za razne kuhinjske predmete. S 4 visokokvalitetna kota\u010da (dva sa grani\u010dnikom) mo\u017eete postaviti kuhinjski ormar tamo gdje vam je potreban.Ova kuhinjska kolica imaju zlatne i crne gumbe koji se lako za\u0161rafljuju i zamjenjuju kako bi kuhinjskim kolicima dali osobni pe\u010dat.Zahvaljuju\u0107i velikoj gumenoj drvenoj radnoj povr\u0161ini, kuhinjski otok nudi obilje dodatnog prostora za pripremu jela. To se lako \u010disti i doprinosi visokokvalitetnom izgledu.Ormar na kota\u010dima uglavnom se koristi kao putnik izme\u0111u kuhinje i blagovaonice. Zahvaljuju\u0107i 4 kota\u010da (dva sa grani\u010dnikom), na\u0161a kuhinjska kolica brzo i sigurno prevoze hranu i pi\u0107e do \u017eeljenog polo\u017eaja.Kombinacija toplih tonova drva i \u010diste bijele savr\u0161eno se uklapa u svaki stil ure\u0111enja.\",\"breadcrumb\":{\"@id\":\"https:\/\/inti.hr\/bs\/proizvod\/kuhinjska-kolica-kolica-za-kuhinju\/#breadcrumb\"},\"inLanguage\":\"bs-BA\",\"potentialAction\":[{\"@type\":\"ReadAction\",\"target\":[\"https:\/\/inti.hr\/bs\/proizvod\/kuhinjska-kolica-kolica-za-kuhinju\/\"]}]},{\"@type\":\"ImageObject\",\"inLanguage\":\"bs-BA\",\"@id\":\"https:\/\/inti.hr\/bs\/proizvod\/kuhinjska-kolica-kolica-za-kuhinju\/#primaryimage\",\"url\":\"https:\/\/i0.wp.com\/inti.hr\/wp-content\/uploads\/2022\/05\/FKW105-WN-Y002_670x.webp?fit=670%2C670&ssl=1\",\"contentUrl\":\"https:\/\/i0.wp.com\/inti.hr\/wp-content\/uploads\/2022\/05\/FKW105-WN-Y002_670x.webp?fit=670%2C670&ssl=1\",\"width\":670,\"height\":670},{\"@type\":\"BreadcrumbList\",\"@id\":\"https:\/\/inti.hr\/bs\/proizvod\/kuhinjska-kolica-kolica-za-kuhinju\/#breadcrumb\",\"itemListElement\":[{\"@type\":\"ListItem\",\"position\":1,\"name\":\"Po\u010detna stranica\",\"item\":\"https:\/\/inti.hr\/bs\/\"},{\"@type\":\"ListItem\",\"position\":2,\"name\":\"Trgovina\",\"item\":\"https:\/\/inti.hr\/bs\/trgovina\/\"},{\"@type\":\"ListItem\",\"position\":3,\"name\":\"Kuhinjska kolica za kuhinju\"}]},{\"@type\":\"WebSite\",\"@id\":\"https:\/\/inti.hr\/bs\/#website\",\"url\":\"https:\/\/inti.hr\/bs\/\",\"name\":\"Inti\",\"description\":\"trgovina\",\"potentialAction\":[{\"@type\":\"SearchAction\",\"target\":{\"@type\":\"EntryPoint\",\"urlTemplate\":\"https:\/\/inti.hr\/bs\/?s={search_term_string}\"},\"query-input\":{\"@type\":\"PropertyValueSpecification\",\"valueRequired\":true,\"valueName\":\"search_term_string\"}}],\"inLanguage\":\"bs-BA\"}]}<\/script>\n<!-- \/ Yoast SEO plugin. -->","yoast_head_json":{"title":"Kuhinjska kolica za kuhinju - Inti","description":"Ova kuhinjska kolica imaju mnogo prakti\u010dnih detalja dizajna. Od polica za ru\u010dnike do raznih pretinaca za odlaganje, ova kuhinjska kolica impresioniraju svojim dobro osmi\u0161ljenim dizajnom.Iza vrata mo\u017eete dr\u017eati sav va\u0161 kuhinjski pribor, pribor za jelo, \u010da\u0161e itd. sigurno i organizirano. Razina police mo\u017ee se podesiti u 3 varijante ili se mo\u017ee potpuno izostaviti.Osim toga, kuhinjska kolica imaju 7 otvorenih polica koje \u0107e vam pomo\u0107i da savr\u0161eno organizirate svoju kuhinju. Najve\u0107i pretinac nudi idealan prostor za va\u0161u mikrovalnu pe\u0107nicu i opremljen je rupama za kabel. Sa strane je pri\u010dvr\u0161\u0107ena \u0161ipka za ru\u010dnike. Mo\u017ee se montirati lijevo ili desno.Otvoreni pretinci nude puno prostora za pohranu va\u0161e mikrovalne pe\u0107nice, pe\u0107nice i imaju rupe za kablove. Polica iza vrata podesiva po visini prikladna je za razne kuhinjske predmete. S 4 visokokvalitetna kota\u010da (dva sa grani\u010dnikom) mo\u017eete postaviti kuhinjski ormar tamo gdje vam je potreban.Ova kuhinjska kolica imaju zlatne i crne gumbe koji se lako za\u0161rafljuju i zamjenjuju kako bi kuhinjskim kolicima dali osobni pe\u010dat.Zahvaljuju\u0107i velikoj gumenoj drvenoj radnoj povr\u0161ini, kuhinjski otok nudi obilje dodatnog prostora za pripremu jela. To se lako \u010disti i doprinosi visokokvalitetnom izgledu.Ormar na kota\u010dima uglavnom se koristi kao putnik izme\u0111u kuhinje i blagovaonice. Zahvaljuju\u0107i 4 kota\u010da (dva sa grani\u010dnikom), na\u0161a kuhinjska kolica brzo i sigurno prevoze hranu i pi\u0107e do \u017eeljenog polo\u017eaja.Kombinacija toplih tonova drva i \u010diste bijele savr\u0161eno se uklapa u svaki stil ure\u0111enja.","robots":{"index":"index","follow":"follow","max-snippet":"max-snippet:-1","max-image-preview":"max-image-preview:large","max-video-preview":"max-video-preview:-1"},"canonical":"https:\/\/inti.hr\/bs\/proizvod\/kuhinjska-kolica-kolica-za-kuhinju\/","og_locale":"bs_BA","og_type":"article","og_title":"Kuhinjska kolica za kuhinju - Inti","og_description":"Ova kuhinjska kolica imaju mnogo prakti\u010dnih detalja dizajna. Od polica za ru\u010dnike do raznih pretinaca za odlaganje, ova kuhinjska kolica impresioniraju svojim dobro osmi\u0161ljenim dizajnom.Iza vrata mo\u017eete dr\u017eati sav va\u0161 kuhinjski pribor, pribor za jelo, \u010da\u0161e itd. sigurno i organizirano. Razina police mo\u017ee se podesiti u 3 varijante ili se mo\u017ee potpuno izostaviti.Osim toga, kuhinjska kolica imaju 7 otvorenih polica koje \u0107e vam pomo\u0107i da savr\u0161eno organizirate svoju kuhinju. Najve\u0107i pretinac nudi idealan prostor za va\u0161u mikrovalnu pe\u0107nicu i opremljen je rupama za kabel. Sa strane je pri\u010dvr\u0161\u0107ena \u0161ipka za ru\u010dnike. Mo\u017ee se montirati lijevo ili desno.Otvoreni pretinci nude puno prostora za pohranu va\u0161e mikrovalne pe\u0107nice, pe\u0107nice i imaju rupe za kablove. Polica iza vrata podesiva po visini prikladna je za razne kuhinjske predmete. S 4 visokokvalitetna kota\u010da (dva sa grani\u010dnikom) mo\u017eete postaviti kuhinjski ormar tamo gdje vam je potreban.Ova kuhinjska kolica imaju zlatne i crne gumbe koji se lako za\u0161rafljuju i zamjenjuju kako bi kuhinjskim kolicima dali osobni pe\u010dat.Zahvaljuju\u0107i velikoj gumenoj drvenoj radnoj povr\u0161ini, kuhinjski otok nudi obilje dodatnog prostora za pripremu jela. To se lako \u010disti i doprinosi visokokvalitetnom izgledu.Ormar na kota\u010dima uglavnom se koristi kao putnik izme\u0111u kuhinje i blagovaonice. Zahvaljuju\u0107i 4 kota\u010da (dva sa grani\u010dnikom), na\u0161a kuhinjska kolica brzo i sigurno prevoze hranu i pi\u0107e do \u017eeljenog polo\u017eaja.Kombinacija toplih tonova drva i \u010diste bijele savr\u0161eno se uklapa u svaki stil ure\u0111enja.","og_url":"https:\/\/inti.hr\/bs\/proizvod\/kuhinjska-kolica-kolica-za-kuhinju\/","og_site_name":"Inti","og_image":[{"width":670,"height":670,"url":"https:\/\/i0.wp.com\/inti.hr\/wp-content\/uploads\/2022\/05\/FKW105-WN-Y002_670x.webp?fit=670%2C670&ssl=1","type":"image\/webp"}],"twitter_card":"summary_large_image","schema":{"@context":"https:\/\/schema.org","@graph":[{"@type":"WebPage","@id":"https:\/\/inti.hr\/bs\/proizvod\/kuhinjska-kolica-kolica-za-kuhinju\/","url":"https:\/\/inti.hr\/bs\/proizvod\/kuhinjska-kolica-kolica-za-kuhinju\/","name":"Kuhinjska kolica za kuhinju - Inti","isPartOf":{"@id":"https:\/\/inti.hr\/bs\/#website"},"primaryImageOfPage":{"@id":"https:\/\/inti.hr\/bs\/proizvod\/kuhinjska-kolica-kolica-za-kuhinju\/#primaryimage"},"image":{"@id":"https:\/\/inti.hr\/bs\/proizvod\/kuhinjska-kolica-kolica-za-kuhinju\/#primaryimage"},"thumbnailUrl":"https:\/\/i0.wp.com\/inti.hr\/wp-content\/uploads\/2022\/05\/FKW105-WN-Y002_670x.webp?fit=670%2C670&ssl=1","datePublished":"2022-05-12T09:11:36+00:00","dateModified":"2022-05-12T09:11:36+00:00","description":"Ova kuhinjska kolica imaju mnogo prakti\u010dnih detalja dizajna. Od polica za ru\u010dnike do raznih pretinaca za odlaganje, ova kuhinjska kolica impresioniraju svojim dobro osmi\u0161ljenim dizajnom.Iza vrata mo\u017eete dr\u017eati sav va\u0161 kuhinjski pribor, pribor za jelo, \u010da\u0161e itd. sigurno i organizirano. Razina police mo\u017ee se podesiti u 3 varijante ili se mo\u017ee potpuno izostaviti.Osim toga, kuhinjska kolica imaju 7 otvorenih polica koje \u0107e vam pomo\u0107i da savr\u0161eno organizirate svoju kuhinju. Najve\u0107i pretinac nudi idealan prostor za va\u0161u mikrovalnu pe\u0107nicu i opremljen je rupama za kabel. Sa strane je pri\u010dvr\u0161\u0107ena \u0161ipka za ru\u010dnike. Mo\u017ee se montirati lijevo ili desno.Otvoreni pretinci nude puno prostora za pohranu va\u0161e mikrovalne pe\u0107nice, pe\u0107nice i imaju rupe za kablove. Polica iza vrata podesiva po visini prikladna je za razne kuhinjske predmete. S 4 visokokvalitetna kota\u010da (dva sa grani\u010dnikom) mo\u017eete postaviti kuhinjski ormar tamo gdje vam je potreban.Ova kuhinjska kolica imaju zlatne i crne gumbe koji se lako za\u0161rafljuju i zamjenjuju kako bi kuhinjskim kolicima dali osobni pe\u010dat.Zahvaljuju\u0107i velikoj gumenoj drvenoj radnoj povr\u0161ini, kuhinjski otok nudi obilje dodatnog prostora za pripremu jela. To se lako \u010disti i doprinosi visokokvalitetnom izgledu.Ormar na kota\u010dima uglavnom se koristi kao putnik izme\u0111u kuhinje i blagovaonice. Zahvaljuju\u0107i 4 kota\u010da (dva sa grani\u010dnikom), na\u0161a kuhinjska kolica brzo i sigurno prevoze hranu i pi\u0107e do \u017eeljenog polo\u017eaja.Kombinacija toplih tonova drva i \u010diste bijele savr\u0161eno se uklapa u svaki stil ure\u0111enja.","breadcrumb":{"@id":"https:\/\/inti.hr\/bs\/proizvod\/kuhinjska-kolica-kolica-za-kuhinju\/#breadcrumb"},"inLanguage":"bs-BA","potentialAction":[{"@type":"ReadAction","target":["https:\/\/inti.hr\/bs\/proizvod\/kuhinjska-kolica-kolica-za-kuhinju\/"]}]},{"@type":"ImageObject","inLanguage":"bs-BA","@id":"https:\/\/inti.hr\/bs\/proizvod\/kuhinjska-kolica-kolica-za-kuhinju\/#primaryimage","url":"https:\/\/i0.wp.com\/inti.hr\/wp-content\/uploads\/2022\/05\/FKW105-WN-Y002_670x.webp?fit=670%2C670&ssl=1","contentUrl":"https:\/\/i0.wp.com\/inti.hr\/wp-content\/uploads\/2022\/05\/FKW105-WN-Y002_670x.webp?fit=670%2C670&ssl=1","width":670,"height":670},{"@type":"BreadcrumbList","@id":"https:\/\/inti.hr\/bs\/proizvod\/kuhinjska-kolica-kolica-za-kuhinju\/#breadcrumb","itemListElement":[{"@type":"ListItem","position":1,"name":"Po\u010detna stranica","item":"https:\/\/inti.hr\/bs\/"},{"@type":"ListItem","position":2,"name":"Trgovina","item":"https:\/\/inti.hr\/bs\/trgovina\/"},{"@type":"ListItem","position":3,"name":"Kuhinjska kolica za kuhinju"}]},{"@type":"WebSite","@id":"https:\/\/inti.hr\/bs\/#website","url":"https:\/\/inti.hr\/bs\/","name":"Inti","description":"trgovina","potentialAction":[{"@type":"SearchAction","target":{"@type":"EntryPoint","urlTemplate":"https:\/\/inti.hr\/bs\/?s={search_term_string}"},"query-input":{"@type":"PropertyValueSpecification","valueRequired":true,"valueName":"search_term_string"}}],"inLanguage":"bs-BA"}]}},"jetpack_sharing_enabled":true,"jetpack-related-posts":[],"_links":{"self":[{"href":"https:\/\/inti.hr\/bs\/wp-json\/wp\/v2\/product\/36883"}],"collection":[{"href":"https:\/\/inti.hr\/bs\/wp-json\/wp\/v2\/product"}],"about":[{"href":"https:\/\/inti.hr\/bs\/wp-json\/wp\/v2\/types\/product"}],"wp:featuredmedia":[{"embeddable":true,"href":"https:\/\/inti.hr\/bs\/wp-json\/wp\/v2\/media\/36884"}],"wp:attachment":[{"href":"https:\/\/inti.hr\/bs\/wp-json\/wp\/v2\/media?parent=36883"}],"wp:term":[{"taxonomy":"product_cat","embeddable":true,"href":"https:\/\/inti.hr\/bs\/wp-json\/wp\/v2\/product_cat?post=36883"},{"taxonomy":"product_tag","embeddable":true,"href":"https:\/\/inti.hr\/bs\/wp-json\/wp\/v2\/product_tag?post=36883"}],"curies":[{"name":"wp","href":"https:\/\/api.w.org\/{rel}","templated":true}]}}