{"id":36937,"date":"2022-01-21T15:49:19","date_gmt":"2022-01-21T15:49:19","guid":{"rendered":"https:\/\/inti.hr\/product\/konzolni-stol-mramornog-izgleda-vintage\/"},"modified":"2022-01-21T15:49:19","modified_gmt":"2022-01-21T15:49:19","slug":"konzolni-stol-mramornog-izgleda-vintage","status":"publish","type":"product","link":"https:\/\/inti.hr\/bs\/proizvod\/konzolni-stol-mramornog-izgleda-vintage\/","title":{"rendered":"Konzolni stol mramornog izgleda vintage"},"content":{"rendered":"<p>Detalji proizvoda:<\/p>\n<p>Te\u017eina: cca: 7 kg<br \/>\nNosivost: do 75 kg<br \/>\nMaterijal: PB (E1), furnirani mramor \/ metalni lim;<br \/>\nVeli\u010dina proizvoda: 100x36x75cm (vidi sliku)<br \/>\nDimenzije pakiranja: 108x42x14 cm.<\/p>\n","protected":false},"excerpt":{"rendered":"<p>Sa svojim mramornim furnirom na stolu i mat zlatnim okvirom, ovaj &#8230; <\/p>\n","protected":false},"featured_media":36938,"template":"","meta":[],"product_cat":[2570],"product_tag":[3410,4996,3945],"yoast_head":"<!-- This site is optimized with the Yoast SEO plugin v23.7 - https:\/\/yoast.com\/wordpress\/plugins\/seo\/ -->\n<title>Konzolni stol mramornog izgleda vintage - Inti<\/title>\n<meta name=\"description\" content=\"Sa svojim mramornim furnirom na stolu i mat zlatnim okvirom, ovaj konzolni stol nudi suptilan glamurozan izgled va\u0161em domu. Pristaje va\u0161oj sobi i dodaje eleganciju i modu va\u0161em dekoru, savr\u0161eno za opu\u0161taju\u0107i trenutak.\" \/>\n<meta name=\"robots\" content=\"index, follow, max-snippet:-1, max-image-preview:large, max-video-preview:-1\" \/>\n<link rel=\"canonical\" href=\"https:\/\/inti.hr\/bs\/proizvod\/konzolni-stol-mramornog-izgleda-vintage\/\" \/>\n<meta property=\"og:locale\" content=\"bs_BA\" \/>\n<meta property=\"og:type\" content=\"article\" \/>\n<meta property=\"og:title\" content=\"Konzolni stol mramornog izgleda vintage - Inti\" \/>\n<meta property=\"og:description\" content=\"Sa svojim mramornim furnirom na stolu i mat zlatnim okvirom, ovaj konzolni stol nudi suptilan glamurozan izgled va\u0161em domu. Pristaje va\u0161oj sobi i dodaje eleganciju i modu va\u0161em dekoru, savr\u0161eno za opu\u0161taju\u0107i trenutak.\" \/>\n<meta property=\"og:url\" content=\"https:\/\/inti.hr\/bs\/proizvod\/konzolni-stol-mramornog-izgleda-vintage\/\" \/>\n<meta property=\"og:site_name\" content=\"Inti\" \/>\n<meta property=\"og:image\" content=\"https:\/\/i0.wp.com\/inti.hr\/wp-content\/uploads\/2022\/01\/FSB58-G-S004_2048x2048.jpg?fit=1600%2C1600&ssl=1\" \/>\n\t<meta property=\"og:image:width\" content=\"1600\" \/>\n\t<meta property=\"og:image:height\" content=\"1600\" \/>\n\t<meta property=\"og:image:type\" content=\"image\/jpeg\" \/>\n<meta name=\"twitter:card\" content=\"summary_large_image\" \/>\n<script type=\"application\/ld+json\" class=\"yoast-schema-graph\">{\"@context\":\"https:\/\/schema.org\",\"@graph\":[{\"@type\":\"WebPage\",\"@id\":\"https:\/\/inti.hr\/bs\/proizvod\/konzolni-stol-mramornog-izgleda-vintage\/\",\"url\":\"https:\/\/inti.hr\/bs\/proizvod\/konzolni-stol-mramornog-izgleda-vintage\/\",\"name\":\"Konzolni stol mramornog izgleda vintage - Inti\",\"isPartOf\":{\"@id\":\"https:\/\/inti.hr\/bs\/#website\"},\"primaryImageOfPage\":{\"@id\":\"https:\/\/inti.hr\/bs\/proizvod\/konzolni-stol-mramornog-izgleda-vintage\/#primaryimage\"},\"image\":{\"@id\":\"https:\/\/inti.hr\/bs\/proizvod\/konzolni-stol-mramornog-izgleda-vintage\/#primaryimage\"},\"thumbnailUrl\":\"https:\/\/i0.wp.com\/inti.hr\/wp-content\/uploads\/2022\/01\/FSB58-G-S004_2048x2048.jpg?fit=1600%2C1600&ssl=1\",\"datePublished\":\"2022-01-21T15:49:19+00:00\",\"dateModified\":\"2022-01-21T15:49:19+00:00\",\"description\":\"Sa svojim mramornim furnirom na stolu i mat zlatnim okvirom, ovaj konzolni stol nudi suptilan glamurozan izgled va\u0161em domu. Pristaje va\u0161oj sobi i dodaje eleganciju i modu va\u0161em dekoru, savr\u0161eno za opu\u0161taju\u0107i trenutak.\",\"breadcrumb\":{\"@id\":\"https:\/\/inti.hr\/bs\/proizvod\/konzolni-stol-mramornog-izgleda-vintage\/#breadcrumb\"},\"inLanguage\":\"bs-BA\",\"potentialAction\":[{\"@type\":\"ReadAction\",\"target\":[\"https:\/\/inti.hr\/bs\/proizvod\/konzolni-stol-mramornog-izgleda-vintage\/\"]}]},{\"@type\":\"ImageObject\",\"inLanguage\":\"bs-BA\",\"@id\":\"https:\/\/inti.hr\/bs\/proizvod\/konzolni-stol-mramornog-izgleda-vintage\/#primaryimage\",\"url\":\"https:\/\/i0.wp.com\/inti.hr\/wp-content\/uploads\/2022\/01\/FSB58-G-S004_2048x2048.jpg?fit=1600%2C1600&ssl=1\",\"contentUrl\":\"https:\/\/i0.wp.com\/inti.hr\/wp-content\/uploads\/2022\/01\/FSB58-G-S004_2048x2048.jpg?fit=1600%2C1600&ssl=1\",\"width\":1600,\"height\":1600},{\"@type\":\"BreadcrumbList\",\"@id\":\"https:\/\/inti.hr\/bs\/proizvod\/konzolni-stol-mramornog-izgleda-vintage\/#breadcrumb\",\"itemListElement\":[{\"@type\":\"ListItem\",\"position\":1,\"name\":\"Po\u010detna stranica\",\"item\":\"https:\/\/inti.hr\/bs\/\"},{\"@type\":\"ListItem\",\"position\":2,\"name\":\"Trgovina\",\"item\":\"https:\/\/inti.hr\/bs\/trgovina\/\"},{\"@type\":\"ListItem\",\"position\":3,\"name\":\"Konzolni stol mramornog izgleda vintage\"}]},{\"@type\":\"WebSite\",\"@id\":\"https:\/\/inti.hr\/bs\/#website\",\"url\":\"https:\/\/inti.hr\/bs\/\",\"name\":\"Inti\",\"description\":\"trgovina\",\"potentialAction\":[{\"@type\":\"SearchAction\",\"target\":{\"@type\":\"EntryPoint\",\"urlTemplate\":\"https:\/\/inti.hr\/bs\/?s={search_term_string}\"},\"query-input\":{\"@type\":\"PropertyValueSpecification\",\"valueRequired\":true,\"valueName\":\"search_term_string\"}}],\"inLanguage\":\"bs-BA\"}]}<\/script>\n<!-- \/ Yoast SEO plugin. -->","yoast_head_json":{"title":"Konzolni stol mramornog izgleda vintage - Inti","description":"Sa svojim mramornim furnirom na stolu i mat zlatnim okvirom, ovaj konzolni stol nudi suptilan glamurozan izgled va\u0161em domu. Pristaje va\u0161oj sobi i dodaje eleganciju i modu va\u0161em dekoru, savr\u0161eno za opu\u0161taju\u0107i trenutak.","robots":{"index":"index","follow":"follow","max-snippet":"max-snippet:-1","max-image-preview":"max-image-preview:large","max-video-preview":"max-video-preview:-1"},"canonical":"https:\/\/inti.hr\/bs\/proizvod\/konzolni-stol-mramornog-izgleda-vintage\/","og_locale":"bs_BA","og_type":"article","og_title":"Konzolni stol mramornog izgleda vintage - Inti","og_description":"Sa svojim mramornim furnirom na stolu i mat zlatnim okvirom, ovaj konzolni stol nudi suptilan glamurozan izgled va\u0161em domu. Pristaje va\u0161oj sobi i dodaje eleganciju i modu va\u0161em dekoru, savr\u0161eno za opu\u0161taju\u0107i trenutak.","og_url":"https:\/\/inti.hr\/bs\/proizvod\/konzolni-stol-mramornog-izgleda-vintage\/","og_site_name":"Inti","og_image":[{"width":1600,"height":1600,"url":"https:\/\/i0.wp.com\/inti.hr\/wp-content\/uploads\/2022\/01\/FSB58-G-S004_2048x2048.jpg?fit=1600%2C1600&ssl=1","type":"image\/jpeg"}],"twitter_card":"summary_large_image","schema":{"@context":"https:\/\/schema.org","@graph":[{"@type":"WebPage","@id":"https:\/\/inti.hr\/bs\/proizvod\/konzolni-stol-mramornog-izgleda-vintage\/","url":"https:\/\/inti.hr\/bs\/proizvod\/konzolni-stol-mramornog-izgleda-vintage\/","name":"Konzolni stol mramornog izgleda vintage - Inti","isPartOf":{"@id":"https:\/\/inti.hr\/bs\/#website"},"primaryImageOfPage":{"@id":"https:\/\/inti.hr\/bs\/proizvod\/konzolni-stol-mramornog-izgleda-vintage\/#primaryimage"},"image":{"@id":"https:\/\/inti.hr\/bs\/proizvod\/konzolni-stol-mramornog-izgleda-vintage\/#primaryimage"},"thumbnailUrl":"https:\/\/i0.wp.com\/inti.hr\/wp-content\/uploads\/2022\/01\/FSB58-G-S004_2048x2048.jpg?fit=1600%2C1600&ssl=1","datePublished":"2022-01-21T15:49:19+00:00","dateModified":"2022-01-21T15:49:19+00:00","description":"Sa svojim mramornim furnirom na stolu i mat zlatnim okvirom, ovaj konzolni stol nudi suptilan glamurozan izgled va\u0161em domu. Pristaje va\u0161oj sobi i dodaje eleganciju i modu va\u0161em dekoru, savr\u0161eno za opu\u0161taju\u0107i trenutak.","breadcrumb":{"@id":"https:\/\/inti.hr\/bs\/proizvod\/konzolni-stol-mramornog-izgleda-vintage\/#breadcrumb"},"inLanguage":"bs-BA","potentialAction":[{"@type":"ReadAction","target":["https:\/\/inti.hr\/bs\/proizvod\/konzolni-stol-mramornog-izgleda-vintage\/"]}]},{"@type":"ImageObject","inLanguage":"bs-BA","@id":"https:\/\/inti.hr\/bs\/proizvod\/konzolni-stol-mramornog-izgleda-vintage\/#primaryimage","url":"https:\/\/i0.wp.com\/inti.hr\/wp-content\/uploads\/2022\/01\/FSB58-G-S004_2048x2048.jpg?fit=1600%2C1600&ssl=1","contentUrl":"https:\/\/i0.wp.com\/inti.hr\/wp-content\/uploads\/2022\/01\/FSB58-G-S004_2048x2048.jpg?fit=1600%2C1600&ssl=1","width":1600,"height":1600},{"@type":"BreadcrumbList","@id":"https:\/\/inti.hr\/bs\/proizvod\/konzolni-stol-mramornog-izgleda-vintage\/#breadcrumb","itemListElement":[{"@type":"ListItem","position":1,"name":"Po\u010detna stranica","item":"https:\/\/inti.hr\/bs\/"},{"@type":"ListItem","position":2,"name":"Trgovina","item":"https:\/\/inti.hr\/bs\/trgovina\/"},{"@type":"ListItem","position":3,"name":"Konzolni stol mramornog izgleda vintage"}]},{"@type":"WebSite","@id":"https:\/\/inti.hr\/bs\/#website","url":"https:\/\/inti.hr\/bs\/","name":"Inti","description":"trgovina","potentialAction":[{"@type":"SearchAction","target":{"@type":"EntryPoint","urlTemplate":"https:\/\/inti.hr\/bs\/?s={search_term_string}"},"query-input":{"@type":"PropertyValueSpecification","valueRequired":true,"valueName":"search_term_string"}}],"inLanguage":"bs-BA"}]}},"jetpack_sharing_enabled":true,"jetpack-related-posts":[],"_links":{"self":[{"href":"https:\/\/inti.hr\/bs\/wp-json\/wp\/v2\/product\/36937"}],"collection":[{"href":"https:\/\/inti.hr\/bs\/wp-json\/wp\/v2\/product"}],"about":[{"href":"https:\/\/inti.hr\/bs\/wp-json\/wp\/v2\/types\/product"}],"wp:featuredmedia":[{"embeddable":true,"href":"https:\/\/inti.hr\/bs\/wp-json\/wp\/v2\/media\/36938"}],"wp:attachment":[{"href":"https:\/\/inti.hr\/bs\/wp-json\/wp\/v2\/media?parent=36937"}],"wp:term":[{"taxonomy":"product_cat","embeddable":true,"href":"https:\/\/inti.hr\/bs\/wp-json\/wp\/v2\/product_cat?post=36937"},{"taxonomy":"product_tag","embeddable":true,"href":"https:\/\/inti.hr\/bs\/wp-json\/wp\/v2\/product_tag?post=36937"}],"curies":[{"name":"wp","href":"https:\/\/api.w.org\/{rel}","templated":true}]}}