{"id":36975,"date":"2022-01-08T19:29:38","date_gmt":"2022-01-08T19:29:38","guid":{"rendered":"https:\/\/inti.hr\/product\/stol-za-kavu-s-resetkastom-policom-industrijski-stil\/"},"modified":"2022-01-08T19:29:38","modified_gmt":"2022-01-08T19:29:38","slug":"stol-za-kavu-s-resetkastom-policom-industrijski-stil","status":"publish","type":"product","link":"https:\/\/inti.hr\/bs\/proizvod\/stol-za-kavu-s-resetkastom-policom-industrijski-stil\/","title":{"rendered":"Stol za kavu s re\u0161etkastom policom, industrijski stil"},"content":{"rendered":"<p><b>Detalji o proizvodu:<\/b><\/p>\n<p>&#8211; Boja: vintage \/ tamno sme\u0111a<\/p>\n<p>&#8211; Materijal: iverica, \u017eeljezo<\/p>\n<p>&#8211; Veli\u010dina: 106 x 60 x 45 cm (D x \u0160 x V)<\/p>\n<p>&#8211; Te\u017eina: 11,8 kg<\/p>\n<p>&#8211; Maksimalna stati\u010dka nosivost podloge: 40 kg<\/p>\n<p>&#8211; Maksimalna stati\u010dka nosivost re\u0161etkaste police: 10 kg<\/p>\n<p>&nbsp;<\/p>\n<p>&nbsp;<\/p>\n","protected":false},"excerpt":{"rendered":"<p>Sa svojom vintage zavr\u0161nom obradom i crnim \u017eeljeznim nogama, ovaj stoli\u0107 &#8230; <\/p>\n","protected":false},"featured_media":36977,"template":"","meta":[],"product_cat":[2418],"product_tag":[3864,2911],"yoast_head":"<!-- This site is optimized with the Yoast SEO plugin v23.7 - https:\/\/yoast.com\/wordpress\/plugins\/seo\/ -->\n<title>Stol za kavu s re\u0161etkastom policom, industrijski stil - Inti<\/title>\n<meta name=\"description\" content=\"Stoli\u0107, stol za dnevni boravak s re\u0161etkastom policom, veliki prostor za pohranu, stoli\u0107, stoli\u0107 za kavu, jednostavna konstrukcija, stabilan, industrijski dizajn, vintage, tamno sme\u0111i.\" \/>\n<meta name=\"robots\" content=\"index, follow, max-snippet:-1, max-image-preview:large, max-video-preview:-1\" \/>\n<link rel=\"canonical\" href=\"https:\/\/inti.hr\/bs\/proizvod\/stol-za-kavu-s-resetkastom-policom-industrijski-stil\/\" \/>\n<meta property=\"og:locale\" content=\"bs_BA\" \/>\n<meta property=\"og:type\" content=\"article\" \/>\n<meta property=\"og:title\" content=\"Stol za kavu s re\u0161etkastom policom, industrijski stil - Inti\" \/>\n<meta property=\"og:description\" content=\"Stoli\u0107, stol za dnevni boravak s re\u0161etkastom policom, veliki prostor za pohranu, stoli\u0107, stoli\u0107 za kavu, jednostavna konstrukcija, stabilan, industrijski dizajn, vintage, tamno sme\u0111i.\" \/>\n<meta property=\"og:url\" content=\"https:\/\/inti.hr\/bs\/proizvod\/stol-za-kavu-s-resetkastom-policom-industrijski-stil\/\" \/>\n<meta property=\"og:site_name\" content=\"Inti\" \/>\n<meta property=\"og:image\" content=\"https:\/\/i0.wp.com\/inti.hr\/wp-content\/uploads\/2022\/01\/81Mwe7RAofL._AC_SL1500_.jpg?fit=1500%2C1500&ssl=1\" \/>\n\t<meta property=\"og:image:width\" content=\"1500\" \/>\n\t<meta property=\"og:image:height\" content=\"1500\" \/>\n\t<meta property=\"og:image:type\" content=\"image\/jpeg\" \/>\n<meta name=\"twitter:card\" content=\"summary_large_image\" \/>\n<meta name=\"twitter:label1\" content=\"Est. reading time\" \/>\n\t<meta name=\"twitter:data1\" content=\"1 minuta\" \/>\n<script type=\"application\/ld+json\" class=\"yoast-schema-graph\">{\"@context\":\"https:\/\/schema.org\",\"@graph\":[{\"@type\":\"WebPage\",\"@id\":\"https:\/\/inti.hr\/bs\/proizvod\/stol-za-kavu-s-resetkastom-policom-industrijski-stil\/\",\"url\":\"https:\/\/inti.hr\/bs\/proizvod\/stol-za-kavu-s-resetkastom-policom-industrijski-stil\/\",\"name\":\"Stol za kavu s re\u0161etkastom policom, industrijski stil - Inti\",\"isPartOf\":{\"@id\":\"https:\/\/inti.hr\/bs\/#website\"},\"primaryImageOfPage\":{\"@id\":\"https:\/\/inti.hr\/bs\/proizvod\/stol-za-kavu-s-resetkastom-policom-industrijski-stil\/#primaryimage\"},\"image\":{\"@id\":\"https:\/\/inti.hr\/bs\/proizvod\/stol-za-kavu-s-resetkastom-policom-industrijski-stil\/#primaryimage\"},\"thumbnailUrl\":\"https:\/\/i0.wp.com\/inti.hr\/wp-content\/uploads\/2022\/01\/81Mwe7RAofL._AC_SL1500_.jpg?fit=1500%2C1500&ssl=1\",\"datePublished\":\"2022-01-08T19:29:38+00:00\",\"dateModified\":\"2022-01-08T19:29:38+00:00\",\"description\":\"Stoli\u0107, stol za dnevni boravak s re\u0161etkastom policom, veliki prostor za pohranu, stoli\u0107, stoli\u0107 za kavu, jednostavna konstrukcija, stabilan, industrijski dizajn, vintage, tamno sme\u0111i.\",\"breadcrumb\":{\"@id\":\"https:\/\/inti.hr\/bs\/proizvod\/stol-za-kavu-s-resetkastom-policom-industrijski-stil\/#breadcrumb\"},\"inLanguage\":\"bs-BA\",\"potentialAction\":[{\"@type\":\"ReadAction\",\"target\":[\"https:\/\/inti.hr\/bs\/proizvod\/stol-za-kavu-s-resetkastom-policom-industrijski-stil\/\"]}]},{\"@type\":\"ImageObject\",\"inLanguage\":\"bs-BA\",\"@id\":\"https:\/\/inti.hr\/bs\/proizvod\/stol-za-kavu-s-resetkastom-policom-industrijski-stil\/#primaryimage\",\"url\":\"https:\/\/i0.wp.com\/inti.hr\/wp-content\/uploads\/2022\/01\/81Mwe7RAofL._AC_SL1500_.jpg?fit=1500%2C1500&ssl=1\",\"contentUrl\":\"https:\/\/i0.wp.com\/inti.hr\/wp-content\/uploads\/2022\/01\/81Mwe7RAofL._AC_SL1500_.jpg?fit=1500%2C1500&ssl=1\",\"width\":1500,\"height\":1500},{\"@type\":\"BreadcrumbList\",\"@id\":\"https:\/\/inti.hr\/bs\/proizvod\/stol-za-kavu-s-resetkastom-policom-industrijski-stil\/#breadcrumb\",\"itemListElement\":[{\"@type\":\"ListItem\",\"position\":1,\"name\":\"Po\u010detna stranica\",\"item\":\"https:\/\/inti.hr\/bs\/\"},{\"@type\":\"ListItem\",\"position\":2,\"name\":\"Trgovina\",\"item\":\"https:\/\/inti.hr\/bs\/trgovina\/\"},{\"@type\":\"ListItem\",\"position\":3,\"name\":\"Stol za kavu s re\u0161etkastom policom, industrijski stil\"}]},{\"@type\":\"WebSite\",\"@id\":\"https:\/\/inti.hr\/bs\/#website\",\"url\":\"https:\/\/inti.hr\/bs\/\",\"name\":\"Inti\",\"description\":\"trgovina\",\"potentialAction\":[{\"@type\":\"SearchAction\",\"target\":{\"@type\":\"EntryPoint\",\"urlTemplate\":\"https:\/\/inti.hr\/bs\/?s={search_term_string}\"},\"query-input\":{\"@type\":\"PropertyValueSpecification\",\"valueRequired\":true,\"valueName\":\"search_term_string\"}}],\"inLanguage\":\"bs-BA\"}]}<\/script>\n<!-- \/ Yoast SEO plugin. -->","yoast_head_json":{"title":"Stol za kavu s re\u0161etkastom policom, industrijski stil - Inti","description":"Stoli\u0107, stol za dnevni boravak s re\u0161etkastom policom, veliki prostor za pohranu, stoli\u0107, stoli\u0107 za kavu, jednostavna konstrukcija, stabilan, industrijski dizajn, vintage, tamno sme\u0111i.","robots":{"index":"index","follow":"follow","max-snippet":"max-snippet:-1","max-image-preview":"max-image-preview:large","max-video-preview":"max-video-preview:-1"},"canonical":"https:\/\/inti.hr\/bs\/proizvod\/stol-za-kavu-s-resetkastom-policom-industrijski-stil\/","og_locale":"bs_BA","og_type":"article","og_title":"Stol za kavu s re\u0161etkastom policom, industrijski stil - Inti","og_description":"Stoli\u0107, stol za dnevni boravak s re\u0161etkastom policom, veliki prostor za pohranu, stoli\u0107, stoli\u0107 za kavu, jednostavna konstrukcija, stabilan, industrijski dizajn, vintage, tamno sme\u0111i.","og_url":"https:\/\/inti.hr\/bs\/proizvod\/stol-za-kavu-s-resetkastom-policom-industrijski-stil\/","og_site_name":"Inti","og_image":[{"width":1500,"height":1500,"url":"https:\/\/i0.wp.com\/inti.hr\/wp-content\/uploads\/2022\/01\/81Mwe7RAofL._AC_SL1500_.jpg?fit=1500%2C1500&ssl=1","type":"image\/jpeg"}],"twitter_card":"summary_large_image","twitter_misc":{"Est. reading time":"1 minuta"},"schema":{"@context":"https:\/\/schema.org","@graph":[{"@type":"WebPage","@id":"https:\/\/inti.hr\/bs\/proizvod\/stol-za-kavu-s-resetkastom-policom-industrijski-stil\/","url":"https:\/\/inti.hr\/bs\/proizvod\/stol-za-kavu-s-resetkastom-policom-industrijski-stil\/","name":"Stol za kavu s re\u0161etkastom policom, industrijski stil - Inti","isPartOf":{"@id":"https:\/\/inti.hr\/bs\/#website"},"primaryImageOfPage":{"@id":"https:\/\/inti.hr\/bs\/proizvod\/stol-za-kavu-s-resetkastom-policom-industrijski-stil\/#primaryimage"},"image":{"@id":"https:\/\/inti.hr\/bs\/proizvod\/stol-za-kavu-s-resetkastom-policom-industrijski-stil\/#primaryimage"},"thumbnailUrl":"https:\/\/i0.wp.com\/inti.hr\/wp-content\/uploads\/2022\/01\/81Mwe7RAofL._AC_SL1500_.jpg?fit=1500%2C1500&ssl=1","datePublished":"2022-01-08T19:29:38+00:00","dateModified":"2022-01-08T19:29:38+00:00","description":"Stoli\u0107, stol za dnevni boravak s re\u0161etkastom policom, veliki prostor za pohranu, stoli\u0107, stoli\u0107 za kavu, jednostavna konstrukcija, stabilan, industrijski dizajn, vintage, tamno sme\u0111i.","breadcrumb":{"@id":"https:\/\/inti.hr\/bs\/proizvod\/stol-za-kavu-s-resetkastom-policom-industrijski-stil\/#breadcrumb"},"inLanguage":"bs-BA","potentialAction":[{"@type":"ReadAction","target":["https:\/\/inti.hr\/bs\/proizvod\/stol-za-kavu-s-resetkastom-policom-industrijski-stil\/"]}]},{"@type":"ImageObject","inLanguage":"bs-BA","@id":"https:\/\/inti.hr\/bs\/proizvod\/stol-za-kavu-s-resetkastom-policom-industrijski-stil\/#primaryimage","url":"https:\/\/i0.wp.com\/inti.hr\/wp-content\/uploads\/2022\/01\/81Mwe7RAofL._AC_SL1500_.jpg?fit=1500%2C1500&ssl=1","contentUrl":"https:\/\/i0.wp.com\/inti.hr\/wp-content\/uploads\/2022\/01\/81Mwe7RAofL._AC_SL1500_.jpg?fit=1500%2C1500&ssl=1","width":1500,"height":1500},{"@type":"BreadcrumbList","@id":"https:\/\/inti.hr\/bs\/proizvod\/stol-za-kavu-s-resetkastom-policom-industrijski-stil\/#breadcrumb","itemListElement":[{"@type":"ListItem","position":1,"name":"Po\u010detna stranica","item":"https:\/\/inti.hr\/bs\/"},{"@type":"ListItem","position":2,"name":"Trgovina","item":"https:\/\/inti.hr\/bs\/trgovina\/"},{"@type":"ListItem","position":3,"name":"Stol za kavu s re\u0161etkastom policom, industrijski stil"}]},{"@type":"WebSite","@id":"https:\/\/inti.hr\/bs\/#website","url":"https:\/\/inti.hr\/bs\/","name":"Inti","description":"trgovina","potentialAction":[{"@type":"SearchAction","target":{"@type":"EntryPoint","urlTemplate":"https:\/\/inti.hr\/bs\/?s={search_term_string}"},"query-input":{"@type":"PropertyValueSpecification","valueRequired":true,"valueName":"search_term_string"}}],"inLanguage":"bs-BA"}]}},"jetpack_sharing_enabled":true,"jetpack-related-posts":[],"_links":{"self":[{"href":"https:\/\/inti.hr\/bs\/wp-json\/wp\/v2\/product\/36975"}],"collection":[{"href":"https:\/\/inti.hr\/bs\/wp-json\/wp\/v2\/product"}],"about":[{"href":"https:\/\/inti.hr\/bs\/wp-json\/wp\/v2\/types\/product"}],"wp:featuredmedia":[{"embeddable":true,"href":"https:\/\/inti.hr\/bs\/wp-json\/wp\/v2\/media\/36977"}],"wp:attachment":[{"href":"https:\/\/inti.hr\/bs\/wp-json\/wp\/v2\/media?parent=36975"}],"wp:term":[{"taxonomy":"product_cat","embeddable":true,"href":"https:\/\/inti.hr\/bs\/wp-json\/wp\/v2\/product_cat?post=36975"},{"taxonomy":"product_tag","embeddable":true,"href":"https:\/\/inti.hr\/bs\/wp-json\/wp\/v2\/product_tag?post=36975"}],"curies":[{"name":"wp","href":"https:\/\/api.w.org\/{rel}","templated":true}]}}