{"id":36987,"date":"2022-01-03T08:12:29","date_gmt":"2022-01-03T08:12:29","guid":{"rendered":"https:\/\/inti.hr\/product\/barske-stolice-industrijski-dizajn-2-komada\/"},"modified":"2022-01-03T08:12:29","modified_gmt":"2022-01-03T08:12:29","slug":"barske-stolice-industrijski-dizajn-2-komada","status":"publish","type":"product","link":"https:\/\/inti.hr\/bs\/proizvod\/barske-stolice-industrijski-dizajn-2-komada\/","title":{"rendered":"Barske stolice industrijski dizajn 2 komada"},"content":{"rendered":"<p><b>Detalji o proizvodu:<\/b><br \/>\n&#8211; Materijal: iverica, \u010delik<br \/>\n&#8211; Veli\u010dina: 43,1 x 50,7 x 97,2 cm (D x \u0160 x V)<br \/>\n&#8211; Te\u017eina: 12,8 kg<br \/>\n&#8211; Maksimalna stati\u010dka nosivost po stolici: 130 kg<\/p>\n<p>&nbsp;<\/p>\n<p>Ove \u010dvrste barske stolice od izdr\u017eljive drvene sje\u010dke i \u010dvrstog \u010delika pratit \u0107e vas godinama do doru\u010dka!\u00a0Zahvaljuju\u0107i \u010dvrstim \u0161ipkama na dnu, svaka stolica mo\u017ee nositi do 130 kg. Zahvaljuju\u0107i osloncu za noge, va\u0161e se noge opu\u0161taju kao i ostatak tijela.\u00a0Kut izme\u0111u sjedala i naslona je 102\u00b0 &#8211; blago nagnuti naslon osigurava visoku razinu udobnosti sjedenja. Kombinirani su rustikalno sme\u0111i iveral, crni metal i perforirani nasloni &#8211; dvije barske stolice za va\u0161u kuhinju, \u0161ank ili blagovaonicu.\u00a0Stolice u industrijskom stilu zasigurno \u0107e zadovoljiti va\u0161e goste.<\/p>\n","protected":false},"excerpt":{"rendered":"<p>Antracit sive plo\u010de, mat crni metal i a\u017eurni naslon donose novi &#8230; <\/p>\n","protected":false},"featured_media":36989,"template":"","meta":[],"product_cat":[2536],"product_tag":[3748,5012],"yoast_head":"<!-- This site is optimized with the Yoast SEO plugin v23.7 - https:\/\/yoast.com\/wordpress\/plugins\/seo\/ -->\n<title>Barske stolice industrijski dizajn 2 komada - Inti<\/title>\n<meta name=\"description\" content=\"\u00a0Barska stolica, set od 2, barske stolice, kuhinjske stolice, za kuhinju, dnevni boravak, blagovaonicu, industrijski dizajn, vintage sme\u0111e-crna. Antracit sive plo\u010de, mat crni metal i a\u017eurni naslon donose novi okus u va\u0161 bar, kuhinju ili blagovaonicu. Va\u0161i gosti \u0107e obo\u017eavati industrijski dojam ovih stolica! Vrijeme je za odmor nakon dugog dana na poslu. Oslonite noge na oslonac za noge i naslonite se na blago nako\u0161en naslon s kutom nagiba od 102\u00b0 - ove barske stolice nude maksimalnu udobnost. Toliko je potrebno za sastavljanje ovog stolca iz na\u0161e kolekcije Alinru. Potrebno je samo malo vremena da svom domu dodate \u0161arm, lako\u0107u i udobnost, zar nije sjajno? Vrijeme je da obnovite snagu. Sna\u017ean \u010deli\u010dni okvir, visokokvalitetna iverica i oja\u010dane bo\u010dne \u0161ipke kombiniraju se kako bi stvorili ove stolce koji imaju snagu (130 kg nosivosti svaki) da vam slu\u017ee godinama.\u00a0\" \/>\n<meta name=\"robots\" content=\"index, follow, max-snippet:-1, max-image-preview:large, max-video-preview:-1\" \/>\n<link rel=\"canonical\" href=\"https:\/\/inti.hr\/bs\/proizvod\/barske-stolice-industrijski-dizajn-2-komada\/\" \/>\n<meta property=\"og:locale\" content=\"bs_BA\" \/>\n<meta property=\"og:type\" content=\"article\" \/>\n<meta property=\"og:title\" content=\"Barske stolice industrijski dizajn 2 komada - Inti\" \/>\n<meta property=\"og:description\" content=\"\u00a0Barska stolica, set od 2, barske stolice, kuhinjske stolice, za kuhinju, dnevni boravak, blagovaonicu, industrijski dizajn, vintage sme\u0111e-crna. Antracit sive plo\u010de, mat crni metal i a\u017eurni naslon donose novi okus u va\u0161 bar, kuhinju ili blagovaonicu. Va\u0161i gosti \u0107e obo\u017eavati industrijski dojam ovih stolica! Vrijeme je za odmor nakon dugog dana na poslu. Oslonite noge na oslonac za noge i naslonite se na blago nako\u0161en naslon s kutom nagiba od 102\u00b0 - ove barske stolice nude maksimalnu udobnost. Toliko je potrebno za sastavljanje ovog stolca iz na\u0161e kolekcije Alinru. Potrebno je samo malo vremena da svom domu dodate \u0161arm, lako\u0107u i udobnost, zar nije sjajno? Vrijeme je da obnovite snagu. Sna\u017ean \u010deli\u010dni okvir, visokokvalitetna iverica i oja\u010dane bo\u010dne \u0161ipke kombiniraju se kako bi stvorili ove stolce koji imaju snagu (130 kg nosivosti svaki) da vam slu\u017ee godinama.\u00a0\" \/>\n<meta property=\"og:url\" content=\"https:\/\/inti.hr\/bs\/proizvod\/barske-stolice-industrijski-dizajn-2-komada\/\" \/>\n<meta property=\"og:site_name\" content=\"Inti\" \/>\n<meta property=\"og:image\" content=\"https:\/\/i0.wp.com\/inti.hr\/wp-content\/uploads\/2022\/01\/LBC070B22-3.jpg?fit=800%2C1000&ssl=1\" \/>\n\t<meta property=\"og:image:width\" content=\"800\" \/>\n\t<meta property=\"og:image:height\" content=\"1000\" \/>\n\t<meta property=\"og:image:type\" content=\"image\/jpeg\" \/>\n<meta name=\"twitter:card\" content=\"summary_large_image\" \/>\n<meta name=\"twitter:label1\" content=\"Est. reading time\" \/>\n\t<meta name=\"twitter:data1\" content=\"1 minuta\" \/>\n<script type=\"application\/ld+json\" class=\"yoast-schema-graph\">{\"@context\":\"https:\/\/schema.org\",\"@graph\":[{\"@type\":\"WebPage\",\"@id\":\"https:\/\/inti.hr\/bs\/proizvod\/barske-stolice-industrijski-dizajn-2-komada\/\",\"url\":\"https:\/\/inti.hr\/bs\/proizvod\/barske-stolice-industrijski-dizajn-2-komada\/\",\"name\":\"Barske stolice industrijski dizajn 2 komada - Inti\",\"isPartOf\":{\"@id\":\"https:\/\/inti.hr\/bs\/#website\"},\"primaryImageOfPage\":{\"@id\":\"https:\/\/inti.hr\/bs\/proizvod\/barske-stolice-industrijski-dizajn-2-komada\/#primaryimage\"},\"image\":{\"@id\":\"https:\/\/inti.hr\/bs\/proizvod\/barske-stolice-industrijski-dizajn-2-komada\/#primaryimage\"},\"thumbnailUrl\":\"https:\/\/i0.wp.com\/inti.hr\/wp-content\/uploads\/2022\/01\/LBC070B22-3.jpg?fit=800%2C1000&ssl=1\",\"datePublished\":\"2022-01-03T08:12:29+00:00\",\"dateModified\":\"2022-01-03T08:12:29+00:00\",\"description\":\"\u00a0Barska stolica, set od 2, barske stolice, kuhinjske stolice, za kuhinju, dnevni boravak, blagovaonicu, industrijski dizajn, vintage sme\u0111e-crna. Antracit sive plo\u010de, mat crni metal i a\u017eurni naslon donose novi okus u va\u0161 bar, kuhinju ili blagovaonicu. Va\u0161i gosti \u0107e obo\u017eavati industrijski dojam ovih stolica! Vrijeme je za odmor nakon dugog dana na poslu. Oslonite noge na oslonac za noge i naslonite se na blago nako\u0161en naslon s kutom nagiba od 102\u00b0 - ove barske stolice nude maksimalnu udobnost. Toliko je potrebno za sastavljanje ovog stolca iz na\u0161e kolekcije Alinru. Potrebno je samo malo vremena da svom domu dodate \u0161arm, lako\u0107u i udobnost, zar nije sjajno? Vrijeme je da obnovite snagu. Sna\u017ean \u010deli\u010dni okvir, visokokvalitetna iverica i oja\u010dane bo\u010dne \u0161ipke kombiniraju se kako bi stvorili ove stolce koji imaju snagu (130 kg nosivosti svaki) da vam slu\u017ee godinama.\u00a0\",\"breadcrumb\":{\"@id\":\"https:\/\/inti.hr\/bs\/proizvod\/barske-stolice-industrijski-dizajn-2-komada\/#breadcrumb\"},\"inLanguage\":\"bs-BA\",\"potentialAction\":[{\"@type\":\"ReadAction\",\"target\":[\"https:\/\/inti.hr\/bs\/proizvod\/barske-stolice-industrijski-dizajn-2-komada\/\"]}]},{\"@type\":\"ImageObject\",\"inLanguage\":\"bs-BA\",\"@id\":\"https:\/\/inti.hr\/bs\/proizvod\/barske-stolice-industrijski-dizajn-2-komada\/#primaryimage\",\"url\":\"https:\/\/i0.wp.com\/inti.hr\/wp-content\/uploads\/2022\/01\/LBC070B22-3.jpg?fit=800%2C1000&ssl=1\",\"contentUrl\":\"https:\/\/i0.wp.com\/inti.hr\/wp-content\/uploads\/2022\/01\/LBC070B22-3.jpg?fit=800%2C1000&ssl=1\",\"width\":800,\"height\":1000,\"caption\":\"VASAGLE Industrijski dizajn barskih stolica od 2 antracit i crne boje\"},{\"@type\":\"BreadcrumbList\",\"@id\":\"https:\/\/inti.hr\/bs\/proizvod\/barske-stolice-industrijski-dizajn-2-komada\/#breadcrumb\",\"itemListElement\":[{\"@type\":\"ListItem\",\"position\":1,\"name\":\"Po\u010detna stranica\",\"item\":\"https:\/\/inti.hr\/bs\/\"},{\"@type\":\"ListItem\",\"position\":2,\"name\":\"Trgovina\",\"item\":\"https:\/\/inti.hr\/bs\/trgovina\/\"},{\"@type\":\"ListItem\",\"position\":3,\"name\":\"Barske stolice industrijski dizajn 2 komada\"}]},{\"@type\":\"WebSite\",\"@id\":\"https:\/\/inti.hr\/bs\/#website\",\"url\":\"https:\/\/inti.hr\/bs\/\",\"name\":\"Inti\",\"description\":\"trgovina\",\"potentialAction\":[{\"@type\":\"SearchAction\",\"target\":{\"@type\":\"EntryPoint\",\"urlTemplate\":\"https:\/\/inti.hr\/bs\/?s={search_term_string}\"},\"query-input\":{\"@type\":\"PropertyValueSpecification\",\"valueRequired\":true,\"valueName\":\"search_term_string\"}}],\"inLanguage\":\"bs-BA\"}]}<\/script>\n<!-- \/ Yoast SEO plugin. -->","yoast_head_json":{"title":"Barske stolice industrijski dizajn 2 komada - Inti","description":"\u00a0Barska stolica, set od 2, barske stolice, kuhinjske stolice, za kuhinju, dnevni boravak, blagovaonicu, industrijski dizajn, vintage sme\u0111e-crna. Antracit sive plo\u010de, mat crni metal i a\u017eurni naslon donose novi okus u va\u0161 bar, kuhinju ili blagovaonicu. Va\u0161i gosti \u0107e obo\u017eavati industrijski dojam ovih stolica! Vrijeme je za odmor nakon dugog dana na poslu. Oslonite noge na oslonac za noge i naslonite se na blago nako\u0161en naslon s kutom nagiba od 102\u00b0 - ove barske stolice nude maksimalnu udobnost. Toliko je potrebno za sastavljanje ovog stolca iz na\u0161e kolekcije Alinru. Potrebno je samo malo vremena da svom domu dodate \u0161arm, lako\u0107u i udobnost, zar nije sjajno? Vrijeme je da obnovite snagu. Sna\u017ean \u010deli\u010dni okvir, visokokvalitetna iverica i oja\u010dane bo\u010dne \u0161ipke kombiniraju se kako bi stvorili ove stolce koji imaju snagu (130 kg nosivosti svaki) da vam slu\u017ee godinama.\u00a0","robots":{"index":"index","follow":"follow","max-snippet":"max-snippet:-1","max-image-preview":"max-image-preview:large","max-video-preview":"max-video-preview:-1"},"canonical":"https:\/\/inti.hr\/bs\/proizvod\/barske-stolice-industrijski-dizajn-2-komada\/","og_locale":"bs_BA","og_type":"article","og_title":"Barske stolice industrijski dizajn 2 komada - Inti","og_description":"\u00a0Barska stolica, set od 2, barske stolice, kuhinjske stolice, za kuhinju, dnevni boravak, blagovaonicu, industrijski dizajn, vintage sme\u0111e-crna. Antracit sive plo\u010de, mat crni metal i a\u017eurni naslon donose novi okus u va\u0161 bar, kuhinju ili blagovaonicu. Va\u0161i gosti \u0107e obo\u017eavati industrijski dojam ovih stolica! Vrijeme je za odmor nakon dugog dana na poslu. Oslonite noge na oslonac za noge i naslonite se na blago nako\u0161en naslon s kutom nagiba od 102\u00b0 - ove barske stolice nude maksimalnu udobnost. Toliko je potrebno za sastavljanje ovog stolca iz na\u0161e kolekcije Alinru. Potrebno je samo malo vremena da svom domu dodate \u0161arm, lako\u0107u i udobnost, zar nije sjajno? Vrijeme je da obnovite snagu. Sna\u017ean \u010deli\u010dni okvir, visokokvalitetna iverica i oja\u010dane bo\u010dne \u0161ipke kombiniraju se kako bi stvorili ove stolce koji imaju snagu (130 kg nosivosti svaki) da vam slu\u017ee godinama.\u00a0","og_url":"https:\/\/inti.hr\/bs\/proizvod\/barske-stolice-industrijski-dizajn-2-komada\/","og_site_name":"Inti","og_image":[{"width":800,"height":1000,"url":"https:\/\/i0.wp.com\/inti.hr\/wp-content\/uploads\/2022\/01\/LBC070B22-3.jpg?fit=800%2C1000&ssl=1","type":"image\/jpeg"}],"twitter_card":"summary_large_image","twitter_misc":{"Est. reading time":"1 minuta"},"schema":{"@context":"https:\/\/schema.org","@graph":[{"@type":"WebPage","@id":"https:\/\/inti.hr\/bs\/proizvod\/barske-stolice-industrijski-dizajn-2-komada\/","url":"https:\/\/inti.hr\/bs\/proizvod\/barske-stolice-industrijski-dizajn-2-komada\/","name":"Barske stolice industrijski dizajn 2 komada - Inti","isPartOf":{"@id":"https:\/\/inti.hr\/bs\/#website"},"primaryImageOfPage":{"@id":"https:\/\/inti.hr\/bs\/proizvod\/barske-stolice-industrijski-dizajn-2-komada\/#primaryimage"},"image":{"@id":"https:\/\/inti.hr\/bs\/proizvod\/barske-stolice-industrijski-dizajn-2-komada\/#primaryimage"},"thumbnailUrl":"https:\/\/i0.wp.com\/inti.hr\/wp-content\/uploads\/2022\/01\/LBC070B22-3.jpg?fit=800%2C1000&ssl=1","datePublished":"2022-01-03T08:12:29+00:00","dateModified":"2022-01-03T08:12:29+00:00","description":"\u00a0Barska stolica, set od 2, barske stolice, kuhinjske stolice, za kuhinju, dnevni boravak, blagovaonicu, industrijski dizajn, vintage sme\u0111e-crna. Antracit sive plo\u010de, mat crni metal i a\u017eurni naslon donose novi okus u va\u0161 bar, kuhinju ili blagovaonicu. Va\u0161i gosti \u0107e obo\u017eavati industrijski dojam ovih stolica! Vrijeme je za odmor nakon dugog dana na poslu. Oslonite noge na oslonac za noge i naslonite se na blago nako\u0161en naslon s kutom nagiba od 102\u00b0 - ove barske stolice nude maksimalnu udobnost. Toliko je potrebno za sastavljanje ovog stolca iz na\u0161e kolekcije Alinru. Potrebno je samo malo vremena da svom domu dodate \u0161arm, lako\u0107u i udobnost, zar nije sjajno? Vrijeme je da obnovite snagu. Sna\u017ean \u010deli\u010dni okvir, visokokvalitetna iverica i oja\u010dane bo\u010dne \u0161ipke kombiniraju se kako bi stvorili ove stolce koji imaju snagu (130 kg nosivosti svaki) da vam slu\u017ee godinama.\u00a0","breadcrumb":{"@id":"https:\/\/inti.hr\/bs\/proizvod\/barske-stolice-industrijski-dizajn-2-komada\/#breadcrumb"},"inLanguage":"bs-BA","potentialAction":[{"@type":"ReadAction","target":["https:\/\/inti.hr\/bs\/proizvod\/barske-stolice-industrijski-dizajn-2-komada\/"]}]},{"@type":"ImageObject","inLanguage":"bs-BA","@id":"https:\/\/inti.hr\/bs\/proizvod\/barske-stolice-industrijski-dizajn-2-komada\/#primaryimage","url":"https:\/\/i0.wp.com\/inti.hr\/wp-content\/uploads\/2022\/01\/LBC070B22-3.jpg?fit=800%2C1000&ssl=1","contentUrl":"https:\/\/i0.wp.com\/inti.hr\/wp-content\/uploads\/2022\/01\/LBC070B22-3.jpg?fit=800%2C1000&ssl=1","width":800,"height":1000,"caption":"VASAGLE Industrijski dizajn barskih stolica od 2 antracit i crne boje"},{"@type":"BreadcrumbList","@id":"https:\/\/inti.hr\/bs\/proizvod\/barske-stolice-industrijski-dizajn-2-komada\/#breadcrumb","itemListElement":[{"@type":"ListItem","position":1,"name":"Po\u010detna stranica","item":"https:\/\/inti.hr\/bs\/"},{"@type":"ListItem","position":2,"name":"Trgovina","item":"https:\/\/inti.hr\/bs\/trgovina\/"},{"@type":"ListItem","position":3,"name":"Barske stolice industrijski dizajn 2 komada"}]},{"@type":"WebSite","@id":"https:\/\/inti.hr\/bs\/#website","url":"https:\/\/inti.hr\/bs\/","name":"Inti","description":"trgovina","potentialAction":[{"@type":"SearchAction","target":{"@type":"EntryPoint","urlTemplate":"https:\/\/inti.hr\/bs\/?s={search_term_string}"},"query-input":{"@type":"PropertyValueSpecification","valueRequired":true,"valueName":"search_term_string"}}],"inLanguage":"bs-BA"}]}},"jetpack_sharing_enabled":true,"jetpack-related-posts":[],"_links":{"self":[{"href":"https:\/\/inti.hr\/bs\/wp-json\/wp\/v2\/product\/36987"}],"collection":[{"href":"https:\/\/inti.hr\/bs\/wp-json\/wp\/v2\/product"}],"about":[{"href":"https:\/\/inti.hr\/bs\/wp-json\/wp\/v2\/types\/product"}],"wp:featuredmedia":[{"embeddable":true,"href":"https:\/\/inti.hr\/bs\/wp-json\/wp\/v2\/media\/36989"}],"wp:attachment":[{"href":"https:\/\/inti.hr\/bs\/wp-json\/wp\/v2\/media?parent=36987"}],"wp:term":[{"taxonomy":"product_cat","embeddable":true,"href":"https:\/\/inti.hr\/bs\/wp-json\/wp\/v2\/product_cat?post=36987"},{"taxonomy":"product_tag","embeddable":true,"href":"https:\/\/inti.hr\/bs\/wp-json\/wp\/v2\/product_tag?post=36987"}],"curies":[{"name":"wp","href":"https:\/\/api.w.org\/{rel}","templated":true}]}}